{"id":4877,"date":"2016-09-15T13:40:11","date_gmt":"2016-09-15T13:40:11","guid":{"rendered":"https:\/\/www.apen.es\/?page_id=4877"},"modified":"2025-03-31T06:50:15","modified_gmt":"2025-03-31T06:50:15","slug":"manteniment-ordinadors-sant-cugat","status":"publish","type":"page","link":"https:\/\/www.apen.es\/ca\/mantenimiento-informatico\/mantenimiento-ordenadores-sant-cugat\/","title":{"rendered":"Manteniment ordinadors Sant Cugat"},"content":{"rendered":"<p>La nostra empresa d&#039;inform\u00e0tica est\u00e0 especialitzada en el manteniment d&#039;ordinadors a empreses de tota l&#039;\u00e0rea de Barcelona, amb forta pres\u00e8ncia a la ciutat com Sabadell, Sant Cugat, Granollers o Mollet.<\/p>\n\n\n\n<h2 class=\"wp-block-heading\"><strong>5 grans \u00e0rees d\u00b4actuaci\u00f3 d\u00b4APEN<\/strong><\/h2>\n\n\n\n<p>Hi ha quatre serveis principals de gran demanda i que oferim des de fa d\u00e8cades a la nostra empresa d&#039;inform\u00e0tica i de manteniment d&#039;ordinadors. Els quatre serveis ben diferenciats serien:<\/p>\n\n\n\n<ul class=\"wp-block-list\">\n<li><strong>Manteniment d&#039;ordinadors<\/strong>: Consisteix a millorar l&#039;efici\u00e8ncia i optimitzar un ordinador de treball, depurant i eliminant fitxers nocius o defectuosos a l&#039;ordinador, analitzant i detectant components del maquinari danyats o obsolets i substituir per un component idoni, eliminar virus, spyware o malware.<\/li>\n\n\n\n<li><strong>Seguretat inform\u00e0tica<\/strong>: Consisteix en la detecci\u00f3 i esc\u00e0ner de virus inform\u00e0tics com s\u00f3n els troians i procedir a la seva eliminaci\u00f3. Configurar i implementar un sistema d&#039;emmagatzematge de dades per a m\u00e9s tranquil\u00b7litat i disposar d&#039;una c\u00f2pia de seguretat, i en la instal\u00b7laci\u00f3 i configuraci\u00f3 del programari antivirus que millor s&#039;adapti a les vostres necessitats.<\/li>\n\n\n\n<li><strong>Manteniment inform\u00e0tic<\/strong>: Consisteix a mantenir, configurar i instal\u00b7lar la xarxa inform\u00e0tica que millor s&#039;adapti al funcionament empresarial. Manteniment i configuraci\u00f3 de les c\u00f2pies de seguretat, els servidors, impressores, fax, centraletes telef\u00f2niques\u2026. Tot aix\u00f2 entraria en aquesta \u00e0rea.<\/li>\n\n\n\n<li><strong>Programari de gesti\u00f3 a3ERP<\/strong>: Una de les nostres principals missions \u00e9s oferir i dotar les empreses d&#039;aquelles eines que millorin exponencialment la seva productivitat. Amb programari de gesti\u00f3 amb l&#039;a3ERP la vostra empresa podr\u00e0 executar, analitzar i gestionar tasques d&#039;una manera eficient, racional, programada i intel\u00b7ligent.<\/li>\n\n\n\n<li><strong>Solucions d&#039;impressi\u00f3<\/strong>: Oferim r\u00e8nting d&#039;impressores assegurant l&#039;estalvi intel\u00b7ligent en tot all\u00f2 relacionat amb la impressi\u00f3: Estalviar\u00e0 en cartutxos de tinta, en impressores i en el seu manteniment.<\/li>\n<\/ul>\n\n\n\n<h3 class=\"wp-block-heading\"><strong>Assist\u00e8ncia en manteniment d&#039;ordinadors a Sant Cugat<\/strong><\/h3>\n\n\n\n<p>Oferim un manteniment inform\u00e0tic presencial a la mateixa ciutat de Sant Cugat ia tota la prov\u00edncia de Barcelona. Estem ubicats a Granollers, a menys de 15 minuts de Sant Cugat. Apen representa una gran soluci\u00f3 a aquelles empreses que requereixin un servei d&#039;assist\u00e8ncia a urg\u00e8ncies durant tots els dies de la setmana i durant tot l&#039;any.<\/p>\n\n\n\n<h3 class=\"wp-block-heading\"><strong>Una tarifa escalada al teu servei de manteniment inform\u00e0tic<\/strong><\/h3>\n\n\n\n<p>Disposem de tarifes molt econ\u00f2miques, tarifes que van des dels 10\u20ac\/mes per cada ordinador que vost\u00e8 disposi a la seva empresa, comptant amb tot el suport, cobertura i assist\u00e8ncia que vost\u00e8 necessiti. La seva tranquil\u00b7litat \u00e9s la nostra missi\u00f3, i per aix\u00f2 disposem dels millors enginyers i professionals amb alta titulaci\u00f3, la nostra millor garantia.<\/p>","protected":false},"excerpt":{"rendered":"<p>Nuestra empresa de inform\u00e1tica, est\u00e1 especializada en el mantenimiento de ordenadores en empresas de toda el \u00e1rea de Barcelona, con fuerte presencia en ciudad como Sabadell, Sant Cugat, Granollers o Mollet. 5 grandes \u00e1reas de actuaci\u00f3n de APEN Existen cuatro servicios principales de gran demanda y que ofrecemos des hace d\u00e9cadas en nuestra empresa de&#8230;<\/p>","protected":false},"author":4,"featured_media":0,"parent":1357,"menu_order":0,"comment_status":"closed","ping_status":"closed","template":"page-servicio-informatico.php","meta":{"_acf_changed":false,"_kad_blocks_custom_css":"","_kad_blocks_head_custom_js":"","_kad_blocks_body_custom_js":"","_kad_blocks_footer_custom_js":"","_kad_post_transparent":"","_kad_post_title":"","_kad_post_layout":"","_kad_post_sidebar_id":"","_kad_post_content_style":"","_kad_post_vertical_padding":"","_kad_post_feature":"","_kad_post_feature_position":"","_kad_post_header":false,"_kad_post_footer":false,"_kad_post_classname":"","footnotes":""},"class_list":["post-4877","page","type-page","status-publish","hentry"],"acf":[],"yoast_head":"<!-- This site is optimized with the Yoast SEO plugin v27.4 - https:\/\/yoast.com\/product\/yoast-seo-wordpress\/ -->\n<title>Mantenimiento ordenadores Sant Cugat - Apen Inform\u00e1tica<\/title>\n<meta name=\"description\" content=\"Empresa de inform\u00e1tica en Sant Cugat. Mantenimiento de ordenadores de tu empresa: ordenadores, impresoras, programas... Conf\u00eda en Apen.\" \/>\n<meta name=\"robots\" content=\"index, follow, max-snippet:-1, max-image-preview:large, max-video-preview:-1\" \/>\n<link rel=\"canonical\" href=\"https:\/\/www.apen.es\/ca\/manteniment-informatic\/manteniment-ordinadors-sant-cugat\/\" \/>\n<meta property=\"og:locale\" content=\"ca_ES\" \/>\n<meta property=\"og:type\" content=\"article\" \/>\n<meta property=\"og:title\" content=\"Mantenimiento ordenadores Sant Cugat - Apen Inform\u00e1tica\" \/>\n<meta property=\"og:description\" content=\"Empresa de inform\u00e1tica en Sant Cugat. Mantenimiento de ordenadores de tu empresa: ordenadores, impresoras, programas... Conf\u00eda en Apen.\" \/>\n<meta property=\"og:url\" content=\"https:\/\/www.apen.es\/ca\/manteniment-informatic\/manteniment-ordinadors-sant-cugat\/\" \/>\n<meta property=\"og:site_name\" content=\"Apen Inform\u00e1tica\" \/>\n<meta property=\"article:publisher\" content=\"https:\/\/www.facebook.com\/apensolucions\" \/>\n<meta property=\"article:modified_time\" content=\"2025-03-31T06:50:15+00:00\" \/>\n<meta property=\"og:image\" content=\"https:\/\/www.apen.es\/wp-content\/uploads\/2016\/05\/logo-apen-231x82-trasparent.png\" \/>\n\t<meta property=\"og:image:width\" content=\"231\" \/>\n\t<meta property=\"og:image:height\" content=\"82\" \/>\n\t<meta property=\"og:image:type\" content=\"image\/png\" \/>\n<meta name=\"twitter:card\" content=\"summary_large_image\" \/>\n<meta name=\"twitter:label1\" content=\"Temps estimat de lectura\" \/>\n\t<meta name=\"twitter:data1\" content=\"9 minuts\" \/>\n<script type=\"application\/ld+json\" class=\"yoast-schema-graph\">{\"@context\":\"https:\\\/\\\/schema.org\",\"@graph\":[{\"@type\":\"WebPage\",\"@id\":\"https:\\\/\\\/www.apen.es\\\/mantenimiento-informatico\\\/mantenimiento-ordenadores-sant-cugat\\\/\",\"url\":\"https:\\\/\\\/www.apen.es\\\/mantenimiento-informatico\\\/mantenimiento-ordenadores-sant-cugat\\\/\",\"name\":\"Mantenimiento ordenadores Sant Cugat - Apen Inform\u00e1tica\",\"isPartOf\":{\"@id\":\"https:\\\/\\\/www.apen.es\\\/#website\"},\"datePublished\":\"2016-09-15T13:40:11+00:00\",\"dateModified\":\"2025-03-31T06:50:15+00:00\",\"description\":\"Empresa de inform\u00e1tica en Sant Cugat. Mantenimiento de ordenadores de tu empresa: ordenadores, impresoras, programas... Conf\u00eda en Apen.\",\"breadcrumb\":{\"@id\":\"https:\\\/\\\/www.apen.es\\\/mantenimiento-informatico\\\/mantenimiento-ordenadores-sant-cugat\\\/#breadcrumb\"},\"inLanguage\":\"ca\",\"potentialAction\":[{\"@type\":\"ReadAction\",\"target\":[\"https:\\\/\\\/www.apen.es\\\/mantenimiento-informatico\\\/mantenimiento-ordenadores-sant-cugat\\\/\"]}]},{\"@type\":\"BreadcrumbList\",\"@id\":\"https:\\\/\\\/www.apen.es\\\/mantenimiento-informatico\\\/mantenimiento-ordenadores-sant-cugat\\\/#breadcrumb\",\"itemListElement\":[{\"@type\":\"ListItem\",\"position\":1,\"name\":\"Portada\",\"item\":\"https:\\\/\\\/www.apen.es\\\/\"},{\"@type\":\"ListItem\",\"position\":2,\"name\":\"Mantenimiento inform\u00e1tico\",\"item\":\"https:\\\/\\\/www.apen.es\\\/mantenimiento-informatico\\\/\"},{\"@type\":\"ListItem\",\"position\":3,\"name\":\"Mantenimiento ordenadores Sant Cugat\"}]},{\"@type\":\"WebSite\",\"@id\":\"https:\\\/\\\/www.apen.es\\\/#website\",\"url\":\"https:\\\/\\\/www.apen.es\\\/\",\"name\":\"Apen Inform\u00e1tica\",\"description\":\"Mantenimiento Inform\u00e1tico , Software de Gesti\u00f3n, Soluciones de impresi\u00f3n\",\"publisher\":{\"@id\":\"https:\\\/\\\/www.apen.es\\\/#organization\"},\"potentialAction\":[{\"@type\":\"SearchAction\",\"target\":{\"@type\":\"EntryPoint\",\"urlTemplate\":\"https:\\\/\\\/www.apen.es\\\/?s={search_term_string}\"},\"query-input\":{\"@type\":\"PropertyValueSpecification\",\"valueRequired\":true,\"valueName\":\"search_term_string\"}}],\"inLanguage\":\"ca\"},{\"@type\":\"Organization\",\"@id\":\"https:\\\/\\\/www.apen.es\\\/#organization\",\"name\":\"Apen: Soluciones inform\u00e1ticas\",\"url\":\"https:\\\/\\\/www.apen.es\\\/\",\"logo\":{\"@type\":\"ImageObject\",\"inLanguage\":\"ca\",\"@id\":\"https:\\\/\\\/www.apen.es\\\/#\\\/schema\\\/logo\\\/image\\\/\",\"url\":\"https:\\\/\\\/www.apen.es\\\/wp-content\\\/uploads\\\/2022\\\/08\\\/logo-apenok-231x82-1.png\",\"contentUrl\":\"https:\\\/\\\/www.apen.es\\\/wp-content\\\/uploads\\\/2022\\\/08\\\/logo-apenok-231x82-1.png\",\"width\":231,\"height\":82,\"caption\":\"Apen: Soluciones inform\u00e1ticas\"},\"image\":{\"@id\":\"https:\\\/\\\/www.apen.es\\\/#\\\/schema\\\/logo\\\/image\\\/\"},\"sameAs\":[\"https:\\\/\\\/www.facebook.com\\\/apensolucions\",\"https:\\\/\\\/www.youtube.com\\\/user\\\/ApenCentreInformatic\",\"https:\\\/\\\/www.linkedin.com\\\/company\\\/1021771?trk=tyah&trkInfo=clickedVerticalcompanyclickedEntityId1021771idx2-1-2tarId1464195271196tasapenin\"]}]}<\/script>\n<!-- \/ Yoast SEO plugin. -->","yoast_head_json":{"title":"Manteniment ordinadors Sant Cugat - Apen Inform\u00e0tica","description":"Empresa d&#039;inform\u00e0tica a Sant Cugat. Manteniment d&#039;ordinadors de la teva empresa: ordinadors, impressores, programes... Confia a Apen.","robots":{"index":"index","follow":"follow","max-snippet":"max-snippet:-1","max-image-preview":"max-image-preview:large","max-video-preview":"max-video-preview:-1"},"canonical":"https:\/\/www.apen.es\/ca\/manteniment-informatic\/manteniment-ordinadors-sant-cugat\/","og_locale":"ca_ES","og_type":"article","og_title":"Mantenimiento ordenadores Sant Cugat - Apen Inform\u00e1tica","og_description":"Empresa de inform\u00e1tica en Sant Cugat. Mantenimiento de ordenadores de tu empresa: ordenadores, impresoras, programas... Conf\u00eda en Apen.","og_url":"https:\/\/www.apen.es\/ca\/manteniment-informatic\/manteniment-ordinadors-sant-cugat\/","og_site_name":"Apen Inform\u00e1tica","article_publisher":"https:\/\/www.facebook.com\/apensolucions","article_modified_time":"2025-03-31T06:50:15+00:00","og_image":[{"width":231,"height":82,"url":"https:\/\/www.apen.es\/wp-content\/uploads\/2016\/05\/logo-apen-231x82-trasparent.png","type":"image\/png"}],"twitter_card":"summary_large_image","twitter_misc":{"Temps estimat de lectura":"9 minuts"},"schema":{"@context":"https:\/\/schema.org","@graph":[{"@type":"WebPage","@id":"https:\/\/www.apen.es\/mantenimiento-informatico\/mantenimiento-ordenadores-sant-cugat\/","url":"https:\/\/www.apen.es\/mantenimiento-informatico\/mantenimiento-ordenadores-sant-cugat\/","name":"Manteniment ordinadors Sant Cugat - Apen Inform\u00e0tica","isPartOf":{"@id":"https:\/\/www.apen.es\/#website"},"datePublished":"2016-09-15T13:40:11+00:00","dateModified":"2025-03-31T06:50:15+00:00","description":"Empresa d&#039;inform\u00e0tica a Sant Cugat. Manteniment d&#039;ordinadors de la teva empresa: ordinadors, impressores, programes... Confia a Apen.","breadcrumb":{"@id":"https:\/\/www.apen.es\/mantenimiento-informatico\/mantenimiento-ordenadores-sant-cugat\/#breadcrumb"},"inLanguage":"ca","potentialAction":[{"@type":"ReadAction","target":["https:\/\/www.apen.es\/mantenimiento-informatico\/mantenimiento-ordenadores-sant-cugat\/"]}]},{"@type":"BreadcrumbList","@id":"https:\/\/www.apen.es\/mantenimiento-informatico\/mantenimiento-ordenadores-sant-cugat\/#breadcrumb","itemListElement":[{"@type":"ListItem","position":1,"name":"Portada","item":"https:\/\/www.apen.es\/"},{"@type":"ListItem","position":2,"name":"Mantenimiento inform\u00e1tico","item":"https:\/\/www.apen.es\/mantenimiento-informatico\/"},{"@type":"ListItem","position":3,"name":"Mantenimiento ordenadores Sant Cugat"}]},{"@type":"WebSite","@id":"https:\/\/www.apen.es\/#website","url":"https:\/\/www.apen.es\/","name":"Apen Inform\u00e0tica","description":"Manteniment inform\u00e0tic , programari de gesti\u00f3, solucions d&#039;impressi\u00f3","publisher":{"@id":"https:\/\/www.apen.es\/#organization"},"potentialAction":[{"@type":"SearchAction","target":{"@type":"EntryPoint","urlTemplate":"https:\/\/www.apen.es\/?s={search_term_string}"},"query-input":{"@type":"PropertyValueSpecification","valueRequired":true,"valueName":"search_term_string"}}],"inLanguage":"ca"},{"@type":"Organization","@id":"https:\/\/www.apen.es\/#organization","name":"Apen: Solucions inform\u00e0tiques","url":"https:\/\/www.apen.es\/","logo":{"@type":"ImageObject","inLanguage":"ca","@id":"https:\/\/www.apen.es\/#\/schema\/logo\/image\/","url":"https:\/\/www.apen.es\/wp-content\/uploads\/2022\/08\/logo-apenok-231x82-1.png","contentUrl":"https:\/\/www.apen.es\/wp-content\/uploads\/2022\/08\/logo-apenok-231x82-1.png","width":231,"height":82,"caption":"Apen: Soluciones inform\u00e1ticas"},"image":{"@id":"https:\/\/www.apen.es\/#\/schema\/logo\/image\/"},"sameAs":["https:\/\/www.facebook.com\/apensolucions","https:\/\/www.youtube.com\/user\/ApenCentreInformatic","https:\/\/www.linkedin.com\/company\/1021771?trk=tyah&trkInfo=clickedVerticalcompanyclickedEntityId1021771idx2-1-2tarId1464195271196tasapenin"]}]}},"taxonomy_info":[],"featured_image_src_large":false,"author_info":{"display_name":"marqueting","author_link":"https:\/\/www.apen.es\/ca\/blog\/author\/marqueting\/"},"comment_info":0,"_links":{"self":[{"href":"https:\/\/www.apen.es\/ca\/wp-json\/wp\/v2\/pages\/4877","targetHints":{"allow":["GET"]}}],"collection":[{"href":"https:\/\/www.apen.es\/ca\/wp-json\/wp\/v2\/pages"}],"about":[{"href":"https:\/\/www.apen.es\/ca\/wp-json\/wp\/v2\/types\/page"}],"author":[{"embeddable":true,"href":"https:\/\/www.apen.es\/ca\/wp-json\/wp\/v2\/users\/4"}],"replies":[{"embeddable":true,"href":"https:\/\/www.apen.es\/ca\/wp-json\/wp\/v2\/comments?post=4877"}],"version-history":[{"count":4,"href":"https:\/\/www.apen.es\/ca\/wp-json\/wp\/v2\/pages\/4877\/revisions"}],"predecessor-version":[{"id":54531,"href":"https:\/\/www.apen.es\/ca\/wp-json\/wp\/v2\/pages\/4877\/revisions\/54531"}],"up":[{"embeddable":true,"href":"https:\/\/www.apen.es\/ca\/wp-json\/wp\/v2\/pages\/1357"}],"wp:attachment":[{"href":"https:\/\/www.apen.es\/ca\/wp-json\/wp\/v2\/media?parent=4877"}],"curies":[{"name":"wp","href":"https:\/\/api.w.org\/{rel}","templated":true}]}}