{"id":4874,"date":"2016-09-15T13:37:57","date_gmt":"2016-09-15T13:37:57","guid":{"rendered":"https:\/\/www.apen.es\/?page_id=4874"},"modified":"2025-03-24T09:54:17","modified_gmt":"2025-03-24T09:54:17","slug":"manteniment-ordinadors-sabadell","status":"publish","type":"page","link":"https:\/\/www.apen.es\/ca\/manteniment-informatic\/manteniment-ordinadors-sabadell\/","title":{"rendered":"Manteniment ordinadors Sabadell"},"content":{"rendered":"<p>Des de l&#039;empresa de serveis inform\u00e0tics APEN, estem especialitzats en tres grans \u00e0rees: Solucions d&#039;impressi\u00f3, implantaci\u00f3 de programaris de gesti\u00f3 (a3ERP) i al&nbsp;<strong>manteniment inform\u00e0tic<\/strong>&nbsp;per a tota mena d&#039;empreses.<\/p>\n\n\n\n<p>El nostre servei \u00e9s una soluci\u00f3 integral per a totes aquelles empreses que vulguin dipositar la vostra confian\u00e7a en una empresa d&#039;inform\u00e0tica amb m\u00e9s de 25 anys d&#039;experi\u00e8ncia en el manteniment d&#039;ordinadors, servidors i sistemes inform\u00e0tics d&#039;empreses ubicades a tota la prov\u00edncia de Barcelona.<\/p>\n\n\n\n<p>La nostra empresa es dedica al manteniment d&#039;ordinadors o al manteniment de xarxes inform\u00e0tiques a empreses de la prov\u00edncia de Barcelona, tamb\u00e9 a Sabadell des de fa m\u00e9s de 25 anys.<\/p>\n\n\n\n<p>Disposem d&#039;una plantilla totalment professional al camp del manteniment d&#039;ordinadors, al camp de la seguretat inform\u00e0tica ia la instal\u00b7laci\u00f3, consultoria i configuraci\u00f3 de programes de gesti\u00f3 (softwares CRM, de comptabilitat, de gesti\u00f3 i de fiscalitat).<\/p>\n\n\n\n<p>Si la vostra empresa t\u00e9 algun problema en algun dels vostres ordinadors, des d&#039;APEN, podem oferir-vos uns ordinadors de substituci\u00f3 si hem de reparar o restaurar els ordinadors danyats. Tamb\u00e9 oferim plans de prevenci\u00f3, amb hores mensuals a la seva pr\u00f2pia oficina i tot el suport i consultoria, per garantir el bon funcionament dels seus ordinadors: Optimitzar-ne l&#039;efici\u00e8ncia, depurar arxius danyats, fer c\u00f2pies de seguretat, instal\u00b7lar i configurar programes d&#039;ofim\u00e0tica, instal\u00b7lar programes antivirus, configurar i instal\u00b7lar ordinadors en xarxa, manteniment de servidors\u2026<\/p>\n\n\n\n<h3 class=\"wp-block-heading\"><strong>La inform\u00e0tica a l&#039;empresa: L&#039;ordinador, un eix central<\/strong><\/h3>\n\n\n\n<p>Cada vegada s\u00f3n m\u00e9s les empreses de Sabadell que confien en APEN. Empreses de qualsevol sector (sobretot, empreses de serveis) que aposten per contractar APEN i tenir la seguretat permanent, de l&#039;efici\u00e8ncia de la vostra empresa. Si no disposem d\u201fun bon manteniment d\u201fordinadors o inform\u00e0tic general (impressores, servidors, xarxa\u2026) podem entorpir la productivitat de l\u201fempresa. \u00c9s primordial que un ordinador executi les tasques en el menor temps possible, disposar dels programes adequats per a cada tasca que pretenguem fer i disposar de c\u00f2pies de seguretat ja sigui en un disc dur local o en l\u00ednia de tota la informaci\u00f3 essencial de l&#039;empresa.<\/p>\n\n\n\n<h3 class=\"wp-block-heading\"><strong>La comanda d&#039;informaci\u00f3 dels ordinadors<\/strong><\/h3>\n\n\n\n<p>Una de les complicacions m\u00e9s grans que pot tenir una empresa, \u00e9s la p\u00e8rdua d&#039;informaci\u00f3. No nom\u00e9s perdem informaci\u00f3 que potser mai no podem recuperar, sin\u00f3 que alenteix la nostra metodologia de treball, ja que haurem d&#039;instal\u00b7lar i configurar un ordinador, traspassar informaci\u00f3 o tornar-la a aconseguir. Per aix\u00f2, \u00e9s essencial que tota empresa tingui un manteniment d&#039;ordinadors professional. A APEN som especialistes en el manteniment inform\u00e0tic de les empreses i tenim gran pres\u00e8ncia a Sabadell.<\/p>\n\n\n\n<h3 class=\"wp-block-heading\"><strong>M\u00e9s enll\u00e0 del manteniment inform\u00e0tic<\/strong><\/h3>\n\n\n\n<p>A APEN no nom\u00e9s ens dediquem al manteniment inform\u00e0tic a les empreses de la prov\u00edncia de Barcelona. Som especialistes en assessorar i oferir solucions tecnol\u00f2giques que van m\u00e9s enll\u00e0 del manteniment d&#039;ordinadors: Centraletes virtuals, impressores amb preu per c\u00f2pia (d&#039;aquesta manera les empreses nom\u00e9s paguen pel que imprimeixen i s&#039;asseguren de disposar d&#039;impressores i tinta permanentment, similar a un r\u00e8nting d&#039;impressores\u2026), formaci\u00f3 i instal\u00b7laci\u00f3 de programaris de gesti\u00f3<\/p>\n\n\n\n<h3 class=\"wp-block-heading\">Els problemes m\u00e9s habituals a les empreses amb equips inform\u00e0tics<\/h3>\n\n\n\n<p>Quan parlem dels problemes m\u00e9s comuns pels quals una empresa pot necessitar els nostres serveis de&nbsp;<strong>manteniment d&#039;ordinadors a Sabadell<\/strong>, el primer que li ve a la gent al capdavant \u00e9s una fallada greu en alguna de les peces, per\u00f2 el cert \u00e9s que no \u00e9s aix\u00ed, ja que el problema m\u00e9s com\u00fa \u00e9s la manca d&#039;actualitzaci\u00f3 dels ordinadors, ja que els sistemes operatius van evolucionant i constantment treuen noves actualitzacions que \u00e9s molt important que es realitzin, ja que totes elles estan pensades amb l&#039;objectiu de millorar el servei, exposant moltes m\u00e9s problemes, com per exemple que entre un virus inform\u00e0tic.<\/p>\n\n\n\n<p>Els virus inform\u00e0tics sens dubte s\u00f3n una altra de les grans raons per les quals les empreses busquen el nostre servei de&nbsp;<strong>manteniment d&#039;ordinadors a Sabadell<\/strong>, encara que moltes vegades podem tenir un virus i no adonar-nos fins que passa molt de temps, quan ja \u00e9s massa tard i potser alg\u00fa ha aconseguit tota la informaci\u00f3 dels equips, entre la qual es pot trobar dades de clients, per la qual cosa podria convertir-se en un problema molt greu, aix\u00ed que el millor \u00e9s tenir una empresa com la nostra a la vostra disposici\u00f3, que s&#039;assegurin que no hi entra cap virus i en cas d&#039;entrar-hi.<\/p>\n\n\n\n<p>Les dades dels clients s\u00f3n molt importants per a les empreses, ja que s\u00f3n confidencials, per\u00f2 no nom\u00e9s hem de procurar que no ens les robin, sin\u00f3 que tamb\u00e9 \u00e9s molt important intentar que no es perdin les dades, ja que tamb\u00e9 \u00e9s for\u00e7a com\u00fa en llaunes PIME, per aquesta ra\u00f3 \u00e9s molt important prendre consci\u00e8ncia de la necessitat que existeix avui dia de tenir una c\u00f2pia de seguretat que s&#039;actualitzi constantment, en la constant la vostra empresa tingueu un bon&nbsp;<strong>manteniment dels<\/strong>&nbsp;<strong>ordinadors a Sabadell<\/strong>, \u00e9s possible que alguna pe\u00e7a falli en algun moment inesperat i que totes les dades s&#039;esborrin i es perdin.<\/p>\n\n\n\n<p>Com ja sabeu a la nostra empresa Apen, portem molts anys oferint serveis relacionats amb la inform\u00e0tica, entre els quals es troba el&nbsp;<strong>manteniment<\/strong>&nbsp;<strong>inform\u00e0tic a Sabadell<\/strong>, pel que coneixem a la perfecci\u00f3 quins s\u00f3n els principals problemes i per tant les maneres d&#039;evitar que passi o de solucionar-ho. Aix\u00ed que si voleu comen\u00e7ar a comptar amb els nostres serveis a la nostra empresa, no dubteu a posar-vos en contacte amb nosaltres, ja que estarem encantats de poder-vos ajudar en tot all\u00f2 que calgui.<\/p>","protected":false},"excerpt":{"rendered":"<p>Des de l&#039;empresa de serveis inform\u00e0tics APEN, estem especialitzats en tres grans \u00e0rees: Solucions d&#039;impressi\u00f3, implantaci\u00f3 de programaris de gesti\u00f3 (a3ERP) i manteniment inform\u00e0tic per a tot tipus d&#039;empreses. El nostre servei \u00e9s una soluci\u00f3 integral per a totes aquelles empreses que vulguin dipositar la seva confian\u00e7a en una empresa d&#039;inform\u00e0tica amb m\u00e9s de 25 anys\u2026<\/p>","protected":false},"author":4,"featured_media":0,"parent":1357,"menu_order":0,"comment_status":"closed","ping_status":"closed","template":"page-servicio-informatico.php","meta":{"_acf_changed":false,"_kad_blocks_custom_css":"","_kad_blocks_head_custom_js":"","_kad_blocks_body_custom_js":"","_kad_blocks_footer_custom_js":"","_kad_post_transparent":"","_kad_post_title":"","_kad_post_layout":"","_kad_post_sidebar_id":"","_kad_post_content_style":"","_kad_post_vertical_padding":"","_kad_post_feature":"","_kad_post_feature_position":"","_kad_post_header":false,"_kad_post_footer":false,"_kad_post_classname":"","footnotes":""},"class_list":["post-4874","page","type-page","status-publish","hentry"],"acf":[],"yoast_head":"<!-- This site is optimized with the Yoast SEO plugin v27.4 - https:\/\/yoast.com\/product\/yoast-seo-wordpress\/ -->\n<title>Mantenimiento ordenadores Sabadell - Apen Inform\u00e1tica<\/title>\n<meta name=\"description\" content=\"Empresa de inform\u00e1tica en Sabadell. Mantenimiento de ordenadores de tu empresa: ordenadores, impresoras, programas... Ofrecemos un servicio integral.\" \/>\n<meta name=\"robots\" content=\"index, follow, max-snippet:-1, max-image-preview:large, max-video-preview:-1\" \/>\n<link rel=\"canonical\" href=\"https:\/\/www.apen.es\/ca\/manteniment-informatic\/manteniment-ordinadors-sabadell\/\" \/>\n<meta property=\"og:locale\" content=\"ca_ES\" \/>\n<meta property=\"og:type\" content=\"article\" \/>\n<meta property=\"og:title\" content=\"Mantenimiento ordenadores Sabadell - Apen Inform\u00e1tica\" \/>\n<meta property=\"og:description\" content=\"Empresa de inform\u00e1tica en Sabadell. Mantenimiento de ordenadores de tu empresa: ordenadores, impresoras, programas... Ofrecemos un servicio integral.\" \/>\n<meta property=\"og:url\" content=\"https:\/\/www.apen.es\/ca\/manteniment-informatic\/manteniment-ordinadors-sabadell\/\" \/>\n<meta property=\"og:site_name\" content=\"Apen Inform\u00e1tica\" \/>\n<meta property=\"article:publisher\" content=\"https:\/\/www.facebook.com\/apensolucions\" \/>\n<meta property=\"article:modified_time\" content=\"2025-03-24T09:54:17+00:00\" \/>\n<meta property=\"og:image\" content=\"https:\/\/www.apen.es\/wp-content\/uploads\/2016\/05\/logo-apen-231x82-trasparent.png\" \/>\n\t<meta property=\"og:image:width\" content=\"231\" \/>\n\t<meta property=\"og:image:height\" content=\"82\" \/>\n\t<meta property=\"og:image:type\" content=\"image\/png\" \/>\n<meta name=\"twitter:card\" content=\"summary_large_image\" \/>\n<meta name=\"twitter:label1\" content=\"Temps estimat de lectura\" \/>\n\t<meta name=\"twitter:data1\" content=\"14 minuts\" \/>\n<script type=\"application\/ld+json\" class=\"yoast-schema-graph\">{\"@context\":\"https:\\\/\\\/schema.org\",\"@graph\":[{\"@type\":\"WebPage\",\"@id\":\"https:\\\/\\\/www.apen.es\\\/mantenimiento-informatico\\\/mantenimiento-ordenadores-sabadell\\\/\",\"url\":\"https:\\\/\\\/www.apen.es\\\/mantenimiento-informatico\\\/mantenimiento-ordenadores-sabadell\\\/\",\"name\":\"Mantenimiento ordenadores Sabadell - Apen Inform\u00e1tica\",\"isPartOf\":{\"@id\":\"https:\\\/\\\/www.apen.es\\\/#website\"},\"datePublished\":\"2016-09-15T13:37:57+00:00\",\"dateModified\":\"2025-03-24T09:54:17+00:00\",\"description\":\"Empresa de inform\u00e1tica en Sabadell. Mantenimiento de ordenadores de tu empresa: ordenadores, impresoras, programas... Ofrecemos un servicio integral.\",\"breadcrumb\":{\"@id\":\"https:\\\/\\\/www.apen.es\\\/mantenimiento-informatico\\\/mantenimiento-ordenadores-sabadell\\\/#breadcrumb\"},\"inLanguage\":\"ca\",\"potentialAction\":[{\"@type\":\"ReadAction\",\"target\":[\"https:\\\/\\\/www.apen.es\\\/mantenimiento-informatico\\\/mantenimiento-ordenadores-sabadell\\\/\"]}]},{\"@type\":\"BreadcrumbList\",\"@id\":\"https:\\\/\\\/www.apen.es\\\/mantenimiento-informatico\\\/mantenimiento-ordenadores-sabadell\\\/#breadcrumb\",\"itemListElement\":[{\"@type\":\"ListItem\",\"position\":1,\"name\":\"Portada\",\"item\":\"https:\\\/\\\/www.apen.es\\\/\"},{\"@type\":\"ListItem\",\"position\":2,\"name\":\"Mantenimiento inform\u00e1tico\",\"item\":\"https:\\\/\\\/www.apen.es\\\/mantenimiento-informatico\\\/\"},{\"@type\":\"ListItem\",\"position\":3,\"name\":\"Mantenimiento ordenadores Sabadell\"}]},{\"@type\":\"WebSite\",\"@id\":\"https:\\\/\\\/www.apen.es\\\/#website\",\"url\":\"https:\\\/\\\/www.apen.es\\\/\",\"name\":\"Apen Inform\u00e1tica\",\"description\":\"Mantenimiento Inform\u00e1tico , Software de Gesti\u00f3n, Soluciones de impresi\u00f3n\",\"publisher\":{\"@id\":\"https:\\\/\\\/www.apen.es\\\/#organization\"},\"potentialAction\":[{\"@type\":\"SearchAction\",\"target\":{\"@type\":\"EntryPoint\",\"urlTemplate\":\"https:\\\/\\\/www.apen.es\\\/?s={search_term_string}\"},\"query-input\":{\"@type\":\"PropertyValueSpecification\",\"valueRequired\":true,\"valueName\":\"search_term_string\"}}],\"inLanguage\":\"ca\"},{\"@type\":\"Organization\",\"@id\":\"https:\\\/\\\/www.apen.es\\\/#organization\",\"name\":\"Apen: Soluciones inform\u00e1ticas\",\"url\":\"https:\\\/\\\/www.apen.es\\\/\",\"logo\":{\"@type\":\"ImageObject\",\"inLanguage\":\"ca\",\"@id\":\"https:\\\/\\\/www.apen.es\\\/#\\\/schema\\\/logo\\\/image\\\/\",\"url\":\"https:\\\/\\\/www.apen.es\\\/wp-content\\\/uploads\\\/2022\\\/08\\\/logo-apenok-231x82-1.png\",\"contentUrl\":\"https:\\\/\\\/www.apen.es\\\/wp-content\\\/uploads\\\/2022\\\/08\\\/logo-apenok-231x82-1.png\",\"width\":231,\"height\":82,\"caption\":\"Apen: Soluciones inform\u00e1ticas\"},\"image\":{\"@id\":\"https:\\\/\\\/www.apen.es\\\/#\\\/schema\\\/logo\\\/image\\\/\"},\"sameAs\":[\"https:\\\/\\\/www.facebook.com\\\/apensolucions\",\"https:\\\/\\\/www.youtube.com\\\/user\\\/ApenCentreInformatic\",\"https:\\\/\\\/www.linkedin.com\\\/company\\\/1021771?trk=tyah&trkInfo=clickedVerticalcompanyclickedEntityId1021771idx2-1-2tarId1464195271196tasapenin\"]}]}<\/script>\n<!-- \/ Yoast SEO plugin. -->","yoast_head_json":{"title":"Manteniment ordinadors Sabadell - Apen Inform\u00e0tica","description":"Empresa d\u00b4inform\u00e0tica a Sabadell. Manteniment d&#039;ordinadors de la vostra empresa: ordinadors, impressores, programes... Oferim un servei integral.","robots":{"index":"index","follow":"follow","max-snippet":"max-snippet:-1","max-image-preview":"max-image-preview:large","max-video-preview":"max-video-preview:-1"},"canonical":"https:\/\/www.apen.es\/ca\/manteniment-informatic\/manteniment-ordinadors-sabadell\/","og_locale":"ca_ES","og_type":"article","og_title":"Mantenimiento ordenadores Sabadell - Apen Inform\u00e1tica","og_description":"Empresa de inform\u00e1tica en Sabadell. Mantenimiento de ordenadores de tu empresa: ordenadores, impresoras, programas... Ofrecemos un servicio integral.","og_url":"https:\/\/www.apen.es\/ca\/manteniment-informatic\/manteniment-ordinadors-sabadell\/","og_site_name":"Apen Inform\u00e1tica","article_publisher":"https:\/\/www.facebook.com\/apensolucions","article_modified_time":"2025-03-24T09:54:17+00:00","og_image":[{"width":231,"height":82,"url":"https:\/\/www.apen.es\/wp-content\/uploads\/2016\/05\/logo-apen-231x82-trasparent.png","type":"image\/png"}],"twitter_card":"summary_large_image","twitter_misc":{"Temps estimat de lectura":"14 minuts"},"schema":{"@context":"https:\/\/schema.org","@graph":[{"@type":"WebPage","@id":"https:\/\/www.apen.es\/mantenimiento-informatico\/mantenimiento-ordenadores-sabadell\/","url":"https:\/\/www.apen.es\/mantenimiento-informatico\/mantenimiento-ordenadores-sabadell\/","name":"Manteniment ordinadors Sabadell - Apen Inform\u00e0tica","isPartOf":{"@id":"https:\/\/www.apen.es\/#website"},"datePublished":"2016-09-15T13:37:57+00:00","dateModified":"2025-03-24T09:54:17+00:00","description":"Empresa d\u00b4inform\u00e0tica a Sabadell. Manteniment d&#039;ordinadors de la vostra empresa: ordinadors, impressores, programes... Oferim un servei integral.","breadcrumb":{"@id":"https:\/\/www.apen.es\/mantenimiento-informatico\/mantenimiento-ordenadores-sabadell\/#breadcrumb"},"inLanguage":"ca","potentialAction":[{"@type":"ReadAction","target":["https:\/\/www.apen.es\/mantenimiento-informatico\/mantenimiento-ordenadores-sabadell\/"]}]},{"@type":"BreadcrumbList","@id":"https:\/\/www.apen.es\/mantenimiento-informatico\/mantenimiento-ordenadores-sabadell\/#breadcrumb","itemListElement":[{"@type":"ListItem","position":1,"name":"Portada","item":"https:\/\/www.apen.es\/"},{"@type":"ListItem","position":2,"name":"Mantenimiento inform\u00e1tico","item":"https:\/\/www.apen.es\/mantenimiento-informatico\/"},{"@type":"ListItem","position":3,"name":"Mantenimiento ordenadores Sabadell"}]},{"@type":"WebSite","@id":"https:\/\/www.apen.es\/#website","url":"https:\/\/www.apen.es\/","name":"Apen Inform\u00e0tica","description":"Manteniment inform\u00e0tic , programari de gesti\u00f3, solucions d&#039;impressi\u00f3","publisher":{"@id":"https:\/\/www.apen.es\/#organization"},"potentialAction":[{"@type":"SearchAction","target":{"@type":"EntryPoint","urlTemplate":"https:\/\/www.apen.es\/?s={search_term_string}"},"query-input":{"@type":"PropertyValueSpecification","valueRequired":true,"valueName":"search_term_string"}}],"inLanguage":"ca"},{"@type":"Organization","@id":"https:\/\/www.apen.es\/#organization","name":"Apen: Solucions inform\u00e0tiques","url":"https:\/\/www.apen.es\/","logo":{"@type":"ImageObject","inLanguage":"ca","@id":"https:\/\/www.apen.es\/#\/schema\/logo\/image\/","url":"https:\/\/www.apen.es\/wp-content\/uploads\/2022\/08\/logo-apenok-231x82-1.png","contentUrl":"https:\/\/www.apen.es\/wp-content\/uploads\/2022\/08\/logo-apenok-231x82-1.png","width":231,"height":82,"caption":"Apen: Soluciones inform\u00e1ticas"},"image":{"@id":"https:\/\/www.apen.es\/#\/schema\/logo\/image\/"},"sameAs":["https:\/\/www.facebook.com\/apensolucions","https:\/\/www.youtube.com\/user\/ApenCentreInformatic","https:\/\/www.linkedin.com\/company\/1021771?trk=tyah&trkInfo=clickedVerticalcompanyclickedEntityId1021771idx2-1-2tarId1464195271196tasapenin"]}]}},"taxonomy_info":[],"featured_image_src_large":false,"author_info":{"display_name":"marqueting","author_link":"https:\/\/www.apen.es\/ca\/blog\/author\/marqueting\/"},"comment_info":0,"_links":{"self":[{"href":"https:\/\/www.apen.es\/ca\/wp-json\/wp\/v2\/pages\/4874","targetHints":{"allow":["GET"]}}],"collection":[{"href":"https:\/\/www.apen.es\/ca\/wp-json\/wp\/v2\/pages"}],"about":[{"href":"https:\/\/www.apen.es\/ca\/wp-json\/wp\/v2\/types\/page"}],"author":[{"embeddable":true,"href":"https:\/\/www.apen.es\/ca\/wp-json\/wp\/v2\/users\/4"}],"replies":[{"embeddable":true,"href":"https:\/\/www.apen.es\/ca\/wp-json\/wp\/v2\/comments?post=4874"}],"version-history":[{"count":2,"href":"https:\/\/www.apen.es\/ca\/wp-json\/wp\/v2\/pages\/4874\/revisions"}],"predecessor-version":[{"id":54421,"href":"https:\/\/www.apen.es\/ca\/wp-json\/wp\/v2\/pages\/4874\/revisions\/54421"}],"up":[{"embeddable":true,"href":"https:\/\/www.apen.es\/ca\/wp-json\/wp\/v2\/pages\/1357"}],"wp:attachment":[{"href":"https:\/\/www.apen.es\/ca\/wp-json\/wp\/v2\/media?parent=4874"}],"curies":[{"name":"wp","href":"https:\/\/api.w.org\/{rel}","templated":true}]}}