{"id":4872,"date":"2016-09-15T13:36:02","date_gmt":"2016-09-15T13:36:02","guid":{"rendered":"https:\/\/www.apen.es\/?page_id=4872"},"modified":"2025-03-24T09:54:31","modified_gmt":"2025-03-24T09:54:31","slug":"manteniment-ordinadors-barcelona","status":"publish","type":"page","link":"https:\/\/www.apen.es\/ca\/manteniment-informatic\/manteniment-ordinadors-barcelona\/","title":{"rendered":"Manteniment ordinadors Barcelona"},"content":{"rendered":"<p>Des de la nostra empresa especialitzada en el manteniment d&#039;ordinadors per a tot tipus d&#039;empresa, us oferim una soluci\u00f3 empresarial a preus ajustats, amb tarifes que poden variar per a cada empresa segons el nombre d&#039;ordinadors que disposeu.<\/p>\n\n\n\n<p>Si teniu un problema inform\u00e0tic puntual, i necessiteu assist\u00e8ncia i\/o suport tamb\u00e9 podeu contactar amb nosaltres i estarem encantats d&#039;oferir-vos un pressupost a mida. Els nostres paquets cobreixen tota la prevenci\u00f3 que necessita un ordinador, perqu\u00e8 no sigui objectiu de virus en un futur, o perqu\u00e8 la informaci\u00f3 d&#039;una empresa (emmagatzemada per descomptat, en un ordinador) no es perdi mai, dotant l&#039;empresa de c\u00f2pies de seguretat i\/o servidors amb discs durs que emmagatzemin sempre la informaci\u00f3 m\u00e9s rellevant.<\/p>\n\n\n\n<p>Tamb\u00e9 som especialistes en la depuraci\u00f3 de programes i arxius que alenteixen un ordinador (un dels problemes m\u00e9s habituals que podem trobar en una empresa i que afecta directament la productivitat d&#039;aquesta), la instal\u00b7laci\u00f3 i el manteniment de xarxes inform\u00e0tiques i servidors i la instal\u00b7laci\u00f3 i configuraci\u00f3 de programes d&#039;ofim\u00e0tica a la mida del client.<\/p>\n\n\n\n<p>A m\u00e9s, la nostra empresa es troba a nom\u00e9s 10 minuts de Barcelona, ja que disposem d&#039;oficines a Granollers on oferim cobertura en el manteniment d&#039;ordinadors d&#039;empreses de tota la prov\u00edncia de Barcelona.<\/p>\n\n\n\n<p>Oferim suport tant telem\u00e0tic com presencial i podem posar a disposici\u00f3 del client d&#039;ordinadors de substituci\u00f3 mentre s&#039;arreglen o reparen els ordinadors amb problemes tant en programari com en maquinari.<\/p>\n\n\n\n<p>Amb m\u00e9s de 25 anys d&#039;experi\u00e8ncia ens hem convertit en un partner tecnol\u00f2gic de garanties per a centenars d&#039;empreses de Barcelona. No nom\u00e9s actuem en el camp del manteniment, reparaci\u00f3 o restauraci\u00f3 d&#039;ordinadors (software i hasrdware) sin\u00f3 que tamb\u00e9 som especialistes en dotar eines tecnol\u00f2giques que dotin les empreses d&#039;un avantatge competitiu al mercat, com s\u00f3n els programaris de gesti\u00f3 empresarial, solucions d&#039;impressi\u00f3 (el revolucionari sistema del preu per c\u00f2pia), desenvolupament de p\u00e0gines web, venda d&#039;equips inform\u00e0tics<\/p>\n\n\n\n<h3 class=\"wp-block-heading\"><strong>Perqu\u00e8 cal un manteniment inform\u00e0tic en una empresa<\/strong><\/h3>\n\n\n\n<p>Sigui quin sigui el sector al qual pertany la nostra empresa, tenim l&#039;obligaci\u00f3 i la necessitat d&#039;optimitzar els processos de treball, de racionalitzar-lo i de guardar com m\u00e9s informaci\u00f3 millor. Aix\u00f2 ha convertit l&#039;ordinador en un element fonamental per a la nostra empresa. La prevenci\u00f3, com en la salut, \u00e9s el millor aliat per prevenir l&#039;amena\u00e7a de virus, programari malici\u00f3s o spyware, i, sobretot, la p\u00e8rdua d&#039;informaci\u00f3 provocada per programaris obsolets o desactualitzats, o pel simple envelliment del maquinari. A m\u00e9s, est\u00e0 comprovat que una empresa que no compta amb un bon servei de manteniment inform\u00e0tic o d&#039;ordinadors t\u00e9 inconvenients a l&#039;hora de millorar la productivitat de la mateixa empresa. Necessitem ordinadors r\u00e0pids, resolutius i efica\u00e7os, i si optem per un model de manteniment, estalviarem molts diners amb la compra d&#039;ordinadors que acostumem a fer, quan encara no cal substituir el nostre ordinador.<\/p>\n\n\n\n<h3 class=\"wp-block-heading\"><strong>Internet ha augmentat les amenaces externes al sector empresarial<\/strong><\/h3>\n\n\n\n<p>Cada cop s\u00f3n m\u00e9s les empreses que se senten preocupades o que han patit un atac inform\u00e0tic. A m\u00e9s, moltes desconeixen que estan sent atacades i espiades. En els darrers anys, cada cop s\u00f3n m\u00e9s les empreses de tota la prov\u00edncia de Barcelona que confien en nosaltres per a la instal\u00b7laci\u00f3 de paquets antivirus per als ordinadors de la seva empresa.<\/p>","protected":false},"excerpt":{"rendered":"<p>Desde nuestra empresa especializada en el mantenimiento de ordenadores para todo tipo de empresa, ofrecemos una soluci\u00f3n empresarial a precios ajustados, con tarifas que pueden variar para cada empresa seg\u00fan el n\u00famero de ordenadores que disponga. Si tiene un problema inform\u00e1tico puntual, y necesita asistencia y\/o soporte tambi\u00e9n puede contactar con nosotros y estaremos encantados&#8230;<\/p>","protected":false},"author":4,"featured_media":0,"parent":1357,"menu_order":0,"comment_status":"closed","ping_status":"closed","template":"page-servicio-informatico.php","meta":{"_acf_changed":false,"_kad_blocks_custom_css":"","_kad_blocks_head_custom_js":"","_kad_blocks_body_custom_js":"","_kad_blocks_footer_custom_js":"","_kad_post_transparent":"","_kad_post_title":"","_kad_post_layout":"","_kad_post_sidebar_id":"","_kad_post_content_style":"","_kad_post_vertical_padding":"","_kad_post_feature":"","_kad_post_feature_position":"","_kad_post_header":false,"_kad_post_footer":false,"_kad_post_classname":"","footnotes":""},"class_list":["post-4872","page","type-page","status-publish","hentry"],"acf":[],"yoast_head":"<!-- This site is optimized with the Yoast SEO plugin v27.4 - https:\/\/yoast.com\/product\/yoast-seo-wordpress\/ -->\n<title>Mantenimiento ordenadores Barcelona - Apen Inform\u00e1tica<\/title>\n<meta name=\"description\" content=\"Empresa de inform\u00e1tica en Barcelona. Mantenimiento de ordenadores de tu empresa: ordenadores, impresoras, programas... Conf\u00eda en Apen.\" \/>\n<meta name=\"robots\" content=\"index, follow, max-snippet:-1, max-image-preview:large, max-video-preview:-1\" \/>\n<link rel=\"canonical\" href=\"https:\/\/www.apen.es\/ca\/manteniment-informatic\/manteniment-ordinadors-barcelona\/\" \/>\n<meta property=\"og:locale\" content=\"ca_ES\" \/>\n<meta property=\"og:type\" content=\"article\" \/>\n<meta property=\"og:title\" content=\"Mantenimiento ordenadores Barcelona - Apen Inform\u00e1tica\" \/>\n<meta property=\"og:description\" content=\"Empresa de inform\u00e1tica en Barcelona. Mantenimiento de ordenadores de tu empresa: ordenadores, impresoras, programas... Conf\u00eda en Apen.\" \/>\n<meta property=\"og:url\" content=\"https:\/\/www.apen.es\/ca\/manteniment-informatic\/manteniment-ordinadors-barcelona\/\" \/>\n<meta property=\"og:site_name\" content=\"Apen Inform\u00e1tica\" \/>\n<meta property=\"article:publisher\" content=\"https:\/\/www.facebook.com\/apensolucions\" \/>\n<meta property=\"article:modified_time\" content=\"2025-03-24T09:54:31+00:00\" \/>\n<meta property=\"og:image\" content=\"https:\/\/www.apen.es\/wp-content\/uploads\/2016\/05\/logo-apen-231x82-trasparent.png\" \/>\n\t<meta property=\"og:image:width\" content=\"231\" \/>\n\t<meta property=\"og:image:height\" content=\"82\" \/>\n\t<meta property=\"og:image:type\" content=\"image\/png\" \/>\n<meta name=\"twitter:card\" content=\"summary_large_image\" \/>\n<meta name=\"twitter:label1\" content=\"Temps estimat de lectura\" \/>\n\t<meta name=\"twitter:data1\" content=\"11 minuts\" \/>\n<script type=\"application\/ld+json\" class=\"yoast-schema-graph\">{\"@context\":\"https:\\\/\\\/schema.org\",\"@graph\":[{\"@type\":\"WebPage\",\"@id\":\"https:\\\/\\\/www.apen.es\\\/mantenimiento-informatico\\\/mantenimiento-ordenadores-barcelona\\\/\",\"url\":\"https:\\\/\\\/www.apen.es\\\/mantenimiento-informatico\\\/mantenimiento-ordenadores-barcelona\\\/\",\"name\":\"Mantenimiento ordenadores Barcelona - Apen Inform\u00e1tica\",\"isPartOf\":{\"@id\":\"https:\\\/\\\/www.apen.es\\\/#website\"},\"datePublished\":\"2016-09-15T13:36:02+00:00\",\"dateModified\":\"2025-03-24T09:54:31+00:00\",\"description\":\"Empresa de inform\u00e1tica en Barcelona. Mantenimiento de ordenadores de tu empresa: ordenadores, impresoras, programas... Conf\u00eda en Apen.\",\"breadcrumb\":{\"@id\":\"https:\\\/\\\/www.apen.es\\\/mantenimiento-informatico\\\/mantenimiento-ordenadores-barcelona\\\/#breadcrumb\"},\"inLanguage\":\"ca\",\"potentialAction\":[{\"@type\":\"ReadAction\",\"target\":[\"https:\\\/\\\/www.apen.es\\\/mantenimiento-informatico\\\/mantenimiento-ordenadores-barcelona\\\/\"]}]},{\"@type\":\"BreadcrumbList\",\"@id\":\"https:\\\/\\\/www.apen.es\\\/mantenimiento-informatico\\\/mantenimiento-ordenadores-barcelona\\\/#breadcrumb\",\"itemListElement\":[{\"@type\":\"ListItem\",\"position\":1,\"name\":\"Portada\",\"item\":\"https:\\\/\\\/www.apen.es\\\/\"},{\"@type\":\"ListItem\",\"position\":2,\"name\":\"Mantenimiento inform\u00e1tico\",\"item\":\"https:\\\/\\\/www.apen.es\\\/mantenimiento-informatico\\\/\"},{\"@type\":\"ListItem\",\"position\":3,\"name\":\"Mantenimiento ordenadores Barcelona\"}]},{\"@type\":\"WebSite\",\"@id\":\"https:\\\/\\\/www.apen.es\\\/#website\",\"url\":\"https:\\\/\\\/www.apen.es\\\/\",\"name\":\"Apen Inform\u00e1tica\",\"description\":\"Mantenimiento Inform\u00e1tico , Software de Gesti\u00f3n, Soluciones de impresi\u00f3n\",\"publisher\":{\"@id\":\"https:\\\/\\\/www.apen.es\\\/#organization\"},\"potentialAction\":[{\"@type\":\"SearchAction\",\"target\":{\"@type\":\"EntryPoint\",\"urlTemplate\":\"https:\\\/\\\/www.apen.es\\\/?s={search_term_string}\"},\"query-input\":{\"@type\":\"PropertyValueSpecification\",\"valueRequired\":true,\"valueName\":\"search_term_string\"}}],\"inLanguage\":\"ca\"},{\"@type\":\"Organization\",\"@id\":\"https:\\\/\\\/www.apen.es\\\/#organization\",\"name\":\"Apen: Soluciones inform\u00e1ticas\",\"url\":\"https:\\\/\\\/www.apen.es\\\/\",\"logo\":{\"@type\":\"ImageObject\",\"inLanguage\":\"ca\",\"@id\":\"https:\\\/\\\/www.apen.es\\\/#\\\/schema\\\/logo\\\/image\\\/\",\"url\":\"https:\\\/\\\/www.apen.es\\\/wp-content\\\/uploads\\\/2022\\\/08\\\/logo-apenok-231x82-1.png\",\"contentUrl\":\"https:\\\/\\\/www.apen.es\\\/wp-content\\\/uploads\\\/2022\\\/08\\\/logo-apenok-231x82-1.png\",\"width\":231,\"height\":82,\"caption\":\"Apen: Soluciones inform\u00e1ticas\"},\"image\":{\"@id\":\"https:\\\/\\\/www.apen.es\\\/#\\\/schema\\\/logo\\\/image\\\/\"},\"sameAs\":[\"https:\\\/\\\/www.facebook.com\\\/apensolucions\",\"https:\\\/\\\/www.youtube.com\\\/user\\\/ApenCentreInformatic\",\"https:\\\/\\\/www.linkedin.com\\\/company\\\/1021771?trk=tyah&trkInfo=clickedVerticalcompanyclickedEntityId1021771idx2-1-2tarId1464195271196tasapenin\"]}]}<\/script>\n<!-- \/ Yoast SEO plugin. -->","yoast_head_json":{"title":"Manteniment ordinadors Barcelona - Apen Inform\u00e0tica","description":"Empresa d\u00b4inform\u00e0tica a Barcelona. Manteniment d&#039;ordinadors de la teva empresa: ordinadors, impressores, programes... Confia a Apen.","robots":{"index":"index","follow":"follow","max-snippet":"max-snippet:-1","max-image-preview":"max-image-preview:large","max-video-preview":"max-video-preview:-1"},"canonical":"https:\/\/www.apen.es\/ca\/manteniment-informatic\/manteniment-ordinadors-barcelona\/","og_locale":"ca_ES","og_type":"article","og_title":"Mantenimiento ordenadores Barcelona - Apen Inform\u00e1tica","og_description":"Empresa de inform\u00e1tica en Barcelona. Mantenimiento de ordenadores de tu empresa: ordenadores, impresoras, programas... Conf\u00eda en Apen.","og_url":"https:\/\/www.apen.es\/ca\/manteniment-informatic\/manteniment-ordinadors-barcelona\/","og_site_name":"Apen Inform\u00e1tica","article_publisher":"https:\/\/www.facebook.com\/apensolucions","article_modified_time":"2025-03-24T09:54:31+00:00","og_image":[{"width":231,"height":82,"url":"https:\/\/www.apen.es\/wp-content\/uploads\/2016\/05\/logo-apen-231x82-trasparent.png","type":"image\/png"}],"twitter_card":"summary_large_image","twitter_misc":{"Temps estimat de lectura":"11 minuts"},"schema":{"@context":"https:\/\/schema.org","@graph":[{"@type":"WebPage","@id":"https:\/\/www.apen.es\/mantenimiento-informatico\/mantenimiento-ordenadores-barcelona\/","url":"https:\/\/www.apen.es\/mantenimiento-informatico\/mantenimiento-ordenadores-barcelona\/","name":"Manteniment ordinadors Barcelona - Apen Inform\u00e0tica","isPartOf":{"@id":"https:\/\/www.apen.es\/#website"},"datePublished":"2016-09-15T13:36:02+00:00","dateModified":"2025-03-24T09:54:31+00:00","description":"Empresa d\u00b4inform\u00e0tica a Barcelona. Manteniment d&#039;ordinadors de la teva empresa: ordinadors, impressores, programes... Confia a Apen.","breadcrumb":{"@id":"https:\/\/www.apen.es\/mantenimiento-informatico\/mantenimiento-ordenadores-barcelona\/#breadcrumb"},"inLanguage":"ca","potentialAction":[{"@type":"ReadAction","target":["https:\/\/www.apen.es\/mantenimiento-informatico\/mantenimiento-ordenadores-barcelona\/"]}]},{"@type":"BreadcrumbList","@id":"https:\/\/www.apen.es\/mantenimiento-informatico\/mantenimiento-ordenadores-barcelona\/#breadcrumb","itemListElement":[{"@type":"ListItem","position":1,"name":"Portada","item":"https:\/\/www.apen.es\/"},{"@type":"ListItem","position":2,"name":"Mantenimiento inform\u00e1tico","item":"https:\/\/www.apen.es\/mantenimiento-informatico\/"},{"@type":"ListItem","position":3,"name":"Mantenimiento ordenadores Barcelona"}]},{"@type":"WebSite","@id":"https:\/\/www.apen.es\/#website","url":"https:\/\/www.apen.es\/","name":"Apen Inform\u00e0tica","description":"Manteniment inform\u00e0tic , programari de gesti\u00f3, solucions d&#039;impressi\u00f3","publisher":{"@id":"https:\/\/www.apen.es\/#organization"},"potentialAction":[{"@type":"SearchAction","target":{"@type":"EntryPoint","urlTemplate":"https:\/\/www.apen.es\/?s={search_term_string}"},"query-input":{"@type":"PropertyValueSpecification","valueRequired":true,"valueName":"search_term_string"}}],"inLanguage":"ca"},{"@type":"Organization","@id":"https:\/\/www.apen.es\/#organization","name":"Apen: Solucions inform\u00e0tiques","url":"https:\/\/www.apen.es\/","logo":{"@type":"ImageObject","inLanguage":"ca","@id":"https:\/\/www.apen.es\/#\/schema\/logo\/image\/","url":"https:\/\/www.apen.es\/wp-content\/uploads\/2022\/08\/logo-apenok-231x82-1.png","contentUrl":"https:\/\/www.apen.es\/wp-content\/uploads\/2022\/08\/logo-apenok-231x82-1.png","width":231,"height":82,"caption":"Apen: Soluciones inform\u00e1ticas"},"image":{"@id":"https:\/\/www.apen.es\/#\/schema\/logo\/image\/"},"sameAs":["https:\/\/www.facebook.com\/apensolucions","https:\/\/www.youtube.com\/user\/ApenCentreInformatic","https:\/\/www.linkedin.com\/company\/1021771?trk=tyah&trkInfo=clickedVerticalcompanyclickedEntityId1021771idx2-1-2tarId1464195271196tasapenin"]}]}},"taxonomy_info":[],"featured_image_src_large":false,"author_info":{"display_name":"marqueting","author_link":"https:\/\/www.apen.es\/ca\/blog\/author\/marqueting\/"},"comment_info":0,"_links":{"self":[{"href":"https:\/\/www.apen.es\/ca\/wp-json\/wp\/v2\/pages\/4872","targetHints":{"allow":["GET"]}}],"collection":[{"href":"https:\/\/www.apen.es\/ca\/wp-json\/wp\/v2\/pages"}],"about":[{"href":"https:\/\/www.apen.es\/ca\/wp-json\/wp\/v2\/types\/page"}],"author":[{"embeddable":true,"href":"https:\/\/www.apen.es\/ca\/wp-json\/wp\/v2\/users\/4"}],"replies":[{"embeddable":true,"href":"https:\/\/www.apen.es\/ca\/wp-json\/wp\/v2\/comments?post=4872"}],"version-history":[{"count":2,"href":"https:\/\/www.apen.es\/ca\/wp-json\/wp\/v2\/pages\/4872\/revisions"}],"predecessor-version":[{"id":54420,"href":"https:\/\/www.apen.es\/ca\/wp-json\/wp\/v2\/pages\/4872\/revisions\/54420"}],"up":[{"embeddable":true,"href":"https:\/\/www.apen.es\/ca\/wp-json\/wp\/v2\/pages\/1357"}],"wp:attachment":[{"href":"https:\/\/www.apen.es\/ca\/wp-json\/wp\/v2\/media?parent=4872"}],"curies":[{"name":"wp","href":"https:\/\/api.w.org\/{rel}","templated":true}]}}