{"id":4731,"date":"2016-09-06T09:12:31","date_gmt":"2016-09-06T09:12:31","guid":{"rendered":"https:\/\/www.apen.es\/?page_id=4731"},"modified":"2025-03-31T06:46:36","modified_gmt":"2025-03-31T06:46:36","slug":"manteniment-informatic-cerdanyola","status":"publish","type":"page","link":"https:\/\/www.apen.es\/ca\/mantenimiento-informatico\/mantenimiento-informatico-cerdanyola\/","title":{"rendered":"Manteniment inform\u00e0tic Cerdanyola."},"content":{"rendered":"<p>Si tens problemes amb la teva xarxa inform\u00e0tica, creus que la teva empresa es troba sota l&#039;amena\u00e7a de codi malici\u00f3s o virus o simplement vols posar tota la responsabilitat del manteniment inform\u00e0tic de la teva empresa en mans d&#039;una empresa professional i amb experi\u00e8ncia en el camp de la&nbsp;<a href=\"https:\/\/www.apen.es\/ca\/manteniment-informatic\/\"><strong>inform\u00e0tica<\/strong><\/a>&nbsp;i les solucions tecnol\u00f2giques, segurament, APEN \u00e9s lempresa que vost\u00e8 necessita.<\/p>\n\n\n\n<p>Els nostres anys d&#039;experi\u00e8ncia al m\u00f3n empresarial ens han servit per especialitzar-nos en el manteniment inform\u00e0tic d&#039;una empresa. A m\u00e9s, des d&#039;APEN, volem oferir una soluci\u00f3 integral que satisfaci qualsevol necessitat que pogu\u00e9s presentar una empresa de&nbsp;<strong>Cerdanyola del Vall\u00e8s<\/strong>&nbsp;o de tota la prov\u00edncia de Barcelona. Encara que estiguem ubicats a&nbsp;<a href=\"https:\/\/www.apen.es\/ca\/manteniment-informatic\/manteniment-informatic-granollers\/\"><strong>Granollers<\/strong><\/a>, el nostre bon saber fer ens ha fet con\u00e8ixer clients, i ara amics, de tot el Vall\u00e8s Oriental, Occidental i&nbsp;<a href=\"https:\/\/www.apen.es\/ca\/manteniment-informatic\/manteniment-informatic-barcelona\/\"><strong>Barcelona<\/strong><\/a>.<\/p>\n\n\n\n<h3 class=\"wp-block-heading\"><strong>Solucions inform\u00e0tiques integrals a Cerdanyola del Vall\u00e8s<\/strong><\/h3>\n\n\n\n<p>Un dels avantatges que disposen les empreses que han confiat en APEN com a partner tecnol\u00f2gic, \u00e9s la gran capacitat que disposem per resoldre qualsevol necessitat que una empresa pogu\u00e9s tenir a l&#039;\u00e0mbit de la inform\u00e0tica. No nom\u00e9s ens encarreguem de muntar xarxes i equips per mantenir-los despr\u00e9s. Sin\u00f3 que assessorem, oferim programaris de gesti\u00f3 comercial, comptable, fiscal i d&#039;operacions, solucions en telecomunicacions, solucions en impressi\u00f3 (cartits de tinta, lloguer d&#039;impressores, reparaci\u00f3 d&#039;impressores\u2026)<\/p>\n\n\n\n<p>Amb la nostra&nbsp;<a href=\"https:\/\/www.apen.es\/ca\/manteniment-informatic\/manteniment-informatic-sant-cugat\/\"><strong>empresa d&#039;inform\u00e0tica&nbsp;<\/strong><\/a>tots els clients de&nbsp;<strong>Cerdanyola del Vall\u00e8s<\/strong>, disposaran d\u00b4una empresa propera, ja que ens trobem a Granollers, i amb un equip de professionals que compta amb especialistes en cadascuna de les branques de la inform\u00e0tica.<\/p>\n\n\n\n<p>A m\u00e9s, les nostres tarifes s\u00f3n adaptables i modulars, de manera que una empresa pot assumir el nostre cost perfectament. El preu dels nostres serveis dep\u00e8n de la tecnologia que la vostra empresa utilitzi i de la quantitat d&#039;ordinadors de qu\u00e8 disposeu.<\/p>\n\n\n\n<h3 class=\"wp-block-heading\"><strong>Els problemes inform\u00e0tics m\u00e9s comuns de les empreses<\/strong><\/h3>\n\n\n\n<p>Els dos problemes o necessitats m\u00e9s comunes que una empresa pugui disposar, s\u00f3n el manteniment i l&#039;optimitzaci\u00f3 dels seus equips inform\u00e0tics perqu\u00e8 aquests puguin rendir al m\u00e0xim, garantint el bon funcionament empresarial. La segona necessitat m\u00e9s comuna, \u00e9s la seguretat inform\u00e0tica: Protegir-nos davant d&#039;amenaces externes com s\u00f3n els troians, els virus i els malwares amb programes antivirus ben configurats, i disposar de c\u00f2pies de seguretat tant al n\u00favol com a discos durs a la mateixa seu del client, \u00e9s summament necessari per poder garantir la documentaci\u00f3 i informaci\u00f3 d&#039;una PIME.<\/p>\n\n\n\n<h2 class=\"wp-block-heading\"><strong>Quins s\u00f3n els problemes m\u00e9s habituals duna empresa amb els seus equips inform\u00e0tics?<\/strong><\/h2>\n\n\n\n<p>Com a especialistes al&nbsp;<strong>manteniment<\/strong>&nbsp;de&nbsp;<strong>ordinadors<\/strong>&nbsp;a&nbsp;<strong>Cerdanyola<\/strong>, podem assegurar-te que la seguretat i el manteniment inform\u00e0tic s\u00f3n els elements fonamentals perqu\u00e8 qualsevol equip es mantingui segur i estable durant molts anys.<\/p>\n\n\n\n<p>A les PIMES solen donar-se molts tipus de problemes inform\u00e0tics, entre els quals podem destacar alguns, que acostumen a ser els m\u00e9s comuns: L&#039;antiguitat dels mateixos equips (que comporten un major nombre d&#039;avaries, incompatibilitat de programari, s\u00f3n m\u00e9s lents\u2026), la manca de manteniment inform\u00e0tic (falta d&#039;accions de preventives, de revisi\u00f3 dels equips i correctives en el moment de virus, robatori de dades, denegaci\u00f3 del servei, codi malici\u00f3s, malware, virus\u2026), no realitzar c\u00f2pies de seguretat (podent perdre dades molt importants i posar en perill la superviv\u00e8ncia de la pr\u00f2pia empresa), no comptar amb un equip t\u00e8cnic especialitzat en el manteniment inform\u00e0tic (comptar amb l&#039;ajuda d&#039;amics o treballadors que s&#039;ocupin de realitzar aquestes tasques la teva empresa), amb la definitiva comprovar la fiabilitat dels programes, apps o plataformes web abans d&#039;instal\u00b7lar-les o subscriure-s&#039;hi, etc. El fet que una empresa compti amb un servei especialitzat en el&nbsp;<strong>manteniment<\/strong>&nbsp;de&nbsp;<strong>ordinadors<\/strong>&nbsp;a&nbsp;<strong>Cerdanyola<\/strong>, us permetr\u00e0 obtenir una major productivitat a la vostra empresa, millorar la gesti\u00f3 empresarial, una millora en la connectivitat entre equips, estalvi de temps i de diners, un major ritme de treball, augment de vendes, etc. El fet de tenir els equips inform\u00e0tics preparats i protegits de virus inform\u00e0tics, errors en el sistema o possibles avaries i reparacions, gr\u00e0cies a l&#039;acci\u00f3 preventiva i correctiva que realitzen els t\u00e8cnics inform\u00e0tics d&#039;Apen, permet que moltes PIMES gaudeixin d&#039;una feina de m\u00e9s qualitat, sense preocupar-se per perdre les dades o quedar-se sense la seva eina de treball m\u00e9s gran. Des d&#039;Apen, com a especialistes al&nbsp;<strong>manteniment<\/strong>&nbsp;de&nbsp;<strong>ordinadors<\/strong>&nbsp;a&nbsp;<strong>Cerdanyola<\/strong>, presentem un servei integral en qu\u00e8 no nom\u00e9s realitzem un manteniment rutinari, sin\u00f3 que donem molta import\u00e0ncia a les mesures preventives i correctives dels equips, als avisos que realitzen els mateixos equips, a la necessitat de protegir-los amb total fiabilitat, tenir en compte les c\u00f2pies de seguretat, les eines i programes que permeten millorar la gesti\u00f3 empresarial, etc. El nostre equip t\u00e8cnic de&nbsp;<strong>manteniment<\/strong>&nbsp;de&nbsp;<strong>ordinadors<\/strong>&nbsp;a&nbsp;<strong>Cerdanyola<\/strong>&nbsp;podr\u00e0 ocupar-se de resoldre els dubtes de qualsevol empresa que contracti els nostres serveis, posar soluci\u00f3 a possibles avaries i reparar qualsevol error que pugui sorgir, sempre oferint un equip de substituci\u00f3, que tingui la mateixa solv\u00e8ncia que l&#039;original.<\/p>","protected":false},"excerpt":{"rendered":"<p>Si tienes problemas con tu red inform\u00e1tica, crees que tu empresa se encuentra bajo la amenaza de malware o virus o simplemente deseas poner toda la responsabilidad del mantenimiento inform\u00e1tico de tu empresa en manos de una empresa profesional y con experiencia en el campo de la&nbsp;inform\u00e1tica&nbsp;y las soluciones tecnol\u00f3gicas, seguramente, APEN es la empresa&#8230;<\/p>","protected":false},"author":4,"featured_media":0,"parent":1357,"menu_order":0,"comment_status":"closed","ping_status":"closed","template":"page-servicio-informatico.php","meta":{"_acf_changed":false,"_kad_blocks_custom_css":"","_kad_blocks_head_custom_js":"","_kad_blocks_body_custom_js":"","_kad_blocks_footer_custom_js":"","_kad_post_transparent":"","_kad_post_title":"","_kad_post_layout":"","_kad_post_sidebar_id":"","_kad_post_content_style":"","_kad_post_vertical_padding":"","_kad_post_feature":"","_kad_post_feature_position":"","_kad_post_header":false,"_kad_post_footer":false,"_kad_post_classname":"","footnotes":""},"class_list":["post-4731","page","type-page","status-publish","hentry"],"acf":[],"yoast_head":"<!-- This site is optimized with the Yoast SEO plugin v27.4 - https:\/\/yoast.com\/product\/yoast-seo-wordpress\/ -->\n<title>Mantenimiento inform\u00e1tico Cerdanyola. - Apen Inform\u00e1tica<\/title>\n<meta name=\"description\" content=\"Empresa de inform\u00e1tica en Cerdanyola. Mantenimiento de equipos inform\u00e1ticos de tu empresa: ordenadores, impresoras, programas... Conf\u00eda en Apen.\" \/>\n<meta name=\"robots\" content=\"index, follow, max-snippet:-1, max-image-preview:large, max-video-preview:-1\" \/>\n<link rel=\"canonical\" href=\"https:\/\/www.apen.es\/ca\/manteniment-informatic\/manteniment-informatic-cerdanyola\/\" \/>\n<meta property=\"og:locale\" content=\"ca_ES\" \/>\n<meta property=\"og:type\" content=\"article\" \/>\n<meta property=\"og:title\" content=\"Mantenimiento inform\u00e1tico Cerdanyola. - Apen Inform\u00e1tica\" \/>\n<meta property=\"og:description\" content=\"Empresa de inform\u00e1tica en Cerdanyola. Mantenimiento de equipos inform\u00e1ticos de tu empresa: ordenadores, impresoras, programas... Conf\u00eda en Apen.\" \/>\n<meta property=\"og:url\" content=\"https:\/\/www.apen.es\/ca\/manteniment-informatic\/manteniment-informatic-cerdanyola\/\" \/>\n<meta property=\"og:site_name\" content=\"Apen Inform\u00e1tica\" \/>\n<meta property=\"article:publisher\" content=\"https:\/\/www.facebook.com\/apensolucions\" \/>\n<meta property=\"article:modified_time\" content=\"2025-03-31T06:46:36+00:00\" \/>\n<meta property=\"og:image\" content=\"https:\/\/www.apen.es\/wp-content\/uploads\/2016\/05\/logo-apen-231x82-trasparent.png\" \/>\n\t<meta property=\"og:image:width\" content=\"231\" \/>\n\t<meta property=\"og:image:height\" content=\"82\" \/>\n\t<meta property=\"og:image:type\" content=\"image\/png\" \/>\n<meta name=\"twitter:card\" content=\"summary_large_image\" \/>\n<meta name=\"twitter:label1\" content=\"Temps estimat de lectura\" \/>\n\t<meta name=\"twitter:data1\" content=\"13 minuts\" \/>\n<script type=\"application\/ld+json\" class=\"yoast-schema-graph\">{\"@context\":\"https:\\\/\\\/schema.org\",\"@graph\":[{\"@type\":\"WebPage\",\"@id\":\"https:\\\/\\\/www.apen.es\\\/mantenimiento-informatico\\\/mantenimiento-informatico-cerdanyola\\\/\",\"url\":\"https:\\\/\\\/www.apen.es\\\/mantenimiento-informatico\\\/mantenimiento-informatico-cerdanyola\\\/\",\"name\":\"Mantenimiento inform\u00e1tico Cerdanyola. - Apen Inform\u00e1tica\",\"isPartOf\":{\"@id\":\"https:\\\/\\\/www.apen.es\\\/#website\"},\"datePublished\":\"2016-09-06T09:12:31+00:00\",\"dateModified\":\"2025-03-31T06:46:36+00:00\",\"description\":\"Empresa de inform\u00e1tica en Cerdanyola. Mantenimiento de equipos inform\u00e1ticos de tu empresa: ordenadores, impresoras, programas... Conf\u00eda en Apen.\",\"breadcrumb\":{\"@id\":\"https:\\\/\\\/www.apen.es\\\/mantenimiento-informatico\\\/mantenimiento-informatico-cerdanyola\\\/#breadcrumb\"},\"inLanguage\":\"ca\",\"potentialAction\":[{\"@type\":\"ReadAction\",\"target\":[\"https:\\\/\\\/www.apen.es\\\/mantenimiento-informatico\\\/mantenimiento-informatico-cerdanyola\\\/\"]}]},{\"@type\":\"BreadcrumbList\",\"@id\":\"https:\\\/\\\/www.apen.es\\\/mantenimiento-informatico\\\/mantenimiento-informatico-cerdanyola\\\/#breadcrumb\",\"itemListElement\":[{\"@type\":\"ListItem\",\"position\":1,\"name\":\"Portada\",\"item\":\"https:\\\/\\\/www.apen.es\\\/\"},{\"@type\":\"ListItem\",\"position\":2,\"name\":\"Mantenimiento inform\u00e1tico\",\"item\":\"https:\\\/\\\/www.apen.es\\\/mantenimiento-informatico\\\/\"},{\"@type\":\"ListItem\",\"position\":3,\"name\":\"Mantenimiento inform\u00e1tico Cerdanyola.\"}]},{\"@type\":\"WebSite\",\"@id\":\"https:\\\/\\\/www.apen.es\\\/#website\",\"url\":\"https:\\\/\\\/www.apen.es\\\/\",\"name\":\"Apen Inform\u00e1tica\",\"description\":\"Mantenimiento Inform\u00e1tico , Software de Gesti\u00f3n, Soluciones de impresi\u00f3n\",\"publisher\":{\"@id\":\"https:\\\/\\\/www.apen.es\\\/#organization\"},\"potentialAction\":[{\"@type\":\"SearchAction\",\"target\":{\"@type\":\"EntryPoint\",\"urlTemplate\":\"https:\\\/\\\/www.apen.es\\\/?s={search_term_string}\"},\"query-input\":{\"@type\":\"PropertyValueSpecification\",\"valueRequired\":true,\"valueName\":\"search_term_string\"}}],\"inLanguage\":\"ca\"},{\"@type\":\"Organization\",\"@id\":\"https:\\\/\\\/www.apen.es\\\/#organization\",\"name\":\"Apen: Soluciones inform\u00e1ticas\",\"url\":\"https:\\\/\\\/www.apen.es\\\/\",\"logo\":{\"@type\":\"ImageObject\",\"inLanguage\":\"ca\",\"@id\":\"https:\\\/\\\/www.apen.es\\\/#\\\/schema\\\/logo\\\/image\\\/\",\"url\":\"https:\\\/\\\/www.apen.es\\\/wp-content\\\/uploads\\\/2022\\\/08\\\/logo-apenok-231x82-1.png\",\"contentUrl\":\"https:\\\/\\\/www.apen.es\\\/wp-content\\\/uploads\\\/2022\\\/08\\\/logo-apenok-231x82-1.png\",\"width\":231,\"height\":82,\"caption\":\"Apen: Soluciones inform\u00e1ticas\"},\"image\":{\"@id\":\"https:\\\/\\\/www.apen.es\\\/#\\\/schema\\\/logo\\\/image\\\/\"},\"sameAs\":[\"https:\\\/\\\/www.facebook.com\\\/apensolucions\",\"https:\\\/\\\/www.youtube.com\\\/user\\\/ApenCentreInformatic\",\"https:\\\/\\\/www.linkedin.com\\\/company\\\/1021771?trk=tyah&trkInfo=clickedVerticalcompanyclickedEntityId1021771idx2-1-2tarId1464195271196tasapenin\"]}]}<\/script>\n<!-- \/ Yoast SEO plugin. -->","yoast_head_json":{"title":"Manteniment inform\u00e0tic Cerdanyola. - Apen Inform\u00e0tica","description":"Empresa d&#039;inform\u00e0tica a Cerdanyola. Manteniment d&#039;equips inform\u00e0tics de la teva empresa: ordinadors, impressores, programes... Confia a Apen.","robots":{"index":"index","follow":"follow","max-snippet":"max-snippet:-1","max-image-preview":"max-image-preview:large","max-video-preview":"max-video-preview:-1"},"canonical":"https:\/\/www.apen.es\/ca\/manteniment-informatic\/manteniment-informatic-cerdanyola\/","og_locale":"ca_ES","og_type":"article","og_title":"Mantenimiento inform\u00e1tico Cerdanyola. - Apen Inform\u00e1tica","og_description":"Empresa de inform\u00e1tica en Cerdanyola. Mantenimiento de equipos inform\u00e1ticos de tu empresa: ordenadores, impresoras, programas... Conf\u00eda en Apen.","og_url":"https:\/\/www.apen.es\/ca\/manteniment-informatic\/manteniment-informatic-cerdanyola\/","og_site_name":"Apen Inform\u00e1tica","article_publisher":"https:\/\/www.facebook.com\/apensolucions","article_modified_time":"2025-03-31T06:46:36+00:00","og_image":[{"width":231,"height":82,"url":"https:\/\/www.apen.es\/wp-content\/uploads\/2016\/05\/logo-apen-231x82-trasparent.png","type":"image\/png"}],"twitter_card":"summary_large_image","twitter_misc":{"Temps estimat de lectura":"13 minuts"},"schema":{"@context":"https:\/\/schema.org","@graph":[{"@type":"WebPage","@id":"https:\/\/www.apen.es\/mantenimiento-informatico\/mantenimiento-informatico-cerdanyola\/","url":"https:\/\/www.apen.es\/mantenimiento-informatico\/mantenimiento-informatico-cerdanyola\/","name":"Manteniment inform\u00e0tic Cerdanyola. - Apen Inform\u00e0tica","isPartOf":{"@id":"https:\/\/www.apen.es\/#website"},"datePublished":"2016-09-06T09:12:31+00:00","dateModified":"2025-03-31T06:46:36+00:00","description":"Empresa d&#039;inform\u00e0tica a Cerdanyola. Manteniment d&#039;equips inform\u00e0tics de la teva empresa: ordinadors, impressores, programes... Confia a Apen.","breadcrumb":{"@id":"https:\/\/www.apen.es\/mantenimiento-informatico\/mantenimiento-informatico-cerdanyola\/#breadcrumb"},"inLanguage":"ca","potentialAction":[{"@type":"ReadAction","target":["https:\/\/www.apen.es\/mantenimiento-informatico\/mantenimiento-informatico-cerdanyola\/"]}]},{"@type":"BreadcrumbList","@id":"https:\/\/www.apen.es\/mantenimiento-informatico\/mantenimiento-informatico-cerdanyola\/#breadcrumb","itemListElement":[{"@type":"ListItem","position":1,"name":"Portada","item":"https:\/\/www.apen.es\/"},{"@type":"ListItem","position":2,"name":"Mantenimiento inform\u00e1tico","item":"https:\/\/www.apen.es\/mantenimiento-informatico\/"},{"@type":"ListItem","position":3,"name":"Mantenimiento inform\u00e1tico Cerdanyola."}]},{"@type":"WebSite","@id":"https:\/\/www.apen.es\/#website","url":"https:\/\/www.apen.es\/","name":"Apen Inform\u00e0tica","description":"Manteniment inform\u00e0tic , programari de gesti\u00f3, solucions d&#039;impressi\u00f3","publisher":{"@id":"https:\/\/www.apen.es\/#organization"},"potentialAction":[{"@type":"SearchAction","target":{"@type":"EntryPoint","urlTemplate":"https:\/\/www.apen.es\/?s={search_term_string}"},"query-input":{"@type":"PropertyValueSpecification","valueRequired":true,"valueName":"search_term_string"}}],"inLanguage":"ca"},{"@type":"Organization","@id":"https:\/\/www.apen.es\/#organization","name":"Apen: Solucions inform\u00e0tiques","url":"https:\/\/www.apen.es\/","logo":{"@type":"ImageObject","inLanguage":"ca","@id":"https:\/\/www.apen.es\/#\/schema\/logo\/image\/","url":"https:\/\/www.apen.es\/wp-content\/uploads\/2022\/08\/logo-apenok-231x82-1.png","contentUrl":"https:\/\/www.apen.es\/wp-content\/uploads\/2022\/08\/logo-apenok-231x82-1.png","width":231,"height":82,"caption":"Apen: Soluciones inform\u00e1ticas"},"image":{"@id":"https:\/\/www.apen.es\/#\/schema\/logo\/image\/"},"sameAs":["https:\/\/www.facebook.com\/apensolucions","https:\/\/www.youtube.com\/user\/ApenCentreInformatic","https:\/\/www.linkedin.com\/company\/1021771?trk=tyah&trkInfo=clickedVerticalcompanyclickedEntityId1021771idx2-1-2tarId1464195271196tasapenin"]}]}},"taxonomy_info":[],"featured_image_src_large":false,"author_info":{"display_name":"marqueting","author_link":"https:\/\/www.apen.es\/ca\/blog\/author\/marqueting\/"},"comment_info":0,"_links":{"self":[{"href":"https:\/\/www.apen.es\/ca\/wp-json\/wp\/v2\/pages\/4731","targetHints":{"allow":["GET"]}}],"collection":[{"href":"https:\/\/www.apen.es\/ca\/wp-json\/wp\/v2\/pages"}],"about":[{"href":"https:\/\/www.apen.es\/ca\/wp-json\/wp\/v2\/types\/page"}],"author":[{"embeddable":true,"href":"https:\/\/www.apen.es\/ca\/wp-json\/wp\/v2\/users\/4"}],"replies":[{"embeddable":true,"href":"https:\/\/www.apen.es\/ca\/wp-json\/wp\/v2\/comments?post=4731"}],"version-history":[{"count":3,"href":"https:\/\/www.apen.es\/ca\/wp-json\/wp\/v2\/pages\/4731\/revisions"}],"predecessor-version":[{"id":54525,"href":"https:\/\/www.apen.es\/ca\/wp-json\/wp\/v2\/pages\/4731\/revisions\/54525"}],"up":[{"embeddable":true,"href":"https:\/\/www.apen.es\/ca\/wp-json\/wp\/v2\/pages\/1357"}],"wp:attachment":[{"href":"https:\/\/www.apen.es\/ca\/wp-json\/wp\/v2\/media?parent=4731"}],"curies":[{"name":"wp","href":"https:\/\/api.w.org\/{rel}","templated":true}]}}