{"id":4729,"date":"2016-09-06T08:47:04","date_gmt":"2016-09-06T08:47:04","guid":{"rendered":"https:\/\/www.apen.es\/?page_id=4729"},"modified":"2025-03-31T06:45:37","modified_gmt":"2025-03-31T06:45:37","slug":"manteniment-informatic-mollet","status":"publish","type":"page","link":"https:\/\/www.apen.es\/ca\/mantenimiento-informatico\/mantenimiento-informatico-mollet\/","title":{"rendered":"Manteniment inform\u00e0tic Mollet"},"content":{"rendered":"<p>Des de l&#039;empresa de manteniment inform\u00e0tic APEN, volem oferir solucions integrals al sector de la inform\u00e0tica a les nostres empreses clients. Oferir una soluci\u00f3 integral significa oferir una cobertura tecnol\u00f2gica als nostres clients en totes les \u00e0rees: Manteniment d&#039;ordinadors, instal\u00b7laci\u00f3 d&#039;equips i programari, consultoria, reparaci\u00f3 d&#039;equips, instal\u00b7laci\u00f3 de programaris de gesti\u00f3 empresarials, solucions d&#039;impressi\u00f3\u2026<\/p>\n\n\n\n<p>Estem ubicats a molt pocs quil\u00f2metres de&nbsp;<strong>Mollet<\/strong>, ja que ens trobem a Granollers. Des de la nostra seu, treballem per a clients de tota la prov\u00edncia de Barcelona, tant si necessiten suport t\u00e8cnic per solucionar un problema urgent amb la xarxa o equips inform\u00e0tics, com si desitgen obrir una oficina i instal\u00b7lar una nova xarxa d&#039;ordinadors, ja que des d&#039;APEN comptem amb els millors professionals de la inform\u00e0tica, amb especialistes en cadascun dels \u00e0mbits\u2026<\/p>\n\n\n\n<h3 class=\"wp-block-heading\"><strong>Solucions inform\u00e0tiques freq\u00fcents a Mollet<\/strong><\/h3>\n\n\n\n<p>Totes les empreses capdavanteres de&nbsp;<strong>Mollet<\/strong>&nbsp;i de la prov\u00edncia de&nbsp;<a href=\"https:\/\/www.apen.es\/ca\/manteniment-informatic\/manteniment-informatic-barcelona\/\"><strong>Barcelona<\/strong><\/a>&nbsp;operen amb equips inform\u00e0tics que necessiten un manteniment peri\u00f2dic si volen rendir al m\u00e0xim nivell. Entenem la inform\u00e0tica com a element fonamental de l&#039;activitat empresarial, podr\u00edem dir, el motor de qualsevol empresa de serveis.<\/p>\n\n\n\n<p>Entre els problemes m\u00e9s freq\u00fcents als que oferim solucions, destacarien: Instal\u00b7laci\u00f3 d&#039;antivirus, instal\u00b7laci\u00f3 i configuraci\u00f3 de programari, reparaci\u00f3 d&#039;ordinadors, recuperaci\u00f3 d&#039;arxius, detecci\u00f3 de virus i codi malici\u00f3s (malware), desinfecci\u00f3 d&#039;arxius malignes als ordinadors, reparaci\u00f3 d&#039;impressores, subministrament de tinta, consultoria, instal\u00b7laci\u00f3 de xarxes inform\u00e0tiques, manteniment de servidors\u2026<\/p>\n\n\n\n<h3 class=\"wp-block-heading\"><strong>Raons per externalitzar el servei d&#039;inform\u00e0tica<\/strong><\/h3>\n\n\n\n<p>\u00c9s habitual veure com moltes petites i mitjanes empreses externalitzen els serveis de comptabilitat, recursos humans i fiscalitat a una gestoria, o que moltes empreses externalitzin el m\u00e0rqueting a empreses de comunicaci\u00f3 i publicitat. Tamb\u00e9 \u00e9s habitual que aquest tipus d&#039;empreses externalitzin els serveis de&nbsp;<strong>manteniment inform\u00e0tic<\/strong>.<\/p>\n\n\n\n<p>Els motius principals per prendre la decisi\u00f3 d&#039;externalitzar aquest servei, com en gaireb\u00e9 totes les decisions empresarials, \u00e9s una ra\u00f3 econ\u00f2mica. Seria impossible per a una empresa disposar d&#039;especialistes a la seva pr\u00f2pia plantilla en el camp de la inform\u00e0tica, si no \u00e9s precisament unes empreses d&#039;enginyeria inform\u00e0tica. Des de&nbsp;<strong>Apen<\/strong>, oferim tarifes a mida per a cada tipus d&#039;empresa, i depenent de la quantitat d&#039;ordinadors de qu\u00e8 disposi, podem oferir una quota de manteniment que no suposi cap esfor\u00e7 a les nostres empreses clients.<\/p>\n\n\n\n<h3 class=\"wp-block-heading\"><strong>La necessitat de tenir un manteniment inform\u00e0tic<\/strong><\/h3>\n\n\n\n<p>Empreses de&nbsp;<strong><a href=\"https:\/\/www.apen.es\/ca\/manteniment-informatic\/manteniment-informatic-granollers\/\">Granollers<\/a><\/strong>,<a href=\"https:\/\/www.apen.es\/ca\/manteniment-informatic\/manteniment-informatic-barcelona\/\"><strong>&nbsp;Barcelona<\/strong><\/a>,&nbsp;<a href=\"https:\/\/www.apen.es\/ca\/manteniment-informatic\/manteniment-informatic-mollet\/\"><strong>Mollet<\/strong><\/a>,&nbsp;<a href=\"https:\/\/www.apen.es\/ca\/manteniment-informatic\/manteniment-informatic-sabadell\/\"><strong>Sabadell<\/strong><\/a>,&nbsp;<a href=\"https:\/\/www.apen.es\/ca\/manteniment-informatic\/manteniment-informatic-sant-cugat\/\"><strong>Sant Cugat<\/strong><\/a>\u2026 confien en&nbsp;<strong>Apen<\/strong>&nbsp;per al manteniment inform\u00e0tic. Com tot a la vida, un problema detectat a temps \u00e9s m\u00e9s f\u00e0cil i econ\u00f2mic de reparar que un problema diagnosticat tard. El nostre equip de t\u00e8cnics, supervisaran els seus equips inform\u00e0tics i servidors per evitar complicacions en un futur, i garantir que la infraestructura inform\u00e0tica de la seva empresa mai no perillar\u00e0, assegurant el bon funcionament de la seva empresa.<\/p>\n\n\n\n<h3 class=\"wp-block-heading\"><strong>Els virus inform\u00e0tics i la seguretat<\/strong><\/h3>\n\n\n\n<p>No nom\u00e9s cal disposar de bons programaris antivirus, sin\u00f3 que tamb\u00e9 cal disposar de dispositius demmagatzematge darxius de forma segura: \u201cDiscos durs de seguretat\u201d. Contacteu amb nosaltres, i blindarem tota la vostra informaci\u00f3 perqu\u00e8 cap atac inform\u00e0tic pugui deixar-lo en una situaci\u00f3 compromesa.<\/p>","protected":false},"excerpt":{"rendered":"<p>Desde la empresa de mantenimiento inform\u00e1tico APEN, queremos ofrecer soluciones integrales en el sector de la inform\u00e1tica a nuestras empresas clientes. Ofrecer una soluci\u00f3n integral, significa ofrecer una cobertura tecnol\u00f3gica a nuestros clientes en todas las \u00e1reas: Mantenimiento de ordenadores, instalaci\u00f3n de equipos y software, consultor\u00eda, reparaci\u00f3n de equipos, instalaci\u00f3n de softwares de gesti\u00f3n empresariales,&#8230;<\/p>","protected":false},"author":4,"featured_media":0,"parent":1357,"menu_order":0,"comment_status":"closed","ping_status":"closed","template":"page-servicio-informatico.php","meta":{"_acf_changed":false,"_kad_blocks_custom_css":"","_kad_blocks_head_custom_js":"","_kad_blocks_body_custom_js":"","_kad_blocks_footer_custom_js":"","_kad_post_transparent":"","_kad_post_title":"","_kad_post_layout":"","_kad_post_sidebar_id":"","_kad_post_content_style":"","_kad_post_vertical_padding":"","_kad_post_feature":"","_kad_post_feature_position":"","_kad_post_header":false,"_kad_post_footer":false,"_kad_post_classname":"","footnotes":""},"class_list":["post-4729","page","type-page","status-publish","hentry"],"acf":[],"yoast_head":"<!-- This site is optimized with the Yoast SEO plugin v27.4 - https:\/\/yoast.com\/product\/yoast-seo-wordpress\/ -->\n<title>Mantenimiento inform\u00e1tico Mollet - Apen Inform\u00e1tica<\/title>\n<meta name=\"description\" content=\"Empresa de inform\u00e1tica en Mollet. Mantenimiento de equipos inform\u00e1ticos de tu empresa: ordenadores, impresoras, programas\u2026 Digitalizate con Apen.\" \/>\n<meta name=\"robots\" content=\"index, follow, max-snippet:-1, max-image-preview:large, max-video-preview:-1\" \/>\n<link rel=\"canonical\" href=\"https:\/\/www.apen.es\/ca\/manteniment-informatic\/manteniment-informatic-mollet\/\" \/>\n<meta property=\"og:locale\" content=\"ca_ES\" \/>\n<meta property=\"og:type\" content=\"article\" \/>\n<meta property=\"og:title\" content=\"Mantenimiento inform\u00e1tico Mollet - Apen Inform\u00e1tica\" \/>\n<meta property=\"og:description\" content=\"Empresa de inform\u00e1tica en Mollet. Mantenimiento de equipos inform\u00e1ticos de tu empresa: ordenadores, impresoras, programas\u2026 Digitalizate con Apen.\" \/>\n<meta property=\"og:url\" content=\"https:\/\/www.apen.es\/ca\/manteniment-informatic\/manteniment-informatic-mollet\/\" \/>\n<meta property=\"og:site_name\" content=\"Apen Inform\u00e1tica\" \/>\n<meta property=\"article:publisher\" content=\"https:\/\/www.facebook.com\/apensolucions\" \/>\n<meta property=\"article:modified_time\" content=\"2025-03-31T06:45:37+00:00\" \/>\n<meta property=\"og:image\" content=\"https:\/\/www.apen.es\/wp-content\/uploads\/2016\/05\/logo-apen-231x82-trasparent.png\" \/>\n\t<meta property=\"og:image:width\" content=\"231\" \/>\n\t<meta property=\"og:image:height\" content=\"82\" \/>\n\t<meta property=\"og:image:type\" content=\"image\/png\" \/>\n<meta name=\"twitter:card\" content=\"summary_large_image\" \/>\n<meta name=\"twitter:label1\" content=\"Temps estimat de lectura\" \/>\n\t<meta name=\"twitter:data1\" content=\"10 minuts\" \/>\n<script type=\"application\/ld+json\" class=\"yoast-schema-graph\">{\"@context\":\"https:\\\/\\\/schema.org\",\"@graph\":[{\"@type\":\"WebPage\",\"@id\":\"https:\\\/\\\/www.apen.es\\\/mantenimiento-informatico\\\/mantenimiento-informatico-mollet\\\/\",\"url\":\"https:\\\/\\\/www.apen.es\\\/mantenimiento-informatico\\\/mantenimiento-informatico-mollet\\\/\",\"name\":\"Mantenimiento inform\u00e1tico Mollet - Apen Inform\u00e1tica\",\"isPartOf\":{\"@id\":\"https:\\\/\\\/www.apen.es\\\/#website\"},\"datePublished\":\"2016-09-06T08:47:04+00:00\",\"dateModified\":\"2025-03-31T06:45:37+00:00\",\"description\":\"Empresa de inform\u00e1tica en Mollet. Mantenimiento de equipos inform\u00e1ticos de tu empresa: ordenadores, impresoras, programas\u2026 Digitalizate con Apen.\",\"breadcrumb\":{\"@id\":\"https:\\\/\\\/www.apen.es\\\/mantenimiento-informatico\\\/mantenimiento-informatico-mollet\\\/#breadcrumb\"},\"inLanguage\":\"ca\",\"potentialAction\":[{\"@type\":\"ReadAction\",\"target\":[\"https:\\\/\\\/www.apen.es\\\/mantenimiento-informatico\\\/mantenimiento-informatico-mollet\\\/\"]}]},{\"@type\":\"BreadcrumbList\",\"@id\":\"https:\\\/\\\/www.apen.es\\\/mantenimiento-informatico\\\/mantenimiento-informatico-mollet\\\/#breadcrumb\",\"itemListElement\":[{\"@type\":\"ListItem\",\"position\":1,\"name\":\"Portada\",\"item\":\"https:\\\/\\\/www.apen.es\\\/\"},{\"@type\":\"ListItem\",\"position\":2,\"name\":\"Mantenimiento inform\u00e1tico\",\"item\":\"https:\\\/\\\/www.apen.es\\\/mantenimiento-informatico\\\/\"},{\"@type\":\"ListItem\",\"position\":3,\"name\":\"Mantenimiento inform\u00e1tico Mollet\"}]},{\"@type\":\"WebSite\",\"@id\":\"https:\\\/\\\/www.apen.es\\\/#website\",\"url\":\"https:\\\/\\\/www.apen.es\\\/\",\"name\":\"Apen Inform\u00e1tica\",\"description\":\"Mantenimiento Inform\u00e1tico , Software de Gesti\u00f3n, Soluciones de impresi\u00f3n\",\"publisher\":{\"@id\":\"https:\\\/\\\/www.apen.es\\\/#organization\"},\"potentialAction\":[{\"@type\":\"SearchAction\",\"target\":{\"@type\":\"EntryPoint\",\"urlTemplate\":\"https:\\\/\\\/www.apen.es\\\/?s={search_term_string}\"},\"query-input\":{\"@type\":\"PropertyValueSpecification\",\"valueRequired\":true,\"valueName\":\"search_term_string\"}}],\"inLanguage\":\"ca\"},{\"@type\":\"Organization\",\"@id\":\"https:\\\/\\\/www.apen.es\\\/#organization\",\"name\":\"Apen: Soluciones inform\u00e1ticas\",\"url\":\"https:\\\/\\\/www.apen.es\\\/\",\"logo\":{\"@type\":\"ImageObject\",\"inLanguage\":\"ca\",\"@id\":\"https:\\\/\\\/www.apen.es\\\/#\\\/schema\\\/logo\\\/image\\\/\",\"url\":\"https:\\\/\\\/www.apen.es\\\/wp-content\\\/uploads\\\/2022\\\/08\\\/logo-apenok-231x82-1.png\",\"contentUrl\":\"https:\\\/\\\/www.apen.es\\\/wp-content\\\/uploads\\\/2022\\\/08\\\/logo-apenok-231x82-1.png\",\"width\":231,\"height\":82,\"caption\":\"Apen: Soluciones inform\u00e1ticas\"},\"image\":{\"@id\":\"https:\\\/\\\/www.apen.es\\\/#\\\/schema\\\/logo\\\/image\\\/\"},\"sameAs\":[\"https:\\\/\\\/www.facebook.com\\\/apensolucions\",\"https:\\\/\\\/www.youtube.com\\\/user\\\/ApenCentreInformatic\",\"https:\\\/\\\/www.linkedin.com\\\/company\\\/1021771?trk=tyah&trkInfo=clickedVerticalcompanyclickedEntityId1021771idx2-1-2tarId1464195271196tasapenin\"]}]}<\/script>\n<!-- \/ Yoast SEO plugin. -->","yoast_head_json":{"title":"Manteniment inform\u00e0tic Mollet - Apen Inform\u00e0tica","description":"Empresa d&#039;inform\u00e0tica a Mollet. Manteniment d&#039;equips inform\u00e0tics de la teva empresa: ordinadors, impressores, programes\u2026 Digitalitza&#039;t amb Apen.","robots":{"index":"index","follow":"follow","max-snippet":"max-snippet:-1","max-image-preview":"max-image-preview:large","max-video-preview":"max-video-preview:-1"},"canonical":"https:\/\/www.apen.es\/ca\/manteniment-informatic\/manteniment-informatic-mollet\/","og_locale":"ca_ES","og_type":"article","og_title":"Mantenimiento inform\u00e1tico Mollet - Apen Inform\u00e1tica","og_description":"Empresa de inform\u00e1tica en Mollet. Mantenimiento de equipos inform\u00e1ticos de tu empresa: ordenadores, impresoras, programas\u2026 Digitalizate con Apen.","og_url":"https:\/\/www.apen.es\/ca\/manteniment-informatic\/manteniment-informatic-mollet\/","og_site_name":"Apen Inform\u00e1tica","article_publisher":"https:\/\/www.facebook.com\/apensolucions","article_modified_time":"2025-03-31T06:45:37+00:00","og_image":[{"width":231,"height":82,"url":"https:\/\/www.apen.es\/wp-content\/uploads\/2016\/05\/logo-apen-231x82-trasparent.png","type":"image\/png"}],"twitter_card":"summary_large_image","twitter_misc":{"Temps estimat de lectura":"10 minuts"},"schema":{"@context":"https:\/\/schema.org","@graph":[{"@type":"WebPage","@id":"https:\/\/www.apen.es\/mantenimiento-informatico\/mantenimiento-informatico-mollet\/","url":"https:\/\/www.apen.es\/mantenimiento-informatico\/mantenimiento-informatico-mollet\/","name":"Manteniment inform\u00e0tic Mollet - Apen Inform\u00e0tica","isPartOf":{"@id":"https:\/\/www.apen.es\/#website"},"datePublished":"2016-09-06T08:47:04+00:00","dateModified":"2025-03-31T06:45:37+00:00","description":"Empresa d&#039;inform\u00e0tica a Mollet. Manteniment d&#039;equips inform\u00e0tics de la teva empresa: ordinadors, impressores, programes\u2026 Digitalitza&#039;t amb Apen.","breadcrumb":{"@id":"https:\/\/www.apen.es\/mantenimiento-informatico\/mantenimiento-informatico-mollet\/#breadcrumb"},"inLanguage":"ca","potentialAction":[{"@type":"ReadAction","target":["https:\/\/www.apen.es\/mantenimiento-informatico\/mantenimiento-informatico-mollet\/"]}]},{"@type":"BreadcrumbList","@id":"https:\/\/www.apen.es\/mantenimiento-informatico\/mantenimiento-informatico-mollet\/#breadcrumb","itemListElement":[{"@type":"ListItem","position":1,"name":"Portada","item":"https:\/\/www.apen.es\/"},{"@type":"ListItem","position":2,"name":"Mantenimiento inform\u00e1tico","item":"https:\/\/www.apen.es\/mantenimiento-informatico\/"},{"@type":"ListItem","position":3,"name":"Mantenimiento inform\u00e1tico Mollet"}]},{"@type":"WebSite","@id":"https:\/\/www.apen.es\/#website","url":"https:\/\/www.apen.es\/","name":"Apen Inform\u00e0tica","description":"Manteniment inform\u00e0tic , programari de gesti\u00f3, solucions d&#039;impressi\u00f3","publisher":{"@id":"https:\/\/www.apen.es\/#organization"},"potentialAction":[{"@type":"SearchAction","target":{"@type":"EntryPoint","urlTemplate":"https:\/\/www.apen.es\/?s={search_term_string}"},"query-input":{"@type":"PropertyValueSpecification","valueRequired":true,"valueName":"search_term_string"}}],"inLanguage":"ca"},{"@type":"Organization","@id":"https:\/\/www.apen.es\/#organization","name":"Apen: Solucions inform\u00e0tiques","url":"https:\/\/www.apen.es\/","logo":{"@type":"ImageObject","inLanguage":"ca","@id":"https:\/\/www.apen.es\/#\/schema\/logo\/image\/","url":"https:\/\/www.apen.es\/wp-content\/uploads\/2022\/08\/logo-apenok-231x82-1.png","contentUrl":"https:\/\/www.apen.es\/wp-content\/uploads\/2022\/08\/logo-apenok-231x82-1.png","width":231,"height":82,"caption":"Apen: Soluciones inform\u00e1ticas"},"image":{"@id":"https:\/\/www.apen.es\/#\/schema\/logo\/image\/"},"sameAs":["https:\/\/www.facebook.com\/apensolucions","https:\/\/www.youtube.com\/user\/ApenCentreInformatic","https:\/\/www.linkedin.com\/company\/1021771?trk=tyah&trkInfo=clickedVerticalcompanyclickedEntityId1021771idx2-1-2tarId1464195271196tasapenin"]}]}},"taxonomy_info":[],"featured_image_src_large":false,"author_info":{"display_name":"marqueting","author_link":"https:\/\/www.apen.es\/ca\/blog\/author\/marqueting\/"},"comment_info":0,"_links":{"self":[{"href":"https:\/\/www.apen.es\/ca\/wp-json\/wp\/v2\/pages\/4729","targetHints":{"allow":["GET"]}}],"collection":[{"href":"https:\/\/www.apen.es\/ca\/wp-json\/wp\/v2\/pages"}],"about":[{"href":"https:\/\/www.apen.es\/ca\/wp-json\/wp\/v2\/types\/page"}],"author":[{"embeddable":true,"href":"https:\/\/www.apen.es\/ca\/wp-json\/wp\/v2\/users\/4"}],"replies":[{"embeddable":true,"href":"https:\/\/www.apen.es\/ca\/wp-json\/wp\/v2\/comments?post=4729"}],"version-history":[{"count":3,"href":"https:\/\/www.apen.es\/ca\/wp-json\/wp\/v2\/pages\/4729\/revisions"}],"predecessor-version":[{"id":54524,"href":"https:\/\/www.apen.es\/ca\/wp-json\/wp\/v2\/pages\/4729\/revisions\/54524"}],"up":[{"embeddable":true,"href":"https:\/\/www.apen.es\/ca\/wp-json\/wp\/v2\/pages\/1357"}],"wp:attachment":[{"href":"https:\/\/www.apen.es\/ca\/wp-json\/wp\/v2\/media?parent=4729"}],"curies":[{"name":"wp","href":"https:\/\/api.w.org\/{rel}","templated":true}]}}