{"id":4725,"date":"2016-09-02T13:21:21","date_gmt":"2016-09-02T13:21:21","guid":{"rendered":"https:\/\/www.apen.es\/?page_id=4725"},"modified":"2025-03-24T09:53:57","modified_gmt":"2025-03-24T09:53:57","slug":"manteniment-informatic-sant-cugat","status":"publish","type":"page","link":"https:\/\/www.apen.es\/ca\/manteniment-informatic\/manteniment-informatic-sant-cugat\/","title":{"rendered":"Manteniment inform\u00e0tic Sant Cugat"},"content":{"rendered":"<p>Oferim un servei de manteniment inform\u00e0tic a Sant Cugat d&#039;acord amb les necessitats de cada empresa. Des de l\u00b4empresa d\u00b4inform\u00e0tica i solucions tecnol\u00f2giques Apen, volem ser una soluci\u00f3 integral a les necessitats que pugui tenir qualsevol empresa de la localitat de Sant Cugat. Treballem per tota la prov\u00edncia de Barcelona i ens dediquem a resoldre les problem\u00e0tiques que puguin tenir les empreses en relaci\u00f3 amb la seguretat inform\u00e0tica, la gesti\u00f3 d&#039;usuaris a les xarxes inform\u00e0tiques, la reparaci\u00f3 del dany causat per codi malici\u00f3s o virus, les c\u00f2pies de seguretat, l&#039;optimitzaci\u00f3 i depuraci\u00f3 dels sistemes operatius\u2026<\/p>\n\n\n\n<p>La nostra manera de treballar garanteix el bon funcionament dels sistemes inform\u00e0tics de les nostres empreses clients i oferim ofertes ajustades a les necessitats ia la dimensi\u00f3 de cada client. Les nostres tarifes s&#039;adapten a la quantitat de terminals que l&#039;empresa disposi i als diferents sistemes operatius.<\/p>\n\n\n\n<p>Una de les necessitats m\u00e9s creixent en els darrers anys per part de les empreses, \u00e9s la cura, la prevenci\u00f3 i el manteniment inform\u00e0tic dels seus equips.<\/p>\n\n\n\n<h3 class=\"wp-block-heading\"><strong>Des d&#039;Apen ens encarreguem de resoldre tots aquells problemes que vost\u00e8 pugui tenir al camp de la inform\u00e0tica:<\/strong><\/h3>\n\n\n\n<ul class=\"wp-block-list\">\n<li>Reparaci\u00f3 del dany, detecci\u00f3 i an\u00e0lisi de codi malici\u00f3s (malware), troians i virus inform\u00e0tics de qualsevol \u00edndole.<\/li>\n\n\n\n<li>Servei de manteniment inform\u00e0tic a tot tipus d&#039;ordinadors.<\/li>\n\n\n\n<li>Optimitzaci\u00f3 del sistema operatiu i neteja de fitxers innecessaris.<\/li>\n\n\n\n<li>Realitzem c\u00f2pies de seguretat dels seus arxius de manera offline i en l\u00ednia.<\/li>\n\n\n\n<li>Instal\u00b7lem, preparem i dissenyem xarxes inform\u00e0tiques per a la vostra empresa.<\/li>\n\n\n\n<li>Mantenim servidors dempresa.<\/li>\n\n\n\n<li>Instal\u00b7lem els millors antivirus del mercat i els configurem d&#039;acord amb les vostres necessitats.<\/li>\n\n\n\n<li>Recuperem arxius perduts a causa de virus o danys al disc dur.<\/li>\n\n\n\n<li>Gesti\u00f3 de permisos i manteniment de les xarxes inform\u00e0tiques.<\/li>\n\n\n\n<li>Instal\u00b7laci\u00f3 i configuraci\u00f3 dels programes d&#039;ofim\u00e0tica i gesti\u00f3 digital que la vostra empresa pugui necessitar.<\/li>\n\n\n\n<li>Oferim solucions d\u00b4impressi\u00f3.<\/li>\n\n\n\n<li>Reparem equips com ordinadors, impressors, fax, monitors\u2026 De la vostra empresa.<\/li>\n<\/ul>\n\n\n\n<h3 class=\"wp-block-heading\"><strong>El servei de manteniment inform\u00e0tic, cada cop m\u00e9s necessari<\/strong><\/h3>\n\n\n\n<p>Cada cop s\u00f3n m\u00e9s les empreses de Sant Cugat que desitgen una garantia per al bon funcionament dels seus equips inform\u00e0tics i que vulguin millorar-ne la gesti\u00f3 inform\u00e0tica.<\/p>\n\n\n\n<p>A Apen no solucionem els problemes m\u00e9s comuns que puguin patir les PIMES, com s\u00f3n la seguretat, el manteniment, la restauraci\u00f3 d&#039;equips i els problemes d&#039;impressi\u00f3, sin\u00f3 que anem m\u00e9s enll\u00e0 assessorant, instal\u00b7lant i formant l&#039;empresa en la gesti\u00f3 de programaris empresarials capa\u00e7os de millorar la gesti\u00f3 comercial, operativa, comptable i financera de qualsevol empresa de Sant Cugat o de la prov\u00edncia.<\/p>\n\n\n\n<p>A m\u00e9s, des del primer moment en qu\u00e8 contacteu amb nosaltres, us trobareu assessorat per professionals amb gran experi\u00e8ncia en la inform\u00e0tica empresarial, amb la qual cosa estarem encantats d&#039;escoltar les vostres necessitats i preparar una proposta econ\u00f2mica sense cap comprom\u00eds.<\/p>\n\n\n\n<h3 class=\"wp-block-heading\">Manteniment inform\u00e0tic a Sant Cugat, la soluci\u00f3 perfecta per als problemes m\u00e9s habituals en una PIME<\/h3>\n\n\n\n<p>Avui dia tota la informaci\u00f3 d&#039;una empresa sol estar emmagatzemada en un ordinador o en diversos, com per exemple, la informaci\u00f3 dels clients, les dades dels prove\u00efdors, els comptes de l&#039;empresa i molt m\u00e9s, per aix\u00f2 \u00e9s informaci\u00f3 molt valuosa i necess\u00e0ria per treballar en el dia a dia, aix\u00ed que \u00e9s molt important protegir-la perqu\u00e8 no hi hagi cap imprevist, per aix\u00f2, des de la nostra empresa oferim els tres plans de&nbsp;<strong>manteniment inform\u00e0tic a Sant Cugat<\/strong>&nbsp;dels quals us hem parlat anteriorment, per tal d&#039;evitar en la mesura que sigui possible qualsevol tipus de problema.<\/p>\n\n\n\n<p>A continuaci\u00f3, parlarem dels problemes que s\u00f3n m\u00e9s comuns a les petites i mitjanes empreses, per tal que sapigueu al que us enfronteu en cas de no tenir un servei de qualitat com el nostre contractat, cosa que al contrari del que us podeu imaginar, no tenir un servei de&nbsp;<strong>manteniment<\/strong>&nbsp;<strong>inform\u00e0tic a Sant<\/strong>&nbsp;<strong>Cugat<\/strong>&nbsp;com aquest, us pot suposar una gran despesa de diners a l&#039;hora de reparar els equips o fins i tot problemes m\u00e9s greus com la p\u00e8rdua d&#039;informaci\u00f3.<\/p>\n\n\n\n<p>Un dels problemes m\u00e9s comuns a les empreses que compten amb ordinadors, \u00e9s la lentitud dels equips, la qual cosa pot estar causada per una gran varietat de motius, per la qual cosa cal que un professional detecti quin \u00e9s el problema i aix\u00ed ho pugui reparar, ja que en cas contrari, el treball s&#039;alenteix, perdent aix\u00ed molt de temps i per tant molts diners. Normalment, aix\u00f2 sol estar causat per una sobrec\u00e0rrega de processos que es fan alhora oa causa d&#039;un virus, que \u00e9s un altre dels problemes m\u00e9s comuns.<\/p>\n\n\n\n<p>Molts clients han acudit a nosaltres a la recerca del nostre servei de&nbsp;<strong>manteniment inform\u00e0tic a Sant Cugat<\/strong>, sense saber que tenien un virus al seu ordinador, ja que al contrari del que pensen moltes persones, un virus no \u00e9s f\u00e0cil de detectar, sin\u00f3 que de vegades \u00e9s gaireb\u00e9 impossible, tret que un professional com els de la nostra empresa es dediquin a buscar-los, ja que en el moment que el client s&#039;adona que t\u00e9 un virus potser ja han estat per a posar-se una soluci\u00f3, i tots els han robat per ser posats en ordinador.<\/p>\n\n\n\n<p>Si voleu tenir a la vostra empresa la tranquil\u00b7litat que tots els ordinadors i els equips inform\u00e0tics estan en bones condicions i preparats per treballar en el dia a dia, contacteu amb nosaltres i demaneu informaci\u00f3 sobre el servei de&nbsp;<strong>manteniment inform\u00e0tic a Sant Cugat.<\/strong><\/p>","protected":false},"excerpt":{"rendered":"<p>Ofrecemos un servicio de mantenimiento inform\u00e1tico en Sant Cugat acorde a las necesidades de cada empresa. Desde la empresa de inform\u00e1tica y soluciones tecnol\u00f3gicas Apen, queremos ser una soluci\u00f3n integral a las necesidades que pueda tener cualquier empresa de la localidad de Sant Cugat. Trabajamos por toda la provincia de Barcelona y nos dedicamos a&#8230;<\/p>","protected":false},"author":4,"featured_media":0,"parent":1357,"menu_order":0,"comment_status":"closed","ping_status":"closed","template":"page-servicio-informatico.php","meta":{"_acf_changed":false,"_kad_blocks_custom_css":"","_kad_blocks_head_custom_js":"","_kad_blocks_body_custom_js":"","_kad_blocks_footer_custom_js":"","_kad_post_transparent":"","_kad_post_title":"","_kad_post_layout":"","_kad_post_sidebar_id":"","_kad_post_content_style":"","_kad_post_vertical_padding":"","_kad_post_feature":"","_kad_post_feature_position":"","_kad_post_header":false,"_kad_post_footer":false,"_kad_post_classname":"","footnotes":""},"class_list":["post-4725","page","type-page","status-publish","hentry"],"acf":[],"yoast_head":"<!-- This site is optimized with the Yoast SEO plugin v27.4 - https:\/\/yoast.com\/product\/yoast-seo-wordpress\/ -->\n<title>Mantenimiento informatico Sant Cugat - Apen Inform\u00e1tica<\/title>\n<meta name=\"description\" content=\"Empresa de inform\u00e1tica en Sant Cugat. Mantenimiento de equipos inform\u00e1ticos de tu empresa: ordenadores, impresoras, programas... Conf\u00eda en Apen.\" \/>\n<meta name=\"robots\" content=\"index, follow, max-snippet:-1, max-image-preview:large, max-video-preview:-1\" \/>\n<link rel=\"canonical\" href=\"https:\/\/www.apen.es\/ca\/manteniment-informatic\/manteniment-informatic-sant-cugat\/\" \/>\n<meta property=\"og:locale\" content=\"ca_ES\" \/>\n<meta property=\"og:type\" content=\"article\" \/>\n<meta property=\"og:title\" content=\"Mantenimiento informatico Sant Cugat - Apen Inform\u00e1tica\" \/>\n<meta property=\"og:description\" content=\"Empresa de inform\u00e1tica en Sant Cugat. Mantenimiento de equipos inform\u00e1ticos de tu empresa: ordenadores, impresoras, programas... Conf\u00eda en Apen.\" \/>\n<meta property=\"og:url\" content=\"https:\/\/www.apen.es\/ca\/manteniment-informatic\/manteniment-informatic-sant-cugat\/\" \/>\n<meta property=\"og:site_name\" content=\"Apen Inform\u00e1tica\" \/>\n<meta property=\"article:publisher\" content=\"https:\/\/www.facebook.com\/apensolucions\" \/>\n<meta property=\"article:modified_time\" content=\"2025-03-24T09:53:57+00:00\" \/>\n<meta property=\"og:image\" content=\"https:\/\/www.apen.es\/wp-content\/uploads\/2016\/05\/logo-apen-231x82-trasparent.png\" \/>\n\t<meta property=\"og:image:width\" content=\"231\" \/>\n\t<meta property=\"og:image:height\" content=\"82\" \/>\n\t<meta property=\"og:image:type\" content=\"image\/png\" \/>\n<meta name=\"twitter:card\" content=\"summary_large_image\" \/>\n<meta name=\"twitter:label1\" content=\"Temps estimat de lectura\" \/>\n\t<meta name=\"twitter:data1\" content=\"14 minuts\" \/>\n<script type=\"application\/ld+json\" class=\"yoast-schema-graph\">{\"@context\":\"https:\\\/\\\/schema.org\",\"@graph\":[{\"@type\":\"WebPage\",\"@id\":\"https:\\\/\\\/www.apen.es\\\/mantenimiento-informatico\\\/mantenimiento-informatico-sant-cugat\\\/\",\"url\":\"https:\\\/\\\/www.apen.es\\\/mantenimiento-informatico\\\/mantenimiento-informatico-sant-cugat\\\/\",\"name\":\"Mantenimiento informatico Sant Cugat - Apen Inform\u00e1tica\",\"isPartOf\":{\"@id\":\"https:\\\/\\\/www.apen.es\\\/#website\"},\"datePublished\":\"2016-09-02T13:21:21+00:00\",\"dateModified\":\"2025-03-24T09:53:57+00:00\",\"description\":\"Empresa de inform\u00e1tica en Sant Cugat. Mantenimiento de equipos inform\u00e1ticos de tu empresa: ordenadores, impresoras, programas... Conf\u00eda en Apen.\",\"breadcrumb\":{\"@id\":\"https:\\\/\\\/www.apen.es\\\/mantenimiento-informatico\\\/mantenimiento-informatico-sant-cugat\\\/#breadcrumb\"},\"inLanguage\":\"ca\",\"potentialAction\":[{\"@type\":\"ReadAction\",\"target\":[\"https:\\\/\\\/www.apen.es\\\/mantenimiento-informatico\\\/mantenimiento-informatico-sant-cugat\\\/\"]}]},{\"@type\":\"BreadcrumbList\",\"@id\":\"https:\\\/\\\/www.apen.es\\\/mantenimiento-informatico\\\/mantenimiento-informatico-sant-cugat\\\/#breadcrumb\",\"itemListElement\":[{\"@type\":\"ListItem\",\"position\":1,\"name\":\"Portada\",\"item\":\"https:\\\/\\\/www.apen.es\\\/\"},{\"@type\":\"ListItem\",\"position\":2,\"name\":\"Mantenimiento inform\u00e1tico\",\"item\":\"https:\\\/\\\/www.apen.es\\\/mantenimiento-informatico\\\/\"},{\"@type\":\"ListItem\",\"position\":3,\"name\":\"Mantenimiento informatico Sant Cugat\"}]},{\"@type\":\"WebSite\",\"@id\":\"https:\\\/\\\/www.apen.es\\\/#website\",\"url\":\"https:\\\/\\\/www.apen.es\\\/\",\"name\":\"Apen Inform\u00e1tica\",\"description\":\"Mantenimiento Inform\u00e1tico , Software de Gesti\u00f3n, Soluciones de impresi\u00f3n\",\"publisher\":{\"@id\":\"https:\\\/\\\/www.apen.es\\\/#organization\"},\"potentialAction\":[{\"@type\":\"SearchAction\",\"target\":{\"@type\":\"EntryPoint\",\"urlTemplate\":\"https:\\\/\\\/www.apen.es\\\/?s={search_term_string}\"},\"query-input\":{\"@type\":\"PropertyValueSpecification\",\"valueRequired\":true,\"valueName\":\"search_term_string\"}}],\"inLanguage\":\"ca\"},{\"@type\":\"Organization\",\"@id\":\"https:\\\/\\\/www.apen.es\\\/#organization\",\"name\":\"Apen: Soluciones inform\u00e1ticas\",\"url\":\"https:\\\/\\\/www.apen.es\\\/\",\"logo\":{\"@type\":\"ImageObject\",\"inLanguage\":\"ca\",\"@id\":\"https:\\\/\\\/www.apen.es\\\/#\\\/schema\\\/logo\\\/image\\\/\",\"url\":\"https:\\\/\\\/www.apen.es\\\/wp-content\\\/uploads\\\/2022\\\/08\\\/logo-apenok-231x82-1.png\",\"contentUrl\":\"https:\\\/\\\/www.apen.es\\\/wp-content\\\/uploads\\\/2022\\\/08\\\/logo-apenok-231x82-1.png\",\"width\":231,\"height\":82,\"caption\":\"Apen: Soluciones inform\u00e1ticas\"},\"image\":{\"@id\":\"https:\\\/\\\/www.apen.es\\\/#\\\/schema\\\/logo\\\/image\\\/\"},\"sameAs\":[\"https:\\\/\\\/www.facebook.com\\\/apensolucions\",\"https:\\\/\\\/www.youtube.com\\\/user\\\/ApenCentreInformatic\",\"https:\\\/\\\/www.linkedin.com\\\/company\\\/1021771?trk=tyah&trkInfo=clickedVerticalcompanyclickedEntityId1021771idx2-1-2tarId1464195271196tasapenin\"]}]}<\/script>\n<!-- \/ Yoast SEO plugin. -->","yoast_head_json":{"title":"Manteniment inform\u00e0tic Sant Cugat - Apen Inform\u00e0tica","description":"Empresa d&#039;inform\u00e0tica a Sant Cugat. Manteniment d&#039;equips inform\u00e0tics de la teva empresa: ordinadors, impressores, programes... Confia a Apen.","robots":{"index":"index","follow":"follow","max-snippet":"max-snippet:-1","max-image-preview":"max-image-preview:large","max-video-preview":"max-video-preview:-1"},"canonical":"https:\/\/www.apen.es\/ca\/manteniment-informatic\/manteniment-informatic-sant-cugat\/","og_locale":"ca_ES","og_type":"article","og_title":"Mantenimiento informatico Sant Cugat - Apen Inform\u00e1tica","og_description":"Empresa de inform\u00e1tica en Sant Cugat. Mantenimiento de equipos inform\u00e1ticos de tu empresa: ordenadores, impresoras, programas... Conf\u00eda en Apen.","og_url":"https:\/\/www.apen.es\/ca\/manteniment-informatic\/manteniment-informatic-sant-cugat\/","og_site_name":"Apen Inform\u00e1tica","article_publisher":"https:\/\/www.facebook.com\/apensolucions","article_modified_time":"2025-03-24T09:53:57+00:00","og_image":[{"width":231,"height":82,"url":"https:\/\/www.apen.es\/wp-content\/uploads\/2016\/05\/logo-apen-231x82-trasparent.png","type":"image\/png"}],"twitter_card":"summary_large_image","twitter_misc":{"Temps estimat de lectura":"14 minuts"},"schema":{"@context":"https:\/\/schema.org","@graph":[{"@type":"WebPage","@id":"https:\/\/www.apen.es\/mantenimiento-informatico\/mantenimiento-informatico-sant-cugat\/","url":"https:\/\/www.apen.es\/mantenimiento-informatico\/mantenimiento-informatico-sant-cugat\/","name":"Manteniment inform\u00e0tic Sant Cugat - Apen Inform\u00e0tica","isPartOf":{"@id":"https:\/\/www.apen.es\/#website"},"datePublished":"2016-09-02T13:21:21+00:00","dateModified":"2025-03-24T09:53:57+00:00","description":"Empresa d&#039;inform\u00e0tica a Sant Cugat. Manteniment d&#039;equips inform\u00e0tics de la teva empresa: ordinadors, impressores, programes... Confia a Apen.","breadcrumb":{"@id":"https:\/\/www.apen.es\/mantenimiento-informatico\/mantenimiento-informatico-sant-cugat\/#breadcrumb"},"inLanguage":"ca","potentialAction":[{"@type":"ReadAction","target":["https:\/\/www.apen.es\/mantenimiento-informatico\/mantenimiento-informatico-sant-cugat\/"]}]},{"@type":"BreadcrumbList","@id":"https:\/\/www.apen.es\/mantenimiento-informatico\/mantenimiento-informatico-sant-cugat\/#breadcrumb","itemListElement":[{"@type":"ListItem","position":1,"name":"Portada","item":"https:\/\/www.apen.es\/"},{"@type":"ListItem","position":2,"name":"Mantenimiento inform\u00e1tico","item":"https:\/\/www.apen.es\/mantenimiento-informatico\/"},{"@type":"ListItem","position":3,"name":"Mantenimiento informatico Sant Cugat"}]},{"@type":"WebSite","@id":"https:\/\/www.apen.es\/#website","url":"https:\/\/www.apen.es\/","name":"Apen Inform\u00e0tica","description":"Manteniment inform\u00e0tic , programari de gesti\u00f3, solucions d&#039;impressi\u00f3","publisher":{"@id":"https:\/\/www.apen.es\/#organization"},"potentialAction":[{"@type":"SearchAction","target":{"@type":"EntryPoint","urlTemplate":"https:\/\/www.apen.es\/?s={search_term_string}"},"query-input":{"@type":"PropertyValueSpecification","valueRequired":true,"valueName":"search_term_string"}}],"inLanguage":"ca"},{"@type":"Organization","@id":"https:\/\/www.apen.es\/#organization","name":"Apen: Solucions inform\u00e0tiques","url":"https:\/\/www.apen.es\/","logo":{"@type":"ImageObject","inLanguage":"ca","@id":"https:\/\/www.apen.es\/#\/schema\/logo\/image\/","url":"https:\/\/www.apen.es\/wp-content\/uploads\/2022\/08\/logo-apenok-231x82-1.png","contentUrl":"https:\/\/www.apen.es\/wp-content\/uploads\/2022\/08\/logo-apenok-231x82-1.png","width":231,"height":82,"caption":"Apen: Soluciones inform\u00e1ticas"},"image":{"@id":"https:\/\/www.apen.es\/#\/schema\/logo\/image\/"},"sameAs":["https:\/\/www.facebook.com\/apensolucions","https:\/\/www.youtube.com\/user\/ApenCentreInformatic","https:\/\/www.linkedin.com\/company\/1021771?trk=tyah&trkInfo=clickedVerticalcompanyclickedEntityId1021771idx2-1-2tarId1464195271196tasapenin"]}]}},"taxonomy_info":[],"featured_image_src_large":false,"author_info":{"display_name":"marqueting","author_link":"https:\/\/www.apen.es\/ca\/blog\/author\/marqueting\/"},"comment_info":0,"_links":{"self":[{"href":"https:\/\/www.apen.es\/ca\/wp-json\/wp\/v2\/pages\/4725","targetHints":{"allow":["GET"]}}],"collection":[{"href":"https:\/\/www.apen.es\/ca\/wp-json\/wp\/v2\/pages"}],"about":[{"href":"https:\/\/www.apen.es\/ca\/wp-json\/wp\/v2\/types\/page"}],"author":[{"embeddable":true,"href":"https:\/\/www.apen.es\/ca\/wp-json\/wp\/v2\/users\/4"}],"replies":[{"embeddable":true,"href":"https:\/\/www.apen.es\/ca\/wp-json\/wp\/v2\/comments?post=4725"}],"version-history":[{"count":2,"href":"https:\/\/www.apen.es\/ca\/wp-json\/wp\/v2\/pages\/4725\/revisions"}],"predecessor-version":[{"id":54419,"href":"https:\/\/www.apen.es\/ca\/wp-json\/wp\/v2\/pages\/4725\/revisions\/54419"}],"up":[{"embeddable":true,"href":"https:\/\/www.apen.es\/ca\/wp-json\/wp\/v2\/pages\/1357"}],"wp:attachment":[{"href":"https:\/\/www.apen.es\/ca\/wp-json\/wp\/v2\/media?parent=4725"}],"curies":[{"name":"wp","href":"https:\/\/api.w.org\/{rel}","templated":true}]}}