{"id":45393,"date":"2024-02-23T10:32:37","date_gmt":"2024-02-23T10:32:37","guid":{"rendered":"https:\/\/www.apen.es\/?page_id=45393"},"modified":"2025-10-02T15:32:00","modified_gmt":"2025-10-02T15:32:00","slug":"proteccion-de-datos-mail","status":"publish","type":"page","link":"https:\/\/www.apen.es\/ca\/proteccion-de-datos-mail\/","title":{"rendered":"Protecci\u00f3 de dades mail"},"content":{"rendered":"<style>.kb-row-layout-id45393_7263fc-c8 > .kt-row-column-wrap{align-content:start;}:where(.kb-row-layout-id45393_7263fc-c8 > .kt-row-column-wrap) > .wp-block-kadence-column{justify-content:start;}.kb-row-layout-id45393_7263fc-c8 > .kt-row-column-wrap{column-gap:var(--global-kb-gap-none, 0rem );row-gap:var(--global-kb-gap-none, 0rem );max-width:var( --global-content-width, 1720px );padding-left:var(--global-content-edge-padding);padding-right:var(--global-content-edge-padding);padding-top:0px;padding-bottom:0px;grid-template-columns:minmax(0, calc(35% - ((var(--global-kb-gap-none, 0rem ) * 1 )\/2)))minmax(0, calc(65% - ((var(--global-kb-gap-none, 0rem ) * 1 )\/2)));}.kb-row-layout-id45393_7263fc-c8 > .kt-row-layout-overlay{opacity:0.30;}@media all and (max-width: 1024px){.kb-row-layout-id45393_7263fc-c8 > .kt-row-column-wrap{grid-template-columns:minmax(0, 1fr);}}@media all and (max-width: 767px){.kb-row-layout-id45393_7263fc-c8 > .kt-row-column-wrap{grid-template-columns:minmax(0, 1fr);}}<\/style><div class=\"kb-row-layout-wrap kb-row-layout-id45393_7263fc-c8 alignnone landing-row wp-block-kadence-rowlayout\"><div class=\"kt-row-column-wrap kt-has-2-columns kt-row-layout-equal kt-tab-layout-row kt-mobile-layout-row kt-row-valign-top kb-theme-content-width\">\n<style>#wrapper.site{overflow:clip;}.kadence-column45393_b9d03a-e9 > .kt-inside-inner-col{padding-top:100px;padding-right:80px;padding-bottom:100px;}.kadence-column45393_b9d03a-e9 > .kt-inside-inner-col,.kadence-column45393_b9d03a-e9 > .kt-inside-inner-col:before{border-top-left-radius:0px;border-top-right-radius:0px;border-bottom-right-radius:0px;border-bottom-left-radius:0px;}.kadence-column45393_b9d03a-e9 > .kt-inside-inner-col{column-gap:var(--global-kb-gap-sm, 1rem);}.kadence-column45393_b9d03a-e9 > .kt-inside-inner-col{flex-direction:column;}.kadence-column45393_b9d03a-e9 > .kt-inside-inner-col > .aligncenter{width:100%;}.kadence-column45393_b9d03a-e9 > .kt-inside-inner-col:before{opacity:0.3;}.kadence-column45393_b9d03a-e9{position:relative;}@media all and (max-width: 1024px){.kadence-column45393_b9d03a-e9 > .kt-inside-inner-col{flex-direction:column;justify-content:center;}}@media all and (max-width: 767px){.kadence-column45393_b9d03a-e9 > .kt-inside-inner-col{padding-right:0px;padding-bottom:0px;flex-direction:column;justify-content:center;}}<\/style>\n<div class=\"wp-block-kadence-column kadence-column45393_b9d03a-e9 kb-section-is-sticky\"><div class=\"kt-inside-inner-col\"><style>.wp-block-kadence-advancedheading.kt-adv-heading45393_de5687-6d, .wp-block-kadence-advancedheading.kt-adv-heading45393_de5687-6d[data-kb-block=\"kb-adv-heading45393_de5687-6d\"]{margin-bottom:30px;font-size:var(--global-kb-font-size-lg, 2rem);font-weight:400;font-style:normal;}.wp-block-kadence-advancedheading.kt-adv-heading45393_de5687-6d mark.kt-highlight, .wp-block-kadence-advancedheading.kt-adv-heading45393_de5687-6d[data-kb-block=\"kb-adv-heading45393_de5687-6d\"] mark.kt-highlight{font-style:normal;color:#f76a0c;-webkit-box-decoration-break:clone;box-decoration-break:clone;padding-top:0px;padding-right:0px;padding-bottom:0px;padding-left:0px;}.wp-block-kadence-advancedheading.kt-adv-heading45393_de5687-6d img.kb-inline-image, .wp-block-kadence-advancedheading.kt-adv-heading45393_de5687-6d[data-kb-block=\"kb-adv-heading45393_de5687-6d\"] img.kb-inline-image{width:150px;vertical-align:baseline;}<\/style>\n<h2 class=\"kt-adv-heading45393_de5687-6d title-xl wp-block-kadence-advancedheading\" data-kb-block=\"kb-adv-heading45393_de5687-6d\">CL\u00c1USULA RGPD INFORMATIVA<\/h2>\n\n\n<style>.kadence-column45393_335843-13 > .kt-inside-inner-col{display:flex;}.kadence-column45393_335843-13 > .kt-inside-inner-col,.kadence-column45393_335843-13 > .kt-inside-inner-col:before{border-top-left-radius:0px;border-top-right-radius:0px;border-bottom-right-radius:0px;border-bottom-left-radius:0px;}.kadence-column45393_335843-13 > .kt-inside-inner-col{column-gap:var(--global-kb-gap-sm, 1rem);}.kadence-column45393_335843-13 > .kt-inside-inner-col{flex-direction:row;flex-wrap:wrap;align-items:flex-start;justify-content:space-between;}.kadence-column45393_335843-13 > .kt-inside-inner-col > *, .kadence-column45393_335843-13 > .kt-inside-inner-col > figure.wp-block-image, .kadence-column45393_335843-13 > .kt-inside-inner-col > figure.wp-block-kadence-image{margin-top:0px;margin-bottom:0px;}.kadence-column45393_335843-13 > .kt-inside-inner-col > .kb-image-is-ratio-size{flex-grow:1;}.kt-row-column-wrap > .kadence-column45393_335843-13{align-self:flex-start;}.kt-inner-column-height-full:not(.kt-has-1-columns) > .wp-block-kadence-column.kadence-column45393_335843-13{align-self:auto;}.kt-inner-column-height-full:not(.kt-has-1-columns) > .wp-block-kadence-column.kadence-column45393_335843-13 > .kt-inside-inner-col{align-items:flex-start;}.kadence-column45393_335843-13 > .kt-inside-inner-col:before{opacity:0.3;}.kadence-column45393_335843-13{position:relative;}@media all and (max-width: 1024px){.kt-row-column-wrap > .kadence-column45393_335843-13{align-self:flex-start;}}@media all and (max-width: 1024px){.kt-inner-column-height-full:not(.kt-has-1-columns) > .wp-block-kadence-column.kadence-column45393_335843-13{align-self:auto;}}@media all and (max-width: 1024px){.kt-inner-column-height-full:not(.kt-has-1-columns) > .wp-block-kadence-column.kadence-column45393_335843-13 > .kt-inside-inner-col{align-items:flex-start;}}@media all and (max-width: 1024px){.kadence-column45393_335843-13 > .kt-inside-inner-col{flex-direction:row;flex-wrap:wrap;align-items:flex-start;justify-content:space-between;}}@media all and (min-width: 768px) and (max-width: 1024px){.kadence-column45393_335843-13 > .kt-inside-inner-col > *, .kadence-column45393_335843-13 > .kt-inside-inner-col > figure.wp-block-image, .kadence-column45393_335843-13 > .kt-inside-inner-col > figure.wp-block-kadence-image{margin-top:0px;margin-bottom:0px;}.kadence-column45393_335843-13 > .kt-inside-inner-col > .kb-image-is-ratio-size{flex-grow:1;}}@media all and (max-width: 767px){.kt-row-column-wrap > .kadence-column45393_335843-13{align-self:flex-start;}.kt-inner-column-height-full:not(.kt-has-1-columns) > .wp-block-kadence-column.kadence-column45393_335843-13{align-self:auto;}.kt-inner-column-height-full:not(.kt-has-1-columns) > .wp-block-kadence-column.kadence-column45393_335843-13 > .kt-inside-inner-col{align-items:flex-start;}.kadence-column45393_335843-13 > .kt-inside-inner-col{flex-direction:row;flex-wrap:wrap;justify-content:flex-start;justify-content:space-between;}.kadence-column45393_335843-13 > .kt-inside-inner-col > *, .kadence-column45393_335843-13 > .kt-inside-inner-col > figure.wp-block-image, .kadence-column45393_335843-13 > .kt-inside-inner-col > figure.wp-block-kadence-image{margin-top:0px;margin-bottom:0px;}.kadence-column45393_335843-13 > .kt-inside-inner-col > .kb-image-is-ratio-size{flex-grow:1;}}<\/style>\n<div class=\"wp-block-kadence-column kadence-column45393_335843-13 kb-section-dir-horizontal\"><div class=\"kt-inside-inner-col\"><\/div><\/div>\n<\/div><\/div>\n\n\n<style>.kadence-column45393_a22302-42 > .kt-inside-inner-col{padding-top:100px;padding-bottom:120px;}.kadence-column45393_a22302-42 > .kt-inside-inner-col{min-height:400px;}.kadence-column45393_a22302-42 > .kt-inside-inner-col,.kadence-column45393_a22302-42 > .kt-inside-inner-col:before{border-top-left-radius:0px;border-top-right-radius:0px;border-bottom-right-radius:0px;border-bottom-left-radius:0px;}.kadence-column45393_a22302-42 > .kt-inside-inner-col{column-gap:var(--global-kb-gap-sm, 1rem);}.kadence-column45393_a22302-42 > .kt-inside-inner-col{flex-direction:column;}.kadence-column45393_a22302-42 > .kt-inside-inner-col > .aligncenter{width:100%;}.kadence-column45393_a22302-42 > .kt-inside-inner-col:before{opacity:0.3;}.kadence-column45393_a22302-42{position:relative;}@media all and (max-width: 1024px){.kadence-column45393_a22302-42 > .kt-inside-inner-col{flex-direction:column;justify-content:center;}}@media all and (max-width: 767px){.kadence-column45393_a22302-42 > .kt-inside-inner-col{flex-direction:column;justify-content:center;}}<\/style>\n<div class=\"wp-block-kadence-column kadence-column45393_a22302-42\"><div class=\"kt-inside-inner-col\">\n<p><strong>APEN CENTRE INFORM\u00c0TIC, S.L.<\/strong><\/p>\n\n\n\n<p>La informaci\u00f3n contenida en este mensaje de correo electr\u00f3nico es confidencial y puede revestir el car\u00e1cter de reservada. Est\u00e1 destinada exclusivamente a su destinatario. El acceso o uso de este mensaje, por parte de cualquier otra persona que no est\u00e9 autorizada, puede ser ilegal. Si no es usted la persona destinataria, le rogamos que proceda a eliminar su contenido y comunicar dicha anomal\u00eda a su remitente. Protecci\u00f3n de Datos seg\u00fan lo establecido en el&nbsp;<strong>Reglamento General de Protecci\u00f3n de Datos UE 2016\/679 (RGPD) art. 13 y 14 y la Ley Org\u00e1nica de Protecci\u00f3n de Datos y Garant\u00eda de Derechos Digitales (LOPDGDD) art. 11.<\/strong>&nbsp;Responsable:&nbsp;<strong>APEN CENTRE INFORM\u00c0TIC, S.L.<\/strong>&nbsp;Finalidad: Gestionar el env\u00edo de informaci\u00f3n y comunicaciones. Destinatarios: Los datos ser\u00e1n tratados por<strong>&nbsp;APEN CENTRE INFORM\u00c0TIC, S.L.<\/strong>&nbsp;y proveedores de servicio. Conservaci\u00f3n de los datos: Los datos personales proporcionados se conservar\u00e1n mientras no se solicite su supresi\u00f3n el propio interesado o durante los a\u00f1os necesarios para cumplir las obligaciones legales. Derechos: Puede ejercer sus derechos de acceso, rectificaci\u00f3n, supresi\u00f3n, portabilidad de sus datos y a la limitaci\u00f3n u oposici\u00f3n de su tratamiento, as\u00ed como no ser objeto de decisiones individuales automatizadas, dirigi\u00e9ndose por escrito, a la direcci\u00f3n de correo:&nbsp;<strong>info@apen.cat<\/strong>, debi\u00e9ndose identificar debidamente y solicitar claramente el derecho a ejercer.<\/p>\n<\/div><\/div>\n\n<\/div><\/div>","protected":false},"excerpt":{"rendered":"<p>CL\u00c1USULA RGPD INFORMATIVA APEN CENTRE INFORM\u00c0TIC, S.L. La informaci\u00f3n contenida en este mensaje de correo electr\u00f3nico es confidencial y puede revestir el car\u00e1cter de reservada. Est\u00e1 destinada exclusivamente a su destinatario. El acceso o uso de este mensaje, por parte de cualquier otra persona que no est\u00e9 autorizada, puede ser ilegal. Si no es usted&#8230;<\/p>","protected":false},"author":4,"featured_media":0,"parent":0,"menu_order":0,"comment_status":"closed","ping_status":"closed","template":"","meta":{"_acf_changed":false,"_kad_blocks_custom_css":"","_kad_blocks_head_custom_js":"","_kad_blocks_body_custom_js":"","_kad_blocks_footer_custom_js":"","_kad_post_transparent":"","_kad_post_title":"","_kad_post_layout":"","_kad_post_sidebar_id":"","_kad_post_content_style":"","_kad_post_vertical_padding":"","_kad_post_feature":"","_kad_post_feature_position":"","_kad_post_header":false,"_kad_post_footer":false,"_kad_post_classname":"","footnotes":""},"class_list":["post-45393","page","type-page","status-publish","hentry"],"acf":[],"yoast_head":"<!-- This site is optimized with the Yoast SEO plugin v27.4 - https:\/\/yoast.com\/product\/yoast-seo-wordpress\/ -->\n<title>Protecci\u00f3n de datos mail - Apen Inform\u00e1tica<\/title>\n<meta name=\"description\" content=\"CL\u00c1USULA RGPD INFORMATIVA APEN CENTRE INFORM\u00c0TIC, S.L. La informaci\u00f3n contenida en este mensaje de correo electr\u00f3nico es confidencial y puede revestir el\" \/>\n<meta name=\"robots\" content=\"index, follow, max-snippet:-1, max-image-preview:large, max-video-preview:-1\" \/>\n<link rel=\"canonical\" href=\"https:\/\/www.apen.es\/ca\/proteccion-de-datos-mail\/\" \/>\n<meta property=\"og:locale\" content=\"ca_ES\" \/>\n<meta property=\"og:type\" content=\"article\" \/>\n<meta property=\"og:title\" content=\"Protecci\u00f3n de datos mail - Apen Inform\u00e1tica\" \/>\n<meta property=\"og:description\" content=\"CL\u00c1USULA RGPD INFORMATIVA APEN CENTRE INFORM\u00c0TIC, S.L. La informaci\u00f3n contenida en este mensaje de correo electr\u00f3nico es confidencial y puede revestir el\" \/>\n<meta property=\"og:url\" content=\"https:\/\/www.apen.es\/ca\/proteccion-de-datos-mail\/\" \/>\n<meta property=\"og:site_name\" content=\"Apen Inform\u00e1tica\" \/>\n<meta property=\"article:publisher\" content=\"https:\/\/www.facebook.com\/apensolucions\" \/>\n<meta property=\"article:modified_time\" content=\"2025-10-02T15:32:00+00:00\" \/>\n<meta property=\"og:image\" content=\"https:\/\/www.apen.es\/wp-content\/uploads\/2016\/05\/logo-apen-231x82-trasparent.png\" \/>\n\t<meta property=\"og:image:width\" content=\"231\" \/>\n\t<meta property=\"og:image:height\" content=\"82\" \/>\n\t<meta property=\"og:image:type\" content=\"image\/png\" \/>\n<meta name=\"twitter:card\" content=\"summary_large_image\" \/>\n<meta name=\"twitter:label1\" content=\"Temps estimat de lectura\" \/>\n\t<meta name=\"twitter:data1\" content=\"2 minuts\" \/>\n<script type=\"application\/ld+json\" class=\"yoast-schema-graph\">{\"@context\":\"https:\\\/\\\/schema.org\",\"@graph\":[{\"@type\":\"WebPage\",\"@id\":\"https:\\\/\\\/www.apen.es\\\/proteccion-de-datos-mail\\\/\",\"url\":\"https:\\\/\\\/www.apen.es\\\/proteccion-de-datos-mail\\\/\",\"name\":\"Protecci\u00f3n de datos mail - Apen Inform\u00e1tica\",\"isPartOf\":{\"@id\":\"https:\\\/\\\/www.apen.es\\\/#website\"},\"datePublished\":\"2024-02-23T10:32:37+00:00\",\"dateModified\":\"2025-10-02T15:32:00+00:00\",\"description\":\"CL\u00c1USULA RGPD INFORMATIVA APEN CENTRE INFORM\u00c0TIC, S.L. La informaci\u00f3n contenida en este mensaje de correo electr\u00f3nico es confidencial y puede revestir el\",\"breadcrumb\":{\"@id\":\"https:\\\/\\\/www.apen.es\\\/proteccion-de-datos-mail\\\/#breadcrumb\"},\"inLanguage\":\"ca\",\"potentialAction\":[{\"@type\":\"ReadAction\",\"target\":[\"https:\\\/\\\/www.apen.es\\\/proteccion-de-datos-mail\\\/\"]}]},{\"@type\":\"BreadcrumbList\",\"@id\":\"https:\\\/\\\/www.apen.es\\\/proteccion-de-datos-mail\\\/#breadcrumb\",\"itemListElement\":[{\"@type\":\"ListItem\",\"position\":1,\"name\":\"Portada\",\"item\":\"https:\\\/\\\/www.apen.es\\\/\"},{\"@type\":\"ListItem\",\"position\":2,\"name\":\"Protecci\u00f3n de datos mail\"}]},{\"@type\":\"WebSite\",\"@id\":\"https:\\\/\\\/www.apen.es\\\/#website\",\"url\":\"https:\\\/\\\/www.apen.es\\\/\",\"name\":\"Apen Inform\u00e1tica\",\"description\":\"Mantenimiento Inform\u00e1tico , Software de Gesti\u00f3n, Soluciones de impresi\u00f3n\",\"publisher\":{\"@id\":\"https:\\\/\\\/www.apen.es\\\/#organization\"},\"potentialAction\":[{\"@type\":\"SearchAction\",\"target\":{\"@type\":\"EntryPoint\",\"urlTemplate\":\"https:\\\/\\\/www.apen.es\\\/?s={search_term_string}\"},\"query-input\":{\"@type\":\"PropertyValueSpecification\",\"valueRequired\":true,\"valueName\":\"search_term_string\"}}],\"inLanguage\":\"ca\"},{\"@type\":\"Organization\",\"@id\":\"https:\\\/\\\/www.apen.es\\\/#organization\",\"name\":\"Apen: Soluciones inform\u00e1ticas\",\"url\":\"https:\\\/\\\/www.apen.es\\\/\",\"logo\":{\"@type\":\"ImageObject\",\"inLanguage\":\"ca\",\"@id\":\"https:\\\/\\\/www.apen.es\\\/#\\\/schema\\\/logo\\\/image\\\/\",\"url\":\"https:\\\/\\\/www.apen.es\\\/wp-content\\\/uploads\\\/2022\\\/08\\\/logo-apenok-231x82-1.png\",\"contentUrl\":\"https:\\\/\\\/www.apen.es\\\/wp-content\\\/uploads\\\/2022\\\/08\\\/logo-apenok-231x82-1.png\",\"width\":231,\"height\":82,\"caption\":\"Apen: Soluciones inform\u00e1ticas\"},\"image\":{\"@id\":\"https:\\\/\\\/www.apen.es\\\/#\\\/schema\\\/logo\\\/image\\\/\"},\"sameAs\":[\"https:\\\/\\\/www.facebook.com\\\/apensolucions\",\"https:\\\/\\\/www.youtube.com\\\/user\\\/ApenCentreInformatic\",\"https:\\\/\\\/www.linkedin.com\\\/company\\\/1021771?trk=tyah&trkInfo=clickedVerticalcompanyclickedEntityId1021771idx2-1-2tarId1464195271196tasapenin\"]}]}<\/script>\n<!-- \/ Yoast SEO plugin. -->","yoast_head_json":{"title":"Protecci\u00f3n de datos mail - Apen Inform\u00e1tica","description":"CL\u00c1USULA RGPD INFORMATIVA APEN CENTRE INFORM\u00c0TIC, S.L. La informaci\u00f3n contenida en este mensaje de correo electr\u00f3nico es confidencial y puede revestir el","robots":{"index":"index","follow":"follow","max-snippet":"max-snippet:-1","max-image-preview":"max-image-preview:large","max-video-preview":"max-video-preview:-1"},"canonical":"https:\/\/www.apen.es\/ca\/proteccion-de-datos-mail\/","og_locale":"ca_ES","og_type":"article","og_title":"Protecci\u00f3n de datos mail - Apen Inform\u00e1tica","og_description":"CL\u00c1USULA RGPD INFORMATIVA APEN CENTRE INFORM\u00c0TIC, S.L. La informaci\u00f3n contenida en este mensaje de correo electr\u00f3nico es confidencial y puede revestir el","og_url":"https:\/\/www.apen.es\/ca\/proteccion-de-datos-mail\/","og_site_name":"Apen Inform\u00e1tica","article_publisher":"https:\/\/www.facebook.com\/apensolucions","article_modified_time":"2025-10-02T15:32:00+00:00","og_image":[{"width":231,"height":82,"url":"https:\/\/www.apen.es\/wp-content\/uploads\/2016\/05\/logo-apen-231x82-trasparent.png","type":"image\/png"}],"twitter_card":"summary_large_image","twitter_misc":{"Temps estimat de lectura":"2 minuts"},"schema":{"@context":"https:\/\/schema.org","@graph":[{"@type":"WebPage","@id":"https:\/\/www.apen.es\/proteccion-de-datos-mail\/","url":"https:\/\/www.apen.es\/proteccion-de-datos-mail\/","name":"Protecci\u00f3n de datos mail - Apen Inform\u00e1tica","isPartOf":{"@id":"https:\/\/www.apen.es\/#website"},"datePublished":"2024-02-23T10:32:37+00:00","dateModified":"2025-10-02T15:32:00+00:00","description":"CL\u00c1USULA RGPD INFORMATIVA APEN CENTRE INFORM\u00c0TIC, S.L. La informaci\u00f3n contenida en este mensaje de correo electr\u00f3nico es confidencial y puede revestir el","breadcrumb":{"@id":"https:\/\/www.apen.es\/proteccion-de-datos-mail\/#breadcrumb"},"inLanguage":"ca","potentialAction":[{"@type":"ReadAction","target":["https:\/\/www.apen.es\/proteccion-de-datos-mail\/"]}]},{"@type":"BreadcrumbList","@id":"https:\/\/www.apen.es\/proteccion-de-datos-mail\/#breadcrumb","itemListElement":[{"@type":"ListItem","position":1,"name":"Portada","item":"https:\/\/www.apen.es\/"},{"@type":"ListItem","position":2,"name":"Protecci\u00f3n de datos mail"}]},{"@type":"WebSite","@id":"https:\/\/www.apen.es\/#website","url":"https:\/\/www.apen.es\/","name":"Apen Inform\u00e0tica","description":"Manteniment inform\u00e0tic , programari de gesti\u00f3, solucions d&#039;impressi\u00f3","publisher":{"@id":"https:\/\/www.apen.es\/#organization"},"potentialAction":[{"@type":"SearchAction","target":{"@type":"EntryPoint","urlTemplate":"https:\/\/www.apen.es\/?s={search_term_string}"},"query-input":{"@type":"PropertyValueSpecification","valueRequired":true,"valueName":"search_term_string"}}],"inLanguage":"ca"},{"@type":"Organization","@id":"https:\/\/www.apen.es\/#organization","name":"Apen: Solucions inform\u00e0tiques","url":"https:\/\/www.apen.es\/","logo":{"@type":"ImageObject","inLanguage":"ca","@id":"https:\/\/www.apen.es\/#\/schema\/logo\/image\/","url":"https:\/\/www.apen.es\/wp-content\/uploads\/2022\/08\/logo-apenok-231x82-1.png","contentUrl":"https:\/\/www.apen.es\/wp-content\/uploads\/2022\/08\/logo-apenok-231x82-1.png","width":231,"height":82,"caption":"Apen: Soluciones inform\u00e1ticas"},"image":{"@id":"https:\/\/www.apen.es\/#\/schema\/logo\/image\/"},"sameAs":["https:\/\/www.facebook.com\/apensolucions","https:\/\/www.youtube.com\/user\/ApenCentreInformatic","https:\/\/www.linkedin.com\/company\/1021771?trk=tyah&trkInfo=clickedVerticalcompanyclickedEntityId1021771idx2-1-2tarId1464195271196tasapenin"]}]}},"taxonomy_info":[],"featured_image_src_large":false,"author_info":{"display_name":"marqueting","author_link":"https:\/\/www.apen.es\/ca\/blog\/author\/marqueting\/"},"comment_info":0,"_links":{"self":[{"href":"https:\/\/www.apen.es\/ca\/wp-json\/wp\/v2\/pages\/45393","targetHints":{"allow":["GET"]}}],"collection":[{"href":"https:\/\/www.apen.es\/ca\/wp-json\/wp\/v2\/pages"}],"about":[{"href":"https:\/\/www.apen.es\/ca\/wp-json\/wp\/v2\/types\/page"}],"author":[{"embeddable":true,"href":"https:\/\/www.apen.es\/ca\/wp-json\/wp\/v2\/users\/4"}],"replies":[{"embeddable":true,"href":"https:\/\/www.apen.es\/ca\/wp-json\/wp\/v2\/comments?post=45393"}],"version-history":[{"count":2,"href":"https:\/\/www.apen.es\/ca\/wp-json\/wp\/v2\/pages\/45393\/revisions"}],"predecessor-version":[{"id":60704,"href":"https:\/\/www.apen.es\/ca\/wp-json\/wp\/v2\/pages\/45393\/revisions\/60704"}],"wp:attachment":[{"href":"https:\/\/www.apen.es\/ca\/wp-json\/wp\/v2\/media?parent=45393"}],"curies":[{"name":"wp","href":"https:\/\/api.w.org\/{rel}","templated":true}]}}