{"id":22333,"date":"2021-02-26T18:33:38","date_gmt":"2021-02-26T18:33:38","guid":{"rendered":"https:\/\/www.apen.es\/?page_id=22333"},"modified":"2025-03-31T06:27:40","modified_gmt":"2025-03-31T06:27:40","slug":"solucions-informatica","status":"publish","type":"page","link":"https:\/\/www.apen.es\/ca\/servei-de-manteniment-informatic\/solucions-informatica\/","title":{"rendered":"Solucions Inform\u00e0tica"},"content":{"rendered":"<p>Les solucions inform\u00e0tiques \u00e9s un conjunt de programes de programari i serveis relacionats que s&#039;estableixen per fer alguna tasca o objectiu i usualment s&#039;ofereixen a un client. Els venedors de TI, els prove\u00efdors de serveis i els revenedors de valor agregat (VAR) comercialitzen els seus paquets de programari i paquets de serveis sota la soluci\u00f3 detiqueta per promoure la idea que la compra del producte ajudar\u00e0 el client a resoldre amb \u00e8xit un problema o enfrontar una situaci\u00f3 complicada.<\/p>\n\n\n\n<p>Molts prove\u00efdors, desenvolupadors de programari, en particular, es refereixen a tots els seus productes individuals com a solucions de programari. Per exemple, un prove\u00efdor pot trucar al programari antivirus com a solucions inform\u00e0tiques perqu\u00e8 ajuda a resoldre un problema en particular.<\/p>\n\n\n\n<p>En general, les solucions inform\u00e0tiques s\u00f3n una selecci\u00f3 de productes i serveis, a difer\u00e8ncia d&#039;un producte \u00fanic.<\/p>\n\n\n\n<p>La distinci\u00f3 entre producte i soluci\u00f3 es remunta a la d\u00e8cada de 1970, quan van sorgir els VAR. En aquell moment, l&#039;auge de les microordinadors va traslladar la inform\u00e0tica m\u00e9s enll\u00e0 de la casa de vidre cap a altres departaments, com ara fabricaci\u00f3 i enginyeria. En resposta, els VAR van empaquetar programari, propi o de tercers, amb una plataforma de maquinari particular i van vendre el paquet com una soluci\u00f3 clau en m\u00e0 dissenyada espec\u00edficament per a un cas d\u00fas particular. Amb freq\u00fc\u00e8ncia, aquestes solucions inform\u00e0tiques es dirigien a clients de n\u00ednxols de mercat verticals.<\/p>\n\n\n\n<p>Amb l&#039;arribada d&#039;Internet, per\u00f2, es va emp\u00e8nyer la ind\u00fastria en noves direccions. A finals de la d\u00e8cada de 1990 i principis de la de 2000, van comen\u00e7ar a sorgir prove\u00efdors de serveis inform\u00e0tics. Aquestes empreses van aprofitar Internet com un mitj\u00e0 rendible per supervisar de manera remota les solucions locals dels seus clients mitjan\u00e7ant la gesti\u00f3. Aquest desenvolupament va convertir r\u00e0pidament la supervisi\u00f3 i la gesti\u00f3 remotes en un altre component de les solucions inform\u00e0tiques.<\/p>\n\n\n\n<p>Actualment, a aix\u00f2 se suma els serveis al n\u00favol, que han ampliat encara m\u00e9s les possibilitats de solucions. Entre les solucions inform\u00e0tiques, ara s&#039;ofereixen als clients infraestructura com a servei, programari com a servei i altres ofertes sota demanda. El prove\u00efdor crea i d\u00f3na suport als vostres propis serveis de n\u00favol patentats o reven (o recomana) els serveis d&#039;un prove\u00efdor de n\u00favol p\u00fablic.<\/p>\n\n\n\n<p>Davant d&#039;aix\u00f2, a l&#039;hora de buscar les millors solucions inform\u00e0tiques per a la teva empresa, hem de pensar en les opcions que millorin el rendiment de les operacions i permetin brindar un servei m\u00e9s eficient als clients. Un equip d&#039;experts el podr\u00e0 guiar en la selecci\u00f3 de les opcions que ajudin a reduir costos i millorar-ne l&#039;efic\u00e0cia, tenint en compte tamb\u00e9 les tasques de manteniment, necess\u00e0ries per a la marxa correcta i ininterrompuda de totes les tasques del dia a dia del negoci.<\/p>","protected":false},"excerpt":{"rendered":"<p>Las soluciones inform\u00e1ticas es un conjunto de programas de software y servicios relacionados que se establecen para realizar alguna tarea u objetivo y usualmente se ofrecen a un cliente. Los vendedores de TI, los proveedores de servicios y los revendedores de valor agregado (VAR) comercializan sus paquetes de software y paquetes de servicios bajo la&#8230;<\/p>","protected":false},"author":4,"featured_media":0,"parent":8965,"menu_order":0,"comment_status":"closed","ping_status":"closed","template":"page-servicio-informatico.php","meta":{"_acf_changed":false,"_kad_blocks_custom_css":"","_kad_blocks_head_custom_js":"","_kad_blocks_body_custom_js":"","_kad_blocks_footer_custom_js":"","_kad_post_transparent":"","_kad_post_title":"","_kad_post_layout":"","_kad_post_sidebar_id":"","_kad_post_content_style":"","_kad_post_vertical_padding":"","_kad_post_feature":"","_kad_post_feature_position":"","_kad_post_header":false,"_kad_post_footer":false,"_kad_post_classname":"","footnotes":""},"class_list":["post-22333","page","type-page","status-publish","hentry"],"acf":[],"yoast_head":"<!-- This site is optimized with the Yoast SEO plugin v27.4 - https:\/\/yoast.com\/product\/yoast-seo-wordpress\/ -->\n<title>Soluciones Inform\u00e1tica - Apen Inform\u00e1tica<\/title>\n<meta name=\"description\" content=\"\u00a1Soluciones inform\u00e1ticas para empresas! Nuesta empresa es l\u00edder en servicios de mantenimiento inform\u00e1tico para empresas de toda Barcelona.\" \/>\n<meta name=\"robots\" content=\"index, follow, max-snippet:-1, max-image-preview:large, max-video-preview:-1\" \/>\n<link rel=\"canonical\" href=\"https:\/\/www.apen.es\/ca\/servei-de-manteniment-informatic\/solucions-informatica\/\" \/>\n<meta property=\"og:locale\" content=\"ca_ES\" \/>\n<meta property=\"og:type\" content=\"article\" \/>\n<meta property=\"og:title\" content=\"Soluciones Inform\u00e1tica - Apen Inform\u00e1tica\" \/>\n<meta property=\"og:description\" content=\"\u00a1Soluciones inform\u00e1ticas para empresas! Nuesta empresa es l\u00edder en servicios de mantenimiento inform\u00e1tico para empresas de toda Barcelona.\" \/>\n<meta property=\"og:url\" content=\"https:\/\/www.apen.es\/ca\/servei-de-manteniment-informatic\/solucions-informatica\/\" \/>\n<meta property=\"og:site_name\" content=\"Apen Inform\u00e1tica\" \/>\n<meta property=\"article:publisher\" content=\"https:\/\/www.facebook.com\/apensolucions\" \/>\n<meta property=\"article:modified_time\" content=\"2025-03-31T06:27:40+00:00\" \/>\n<meta property=\"og:image\" content=\"https:\/\/www.apen.es\/wp-content\/uploads\/2016\/05\/logo-apen-231x82-trasparent.png\" \/>\n\t<meta property=\"og:image:width\" content=\"231\" \/>\n\t<meta property=\"og:image:height\" content=\"82\" \/>\n\t<meta property=\"og:image:type\" content=\"image\/png\" \/>\n<meta name=\"twitter:card\" content=\"summary_large_image\" \/>\n<meta name=\"twitter:label1\" content=\"Temps estimat de lectura\" \/>\n\t<meta name=\"twitter:data1\" content=\"10 minuts\" \/>\n<script type=\"application\/ld+json\" class=\"yoast-schema-graph\">{\"@context\":\"https:\\\/\\\/schema.org\",\"@graph\":[{\"@type\":\"WebPage\",\"@id\":\"https:\\\/\\\/www.apen.es\\\/servicio-de-mantenimiento-informatico\\\/soluciones-informatica\\\/\",\"url\":\"https:\\\/\\\/www.apen.es\\\/servicio-de-mantenimiento-informatico\\\/soluciones-informatica\\\/\",\"name\":\"Soluciones Inform\u00e1tica - Apen Inform\u00e1tica\",\"isPartOf\":{\"@id\":\"https:\\\/\\\/www.apen.es\\\/#website\"},\"datePublished\":\"2021-02-26T18:33:38+00:00\",\"dateModified\":\"2025-03-31T06:27:40+00:00\",\"description\":\"\u00a1Soluciones inform\u00e1ticas para empresas! Nuesta empresa es l\u00edder en servicios de mantenimiento inform\u00e1tico para empresas de toda Barcelona.\",\"breadcrumb\":{\"@id\":\"https:\\\/\\\/www.apen.es\\\/servicio-de-mantenimiento-informatico\\\/soluciones-informatica\\\/#breadcrumb\"},\"inLanguage\":\"ca\",\"potentialAction\":[{\"@type\":\"ReadAction\",\"target\":[\"https:\\\/\\\/www.apen.es\\\/servicio-de-mantenimiento-informatico\\\/soluciones-informatica\\\/\"]}]},{\"@type\":\"BreadcrumbList\",\"@id\":\"https:\\\/\\\/www.apen.es\\\/servicio-de-mantenimiento-informatico\\\/soluciones-informatica\\\/#breadcrumb\",\"itemListElement\":[{\"@type\":\"ListItem\",\"position\":1,\"name\":\"Portada\",\"item\":\"https:\\\/\\\/www.apen.es\\\/\"},{\"@type\":\"ListItem\",\"position\":2,\"name\":\"Servicio de mantenimiento inform\u00e1tico\",\"item\":\"https:\\\/\\\/www.apen.es\\\/servicio-de-mantenimiento-informatico\\\/\"},{\"@type\":\"ListItem\",\"position\":3,\"name\":\"Soluciones Inform\u00e1tica\"}]},{\"@type\":\"WebSite\",\"@id\":\"https:\\\/\\\/www.apen.es\\\/#website\",\"url\":\"https:\\\/\\\/www.apen.es\\\/\",\"name\":\"Apen Inform\u00e1tica\",\"description\":\"Mantenimiento Inform\u00e1tico , Software de Gesti\u00f3n, Soluciones de impresi\u00f3n\",\"publisher\":{\"@id\":\"https:\\\/\\\/www.apen.es\\\/#organization\"},\"potentialAction\":[{\"@type\":\"SearchAction\",\"target\":{\"@type\":\"EntryPoint\",\"urlTemplate\":\"https:\\\/\\\/www.apen.es\\\/?s={search_term_string}\"},\"query-input\":{\"@type\":\"PropertyValueSpecification\",\"valueRequired\":true,\"valueName\":\"search_term_string\"}}],\"inLanguage\":\"ca\"},{\"@type\":\"Organization\",\"@id\":\"https:\\\/\\\/www.apen.es\\\/#organization\",\"name\":\"Apen: Soluciones inform\u00e1ticas\",\"url\":\"https:\\\/\\\/www.apen.es\\\/\",\"logo\":{\"@type\":\"ImageObject\",\"inLanguage\":\"ca\",\"@id\":\"https:\\\/\\\/www.apen.es\\\/#\\\/schema\\\/logo\\\/image\\\/\",\"url\":\"https:\\\/\\\/www.apen.es\\\/wp-content\\\/uploads\\\/2022\\\/08\\\/logo-apenok-231x82-1.png\",\"contentUrl\":\"https:\\\/\\\/www.apen.es\\\/wp-content\\\/uploads\\\/2022\\\/08\\\/logo-apenok-231x82-1.png\",\"width\":231,\"height\":82,\"caption\":\"Apen: Soluciones inform\u00e1ticas\"},\"image\":{\"@id\":\"https:\\\/\\\/www.apen.es\\\/#\\\/schema\\\/logo\\\/image\\\/\"},\"sameAs\":[\"https:\\\/\\\/www.facebook.com\\\/apensolucions\",\"https:\\\/\\\/www.youtube.com\\\/user\\\/ApenCentreInformatic\",\"https:\\\/\\\/www.linkedin.com\\\/company\\\/1021771?trk=tyah&trkInfo=clickedVerticalcompanyclickedEntityId1021771idx2-1-2tarId1464195271196tasapenin\"]}]}<\/script>\n<!-- \/ Yoast SEO plugin. -->","yoast_head_json":{"title":"Solucions Inform\u00e0tica - Apen Inform\u00e0tica","description":"Solucions inform\u00e0tiques per a empreses! La nostra empresa \u00e9s l\u00edder en serveis de manteniment inform\u00e0tic per a empreses de tot Barcelona.","robots":{"index":"index","follow":"follow","max-snippet":"max-snippet:-1","max-image-preview":"max-image-preview:large","max-video-preview":"max-video-preview:-1"},"canonical":"https:\/\/www.apen.es\/ca\/servei-de-manteniment-informatic\/solucions-informatica\/","og_locale":"ca_ES","og_type":"article","og_title":"Soluciones Inform\u00e1tica - Apen Inform\u00e1tica","og_description":"\u00a1Soluciones inform\u00e1ticas para empresas! Nuesta empresa es l\u00edder en servicios de mantenimiento inform\u00e1tico para empresas de toda Barcelona.","og_url":"https:\/\/www.apen.es\/ca\/servei-de-manteniment-informatic\/solucions-informatica\/","og_site_name":"Apen Inform\u00e1tica","article_publisher":"https:\/\/www.facebook.com\/apensolucions","article_modified_time":"2025-03-31T06:27:40+00:00","og_image":[{"width":231,"height":82,"url":"https:\/\/www.apen.es\/wp-content\/uploads\/2016\/05\/logo-apen-231x82-trasparent.png","type":"image\/png"}],"twitter_card":"summary_large_image","twitter_misc":{"Temps estimat de lectura":"10 minuts"},"schema":{"@context":"https:\/\/schema.org","@graph":[{"@type":"WebPage","@id":"https:\/\/www.apen.es\/servicio-de-mantenimiento-informatico\/soluciones-informatica\/","url":"https:\/\/www.apen.es\/servicio-de-mantenimiento-informatico\/soluciones-informatica\/","name":"Solucions Inform\u00e0tica - Apen Inform\u00e0tica","isPartOf":{"@id":"https:\/\/www.apen.es\/#website"},"datePublished":"2021-02-26T18:33:38+00:00","dateModified":"2025-03-31T06:27:40+00:00","description":"Solucions inform\u00e0tiques per a empreses! La nostra empresa \u00e9s l\u00edder en serveis de manteniment inform\u00e0tic per a empreses de tot Barcelona.","breadcrumb":{"@id":"https:\/\/www.apen.es\/servicio-de-mantenimiento-informatico\/soluciones-informatica\/#breadcrumb"},"inLanguage":"ca","potentialAction":[{"@type":"ReadAction","target":["https:\/\/www.apen.es\/servicio-de-mantenimiento-informatico\/soluciones-informatica\/"]}]},{"@type":"BreadcrumbList","@id":"https:\/\/www.apen.es\/servicio-de-mantenimiento-informatico\/soluciones-informatica\/#breadcrumb","itemListElement":[{"@type":"ListItem","position":1,"name":"Portada","item":"https:\/\/www.apen.es\/"},{"@type":"ListItem","position":2,"name":"Servicio de mantenimiento inform\u00e1tico","item":"https:\/\/www.apen.es\/servicio-de-mantenimiento-informatico\/"},{"@type":"ListItem","position":3,"name":"Soluciones Inform\u00e1tica"}]},{"@type":"WebSite","@id":"https:\/\/www.apen.es\/#website","url":"https:\/\/www.apen.es\/","name":"Apen Inform\u00e0tica","description":"Manteniment inform\u00e0tic , programari de gesti\u00f3, solucions d&#039;impressi\u00f3","publisher":{"@id":"https:\/\/www.apen.es\/#organization"},"potentialAction":[{"@type":"SearchAction","target":{"@type":"EntryPoint","urlTemplate":"https:\/\/www.apen.es\/?s={search_term_string}"},"query-input":{"@type":"PropertyValueSpecification","valueRequired":true,"valueName":"search_term_string"}}],"inLanguage":"ca"},{"@type":"Organization","@id":"https:\/\/www.apen.es\/#organization","name":"Apen: Solucions inform\u00e0tiques","url":"https:\/\/www.apen.es\/","logo":{"@type":"ImageObject","inLanguage":"ca","@id":"https:\/\/www.apen.es\/#\/schema\/logo\/image\/","url":"https:\/\/www.apen.es\/wp-content\/uploads\/2022\/08\/logo-apenok-231x82-1.png","contentUrl":"https:\/\/www.apen.es\/wp-content\/uploads\/2022\/08\/logo-apenok-231x82-1.png","width":231,"height":82,"caption":"Apen: Soluciones inform\u00e1ticas"},"image":{"@id":"https:\/\/www.apen.es\/#\/schema\/logo\/image\/"},"sameAs":["https:\/\/www.facebook.com\/apensolucions","https:\/\/www.youtube.com\/user\/ApenCentreInformatic","https:\/\/www.linkedin.com\/company\/1021771?trk=tyah&trkInfo=clickedVerticalcompanyclickedEntityId1021771idx2-1-2tarId1464195271196tasapenin"]}]}},"taxonomy_info":[],"featured_image_src_large":false,"author_info":{"display_name":"marqueting","author_link":"https:\/\/www.apen.es\/ca\/blog\/author\/marqueting\/"},"comment_info":0,"_links":{"self":[{"href":"https:\/\/www.apen.es\/ca\/wp-json\/wp\/v2\/pages\/22333","targetHints":{"allow":["GET"]}}],"collection":[{"href":"https:\/\/www.apen.es\/ca\/wp-json\/wp\/v2\/pages"}],"about":[{"href":"https:\/\/www.apen.es\/ca\/wp-json\/wp\/v2\/types\/page"}],"author":[{"embeddable":true,"href":"https:\/\/www.apen.es\/ca\/wp-json\/wp\/v2\/users\/4"}],"replies":[{"embeddable":true,"href":"https:\/\/www.apen.es\/ca\/wp-json\/wp\/v2\/comments?post=22333"}],"version-history":[{"count":4,"href":"https:\/\/www.apen.es\/ca\/wp-json\/wp\/v2\/pages\/22333\/revisions"}],"predecessor-version":[{"id":54523,"href":"https:\/\/www.apen.es\/ca\/wp-json\/wp\/v2\/pages\/22333\/revisions\/54523"}],"up":[{"embeddable":true,"href":"https:\/\/www.apen.es\/ca\/wp-json\/wp\/v2\/pages\/8965"}],"wp:attachment":[{"href":"https:\/\/www.apen.es\/ca\/wp-json\/wp\/v2\/media?parent=22333"}],"curies":[{"name":"wp","href":"https:\/\/api.w.org\/{rel}","templated":true}]}}