{"id":21968,"date":"2021-02-16T09:37:24","date_gmt":"2021-02-16T09:37:24","guid":{"rendered":"https:\/\/www.apen.es\/?page_id=21968"},"modified":"2025-07-09T09:09:10","modified_gmt":"2025-07-09T09:09:10","slug":"ciberseguretat-gestionada","status":"publish","type":"page","link":"https:\/\/www.apen.es\/ca\/ciberseguridad\/perimetral\/ciberseguridad-gestionada\/","title":{"rendered":"Ciberseguretat gestionada"},"content":{"rendered":"<p>La ciberseguretat gestionada s\u00f3n totes les tasques que posa en pr\u00e0ctica una organitzaci\u00f3 per protegir els seus sistemes d&#039;informaci\u00f3 i xarxes inform\u00e0tiques d&#039;atacs cibern\u00e8tics, intrusions, codi malici\u00f3s i diversos tipus de filtracions de dades. Totes les empreses i ag\u00e8ncies governamentals s\u00f3n vulnerables als atacs cibern\u00e8tics que estan augmentant en sofisticaci\u00f3, aix\u00ed com en nombre. Mantenir les xarxes funcionant sense problemes i protegir les dades confidencials requereix un monitoratge constant i una gesti\u00f3 adequada de la ciberseguretat gestionada.<\/p>\n\n\n\n<p>Una bona estrat\u00e8gia de ciberseguretat gestionada ha d&#039;establir on es troben les vulnerabilitats possibles d&#039;una xarxa. Es mantenen al corrent dels m\u00e8todes que utilitzen els ciberdelinq\u00fcents per infiltrar-se als sistemes d&#039;informaci\u00f3 i utilitzen la seva experi\u00e8ncia i coneixement per evitar aquests esfor\u00e7os. En realitzar les tasques laborals di\u00e0ries, es protegeixen les organitzacions de la p\u00e8rdua de dades, com la informaci\u00f3 de la targeta de cr\u00e8dit dels clients i els valuosos secrets comercials, aix\u00ed com el temps i els diners perduts quan els sistemes d&#039;informaci\u00f3 s&#039;aturen.<\/p>\n\n\n\n<p>De la mateixa manera, la ciberseguretat gestionada realitza una planificaci\u00f3 i implementaci\u00f3 de mesures de seguretat a tots els sistemes i xarxes d&#039;informaci\u00f3. Els deures t\u00edpics del treball inclouen establir pol\u00edtiques i procediments de seguretat de la xarxa, regular l&#039;acc\u00e9s a la informaci\u00f3 i capacitar el personal sobre l&#039;\u00fas adequat dels sistemes d&#039;informaci\u00f3. Sovint es monitoregen els sistemes a la recerca de bretxes de seguretat, dissenyen solucions efectives i brinden informes al personal directiu i executiu. Executar avaluacions de riscos, provar sistemes de processament de dades i dissenyar tallafocs s\u00f3n tasques addicionals per evitar l&#039;actuaci\u00f3 dels cibercriminals.<\/p>\n\n\n\n<p>Si es produeix s&#039;haur\u00e0 de respondre de la manera m\u00e9s r\u00e0pida i efica\u00e7 possible, per evitar danys m\u00e9s grans.<\/p>\n\n\n\n<p>Un prove\u00efdor de serveis de ciberseguretat gestionada compta amb experts, equips i experi\u00e8ncia per oferir els serveis necessaris que evitin atacs als equips i sistemes. \u00c9s capa\u00e7 de veure problemes com atacs DDoS, infestacions de codi malici\u00f3s i estafes de pesca cada dia.<\/p>\n\n\n\n<p>Aix\u00ed mateix, t\u00e9 la disponibilitat adequada ja que els ciberatacants no mantenen els mateixos horaris que una \u201coficina\u201d. Els hackers no s&#039;esforcen per atacar quan est\u00e0s m\u00e9s ben preparat per defensar-los. Un ciberatac pot passar en qualsevol moment, de dia o de nit, entre setmana o durant el cap de setmana, per la qual cosa cal estar protegits les 24 hores del dia, els 7 dies de la setmana.<\/p>\n\n\n\n<p>Inverteixi en els millors experts de ciberseguretat gestionada els qui, amb tecnologia revolucion\u00e0ria, observaran i cuidaran el ciber \u2013 entorn com un falc\u00f3 mentre vost\u00e8 es concentra a administrar el seu negoci, amb la tranquil\u00b7litat de saber que compta amb la millor protecci\u00f3 davant dels perills dels ciberdelinq\u00fcents<\/p>","protected":false},"excerpt":{"rendered":"<p>La ciberseguridad gestionada son todas aquellas tareas que pone en pr\u00e1ctica una organizaci\u00f3n para proteger sus sistemas de informaci\u00f3n y redes inform\u00e1ticas de ataques cibern\u00e9ticos, intrusiones, malware y varios tipos de filtraciones de datos. Todas las empresas y agencias gubernamentales son vulnerables a los ataques cibern\u00e9ticos que est\u00e1n aumentando en sofisticaci\u00f3n, as\u00ed como en n\u00famero&#8230;.<\/p>","protected":false},"author":4,"featured_media":0,"parent":19632,"menu_order":0,"comment_status":"closed","ping_status":"closed","template":"page-landing-ciberseguretat-02.php","meta":{"_acf_changed":false,"_kad_blocks_custom_css":"","_kad_blocks_head_custom_js":"","_kad_blocks_body_custom_js":"","_kad_blocks_footer_custom_js":"","_kad_post_transparent":"","_kad_post_title":"","_kad_post_layout":"","_kad_post_sidebar_id":"","_kad_post_content_style":"","_kad_post_vertical_padding":"","_kad_post_feature":"","_kad_post_feature_position":"","_kad_post_header":false,"_kad_post_footer":false,"_kad_post_classname":"","footnotes":""},"class_list":["post-21968","page","type-page","status-publish","hentry"],"acf":[],"yoast_head":"<!-- This site is optimized with the Yoast SEO plugin v27.4 - https:\/\/yoast.com\/product\/yoast-seo-wordpress\/ -->\n<title>Ciberseguridad gestionada - Apen Inform\u00e1tica<\/title>\n<meta name=\"description\" content=\"\u00bfNecesitas optimizar la ciberseguridad de tu empresa? Ofrecemos ciberseguridad gestionada. Los mejores antivirus para empresas de Barcelona.\" \/>\n<meta name=\"robots\" content=\"index, follow, max-snippet:-1, max-image-preview:large, max-video-preview:-1\" \/>\n<link rel=\"canonical\" href=\"https:\/\/www.apen.es\/ca\/ciberseguretat\/perimetral\/ciberseguretat-gestionada\/\" \/>\n<meta property=\"og:locale\" content=\"ca_ES\" \/>\n<meta property=\"og:type\" content=\"article\" \/>\n<meta property=\"og:title\" content=\"Ciberseguridad gestionada - Apen Inform\u00e1tica\" \/>\n<meta property=\"og:description\" content=\"\u00bfNecesitas optimizar la ciberseguridad de tu empresa? Ofrecemos ciberseguridad gestionada. Los mejores antivirus para empresas de Barcelona.\" \/>\n<meta property=\"og:url\" content=\"https:\/\/www.apen.es\/ca\/ciberseguretat\/perimetral\/ciberseguretat-gestionada\/\" \/>\n<meta property=\"og:site_name\" content=\"Apen Inform\u00e1tica\" \/>\n<meta property=\"article:publisher\" content=\"https:\/\/www.facebook.com\/apensolucions\" \/>\n<meta property=\"article:modified_time\" content=\"2025-07-09T09:09:10+00:00\" \/>\n<meta property=\"og:image\" content=\"https:\/\/www.apen.es\/wp-content\/uploads\/2016\/05\/logo-apen-231x82-trasparent.png\" \/>\n\t<meta property=\"og:image:width\" content=\"231\" \/>\n\t<meta property=\"og:image:height\" content=\"82\" \/>\n\t<meta property=\"og:image:type\" content=\"image\/png\" \/>\n<meta name=\"twitter:card\" content=\"summary_large_image\" \/>\n<meta name=\"twitter:label1\" content=\"Temps estimat de lectura\" \/>\n\t<meta name=\"twitter:data1\" content=\"4 minuts\" \/>\n<script type=\"application\/ld+json\" class=\"yoast-schema-graph\">{\"@context\":\"https:\\\/\\\/schema.org\",\"@graph\":[{\"@type\":\"WebPage\",\"@id\":\"https:\\\/\\\/www.apen.es\\\/ciberseguridad\\\/perimetral\\\/ciberseguridad-gestionada\\\/\",\"url\":\"https:\\\/\\\/www.apen.es\\\/ciberseguridad\\\/perimetral\\\/ciberseguridad-gestionada\\\/\",\"name\":\"Ciberseguridad gestionada - Apen Inform\u00e1tica\",\"isPartOf\":{\"@id\":\"https:\\\/\\\/www.apen.es\\\/#website\"},\"datePublished\":\"2021-02-16T09:37:24+00:00\",\"dateModified\":\"2025-07-09T09:09:10+00:00\",\"description\":\"\u00bfNecesitas optimizar la ciberseguridad de tu empresa? Ofrecemos ciberseguridad gestionada. Los mejores antivirus para empresas de Barcelona.\",\"breadcrumb\":{\"@id\":\"https:\\\/\\\/www.apen.es\\\/ciberseguridad\\\/perimetral\\\/ciberseguridad-gestionada\\\/#breadcrumb\"},\"inLanguage\":\"ca\",\"potentialAction\":[{\"@type\":\"ReadAction\",\"target\":[\"https:\\\/\\\/www.apen.es\\\/ciberseguridad\\\/perimetral\\\/ciberseguridad-gestionada\\\/\"]}]},{\"@type\":\"BreadcrumbList\",\"@id\":\"https:\\\/\\\/www.apen.es\\\/ciberseguridad\\\/perimetral\\\/ciberseguridad-gestionada\\\/#breadcrumb\",\"itemListElement\":[{\"@type\":\"ListItem\",\"position\":1,\"name\":\"Portada\",\"item\":\"https:\\\/\\\/www.apen.es\\\/\"},{\"@type\":\"ListItem\",\"position\":2,\"name\":\"Ciberseguridad\",\"item\":\"https:\\\/\\\/www.apen.es\\\/ciberseguridad\\\/\"},{\"@type\":\"ListItem\",\"position\":3,\"name\":\"Ciberseguridad Perimetral\",\"item\":\"https:\\\/\\\/www.apen.es\\\/ciberseguridad\\\/perimetral\\\/\"},{\"@type\":\"ListItem\",\"position\":4,\"name\":\"Ciberseguridad gestionada\"}]},{\"@type\":\"WebSite\",\"@id\":\"https:\\\/\\\/www.apen.es\\\/#website\",\"url\":\"https:\\\/\\\/www.apen.es\\\/\",\"name\":\"Apen Inform\u00e1tica\",\"description\":\"Mantenimiento Inform\u00e1tico , Software de Gesti\u00f3n, Soluciones de impresi\u00f3n\",\"publisher\":{\"@id\":\"https:\\\/\\\/www.apen.es\\\/#organization\"},\"potentialAction\":[{\"@type\":\"SearchAction\",\"target\":{\"@type\":\"EntryPoint\",\"urlTemplate\":\"https:\\\/\\\/www.apen.es\\\/?s={search_term_string}\"},\"query-input\":{\"@type\":\"PropertyValueSpecification\",\"valueRequired\":true,\"valueName\":\"search_term_string\"}}],\"inLanguage\":\"ca\"},{\"@type\":\"Organization\",\"@id\":\"https:\\\/\\\/www.apen.es\\\/#organization\",\"name\":\"Apen: Soluciones inform\u00e1ticas\",\"url\":\"https:\\\/\\\/www.apen.es\\\/\",\"logo\":{\"@type\":\"ImageObject\",\"inLanguage\":\"ca\",\"@id\":\"https:\\\/\\\/www.apen.es\\\/#\\\/schema\\\/logo\\\/image\\\/\",\"url\":\"https:\\\/\\\/www.apen.es\\\/wp-content\\\/uploads\\\/2022\\\/08\\\/logo-apenok-231x82-1.png\",\"contentUrl\":\"https:\\\/\\\/www.apen.es\\\/wp-content\\\/uploads\\\/2022\\\/08\\\/logo-apenok-231x82-1.png\",\"width\":231,\"height\":82,\"caption\":\"Apen: Soluciones inform\u00e1ticas\"},\"image\":{\"@id\":\"https:\\\/\\\/www.apen.es\\\/#\\\/schema\\\/logo\\\/image\\\/\"},\"sameAs\":[\"https:\\\/\\\/www.facebook.com\\\/apensolucions\",\"https:\\\/\\\/www.youtube.com\\\/user\\\/ApenCentreInformatic\",\"https:\\\/\\\/www.linkedin.com\\\/company\\\/1021771?trk=tyah&trkInfo=clickedVerticalcompanyclickedEntityId1021771idx2-1-2tarId1464195271196tasapenin\"]}]}<\/script>\n<!-- \/ Yoast SEO plugin. -->","yoast_head_json":{"title":"Ciberseguretat gestionada - Apen Inform\u00e0tica","description":"Necessites optimitzar la ciberseguretat de la teva empresa? Oferim ciberseguretat gestionada. Els millors antivirus per a empreses de Barcelona.","robots":{"index":"index","follow":"follow","max-snippet":"max-snippet:-1","max-image-preview":"max-image-preview:large","max-video-preview":"max-video-preview:-1"},"canonical":"https:\/\/www.apen.es\/ca\/ciberseguretat\/perimetral\/ciberseguretat-gestionada\/","og_locale":"ca_ES","og_type":"article","og_title":"Ciberseguridad gestionada - Apen Inform\u00e1tica","og_description":"\u00bfNecesitas optimizar la ciberseguridad de tu empresa? Ofrecemos ciberseguridad gestionada. Los mejores antivirus para empresas de Barcelona.","og_url":"https:\/\/www.apen.es\/ca\/ciberseguretat\/perimetral\/ciberseguretat-gestionada\/","og_site_name":"Apen Inform\u00e1tica","article_publisher":"https:\/\/www.facebook.com\/apensolucions","article_modified_time":"2025-07-09T09:09:10+00:00","og_image":[{"width":231,"height":82,"url":"https:\/\/www.apen.es\/wp-content\/uploads\/2016\/05\/logo-apen-231x82-trasparent.png","type":"image\/png"}],"twitter_card":"summary_large_image","twitter_misc":{"Temps estimat de lectura":"4 minuts"},"schema":{"@context":"https:\/\/schema.org","@graph":[{"@type":"WebPage","@id":"https:\/\/www.apen.es\/ciberseguridad\/perimetral\/ciberseguridad-gestionada\/","url":"https:\/\/www.apen.es\/ciberseguridad\/perimetral\/ciberseguridad-gestionada\/","name":"Ciberseguretat gestionada - Apen Inform\u00e0tica","isPartOf":{"@id":"https:\/\/www.apen.es\/#website"},"datePublished":"2021-02-16T09:37:24+00:00","dateModified":"2025-07-09T09:09:10+00:00","description":"Necessites optimitzar la ciberseguretat de la teva empresa? Oferim ciberseguretat gestionada. Els millors antivirus per a empreses de Barcelona.","breadcrumb":{"@id":"https:\/\/www.apen.es\/ciberseguridad\/perimetral\/ciberseguridad-gestionada\/#breadcrumb"},"inLanguage":"ca","potentialAction":[{"@type":"ReadAction","target":["https:\/\/www.apen.es\/ciberseguridad\/perimetral\/ciberseguridad-gestionada\/"]}]},{"@type":"BreadcrumbList","@id":"https:\/\/www.apen.es\/ciberseguridad\/perimetral\/ciberseguridad-gestionada\/#breadcrumb","itemListElement":[{"@type":"ListItem","position":1,"name":"Portada","item":"https:\/\/www.apen.es\/"},{"@type":"ListItem","position":2,"name":"Ciberseguridad","item":"https:\/\/www.apen.es\/ciberseguridad\/"},{"@type":"ListItem","position":3,"name":"Ciberseguridad Perimetral","item":"https:\/\/www.apen.es\/ciberseguridad\/perimetral\/"},{"@type":"ListItem","position":4,"name":"Ciberseguridad gestionada"}]},{"@type":"WebSite","@id":"https:\/\/www.apen.es\/#website","url":"https:\/\/www.apen.es\/","name":"Apen Inform\u00e0tica","description":"Manteniment inform\u00e0tic , programari de gesti\u00f3, solucions d&#039;impressi\u00f3","publisher":{"@id":"https:\/\/www.apen.es\/#organization"},"potentialAction":[{"@type":"SearchAction","target":{"@type":"EntryPoint","urlTemplate":"https:\/\/www.apen.es\/?s={search_term_string}"},"query-input":{"@type":"PropertyValueSpecification","valueRequired":true,"valueName":"search_term_string"}}],"inLanguage":"ca"},{"@type":"Organization","@id":"https:\/\/www.apen.es\/#organization","name":"Apen: Solucions inform\u00e0tiques","url":"https:\/\/www.apen.es\/","logo":{"@type":"ImageObject","inLanguage":"ca","@id":"https:\/\/www.apen.es\/#\/schema\/logo\/image\/","url":"https:\/\/www.apen.es\/wp-content\/uploads\/2022\/08\/logo-apenok-231x82-1.png","contentUrl":"https:\/\/www.apen.es\/wp-content\/uploads\/2022\/08\/logo-apenok-231x82-1.png","width":231,"height":82,"caption":"Apen: Soluciones inform\u00e1ticas"},"image":{"@id":"https:\/\/www.apen.es\/#\/schema\/logo\/image\/"},"sameAs":["https:\/\/www.facebook.com\/apensolucions","https:\/\/www.youtube.com\/user\/ApenCentreInformatic","https:\/\/www.linkedin.com\/company\/1021771?trk=tyah&trkInfo=clickedVerticalcompanyclickedEntityId1021771idx2-1-2tarId1464195271196tasapenin"]}]}},"taxonomy_info":[],"featured_image_src_large":false,"author_info":{"display_name":"marqueting","author_link":"https:\/\/www.apen.es\/ca\/blog\/author\/marqueting\/"},"comment_info":0,"_links":{"self":[{"href":"https:\/\/www.apen.es\/ca\/wp-json\/wp\/v2\/pages\/21968","targetHints":{"allow":["GET"]}}],"collection":[{"href":"https:\/\/www.apen.es\/ca\/wp-json\/wp\/v2\/pages"}],"about":[{"href":"https:\/\/www.apen.es\/ca\/wp-json\/wp\/v2\/types\/page"}],"author":[{"embeddable":true,"href":"https:\/\/www.apen.es\/ca\/wp-json\/wp\/v2\/users\/4"}],"replies":[{"embeddable":true,"href":"https:\/\/www.apen.es\/ca\/wp-json\/wp\/v2\/comments?post=21968"}],"version-history":[{"count":1,"href":"https:\/\/www.apen.es\/ca\/wp-json\/wp\/v2\/pages\/21968\/revisions"}],"predecessor-version":[{"id":55954,"href":"https:\/\/www.apen.es\/ca\/wp-json\/wp\/v2\/pages\/21968\/revisions\/55954"}],"up":[{"embeddable":true,"href":"https:\/\/www.apen.es\/ca\/wp-json\/wp\/v2\/pages\/19632"}],"wp:attachment":[{"href":"https:\/\/www.apen.es\/ca\/wp-json\/wp\/v2\/media?parent=21968"}],"curies":[{"name":"wp","href":"https:\/\/api.w.org\/{rel}","templated":true}]}}