{"id":21470,"date":"2021-01-21T07:53:59","date_gmt":"2021-01-21T07:53:59","guid":{"rendered":"https:\/\/www.apen.es\/?page_id=21470"},"modified":"2025-07-08T09:29:08","modified_gmt":"2025-07-08T09:29:08","slug":"erp-a3","status":"publish","type":"page","link":"https:\/\/www.apen.es\/ca\/erp\/erp-a3\/","title":{"rendered":"ERP a3"},"content":{"rendered":"<p>Un ERP a3 \u00e9s un programari de gesti\u00f3 que ajuda les empreses a unificar els seus processos i informaci\u00f3. Aix\u00f2 garanteix que les gestions siguin eficients, ja que assegura que tots els components dins de l&#039;empresa puguin tenir una visi\u00f3 global de les dades i la feina feta a temps real. Un ERP a3 tamb\u00e9 assegura el control i el seguiment dels processos financers, productius i administratius aconseguint avaluacions globals.<\/p>\n\n\n\n<p>Amb aix\u00f2, s&#039;afegeix que un ERP a3 integral l&#039;automatitzaci\u00f3 de tasques, el f\u00e0cil acc\u00e9s a la informaci\u00f3 i l&#039;optimitzaci\u00f3 dels processos.<\/p>\n\n\n\n<p>Un ERP a3 es pot adaptar a qualsevol negoci, sense importar el sector o la mida de la companyia. Tamb\u00e9 s&#039;ha de tenir en compte com a eina per al desenvolupament i l&#039;expansi\u00f3 d&#039;una empresa. Cada empresa ha didentificar les seves necessitats i problemes, aix\u00ed com els projectes de creixement a futur, per poder seleccionar lopci\u00f3 m\u00e9s adequada a cada empresa.<\/p>\n\n\n\n<p>L&#039;ERP a3 permet la gesti\u00f3 de totes les \u00e0rees de l&#039;empresa de forma eficient i f\u00e0cil, amb un maneig adequat per als usuaris i reduint aix\u00ed els costos de comptar amb diversos programes de gesti\u00f3 que tamb\u00e9 poden crear problemes en la gesti\u00f3 de les dades i la productivitat de l&#039;empresa. Aix\u00ed mateix, un ERP a3 es pot adaptar a l&#039;empresa quan se sumin funcionalitats i se n&#039;augmenti la mida i els llocs de treball. Aix\u00f2 es fa en temps real, amb un sistema central dinformaci\u00f3.<\/p>\n\n\n\n<p>Aquests programaris s\u00f3n intu\u00eftius i f\u00e0cils dutilitzar, sadapten f\u00e0cilment a les necessitats de lempresa sense importar lactivitat que desenvolupi o els seus particulars, de manera que el proc\u00e9s dadaptaci\u00f3 ser\u00e0 realment senzill, r\u00e0pid i f\u00e0cil.<\/p>\n\n\n\n<p>Una de les particularitats m\u00e9s importants i que es ressalten de l&#039;ERP a3 \u00e9s que el sistema de planificaci\u00f3 dels recursos permet una an\u00e0lisi en temps real de l&#039;empresa, a totes les \u00e0rees, at\u00e8s que registra al moment les dades, afegit a una eina potent que permet realitzar diferents tipus d&#039;an\u00e0lisi, amb estad\u00edstiques i informes. Aix\u00f2 \u00e9s segur que les decisions es puguin prendre en temps real, amb la informaci\u00f3 adequada i actualitzada i poder contribuir amb el desenvolupament de l&#039;empresa i el seu factor de competitivitat.<\/p>\n\n\n\n<p>El poder presentar tota la informaci\u00f3 en un ERP a3 assegura que s&#039;evitin els errors, s&#039;elimini la informaci\u00f3 duplicada i permet un sol punt d&#039;acc\u00e9s a les dades amb una mateixa base de dades que inclou les n\u00f2mines, el CRM, la comptabilitat, la facturaci\u00f3, el magatzem, entre d&#039;altres. Per aix\u00f2 tamb\u00e9 s&#039;estalvia temps amb les eines d&#039;agilitaci\u00f3 de gesti\u00f3 que inclou la generaci\u00f3 autom\u00e0tica de comandes, les factures, la generaci\u00f3 d&#039;informes, entre d&#039;altres.<\/p>","protected":false},"excerpt":{"rendered":"<p>Un ERP a3 es un software de gesti\u00f3n que ayuda a las empresas a unificar sus procesos e informaci\u00f3n. Esto garantiza que las gestiones sean eficientes, ya que asegura que todos los componentes dentro de la empresa puedan tener una visi\u00f3n global de los datos y el trabajo realizado a tiempo real. Un ERP a3&#8230;<\/p>","protected":false},"author":4,"featured_media":0,"parent":9649,"menu_order":0,"comment_status":"closed","ping_status":"closed","template":"page-landing-software-2.php","meta":{"_acf_changed":false,"_kad_blocks_custom_css":"","_kad_blocks_head_custom_js":"","_kad_blocks_body_custom_js":"","_kad_blocks_footer_custom_js":"","_kad_post_transparent":"","_kad_post_title":"","_kad_post_layout":"","_kad_post_sidebar_id":"","_kad_post_content_style":"","_kad_post_vertical_padding":"","_kad_post_feature":"","_kad_post_feature_position":"","_kad_post_header":false,"_kad_post_footer":false,"_kad_post_classname":"","footnotes":""},"class_list":["post-21470","page","type-page","status-publish","hentry"],"acf":[],"yoast_head":"<!-- This site is optimized with the Yoast SEO plugin v27.4 - https:\/\/yoast.com\/product\/yoast-seo-wordpress\/ -->\n<title>ERP a3 - Apen Inform\u00e1tica<\/title>\n<meta name=\"description\" content=\"Un ERP a3 es un software de gesti\u00f3n que ayuda a las empresas a unificar sus procesos e informaci\u00f3n. Esto garantiza que las gestiones sean eficientes, ya\" \/>\n<meta name=\"robots\" content=\"index, follow, max-snippet:-1, max-image-preview:large, max-video-preview:-1\" \/>\n<link rel=\"canonical\" href=\"https:\/\/www.apen.es\/ca\/erp\/erp-a3\/\" \/>\n<meta property=\"og:locale\" content=\"ca_ES\" \/>\n<meta property=\"og:type\" content=\"article\" \/>\n<meta property=\"og:title\" content=\"ERP a3 - Apen Inform\u00e1tica\" \/>\n<meta property=\"og:description\" content=\"Un ERP a3 es un software de gesti\u00f3n que ayuda a las empresas a unificar sus procesos e informaci\u00f3n. Esto garantiza que las gestiones sean eficientes, ya\" \/>\n<meta property=\"og:url\" content=\"https:\/\/www.apen.es\/ca\/erp\/erp-a3\/\" \/>\n<meta property=\"og:site_name\" content=\"Apen Inform\u00e1tica\" \/>\n<meta property=\"article:publisher\" content=\"https:\/\/www.facebook.com\/apensolucions\" \/>\n<meta property=\"article:modified_time\" content=\"2025-07-08T09:29:08+00:00\" \/>\n<meta property=\"og:image\" content=\"https:\/\/www.apen.es\/wp-content\/uploads\/2016\/05\/logo-apen-231x82-trasparent.png\" \/>\n\t<meta property=\"og:image:width\" content=\"231\" \/>\n\t<meta property=\"og:image:height\" content=\"82\" \/>\n\t<meta property=\"og:image:type\" content=\"image\/png\" \/>\n<meta name=\"twitter:card\" content=\"summary_large_image\" \/>\n<meta name=\"twitter:label1\" content=\"Temps estimat de lectura\" \/>\n\t<meta name=\"twitter:data1\" content=\"2 minuts\" \/>\n<script type=\"application\/ld+json\" class=\"yoast-schema-graph\">{\"@context\":\"https:\\\/\\\/schema.org\",\"@graph\":[{\"@type\":\"WebPage\",\"@id\":\"https:\\\/\\\/www.apen.es\\\/erp\\\/erp-a3\\\/\",\"url\":\"https:\\\/\\\/www.apen.es\\\/erp\\\/erp-a3\\\/\",\"name\":\"ERP a3 - Apen Inform\u00e1tica\",\"isPartOf\":{\"@id\":\"https:\\\/\\\/www.apen.es\\\/#website\"},\"datePublished\":\"2021-01-21T07:53:59+00:00\",\"dateModified\":\"2025-07-08T09:29:08+00:00\",\"description\":\"Un ERP a3 es un software de gesti\u00f3n que ayuda a las empresas a unificar sus procesos e informaci\u00f3n. Esto garantiza que las gestiones sean eficientes, ya\",\"breadcrumb\":{\"@id\":\"https:\\\/\\\/www.apen.es\\\/erp\\\/erp-a3\\\/#breadcrumb\"},\"inLanguage\":\"ca\",\"potentialAction\":[{\"@type\":\"ReadAction\",\"target\":[\"https:\\\/\\\/www.apen.es\\\/erp\\\/erp-a3\\\/\"]}]},{\"@type\":\"BreadcrumbList\",\"@id\":\"https:\\\/\\\/www.apen.es\\\/erp\\\/erp-a3\\\/#breadcrumb\",\"itemListElement\":[{\"@type\":\"ListItem\",\"position\":1,\"name\":\"Portada\",\"item\":\"https:\\\/\\\/www.apen.es\\\/\"},{\"@type\":\"ListItem\",\"position\":2,\"name\":\"ERP. Ofrecemos software gesti\u00f3n a empresas.\",\"item\":\"https:\\\/\\\/www.apen.es\\\/erp\\\/\"},{\"@type\":\"ListItem\",\"position\":3,\"name\":\"ERP a3\"}]},{\"@type\":\"WebSite\",\"@id\":\"https:\\\/\\\/www.apen.es\\\/#website\",\"url\":\"https:\\\/\\\/www.apen.es\\\/\",\"name\":\"Apen Inform\u00e1tica\",\"description\":\"Mantenimiento Inform\u00e1tico , Software de Gesti\u00f3n, Soluciones de impresi\u00f3n\",\"publisher\":{\"@id\":\"https:\\\/\\\/www.apen.es\\\/#organization\"},\"potentialAction\":[{\"@type\":\"SearchAction\",\"target\":{\"@type\":\"EntryPoint\",\"urlTemplate\":\"https:\\\/\\\/www.apen.es\\\/?s={search_term_string}\"},\"query-input\":{\"@type\":\"PropertyValueSpecification\",\"valueRequired\":true,\"valueName\":\"search_term_string\"}}],\"inLanguage\":\"ca\"},{\"@type\":\"Organization\",\"@id\":\"https:\\\/\\\/www.apen.es\\\/#organization\",\"name\":\"Apen: Soluciones inform\u00e1ticas\",\"url\":\"https:\\\/\\\/www.apen.es\\\/\",\"logo\":{\"@type\":\"ImageObject\",\"inLanguage\":\"ca\",\"@id\":\"https:\\\/\\\/www.apen.es\\\/#\\\/schema\\\/logo\\\/image\\\/\",\"url\":\"https:\\\/\\\/www.apen.es\\\/wp-content\\\/uploads\\\/2022\\\/08\\\/logo-apenok-231x82-1.png\",\"contentUrl\":\"https:\\\/\\\/www.apen.es\\\/wp-content\\\/uploads\\\/2022\\\/08\\\/logo-apenok-231x82-1.png\",\"width\":231,\"height\":82,\"caption\":\"Apen: Soluciones inform\u00e1ticas\"},\"image\":{\"@id\":\"https:\\\/\\\/www.apen.es\\\/#\\\/schema\\\/logo\\\/image\\\/\"},\"sameAs\":[\"https:\\\/\\\/www.facebook.com\\\/apensolucions\",\"https:\\\/\\\/www.youtube.com\\\/user\\\/ApenCentreInformatic\",\"https:\\\/\\\/www.linkedin.com\\\/company\\\/1021771?trk=tyah&trkInfo=clickedVerticalcompanyclickedEntityId1021771idx2-1-2tarId1464195271196tasapenin\"]}]}<\/script>\n<!-- \/ Yoast SEO plugin. -->","yoast_head_json":{"title":"ERP a3 - Apen Inform\u00e1tica","description":"Un ERP a3 es un software de gesti\u00f3n que ayuda a las empresas a unificar sus procesos e informaci\u00f3n. Esto garantiza que las gestiones sean eficientes, ya","robots":{"index":"index","follow":"follow","max-snippet":"max-snippet:-1","max-image-preview":"max-image-preview:large","max-video-preview":"max-video-preview:-1"},"canonical":"https:\/\/www.apen.es\/ca\/erp\/erp-a3\/","og_locale":"ca_ES","og_type":"article","og_title":"ERP a3 - Apen Inform\u00e1tica","og_description":"Un ERP a3 es un software de gesti\u00f3n que ayuda a las empresas a unificar sus procesos e informaci\u00f3n. Esto garantiza que las gestiones sean eficientes, ya","og_url":"https:\/\/www.apen.es\/ca\/erp\/erp-a3\/","og_site_name":"Apen Inform\u00e1tica","article_publisher":"https:\/\/www.facebook.com\/apensolucions","article_modified_time":"2025-07-08T09:29:08+00:00","og_image":[{"width":231,"height":82,"url":"https:\/\/www.apen.es\/wp-content\/uploads\/2016\/05\/logo-apen-231x82-trasparent.png","type":"image\/png"}],"twitter_card":"summary_large_image","twitter_misc":{"Temps estimat de lectura":"2 minuts"},"schema":{"@context":"https:\/\/schema.org","@graph":[{"@type":"WebPage","@id":"https:\/\/www.apen.es\/erp\/erp-a3\/","url":"https:\/\/www.apen.es\/erp\/erp-a3\/","name":"ERP a3 - Apen Inform\u00e1tica","isPartOf":{"@id":"https:\/\/www.apen.es\/#website"},"datePublished":"2021-01-21T07:53:59+00:00","dateModified":"2025-07-08T09:29:08+00:00","description":"Un ERP a3 es un software de gesti\u00f3n que ayuda a las empresas a unificar sus procesos e informaci\u00f3n. Esto garantiza que las gestiones sean eficientes, ya","breadcrumb":{"@id":"https:\/\/www.apen.es\/erp\/erp-a3\/#breadcrumb"},"inLanguage":"ca","potentialAction":[{"@type":"ReadAction","target":["https:\/\/www.apen.es\/erp\/erp-a3\/"]}]},{"@type":"BreadcrumbList","@id":"https:\/\/www.apen.es\/erp\/erp-a3\/#breadcrumb","itemListElement":[{"@type":"ListItem","position":1,"name":"Portada","item":"https:\/\/www.apen.es\/"},{"@type":"ListItem","position":2,"name":"ERP. Ofrecemos software gesti\u00f3n a empresas.","item":"https:\/\/www.apen.es\/erp\/"},{"@type":"ListItem","position":3,"name":"ERP a3"}]},{"@type":"WebSite","@id":"https:\/\/www.apen.es\/#website","url":"https:\/\/www.apen.es\/","name":"Apen Inform\u00e0tica","description":"Manteniment inform\u00e0tic , programari de gesti\u00f3, solucions d&#039;impressi\u00f3","publisher":{"@id":"https:\/\/www.apen.es\/#organization"},"potentialAction":[{"@type":"SearchAction","target":{"@type":"EntryPoint","urlTemplate":"https:\/\/www.apen.es\/?s={search_term_string}"},"query-input":{"@type":"PropertyValueSpecification","valueRequired":true,"valueName":"search_term_string"}}],"inLanguage":"ca"},{"@type":"Organization","@id":"https:\/\/www.apen.es\/#organization","name":"Apen: Solucions inform\u00e0tiques","url":"https:\/\/www.apen.es\/","logo":{"@type":"ImageObject","inLanguage":"ca","@id":"https:\/\/www.apen.es\/#\/schema\/logo\/image\/","url":"https:\/\/www.apen.es\/wp-content\/uploads\/2022\/08\/logo-apenok-231x82-1.png","contentUrl":"https:\/\/www.apen.es\/wp-content\/uploads\/2022\/08\/logo-apenok-231x82-1.png","width":231,"height":82,"caption":"Apen: Soluciones inform\u00e1ticas"},"image":{"@id":"https:\/\/www.apen.es\/#\/schema\/logo\/image\/"},"sameAs":["https:\/\/www.facebook.com\/apensolucions","https:\/\/www.youtube.com\/user\/ApenCentreInformatic","https:\/\/www.linkedin.com\/company\/1021771?trk=tyah&trkInfo=clickedVerticalcompanyclickedEntityId1021771idx2-1-2tarId1464195271196tasapenin"]}]}},"taxonomy_info":[],"featured_image_src_large":false,"author_info":{"display_name":"marqueting","author_link":"https:\/\/www.apen.es\/ca\/blog\/author\/marqueting\/"},"comment_info":0,"_links":{"self":[{"href":"https:\/\/www.apen.es\/ca\/wp-json\/wp\/v2\/pages\/21470","targetHints":{"allow":["GET"]}}],"collection":[{"href":"https:\/\/www.apen.es\/ca\/wp-json\/wp\/v2\/pages"}],"about":[{"href":"https:\/\/www.apen.es\/ca\/wp-json\/wp\/v2\/types\/page"}],"author":[{"embeddable":true,"href":"https:\/\/www.apen.es\/ca\/wp-json\/wp\/v2\/users\/4"}],"replies":[{"embeddable":true,"href":"https:\/\/www.apen.es\/ca\/wp-json\/wp\/v2\/comments?post=21470"}],"version-history":[{"count":1,"href":"https:\/\/www.apen.es\/ca\/wp-json\/wp\/v2\/pages\/21470\/revisions"}],"predecessor-version":[{"id":55814,"href":"https:\/\/www.apen.es\/ca\/wp-json\/wp\/v2\/pages\/21470\/revisions\/55814"}],"up":[{"embeddable":true,"href":"https:\/\/www.apen.es\/ca\/wp-json\/wp\/v2\/pages\/9649"}],"wp:attachment":[{"href":"https:\/\/www.apen.es\/ca\/wp-json\/wp\/v2\/media?parent=21470"}],"curies":[{"name":"wp","href":"https:\/\/api.w.org\/{rel}","templated":true}]}}