{"id":21469,"date":"2021-01-21T07:52:40","date_gmt":"2021-01-21T07:52:40","guid":{"rendered":"https:\/\/www.apen.es\/?page_id=21469"},"modified":"2025-07-08T09:29:57","modified_gmt":"2025-07-08T09:29:57","slug":"gestion-erp","status":"publish","type":"page","link":"https:\/\/www.apen.es\/ca\/erp\/gestion-erp\/","title":{"rendered":"Gesti\u00f3 ERP"},"content":{"rendered":"<p>La gesti\u00f3 amb ERP d&#039;una empresa permet la planificaci\u00f3 de recursos empresarials i \u00e9s un proc\u00e9s que utilitzen les empreses per gestionar i integrar les parts del seu negoci. La gesti\u00f3 amb ERP dins una empresa ajuda a la planificaci\u00f3 dels recursos i processos necessaris en un sol sistema. Un sistema de gesti\u00f3 ERP tamb\u00e9 pot integrar planificaci\u00f3, compra dinventari, vendes, m\u00e0rqueting, finances, recursos humans i m\u00e9s. A aix\u00f2 se suma que actualment la gesti\u00f3 d&#039;ERP es pot basar a la web o al n\u00favol, perqu\u00e8 els usuaris puguin accedir de forma remota i que les dades estiguin protegides.<\/p>\n\n\n\n<p>La gesti\u00f3 ERP es pot imaginar com la cola que uneix els diferents sistemes inform\u00e0tics de gran organitzaci\u00f3. Sense una aplicaci\u00f3 ERP, cada departament tindria el sistema optimitzat per a les seves tasques espec\u00edfiques. Amb la gesti\u00f3 ERP, cada departament encara t\u00e9 el sistema, per\u00f2 es pot accedir a tots els sistemes a trav\u00e9s d&#039;una aplicaci\u00f3 amb una interf\u00edcie, cosa que augmenta la comunicaci\u00f3 i l&#039;efic\u00e0cia en una empresa.<\/p>\n\n\n\n<p>La gesti\u00f3 ERP tamb\u00e9 permet que els diferents departaments es comuniquin i comparteixin informaci\u00f3 de manera m\u00e9s senzilla amb la resta de lempresa. Recopila informaci\u00f3 sobre l&#039;activitat i l&#039;estat de les diferents divisions, posant aquesta informaci\u00f3 a disposici\u00f3 d&#039;altres parts on es pot utilitzar de manera productiva.<\/p>\n\n\n\n<p>Aix\u00f2 tamb\u00e9 ajuda l&#039;empresa a ser m\u00e9s conscient de si mateixa en vincular informaci\u00f3 sobre la producci\u00f3, les finances, la distribuci\u00f3 i els recursos humans. Com que connecta diferents tecnologies utilitzades per cada part duna empresa, una aplicaci\u00f3 ERP pot eliminar la costosa tecnologia duplicada i incompatible. El proc\u00e9s sovint integra comptes per pagar, sistemes de control d&#039;exist\u00e8ncies, sistemes de seguiment de comandes i bases de dades de clients en un sol sistema.<\/p>\n\n\n\n<p>La gesti\u00f3 ERP ha evolucionat amb el pas dels anys, des de les opcions tradicionals fins a les opcions al n\u00favol (cloud) que ofereix l&#039;acc\u00e9s remot a qualsevol membre de la companyia.<\/p>\n\n\n\n<p>Tot i aix\u00f2, una gesti\u00f3 ERP no eliminar\u00e0 m\u00e0gicament les inefici\u00e8ncies d&#039;un negoci. L&#039;empresa necessita repensar la manera com est\u00e0 organitzada o, en cas contrari, acabar\u00e0 amb una tecnologia incompatible. Els sistemes ERP generalment no aconsegueixen els objectius que van influir en la seva instal\u00b7laci\u00f3 a causa de la ren\u00fancia duna empresa a abandonar vells processos de treball que s\u00f3n incompatibles. Algunes empreses tamb\u00e9 s\u00f3n reticents a deixar de banda programari antic que funcionava b\u00e9 en el passat. La clau \u00e9s evitar que els projectes d&#039;ERP es dividisquen en molts projectes m\u00e9s petits, cosa que pot resultar en sobrecostos. Hi ha molts programes de gesti\u00f3 ERP que permeten una prova gratu\u00efta, donant el temps de provar les diferents funcionalitats i com s&#039;adapta a les necessitats presents i futures del negoci.<\/p>","protected":false},"excerpt":{"rendered":"<p>La gesti\u00f3n con ERP de una empresa permite la planificaci\u00f3n de recursos empresariales, siendo un proceso que utilizan las empresas para gestionar e integrar las partes de su negocio. La gesti\u00f3n con ERP dentro de una empresa ayuda a la planificaci\u00f3n de los recursos y los procesos necesarios en un solo sistema. Un sistema de&#8230;<\/p>","protected":false},"author":4,"featured_media":0,"parent":9649,"menu_order":0,"comment_status":"closed","ping_status":"closed","template":"page-landing-software-2.php","meta":{"_acf_changed":false,"_kad_blocks_custom_css":"","_kad_blocks_head_custom_js":"","_kad_blocks_body_custom_js":"","_kad_blocks_footer_custom_js":"","_kad_post_transparent":"","_kad_post_title":"","_kad_post_layout":"","_kad_post_sidebar_id":"","_kad_post_content_style":"","_kad_post_vertical_padding":"","_kad_post_feature":"","_kad_post_feature_position":"","_kad_post_header":false,"_kad_post_footer":false,"_kad_post_classname":"","footnotes":""},"class_list":["post-21469","page","type-page","status-publish","hentry"],"acf":[],"yoast_head":"<!-- This site is optimized with the Yoast SEO plugin v27.4 - https:\/\/yoast.com\/product\/yoast-seo-wordpress\/ -->\n<title>Gesti\u00f3n ERP - Apen Inform\u00e1tica<\/title>\n<meta name=\"description\" content=\"Gesti\u00f3n ERP para tu empresa. a3ERP es la soluci\u00f3n de gesti\u00f3n empresarial que integra todas las \u00e1reas de la empresa de un modo \u00e1gil y sencillo\" \/>\n<meta name=\"robots\" content=\"index, follow, max-snippet:-1, max-image-preview:large, max-video-preview:-1\" \/>\n<link rel=\"canonical\" href=\"https:\/\/www.apen.es\/ca\/erp\/gestion-erp\/\" \/>\n<meta property=\"og:locale\" content=\"ca_ES\" \/>\n<meta property=\"og:type\" content=\"article\" \/>\n<meta property=\"og:title\" content=\"Gesti\u00f3n ERP - Apen Inform\u00e1tica\" \/>\n<meta property=\"og:description\" content=\"Gesti\u00f3n ERP para tu empresa. a3ERP es la soluci\u00f3n de gesti\u00f3n empresarial que integra todas las \u00e1reas de la empresa de un modo \u00e1gil y sencillo\" \/>\n<meta property=\"og:url\" content=\"https:\/\/www.apen.es\/ca\/erp\/gestion-erp\/\" \/>\n<meta property=\"og:site_name\" content=\"Apen Inform\u00e1tica\" \/>\n<meta property=\"article:publisher\" content=\"https:\/\/www.facebook.com\/apensolucions\" \/>\n<meta property=\"article:modified_time\" content=\"2025-07-08T09:29:57+00:00\" \/>\n<meta property=\"og:image\" content=\"https:\/\/www.apen.es\/wp-content\/uploads\/2016\/05\/logo-apen-231x82-trasparent.png\" \/>\n\t<meta property=\"og:image:width\" content=\"231\" \/>\n\t<meta property=\"og:image:height\" content=\"82\" \/>\n\t<meta property=\"og:image:type\" content=\"image\/png\" \/>\n<meta name=\"twitter:card\" content=\"summary_large_image\" \/>\n<meta name=\"twitter:label1\" content=\"Temps estimat de lectura\" \/>\n\t<meta name=\"twitter:data1\" content=\"6 minuts\" \/>\n<script type=\"application\/ld+json\" class=\"yoast-schema-graph\">{\"@context\":\"https:\\\/\\\/schema.org\",\"@graph\":[{\"@type\":\"WebPage\",\"@id\":\"https:\\\/\\\/www.apen.es\\\/erp\\\/gestion-erp\\\/\",\"url\":\"https:\\\/\\\/www.apen.es\\\/erp\\\/gestion-erp\\\/\",\"name\":\"Gesti\u00f3n ERP - Apen Inform\u00e1tica\",\"isPartOf\":{\"@id\":\"https:\\\/\\\/www.apen.es\\\/#website\"},\"datePublished\":\"2021-01-21T07:52:40+00:00\",\"dateModified\":\"2025-07-08T09:29:57+00:00\",\"description\":\"Gesti\u00f3n ERP para tu empresa. a3ERP es la soluci\u00f3n de gesti\u00f3n empresarial que integra todas las \u00e1reas de la empresa de un modo \u00e1gil y sencillo\",\"breadcrumb\":{\"@id\":\"https:\\\/\\\/www.apen.es\\\/erp\\\/gestion-erp\\\/#breadcrumb\"},\"inLanguage\":\"ca\",\"potentialAction\":[{\"@type\":\"ReadAction\",\"target\":[\"https:\\\/\\\/www.apen.es\\\/erp\\\/gestion-erp\\\/\"]}]},{\"@type\":\"BreadcrumbList\",\"@id\":\"https:\\\/\\\/www.apen.es\\\/erp\\\/gestion-erp\\\/#breadcrumb\",\"itemListElement\":[{\"@type\":\"ListItem\",\"position\":1,\"name\":\"Portada\",\"item\":\"https:\\\/\\\/www.apen.es\\\/\"},{\"@type\":\"ListItem\",\"position\":2,\"name\":\"ERP. Ofrecemos software gesti\u00f3n a empresas.\",\"item\":\"https:\\\/\\\/www.apen.es\\\/erp\\\/\"},{\"@type\":\"ListItem\",\"position\":3,\"name\":\"Gesti\u00f3n ERP\"}]},{\"@type\":\"WebSite\",\"@id\":\"https:\\\/\\\/www.apen.es\\\/#website\",\"url\":\"https:\\\/\\\/www.apen.es\\\/\",\"name\":\"Apen Inform\u00e1tica\",\"description\":\"Mantenimiento Inform\u00e1tico , Software de Gesti\u00f3n, Soluciones de impresi\u00f3n\",\"publisher\":{\"@id\":\"https:\\\/\\\/www.apen.es\\\/#organization\"},\"potentialAction\":[{\"@type\":\"SearchAction\",\"target\":{\"@type\":\"EntryPoint\",\"urlTemplate\":\"https:\\\/\\\/www.apen.es\\\/?s={search_term_string}\"},\"query-input\":{\"@type\":\"PropertyValueSpecification\",\"valueRequired\":true,\"valueName\":\"search_term_string\"}}],\"inLanguage\":\"ca\"},{\"@type\":\"Organization\",\"@id\":\"https:\\\/\\\/www.apen.es\\\/#organization\",\"name\":\"Apen: Soluciones inform\u00e1ticas\",\"url\":\"https:\\\/\\\/www.apen.es\\\/\",\"logo\":{\"@type\":\"ImageObject\",\"inLanguage\":\"ca\",\"@id\":\"https:\\\/\\\/www.apen.es\\\/#\\\/schema\\\/logo\\\/image\\\/\",\"url\":\"https:\\\/\\\/www.apen.es\\\/wp-content\\\/uploads\\\/2022\\\/08\\\/logo-apenok-231x82-1.png\",\"contentUrl\":\"https:\\\/\\\/www.apen.es\\\/wp-content\\\/uploads\\\/2022\\\/08\\\/logo-apenok-231x82-1.png\",\"width\":231,\"height\":82,\"caption\":\"Apen: Soluciones inform\u00e1ticas\"},\"image\":{\"@id\":\"https:\\\/\\\/www.apen.es\\\/#\\\/schema\\\/logo\\\/image\\\/\"},\"sameAs\":[\"https:\\\/\\\/www.facebook.com\\\/apensolucions\",\"https:\\\/\\\/www.youtube.com\\\/user\\\/ApenCentreInformatic\",\"https:\\\/\\\/www.linkedin.com\\\/company\\\/1021771?trk=tyah&trkInfo=clickedVerticalcompanyclickedEntityId1021771idx2-1-2tarId1464195271196tasapenin\"]}]}<\/script>\n<!-- \/ Yoast SEO plugin. -->","yoast_head_json":{"title":"Gesti\u00f3n ERP - Apen Inform\u00e1tica","description":"Gesti\u00f3n ERP para tu empresa. a3ERP es la soluci\u00f3n de gesti\u00f3n empresarial que integra todas las \u00e1reas de la empresa de un modo \u00e1gil y sencillo","robots":{"index":"index","follow":"follow","max-snippet":"max-snippet:-1","max-image-preview":"max-image-preview:large","max-video-preview":"max-video-preview:-1"},"canonical":"https:\/\/www.apen.es\/ca\/erp\/gestion-erp\/","og_locale":"ca_ES","og_type":"article","og_title":"Gesti\u00f3n ERP - Apen Inform\u00e1tica","og_description":"Gesti\u00f3n ERP para tu empresa. a3ERP es la soluci\u00f3n de gesti\u00f3n empresarial que integra todas las \u00e1reas de la empresa de un modo \u00e1gil y sencillo","og_url":"https:\/\/www.apen.es\/ca\/erp\/gestion-erp\/","og_site_name":"Apen Inform\u00e1tica","article_publisher":"https:\/\/www.facebook.com\/apensolucions","article_modified_time":"2025-07-08T09:29:57+00:00","og_image":[{"width":231,"height":82,"url":"https:\/\/www.apen.es\/wp-content\/uploads\/2016\/05\/logo-apen-231x82-trasparent.png","type":"image\/png"}],"twitter_card":"summary_large_image","twitter_misc":{"Temps estimat de lectura":"6 minuts"},"schema":{"@context":"https:\/\/schema.org","@graph":[{"@type":"WebPage","@id":"https:\/\/www.apen.es\/erp\/gestion-erp\/","url":"https:\/\/www.apen.es\/erp\/gestion-erp\/","name":"Gesti\u00f3n ERP - Apen Inform\u00e1tica","isPartOf":{"@id":"https:\/\/www.apen.es\/#website"},"datePublished":"2021-01-21T07:52:40+00:00","dateModified":"2025-07-08T09:29:57+00:00","description":"Gesti\u00f3n ERP para tu empresa. a3ERP es la soluci\u00f3n de gesti\u00f3n empresarial que integra todas las \u00e1reas de la empresa de un modo \u00e1gil y sencillo","breadcrumb":{"@id":"https:\/\/www.apen.es\/erp\/gestion-erp\/#breadcrumb"},"inLanguage":"ca","potentialAction":[{"@type":"ReadAction","target":["https:\/\/www.apen.es\/erp\/gestion-erp\/"]}]},{"@type":"BreadcrumbList","@id":"https:\/\/www.apen.es\/erp\/gestion-erp\/#breadcrumb","itemListElement":[{"@type":"ListItem","position":1,"name":"Portada","item":"https:\/\/www.apen.es\/"},{"@type":"ListItem","position":2,"name":"ERP. Ofrecemos software gesti\u00f3n a empresas.","item":"https:\/\/www.apen.es\/erp\/"},{"@type":"ListItem","position":3,"name":"Gesti\u00f3n ERP"}]},{"@type":"WebSite","@id":"https:\/\/www.apen.es\/#website","url":"https:\/\/www.apen.es\/","name":"Apen Inform\u00e0tica","description":"Manteniment inform\u00e0tic , programari de gesti\u00f3, solucions d&#039;impressi\u00f3","publisher":{"@id":"https:\/\/www.apen.es\/#organization"},"potentialAction":[{"@type":"SearchAction","target":{"@type":"EntryPoint","urlTemplate":"https:\/\/www.apen.es\/?s={search_term_string}"},"query-input":{"@type":"PropertyValueSpecification","valueRequired":true,"valueName":"search_term_string"}}],"inLanguage":"ca"},{"@type":"Organization","@id":"https:\/\/www.apen.es\/#organization","name":"Apen: Solucions inform\u00e0tiques","url":"https:\/\/www.apen.es\/","logo":{"@type":"ImageObject","inLanguage":"ca","@id":"https:\/\/www.apen.es\/#\/schema\/logo\/image\/","url":"https:\/\/www.apen.es\/wp-content\/uploads\/2022\/08\/logo-apenok-231x82-1.png","contentUrl":"https:\/\/www.apen.es\/wp-content\/uploads\/2022\/08\/logo-apenok-231x82-1.png","width":231,"height":82,"caption":"Apen: Soluciones inform\u00e1ticas"},"image":{"@id":"https:\/\/www.apen.es\/#\/schema\/logo\/image\/"},"sameAs":["https:\/\/www.facebook.com\/apensolucions","https:\/\/www.youtube.com\/user\/ApenCentreInformatic","https:\/\/www.linkedin.com\/company\/1021771?trk=tyah&trkInfo=clickedVerticalcompanyclickedEntityId1021771idx2-1-2tarId1464195271196tasapenin"]}]}},"taxonomy_info":[],"featured_image_src_large":false,"author_info":{"display_name":"marqueting","author_link":"https:\/\/www.apen.es\/ca\/blog\/author\/marqueting\/"},"comment_info":0,"_links":{"self":[{"href":"https:\/\/www.apen.es\/ca\/wp-json\/wp\/v2\/pages\/21469","targetHints":{"allow":["GET"]}}],"collection":[{"href":"https:\/\/www.apen.es\/ca\/wp-json\/wp\/v2\/pages"}],"about":[{"href":"https:\/\/www.apen.es\/ca\/wp-json\/wp\/v2\/types\/page"}],"author":[{"embeddable":true,"href":"https:\/\/www.apen.es\/ca\/wp-json\/wp\/v2\/users\/4"}],"replies":[{"embeddable":true,"href":"https:\/\/www.apen.es\/ca\/wp-json\/wp\/v2\/comments?post=21469"}],"version-history":[{"count":3,"href":"https:\/\/www.apen.es\/ca\/wp-json\/wp\/v2\/pages\/21469\/revisions"}],"predecessor-version":[{"id":54675,"href":"https:\/\/www.apen.es\/ca\/wp-json\/wp\/v2\/pages\/21469\/revisions\/54675"}],"up":[{"embeddable":true,"href":"https:\/\/www.apen.es\/ca\/wp-json\/wp\/v2\/pages\/9649"}],"wp:attachment":[{"href":"https:\/\/www.apen.es\/ca\/wp-json\/wp\/v2\/media?parent=21469"}],"curies":[{"name":"wp","href":"https:\/\/api.w.org\/{rel}","templated":true}]}}