{"id":21468,"date":"2021-01-21T07:51:03","date_gmt":"2021-01-21T07:51:03","guid":{"rendered":"https:\/\/www.apen.es\/?page_id=21468"},"modified":"2025-07-08T09:29:45","modified_gmt":"2025-07-08T09:29:45","slug":"erp-pymes","status":"publish","type":"page","link":"https:\/\/www.apen.es\/ca\/erp\/erp-pymes\/","title":{"rendered":"ERP pimes"},"content":{"rendered":"<p>La planificaci\u00f3 de recursos empresarials, coneguda com a ERP, hauria de ser la columna vertebral de qualsevol negoci modern, especialment per a les pimes. Un ERP per a pimes assegura poder monitoritzar, emmagatzemar i interpretar dades de m\u00faltiples activitats comercials.<\/p>\n\n\n\n<p>Un ERP per a pimes assegura beneficis en optimitzar l&#039;administraci\u00f3 de la cadena de subministrament, integrar-se amb comptes per pagar o facilitar els processos de tota una organitzaci\u00f3 de fabricaci\u00f3. En altres paraules, un ERP per a pimes pot abastar aplicacions en tots els aspectes del negoci, per crear solucions adequades per a cada negoci.<\/p>\n\n\n\n<p>En detall, un ERP per a pimes inclou beneficis als processos de facturaci\u00f3, cadena de subministrament, vendes, control d&#039;inventari i desenvolupament.<\/p>\n\n\n\n<p>No obstant aix\u00f2, un enfocament de talla \u00fanica no sempre \u00e9s suficient quan es tracta de triar una soluci\u00f3 dERP per a pimes. At\u00e8s que els requisits del sistema varien entre les empreses i les ind\u00fastries, cal cercar la soluci\u00f3 adequada.<\/p>\n\n\n\n<p>Un ERP per a pimes ha d&#039;oferir un sistema totalment integrat amb caracter\u00edstiques llestes per utilitzar i una \u00e0mplia gamma dels m\u00f2duls. Una soluci\u00f3 integral proporciona funcionalitat que inclou el compliment de detallistes, intercanvi electr\u00f2nic de dades, previsi\u00f3, importaci\u00f3, log\u00edstica, gesti\u00f3 de magatzems, planificaci\u00f3 de la demanda, finances, fabricaci\u00f3, gesti\u00f3 d&#039;importacions, transport, intel\u00b7lig\u00e8ncia empresarial i vendes m\u00f2bils.<\/p>\n\n\n\n<p>Cal que l&#039;ERP per a pimes sigui dissenyada per millorar els processos a cada pas del proc\u00e9s de fabricaci\u00f3, des de la producci\u00f3 fins al lliurament, agilitzant les operacions i reduint els costos. A aix\u00f2 cal afegir-hi la compatibilitat amb dispositius m\u00f2bils, cosa que permet l&#039;acc\u00e9s remot al programari a trav\u00e9s d&#039;un lloc optimitzat per a dispositius m\u00f2bils o mitjan\u00e7ant les aplicacions d&#039;Android o iOS.<\/p>\n\n\n\n<p>La majoria d&#039;ERP per a pimes estan dissenyades per satisfer les necessitats espec\u00edfiques dels fabricants de processos. Aix\u00f2 permet controlar f\u00e0cilment l&#039;inventari segons l&#039;estat de la qualitat, les unitats de mesura, la data de venciment i el n\u00famero de lot. L&#039;etiquetatge, els informes, els informes d&#039;auditoria transaccional i la documentaci\u00f3 d&#039;enviament el poden mantenir en l\u00ednia amb les regulacions de la ind\u00fastria, depenent del sector de cada empresa.<\/p>\n\n\n\n<p>Els ERP per a pimes han de ser f\u00e0cils d&#039;usar i proporcionar flexibilitat, perqu\u00e8 puguin reaccionar davant de qualsevol canvi al mercat. El sistema tamb\u00e9 ha de ser f\u00e0cilment escalable, perqu\u00e8 sigui adequat per a empreses de qualsevol mida. Cal tenir en compte que l&#039;ERP per a pimes tamb\u00e9 permeti l&#039;opci\u00f3 de vendre a l&#039;engr\u00f2s directament als detallistes, i s&#039;adaptar\u00e0 a qualsevol model de negoci de cadascuna de les companyies.<\/p>\n\n\n\n<p>Abans de seleccionar una ERP per a pimes \u00e9s importar tenir en compte les necessitats de l&#039;empresa en el present i en un futur proper, cosa que assegura una bona elecci\u00f3 que s&#039;adeq\u00fci al creixement de l&#039;empresa.<\/p>","protected":false},"excerpt":{"rendered":"<p>La planificaci\u00f3n de recursos empresariales, conocida como ERP, deber\u00eda ser la columna vertebral de cualquier negocio moderno, en especial para las pymes. Un ERP para pymes asegura el poder monitorear, almacenar e interpretar datos de m\u00faltiples actividades comerciales. Un ERP para pymes asegura beneficios al optimizar la administraci\u00f3n de la cadena de suministro, integrarse con&#8230;<\/p>","protected":false},"author":4,"featured_media":0,"parent":9649,"menu_order":0,"comment_status":"closed","ping_status":"closed","template":"page-landing-software-2.php","meta":{"_acf_changed":false,"_kad_blocks_custom_css":"","_kad_blocks_head_custom_js":"","_kad_blocks_body_custom_js":"","_kad_blocks_footer_custom_js":"","_kad_post_transparent":"","_kad_post_title":"","_kad_post_layout":"","_kad_post_sidebar_id":"","_kad_post_content_style":"","_kad_post_vertical_padding":"","_kad_post_feature":"","_kad_post_feature_position":"","_kad_post_header":false,"_kad_post_footer":false,"_kad_post_classname":"","footnotes":""},"class_list":["post-21468","page","type-page","status-publish","hentry"],"acf":[],"yoast_head":"<!-- This site is optimized with the Yoast SEO plugin v27.4 - https:\/\/yoast.com\/product\/yoast-seo-wordpress\/ -->\n<title>ERP pymes - Apen Inform\u00e1tica<\/title>\n<meta name=\"description\" content=\"EL ERP orientado a Pymes. a3ERP es la soluci\u00f3n de gesti\u00f3n empresarial que integra todas las \u00e1reas de la empresa de un modo \u00e1gil y sencillo\" \/>\n<meta name=\"robots\" content=\"index, follow, max-snippet:-1, max-image-preview:large, max-video-preview:-1\" \/>\n<link rel=\"canonical\" href=\"https:\/\/www.apen.es\/ca\/erp\/erp-pymes\/\" \/>\n<meta property=\"og:locale\" content=\"ca_ES\" \/>\n<meta property=\"og:type\" content=\"article\" \/>\n<meta property=\"og:title\" content=\"ERP pymes - Apen Inform\u00e1tica\" \/>\n<meta property=\"og:description\" content=\"EL ERP orientado a Pymes. a3ERP es la soluci\u00f3n de gesti\u00f3n empresarial que integra todas las \u00e1reas de la empresa de un modo \u00e1gil y sencillo\" \/>\n<meta property=\"og:url\" content=\"https:\/\/www.apen.es\/ca\/erp\/erp-pymes\/\" \/>\n<meta property=\"og:site_name\" content=\"Apen Inform\u00e1tica\" \/>\n<meta property=\"article:publisher\" content=\"https:\/\/www.facebook.com\/apensolucions\" \/>\n<meta property=\"article:modified_time\" content=\"2025-07-08T09:29:45+00:00\" \/>\n<meta property=\"og:image\" content=\"https:\/\/www.apen.es\/wp-content\/uploads\/2016\/05\/logo-apen-231x82-trasparent.png\" \/>\n\t<meta property=\"og:image:width\" content=\"231\" \/>\n\t<meta property=\"og:image:height\" content=\"82\" \/>\n\t<meta property=\"og:image:type\" content=\"image\/png\" \/>\n<meta name=\"twitter:card\" content=\"summary_large_image\" \/>\n<meta name=\"twitter:label1\" content=\"Temps estimat de lectura\" \/>\n\t<meta name=\"twitter:data1\" content=\"6 minuts\" \/>\n<script type=\"application\/ld+json\" class=\"yoast-schema-graph\">{\"@context\":\"https:\\\/\\\/schema.org\",\"@graph\":[{\"@type\":\"WebPage\",\"@id\":\"https:\\\/\\\/www.apen.es\\\/erp\\\/erp-pymes\\\/\",\"url\":\"https:\\\/\\\/www.apen.es\\\/erp\\\/erp-pymes\\\/\",\"name\":\"ERP pymes - Apen Inform\u00e1tica\",\"isPartOf\":{\"@id\":\"https:\\\/\\\/www.apen.es\\\/#website\"},\"datePublished\":\"2021-01-21T07:51:03+00:00\",\"dateModified\":\"2025-07-08T09:29:45+00:00\",\"description\":\"EL ERP orientado a Pymes. a3ERP es la soluci\u00f3n de gesti\u00f3n empresarial que integra todas las \u00e1reas de la empresa de un modo \u00e1gil y sencillo\",\"breadcrumb\":{\"@id\":\"https:\\\/\\\/www.apen.es\\\/erp\\\/erp-pymes\\\/#breadcrumb\"},\"inLanguage\":\"ca\",\"potentialAction\":[{\"@type\":\"ReadAction\",\"target\":[\"https:\\\/\\\/www.apen.es\\\/erp\\\/erp-pymes\\\/\"]}]},{\"@type\":\"BreadcrumbList\",\"@id\":\"https:\\\/\\\/www.apen.es\\\/erp\\\/erp-pymes\\\/#breadcrumb\",\"itemListElement\":[{\"@type\":\"ListItem\",\"position\":1,\"name\":\"Portada\",\"item\":\"https:\\\/\\\/www.apen.es\\\/\"},{\"@type\":\"ListItem\",\"position\":2,\"name\":\"ERP. Ofrecemos software gesti\u00f3n a empresas.\",\"item\":\"https:\\\/\\\/www.apen.es\\\/erp\\\/\"},{\"@type\":\"ListItem\",\"position\":3,\"name\":\"ERP pymes\"}]},{\"@type\":\"WebSite\",\"@id\":\"https:\\\/\\\/www.apen.es\\\/#website\",\"url\":\"https:\\\/\\\/www.apen.es\\\/\",\"name\":\"Apen Inform\u00e1tica\",\"description\":\"Mantenimiento Inform\u00e1tico , Software de Gesti\u00f3n, Soluciones de impresi\u00f3n\",\"publisher\":{\"@id\":\"https:\\\/\\\/www.apen.es\\\/#organization\"},\"potentialAction\":[{\"@type\":\"SearchAction\",\"target\":{\"@type\":\"EntryPoint\",\"urlTemplate\":\"https:\\\/\\\/www.apen.es\\\/?s={search_term_string}\"},\"query-input\":{\"@type\":\"PropertyValueSpecification\",\"valueRequired\":true,\"valueName\":\"search_term_string\"}}],\"inLanguage\":\"ca\"},{\"@type\":\"Organization\",\"@id\":\"https:\\\/\\\/www.apen.es\\\/#organization\",\"name\":\"Apen: Soluciones inform\u00e1ticas\",\"url\":\"https:\\\/\\\/www.apen.es\\\/\",\"logo\":{\"@type\":\"ImageObject\",\"inLanguage\":\"ca\",\"@id\":\"https:\\\/\\\/www.apen.es\\\/#\\\/schema\\\/logo\\\/image\\\/\",\"url\":\"https:\\\/\\\/www.apen.es\\\/wp-content\\\/uploads\\\/2022\\\/08\\\/logo-apenok-231x82-1.png\",\"contentUrl\":\"https:\\\/\\\/www.apen.es\\\/wp-content\\\/uploads\\\/2022\\\/08\\\/logo-apenok-231x82-1.png\",\"width\":231,\"height\":82,\"caption\":\"Apen: Soluciones inform\u00e1ticas\"},\"image\":{\"@id\":\"https:\\\/\\\/www.apen.es\\\/#\\\/schema\\\/logo\\\/image\\\/\"},\"sameAs\":[\"https:\\\/\\\/www.facebook.com\\\/apensolucions\",\"https:\\\/\\\/www.youtube.com\\\/user\\\/ApenCentreInformatic\",\"https:\\\/\\\/www.linkedin.com\\\/company\\\/1021771?trk=tyah&trkInfo=clickedVerticalcompanyclickedEntityId1021771idx2-1-2tarId1464195271196tasapenin\"]}]}<\/script>\n<!-- \/ Yoast SEO plugin. -->","yoast_head_json":{"title":"ERP pymes - Apen Inform\u00e1tica","description":"EL ERP orientado a Pymes. a3ERP es la soluci\u00f3n de gesti\u00f3n empresarial que integra todas las \u00e1reas de la empresa de un modo \u00e1gil y sencillo","robots":{"index":"index","follow":"follow","max-snippet":"max-snippet:-1","max-image-preview":"max-image-preview:large","max-video-preview":"max-video-preview:-1"},"canonical":"https:\/\/www.apen.es\/ca\/erp\/erp-pymes\/","og_locale":"ca_ES","og_type":"article","og_title":"ERP pymes - Apen Inform\u00e1tica","og_description":"EL ERP orientado a Pymes. a3ERP es la soluci\u00f3n de gesti\u00f3n empresarial que integra todas las \u00e1reas de la empresa de un modo \u00e1gil y sencillo","og_url":"https:\/\/www.apen.es\/ca\/erp\/erp-pymes\/","og_site_name":"Apen Inform\u00e1tica","article_publisher":"https:\/\/www.facebook.com\/apensolucions","article_modified_time":"2025-07-08T09:29:45+00:00","og_image":[{"width":231,"height":82,"url":"https:\/\/www.apen.es\/wp-content\/uploads\/2016\/05\/logo-apen-231x82-trasparent.png","type":"image\/png"}],"twitter_card":"summary_large_image","twitter_misc":{"Temps estimat de lectura":"6 minuts"},"schema":{"@context":"https:\/\/schema.org","@graph":[{"@type":"WebPage","@id":"https:\/\/www.apen.es\/erp\/erp-pymes\/","url":"https:\/\/www.apen.es\/erp\/erp-pymes\/","name":"ERP pymes - Apen Inform\u00e1tica","isPartOf":{"@id":"https:\/\/www.apen.es\/#website"},"datePublished":"2021-01-21T07:51:03+00:00","dateModified":"2025-07-08T09:29:45+00:00","description":"EL ERP orientado a Pymes. a3ERP es la soluci\u00f3n de gesti\u00f3n empresarial que integra todas las \u00e1reas de la empresa de un modo \u00e1gil y sencillo","breadcrumb":{"@id":"https:\/\/www.apen.es\/erp\/erp-pymes\/#breadcrumb"},"inLanguage":"ca","potentialAction":[{"@type":"ReadAction","target":["https:\/\/www.apen.es\/erp\/erp-pymes\/"]}]},{"@type":"BreadcrumbList","@id":"https:\/\/www.apen.es\/erp\/erp-pymes\/#breadcrumb","itemListElement":[{"@type":"ListItem","position":1,"name":"Portada","item":"https:\/\/www.apen.es\/"},{"@type":"ListItem","position":2,"name":"ERP. Ofrecemos software gesti\u00f3n a empresas.","item":"https:\/\/www.apen.es\/erp\/"},{"@type":"ListItem","position":3,"name":"ERP pymes"}]},{"@type":"WebSite","@id":"https:\/\/www.apen.es\/#website","url":"https:\/\/www.apen.es\/","name":"Apen Inform\u00e0tica","description":"Manteniment inform\u00e0tic , programari de gesti\u00f3, solucions d&#039;impressi\u00f3","publisher":{"@id":"https:\/\/www.apen.es\/#organization"},"potentialAction":[{"@type":"SearchAction","target":{"@type":"EntryPoint","urlTemplate":"https:\/\/www.apen.es\/?s={search_term_string}"},"query-input":{"@type":"PropertyValueSpecification","valueRequired":true,"valueName":"search_term_string"}}],"inLanguage":"ca"},{"@type":"Organization","@id":"https:\/\/www.apen.es\/#organization","name":"Apen: Solucions inform\u00e0tiques","url":"https:\/\/www.apen.es\/","logo":{"@type":"ImageObject","inLanguage":"ca","@id":"https:\/\/www.apen.es\/#\/schema\/logo\/image\/","url":"https:\/\/www.apen.es\/wp-content\/uploads\/2022\/08\/logo-apenok-231x82-1.png","contentUrl":"https:\/\/www.apen.es\/wp-content\/uploads\/2022\/08\/logo-apenok-231x82-1.png","width":231,"height":82,"caption":"Apen: Soluciones inform\u00e1ticas"},"image":{"@id":"https:\/\/www.apen.es\/#\/schema\/logo\/image\/"},"sameAs":["https:\/\/www.facebook.com\/apensolucions","https:\/\/www.youtube.com\/user\/ApenCentreInformatic","https:\/\/www.linkedin.com\/company\/1021771?trk=tyah&trkInfo=clickedVerticalcompanyclickedEntityId1021771idx2-1-2tarId1464195271196tasapenin"]}]}},"taxonomy_info":[],"featured_image_src_large":false,"author_info":{"display_name":"marqueting","author_link":"https:\/\/www.apen.es\/ca\/blog\/author\/marqueting\/"},"comment_info":0,"_links":{"self":[{"href":"https:\/\/www.apen.es\/ca\/wp-json\/wp\/v2\/pages\/21468","targetHints":{"allow":["GET"]}}],"collection":[{"href":"https:\/\/www.apen.es\/ca\/wp-json\/wp\/v2\/pages"}],"about":[{"href":"https:\/\/www.apen.es\/ca\/wp-json\/wp\/v2\/types\/page"}],"author":[{"embeddable":true,"href":"https:\/\/www.apen.es\/ca\/wp-json\/wp\/v2\/users\/4"}],"replies":[{"embeddable":true,"href":"https:\/\/www.apen.es\/ca\/wp-json\/wp\/v2\/comments?post=21468"}],"version-history":[{"count":3,"href":"https:\/\/www.apen.es\/ca\/wp-json\/wp\/v2\/pages\/21468\/revisions"}],"predecessor-version":[{"id":55815,"href":"https:\/\/www.apen.es\/ca\/wp-json\/wp\/v2\/pages\/21468\/revisions\/55815"}],"up":[{"embeddable":true,"href":"https:\/\/www.apen.es\/ca\/wp-json\/wp\/v2\/pages\/9649"}],"wp:attachment":[{"href":"https:\/\/www.apen.es\/ca\/wp-json\/wp\/v2\/media?parent=21468"}],"curies":[{"name":"wp","href":"https:\/\/api.w.org\/{rel}","templated":true}]}}