{"id":21465,"date":"2021-01-21T07:46:47","date_gmt":"2021-01-21T07:46:47","guid":{"rendered":"https:\/\/www.apen.es\/?page_id=21465"},"modified":"2025-07-08T09:29:15","modified_gmt":"2025-07-08T09:29:15","slug":"erp-empresas","status":"publish","type":"page","link":"https:\/\/www.apen.es\/ca\/erp\/erp-empresas\/","title":{"rendered":"ERP empreses"},"content":{"rendered":"<p>L&#039;ERP per a empreses \u00e9s una soluci\u00f3 excel\u00b7lent per a aquells negocis que vulguin gestionar millor les seves activitats di\u00e0ries. Des de petits negocis, fins a multinacionals confien en ERP per a empreses, que augmenten la seva efici\u00e8ncia.<\/p>\n\n\n\n<p>Tot i aix\u00f2, a l&#039;hora de seleccionar l&#039;ERP per a empreses adequat s&#039;han de tenir en compte diferents criteris, per assegurar que s&#039;est\u00e0 seleccionant la soluci\u00f3 que respongui a les necessites presents i d&#039;un futur proper. Avui dia, les solucions ERP per a empreses s\u00f3n sistemes amb una base de dades central que permet a les organitzacions recopilar, emmagatzemar i administrar dades importants de m\u00faltiples departaments. Quan es fan servir i seleccionen correctament, impulsen l&#039;efici\u00e8ncia, redueixen els costos operatius i augmenten la rendibilitat d&#039;una empresa en agilitzar i optimitzar processos comercials importants.<\/p>\n\n\n\n<p>Escollir una soluci\u00f3 ERP no \u00e9s una tasca f\u00e0cil, de fet, pot ser for\u00e7a aclaparador si tot just comen\u00e7a a iniciar el proc\u00e9s de recerca i \/ o selecci\u00f3. Buscar, avaluar, comprar i implementar una soluci\u00f3 ERP no \u00e9s tan simple com abans a causa de l&#039;enorme oferta que hi ha d&#039;ERP per a empreses. Tampoc no hi ha un enfocament \u00fanic per a tots quan es tracta de programari ERP. Les solucions d&#039;avui v\u00e9nen amb una gran varietat i cadasc\u00fa presenta un conjunt particular de capacitats, fortaleses i inconvenients. Escollir el prove\u00efdor i la soluci\u00f3 adequats \u00e9s un proc\u00e9s complicat, que requereix una investigaci\u00f3 en profunditat i sovint es redueix a alguna cosa m\u00e9s que la soluci\u00f3 i les seves capacitats t\u00e8cniques.<\/p>\n\n\n\n<p>A lhora de triar un ERP per a empreses \u00e9s important considerar el cost de la seva potencial eina. \u00d2bviament, en voldr\u00e0 triar un que li brindi a l&#039;empresa un m\u00e0xim retorn de la inversi\u00f3. Actualment, hi ha moltes solucions ERP disponibles al mercat, per la qual cosa pot ser \u00fatil comen\u00e7ar amb els models menys costosos i comparar-los amb els m\u00e9s costosos. Quines caracter\u00edstiques realment necessita al sistema ERP? Hi ha complements que pugui comprar per separat? No voldr\u00e0 acabar amb una enorme eina ERP amb totes aquestes capacitats, m\u00e9s de la meitat de les quals no necessitar\u00e0 ni utilitzar\u00e0. Abans de comprar un ERP, considereu el pressupost de la vostra empresa, esbrineu quines funcions necessita realment.<\/p>\n\n\n\n<p>En seleccionar un ERP per a empreses heu de tenir en compte que s&#039;incorporen totes les \u00e0rees i ubicacions comercials, proporciona dades de forma centralitzada i automatitza els processos. Un ERP integrat minimitza les p\u00e8rdues en lintercanvi dinformaci\u00f3, prescindeix de processos de sincronitzaci\u00f3 prolongats i propensos a errors i evita redund\u00e0ncies de dades, discontinu\u00eftats de mitjans i entrades duplicades manuals.<\/p>\n\n\n\n<p>At\u00e8s que una organitzaci\u00f3 mai no mant\u00e9 realment el mateix proc\u00e9s durant tot el seu cicle de vida, la seva soluci\u00f3 ERP per a empreses hauria de poder cr\u00e9ixer. Escollir un prove\u00efdor que ofereixi les 24 hores, els 7 dies de la setmana tamb\u00e9 \u00e9s una cosa que definitivament ha de considerar en triar una eina ERP per a empreses.<\/p>","protected":false},"excerpt":{"rendered":"<p>El ERP para empresas es una excelente soluci\u00f3n para aquellos negocios que quieran gestionar mejor sus actividades diarias. Desde peque\u00f1os negocios, hasta multinacionales conf\u00edan en ERP para empresas, quienes aumentan su eficiencia. Sin embargo, a la hora se seleccionar el ERP para empresas adecuado se deben tener en cuentan distintos criterios, para asegurar que se&#8230;<\/p>","protected":false},"author":4,"featured_media":0,"parent":9649,"menu_order":0,"comment_status":"closed","ping_status":"closed","template":"page-landing-software-2.php","meta":{"_acf_changed":false,"_kad_blocks_custom_css":"","_kad_blocks_head_custom_js":"","_kad_blocks_body_custom_js":"","_kad_blocks_footer_custom_js":"","_kad_post_transparent":"","_kad_post_title":"","_kad_post_layout":"","_kad_post_sidebar_id":"","_kad_post_content_style":"","_kad_post_vertical_padding":"","_kad_post_feature":"","_kad_post_feature_position":"","_kad_post_header":false,"_kad_post_footer":false,"_kad_post_classname":"","footnotes":""},"class_list":["post-21465","page","type-page","status-publish","hentry"],"acf":[],"yoast_head":"<!-- This site is optimized with the Yoast SEO plugin v27.4 - https:\/\/yoast.com\/product\/yoast-seo-wordpress\/ -->\n<title>ERP empresas - Apen Inform\u00e1tica<\/title>\n<meta name=\"description\" content=\"Te ofrecemos el mejor ERP para empresas. a3ERP es la soluci\u00f3n de gesti\u00f3n empresarial que integra todas las \u00e1reas de la empresa de un modo \u00e1gil\" \/>\n<meta name=\"robots\" content=\"index, follow, max-snippet:-1, max-image-preview:large, max-video-preview:-1\" \/>\n<link rel=\"canonical\" href=\"https:\/\/www.apen.es\/ca\/erp\/erp-empresas\/\" \/>\n<meta property=\"og:locale\" content=\"ca_ES\" \/>\n<meta property=\"og:type\" content=\"article\" \/>\n<meta property=\"og:title\" content=\"ERP empresas - Apen Inform\u00e1tica\" \/>\n<meta property=\"og:description\" content=\"Te ofrecemos el mejor ERP para empresas. a3ERP es la soluci\u00f3n de gesti\u00f3n empresarial que integra todas las \u00e1reas de la empresa de un modo \u00e1gil\" \/>\n<meta property=\"og:url\" content=\"https:\/\/www.apen.es\/ca\/erp\/erp-empresas\/\" \/>\n<meta property=\"og:site_name\" content=\"Apen Inform\u00e1tica\" \/>\n<meta property=\"article:publisher\" content=\"https:\/\/www.facebook.com\/apensolucions\" \/>\n<meta property=\"article:modified_time\" content=\"2025-07-08T09:29:15+00:00\" \/>\n<meta property=\"og:image\" content=\"https:\/\/www.apen.es\/wp-content\/uploads\/2016\/05\/logo-apen-231x82-trasparent.png\" \/>\n\t<meta property=\"og:image:width\" content=\"231\" \/>\n\t<meta property=\"og:image:height\" content=\"82\" \/>\n\t<meta property=\"og:image:type\" content=\"image\/png\" \/>\n<meta name=\"twitter:card\" content=\"summary_large_image\" \/>\n<meta name=\"twitter:label1\" content=\"Temps estimat de lectura\" \/>\n\t<meta name=\"twitter:data1\" content=\"6 minuts\" \/>\n<script type=\"application\/ld+json\" class=\"yoast-schema-graph\">{\"@context\":\"https:\\\/\\\/schema.org\",\"@graph\":[{\"@type\":\"WebPage\",\"@id\":\"https:\\\/\\\/www.apen.es\\\/erp\\\/erp-empresas\\\/\",\"url\":\"https:\\\/\\\/www.apen.es\\\/erp\\\/erp-empresas\\\/\",\"name\":\"ERP empresas - Apen Inform\u00e1tica\",\"isPartOf\":{\"@id\":\"https:\\\/\\\/www.apen.es\\\/#website\"},\"datePublished\":\"2021-01-21T07:46:47+00:00\",\"dateModified\":\"2025-07-08T09:29:15+00:00\",\"description\":\"Te ofrecemos el mejor ERP para empresas. a3ERP es la soluci\u00f3n de gesti\u00f3n empresarial que integra todas las \u00e1reas de la empresa de un modo \u00e1gil\",\"breadcrumb\":{\"@id\":\"https:\\\/\\\/www.apen.es\\\/erp\\\/erp-empresas\\\/#breadcrumb\"},\"inLanguage\":\"ca\",\"potentialAction\":[{\"@type\":\"ReadAction\",\"target\":[\"https:\\\/\\\/www.apen.es\\\/erp\\\/erp-empresas\\\/\"]}]},{\"@type\":\"BreadcrumbList\",\"@id\":\"https:\\\/\\\/www.apen.es\\\/erp\\\/erp-empresas\\\/#breadcrumb\",\"itemListElement\":[{\"@type\":\"ListItem\",\"position\":1,\"name\":\"Portada\",\"item\":\"https:\\\/\\\/www.apen.es\\\/\"},{\"@type\":\"ListItem\",\"position\":2,\"name\":\"ERP. Ofrecemos software gesti\u00f3n a empresas.\",\"item\":\"https:\\\/\\\/www.apen.es\\\/erp\\\/\"},{\"@type\":\"ListItem\",\"position\":3,\"name\":\"ERP empresas\"}]},{\"@type\":\"WebSite\",\"@id\":\"https:\\\/\\\/www.apen.es\\\/#website\",\"url\":\"https:\\\/\\\/www.apen.es\\\/\",\"name\":\"Apen Inform\u00e1tica\",\"description\":\"Mantenimiento Inform\u00e1tico , Software de Gesti\u00f3n, Soluciones de impresi\u00f3n\",\"publisher\":{\"@id\":\"https:\\\/\\\/www.apen.es\\\/#organization\"},\"potentialAction\":[{\"@type\":\"SearchAction\",\"target\":{\"@type\":\"EntryPoint\",\"urlTemplate\":\"https:\\\/\\\/www.apen.es\\\/?s={search_term_string}\"},\"query-input\":{\"@type\":\"PropertyValueSpecification\",\"valueRequired\":true,\"valueName\":\"search_term_string\"}}],\"inLanguage\":\"ca\"},{\"@type\":\"Organization\",\"@id\":\"https:\\\/\\\/www.apen.es\\\/#organization\",\"name\":\"Apen: Soluciones inform\u00e1ticas\",\"url\":\"https:\\\/\\\/www.apen.es\\\/\",\"logo\":{\"@type\":\"ImageObject\",\"inLanguage\":\"ca\",\"@id\":\"https:\\\/\\\/www.apen.es\\\/#\\\/schema\\\/logo\\\/image\\\/\",\"url\":\"https:\\\/\\\/www.apen.es\\\/wp-content\\\/uploads\\\/2022\\\/08\\\/logo-apenok-231x82-1.png\",\"contentUrl\":\"https:\\\/\\\/www.apen.es\\\/wp-content\\\/uploads\\\/2022\\\/08\\\/logo-apenok-231x82-1.png\",\"width\":231,\"height\":82,\"caption\":\"Apen: Soluciones inform\u00e1ticas\"},\"image\":{\"@id\":\"https:\\\/\\\/www.apen.es\\\/#\\\/schema\\\/logo\\\/image\\\/\"},\"sameAs\":[\"https:\\\/\\\/www.facebook.com\\\/apensolucions\",\"https:\\\/\\\/www.youtube.com\\\/user\\\/ApenCentreInformatic\",\"https:\\\/\\\/www.linkedin.com\\\/company\\\/1021771?trk=tyah&trkInfo=clickedVerticalcompanyclickedEntityId1021771idx2-1-2tarId1464195271196tasapenin\"]}]}<\/script>\n<!-- \/ Yoast SEO plugin. -->","yoast_head_json":{"title":"ERP empresas - Apen Inform\u00e1tica","description":"Te ofrecemos el mejor ERP para empresas. a3ERP es la soluci\u00f3n de gesti\u00f3n empresarial que integra todas las \u00e1reas de la empresa de un modo \u00e1gil","robots":{"index":"index","follow":"follow","max-snippet":"max-snippet:-1","max-image-preview":"max-image-preview:large","max-video-preview":"max-video-preview:-1"},"canonical":"https:\/\/www.apen.es\/ca\/erp\/erp-empresas\/","og_locale":"ca_ES","og_type":"article","og_title":"ERP empresas - Apen Inform\u00e1tica","og_description":"Te ofrecemos el mejor ERP para empresas. a3ERP es la soluci\u00f3n de gesti\u00f3n empresarial que integra todas las \u00e1reas de la empresa de un modo \u00e1gil","og_url":"https:\/\/www.apen.es\/ca\/erp\/erp-empresas\/","og_site_name":"Apen Inform\u00e1tica","article_publisher":"https:\/\/www.facebook.com\/apensolucions","article_modified_time":"2025-07-08T09:29:15+00:00","og_image":[{"width":231,"height":82,"url":"https:\/\/www.apen.es\/wp-content\/uploads\/2016\/05\/logo-apen-231x82-trasparent.png","type":"image\/png"}],"twitter_card":"summary_large_image","twitter_misc":{"Temps estimat de lectura":"6 minuts"},"schema":{"@context":"https:\/\/schema.org","@graph":[{"@type":"WebPage","@id":"https:\/\/www.apen.es\/erp\/erp-empresas\/","url":"https:\/\/www.apen.es\/erp\/erp-empresas\/","name":"ERP empresas - Apen Inform\u00e1tica","isPartOf":{"@id":"https:\/\/www.apen.es\/#website"},"datePublished":"2021-01-21T07:46:47+00:00","dateModified":"2025-07-08T09:29:15+00:00","description":"Te ofrecemos el mejor ERP para empresas. a3ERP es la soluci\u00f3n de gesti\u00f3n empresarial que integra todas las \u00e1reas de la empresa de un modo \u00e1gil","breadcrumb":{"@id":"https:\/\/www.apen.es\/erp\/erp-empresas\/#breadcrumb"},"inLanguage":"ca","potentialAction":[{"@type":"ReadAction","target":["https:\/\/www.apen.es\/erp\/erp-empresas\/"]}]},{"@type":"BreadcrumbList","@id":"https:\/\/www.apen.es\/erp\/erp-empresas\/#breadcrumb","itemListElement":[{"@type":"ListItem","position":1,"name":"Portada","item":"https:\/\/www.apen.es\/"},{"@type":"ListItem","position":2,"name":"ERP. Ofrecemos software gesti\u00f3n a empresas.","item":"https:\/\/www.apen.es\/erp\/"},{"@type":"ListItem","position":3,"name":"ERP empresas"}]},{"@type":"WebSite","@id":"https:\/\/www.apen.es\/#website","url":"https:\/\/www.apen.es\/","name":"Apen Inform\u00e0tica","description":"Manteniment inform\u00e0tic , programari de gesti\u00f3, solucions d&#039;impressi\u00f3","publisher":{"@id":"https:\/\/www.apen.es\/#organization"},"potentialAction":[{"@type":"SearchAction","target":{"@type":"EntryPoint","urlTemplate":"https:\/\/www.apen.es\/?s={search_term_string}"},"query-input":{"@type":"PropertyValueSpecification","valueRequired":true,"valueName":"search_term_string"}}],"inLanguage":"ca"},{"@type":"Organization","@id":"https:\/\/www.apen.es\/#organization","name":"Apen: Solucions inform\u00e0tiques","url":"https:\/\/www.apen.es\/","logo":{"@type":"ImageObject","inLanguage":"ca","@id":"https:\/\/www.apen.es\/#\/schema\/logo\/image\/","url":"https:\/\/www.apen.es\/wp-content\/uploads\/2022\/08\/logo-apenok-231x82-1.png","contentUrl":"https:\/\/www.apen.es\/wp-content\/uploads\/2022\/08\/logo-apenok-231x82-1.png","width":231,"height":82,"caption":"Apen: Soluciones inform\u00e1ticas"},"image":{"@id":"https:\/\/www.apen.es\/#\/schema\/logo\/image\/"},"sameAs":["https:\/\/www.facebook.com\/apensolucions","https:\/\/www.youtube.com\/user\/ApenCentreInformatic","https:\/\/www.linkedin.com\/company\/1021771?trk=tyah&trkInfo=clickedVerticalcompanyclickedEntityId1021771idx2-1-2tarId1464195271196tasapenin"]}]}},"taxonomy_info":[],"featured_image_src_large":false,"author_info":{"display_name":"marqueting","author_link":"https:\/\/www.apen.es\/ca\/blog\/author\/marqueting\/"},"comment_info":0,"_links":{"self":[{"href":"https:\/\/www.apen.es\/ca\/wp-json\/wp\/v2\/pages\/21465","targetHints":{"allow":["GET"]}}],"collection":[{"href":"https:\/\/www.apen.es\/ca\/wp-json\/wp\/v2\/pages"}],"about":[{"href":"https:\/\/www.apen.es\/ca\/wp-json\/wp\/v2\/types\/page"}],"author":[{"embeddable":true,"href":"https:\/\/www.apen.es\/ca\/wp-json\/wp\/v2\/users\/4"}],"replies":[{"embeddable":true,"href":"https:\/\/www.apen.es\/ca\/wp-json\/wp\/v2\/comments?post=21465"}],"version-history":[{"count":3,"href":"https:\/\/www.apen.es\/ca\/wp-json\/wp\/v2\/pages\/21465\/revisions"}],"predecessor-version":[{"id":54673,"href":"https:\/\/www.apen.es\/ca\/wp-json\/wp\/v2\/pages\/21465\/revisions\/54673"}],"up":[{"embeddable":true,"href":"https:\/\/www.apen.es\/ca\/wp-json\/wp\/v2\/pages\/9649"}],"wp:attachment":[{"href":"https:\/\/www.apen.es\/ca\/wp-json\/wp\/v2\/media?parent=21465"}],"curies":[{"name":"wp","href":"https:\/\/api.w.org\/{rel}","templated":true}]}}