{"id":21462,"date":"2021-01-21T07:43:04","date_gmt":"2021-01-21T07:43:04","guid":{"rendered":"https:\/\/www.apen.es\/?page_id=21462"},"modified":"2025-07-08T09:29:25","modified_gmt":"2025-07-08T09:29:25","slug":"erp-online","status":"publish","type":"page","link":"https:\/\/www.apen.es\/ca\/erp\/erp-online\/","title":{"rendered":"ERP en l\u00ednia"},"content":{"rendered":"<p>Un ERP en l\u00ednia \u00e9s una eina per a l&#039;organitzaci\u00f3 d&#039;empreses a la qual es pot accedir en l\u00ednia. Per a les empreses, un ERP en l\u00ednia permet l&#039;administraci\u00f3 de les tasques des de qualsevol lloc on tingui acc\u00e9s a un ordinador o m\u00f2bil. Amb aix\u00f2, es pot sincronitzar tota la informaci\u00f3: les dades sempre estan segures i accessibles des del tel\u00e8fon m\u00f2bil, tauleta i PC, fins i tot sense acc\u00e9s a Internet amb un ERP en l\u00ednia.<\/p>\n\n\n\n<p>Administreu el vostre cat\u00e0leg de productes, clients i prospectes online, a m\u00e9s de realitzar cotitzacions, comandes i factures. A m\u00e9s, podr\u00e0 gestionar els seus prove\u00efdors, les compres i controlar les despeses m\u00e9s r\u00e0pid.<\/p>\n\n\n\n<p>Un ERP en l\u00ednia permet a les empreses establir un sistema per a la seva organitzaci\u00f3. Amb aix\u00f2 s&#039;assegura millorar i complementar tasques importants, aprofitant aquesta eina per millorar l&#039;efic\u00e0cia dins del negoci. Sense importar si \u00e9s una petita o gran empresa, oa quin sector es dedica, un ERP en l\u00ednia facilitar\u00e0 totes les activitats di\u00e0ries.<\/p>\n\n\n\n<p>Tenir acc\u00e9s 24\/7 a les dades d\u00f3na una gran facilitat en cas de necessitar acc\u00e9s remot, que \u00e9s f\u00e0cil dusar i sempre est\u00e0 actiu.<\/p>\n\n\n\n<p>L&#039;oferta d&#039;ERP en l\u00ednia \u00e9s tan complexa que millora cada dia per unir tots els processos comercials i facilitar les tasques, ajudant les empreses a prendre decisions basades en dades i promoure la productivitat.<\/p>\n\n\n\n<p>Un ERP en l\u00ednia pot cobrir moltes necessitats duna empresa, per\u00f2 algunes de les facilitats que permet inclouen:<\/p>\n\n\n\n<p>Finances: un ERP online ofereix panells que us brinden una descripci\u00f3 general de les finances, perqu\u00e8 es pugui accedir a la informaci\u00f3 en temps real, en qualsevol moment i en qualsevol lloc. Tamb\u00e9 haur\u00edeu d&#039;ajudar a reduir l&#039;ingr\u00e9s d&#039;informaci\u00f3 manualment en automatitzar les tasques di\u00e0ries i incloure capacitats de seguiment que ajuden amb el compliment normatiu de la vostra empresa.<\/p>\n\n\n\n<p>Recursos humans: les solucions modernes ofereixen maneres d&#039;administrar les dades de l&#039;empresa i agilitzar les tasques d&#039;administraci\u00f3 dels empleats, com ara la n\u00f2mina, la contractaci\u00f3 i altres tasques. Tamb\u00e9 es pot fer un seguiment de l&#039;exercici dels empleats i identificar els problemes de recursos humans abans que arribin a m\u00e9s.<\/p>\n\n\n\n<p>Fabricaci\u00f3: aquesta funci\u00f3 millora la comunicaci\u00f3 empresarial, automatitza els processos diaris i ofereix als fabricants la capacitat de satisfer les necessitats dels clients i administrar els recursos accedint a dades en temps real. Aquesta soluci\u00f3 tamb\u00e9 optimitza la gesti\u00f3 de projectes i costos, aix\u00ed com la planificaci\u00f3 de la producci\u00f3.<\/p>\n\n\n\n<p>Cadena de subministrament: si encara ingresseu informaci\u00f3 a m\u00e0 i intenteu rastrejar l&#039;inventari del magatzem, podeu estalviar f\u00e0cilment temps i diners en automatitzar aquests processos amb un ERP online. Les solucions modernes tamb\u00e9 ofereixen quadres de comandament i intel\u00b7lig\u00e8ncia empresarial per ajudar a controlar la gesti\u00f3 del vostre inventari.<\/p>","protected":false},"excerpt":{"rendered":"<p>Un ERP online es una herramienta para la organizaci\u00f3n de empresas a la cual se puede acceder online. Para las empresas, un ERP online permite la administraci\u00f3n de las tareas desde cualquier lugar en donde tenga acceso a un ordenador o m\u00f3vil. Con esto, se puede sincronizar toda la informaci\u00f3n: los datos siempre est\u00e1n seguros&#8230;<\/p>","protected":false},"author":4,"featured_media":0,"parent":9649,"menu_order":0,"comment_status":"closed","ping_status":"closed","template":"page-landing-software-2.php","meta":{"_acf_changed":false,"_kad_blocks_custom_css":"","_kad_blocks_head_custom_js":"","_kad_blocks_body_custom_js":"","_kad_blocks_footer_custom_js":"","_kad_post_transparent":"","_kad_post_title":"","_kad_post_layout":"","_kad_post_sidebar_id":"","_kad_post_content_style":"","_kad_post_vertical_padding":"","_kad_post_feature":"","_kad_post_feature_position":"","_kad_post_header":false,"_kad_post_footer":false,"_kad_post_classname":"","footnotes":""},"class_list":["post-21462","page","type-page","status-publish","hentry"],"acf":[],"yoast_head":"<!-- This site is optimized with the Yoast SEO plugin v27.4 - https:\/\/yoast.com\/product\/yoast-seo-wordpress\/ -->\n<title>ERP online - Apen Inform\u00e1tica<\/title>\n<meta name=\"description\" content=\"Accede a tu ERP online. a3ERP es la soluci\u00f3n de gesti\u00f3n empresarial que integra todas las \u00e1reas de la empresa de un modo \u00e1gil y sencillo. Conf\u00eda en Apen.\" \/>\n<meta name=\"robots\" content=\"index, follow, max-snippet:-1, max-image-preview:large, max-video-preview:-1\" \/>\n<link rel=\"canonical\" href=\"https:\/\/www.apen.es\/ca\/erp\/erp-online\/\" \/>\n<meta property=\"og:locale\" content=\"ca_ES\" \/>\n<meta property=\"og:type\" content=\"article\" \/>\n<meta property=\"og:title\" content=\"ERP online - Apen Inform\u00e1tica\" \/>\n<meta property=\"og:description\" content=\"Accede a tu ERP online. a3ERP es la soluci\u00f3n de gesti\u00f3n empresarial que integra todas las \u00e1reas de la empresa de un modo \u00e1gil y sencillo. Conf\u00eda en Apen.\" \/>\n<meta property=\"og:url\" content=\"https:\/\/www.apen.es\/ca\/erp\/erp-online\/\" \/>\n<meta property=\"og:site_name\" content=\"Apen Inform\u00e1tica\" \/>\n<meta property=\"article:publisher\" content=\"https:\/\/www.facebook.com\/apensolucions\" \/>\n<meta property=\"article:modified_time\" content=\"2025-07-08T09:29:25+00:00\" \/>\n<meta property=\"og:image\" content=\"https:\/\/www.apen.es\/wp-content\/uploads\/2016\/05\/logo-apen-231x82-trasparent.png\" \/>\n\t<meta property=\"og:image:width\" content=\"231\" \/>\n\t<meta property=\"og:image:height\" content=\"82\" \/>\n\t<meta property=\"og:image:type\" content=\"image\/png\" \/>\n<meta name=\"twitter:card\" content=\"summary_large_image\" \/>\n<meta name=\"twitter:label1\" content=\"Temps estimat de lectura\" \/>\n\t<meta name=\"twitter:data1\" content=\"6 minuts\" \/>\n<script type=\"application\/ld+json\" class=\"yoast-schema-graph\">{\"@context\":\"https:\\\/\\\/schema.org\",\"@graph\":[{\"@type\":\"WebPage\",\"@id\":\"https:\\\/\\\/www.apen.es\\\/erp\\\/erp-online\\\/\",\"url\":\"https:\\\/\\\/www.apen.es\\\/erp\\\/erp-online\\\/\",\"name\":\"ERP online - Apen Inform\u00e1tica\",\"isPartOf\":{\"@id\":\"https:\\\/\\\/www.apen.es\\\/#website\"},\"datePublished\":\"2021-01-21T07:43:04+00:00\",\"dateModified\":\"2025-07-08T09:29:25+00:00\",\"description\":\"Accede a tu ERP online. a3ERP es la soluci\u00f3n de gesti\u00f3n empresarial que integra todas las \u00e1reas de la empresa de un modo \u00e1gil y sencillo. Conf\u00eda en Apen.\",\"breadcrumb\":{\"@id\":\"https:\\\/\\\/www.apen.es\\\/erp\\\/erp-online\\\/#breadcrumb\"},\"inLanguage\":\"ca\",\"potentialAction\":[{\"@type\":\"ReadAction\",\"target\":[\"https:\\\/\\\/www.apen.es\\\/erp\\\/erp-online\\\/\"]}]},{\"@type\":\"BreadcrumbList\",\"@id\":\"https:\\\/\\\/www.apen.es\\\/erp\\\/erp-online\\\/#breadcrumb\",\"itemListElement\":[{\"@type\":\"ListItem\",\"position\":1,\"name\":\"Portada\",\"item\":\"https:\\\/\\\/www.apen.es\\\/\"},{\"@type\":\"ListItem\",\"position\":2,\"name\":\"ERP. Ofrecemos software gesti\u00f3n a empresas.\",\"item\":\"https:\\\/\\\/www.apen.es\\\/erp\\\/\"},{\"@type\":\"ListItem\",\"position\":3,\"name\":\"ERP online\"}]},{\"@type\":\"WebSite\",\"@id\":\"https:\\\/\\\/www.apen.es\\\/#website\",\"url\":\"https:\\\/\\\/www.apen.es\\\/\",\"name\":\"Apen Inform\u00e1tica\",\"description\":\"Mantenimiento Inform\u00e1tico , Software de Gesti\u00f3n, Soluciones de impresi\u00f3n\",\"publisher\":{\"@id\":\"https:\\\/\\\/www.apen.es\\\/#organization\"},\"potentialAction\":[{\"@type\":\"SearchAction\",\"target\":{\"@type\":\"EntryPoint\",\"urlTemplate\":\"https:\\\/\\\/www.apen.es\\\/?s={search_term_string}\"},\"query-input\":{\"@type\":\"PropertyValueSpecification\",\"valueRequired\":true,\"valueName\":\"search_term_string\"}}],\"inLanguage\":\"ca\"},{\"@type\":\"Organization\",\"@id\":\"https:\\\/\\\/www.apen.es\\\/#organization\",\"name\":\"Apen: Soluciones inform\u00e1ticas\",\"url\":\"https:\\\/\\\/www.apen.es\\\/\",\"logo\":{\"@type\":\"ImageObject\",\"inLanguage\":\"ca\",\"@id\":\"https:\\\/\\\/www.apen.es\\\/#\\\/schema\\\/logo\\\/image\\\/\",\"url\":\"https:\\\/\\\/www.apen.es\\\/wp-content\\\/uploads\\\/2022\\\/08\\\/logo-apenok-231x82-1.png\",\"contentUrl\":\"https:\\\/\\\/www.apen.es\\\/wp-content\\\/uploads\\\/2022\\\/08\\\/logo-apenok-231x82-1.png\",\"width\":231,\"height\":82,\"caption\":\"Apen: Soluciones inform\u00e1ticas\"},\"image\":{\"@id\":\"https:\\\/\\\/www.apen.es\\\/#\\\/schema\\\/logo\\\/image\\\/\"},\"sameAs\":[\"https:\\\/\\\/www.facebook.com\\\/apensolucions\",\"https:\\\/\\\/www.youtube.com\\\/user\\\/ApenCentreInformatic\",\"https:\\\/\\\/www.linkedin.com\\\/company\\\/1021771?trk=tyah&trkInfo=clickedVerticalcompanyclickedEntityId1021771idx2-1-2tarId1464195271196tasapenin\"]}]}<\/script>\n<!-- \/ Yoast SEO plugin. -->","yoast_head_json":{"title":"ERP online - Apen Inform\u00e0tica","description":"Accede a tu ERP online. a3ERP es la soluci\u00f3n de gesti\u00f3n empresarial que integra todas las \u00e1reas de la empresa de un modo \u00e1gil y sencillo. Conf\u00eda en Apen.","robots":{"index":"index","follow":"follow","max-snippet":"max-snippet:-1","max-image-preview":"max-image-preview:large","max-video-preview":"max-video-preview:-1"},"canonical":"https:\/\/www.apen.es\/ca\/erp\/erp-online\/","og_locale":"ca_ES","og_type":"article","og_title":"ERP online - Apen Inform\u00e1tica","og_description":"Accede a tu ERP online. a3ERP es la soluci\u00f3n de gesti\u00f3n empresarial que integra todas las \u00e1reas de la empresa de un modo \u00e1gil y sencillo. Conf\u00eda en Apen.","og_url":"https:\/\/www.apen.es\/ca\/erp\/erp-online\/","og_site_name":"Apen Inform\u00e1tica","article_publisher":"https:\/\/www.facebook.com\/apensolucions","article_modified_time":"2025-07-08T09:29:25+00:00","og_image":[{"width":231,"height":82,"url":"https:\/\/www.apen.es\/wp-content\/uploads\/2016\/05\/logo-apen-231x82-trasparent.png","type":"image\/png"}],"twitter_card":"summary_large_image","twitter_misc":{"Temps estimat de lectura":"6 minuts"},"schema":{"@context":"https:\/\/schema.org","@graph":[{"@type":"WebPage","@id":"https:\/\/www.apen.es\/erp\/erp-online\/","url":"https:\/\/www.apen.es\/erp\/erp-online\/","name":"ERP online - Apen Inform\u00e0tica","isPartOf":{"@id":"https:\/\/www.apen.es\/#website"},"datePublished":"2021-01-21T07:43:04+00:00","dateModified":"2025-07-08T09:29:25+00:00","description":"Accede a tu ERP online. a3ERP es la soluci\u00f3n de gesti\u00f3n empresarial que integra todas las \u00e1reas de la empresa de un modo \u00e1gil y sencillo. Conf\u00eda en Apen.","breadcrumb":{"@id":"https:\/\/www.apen.es\/erp\/erp-online\/#breadcrumb"},"inLanguage":"ca","potentialAction":[{"@type":"ReadAction","target":["https:\/\/www.apen.es\/erp\/erp-online\/"]}]},{"@type":"BreadcrumbList","@id":"https:\/\/www.apen.es\/erp\/erp-online\/#breadcrumb","itemListElement":[{"@type":"ListItem","position":1,"name":"Portada","item":"https:\/\/www.apen.es\/"},{"@type":"ListItem","position":2,"name":"ERP. Ofrecemos software gesti\u00f3n a empresas.","item":"https:\/\/www.apen.es\/erp\/"},{"@type":"ListItem","position":3,"name":"ERP online"}]},{"@type":"WebSite","@id":"https:\/\/www.apen.es\/#website","url":"https:\/\/www.apen.es\/","name":"Apen Inform\u00e0tica","description":"Manteniment inform\u00e0tic , programari de gesti\u00f3, solucions d&#039;impressi\u00f3","publisher":{"@id":"https:\/\/www.apen.es\/#organization"},"potentialAction":[{"@type":"SearchAction","target":{"@type":"EntryPoint","urlTemplate":"https:\/\/www.apen.es\/?s={search_term_string}"},"query-input":{"@type":"PropertyValueSpecification","valueRequired":true,"valueName":"search_term_string"}}],"inLanguage":"ca"},{"@type":"Organization","@id":"https:\/\/www.apen.es\/#organization","name":"Apen: Solucions inform\u00e0tiques","url":"https:\/\/www.apen.es\/","logo":{"@type":"ImageObject","inLanguage":"ca","@id":"https:\/\/www.apen.es\/#\/schema\/logo\/image\/","url":"https:\/\/www.apen.es\/wp-content\/uploads\/2022\/08\/logo-apenok-231x82-1.png","contentUrl":"https:\/\/www.apen.es\/wp-content\/uploads\/2022\/08\/logo-apenok-231x82-1.png","width":231,"height":82,"caption":"Apen: Soluciones inform\u00e1ticas"},"image":{"@id":"https:\/\/www.apen.es\/#\/schema\/logo\/image\/"},"sameAs":["https:\/\/www.facebook.com\/apensolucions","https:\/\/www.youtube.com\/user\/ApenCentreInformatic","https:\/\/www.linkedin.com\/company\/1021771?trk=tyah&trkInfo=clickedVerticalcompanyclickedEntityId1021771idx2-1-2tarId1464195271196tasapenin"]}]}},"taxonomy_info":[],"featured_image_src_large":false,"author_info":{"display_name":"marqueting","author_link":"https:\/\/www.apen.es\/ca\/blog\/author\/marqueting\/"},"comment_info":0,"_links":{"self":[{"href":"https:\/\/www.apen.es\/ca\/wp-json\/wp\/v2\/pages\/21462","targetHints":{"allow":["GET"]}}],"collection":[{"href":"https:\/\/www.apen.es\/ca\/wp-json\/wp\/v2\/pages"}],"about":[{"href":"https:\/\/www.apen.es\/ca\/wp-json\/wp\/v2\/types\/page"}],"author":[{"embeddable":true,"href":"https:\/\/www.apen.es\/ca\/wp-json\/wp\/v2\/users\/4"}],"replies":[{"embeddable":true,"href":"https:\/\/www.apen.es\/ca\/wp-json\/wp\/v2\/comments?post=21462"}],"version-history":[{"count":3,"href":"https:\/\/www.apen.es\/ca\/wp-json\/wp\/v2\/pages\/21462\/revisions"}],"predecessor-version":[{"id":54671,"href":"https:\/\/www.apen.es\/ca\/wp-json\/wp\/v2\/pages\/21462\/revisions\/54671"}],"up":[{"embeddable":true,"href":"https:\/\/www.apen.es\/ca\/wp-json\/wp\/v2\/pages\/9649"}],"wp:attachment":[{"href":"https:\/\/www.apen.es\/ca\/wp-json\/wp\/v2\/media?parent=21462"}],"curies":[{"name":"wp","href":"https:\/\/api.w.org\/{rel}","templated":true}]}}