{"id":21460,"date":"2021-01-21T07:39:45","date_gmt":"2021-01-21T07:39:45","guid":{"rendered":"https:\/\/www.apen.es\/?page_id=21460"},"modified":"2025-07-08T09:37:30","modified_gmt":"2025-07-08T09:37:30","slug":"cloud-erp","status":"publish","type":"page","link":"https:\/\/www.apen.es\/ca\/erp\/cloud-erp\/","title":{"rendered":"Cloud ERP"},"content":{"rendered":"<p>El Cloud ERP \u00e9s un sistema de planificaci\u00f3 de recursos empresarials que s&#039;executa al n\u00favol (cloud) d&#039;un prove\u00efdor en lloc d&#039;una xarxa local, cosa que permet a les empreses accedir-hi a trav\u00e9s d&#039;Internet. Amb aix\u00f2 s&#039;integra i automatitza funcions comercials financeres i operatives essencials i proporciona una \u00fanica font de dades, inclosa la gesti\u00f3 d&#039;inventari, comandes i cadena de subministrament, i ajuda amb l&#039;adquisici\u00f3, la producci\u00f3, la distribuci\u00f3 i el compliment.<\/p>\n\n\n\n<p>Amb l&#039;\u00fas d&#039;un cloud ERP, les dades necess\u00e0ries estaran disponible per a totes les unitats de negoci, on sigui que els empleats puguin estar treballant, i oferir una vista unificada i actualitzada de les dades, at\u00e8s que l&#039;acc\u00e9s es realitza a trav\u00e9s des de qualsevol ordinador connectat a internet.<\/p>\n\n\n\n<p>Un cloud ERP admet millor funcionalitat que els programaris locals i per aix\u00f2 la demanda de sistemes ERP basats al n\u00favol segueix creixent a causa de la seva capacitat per accedir i analitzar quantitats massives de dades gaireb\u00e9 en temps real. Aix\u00f2 vol dir informaci\u00f3 d&#039;inventari en temps real per als equips de vendes i els equips de finances.<\/p>\n\n\n\n<p>De la mateixa manera, un cloud ERP proporciona totes les funcions financeres i comptables b\u00e0siques. A partir d&#039;aqu\u00ed, els tipus de m\u00f2duls o aplicacions que una organitzaci\u00f3 tria implementar depenen de la ind\u00fastria i les necessitats comercials espec\u00edfiques. Els m\u00f2duls ERP al n\u00favol disponibles inclouen finances i comptabilitat, programari de gesti\u00f3 de capital hum\u00e0 (HCM) i \/ o programari de gesti\u00f3 de recursos humans (HRMS), gesti\u00f3 de relacions amb el client, gesti\u00f3 de l&#039;inventari, gesti\u00f3 de comandes, gesti\u00f3 de la cadena de subministrament, gesti\u00f3 de projectes, entre d&#039;altres.<\/p>\n\n\n\n<p>A aix\u00f2 s&#039;hi afegeix una seguretat d&#039;extrem a extrem, cosa que es tradueix en una connexi\u00f3 segura i xifrada entre un prove\u00efdor d&#039;ERP basat en el n\u00favol i els seus clients. En un cloud ERP el prove\u00efdor \u00e9s responsable de l&#039;aplicaci\u00f3, l&#039;emmagatzematge de dades, el sistema operatiu, els servidors, la infraestructura f\u00edsica del centre de dades i la instal\u00b7laci\u00f3 d&#039;actualitzacions de seguretat i funcions.<\/p>\n\n\n\n<p>S&#039;ha de tenir en compte a l&#039;hora d&#039;escollir un cloud ERP que no tots els n\u00favols s\u00f3n iguals, per la qual cosa els prove\u00efdors han adaptat els programaris perqu\u00e8 s&#039;executin des dels seus centres i li permetin tenir m\u00e9s control i adaptar-se a les necessitats dels clients.<\/p>\n\n\n\n<p>Un cloud ERP permet a les empreses ajudar en els processos interns, tot fomentant una millor comunicaci\u00f3 interna. Millors processos i comunicaci\u00f3 condueixen a una efici\u00e8ncia m\u00e9s gran i un millor exercici de l&#039;empresa. A aix\u00f2 se suma la capacitat d&#039;acc\u00e9s a la informaci\u00f3 per part de tots els treballadors, sense importar on es trobin.<\/p>","protected":false},"excerpt":{"rendered":"<p>El Cloud ERP es un sistema de planificaci\u00f3n de recursos empresariales que se ejecuta en la nube (cloud) de un proveedor en lugar de una red local, lo que permite a las empresas acceder a trav\u00e9s de Internet. Con esto se integra y automatiza funciones comerciales financieras y operativas esenciales y proporciona una \u00fanica fuente&#8230;<\/p>","protected":false},"author":4,"featured_media":0,"parent":9649,"menu_order":0,"comment_status":"closed","ping_status":"closed","template":"page-landing-software-2.php","meta":{"_acf_changed":false,"_kad_blocks_custom_css":"","_kad_blocks_head_custom_js":"","_kad_blocks_body_custom_js":"","_kad_blocks_footer_custom_js":"","_kad_post_transparent":"","_kad_post_title":"","_kad_post_layout":"","_kad_post_sidebar_id":"","_kad_post_content_style":"","_kad_post_vertical_padding":"","_kad_post_feature":"","_kad_post_feature_position":"","_kad_post_header":false,"_kad_post_footer":false,"_kad_post_classname":"","footnotes":""},"class_list":["post-21460","page","type-page","status-publish","hentry"],"acf":[],"yoast_head":"<!-- This site is optimized with the Yoast SEO plugin v27.4 - https:\/\/yoast.com\/product\/yoast-seo-wordpress\/ -->\n<title>Cloud ERP - Apen Inform\u00e1tica<\/title>\n<meta name=\"description\" content=\"El Cloud ERP es un sistema de planificaci\u00f3n de recursos empresariales que se ejecuta en la nube (cloud) de un proveedor en lugar de una red local, lo que\" \/>\n<meta name=\"robots\" content=\"index, follow, max-snippet:-1, max-image-preview:large, max-video-preview:-1\" \/>\n<link rel=\"canonical\" href=\"https:\/\/www.apen.es\/ca\/erp\/cloud-erp\/\" \/>\n<meta property=\"og:locale\" content=\"ca_ES\" \/>\n<meta property=\"og:type\" content=\"article\" \/>\n<meta property=\"og:title\" content=\"Cloud ERP - Apen Inform\u00e1tica\" \/>\n<meta property=\"og:description\" content=\"El Cloud ERP es un sistema de planificaci\u00f3n de recursos empresariales que se ejecuta en la nube (cloud) de un proveedor en lugar de una red local, lo que\" \/>\n<meta property=\"og:url\" content=\"https:\/\/www.apen.es\/ca\/erp\/cloud-erp\/\" \/>\n<meta property=\"og:site_name\" content=\"Apen Inform\u00e1tica\" \/>\n<meta property=\"article:publisher\" content=\"https:\/\/www.facebook.com\/apensolucions\" \/>\n<meta property=\"article:modified_time\" content=\"2025-07-08T09:37:30+00:00\" \/>\n<meta property=\"og:image\" content=\"https:\/\/www.apen.es\/wp-content\/uploads\/2016\/05\/logo-apen-231x82-trasparent.png\" \/>\n\t<meta property=\"og:image:width\" content=\"231\" \/>\n\t<meta property=\"og:image:height\" content=\"82\" \/>\n\t<meta property=\"og:image:type\" content=\"image\/png\" \/>\n<meta name=\"twitter:card\" content=\"summary_large_image\" \/>\n<meta name=\"twitter:label1\" content=\"Temps estimat de lectura\" \/>\n\t<meta name=\"twitter:data1\" content=\"2 minuts\" \/>\n<script type=\"application\/ld+json\" class=\"yoast-schema-graph\">{\"@context\":\"https:\\\/\\\/schema.org\",\"@graph\":[{\"@type\":\"WebPage\",\"@id\":\"https:\\\/\\\/www.apen.es\\\/erp\\\/cloud-erp\\\/\",\"url\":\"https:\\\/\\\/www.apen.es\\\/erp\\\/cloud-erp\\\/\",\"name\":\"Cloud ERP - Apen Inform\u00e1tica\",\"isPartOf\":{\"@id\":\"https:\\\/\\\/www.apen.es\\\/#website\"},\"datePublished\":\"2021-01-21T07:39:45+00:00\",\"dateModified\":\"2025-07-08T09:37:30+00:00\",\"description\":\"El Cloud ERP es un sistema de planificaci\u00f3n de recursos empresariales que se ejecuta en la nube (cloud) de un proveedor en lugar de una red local, lo que\",\"breadcrumb\":{\"@id\":\"https:\\\/\\\/www.apen.es\\\/erp\\\/cloud-erp\\\/#breadcrumb\"},\"inLanguage\":\"ca\",\"potentialAction\":[{\"@type\":\"ReadAction\",\"target\":[\"https:\\\/\\\/www.apen.es\\\/erp\\\/cloud-erp\\\/\"]}]},{\"@type\":\"BreadcrumbList\",\"@id\":\"https:\\\/\\\/www.apen.es\\\/erp\\\/cloud-erp\\\/#breadcrumb\",\"itemListElement\":[{\"@type\":\"ListItem\",\"position\":1,\"name\":\"Portada\",\"item\":\"https:\\\/\\\/www.apen.es\\\/\"},{\"@type\":\"ListItem\",\"position\":2,\"name\":\"ERP. Ofrecemos software gesti\u00f3n a empresas.\",\"item\":\"https:\\\/\\\/www.apen.es\\\/erp\\\/\"},{\"@type\":\"ListItem\",\"position\":3,\"name\":\"Cloud ERP\"}]},{\"@type\":\"WebSite\",\"@id\":\"https:\\\/\\\/www.apen.es\\\/#website\",\"url\":\"https:\\\/\\\/www.apen.es\\\/\",\"name\":\"Apen Inform\u00e1tica\",\"description\":\"Mantenimiento Inform\u00e1tico , Software de Gesti\u00f3n, Soluciones de impresi\u00f3n\",\"publisher\":{\"@id\":\"https:\\\/\\\/www.apen.es\\\/#organization\"},\"potentialAction\":[{\"@type\":\"SearchAction\",\"target\":{\"@type\":\"EntryPoint\",\"urlTemplate\":\"https:\\\/\\\/www.apen.es\\\/?s={search_term_string}\"},\"query-input\":{\"@type\":\"PropertyValueSpecification\",\"valueRequired\":true,\"valueName\":\"search_term_string\"}}],\"inLanguage\":\"ca\"},{\"@type\":\"Organization\",\"@id\":\"https:\\\/\\\/www.apen.es\\\/#organization\",\"name\":\"Apen: Soluciones inform\u00e1ticas\",\"url\":\"https:\\\/\\\/www.apen.es\\\/\",\"logo\":{\"@type\":\"ImageObject\",\"inLanguage\":\"ca\",\"@id\":\"https:\\\/\\\/www.apen.es\\\/#\\\/schema\\\/logo\\\/image\\\/\",\"url\":\"https:\\\/\\\/www.apen.es\\\/wp-content\\\/uploads\\\/2022\\\/08\\\/logo-apenok-231x82-1.png\",\"contentUrl\":\"https:\\\/\\\/www.apen.es\\\/wp-content\\\/uploads\\\/2022\\\/08\\\/logo-apenok-231x82-1.png\",\"width\":231,\"height\":82,\"caption\":\"Apen: Soluciones inform\u00e1ticas\"},\"image\":{\"@id\":\"https:\\\/\\\/www.apen.es\\\/#\\\/schema\\\/logo\\\/image\\\/\"},\"sameAs\":[\"https:\\\/\\\/www.facebook.com\\\/apensolucions\",\"https:\\\/\\\/www.youtube.com\\\/user\\\/ApenCentreInformatic\",\"https:\\\/\\\/www.linkedin.com\\\/company\\\/1021771?trk=tyah&trkInfo=clickedVerticalcompanyclickedEntityId1021771idx2-1-2tarId1464195271196tasapenin\"]}]}<\/script>\n<!-- \/ Yoast SEO plugin. -->","yoast_head_json":{"title":"Cloud ERP - Apen Inform\u00e0tica","description":"El Cloud ERP \u00e9s un sistema de planificaci\u00f3 de recursos empresarials que s&#039;executa al n\u00favol (cloud) d&#039;un prove\u00efdor en lloc d&#039;una xarxa local, cosa que","robots":{"index":"index","follow":"follow","max-snippet":"max-snippet:-1","max-image-preview":"max-image-preview:large","max-video-preview":"max-video-preview:-1"},"canonical":"https:\/\/www.apen.es\/ca\/erp\/cloud-erp\/","og_locale":"ca_ES","og_type":"article","og_title":"Cloud ERP - Apen Inform\u00e1tica","og_description":"El Cloud ERP es un sistema de planificaci\u00f3n de recursos empresariales que se ejecuta en la nube (cloud) de un proveedor en lugar de una red local, lo que","og_url":"https:\/\/www.apen.es\/ca\/erp\/cloud-erp\/","og_site_name":"Apen Inform\u00e1tica","article_publisher":"https:\/\/www.facebook.com\/apensolucions","article_modified_time":"2025-07-08T09:37:30+00:00","og_image":[{"width":231,"height":82,"url":"https:\/\/www.apen.es\/wp-content\/uploads\/2016\/05\/logo-apen-231x82-trasparent.png","type":"image\/png"}],"twitter_card":"summary_large_image","twitter_misc":{"Temps estimat de lectura":"2 minuts"},"schema":{"@context":"https:\/\/schema.org","@graph":[{"@type":"WebPage","@id":"https:\/\/www.apen.es\/erp\/cloud-erp\/","url":"https:\/\/www.apen.es\/erp\/cloud-erp\/","name":"Cloud ERP - Apen Inform\u00e0tica","isPartOf":{"@id":"https:\/\/www.apen.es\/#website"},"datePublished":"2021-01-21T07:39:45+00:00","dateModified":"2025-07-08T09:37:30+00:00","description":"El Cloud ERP \u00e9s un sistema de planificaci\u00f3 de recursos empresarials que s&#039;executa al n\u00favol (cloud) d&#039;un prove\u00efdor en lloc d&#039;una xarxa local, cosa que","breadcrumb":{"@id":"https:\/\/www.apen.es\/erp\/cloud-erp\/#breadcrumb"},"inLanguage":"ca","potentialAction":[{"@type":"ReadAction","target":["https:\/\/www.apen.es\/erp\/cloud-erp\/"]}]},{"@type":"BreadcrumbList","@id":"https:\/\/www.apen.es\/erp\/cloud-erp\/#breadcrumb","itemListElement":[{"@type":"ListItem","position":1,"name":"Portada","item":"https:\/\/www.apen.es\/"},{"@type":"ListItem","position":2,"name":"ERP. Ofrecemos software gesti\u00f3n a empresas.","item":"https:\/\/www.apen.es\/erp\/"},{"@type":"ListItem","position":3,"name":"Cloud ERP"}]},{"@type":"WebSite","@id":"https:\/\/www.apen.es\/#website","url":"https:\/\/www.apen.es\/","name":"Apen Inform\u00e0tica","description":"Manteniment inform\u00e0tic , programari de gesti\u00f3, solucions d&#039;impressi\u00f3","publisher":{"@id":"https:\/\/www.apen.es\/#organization"},"potentialAction":[{"@type":"SearchAction","target":{"@type":"EntryPoint","urlTemplate":"https:\/\/www.apen.es\/?s={search_term_string}"},"query-input":{"@type":"PropertyValueSpecification","valueRequired":true,"valueName":"search_term_string"}}],"inLanguage":"ca"},{"@type":"Organization","@id":"https:\/\/www.apen.es\/#organization","name":"Apen: Solucions inform\u00e0tiques","url":"https:\/\/www.apen.es\/","logo":{"@type":"ImageObject","inLanguage":"ca","@id":"https:\/\/www.apen.es\/#\/schema\/logo\/image\/","url":"https:\/\/www.apen.es\/wp-content\/uploads\/2022\/08\/logo-apenok-231x82-1.png","contentUrl":"https:\/\/www.apen.es\/wp-content\/uploads\/2022\/08\/logo-apenok-231x82-1.png","width":231,"height":82,"caption":"Apen: Soluciones inform\u00e1ticas"},"image":{"@id":"https:\/\/www.apen.es\/#\/schema\/logo\/image\/"},"sameAs":["https:\/\/www.facebook.com\/apensolucions","https:\/\/www.youtube.com\/user\/ApenCentreInformatic","https:\/\/www.linkedin.com\/company\/1021771?trk=tyah&trkInfo=clickedVerticalcompanyclickedEntityId1021771idx2-1-2tarId1464195271196tasapenin"]}]}},"taxonomy_info":[],"featured_image_src_large":false,"author_info":{"display_name":"marqueting","author_link":"https:\/\/www.apen.es\/ca\/blog\/author\/marqueting\/"},"comment_info":0,"_links":{"self":[{"href":"https:\/\/www.apen.es\/ca\/wp-json\/wp\/v2\/pages\/21460","targetHints":{"allow":["GET"]}}],"collection":[{"href":"https:\/\/www.apen.es\/ca\/wp-json\/wp\/v2\/pages"}],"about":[{"href":"https:\/\/www.apen.es\/ca\/wp-json\/wp\/v2\/types\/page"}],"author":[{"embeddable":true,"href":"https:\/\/www.apen.es\/ca\/wp-json\/wp\/v2\/users\/4"}],"replies":[{"embeddable":true,"href":"https:\/\/www.apen.es\/ca\/wp-json\/wp\/v2\/comments?post=21460"}],"version-history":[{"count":5,"href":"https:\/\/www.apen.es\/ca\/wp-json\/wp\/v2\/pages\/21460\/revisions"}],"predecessor-version":[{"id":55820,"href":"https:\/\/www.apen.es\/ca\/wp-json\/wp\/v2\/pages\/21460\/revisions\/55820"}],"up":[{"embeddable":true,"href":"https:\/\/www.apen.es\/ca\/wp-json\/wp\/v2\/pages\/9649"}],"wp:attachment":[{"href":"https:\/\/www.apen.es\/ca\/wp-json\/wp\/v2\/media?parent=21460"}],"curies":[{"name":"wp","href":"https:\/\/api.w.org\/{rel}","templated":true}]}}