{"id":21459,"date":"2021-01-21T07:43:27","date_gmt":"2021-01-21T07:43:27","guid":{"rendered":"https:\/\/www.apen.es\/?page_id=21459"},"modified":"2025-07-08T09:30:06","modified_gmt":"2025-07-08T09:30:06","slug":"software-erp","status":"publish","type":"page","link":"https:\/\/www.apen.es\/ca\/erp\/software-erp\/","title":{"rendered":"Programari ERP"},"content":{"rendered":"<p>Un programari ERP facilita la planificaci\u00f3 dels recursos empresarials i, per tant, els processos per gestionar i integrar elements fonamentals com ara les finances, la cadena de subministrament, les operacions, els informes, la fabricaci\u00f3 i les activitats de recursos humans d&#039;una empresa.<\/p>\n\n\n\n<p>Mentre algunes empreses tenen un sistema d&#039;organitzaci\u00f3, la majoria no faciliten els processos comercials o ajuden al creixement comercial. Davant d&#039;aix\u00f2, cal un programari ERP que s&#039;adapti a les necessitats del negoci.<\/p>\n\n\n\n<p>Un programari ERP \u00e9s necessari quan una empresa sest\u00e0 expandint o planeja cr\u00e9ixer significativament. Tamb\u00e9 si es presenten problemes a les operacions, en qu\u00e8 un programari ERP ajudar\u00e0 a la millor gesti\u00f3 dels processos. Un altre escenari \u00e9s que l&#039;organitzaci\u00f3 compti amb un sistema d&#039;organitzaci\u00f3 desactualitzat i que ja no s&#039;adapta a les necessitats del negoci, per tant cal un programari ERP. Si ens trobem en una organitzaci\u00f3 amb visi\u00f3 de futur, probablement la millor opci\u00f3 \u00e9s delinear un full de ruta que ajudi a la millora dels processos amb un programari ERP. Qualsevol empresa, sense importar el sector al qual es dediqui, la seva mida o ubicaci\u00f3 f\u00edsica, es beneficiar\u00e0 d&#039;un programari ERP.<\/p>\n\n\n\n<p>Un programari ERP assegura millors informes comercials, amb eines i informaci\u00f3 en temps real, afegit a una base de dades integrada.  Aix\u00f2 assegura en millor servei al client, ja que t\u00e9 acc\u00e9s m\u00e9s r\u00e0pid i eficient a la informaci\u00f3, i temps de respostes m\u00e9s r\u00e0pids. Aix\u00ed mateix, es milloren els costos d&#039;inventari i s&#039;eviten problemes comuns en aquests processos.<\/p>\n\n\n\n<p>Es pot millorar la facturaci\u00f3 i els processos de cobrament amb un programari ERP i es poden estalviar costos amb una millor planificaci\u00f3 dels inventaris, millor gesti\u00f3 de les compres i relacions amb els prove\u00efdors. De la mateixa manera, un programari ERP afegeix seguretat per a les dades recaptades.<\/p>\n\n\n\n<p>Una empresa que compti amb un programari ERP podr\u00e0 estandarditzar els processos comercials i crear una gesti\u00f3 eficient a la cadena de subministrament amb un pron\u00f2stic efectiu en demanda i inventari, evitant retards i majors costos.<\/p>\n\n\n\n<p>El programari ERP \u00e9s com qualsevol tecnologia empresarial: l&#039;eina per si sola no causa ni frac\u00e0s ni \u00e8xit. L&#039;entorn empresarial, el lideratge i els usuaris finals determinen el ROI d&#039;un sistema ERP, juntament amb la planificaci\u00f3, la metodologia i la implementaci\u00f3 del projecte, per\u00f2, en l\u00ednies generals, es demostra que les empreses que mantenen un programari ERP solen establir projectes m\u00e9s reeixits.<\/p>\n\n\n\n<p>Actualment, hi ha una important varietat en l&#039;oferta de programari ERP, per la qual cosa les necessitats de qualsevol empresa quedaran ateses en triar l&#039;opci\u00f3 adequada, a m\u00e9s de ser cada dia m\u00e9s f\u00e0cils d&#039;implementar i manejar.<\/p>","protected":false},"excerpt":{"rendered":"<p>Un software ERP facilita la planificaci\u00f3n de los recursos empresariales y, por lo tanto, los procesos para gestionar e integrar elementos fundamentales como las finanzas, la cadena de suministro, las operaciones, los informes, la fabricaci\u00f3n y las actividades de recursos humanos de una empresa. Mientras que algunas empresas cuentan con un sistema de organizaci\u00f3n, la&#8230;<\/p>","protected":false},"author":4,"featured_media":0,"parent":9649,"menu_order":0,"comment_status":"closed","ping_status":"closed","template":"page-landing-software-2.php","meta":{"_acf_changed":false,"_kad_blocks_custom_css":"","_kad_blocks_head_custom_js":"","_kad_blocks_body_custom_js":"","_kad_blocks_footer_custom_js":"","_kad_post_transparent":"","_kad_post_title":"","_kad_post_layout":"","_kad_post_sidebar_id":"","_kad_post_content_style":"","_kad_post_vertical_padding":"","_kad_post_feature":"","_kad_post_feature_position":"","_kad_post_header":false,"_kad_post_footer":false,"_kad_post_classname":"","footnotes":""},"class_list":["post-21459","page","type-page","status-publish","hentry"],"acf":[],"yoast_head":"<!-- This site is optimized with the Yoast SEO plugin v27.4 - https:\/\/yoast.com\/product\/yoast-seo-wordpress\/ -->\n<title>Software ERP - Apen Inform\u00e1tica<\/title>\n<meta name=\"description\" content=\"El Software ERP para tu negocio. a3ERP es la soluci\u00f3n de gesti\u00f3n empresarial que integra todas las \u00e1reas de la empresa de un modo \u00e1gil y sencillo\" \/>\n<meta name=\"robots\" content=\"index, follow, max-snippet:-1, max-image-preview:large, max-video-preview:-1\" \/>\n<link rel=\"canonical\" href=\"https:\/\/www.apen.es\/ca\/erp\/software-erp\/\" \/>\n<meta property=\"og:locale\" content=\"ca_ES\" \/>\n<meta property=\"og:type\" content=\"article\" \/>\n<meta property=\"og:title\" content=\"Software ERP - Apen Inform\u00e1tica\" \/>\n<meta property=\"og:description\" content=\"El Software ERP para tu negocio. a3ERP es la soluci\u00f3n de gesti\u00f3n empresarial que integra todas las \u00e1reas de la empresa de un modo \u00e1gil y sencillo\" \/>\n<meta property=\"og:url\" content=\"https:\/\/www.apen.es\/ca\/erp\/software-erp\/\" \/>\n<meta property=\"og:site_name\" content=\"Apen Inform\u00e1tica\" \/>\n<meta property=\"article:publisher\" content=\"https:\/\/www.facebook.com\/apensolucions\" \/>\n<meta property=\"article:modified_time\" content=\"2025-07-08T09:30:06+00:00\" \/>\n<meta property=\"og:image\" content=\"https:\/\/www.apen.es\/wp-content\/uploads\/2016\/05\/logo-apen-231x82-trasparent.png\" \/>\n\t<meta property=\"og:image:width\" content=\"231\" \/>\n\t<meta property=\"og:image:height\" content=\"82\" \/>\n\t<meta property=\"og:image:type\" content=\"image\/png\" \/>\n<meta name=\"twitter:card\" content=\"summary_large_image\" \/>\n<meta name=\"twitter:label1\" content=\"Temps estimat de lectura\" \/>\n\t<meta name=\"twitter:data1\" content=\"6 minuts\" \/>\n<script type=\"application\/ld+json\" class=\"yoast-schema-graph\">{\"@context\":\"https:\\\/\\\/schema.org\",\"@graph\":[{\"@type\":\"WebPage\",\"@id\":\"https:\\\/\\\/www.apen.es\\\/erp\\\/software-erp\\\/\",\"url\":\"https:\\\/\\\/www.apen.es\\\/erp\\\/software-erp\\\/\",\"name\":\"Software ERP - Apen Inform\u00e1tica\",\"isPartOf\":{\"@id\":\"https:\\\/\\\/www.apen.es\\\/#website\"},\"datePublished\":\"2021-01-21T07:43:27+00:00\",\"dateModified\":\"2025-07-08T09:30:06+00:00\",\"description\":\"El Software ERP para tu negocio. a3ERP es la soluci\u00f3n de gesti\u00f3n empresarial que integra todas las \u00e1reas de la empresa de un modo \u00e1gil y sencillo\",\"breadcrumb\":{\"@id\":\"https:\\\/\\\/www.apen.es\\\/erp\\\/software-erp\\\/#breadcrumb\"},\"inLanguage\":\"ca\",\"potentialAction\":[{\"@type\":\"ReadAction\",\"target\":[\"https:\\\/\\\/www.apen.es\\\/erp\\\/software-erp\\\/\"]}]},{\"@type\":\"BreadcrumbList\",\"@id\":\"https:\\\/\\\/www.apen.es\\\/erp\\\/software-erp\\\/#breadcrumb\",\"itemListElement\":[{\"@type\":\"ListItem\",\"position\":1,\"name\":\"Portada\",\"item\":\"https:\\\/\\\/www.apen.es\\\/\"},{\"@type\":\"ListItem\",\"position\":2,\"name\":\"ERP. Ofrecemos software gesti\u00f3n a empresas.\",\"item\":\"https:\\\/\\\/www.apen.es\\\/erp\\\/\"},{\"@type\":\"ListItem\",\"position\":3,\"name\":\"Software ERP\"}]},{\"@type\":\"WebSite\",\"@id\":\"https:\\\/\\\/www.apen.es\\\/#website\",\"url\":\"https:\\\/\\\/www.apen.es\\\/\",\"name\":\"Apen Inform\u00e1tica\",\"description\":\"Mantenimiento Inform\u00e1tico , Software de Gesti\u00f3n, Soluciones de impresi\u00f3n\",\"publisher\":{\"@id\":\"https:\\\/\\\/www.apen.es\\\/#organization\"},\"potentialAction\":[{\"@type\":\"SearchAction\",\"target\":{\"@type\":\"EntryPoint\",\"urlTemplate\":\"https:\\\/\\\/www.apen.es\\\/?s={search_term_string}\"},\"query-input\":{\"@type\":\"PropertyValueSpecification\",\"valueRequired\":true,\"valueName\":\"search_term_string\"}}],\"inLanguage\":\"ca\"},{\"@type\":\"Organization\",\"@id\":\"https:\\\/\\\/www.apen.es\\\/#organization\",\"name\":\"Apen: Soluciones inform\u00e1ticas\",\"url\":\"https:\\\/\\\/www.apen.es\\\/\",\"logo\":{\"@type\":\"ImageObject\",\"inLanguage\":\"ca\",\"@id\":\"https:\\\/\\\/www.apen.es\\\/#\\\/schema\\\/logo\\\/image\\\/\",\"url\":\"https:\\\/\\\/www.apen.es\\\/wp-content\\\/uploads\\\/2022\\\/08\\\/logo-apenok-231x82-1.png\",\"contentUrl\":\"https:\\\/\\\/www.apen.es\\\/wp-content\\\/uploads\\\/2022\\\/08\\\/logo-apenok-231x82-1.png\",\"width\":231,\"height\":82,\"caption\":\"Apen: Soluciones inform\u00e1ticas\"},\"image\":{\"@id\":\"https:\\\/\\\/www.apen.es\\\/#\\\/schema\\\/logo\\\/image\\\/\"},\"sameAs\":[\"https:\\\/\\\/www.facebook.com\\\/apensolucions\",\"https:\\\/\\\/www.youtube.com\\\/user\\\/ApenCentreInformatic\",\"https:\\\/\\\/www.linkedin.com\\\/company\\\/1021771?trk=tyah&trkInfo=clickedVerticalcompanyclickedEntityId1021771idx2-1-2tarId1464195271196tasapenin\"]}]}<\/script>\n<!-- \/ Yoast SEO plugin. -->","yoast_head_json":{"title":"Software ERP - Apen Inform\u00e1tica","description":"El Software ERP para tu negocio. a3ERP es la soluci\u00f3n de gesti\u00f3n empresarial que integra todas las \u00e1reas de la empresa de un modo \u00e1gil y sencillo","robots":{"index":"index","follow":"follow","max-snippet":"max-snippet:-1","max-image-preview":"max-image-preview:large","max-video-preview":"max-video-preview:-1"},"canonical":"https:\/\/www.apen.es\/ca\/erp\/software-erp\/","og_locale":"ca_ES","og_type":"article","og_title":"Software ERP - Apen Inform\u00e1tica","og_description":"El Software ERP para tu negocio. a3ERP es la soluci\u00f3n de gesti\u00f3n empresarial que integra todas las \u00e1reas de la empresa de un modo \u00e1gil y sencillo","og_url":"https:\/\/www.apen.es\/ca\/erp\/software-erp\/","og_site_name":"Apen Inform\u00e1tica","article_publisher":"https:\/\/www.facebook.com\/apensolucions","article_modified_time":"2025-07-08T09:30:06+00:00","og_image":[{"width":231,"height":82,"url":"https:\/\/www.apen.es\/wp-content\/uploads\/2016\/05\/logo-apen-231x82-trasparent.png","type":"image\/png"}],"twitter_card":"summary_large_image","twitter_misc":{"Temps estimat de lectura":"6 minuts"},"schema":{"@context":"https:\/\/schema.org","@graph":[{"@type":"WebPage","@id":"https:\/\/www.apen.es\/erp\/software-erp\/","url":"https:\/\/www.apen.es\/erp\/software-erp\/","name":"Software ERP - Apen Inform\u00e1tica","isPartOf":{"@id":"https:\/\/www.apen.es\/#website"},"datePublished":"2021-01-21T07:43:27+00:00","dateModified":"2025-07-08T09:30:06+00:00","description":"El Software ERP para tu negocio. a3ERP es la soluci\u00f3n de gesti\u00f3n empresarial que integra todas las \u00e1reas de la empresa de un modo \u00e1gil y sencillo","breadcrumb":{"@id":"https:\/\/www.apen.es\/erp\/software-erp\/#breadcrumb"},"inLanguage":"ca","potentialAction":[{"@type":"ReadAction","target":["https:\/\/www.apen.es\/erp\/software-erp\/"]}]},{"@type":"BreadcrumbList","@id":"https:\/\/www.apen.es\/erp\/software-erp\/#breadcrumb","itemListElement":[{"@type":"ListItem","position":1,"name":"Portada","item":"https:\/\/www.apen.es\/"},{"@type":"ListItem","position":2,"name":"ERP. Ofrecemos software gesti\u00f3n a empresas.","item":"https:\/\/www.apen.es\/erp\/"},{"@type":"ListItem","position":3,"name":"Software ERP"}]},{"@type":"WebSite","@id":"https:\/\/www.apen.es\/#website","url":"https:\/\/www.apen.es\/","name":"Apen Inform\u00e0tica","description":"Manteniment inform\u00e0tic , programari de gesti\u00f3, solucions d&#039;impressi\u00f3","publisher":{"@id":"https:\/\/www.apen.es\/#organization"},"potentialAction":[{"@type":"SearchAction","target":{"@type":"EntryPoint","urlTemplate":"https:\/\/www.apen.es\/?s={search_term_string}"},"query-input":{"@type":"PropertyValueSpecification","valueRequired":true,"valueName":"search_term_string"}}],"inLanguage":"ca"},{"@type":"Organization","@id":"https:\/\/www.apen.es\/#organization","name":"Apen: Solucions inform\u00e0tiques","url":"https:\/\/www.apen.es\/","logo":{"@type":"ImageObject","inLanguage":"ca","@id":"https:\/\/www.apen.es\/#\/schema\/logo\/image\/","url":"https:\/\/www.apen.es\/wp-content\/uploads\/2022\/08\/logo-apenok-231x82-1.png","contentUrl":"https:\/\/www.apen.es\/wp-content\/uploads\/2022\/08\/logo-apenok-231x82-1.png","width":231,"height":82,"caption":"Apen: Soluciones inform\u00e1ticas"},"image":{"@id":"https:\/\/www.apen.es\/#\/schema\/logo\/image\/"},"sameAs":["https:\/\/www.facebook.com\/apensolucions","https:\/\/www.youtube.com\/user\/ApenCentreInformatic","https:\/\/www.linkedin.com\/company\/1021771?trk=tyah&trkInfo=clickedVerticalcompanyclickedEntityId1021771idx2-1-2tarId1464195271196tasapenin"]}]}},"taxonomy_info":[],"featured_image_src_large":false,"author_info":{"display_name":"marqueting","author_link":"https:\/\/www.apen.es\/ca\/blog\/author\/marqueting\/"},"comment_info":0,"_links":{"self":[{"href":"https:\/\/www.apen.es\/ca\/wp-json\/wp\/v2\/pages\/21459","targetHints":{"allow":["GET"]}}],"collection":[{"href":"https:\/\/www.apen.es\/ca\/wp-json\/wp\/v2\/pages"}],"about":[{"href":"https:\/\/www.apen.es\/ca\/wp-json\/wp\/v2\/types\/page"}],"author":[{"embeddable":true,"href":"https:\/\/www.apen.es\/ca\/wp-json\/wp\/v2\/users\/4"}],"replies":[{"embeddable":true,"href":"https:\/\/www.apen.es\/ca\/wp-json\/wp\/v2\/comments?post=21459"}],"version-history":[{"count":3,"href":"https:\/\/www.apen.es\/ca\/wp-json\/wp\/v2\/pages\/21459\/revisions"}],"predecessor-version":[{"id":54672,"href":"https:\/\/www.apen.es\/ca\/wp-json\/wp\/v2\/pages\/21459\/revisions\/54672"}],"up":[{"embeddable":true,"href":"https:\/\/www.apen.es\/ca\/wp-json\/wp\/v2\/pages\/9649"}],"wp:attachment":[{"href":"https:\/\/www.apen.es\/ca\/wp-json\/wp\/v2\/media?parent=21459"}],"curies":[{"name":"wp","href":"https:\/\/api.w.org\/{rel}","templated":true}]}}