{"id":21457,"date":"2021-01-21T06:26:05","date_gmt":"2021-01-21T06:26:05","guid":{"rendered":"https:\/\/www.apen.es\/?page_id=21457"},"modified":"2025-07-08T09:30:01","modified_gmt":"2025-07-08T09:30:01","slug":"sistema-erp","status":"publish","type":"page","link":"https:\/\/www.apen.es\/ca\/erp\/sistema-erp\/","title":{"rendered":"Sistema ERP"},"content":{"rendered":"<p>Un sistema ERP \u00e9s una eina fonamental a l&#039;hora de planificar els recursos empresarials. Aquest \u00e9s un tipus de programari que les organitzacions utilitzen per administrar les activitats comercials di\u00e0ries, com ara comptabilitat, adquisicions, gesti\u00f3 de projectes, gesti\u00f3 de riscos i compliment, i operacions de la cadena de subministrament. Un bon sistema ERP tamb\u00e9 inclou la gesti\u00f3 del rendiment empresarial, amb la possibilitat de planificar, pressupostar, predir i informar sobre els resultats financers duna empresa.<\/p>\n\n\n\n<p>En un sistema ERP s?uneix una multitud de processos comercials i permet el flux de dades entre ells. El que passa al sistema \u00e9s l&#039;eliminaci\u00f3 de la duplicaci\u00f3 de dades, brindant integritat i seguretat en les dades, alhora que pren en compte diferents fonts.<\/p>\n\n\n\n<p>Actualment, un sistema ERP \u00e9s fonamental per gestionar empreses de totes les mides i en totes les ind\u00fastries. Per a aquestes empreses, l\u201fERP \u00e9s tan indispensable com l\u201felectricitat ja que mant\u00e9 l\u201fordre i la capacitat d\u201fexecutar sense problemes les activitats comercials.<\/p>\n\n\n\n<p>Un sistema ERP est\u00e0 dissenyat al voltant d&#039;una estructura de dades \u00fanica i definida que normalment t\u00e9 una base de dades comuna. Aix\u00f2 ajuda a garantir que la informaci\u00f3 utilitzada a tota l&#039;empresa estigui normalitzada i es base en definicions comunes i experi\u00e8ncies d&#039;usuari. Aquestes construccions centrals despr\u00e9s s&#039;interconnecten amb els processos comercials impulsats per fluxos de treball a tots els departaments comercials, per exemple, finances, recursos humans, enginyeria, m\u00e0rqueting, operacions, connectant els sistemes i les persones que els utilitzen.<\/p>\n\n\n\n<p>Podem definir el sistema ERP com el vehicle per integrar persones, processos i tecnologies en una empresa. Per exemple: una empresa que fabrica autom\u00f2bils adquireix peces i components de diversos prove\u00efdors. Podria utilitzar un sistema ERP per rastrejar la sol\u00b7licitud i compres i garantir que cada component en tot el proc\u00e9s faci servir dades uniformes connectades als fluxos de treball, processos comercials, informes i an\u00e0lisi de l&#039;empresa. Amb el sistema ERP en aquesta empresa s&#039;identifiquen els components uniformement per nom de pe\u00e7a, mida, material, font, n\u00famero de lot, n\u00famero de pe\u00e7a del prove\u00efdor, n\u00famero de s\u00e8rie, cost i especificaci\u00f3.<\/p>\n\n\n\n<p>At\u00e8s que les dades s\u00f3n l&#039;element vital de totes les empreses modernes, un sistema ERP facilita la recopilaci\u00f3, organitzaci\u00f3, an\u00e0lisi i distribuci\u00f3 d&#039;aquesta informaci\u00f3 a totes les persones i sistemes que la necessiten per complir millor la seva funci\u00f3 i responsabilitat i, en addici\u00f3, crear una empresa m\u00e9s eficient.<\/p>\n\n\n\n<p>En lloc de diverses bases de dades independents amb un inventari interminable de fulls de c\u00e0lcul desconnectats, un sistema ERP posa ordre al caos perqu\u00e8 tots els usuaris, des del CEO fins als empleats de comptes per pagar, puguin crear, emmagatzemar i utilitzar les mateixes dades derivades de processos comuns.<\/p>","protected":false},"excerpt":{"rendered":"<p>Un Sistema ERP es una herramienta fundamental a la hora de planificar los recursos empresariales. Este es un tipo de software que las organizaciones utilizan para administrar las actividades comerciales diarias, como contabilidad, adquisiciones, gesti\u00f3n de proyectos, gesti\u00f3n de riesgos y cumplimiento, y operaciones de la cadena de suministro. Un buen sistema ERP tambi\u00e9n incluye&#8230;<\/p>","protected":false},"author":4,"featured_media":0,"parent":9649,"menu_order":0,"comment_status":"closed","ping_status":"closed","template":"page-landing-software-2.php","meta":{"_acf_changed":false,"_kad_blocks_custom_css":"","_kad_blocks_head_custom_js":"","_kad_blocks_body_custom_js":"","_kad_blocks_footer_custom_js":"","_kad_post_transparent":"","_kad_post_title":"","_kad_post_layout":"","_kad_post_sidebar_id":"","_kad_post_content_style":"","_kad_post_vertical_padding":"","_kad_post_feature":"","_kad_post_feature_position":"","_kad_post_header":false,"_kad_post_footer":false,"_kad_post_classname":"","footnotes":""},"class_list":["post-21457","page","type-page","status-publish","hentry"],"acf":[],"yoast_head":"<!-- This site is optimized with the Yoast SEO plugin v27.4 - https:\/\/yoast.com\/product\/yoast-seo-wordpress\/ -->\n<title>Sistema ERP - Apen Inform\u00e1tica<\/title>\n<meta name=\"description\" content=\"Un Sistema ERP es una herramienta fundamental a la hora de planificar los recursos empresariales. Este es un tipo de software que las organizaciones\" \/>\n<meta name=\"robots\" content=\"index, follow, max-snippet:-1, max-image-preview:large, max-video-preview:-1\" \/>\n<link rel=\"canonical\" href=\"https:\/\/www.apen.es\/ca\/erp\/sistema-erp\/\" \/>\n<meta property=\"og:locale\" content=\"ca_ES\" \/>\n<meta property=\"og:type\" content=\"article\" \/>\n<meta property=\"og:title\" content=\"Sistema ERP - Apen Inform\u00e1tica\" \/>\n<meta property=\"og:description\" content=\"Un Sistema ERP es una herramienta fundamental a la hora de planificar los recursos empresariales. Este es un tipo de software que las organizaciones\" \/>\n<meta property=\"og:url\" content=\"https:\/\/www.apen.es\/ca\/erp\/sistema-erp\/\" \/>\n<meta property=\"og:site_name\" content=\"Apen Inform\u00e1tica\" \/>\n<meta property=\"article:publisher\" content=\"https:\/\/www.facebook.com\/apensolucions\" \/>\n<meta property=\"article:modified_time\" content=\"2025-07-08T09:30:01+00:00\" \/>\n<meta property=\"og:image\" content=\"https:\/\/www.apen.es\/wp-content\/uploads\/2016\/05\/logo-apen-231x82-trasparent.png\" \/>\n\t<meta property=\"og:image:width\" content=\"231\" \/>\n\t<meta property=\"og:image:height\" content=\"82\" \/>\n\t<meta property=\"og:image:type\" content=\"image\/png\" \/>\n<meta name=\"twitter:card\" content=\"summary_large_image\" \/>\n<meta name=\"twitter:label1\" content=\"Temps estimat de lectura\" \/>\n\t<meta name=\"twitter:data1\" content=\"2 minuts\" \/>\n<script type=\"application\/ld+json\" class=\"yoast-schema-graph\">{\"@context\":\"https:\\\/\\\/schema.org\",\"@graph\":[{\"@type\":\"WebPage\",\"@id\":\"https:\\\/\\\/www.apen.es\\\/erp\\\/sistema-erp\\\/\",\"url\":\"https:\\\/\\\/www.apen.es\\\/erp\\\/sistema-erp\\\/\",\"name\":\"Sistema ERP - Apen Inform\u00e1tica\",\"isPartOf\":{\"@id\":\"https:\\\/\\\/www.apen.es\\\/#website\"},\"datePublished\":\"2021-01-21T06:26:05+00:00\",\"dateModified\":\"2025-07-08T09:30:01+00:00\",\"description\":\"Un Sistema ERP es una herramienta fundamental a la hora de planificar los recursos empresariales. Este es un tipo de software que las organizaciones\",\"breadcrumb\":{\"@id\":\"https:\\\/\\\/www.apen.es\\\/erp\\\/sistema-erp\\\/#breadcrumb\"},\"inLanguage\":\"ca\",\"potentialAction\":[{\"@type\":\"ReadAction\",\"target\":[\"https:\\\/\\\/www.apen.es\\\/erp\\\/sistema-erp\\\/\"]}]},{\"@type\":\"BreadcrumbList\",\"@id\":\"https:\\\/\\\/www.apen.es\\\/erp\\\/sistema-erp\\\/#breadcrumb\",\"itemListElement\":[{\"@type\":\"ListItem\",\"position\":1,\"name\":\"Portada\",\"item\":\"https:\\\/\\\/www.apen.es\\\/\"},{\"@type\":\"ListItem\",\"position\":2,\"name\":\"ERP. Ofrecemos software gesti\u00f3n a empresas.\",\"item\":\"https:\\\/\\\/www.apen.es\\\/erp\\\/\"},{\"@type\":\"ListItem\",\"position\":3,\"name\":\"Sistema ERP\"}]},{\"@type\":\"WebSite\",\"@id\":\"https:\\\/\\\/www.apen.es\\\/#website\",\"url\":\"https:\\\/\\\/www.apen.es\\\/\",\"name\":\"Apen Inform\u00e1tica\",\"description\":\"Mantenimiento Inform\u00e1tico , Software de Gesti\u00f3n, Soluciones de impresi\u00f3n\",\"publisher\":{\"@id\":\"https:\\\/\\\/www.apen.es\\\/#organization\"},\"potentialAction\":[{\"@type\":\"SearchAction\",\"target\":{\"@type\":\"EntryPoint\",\"urlTemplate\":\"https:\\\/\\\/www.apen.es\\\/?s={search_term_string}\"},\"query-input\":{\"@type\":\"PropertyValueSpecification\",\"valueRequired\":true,\"valueName\":\"search_term_string\"}}],\"inLanguage\":\"ca\"},{\"@type\":\"Organization\",\"@id\":\"https:\\\/\\\/www.apen.es\\\/#organization\",\"name\":\"Apen: Soluciones inform\u00e1ticas\",\"url\":\"https:\\\/\\\/www.apen.es\\\/\",\"logo\":{\"@type\":\"ImageObject\",\"inLanguage\":\"ca\",\"@id\":\"https:\\\/\\\/www.apen.es\\\/#\\\/schema\\\/logo\\\/image\\\/\",\"url\":\"https:\\\/\\\/www.apen.es\\\/wp-content\\\/uploads\\\/2022\\\/08\\\/logo-apenok-231x82-1.png\",\"contentUrl\":\"https:\\\/\\\/www.apen.es\\\/wp-content\\\/uploads\\\/2022\\\/08\\\/logo-apenok-231x82-1.png\",\"width\":231,\"height\":82,\"caption\":\"Apen: Soluciones inform\u00e1ticas\"},\"image\":{\"@id\":\"https:\\\/\\\/www.apen.es\\\/#\\\/schema\\\/logo\\\/image\\\/\"},\"sameAs\":[\"https:\\\/\\\/www.facebook.com\\\/apensolucions\",\"https:\\\/\\\/www.youtube.com\\\/user\\\/ApenCentreInformatic\",\"https:\\\/\\\/www.linkedin.com\\\/company\\\/1021771?trk=tyah&trkInfo=clickedVerticalcompanyclickedEntityId1021771idx2-1-2tarId1464195271196tasapenin\"]}]}<\/script>\n<!-- \/ Yoast SEO plugin. -->","yoast_head_json":{"title":"Sistema ERP - Apen Inform\u00e1tica","description":"Un Sistema ERP es una herramienta fundamental a la hora de planificar los recursos empresariales. Este es un tipo de software que las organizaciones","robots":{"index":"index","follow":"follow","max-snippet":"max-snippet:-1","max-image-preview":"max-image-preview:large","max-video-preview":"max-video-preview:-1"},"canonical":"https:\/\/www.apen.es\/ca\/erp\/sistema-erp\/","og_locale":"ca_ES","og_type":"article","og_title":"Sistema ERP - Apen Inform\u00e1tica","og_description":"Un Sistema ERP es una herramienta fundamental a la hora de planificar los recursos empresariales. Este es un tipo de software que las organizaciones","og_url":"https:\/\/www.apen.es\/ca\/erp\/sistema-erp\/","og_site_name":"Apen Inform\u00e1tica","article_publisher":"https:\/\/www.facebook.com\/apensolucions","article_modified_time":"2025-07-08T09:30:01+00:00","og_image":[{"width":231,"height":82,"url":"https:\/\/www.apen.es\/wp-content\/uploads\/2016\/05\/logo-apen-231x82-trasparent.png","type":"image\/png"}],"twitter_card":"summary_large_image","twitter_misc":{"Temps estimat de lectura":"2 minuts"},"schema":{"@context":"https:\/\/schema.org","@graph":[{"@type":"WebPage","@id":"https:\/\/www.apen.es\/erp\/sistema-erp\/","url":"https:\/\/www.apen.es\/erp\/sistema-erp\/","name":"Sistema ERP - Apen Inform\u00e1tica","isPartOf":{"@id":"https:\/\/www.apen.es\/#website"},"datePublished":"2021-01-21T06:26:05+00:00","dateModified":"2025-07-08T09:30:01+00:00","description":"Un Sistema ERP es una herramienta fundamental a la hora de planificar los recursos empresariales. Este es un tipo de software que las organizaciones","breadcrumb":{"@id":"https:\/\/www.apen.es\/erp\/sistema-erp\/#breadcrumb"},"inLanguage":"ca","potentialAction":[{"@type":"ReadAction","target":["https:\/\/www.apen.es\/erp\/sistema-erp\/"]}]},{"@type":"BreadcrumbList","@id":"https:\/\/www.apen.es\/erp\/sistema-erp\/#breadcrumb","itemListElement":[{"@type":"ListItem","position":1,"name":"Portada","item":"https:\/\/www.apen.es\/"},{"@type":"ListItem","position":2,"name":"ERP. Ofrecemos software gesti\u00f3n a empresas.","item":"https:\/\/www.apen.es\/erp\/"},{"@type":"ListItem","position":3,"name":"Sistema ERP"}]},{"@type":"WebSite","@id":"https:\/\/www.apen.es\/#website","url":"https:\/\/www.apen.es\/","name":"Apen Inform\u00e0tica","description":"Manteniment inform\u00e0tic , programari de gesti\u00f3, solucions d&#039;impressi\u00f3","publisher":{"@id":"https:\/\/www.apen.es\/#organization"},"potentialAction":[{"@type":"SearchAction","target":{"@type":"EntryPoint","urlTemplate":"https:\/\/www.apen.es\/?s={search_term_string}"},"query-input":{"@type":"PropertyValueSpecification","valueRequired":true,"valueName":"search_term_string"}}],"inLanguage":"ca"},{"@type":"Organization","@id":"https:\/\/www.apen.es\/#organization","name":"Apen: Solucions inform\u00e0tiques","url":"https:\/\/www.apen.es\/","logo":{"@type":"ImageObject","inLanguage":"ca","@id":"https:\/\/www.apen.es\/#\/schema\/logo\/image\/","url":"https:\/\/www.apen.es\/wp-content\/uploads\/2022\/08\/logo-apenok-231x82-1.png","contentUrl":"https:\/\/www.apen.es\/wp-content\/uploads\/2022\/08\/logo-apenok-231x82-1.png","width":231,"height":82,"caption":"Apen: Soluciones inform\u00e1ticas"},"image":{"@id":"https:\/\/www.apen.es\/#\/schema\/logo\/image\/"},"sameAs":["https:\/\/www.facebook.com\/apensolucions","https:\/\/www.youtube.com\/user\/ApenCentreInformatic","https:\/\/www.linkedin.com\/company\/1021771?trk=tyah&trkInfo=clickedVerticalcompanyclickedEntityId1021771idx2-1-2tarId1464195271196tasapenin"]}]}},"taxonomy_info":[],"featured_image_src_large":false,"author_info":{"display_name":"marqueting","author_link":"https:\/\/www.apen.es\/ca\/blog\/author\/marqueting\/"},"comment_info":0,"_links":{"self":[{"href":"https:\/\/www.apen.es\/ca\/wp-json\/wp\/v2\/pages\/21457","targetHints":{"allow":["GET"]}}],"collection":[{"href":"https:\/\/www.apen.es\/ca\/wp-json\/wp\/v2\/pages"}],"about":[{"href":"https:\/\/www.apen.es\/ca\/wp-json\/wp\/v2\/types\/page"}],"author":[{"embeddable":true,"href":"https:\/\/www.apen.es\/ca\/wp-json\/wp\/v2\/users\/4"}],"replies":[{"embeddable":true,"href":"https:\/\/www.apen.es\/ca\/wp-json\/wp\/v2\/comments?post=21457"}],"version-history":[{"count":3,"href":"https:\/\/www.apen.es\/ca\/wp-json\/wp\/v2\/pages\/21457\/revisions"}],"predecessor-version":[{"id":54691,"href":"https:\/\/www.apen.es\/ca\/wp-json\/wp\/v2\/pages\/21457\/revisions\/54691"}],"up":[{"embeddable":true,"href":"https:\/\/www.apen.es\/ca\/wp-json\/wp\/v2\/pages\/9649"}],"wp:attachment":[{"href":"https:\/\/www.apen.es\/ca\/wp-json\/wp\/v2\/media?parent=21457"}],"curies":[{"name":"wp","href":"https:\/\/api.w.org\/{rel}","templated":true}]}}