{"id":21271,"date":"2020-12-21T09:02:14","date_gmt":"2020-12-21T09:02:14","guid":{"rendered":"https:\/\/www.apen.es\/?page_id=21271"},"modified":"2025-07-08T10:37:28","modified_gmt":"2025-07-08T10:37:28","slug":"programes-de-comptabilitat-i-nomines","status":"publish","type":"page","link":"https:\/\/www.apen.es\/ca\/software-de-gestion\/a3erp-contabilidad\/programas-de-contabilidad-y-nominas\/","title":{"rendered":"Programes de comptabilitat i n\u00f2mines"},"content":{"rendered":"<p>Els programes de comptabilitat i n\u00f2mines s\u00f3n ideals per a petites i mitjanes empreses. \u00c9s ideal comptar amb una eina que ajudi en el processament de n\u00f2mina que sigui efectiu, elimini errors i permeti tenir la informaci\u00f3 m\u00e9s actualitzada.<\/p>\n\n\n\n<p>Tenir en un programa integrat les funcions de n\u00f2mina i comptabilitat \u00e9s sempre la millor opci\u00f3. Aix\u00f2 \u00e9s de particular import\u00e0ncia per als propietaris de petites empreses que necessiten exercir diferents funcions, tenir aquests informes preparats i els impostos pagats, de manera que els programes de comptabilitat i n\u00f2mina brinden un servei que pot estalviar una quantitat considerable de temps per al responsable duna empresa que ja t\u00e9 exc\u00e9s de treball.<\/p>\n\n\n\n<p>Hi ha tres maneres en qu\u00e8 els programes de comptabilitat i n\u00f2mina contribueixen a la productivitat d&#039;una empresa. En primer lloc, influeix en el creixement i el desenvolupament de tota l&#039;organitzaci\u00f3. En segon lloc, augmenta la productivitat dels seus empleats, cosa que millora encara m\u00e9s la productivitat de la seva empresa. I finalment, per descomptat, simplifica els procediments de recursos humans, cosa que autom\u00e0ticament agilitza els processos de treball d&#039;altres departaments.<\/p>\n\n\n\n<p>Els c\u00e0lculs de n\u00f2mina manuals sovint impliquen c\u00e0lculs complexos de salaris i impostos, que poden treure almenys 10 hores cada mes. Amb un programa de comptabilitat i n\u00f2mina, el personal de recursos humans pot estalviar aquest temps de manera intel\u00b7ligent i fer-ne un \u00fas eficient en altres dominis de treball. A m\u00e9s destalviar temps, tamb\u00e9 \u00e9s rendible.<\/p>\n\n\n\n<p>Aix\u00ed mateix, es fa m\u00e9s senzill el tracte de les dades, en mantenir tots els registres organitzats i actualitzats, evitant els errors d&#039;entrades dobles al sistema. Els programes de comptabilitat i n\u00f2mina permeten accedir en temps real a la base de dades de l&#039;empresa. Des d&#039;informaci\u00f3 relacionada amb salaris fins a comptes, es poden generar les dades necess\u00e0ries per generar reports en temps r\u00e8cord. Amb aix\u00f2, podeu mantenir tota la informaci\u00f3 en una sola plataforma, exercir control sobre l&#039;accessibilitat i mantenir la privadesa i el secret de tota la informaci\u00f3 organitzacional.<\/p>\n\n\n\n<p>D&#039;altra banda, els programes de comptabilitat i n\u00f2mines tamb\u00e9 tenen funcions que faciliten el dia a dia empresarial, per exemple, els recordatoris que asseguren estar al dia amb els pagaments d&#039;empleats, dates l\u00edmit de projectes o presentaci\u00f3 d&#039;impostos corporatius, aconseguint acabar totes les tasques sense enfrontar-se a les mol\u00e8sties d&#039;\u00faltim moment.<\/p>\n\n\n\n<p>El m\u00e9s important a l&#039;hora d&#039;escollir entre els programes de comptabilitat i n\u00f2mines \u00e9s que s&#039;estudi\u00efn les opcions que brinden i que poden ajudar en el proc\u00e9s de planificaci\u00f3 estrat\u00e8gica i la presa de decisions a l&#039;organitzaci\u00f3. Aquests programes ens ajudaran a tenir a disposici\u00f3 informaci\u00f3 vitar que ajuda a gestionar un negoci de manera efectiva i finalitzar decisions, ajudant amb prediccions de despeses futures de n\u00f2mina, objectius i en general una millor organitzaci\u00f3 a llarg termini.<\/p>","protected":false},"excerpt":{"rendered":"<p>Los programas de contabilidad y n\u00f3minas son ideales para peque\u00f1as y medianas empresas. Es ideal contar con una herramienta que ayude en el procesamiento de n\u00f3mina que sea efectivo, elimine errores y permita tener la informaci\u00f3n m\u00e1s actualizada. El tener en un programa integrado las funciones de n\u00f3mina y contabilidad es siempre la mejor opci\u00f3n&#8230;.<\/p>","protected":false},"author":4,"featured_media":0,"parent":10172,"menu_order":0,"comment_status":"closed","ping_status":"closed","template":"page-landing-moduls.php","meta":{"_acf_changed":false,"_kad_blocks_custom_css":"","_kad_blocks_head_custom_js":"","_kad_blocks_body_custom_js":"","_kad_blocks_footer_custom_js":"","_kad_post_transparent":"","_kad_post_title":"","_kad_post_layout":"","_kad_post_sidebar_id":"","_kad_post_content_style":"","_kad_post_vertical_padding":"","_kad_post_feature":"","_kad_post_feature_position":"","_kad_post_header":false,"_kad_post_footer":false,"_kad_post_classname":"","footnotes":""},"class_list":["post-21271","page","type-page","status-publish","hentry"],"acf":[],"yoast_head":"<!-- This site is optimized with the Yoast SEO plugin v27.4 - https:\/\/yoast.com\/product\/yoast-seo-wordpress\/ -->\n<title>Programas de contabilidad y n\u00f3minas - Apen Inform\u00e1tica<\/title>\n<meta name=\"description\" content=\"Los programas de contabilidad y n\u00f3minas son ideales para peque\u00f1as y medianas empresas. Es ideal contar con una herramienta que ayude en el procesamiento\" \/>\n<meta name=\"robots\" content=\"index, follow, max-snippet:-1, max-image-preview:large, max-video-preview:-1\" \/>\n<link rel=\"canonical\" href=\"https:\/\/www.apen.es\/ca\/programari-de-gestio\/a3erp-comptabilitat\/programes-de-comptabilitat-i-nomines\/\" \/>\n<meta property=\"og:locale\" content=\"ca_ES\" \/>\n<meta property=\"og:type\" content=\"article\" \/>\n<meta property=\"og:title\" content=\"Programas de contabilidad y n\u00f3minas - Apen Inform\u00e1tica\" \/>\n<meta property=\"og:description\" content=\"Los programas de contabilidad y n\u00f3minas son ideales para peque\u00f1as y medianas empresas. Es ideal contar con una herramienta que ayude en el procesamiento\" \/>\n<meta property=\"og:url\" content=\"https:\/\/www.apen.es\/ca\/programari-de-gestio\/a3erp-comptabilitat\/programes-de-comptabilitat-i-nomines\/\" \/>\n<meta property=\"og:site_name\" content=\"Apen Inform\u00e1tica\" \/>\n<meta property=\"article:publisher\" content=\"https:\/\/www.facebook.com\/apensolucions\" \/>\n<meta property=\"article:modified_time\" content=\"2025-07-08T10:37:28+00:00\" \/>\n<meta property=\"og:image\" content=\"https:\/\/www.apen.es\/wp-content\/uploads\/2016\/05\/logo-apen-231x82-trasparent.png\" \/>\n\t<meta property=\"og:image:width\" content=\"231\" \/>\n\t<meta property=\"og:image:height\" content=\"82\" \/>\n\t<meta property=\"og:image:type\" content=\"image\/png\" \/>\n<meta name=\"twitter:card\" content=\"summary_large_image\" \/>\n<meta name=\"twitter:label1\" content=\"Temps estimat de lectura\" \/>\n\t<meta name=\"twitter:data1\" content=\"3 minuts\" \/>\n<script type=\"application\/ld+json\" class=\"yoast-schema-graph\">{\"@context\":\"https:\\\/\\\/schema.org\",\"@graph\":[{\"@type\":\"WebPage\",\"@id\":\"https:\\\/\\\/www.apen.es\\\/software-de-gestion\\\/a3erp-contabilidad\\\/programas-de-contabilidad-y-nominas\\\/\",\"url\":\"https:\\\/\\\/www.apen.es\\\/software-de-gestion\\\/a3erp-contabilidad\\\/programas-de-contabilidad-y-nominas\\\/\",\"name\":\"Programas de contabilidad y n\u00f3minas - Apen Inform\u00e1tica\",\"isPartOf\":{\"@id\":\"https:\\\/\\\/www.apen.es\\\/#website\"},\"datePublished\":\"2020-12-21T09:02:14+00:00\",\"dateModified\":\"2025-07-08T10:37:28+00:00\",\"description\":\"Los programas de contabilidad y n\u00f3minas son ideales para peque\u00f1as y medianas empresas. Es ideal contar con una herramienta que ayude en el procesamiento\",\"breadcrumb\":{\"@id\":\"https:\\\/\\\/www.apen.es\\\/software-de-gestion\\\/a3erp-contabilidad\\\/programas-de-contabilidad-y-nominas\\\/#breadcrumb\"},\"inLanguage\":\"ca\",\"potentialAction\":[{\"@type\":\"ReadAction\",\"target\":[\"https:\\\/\\\/www.apen.es\\\/software-de-gestion\\\/a3erp-contabilidad\\\/programas-de-contabilidad-y-nominas\\\/\"]}]},{\"@type\":\"BreadcrumbList\",\"@id\":\"https:\\\/\\\/www.apen.es\\\/software-de-gestion\\\/a3erp-contabilidad\\\/programas-de-contabilidad-y-nominas\\\/#breadcrumb\",\"itemListElement\":[{\"@type\":\"ListItem\",\"position\":1,\"name\":\"Portada\",\"item\":\"https:\\\/\\\/www.apen.es\\\/\"},{\"@type\":\"ListItem\",\"position\":2,\"name\":\"Software de gesti\u00f3n a3ERP\",\"item\":\"https:\\\/\\\/www.apen.es\\\/software-de-gestion\\\/\"},{\"@type\":\"ListItem\",\"position\":3,\"name\":\"a3erp contabilidad\",\"item\":\"https:\\\/\\\/www.apen.es\\\/software-de-gestion\\\/a3erp-contabilidad\\\/\"},{\"@type\":\"ListItem\",\"position\":4,\"name\":\"Programas de contabilidad y n\u00f3minas\"}]},{\"@type\":\"WebSite\",\"@id\":\"https:\\\/\\\/www.apen.es\\\/#website\",\"url\":\"https:\\\/\\\/www.apen.es\\\/\",\"name\":\"Apen Inform\u00e1tica\",\"description\":\"Mantenimiento Inform\u00e1tico , Software de Gesti\u00f3n, Soluciones de impresi\u00f3n\",\"publisher\":{\"@id\":\"https:\\\/\\\/www.apen.es\\\/#organization\"},\"potentialAction\":[{\"@type\":\"SearchAction\",\"target\":{\"@type\":\"EntryPoint\",\"urlTemplate\":\"https:\\\/\\\/www.apen.es\\\/?s={search_term_string}\"},\"query-input\":{\"@type\":\"PropertyValueSpecification\",\"valueRequired\":true,\"valueName\":\"search_term_string\"}}],\"inLanguage\":\"ca\"},{\"@type\":\"Organization\",\"@id\":\"https:\\\/\\\/www.apen.es\\\/#organization\",\"name\":\"Apen: Soluciones inform\u00e1ticas\",\"url\":\"https:\\\/\\\/www.apen.es\\\/\",\"logo\":{\"@type\":\"ImageObject\",\"inLanguage\":\"ca\",\"@id\":\"https:\\\/\\\/www.apen.es\\\/#\\\/schema\\\/logo\\\/image\\\/\",\"url\":\"https:\\\/\\\/www.apen.es\\\/wp-content\\\/uploads\\\/2022\\\/08\\\/logo-apenok-231x82-1.png\",\"contentUrl\":\"https:\\\/\\\/www.apen.es\\\/wp-content\\\/uploads\\\/2022\\\/08\\\/logo-apenok-231x82-1.png\",\"width\":231,\"height\":82,\"caption\":\"Apen: Soluciones inform\u00e1ticas\"},\"image\":{\"@id\":\"https:\\\/\\\/www.apen.es\\\/#\\\/schema\\\/logo\\\/image\\\/\"},\"sameAs\":[\"https:\\\/\\\/www.facebook.com\\\/apensolucions\",\"https:\\\/\\\/www.youtube.com\\\/user\\\/ApenCentreInformatic\",\"https:\\\/\\\/www.linkedin.com\\\/company\\\/1021771?trk=tyah&trkInfo=clickedVerticalcompanyclickedEntityId1021771idx2-1-2tarId1464195271196tasapenin\"]}]}<\/script>\n<!-- \/ Yoast SEO plugin. -->","yoast_head_json":{"title":"Programes de comptabilitat i n\u00f2mines - Apen Inform\u00e0tica","description":"Els programes de comptabilitat i n\u00f2mines s\u00f3n ideals per a petites i mitjanes empreses. \u00c9s ideal comptar amb una eina que ajudi en el processament","robots":{"index":"index","follow":"follow","max-snippet":"max-snippet:-1","max-image-preview":"max-image-preview:large","max-video-preview":"max-video-preview:-1"},"canonical":"https:\/\/www.apen.es\/ca\/programari-de-gestio\/a3erp-comptabilitat\/programes-de-comptabilitat-i-nomines\/","og_locale":"ca_ES","og_type":"article","og_title":"Programas de contabilidad y n\u00f3minas - Apen Inform\u00e1tica","og_description":"Los programas de contabilidad y n\u00f3minas son ideales para peque\u00f1as y medianas empresas. Es ideal contar con una herramienta que ayude en el procesamiento","og_url":"https:\/\/www.apen.es\/ca\/programari-de-gestio\/a3erp-comptabilitat\/programes-de-comptabilitat-i-nomines\/","og_site_name":"Apen Inform\u00e1tica","article_publisher":"https:\/\/www.facebook.com\/apensolucions","article_modified_time":"2025-07-08T10:37:28+00:00","og_image":[{"width":231,"height":82,"url":"https:\/\/www.apen.es\/wp-content\/uploads\/2016\/05\/logo-apen-231x82-trasparent.png","type":"image\/png"}],"twitter_card":"summary_large_image","twitter_misc":{"Temps estimat de lectura":"3 minuts"},"schema":{"@context":"https:\/\/schema.org","@graph":[{"@type":"WebPage","@id":"https:\/\/www.apen.es\/software-de-gestion\/a3erp-contabilidad\/programas-de-contabilidad-y-nominas\/","url":"https:\/\/www.apen.es\/software-de-gestion\/a3erp-contabilidad\/programas-de-contabilidad-y-nominas\/","name":"Programes de comptabilitat i n\u00f2mines - Apen Inform\u00e0tica","isPartOf":{"@id":"https:\/\/www.apen.es\/#website"},"datePublished":"2020-12-21T09:02:14+00:00","dateModified":"2025-07-08T10:37:28+00:00","description":"Els programes de comptabilitat i n\u00f2mines s\u00f3n ideals per a petites i mitjanes empreses. \u00c9s ideal comptar amb una eina que ajudi en el processament","breadcrumb":{"@id":"https:\/\/www.apen.es\/software-de-gestion\/a3erp-contabilidad\/programas-de-contabilidad-y-nominas\/#breadcrumb"},"inLanguage":"ca","potentialAction":[{"@type":"ReadAction","target":["https:\/\/www.apen.es\/software-de-gestion\/a3erp-contabilidad\/programas-de-contabilidad-y-nominas\/"]}]},{"@type":"BreadcrumbList","@id":"https:\/\/www.apen.es\/software-de-gestion\/a3erp-contabilidad\/programas-de-contabilidad-y-nominas\/#breadcrumb","itemListElement":[{"@type":"ListItem","position":1,"name":"Portada","item":"https:\/\/www.apen.es\/"},{"@type":"ListItem","position":2,"name":"Software de gesti\u00f3n a3ERP","item":"https:\/\/www.apen.es\/software-de-gestion\/"},{"@type":"ListItem","position":3,"name":"a3erp contabilidad","item":"https:\/\/www.apen.es\/software-de-gestion\/a3erp-contabilidad\/"},{"@type":"ListItem","position":4,"name":"Programas de contabilidad y n\u00f3minas"}]},{"@type":"WebSite","@id":"https:\/\/www.apen.es\/#website","url":"https:\/\/www.apen.es\/","name":"Apen Inform\u00e0tica","description":"Manteniment inform\u00e0tic , programari de gesti\u00f3, solucions d&#039;impressi\u00f3","publisher":{"@id":"https:\/\/www.apen.es\/#organization"},"potentialAction":[{"@type":"SearchAction","target":{"@type":"EntryPoint","urlTemplate":"https:\/\/www.apen.es\/?s={search_term_string}"},"query-input":{"@type":"PropertyValueSpecification","valueRequired":true,"valueName":"search_term_string"}}],"inLanguage":"ca"},{"@type":"Organization","@id":"https:\/\/www.apen.es\/#organization","name":"Apen: Solucions inform\u00e0tiques","url":"https:\/\/www.apen.es\/","logo":{"@type":"ImageObject","inLanguage":"ca","@id":"https:\/\/www.apen.es\/#\/schema\/logo\/image\/","url":"https:\/\/www.apen.es\/wp-content\/uploads\/2022\/08\/logo-apenok-231x82-1.png","contentUrl":"https:\/\/www.apen.es\/wp-content\/uploads\/2022\/08\/logo-apenok-231x82-1.png","width":231,"height":82,"caption":"Apen: Soluciones inform\u00e1ticas"},"image":{"@id":"https:\/\/www.apen.es\/#\/schema\/logo\/image\/"},"sameAs":["https:\/\/www.facebook.com\/apensolucions","https:\/\/www.youtube.com\/user\/ApenCentreInformatic","https:\/\/www.linkedin.com\/company\/1021771?trk=tyah&trkInfo=clickedVerticalcompanyclickedEntityId1021771idx2-1-2tarId1464195271196tasapenin"]}]}},"taxonomy_info":[],"featured_image_src_large":false,"author_info":{"display_name":"marqueting","author_link":"https:\/\/www.apen.es\/ca\/blog\/author\/marqueting\/"},"comment_info":0,"_links":{"self":[{"href":"https:\/\/www.apen.es\/ca\/wp-json\/wp\/v2\/pages\/21271","targetHints":{"allow":["GET"]}}],"collection":[{"href":"https:\/\/www.apen.es\/ca\/wp-json\/wp\/v2\/pages"}],"about":[{"href":"https:\/\/www.apen.es\/ca\/wp-json\/wp\/v2\/types\/page"}],"author":[{"embeddable":true,"href":"https:\/\/www.apen.es\/ca\/wp-json\/wp\/v2\/users\/4"}],"replies":[{"embeddable":true,"href":"https:\/\/www.apen.es\/ca\/wp-json\/wp\/v2\/comments?post=21271"}],"version-history":[{"count":1,"href":"https:\/\/www.apen.es\/ca\/wp-json\/wp\/v2\/pages\/21271\/revisions"}],"predecessor-version":[{"id":55837,"href":"https:\/\/www.apen.es\/ca\/wp-json\/wp\/v2\/pages\/21271\/revisions\/55837"}],"up":[{"embeddable":true,"href":"https:\/\/www.apen.es\/ca\/wp-json\/wp\/v2\/pages\/10172"}],"wp:attachment":[{"href":"https:\/\/www.apen.es\/ca\/wp-json\/wp\/v2\/media?parent=21271"}],"curies":[{"name":"wp","href":"https:\/\/api.w.org\/{rel}","templated":true}]}}