{"id":21265,"date":"2020-12-21T08:58:25","date_gmt":"2020-12-21T08:58:25","guid":{"rendered":"https:\/\/www.apen.es\/?page_id=21265"},"modified":"2025-07-08T10:26:40","modified_gmt":"2025-07-08T10:26:40","slug":"programa-de-comptabilitat-a3","status":"publish","type":"page","link":"https:\/\/www.apen.es\/ca\/programari-de-gestio\/a3erp-comptabilitat\/programa-de-comptabilitat-a3\/","title":{"rendered":"Programa de comptabilitat a3"},"content":{"rendered":"<p>El programa a3 \u00e9s un programari de comptabilitat que es pot adaptar a cada empresa per facilitar-ne les tasques. Aquest programari serveix per agilitzar els processos financers de les empreses. Realitza un seguiment de vendes, compres i transaccions amb una interf\u00edcie simple i f\u00e0cil de fer servir.<\/p>\n\n\n\n<p>La comptabilitat \u00e9s la part crucial de qualsevol negoci comercial; per tant, tota empresa requereix un comptador o un programari de comptabilitat simple per administrar el negoci de manera efectiva. El programa a3 \u00e9s f\u00e0cil dutilitzar per mantenir el registre de tota la informaci\u00f3, a m\u00e9s dajudar les empreses a complir amb les seves obligacions fiscals amb \u00e8xit.<\/p>\n\n\n\n<p>A m\u00e9s, el programa a3 ens permet fer un seguiment de l&#039;\u00e8xit del negoci. Permet als usuaris emmagatzemar tota la informaci\u00f3 que ofereix una imatge clara de la salut financera de l&#039;empresa. El programari pot administrar f\u00e0cilment la comptabilitat i permet monitoritzar els costos i els ingressos per maximitzar els marges de guany. Amb aquesta eina, es poden realitzar les tasques de comptabilitat de forma r\u00e0pida i senzilla, per la qual cosa \u00e9s ideal per a petites i mitjanes empreses ja que els directius poden administrar i monitoritzar el negoci de manera efectiva.<\/p>\n\n\n\n<p>Que el programa a3 permeti fer tasques de comptabilitat r\u00e0pidament, estalvia temps i diners, a m\u00e9s permet una gesti\u00f3 eficient de la informaci\u00f3 i les finances de forma senzilla. Per exemple, s&#039;encarrega de totes les tasques de cobraments i pagaments, conciliaci\u00f3 banc\u00e0ria, gesti\u00f3 d&#039;immobilitzat, devolucions, entre d&#039;altres. A m\u00e9s, permet generar informes que mostren l&#039;estat financer general de l&#039;empresa i proporcionar informes de seguiment d&#039;auditoria. Comptar com una eina com el programa a3 brinda informaci\u00f3 sobre l&#039;exercici financer general de l&#039;empresa, maneja tots els aspectes financers de l&#039;empresa i mant\u00e9 el registre de les transaccions comercials. Administra el llibre major, els comptes per cobrar i els comptes per pagar. A m\u00e9s, permet fer un seguiment del flux de caixa, els ingressos i les despeses.<\/p>\n\n\n\n<p>Un dels beneficis m\u00e9s grans del programa a3 \u00e9s el gran grau de precisi\u00f3 i velocitat en l&#039;an\u00e0lisi de les dades, a m\u00e9s de proporcionar informaci\u00f3 en temps real, cosa que ajuda a optimitzar totes les transaccions comercials.<\/p>\n\n\n\n<p>El programa a3 s&#039;adapta a les necessitats i les dimensions de les empreses, millora l&#039;anal\u00edtica de tota la informaci\u00f3, el control de risc i la tresoreria. A m\u00e9s, genera els principals models obligatoris com IVA, IRPF, IGIC i impostos especials, per poder-los presentar telem\u00e0ticament.<\/p>\n\n\n\n<p>No dubteu a posar-vos en contactes amb nosaltres per brindar-vos tota la informaci\u00f3 sobre el programa a3, resoldre totes les vostres preguntes i presentar-vos un pla que s&#039;adapti a les vostres necessitats i pressupost. La nostra prioritat \u00e9s resoldre les vostres necessitats, aix\u00ed que no dubteu contactar-nos per presentar-vos la resposta ideal per al vostre negoci i ajudar-vos en el vostre desenvolupament.<\/p>","protected":false},"excerpt":{"rendered":"<p>El programa a3 es un software de contabilidad que se puede adaptar a cada empresa para facilitar sus tareas. Este software sirve para agilizar los procesos financieros de las empresas. Realiza un seguimiento de ventas, compras y transacciones con una interfaz simple y f\u00e1cil de usar. La contabilidad es la parte crucial de cualquier negocio&#8230;<\/p>","protected":false},"author":4,"featured_media":0,"parent":10172,"menu_order":0,"comment_status":"closed","ping_status":"closed","template":"page-landing-moduls.php","meta":{"_acf_changed":false,"_kad_blocks_custom_css":"","_kad_blocks_head_custom_js":"","_kad_blocks_body_custom_js":"","_kad_blocks_footer_custom_js":"","_kad_post_transparent":"","_kad_post_title":"","_kad_post_layout":"","_kad_post_sidebar_id":"","_kad_post_content_style":"","_kad_post_vertical_padding":"","_kad_post_feature":"","_kad_post_feature_position":"","_kad_post_header":false,"_kad_post_footer":false,"_kad_post_classname":"","footnotes":""},"class_list":["post-21265","page","type-page","status-publish","hentry"],"acf":[],"yoast_head":"<!-- This site is optimized with the Yoast SEO plugin v27.4 - https:\/\/yoast.com\/product\/yoast-seo-wordpress\/ -->\n<title>Programa de contabilidad a3 - Apen Inform\u00e1tica<\/title>\n<meta name=\"description\" content=\"Software ideal para la contabilidad. Obt\u00e9n al momento una visi\u00f3n clara del estado contable de tu negocio con un cuadro de mandos personalizable .\" \/>\n<meta name=\"robots\" content=\"index, follow, max-snippet:-1, max-image-preview:large, max-video-preview:-1\" \/>\n<link rel=\"canonical\" href=\"https:\/\/www.apen.es\/ca\/programari-de-gestio\/a3erp-comptabilitat\/programa-de-comptabilitat-a3\/\" \/>\n<meta property=\"og:locale\" content=\"ca_ES\" \/>\n<meta property=\"og:type\" content=\"article\" \/>\n<meta property=\"og:title\" content=\"Programa de contabilidad a3 - Apen Inform\u00e1tica\" \/>\n<meta property=\"og:description\" content=\"Software ideal para la contabilidad. Obt\u00e9n al momento una visi\u00f3n clara del estado contable de tu negocio con un cuadro de mandos personalizable .\" \/>\n<meta property=\"og:url\" content=\"https:\/\/www.apen.es\/ca\/programari-de-gestio\/a3erp-comptabilitat\/programa-de-comptabilitat-a3\/\" \/>\n<meta property=\"og:site_name\" content=\"Apen Inform\u00e1tica\" \/>\n<meta property=\"article:publisher\" content=\"https:\/\/www.facebook.com\/apensolucions\" \/>\n<meta property=\"article:modified_time\" content=\"2025-07-08T10:26:40+00:00\" \/>\n<meta property=\"og:image\" content=\"https:\/\/www.apen.es\/wp-content\/uploads\/2016\/05\/logo-apen-231x82-trasparent.png\" \/>\n\t<meta property=\"og:image:width\" content=\"231\" \/>\n\t<meta property=\"og:image:height\" content=\"82\" \/>\n\t<meta property=\"og:image:type\" content=\"image\/png\" \/>\n<meta name=\"twitter:card\" content=\"summary_large_image\" \/>\n<meta name=\"twitter:label1\" content=\"Temps estimat de lectura\" \/>\n\t<meta name=\"twitter:data1\" content=\"5 minuts\" \/>\n<script type=\"application\/ld+json\" class=\"yoast-schema-graph\">{\"@context\":\"https:\\\/\\\/schema.org\",\"@graph\":[{\"@type\":\"WebPage\",\"@id\":\"https:\\\/\\\/www.apen.es\\\/software-de-gestion\\\/a3erp-contabilidad\\\/programa-de-contabilidad-a3\\\/\",\"url\":\"https:\\\/\\\/www.apen.es\\\/software-de-gestion\\\/a3erp-contabilidad\\\/programa-de-contabilidad-a3\\\/\",\"name\":\"Programa de contabilidad a3 - Apen Inform\u00e1tica\",\"isPartOf\":{\"@id\":\"https:\\\/\\\/www.apen.es\\\/#website\"},\"datePublished\":\"2020-12-21T08:58:25+00:00\",\"dateModified\":\"2025-07-08T10:26:40+00:00\",\"description\":\"Software ideal para la contabilidad. Obt\u00e9n al momento una visi\u00f3n clara del estado contable de tu negocio con un cuadro de mandos personalizable .\",\"breadcrumb\":{\"@id\":\"https:\\\/\\\/www.apen.es\\\/software-de-gestion\\\/a3erp-contabilidad\\\/programa-de-contabilidad-a3\\\/#breadcrumb\"},\"inLanguage\":\"ca\",\"potentialAction\":[{\"@type\":\"ReadAction\",\"target\":[\"https:\\\/\\\/www.apen.es\\\/software-de-gestion\\\/a3erp-contabilidad\\\/programa-de-contabilidad-a3\\\/\"]}]},{\"@type\":\"BreadcrumbList\",\"@id\":\"https:\\\/\\\/www.apen.es\\\/software-de-gestion\\\/a3erp-contabilidad\\\/programa-de-contabilidad-a3\\\/#breadcrumb\",\"itemListElement\":[{\"@type\":\"ListItem\",\"position\":1,\"name\":\"Portada\",\"item\":\"https:\\\/\\\/www.apen.es\\\/\"},{\"@type\":\"ListItem\",\"position\":2,\"name\":\"Software de gesti\u00f3n a3ERP\",\"item\":\"https:\\\/\\\/www.apen.es\\\/software-de-gestion\\\/\"},{\"@type\":\"ListItem\",\"position\":3,\"name\":\"a3erp contabilidad\",\"item\":\"https:\\\/\\\/www.apen.es\\\/software-de-gestion\\\/a3erp-contabilidad\\\/\"},{\"@type\":\"ListItem\",\"position\":4,\"name\":\"Programa de contabilidad a3\"}]},{\"@type\":\"WebSite\",\"@id\":\"https:\\\/\\\/www.apen.es\\\/#website\",\"url\":\"https:\\\/\\\/www.apen.es\\\/\",\"name\":\"Apen Inform\u00e1tica\",\"description\":\"Mantenimiento Inform\u00e1tico , Software de Gesti\u00f3n, Soluciones de impresi\u00f3n\",\"publisher\":{\"@id\":\"https:\\\/\\\/www.apen.es\\\/#organization\"},\"potentialAction\":[{\"@type\":\"SearchAction\",\"target\":{\"@type\":\"EntryPoint\",\"urlTemplate\":\"https:\\\/\\\/www.apen.es\\\/?s={search_term_string}\"},\"query-input\":{\"@type\":\"PropertyValueSpecification\",\"valueRequired\":true,\"valueName\":\"search_term_string\"}}],\"inLanguage\":\"ca\"},{\"@type\":\"Organization\",\"@id\":\"https:\\\/\\\/www.apen.es\\\/#organization\",\"name\":\"Apen: Soluciones inform\u00e1ticas\",\"url\":\"https:\\\/\\\/www.apen.es\\\/\",\"logo\":{\"@type\":\"ImageObject\",\"inLanguage\":\"ca\",\"@id\":\"https:\\\/\\\/www.apen.es\\\/#\\\/schema\\\/logo\\\/image\\\/\",\"url\":\"https:\\\/\\\/www.apen.es\\\/wp-content\\\/uploads\\\/2022\\\/08\\\/logo-apenok-231x82-1.png\",\"contentUrl\":\"https:\\\/\\\/www.apen.es\\\/wp-content\\\/uploads\\\/2022\\\/08\\\/logo-apenok-231x82-1.png\",\"width\":231,\"height\":82,\"caption\":\"Apen: Soluciones inform\u00e1ticas\"},\"image\":{\"@id\":\"https:\\\/\\\/www.apen.es\\\/#\\\/schema\\\/logo\\\/image\\\/\"},\"sameAs\":[\"https:\\\/\\\/www.facebook.com\\\/apensolucions\",\"https:\\\/\\\/www.youtube.com\\\/user\\\/ApenCentreInformatic\",\"https:\\\/\\\/www.linkedin.com\\\/company\\\/1021771?trk=tyah&trkInfo=clickedVerticalcompanyclickedEntityId1021771idx2-1-2tarId1464195271196tasapenin\"]}]}<\/script>\n<!-- \/ Yoast SEO plugin. -->","yoast_head_json":{"title":"Programa de comptabilitat a3 - Apen Inform\u00e0tica","description":"Programari ideal per a la comptabilitat. Obt\u00e9 al moment una visi\u00f3 clara de l&#039;estat comptable del teu negoci amb un quadre de comandament personalitzable. .","robots":{"index":"index","follow":"follow","max-snippet":"max-snippet:-1","max-image-preview":"max-image-preview:large","max-video-preview":"max-video-preview:-1"},"canonical":"https:\/\/www.apen.es\/ca\/programari-de-gestio\/a3erp-comptabilitat\/programa-de-comptabilitat-a3\/","og_locale":"ca_ES","og_type":"article","og_title":"Programa de contabilidad a3 - Apen Inform\u00e1tica","og_description":"Software ideal para la contabilidad. Obt\u00e9n al momento una visi\u00f3n clara del estado contable de tu negocio con un cuadro de mandos personalizable .","og_url":"https:\/\/www.apen.es\/ca\/programari-de-gestio\/a3erp-comptabilitat\/programa-de-comptabilitat-a3\/","og_site_name":"Apen Inform\u00e1tica","article_publisher":"https:\/\/www.facebook.com\/apensolucions","article_modified_time":"2025-07-08T10:26:40+00:00","og_image":[{"width":231,"height":82,"url":"https:\/\/www.apen.es\/wp-content\/uploads\/2016\/05\/logo-apen-231x82-trasparent.png","type":"image\/png"}],"twitter_card":"summary_large_image","twitter_misc":{"Temps estimat de lectura":"5 minuts"},"schema":{"@context":"https:\/\/schema.org","@graph":[{"@type":"WebPage","@id":"https:\/\/www.apen.es\/software-de-gestion\/a3erp-contabilidad\/programa-de-contabilidad-a3\/","url":"https:\/\/www.apen.es\/software-de-gestion\/a3erp-contabilidad\/programa-de-contabilidad-a3\/","name":"Programa de comptabilitat a3 - Apen Inform\u00e0tica","isPartOf":{"@id":"https:\/\/www.apen.es\/#website"},"datePublished":"2020-12-21T08:58:25+00:00","dateModified":"2025-07-08T10:26:40+00:00","description":"Programari ideal per a la comptabilitat. Obt\u00e9 al moment una visi\u00f3 clara de l&#039;estat comptable del teu negoci amb un quadre de comandament personalitzable. .","breadcrumb":{"@id":"https:\/\/www.apen.es\/software-de-gestion\/a3erp-contabilidad\/programa-de-contabilidad-a3\/#breadcrumb"},"inLanguage":"ca","potentialAction":[{"@type":"ReadAction","target":["https:\/\/www.apen.es\/software-de-gestion\/a3erp-contabilidad\/programa-de-contabilidad-a3\/"]}]},{"@type":"BreadcrumbList","@id":"https:\/\/www.apen.es\/software-de-gestion\/a3erp-contabilidad\/programa-de-contabilidad-a3\/#breadcrumb","itemListElement":[{"@type":"ListItem","position":1,"name":"Portada","item":"https:\/\/www.apen.es\/"},{"@type":"ListItem","position":2,"name":"Software de gesti\u00f3n a3ERP","item":"https:\/\/www.apen.es\/software-de-gestion\/"},{"@type":"ListItem","position":3,"name":"a3erp contabilidad","item":"https:\/\/www.apen.es\/software-de-gestion\/a3erp-contabilidad\/"},{"@type":"ListItem","position":4,"name":"Programa de contabilidad a3"}]},{"@type":"WebSite","@id":"https:\/\/www.apen.es\/#website","url":"https:\/\/www.apen.es\/","name":"Apen Inform\u00e0tica","description":"Manteniment inform\u00e0tic , programari de gesti\u00f3, solucions d&#039;impressi\u00f3","publisher":{"@id":"https:\/\/www.apen.es\/#organization"},"potentialAction":[{"@type":"SearchAction","target":{"@type":"EntryPoint","urlTemplate":"https:\/\/www.apen.es\/?s={search_term_string}"},"query-input":{"@type":"PropertyValueSpecification","valueRequired":true,"valueName":"search_term_string"}}],"inLanguage":"ca"},{"@type":"Organization","@id":"https:\/\/www.apen.es\/#organization","name":"Apen: Solucions inform\u00e0tiques","url":"https:\/\/www.apen.es\/","logo":{"@type":"ImageObject","inLanguage":"ca","@id":"https:\/\/www.apen.es\/#\/schema\/logo\/image\/","url":"https:\/\/www.apen.es\/wp-content\/uploads\/2022\/08\/logo-apenok-231x82-1.png","contentUrl":"https:\/\/www.apen.es\/wp-content\/uploads\/2022\/08\/logo-apenok-231x82-1.png","width":231,"height":82,"caption":"Apen: Soluciones inform\u00e1ticas"},"image":{"@id":"https:\/\/www.apen.es\/#\/schema\/logo\/image\/"},"sameAs":["https:\/\/www.facebook.com\/apensolucions","https:\/\/www.youtube.com\/user\/ApenCentreInformatic","https:\/\/www.linkedin.com\/company\/1021771?trk=tyah&trkInfo=clickedVerticalcompanyclickedEntityId1021771idx2-1-2tarId1464195271196tasapenin"]}]}},"taxonomy_info":[],"featured_image_src_large":false,"author_info":{"display_name":"marqueting","author_link":"https:\/\/www.apen.es\/ca\/blog\/author\/marqueting\/"},"comment_info":0,"_links":{"self":[{"href":"https:\/\/www.apen.es\/ca\/wp-json\/wp\/v2\/pages\/21265","targetHints":{"allow":["GET"]}}],"collection":[{"href":"https:\/\/www.apen.es\/ca\/wp-json\/wp\/v2\/pages"}],"about":[{"href":"https:\/\/www.apen.es\/ca\/wp-json\/wp\/v2\/types\/page"}],"author":[{"embeddable":true,"href":"https:\/\/www.apen.es\/ca\/wp-json\/wp\/v2\/users\/4"}],"replies":[{"embeddable":true,"href":"https:\/\/www.apen.es\/ca\/wp-json\/wp\/v2\/comments?post=21265"}],"version-history":[{"count":4,"href":"https:\/\/www.apen.es\/ca\/wp-json\/wp\/v2\/pages\/21265\/revisions"}],"predecessor-version":[{"id":55800,"href":"https:\/\/www.apen.es\/ca\/wp-json\/wp\/v2\/pages\/21265\/revisions\/55800"}],"up":[{"embeddable":true,"href":"https:\/\/www.apen.es\/ca\/wp-json\/wp\/v2\/pages\/10172"}],"wp:attachment":[{"href":"https:\/\/www.apen.es\/ca\/wp-json\/wp\/v2\/media?parent=21265"}],"curies":[{"name":"wp","href":"https:\/\/api.w.org\/{rel}","templated":true}]}}