{"id":21262,"date":"2020-12-21T08:56:45","date_gmt":"2020-12-21T08:56:45","guid":{"rendered":"https:\/\/www.apen.es\/?page_id=21262"},"modified":"2025-05-21T06:59:32","modified_gmt":"2025-05-21T06:59:32","slug":"programes-de-comptabilitat-per-a-autonoms","status":"publish","type":"page","link":"https:\/\/www.apen.es\/ca\/programari-de-gestio\/a3erp-comptabilitat\/programes-de-comptabilitat-per-a-autonoms\/","title":{"rendered":"Programes de comptabilitat per a aut\u00f2noms"},"content":{"rendered":"<p>S\u00f3n molts els professionals que decideixen establir els seus treballs de manera independent. Aix\u00f2 no obstant, aquests treballadors han d&#039;afegir a les seves responsabilitats la tasca de comptabilitat que inclou la tasca d&#039;impostos.<\/p>\n\n\n\n<p>Per aix\u00f2, la millor opci\u00f3 ser\u00e0 comptar amb programes de comptabilitat per a aut\u00f2noms que poden satisfer les necessitats de cadascun dels professionals. En general, tots els aut\u00f2noms tenen una cosa en com\u00fa: la necessitat de controlar molt b\u00e9 els euros que hi entren i, lamentablement, en surten. Tots necessiten algun tipus de seguiment d&#039;efectiu. Tamb\u00e9 necessiten ajuda per rastrejar i pagar els impostos. Aquestes solucions les tenen a la m\u00e0 als programes de comptabilitat per a aut\u00f2noms.<\/p>\n\n\n\n<p>Les necessitats dels aut\u00f2noms varien tant com els tipus de negocis que representen. Alguns volen una manera senzilla de fer un seguiment dels ingressos i les despeses. Altres necessiten la capacitat d&#039;enviar factures i de rebre i registrar pagaments. Alguns necessiten un servei de n\u00f2mina integrat, mentre que altres s\u00f3n botigues unipersonals. I els impostos, l&#039;inventari i els informes? Per aix\u00f2, cal cercar programes de comptabilitat per a aut\u00f2noms adequats a les necessitats de cada professional.<\/p>\n\n\n\n<p>Quan portes les tasques de finances manualment, ha de comprendre conceptes com d\u00e8bits, cr\u00e8dits i fer-ne seguiment als estatuts actius en mat\u00e8ries legals d&#039;impostos. Per\u00f2 totes les solucions es poden establir als programes de comptabilitat d&#039;aut\u00f2noms, dissenyats amb formularis, registres i transaccions, tot establert per a un \u00fas senzill.<\/p>\n\n\n\n<p>La idea \u00e9s que els programes de comptabilitat d&#039;aut\u00f2nom facin un seguiment dels seus ingressos, despeses i saldos gaireb\u00e9 en temps real, tot des d&#039;un plaf\u00f3 f\u00e0cil de seguir. Tenir aquesta imatge detallada del panorama financer complet els brinda als aut\u00f2noms l&#039;agilitat tan cr\u00edtica per a la seva superviv\u00e8ncia.<\/p>\n\n\n\n<p>Tots els serveis de programes de comptabilitat d&#039;aut\u00f2noms permeten crear factures, de vegades recurrents, fins i tot, i estimacions, i enviar-les als clients en l\u00ednia. De vegades, tamb\u00e9 podeu veure quan un client ha vist una factura, enviar recordatoris autom\u00e0ticament i avaluar les tarifes per mora. Si realitzeu una gran quantitat de facturaci\u00f3, podeu establir una interf\u00edcie de facturaci\u00f3 de qualsevol servei potencial \u00e0mpliament abans de comprometre&#039;s amb una. Tots estan dissenyats per ser utilitzats per persones que no s\u00f3n ni comptadors ni mags t\u00e8cnics, per la qual cosa s\u00f3n f\u00e0cils de manejar. Una de les millors maneres de millorar el flux de caixa \u00e9s acceptar targetes de d\u00e8bit i cr\u00e8dit i pagaments bancaris directes, de manera que els clients puguin pagar de manera instant\u00e0nia i convenient, encara que s&#039;apliquen tarifes de processament addicionals. Com m\u00e9s convenient sigui el pagament, m\u00e9s probable ser\u00e0 que el rebi a temps.<\/p>\n\n\n\n<p>Davant d&#039;aix\u00f2, oferim solucions de programes de comptabilitat d&#039;aut\u00f2noms, amb respostes dissenyades per a les necessitats de cada professional. Amb aix\u00f2, totes les tasques financeres estaran automatitzades i podran ser dutes a terme de manera senzilla i adequada.<\/p>","protected":false},"excerpt":{"rendered":"<p>Son muchos los profesionales que deciden establecer sus trabajos de forma independiente. Sin embargo, estos trabajadores deben a\u00f1adir a sus responsabilidades la tarea de contabilidad que incluye la tarea de impuestos. Por esto, la mejor opci\u00f3n ser\u00e1 contar con programas de contabilidad para aut\u00f3nomos que pueden satisfacer las necesidades de cada uno de los profesionales&#8230;.<\/p>","protected":false},"author":4,"featured_media":0,"parent":10172,"menu_order":0,"comment_status":"closed","ping_status":"closed","template":"page-landing-software.php","meta":{"_acf_changed":false,"_kad_blocks_custom_css":"","_kad_blocks_head_custom_js":"","_kad_blocks_body_custom_js":"","_kad_blocks_footer_custom_js":"","_kad_post_transparent":"","_kad_post_title":"","_kad_post_layout":"","_kad_post_sidebar_id":"","_kad_post_content_style":"","_kad_post_vertical_padding":"","_kad_post_feature":"","_kad_post_feature_position":"","_kad_post_header":false,"_kad_post_footer":false,"_kad_post_classname":"","footnotes":""},"class_list":["post-21262","page","type-page","status-publish","hentry"],"acf":[],"yoast_head":"<!-- This site is optimized with the Yoast SEO plugin v27.4 - https:\/\/yoast.com\/product\/yoast-seo-wordpress\/ -->\n<title>Programas de contabilidad para aut\u00f3nomos - Apen Inform\u00e1tica<\/title>\n<meta name=\"description\" content=\"Programa de contabilidad para aut\u00f3nomos. Agiliza tareas contables recurrentes: cobros y pagos, efectos, conciliaci\u00f3n bancaria\u2026\" \/>\n<meta name=\"robots\" content=\"index, follow, max-snippet:-1, max-image-preview:large, max-video-preview:-1\" \/>\n<link rel=\"canonical\" href=\"https:\/\/www.apen.es\/ca\/programari-de-gestio\/a3erp-comptabilitat\/programes-de-comptabilitat-per-a-autonoms\/\" \/>\n<meta property=\"og:locale\" content=\"ca_ES\" \/>\n<meta property=\"og:type\" content=\"article\" \/>\n<meta property=\"og:title\" content=\"Programas de contabilidad para aut\u00f3nomos - Apen Inform\u00e1tica\" \/>\n<meta property=\"og:description\" content=\"Programa de contabilidad para aut\u00f3nomos. Agiliza tareas contables recurrentes: cobros y pagos, efectos, conciliaci\u00f3n bancaria\u2026\" \/>\n<meta property=\"og:url\" content=\"https:\/\/www.apen.es\/ca\/programari-de-gestio\/a3erp-comptabilitat\/programes-de-comptabilitat-per-a-autonoms\/\" \/>\n<meta property=\"og:site_name\" content=\"Apen Inform\u00e1tica\" \/>\n<meta property=\"article:publisher\" content=\"https:\/\/www.facebook.com\/apensolucions\" \/>\n<meta property=\"article:modified_time\" content=\"2025-05-21T06:59:32+00:00\" \/>\n<meta property=\"og:image\" content=\"https:\/\/www.apen.es\/wp-content\/uploads\/2016\/05\/logo-apen-231x82-trasparent.png\" \/>\n\t<meta property=\"og:image:width\" content=\"231\" \/>\n\t<meta property=\"og:image:height\" content=\"82\" \/>\n\t<meta property=\"og:image:type\" content=\"image\/png\" \/>\n<meta name=\"twitter:card\" content=\"summary_large_image\" \/>\n<meta name=\"twitter:label1\" content=\"Temps estimat de lectura\" \/>\n\t<meta name=\"twitter:data1\" content=\"5 minuts\" \/>\n<script type=\"application\/ld+json\" class=\"yoast-schema-graph\">{\"@context\":\"https:\\\/\\\/schema.org\",\"@graph\":[{\"@type\":\"WebPage\",\"@id\":\"https:\\\/\\\/www.apen.es\\\/software-de-gestion\\\/a3erp-contabilidad\\\/programas-de-contabilidad-para-autonomos\\\/\",\"url\":\"https:\\\/\\\/www.apen.es\\\/software-de-gestion\\\/a3erp-contabilidad\\\/programas-de-contabilidad-para-autonomos\\\/\",\"name\":\"Programas de contabilidad para aut\u00f3nomos - Apen Inform\u00e1tica\",\"isPartOf\":{\"@id\":\"https:\\\/\\\/www.apen.es\\\/#website\"},\"datePublished\":\"2020-12-21T08:56:45+00:00\",\"dateModified\":\"2025-05-21T06:59:32+00:00\",\"description\":\"Programa de contabilidad para aut\u00f3nomos. Agiliza tareas contables recurrentes: cobros y pagos, efectos, conciliaci\u00f3n bancaria\u2026\",\"breadcrumb\":{\"@id\":\"https:\\\/\\\/www.apen.es\\\/software-de-gestion\\\/a3erp-contabilidad\\\/programas-de-contabilidad-para-autonomos\\\/#breadcrumb\"},\"inLanguage\":\"ca\",\"potentialAction\":[{\"@type\":\"ReadAction\",\"target\":[\"https:\\\/\\\/www.apen.es\\\/software-de-gestion\\\/a3erp-contabilidad\\\/programas-de-contabilidad-para-autonomos\\\/\"]}]},{\"@type\":\"BreadcrumbList\",\"@id\":\"https:\\\/\\\/www.apen.es\\\/software-de-gestion\\\/a3erp-contabilidad\\\/programas-de-contabilidad-para-autonomos\\\/#breadcrumb\",\"itemListElement\":[{\"@type\":\"ListItem\",\"position\":1,\"name\":\"Portada\",\"item\":\"https:\\\/\\\/www.apen.es\\\/\"},{\"@type\":\"ListItem\",\"position\":2,\"name\":\"Software de gesti\u00f3n a3ERP\",\"item\":\"https:\\\/\\\/www.apen.es\\\/software-de-gestion\\\/\"},{\"@type\":\"ListItem\",\"position\":3,\"name\":\"a3erp contabilidad\",\"item\":\"https:\\\/\\\/www.apen.es\\\/software-de-gestion\\\/a3erp-contabilidad\\\/\"},{\"@type\":\"ListItem\",\"position\":4,\"name\":\"Programas de contabilidad para aut\u00f3nomos\"}]},{\"@type\":\"WebSite\",\"@id\":\"https:\\\/\\\/www.apen.es\\\/#website\",\"url\":\"https:\\\/\\\/www.apen.es\\\/\",\"name\":\"Apen Inform\u00e1tica\",\"description\":\"Mantenimiento Inform\u00e1tico , Software de Gesti\u00f3n, Soluciones de impresi\u00f3n\",\"publisher\":{\"@id\":\"https:\\\/\\\/www.apen.es\\\/#organization\"},\"potentialAction\":[{\"@type\":\"SearchAction\",\"target\":{\"@type\":\"EntryPoint\",\"urlTemplate\":\"https:\\\/\\\/www.apen.es\\\/?s={search_term_string}\"},\"query-input\":{\"@type\":\"PropertyValueSpecification\",\"valueRequired\":true,\"valueName\":\"search_term_string\"}}],\"inLanguage\":\"ca\"},{\"@type\":\"Organization\",\"@id\":\"https:\\\/\\\/www.apen.es\\\/#organization\",\"name\":\"Apen: Soluciones inform\u00e1ticas\",\"url\":\"https:\\\/\\\/www.apen.es\\\/\",\"logo\":{\"@type\":\"ImageObject\",\"inLanguage\":\"ca\",\"@id\":\"https:\\\/\\\/www.apen.es\\\/#\\\/schema\\\/logo\\\/image\\\/\",\"url\":\"https:\\\/\\\/www.apen.es\\\/wp-content\\\/uploads\\\/2022\\\/08\\\/logo-apenok-231x82-1.png\",\"contentUrl\":\"https:\\\/\\\/www.apen.es\\\/wp-content\\\/uploads\\\/2022\\\/08\\\/logo-apenok-231x82-1.png\",\"width\":231,\"height\":82,\"caption\":\"Apen: Soluciones inform\u00e1ticas\"},\"image\":{\"@id\":\"https:\\\/\\\/www.apen.es\\\/#\\\/schema\\\/logo\\\/image\\\/\"},\"sameAs\":[\"https:\\\/\\\/www.facebook.com\\\/apensolucions\",\"https:\\\/\\\/www.youtube.com\\\/user\\\/ApenCentreInformatic\",\"https:\\\/\\\/www.linkedin.com\\\/company\\\/1021771?trk=tyah&trkInfo=clickedVerticalcompanyclickedEntityId1021771idx2-1-2tarId1464195271196tasapenin\"]}]}<\/script>\n<!-- \/ Yoast SEO plugin. -->","yoast_head_json":{"title":"Programes de comptabilitat per a aut\u00f2noms - Apen Inform\u00e0tica","description":"Programa de comptabilitat per a aut\u00f2noms. Agilitza tasques comptables recurrents: cobraments i pagaments, efectes, conciliaci\u00f3 banc\u00e0ria\u2026","robots":{"index":"index","follow":"follow","max-snippet":"max-snippet:-1","max-image-preview":"max-image-preview:large","max-video-preview":"max-video-preview:-1"},"canonical":"https:\/\/www.apen.es\/ca\/programari-de-gestio\/a3erp-comptabilitat\/programes-de-comptabilitat-per-a-autonoms\/","og_locale":"ca_ES","og_type":"article","og_title":"Programas de contabilidad para aut\u00f3nomos - Apen Inform\u00e1tica","og_description":"Programa de contabilidad para aut\u00f3nomos. Agiliza tareas contables recurrentes: cobros y pagos, efectos, conciliaci\u00f3n bancaria\u2026","og_url":"https:\/\/www.apen.es\/ca\/programari-de-gestio\/a3erp-comptabilitat\/programes-de-comptabilitat-per-a-autonoms\/","og_site_name":"Apen Inform\u00e1tica","article_publisher":"https:\/\/www.facebook.com\/apensolucions","article_modified_time":"2025-05-21T06:59:32+00:00","og_image":[{"width":231,"height":82,"url":"https:\/\/www.apen.es\/wp-content\/uploads\/2016\/05\/logo-apen-231x82-trasparent.png","type":"image\/png"}],"twitter_card":"summary_large_image","twitter_misc":{"Temps estimat de lectura":"5 minuts"},"schema":{"@context":"https:\/\/schema.org","@graph":[{"@type":"WebPage","@id":"https:\/\/www.apen.es\/software-de-gestion\/a3erp-contabilidad\/programas-de-contabilidad-para-autonomos\/","url":"https:\/\/www.apen.es\/software-de-gestion\/a3erp-contabilidad\/programas-de-contabilidad-para-autonomos\/","name":"Programes de comptabilitat per a aut\u00f2noms - Apen Inform\u00e0tica","isPartOf":{"@id":"https:\/\/www.apen.es\/#website"},"datePublished":"2020-12-21T08:56:45+00:00","dateModified":"2025-05-21T06:59:32+00:00","description":"Programa de comptabilitat per a aut\u00f2noms. Agilitza tasques comptables recurrents: cobraments i pagaments, efectes, conciliaci\u00f3 banc\u00e0ria\u2026","breadcrumb":{"@id":"https:\/\/www.apen.es\/software-de-gestion\/a3erp-contabilidad\/programas-de-contabilidad-para-autonomos\/#breadcrumb"},"inLanguage":"ca","potentialAction":[{"@type":"ReadAction","target":["https:\/\/www.apen.es\/software-de-gestion\/a3erp-contabilidad\/programas-de-contabilidad-para-autonomos\/"]}]},{"@type":"BreadcrumbList","@id":"https:\/\/www.apen.es\/software-de-gestion\/a3erp-contabilidad\/programas-de-contabilidad-para-autonomos\/#breadcrumb","itemListElement":[{"@type":"ListItem","position":1,"name":"Portada","item":"https:\/\/www.apen.es\/"},{"@type":"ListItem","position":2,"name":"Software de gesti\u00f3n a3ERP","item":"https:\/\/www.apen.es\/software-de-gestion\/"},{"@type":"ListItem","position":3,"name":"a3erp contabilidad","item":"https:\/\/www.apen.es\/software-de-gestion\/a3erp-contabilidad\/"},{"@type":"ListItem","position":4,"name":"Programas de contabilidad para aut\u00f3nomos"}]},{"@type":"WebSite","@id":"https:\/\/www.apen.es\/#website","url":"https:\/\/www.apen.es\/","name":"Apen Inform\u00e0tica","description":"Manteniment inform\u00e0tic , programari de gesti\u00f3, solucions d&#039;impressi\u00f3","publisher":{"@id":"https:\/\/www.apen.es\/#organization"},"potentialAction":[{"@type":"SearchAction","target":{"@type":"EntryPoint","urlTemplate":"https:\/\/www.apen.es\/?s={search_term_string}"},"query-input":{"@type":"PropertyValueSpecification","valueRequired":true,"valueName":"search_term_string"}}],"inLanguage":"ca"},{"@type":"Organization","@id":"https:\/\/www.apen.es\/#organization","name":"Apen: Solucions inform\u00e0tiques","url":"https:\/\/www.apen.es\/","logo":{"@type":"ImageObject","inLanguage":"ca","@id":"https:\/\/www.apen.es\/#\/schema\/logo\/image\/","url":"https:\/\/www.apen.es\/wp-content\/uploads\/2022\/08\/logo-apenok-231x82-1.png","contentUrl":"https:\/\/www.apen.es\/wp-content\/uploads\/2022\/08\/logo-apenok-231x82-1.png","width":231,"height":82,"caption":"Apen: Soluciones inform\u00e1ticas"},"image":{"@id":"https:\/\/www.apen.es\/#\/schema\/logo\/image\/"},"sameAs":["https:\/\/www.facebook.com\/apensolucions","https:\/\/www.youtube.com\/user\/ApenCentreInformatic","https:\/\/www.linkedin.com\/company\/1021771?trk=tyah&trkInfo=clickedVerticalcompanyclickedEntityId1021771idx2-1-2tarId1464195271196tasapenin"]}]}},"taxonomy_info":[],"featured_image_src_large":false,"author_info":{"display_name":"marqueting","author_link":"https:\/\/www.apen.es\/ca\/blog\/author\/marqueting\/"},"comment_info":0,"_links":{"self":[{"href":"https:\/\/www.apen.es\/ca\/wp-json\/wp\/v2\/pages\/21262","targetHints":{"allow":["GET"]}}],"collection":[{"href":"https:\/\/www.apen.es\/ca\/wp-json\/wp\/v2\/pages"}],"about":[{"href":"https:\/\/www.apen.es\/ca\/wp-json\/wp\/v2\/types\/page"}],"author":[{"embeddable":true,"href":"https:\/\/www.apen.es\/ca\/wp-json\/wp\/v2\/users\/4"}],"replies":[{"embeddable":true,"href":"https:\/\/www.apen.es\/ca\/wp-json\/wp\/v2\/comments?post=21262"}],"version-history":[{"count":3,"href":"https:\/\/www.apen.es\/ca\/wp-json\/wp\/v2\/pages\/21262\/revisions"}],"predecessor-version":[{"id":54667,"href":"https:\/\/www.apen.es\/ca\/wp-json\/wp\/v2\/pages\/21262\/revisions\/54667"}],"up":[{"embeddable":true,"href":"https:\/\/www.apen.es\/ca\/wp-json\/wp\/v2\/pages\/10172"}],"wp:attachment":[{"href":"https:\/\/www.apen.es\/ca\/wp-json\/wp\/v2\/media?parent=21262"}],"curies":[{"name":"wp","href":"https:\/\/api.w.org\/{rel}","templated":true}]}}