{"id":20371,"date":"2020-11-03T09:02:50","date_gmt":"2020-11-03T09:02:50","guid":{"rendered":"https:\/\/www.apen.es\/?page_id=20371"},"modified":"2025-07-14T11:09:15","modified_gmt":"2025-07-14T11:09:15","slug":"rgpd-reglament-general-de-proteccio-de-dades","status":"publish","type":"page","link":"https:\/\/www.apen.es\/ca\/glossari-dinformatica\/rgpd-reglament-general-de-proteccio-de-dades\/","title":{"rendered":"RGPD (Reglament General de Protecci\u00f3 de Dades)"},"content":{"rendered":"<h2 class=\"wp-block-heading\">QU\u00c8 \u00c9S RGPD (Reglament General de Protecci\u00f3 de Dades?)<\/h2>\n\n\n<div class=\"wp-block-image\">\n<figure class=\"alignleft is-resized\"><img loading=\"lazy\" decoding=\"async\" width=\"800\" height=\"450\" src=\"https:\/\/www.apen.es\/wp-content\/uploads\/2020\/11\/rgpd.jpg\" alt=\"\" class=\"wp-image-20372\" style=\"width:400px\" title=\"RGPD (Reglament General de Protecci\u00f3 de Dades). Qu\u00e8 \u00e9s RGPD (Reglament General de Protecci\u00f3 de Dades)?\" srcset=\"https:\/\/www.apen.es\/wp-content\/uploads\/2020\/11\/rgpd.jpg 800w, https:\/\/www.apen.es\/wp-content\/uploads\/2020\/11\/rgpd-300x169.jpg 300w, https:\/\/www.apen.es\/wp-content\/uploads\/2020\/11\/rgpd-768x432.jpg 768w\" sizes=\"auto, (max-width: 800px) 100vw, 800px\" \/><\/figure>\n<\/div>\n\n\n<p>El <a href=\"https:\/\/www.apen.es\/ca\/reglamento-general-de-proteccion-de-datos\/\"><strong>Reglament General de Protecci\u00f3 de Dades (GDPR)<\/strong><\/a> s\u00f3n les lleis que estableix la Uni\u00f3 Europea (UE) en la seva legislaci\u00f3 i tracta sobre la protecci\u00f3 de les dades i la privadesa a la UE i l&#039;Espai Econ\u00f2mic Europeu. Tot i aix\u00f2, en aquest reglament tamb\u00e9 s&#039;aborden les transfer\u00e8ncies de dades personals fora de la UE per motius pr\u00e0ctics.<\/p>\n\n\n\n<p>El RGPD es va adoptar el 14 d&#039;abril del 2016 i va entrar en vigor a partir del 25 de maig del 2018. Com que el RGPD \u00e9s un reglament, no una directiva, \u00e9s directament vinculant i aplicable, per\u00f2 proporciona flexibilitat perqu\u00e8 determinats aspectes del reglament siguin ajustats<\/p>\n\n\n\n<p>L&#039;objectiu que es busca amb el RGPD \u00e9s donar control a les persones sobre les dades personals. Amb aix\u00f2 la UE busca unificar la regulaci\u00f3 de disposicions i requisits de les dades personals d&#039;individus que es troben dins de l&#039;espai econ\u00f2mic, per\u00f2 aplica a qualsevol empresa que estigui processant informaci\u00f3 personal de persones dins de l&#039;Espai Econ\u00f2mic, sense importar-ne la ubicaci\u00f3 o la resid\u00e8ncia dels involucrats. El RGPD reempla\u00e7a la Directiva de Protecci\u00f3 de Dades 95\/46\/EC.<\/p>\n\n\n\n<p>En aquest reglament s&#039;estableix que les empreses que controlen i processen les dades personals de les persones estan obligades a implementar tots els principis de protecci\u00f3 de dades, per la qual cosa tots els processos comercials on s&#039;involucra el maneig de dades personals han de ser dissenyats tenint en compte els principis establerts a l&#039;RGPD per protegir la informaci\u00f3.<\/p>\n\n\n\n<p>Els sistemes d&#039;informaci\u00f3 s&#039;han de dissenyar tenint com a prioritat mantenir la privadesa com ho estableix la llei. Aix\u00f2 es tradueix en la configuraci\u00f3 de privadesa que impossibiliti que les dades siguin accessibles de manera predeterminada, evitant que es pugui recon\u00e8ixer un individu per aquesta informaci\u00f3.<\/p>\n\n\n\n<p>Tamb\u00e9 s&#039;indica que el proc\u00e9s de dades personals nom\u00e9s ha de tenir lloc sota les sis bases especificades al reglament: consentiment, contracte, tasca p\u00fablica, inter\u00e8s vital, inter\u00e8s leg\u00edtim o requisit legal. Aix\u00ed mateix, si linteressat atorga les seves dades sota el consentiment, aquest t\u00e9 el dret, en qualsevol moment, de revocar-lo.<\/p>\n\n\n\n<p>D&#039;altra banda, les empreses que recol\u00b7lecten les dades han de declarar la base legal i el prop\u00f2sit del processament de dades, i indicar quant de temps es retenen les dades i si es comparteixen amb tercers.<\/p>\n\n\n\n<p>Cada negoci tindr\u00e0 l&#039;obligaci\u00f3 de protegir totes les dades que tinguin empleats i consumidors, pensant sempre en la menor interfer\u00e8ncia amb la privadesa d&#039;empleats, consumidors o tercers. Els controls i regulacions internes s\u00f3n necessaris, com a auditories, a m\u00e9s que els interessats podran sol\u00b7licitar una c\u00f2pia de les dades recopilades i sol\u00b7licitar-ne l&#039;eliminaci\u00f3. Les autoritats p\u00fabliques i empreses l&#039;activitat principal de les quals sigui el processament regular o sistem\u00e0tic de dades han de contractar un oficial de protecci\u00f3 de dades (DPO), que \u00e9s responsable de gestionar el compliment del Reglament.<\/p>","protected":false},"excerpt":{"rendered":"<p>\u00bfQU\u00c9 ES RGPD (Reglamento General de Protecci\u00f3n de Datos? El Reglamento General de Protecci\u00f3n de Datos (GDPR) son las leyes que establece la Uni\u00f3n Europea (UE) en su legislaci\u00f3n y trata sobre la protecci\u00f3n de los datos y la privacidad en la UE y el Espacio Econ\u00f3mico Europeo. Sin embargo, en este reglamento tambi\u00e9n se&#8230;<\/p>","protected":false},"author":4,"featured_media":0,"parent":6185,"menu_order":0,"comment_status":"closed","ping_status":"closed","template":"page-landing-glosario.php","meta":{"_acf_changed":false,"_kad_blocks_custom_css":"","_kad_blocks_head_custom_js":"","_kad_blocks_body_custom_js":"","_kad_blocks_footer_custom_js":"","_kad_post_transparent":"","_kad_post_title":"","_kad_post_layout":"","_kad_post_sidebar_id":"","_kad_post_content_style":"","_kad_post_vertical_padding":"","_kad_post_feature":"","_kad_post_feature_position":"","_kad_post_header":false,"_kad_post_footer":false,"_kad_post_classname":"","footnotes":""},"class_list":["post-20371","page","type-page","status-publish","hentry"],"acf":[],"yoast_head":"<!-- This site is optimized with the Yoast SEO plugin v27.4 - https:\/\/yoast.com\/product\/yoast-seo-wordpress\/ -->\n<title>RGPD (Reglamento General de Protecci\u00f3n de Datos) - Apen Inform\u00e1tica<\/title>\n<meta name=\"description\" content=\"El Reglamento General de Protecci\u00f3n de Datos (GDPR) son las leyes que establece la Uni\u00f3n Europea (UE) en su legislaci\u00f3n y trata sobre la protecci\u00f3n \u2026\" \/>\n<meta name=\"robots\" content=\"index, follow, max-snippet:-1, max-image-preview:large, max-video-preview:-1\" \/>\n<link rel=\"canonical\" href=\"https:\/\/www.apen.es\/ca\/glossari-dinformatica\/rgpd-reglament-general-de-proteccio-de-dades\/\" \/>\n<meta property=\"og:locale\" content=\"ca_ES\" \/>\n<meta property=\"og:type\" content=\"article\" \/>\n<meta property=\"og:title\" content=\"RGPD (Reglamento General de Protecci\u00f3n de Datos) - Apen Inform\u00e1tica\" \/>\n<meta property=\"og:description\" content=\"El Reglamento General de Protecci\u00f3n de Datos (GDPR) son las leyes que establece la Uni\u00f3n Europea (UE) en su legislaci\u00f3n y trata sobre la protecci\u00f3n \u2026\" \/>\n<meta property=\"og:url\" content=\"https:\/\/www.apen.es\/ca\/glossari-dinformatica\/rgpd-reglament-general-de-proteccio-de-dades\/\" \/>\n<meta property=\"og:site_name\" content=\"Apen Inform\u00e1tica\" \/>\n<meta property=\"article:publisher\" content=\"https:\/\/www.facebook.com\/apensolucions\" \/>\n<meta property=\"article:modified_time\" content=\"2025-07-14T11:09:15+00:00\" \/>\n<meta property=\"og:image\" content=\"https:\/\/www.apen.es\/wp-content\/uploads\/2020\/11\/rgpd.jpg\" \/>\n<meta name=\"twitter:card\" content=\"summary_large_image\" \/>\n<meta name=\"twitter:label1\" content=\"Temps estimat de lectura\" \/>\n\t<meta name=\"twitter:data1\" content=\"3 minuts\" \/>\n<script type=\"application\/ld+json\" class=\"yoast-schema-graph\">{\"@context\":\"https:\\\/\\\/schema.org\",\"@graph\":[{\"@type\":\"WebPage\",\"@id\":\"https:\\\/\\\/www.apen.es\\\/glosario-de-informatica\\\/rgpd-reglamento-general-de-proteccion-de-datos\\\/\",\"url\":\"https:\\\/\\\/www.apen.es\\\/glosario-de-informatica\\\/rgpd-reglamento-general-de-proteccion-de-datos\\\/\",\"name\":\"RGPD (Reglamento General de Protecci\u00f3n de Datos) - Apen Inform\u00e1tica\",\"isPartOf\":{\"@id\":\"https:\\\/\\\/www.apen.es\\\/#website\"},\"primaryImageOfPage\":{\"@id\":\"https:\\\/\\\/www.apen.es\\\/glosario-de-informatica\\\/rgpd-reglamento-general-de-proteccion-de-datos\\\/#primaryimage\"},\"image\":{\"@id\":\"https:\\\/\\\/www.apen.es\\\/glosario-de-informatica\\\/rgpd-reglamento-general-de-proteccion-de-datos\\\/#primaryimage\"},\"thumbnailUrl\":\"https:\\\/\\\/www.apen.es\\\/wp-content\\\/uploads\\\/2020\\\/11\\\/rgpd.jpg\",\"datePublished\":\"2020-11-03T09:02:50+00:00\",\"dateModified\":\"2025-07-14T11:09:15+00:00\",\"description\":\"El Reglamento General de Protecci\u00f3n de Datos (GDPR) son las leyes que establece la Uni\u00f3n Europea (UE) en su legislaci\u00f3n y trata sobre la protecci\u00f3n \u2026\",\"breadcrumb\":{\"@id\":\"https:\\\/\\\/www.apen.es\\\/glosario-de-informatica\\\/rgpd-reglamento-general-de-proteccion-de-datos\\\/#breadcrumb\"},\"inLanguage\":\"ca\",\"potentialAction\":[{\"@type\":\"ReadAction\",\"target\":[\"https:\\\/\\\/www.apen.es\\\/glosario-de-informatica\\\/rgpd-reglamento-general-de-proteccion-de-datos\\\/\"]}]},{\"@type\":\"ImageObject\",\"inLanguage\":\"ca\",\"@id\":\"https:\\\/\\\/www.apen.es\\\/glosario-de-informatica\\\/rgpd-reglamento-general-de-proteccion-de-datos\\\/#primaryimage\",\"url\":\"https:\\\/\\\/www.apen.es\\\/wp-content\\\/uploads\\\/2020\\\/11\\\/rgpd.jpg\",\"contentUrl\":\"https:\\\/\\\/www.apen.es\\\/wp-content\\\/uploads\\\/2020\\\/11\\\/rgpd.jpg\"},{\"@type\":\"BreadcrumbList\",\"@id\":\"https:\\\/\\\/www.apen.es\\\/glosario-de-informatica\\\/rgpd-reglamento-general-de-proteccion-de-datos\\\/#breadcrumb\",\"itemListElement\":[{\"@type\":\"ListItem\",\"position\":1,\"name\":\"Portada\",\"item\":\"https:\\\/\\\/www.apen.es\\\/\"},{\"@type\":\"ListItem\",\"position\":2,\"name\":\"Glosario de inform\u00e1tica\",\"item\":\"https:\\\/\\\/www.apen.es\\\/glosario-de-informatica\\\/\"},{\"@type\":\"ListItem\",\"position\":3,\"name\":\"RGPD (Reglamento General de Protecci\u00f3n de Datos)\"}]},{\"@type\":\"WebSite\",\"@id\":\"https:\\\/\\\/www.apen.es\\\/#website\",\"url\":\"https:\\\/\\\/www.apen.es\\\/\",\"name\":\"Apen Inform\u00e1tica\",\"description\":\"Mantenimiento Inform\u00e1tico , Software de Gesti\u00f3n, Soluciones de impresi\u00f3n\",\"publisher\":{\"@id\":\"https:\\\/\\\/www.apen.es\\\/#organization\"},\"potentialAction\":[{\"@type\":\"SearchAction\",\"target\":{\"@type\":\"EntryPoint\",\"urlTemplate\":\"https:\\\/\\\/www.apen.es\\\/?s={search_term_string}\"},\"query-input\":{\"@type\":\"PropertyValueSpecification\",\"valueRequired\":true,\"valueName\":\"search_term_string\"}}],\"inLanguage\":\"ca\"},{\"@type\":\"Organization\",\"@id\":\"https:\\\/\\\/www.apen.es\\\/#organization\",\"name\":\"Apen: Soluciones inform\u00e1ticas\",\"url\":\"https:\\\/\\\/www.apen.es\\\/\",\"logo\":{\"@type\":\"ImageObject\",\"inLanguage\":\"ca\",\"@id\":\"https:\\\/\\\/www.apen.es\\\/#\\\/schema\\\/logo\\\/image\\\/\",\"url\":\"https:\\\/\\\/www.apen.es\\\/wp-content\\\/uploads\\\/2022\\\/08\\\/logo-apenok-231x82-1.png\",\"contentUrl\":\"https:\\\/\\\/www.apen.es\\\/wp-content\\\/uploads\\\/2022\\\/08\\\/logo-apenok-231x82-1.png\",\"width\":231,\"height\":82,\"caption\":\"Apen: Soluciones inform\u00e1ticas\"},\"image\":{\"@id\":\"https:\\\/\\\/www.apen.es\\\/#\\\/schema\\\/logo\\\/image\\\/\"},\"sameAs\":[\"https:\\\/\\\/www.facebook.com\\\/apensolucions\",\"https:\\\/\\\/www.youtube.com\\\/user\\\/ApenCentreInformatic\",\"https:\\\/\\\/www.linkedin.com\\\/company\\\/1021771?trk=tyah&trkInfo=clickedVerticalcompanyclickedEntityId1021771idx2-1-2tarId1464195271196tasapenin\"]}]}<\/script>\n<!-- \/ Yoast SEO plugin. -->","yoast_head_json":{"title":"RGPD (Reglament General de Protecci\u00f3 de Dades) - Apen Inform\u00e0tica","description":"El Reglament General de Protecci\u00f3 de Dades (GDPR) s\u00f3n les lleis que estableix la Uni\u00f3 Europea (UE) a la seva legislaci\u00f3 i tracta sobre la protecci\u00f3 \u2026","robots":{"index":"index","follow":"follow","max-snippet":"max-snippet:-1","max-image-preview":"max-image-preview:large","max-video-preview":"max-video-preview:-1"},"canonical":"https:\/\/www.apen.es\/ca\/glossari-dinformatica\/rgpd-reglament-general-de-proteccio-de-dades\/","og_locale":"ca_ES","og_type":"article","og_title":"RGPD (Reglamento General de Protecci\u00f3n de Datos) - Apen Inform\u00e1tica","og_description":"El Reglamento General de Protecci\u00f3n de Datos (GDPR) son las leyes que establece la Uni\u00f3n Europea (UE) en su legislaci\u00f3n y trata sobre la protecci\u00f3n \u2026","og_url":"https:\/\/www.apen.es\/ca\/glossari-dinformatica\/rgpd-reglament-general-de-proteccio-de-dades\/","og_site_name":"Apen Inform\u00e1tica","article_publisher":"https:\/\/www.facebook.com\/apensolucions","article_modified_time":"2025-07-14T11:09:15+00:00","og_image":[{"url":"https:\/\/www.apen.es\/wp-content\/uploads\/2020\/11\/rgpd.jpg","type":"","width":"","height":""}],"twitter_card":"summary_large_image","twitter_misc":{"Temps estimat de lectura":"3 minuts"},"schema":{"@context":"https:\/\/schema.org","@graph":[{"@type":"WebPage","@id":"https:\/\/www.apen.es\/glosario-de-informatica\/rgpd-reglamento-general-de-proteccion-de-datos\/","url":"https:\/\/www.apen.es\/glosario-de-informatica\/rgpd-reglamento-general-de-proteccion-de-datos\/","name":"RGPD (Reglament General de Protecci\u00f3 de Dades) - Apen Inform\u00e0tica","isPartOf":{"@id":"https:\/\/www.apen.es\/#website"},"primaryImageOfPage":{"@id":"https:\/\/www.apen.es\/glosario-de-informatica\/rgpd-reglamento-general-de-proteccion-de-datos\/#primaryimage"},"image":{"@id":"https:\/\/www.apen.es\/glosario-de-informatica\/rgpd-reglamento-general-de-proteccion-de-datos\/#primaryimage"},"thumbnailUrl":"https:\/\/www.apen.es\/wp-content\/uploads\/2020\/11\/rgpd.jpg","datePublished":"2020-11-03T09:02:50+00:00","dateModified":"2025-07-14T11:09:15+00:00","description":"El Reglament General de Protecci\u00f3 de Dades (GDPR) s\u00f3n les lleis que estableix la Uni\u00f3 Europea (UE) a la seva legislaci\u00f3 i tracta sobre la protecci\u00f3 \u2026","breadcrumb":{"@id":"https:\/\/www.apen.es\/glosario-de-informatica\/rgpd-reglamento-general-de-proteccion-de-datos\/#breadcrumb"},"inLanguage":"ca","potentialAction":[{"@type":"ReadAction","target":["https:\/\/www.apen.es\/glosario-de-informatica\/rgpd-reglamento-general-de-proteccion-de-datos\/"]}]},{"@type":"ImageObject","inLanguage":"ca","@id":"https:\/\/www.apen.es\/glosario-de-informatica\/rgpd-reglamento-general-de-proteccion-de-datos\/#primaryimage","url":"https:\/\/www.apen.es\/wp-content\/uploads\/2020\/11\/rgpd.jpg","contentUrl":"https:\/\/www.apen.es\/wp-content\/uploads\/2020\/11\/rgpd.jpg"},{"@type":"BreadcrumbList","@id":"https:\/\/www.apen.es\/glosario-de-informatica\/rgpd-reglamento-general-de-proteccion-de-datos\/#breadcrumb","itemListElement":[{"@type":"ListItem","position":1,"name":"Portada","item":"https:\/\/www.apen.es\/"},{"@type":"ListItem","position":2,"name":"Glosario de inform\u00e1tica","item":"https:\/\/www.apen.es\/glosario-de-informatica\/"},{"@type":"ListItem","position":3,"name":"RGPD (Reglamento General de Protecci\u00f3n de Datos)"}]},{"@type":"WebSite","@id":"https:\/\/www.apen.es\/#website","url":"https:\/\/www.apen.es\/","name":"Apen Inform\u00e0tica","description":"Manteniment inform\u00e0tic , programari de gesti\u00f3, solucions d&#039;impressi\u00f3","publisher":{"@id":"https:\/\/www.apen.es\/#organization"},"potentialAction":[{"@type":"SearchAction","target":{"@type":"EntryPoint","urlTemplate":"https:\/\/www.apen.es\/?s={search_term_string}"},"query-input":{"@type":"PropertyValueSpecification","valueRequired":true,"valueName":"search_term_string"}}],"inLanguage":"ca"},{"@type":"Organization","@id":"https:\/\/www.apen.es\/#organization","name":"Apen: Solucions inform\u00e0tiques","url":"https:\/\/www.apen.es\/","logo":{"@type":"ImageObject","inLanguage":"ca","@id":"https:\/\/www.apen.es\/#\/schema\/logo\/image\/","url":"https:\/\/www.apen.es\/wp-content\/uploads\/2022\/08\/logo-apenok-231x82-1.png","contentUrl":"https:\/\/www.apen.es\/wp-content\/uploads\/2022\/08\/logo-apenok-231x82-1.png","width":231,"height":82,"caption":"Apen: Soluciones inform\u00e1ticas"},"image":{"@id":"https:\/\/www.apen.es\/#\/schema\/logo\/image\/"},"sameAs":["https:\/\/www.facebook.com\/apensolucions","https:\/\/www.youtube.com\/user\/ApenCentreInformatic","https:\/\/www.linkedin.com\/company\/1021771?trk=tyah&trkInfo=clickedVerticalcompanyclickedEntityId1021771idx2-1-2tarId1464195271196tasapenin"]}]}},"taxonomy_info":[],"featured_image_src_large":false,"author_info":{"display_name":"marqueting","author_link":"https:\/\/www.apen.es\/ca\/blog\/author\/marqueting\/"},"comment_info":0,"_links":{"self":[{"href":"https:\/\/www.apen.es\/ca\/wp-json\/wp\/v2\/pages\/20371","targetHints":{"allow":["GET"]}}],"collection":[{"href":"https:\/\/www.apen.es\/ca\/wp-json\/wp\/v2\/pages"}],"about":[{"href":"https:\/\/www.apen.es\/ca\/wp-json\/wp\/v2\/types\/page"}],"author":[{"embeddable":true,"href":"https:\/\/www.apen.es\/ca\/wp-json\/wp\/v2\/users\/4"}],"replies":[{"embeddable":true,"href":"https:\/\/www.apen.es\/ca\/wp-json\/wp\/v2\/comments?post=20371"}],"version-history":[{"count":1,"href":"https:\/\/www.apen.es\/ca\/wp-json\/wp\/v2\/pages\/20371\/revisions"}],"predecessor-version":[{"id":56577,"href":"https:\/\/www.apen.es\/ca\/wp-json\/wp\/v2\/pages\/20371\/revisions\/56577"}],"up":[{"embeddable":true,"href":"https:\/\/www.apen.es\/ca\/wp-json\/wp\/v2\/pages\/6185"}],"wp:attachment":[{"href":"https:\/\/www.apen.es\/ca\/wp-json\/wp\/v2\/media?parent=20371"}],"curies":[{"name":"wp","href":"https:\/\/api.w.org\/{rel}","templated":true}]}}