{"id":20360,"date":"2020-11-03T08:36:33","date_gmt":"2020-11-03T08:36:33","guid":{"rendered":"https:\/\/www.apen.es\/?page_id=20360"},"modified":"2025-07-14T11:12:09","modified_gmt":"2025-07-14T11:12:09","slug":"servidor-vps","status":"publish","type":"page","link":"https:\/\/www.apen.es\/ca\/glossari-dinformatica\/servidor-vps\/","title":{"rendered":"Servidor VPS"},"content":{"rendered":"<div class=\"wp-block-image\">\n<figure class=\"alignleft\"><img loading=\"lazy\" decoding=\"async\" width=\"300\" height=\"200\" src=\"https:\/\/www.apen.es\/wp-content\/uploads\/2020\/11\/servidor_vps-300x200.jpg\" alt=\"\" class=\"wp-image-20361\" title=\"C\u00f2pies de seguretat. Qu\u00e8 \u00e9s una c\u00f2pia de seguretat?\" srcset=\"https:\/\/www.apen.es\/wp-content\/uploads\/2020\/11\/servidor_vps-300x200.jpg 300w, https:\/\/www.apen.es\/wp-content\/uploads\/2020\/11\/servidor_vps-1024x683.jpg 1024w, https:\/\/www.apen.es\/wp-content\/uploads\/2020\/11\/servidor_vps-768x512.jpg 768w, https:\/\/www.apen.es\/wp-content\/uploads\/2020\/11\/servidor_vps-800x535.jpg 800w, https:\/\/www.apen.es\/wp-content\/uploads\/2020\/11\/servidor_vps-1170x780.jpg 1170w, https:\/\/www.apen.es\/wp-content\/uploads\/2020\/11\/servidor_vps.jpg 1280w\" sizes=\"auto, (max-width: 300px) 100vw, 300px\" \/><\/figure>\n<\/div>\n\n\n<p>Un VPS \u00e9s un <a href=\"https:\/\/www.apen.es\/ca\/solucions-cloud\/servidores-virtuales\/\"><strong>servidor virtual<\/strong><\/a> privat (VPS, de l&#039;angl\u00e8s virtual private server). B\u00e0sicament es tracta d&#039;una participaci\u00f3 que es realitza virtualment dins d&#039;un servits f\u00edsic que assigna recursos exclusius a cadascuna de les participacions. S&#039;atorguen accessos que permeten instal\u00b7lar un sistema operatiu i treballar amb un alt grau de llibertat. Un VPS \u00e9s un dels serveis d&#039;allotjament m\u00e9s populars que es poden triar per a un lloc web actualment.<\/p>\n\n\n\n<p>Un servidor \u00e9s un ordinador on el vostre servidor web emmagatzema els arxius i bases de dades necessaris per al seu lloc web. Sempre que un visitant en l\u00ednia voleu accedir al vostre lloc web, el vostre navegador envia una sol\u00b7licitud al vostre servidor i transfereix els fitxers necessaris a trav\u00e9s d&#039;Internet. L&#039;allotjament VPS us proporciona un servidor virtual que simula un servidor f\u00edsic, per\u00f2, en realitat, la m\u00e0quina es comparteix entre diversos usuaris.<\/p>\n\n\n\n<p>Amb la tecnologia de virtualitzaci\u00f3, el prove\u00efdor d&#039;allotjament instal\u00b7la una capa virtual sobre el sistema operatiu del servidor. Aquesta capa divideix el servidor en particions i permet a cada usuari instal\u00b7lar el seu propi sistema operatiu i programari.<\/p>\n\n\n\n<p>Davant d&#039;aix\u00f2, un VPS \u00e9s tant virtual com a privat perqu\u00e8 cada usuari t\u00e9 el control total. Est\u00e0 separat daltres usuaris del servidor a nivell de sistema operatiu. De fet, la tecnologia VPS \u00e9s similar a crear particions al vostre ordinador quan voleu executar m\u00e9s d&#039;un sistema operatiu (per exemple, Windows i Linux) sense reiniciar.<\/p>\n\n\n\n<p>Un VPS \u00e9s una de les solucions m\u00e9s segures i estables, especialment en comparaci\u00f3 amb lallotjament compartit, ja que en el segon cas no sobt\u00e9 un espai de servidor dedicat. Tot i aix\u00f2, \u00e9s de menor escala i m\u00e9s econ\u00f2mic que llogar un servidor complet.<\/p>\n\n\n\n<p>Lallotjament VPS generalment ho trien els propietaris dels llocs web que tenen un tr\u00e0nsit de nivell mitj\u00e0 que excedeix els l\u00edmits dels plans dallotjament compartit, per\u00f2 que encara no estan en un nivell prou alt de visites per necessitar els recursos dun servidor dedicat.<\/p>\n\n\n\n<p>L&#039;execuci\u00f3 d&#039;un VPS us permet configurar un lloc web dins d&#039;un contenidor segur amb recursos garantits com mem\u00f2ria, espai al disc, nuclis de CPU, entre d&#039;altres, que no ha de compartir amb altres usuaris. Amb l&#039;allotjament VPS, teniu el mateix acc\u00e9s de nivell arrel que si tingu\u00e9s un servidor dedicat, per\u00f2 a un cost molt menor.<\/p>\n\n\n\n<p>Els avantatges m\u00e9s grans d&#039;un VPS \u00e9s la seguretat que ofereix, l&#039;escalabilitat que pot permetre en cas de necessitar m\u00e9s recursos, i la r\u00e0pida recuperaci\u00f3 que pot passar en cas que passi algun problema.<\/p>","protected":false},"excerpt":{"rendered":"<p>Un VPS es un servidor virtual privado (VPS, del ingl\u00e9s virtual private server). B\u00e1sicamente se trata de una participaci\u00f3n que se realiza de forma virtual dentro de un servidos f\u00edsico que le asigna recursos exclusivos a cada una de las participaciones. Se otorgan accesos que permiten instalar un sistema operativo y trabajar con un alto&#8230;<\/p>","protected":false},"author":4,"featured_media":0,"parent":6185,"menu_order":0,"comment_status":"closed","ping_status":"closed","template":"page-landing-glosario.php","meta":{"_acf_changed":false,"_kad_blocks_custom_css":"","_kad_blocks_head_custom_js":"","_kad_blocks_body_custom_js":"","_kad_blocks_footer_custom_js":"","_kad_post_transparent":"","_kad_post_title":"","_kad_post_layout":"","_kad_post_sidebar_id":"","_kad_post_content_style":"","_kad_post_vertical_padding":"","_kad_post_feature":"","_kad_post_feature_position":"","_kad_post_header":false,"_kad_post_footer":false,"_kad_post_classname":"","footnotes":""},"class_list":["post-20360","page","type-page","status-publish","hentry"],"acf":[],"yoast_head":"<!-- This site is optimized with the Yoast SEO plugin v27.4 - https:\/\/yoast.com\/product\/yoast-seo-wordpress\/ -->\n<title>Servidor VPS - Apen Inform\u00e1tica<\/title>\n<meta name=\"description\" content=\"Un VPS es un servidor virtual privado (VPS, del ingl\u00e9s virtual private server). B\u00e1sicamente se trata de una participaci\u00f3n que se realiza de forma virtual\u2026\" \/>\n<meta name=\"robots\" content=\"index, follow, max-snippet:-1, max-image-preview:large, max-video-preview:-1\" \/>\n<link rel=\"canonical\" href=\"https:\/\/www.apen.es\/ca\/glossari-dinformatica\/servidor-vps\/\" \/>\n<meta property=\"og:locale\" content=\"ca_ES\" \/>\n<meta property=\"og:type\" content=\"article\" \/>\n<meta property=\"og:title\" content=\"Servidor VPS - Apen Inform\u00e1tica\" \/>\n<meta property=\"og:description\" content=\"Un VPS es un servidor virtual privado (VPS, del ingl\u00e9s virtual private server). B\u00e1sicamente se trata de una participaci\u00f3n que se realiza de forma virtual\u2026\" \/>\n<meta property=\"og:url\" content=\"https:\/\/www.apen.es\/ca\/glossari-dinformatica\/servidor-vps\/\" \/>\n<meta property=\"og:site_name\" content=\"Apen Inform\u00e1tica\" \/>\n<meta property=\"article:publisher\" content=\"https:\/\/www.facebook.com\/apensolucions\" \/>\n<meta property=\"article:modified_time\" content=\"2025-07-14T11:12:09+00:00\" \/>\n<meta property=\"og:image\" content=\"https:\/\/www.apen.es\/wp-content\/uploads\/2020\/11\/servidor_vps-300x200.jpg\" \/>\n<meta name=\"twitter:card\" content=\"summary_large_image\" \/>\n<meta name=\"twitter:label1\" content=\"Temps estimat de lectura\" \/>\n\t<meta name=\"twitter:data1\" content=\"3 minuts\" \/>\n<script type=\"application\/ld+json\" class=\"yoast-schema-graph\">{\"@context\":\"https:\\\/\\\/schema.org\",\"@graph\":[{\"@type\":\"WebPage\",\"@id\":\"https:\\\/\\\/www.apen.es\\\/glosario-de-informatica\\\/servidor-vps\\\/\",\"url\":\"https:\\\/\\\/www.apen.es\\\/glosario-de-informatica\\\/servidor-vps\\\/\",\"name\":\"Servidor VPS - Apen Inform\u00e1tica\",\"isPartOf\":{\"@id\":\"https:\\\/\\\/www.apen.es\\\/#website\"},\"primaryImageOfPage\":{\"@id\":\"https:\\\/\\\/www.apen.es\\\/glosario-de-informatica\\\/servidor-vps\\\/#primaryimage\"},\"image\":{\"@id\":\"https:\\\/\\\/www.apen.es\\\/glosario-de-informatica\\\/servidor-vps\\\/#primaryimage\"},\"thumbnailUrl\":\"https:\\\/\\\/www.apen.es\\\/wp-content\\\/uploads\\\/2020\\\/11\\\/servidor_vps-300x200.jpg\",\"datePublished\":\"2020-11-03T08:36:33+00:00\",\"dateModified\":\"2025-07-14T11:12:09+00:00\",\"description\":\"Un VPS es un servidor virtual privado (VPS, del ingl\u00e9s virtual private server). B\u00e1sicamente se trata de una participaci\u00f3n que se realiza de forma virtual\u2026\",\"breadcrumb\":{\"@id\":\"https:\\\/\\\/www.apen.es\\\/glosario-de-informatica\\\/servidor-vps\\\/#breadcrumb\"},\"inLanguage\":\"ca\",\"potentialAction\":[{\"@type\":\"ReadAction\",\"target\":[\"https:\\\/\\\/www.apen.es\\\/glosario-de-informatica\\\/servidor-vps\\\/\"]}]},{\"@type\":\"ImageObject\",\"inLanguage\":\"ca\",\"@id\":\"https:\\\/\\\/www.apen.es\\\/glosario-de-informatica\\\/servidor-vps\\\/#primaryimage\",\"url\":\"https:\\\/\\\/www.apen.es\\\/wp-content\\\/uploads\\\/2020\\\/11\\\/servidor_vps-300x200.jpg\",\"contentUrl\":\"https:\\\/\\\/www.apen.es\\\/wp-content\\\/uploads\\\/2020\\\/11\\\/servidor_vps-300x200.jpg\"},{\"@type\":\"BreadcrumbList\",\"@id\":\"https:\\\/\\\/www.apen.es\\\/glosario-de-informatica\\\/servidor-vps\\\/#breadcrumb\",\"itemListElement\":[{\"@type\":\"ListItem\",\"position\":1,\"name\":\"Portada\",\"item\":\"https:\\\/\\\/www.apen.es\\\/\"},{\"@type\":\"ListItem\",\"position\":2,\"name\":\"Glosario de inform\u00e1tica\",\"item\":\"https:\\\/\\\/www.apen.es\\\/glosario-de-informatica\\\/\"},{\"@type\":\"ListItem\",\"position\":3,\"name\":\"Servidor VPS\"}]},{\"@type\":\"WebSite\",\"@id\":\"https:\\\/\\\/www.apen.es\\\/#website\",\"url\":\"https:\\\/\\\/www.apen.es\\\/\",\"name\":\"Apen Inform\u00e1tica\",\"description\":\"Mantenimiento Inform\u00e1tico , Software de Gesti\u00f3n, Soluciones de impresi\u00f3n\",\"publisher\":{\"@id\":\"https:\\\/\\\/www.apen.es\\\/#organization\"},\"potentialAction\":[{\"@type\":\"SearchAction\",\"target\":{\"@type\":\"EntryPoint\",\"urlTemplate\":\"https:\\\/\\\/www.apen.es\\\/?s={search_term_string}\"},\"query-input\":{\"@type\":\"PropertyValueSpecification\",\"valueRequired\":true,\"valueName\":\"search_term_string\"}}],\"inLanguage\":\"ca\"},{\"@type\":\"Organization\",\"@id\":\"https:\\\/\\\/www.apen.es\\\/#organization\",\"name\":\"Apen: Soluciones inform\u00e1ticas\",\"url\":\"https:\\\/\\\/www.apen.es\\\/\",\"logo\":{\"@type\":\"ImageObject\",\"inLanguage\":\"ca\",\"@id\":\"https:\\\/\\\/www.apen.es\\\/#\\\/schema\\\/logo\\\/image\\\/\",\"url\":\"https:\\\/\\\/www.apen.es\\\/wp-content\\\/uploads\\\/2022\\\/08\\\/logo-apenok-231x82-1.png\",\"contentUrl\":\"https:\\\/\\\/www.apen.es\\\/wp-content\\\/uploads\\\/2022\\\/08\\\/logo-apenok-231x82-1.png\",\"width\":231,\"height\":82,\"caption\":\"Apen: Soluciones inform\u00e1ticas\"},\"image\":{\"@id\":\"https:\\\/\\\/www.apen.es\\\/#\\\/schema\\\/logo\\\/image\\\/\"},\"sameAs\":[\"https:\\\/\\\/www.facebook.com\\\/apensolucions\",\"https:\\\/\\\/www.youtube.com\\\/user\\\/ApenCentreInformatic\",\"https:\\\/\\\/www.linkedin.com\\\/company\\\/1021771?trk=tyah&trkInfo=clickedVerticalcompanyclickedEntityId1021771idx2-1-2tarId1464195271196tasapenin\"]}]}<\/script>\n<!-- \/ Yoast SEO plugin. -->","yoast_head_json":{"title":"Servidor VPS - Apen Inform\u00e0tica","description":"Un VPS \u00e9s un servidor virtual privat (VPS, de l&#039;angl\u00e8s virtual private server). B\u00e0sicament es tracta d&#039;una participaci\u00f3 que es realitza de forma virtual\u2026","robots":{"index":"index","follow":"follow","max-snippet":"max-snippet:-1","max-image-preview":"max-image-preview:large","max-video-preview":"max-video-preview:-1"},"canonical":"https:\/\/www.apen.es\/ca\/glossari-dinformatica\/servidor-vps\/","og_locale":"ca_ES","og_type":"article","og_title":"Servidor VPS - Apen Inform\u00e1tica","og_description":"Un VPS es un servidor virtual privado (VPS, del ingl\u00e9s virtual private server). B\u00e1sicamente se trata de una participaci\u00f3n que se realiza de forma virtual\u2026","og_url":"https:\/\/www.apen.es\/ca\/glossari-dinformatica\/servidor-vps\/","og_site_name":"Apen Inform\u00e1tica","article_publisher":"https:\/\/www.facebook.com\/apensolucions","article_modified_time":"2025-07-14T11:12:09+00:00","og_image":[{"url":"https:\/\/www.apen.es\/wp-content\/uploads\/2020\/11\/servidor_vps-300x200.jpg","type":"","width":"","height":""}],"twitter_card":"summary_large_image","twitter_misc":{"Temps estimat de lectura":"3 minuts"},"schema":{"@context":"https:\/\/schema.org","@graph":[{"@type":"WebPage","@id":"https:\/\/www.apen.es\/glosario-de-informatica\/servidor-vps\/","url":"https:\/\/www.apen.es\/glosario-de-informatica\/servidor-vps\/","name":"Servidor VPS - Apen Inform\u00e0tica","isPartOf":{"@id":"https:\/\/www.apen.es\/#website"},"primaryImageOfPage":{"@id":"https:\/\/www.apen.es\/glosario-de-informatica\/servidor-vps\/#primaryimage"},"image":{"@id":"https:\/\/www.apen.es\/glosario-de-informatica\/servidor-vps\/#primaryimage"},"thumbnailUrl":"https:\/\/www.apen.es\/wp-content\/uploads\/2020\/11\/servidor_vps-300x200.jpg","datePublished":"2020-11-03T08:36:33+00:00","dateModified":"2025-07-14T11:12:09+00:00","description":"Un VPS \u00e9s un servidor virtual privat (VPS, de l&#039;angl\u00e8s virtual private server). B\u00e0sicament es tracta d&#039;una participaci\u00f3 que es realitza de forma virtual\u2026","breadcrumb":{"@id":"https:\/\/www.apen.es\/glosario-de-informatica\/servidor-vps\/#breadcrumb"},"inLanguage":"ca","potentialAction":[{"@type":"ReadAction","target":["https:\/\/www.apen.es\/glosario-de-informatica\/servidor-vps\/"]}]},{"@type":"ImageObject","inLanguage":"ca","@id":"https:\/\/www.apen.es\/glosario-de-informatica\/servidor-vps\/#primaryimage","url":"https:\/\/www.apen.es\/wp-content\/uploads\/2020\/11\/servidor_vps-300x200.jpg","contentUrl":"https:\/\/www.apen.es\/wp-content\/uploads\/2020\/11\/servidor_vps-300x200.jpg"},{"@type":"BreadcrumbList","@id":"https:\/\/www.apen.es\/glosario-de-informatica\/servidor-vps\/#breadcrumb","itemListElement":[{"@type":"ListItem","position":1,"name":"Portada","item":"https:\/\/www.apen.es\/"},{"@type":"ListItem","position":2,"name":"Glosario de inform\u00e1tica","item":"https:\/\/www.apen.es\/glosario-de-informatica\/"},{"@type":"ListItem","position":3,"name":"Servidor VPS"}]},{"@type":"WebSite","@id":"https:\/\/www.apen.es\/#website","url":"https:\/\/www.apen.es\/","name":"Apen Inform\u00e0tica","description":"Manteniment inform\u00e0tic , programari de gesti\u00f3, solucions d&#039;impressi\u00f3","publisher":{"@id":"https:\/\/www.apen.es\/#organization"},"potentialAction":[{"@type":"SearchAction","target":{"@type":"EntryPoint","urlTemplate":"https:\/\/www.apen.es\/?s={search_term_string}"},"query-input":{"@type":"PropertyValueSpecification","valueRequired":true,"valueName":"search_term_string"}}],"inLanguage":"ca"},{"@type":"Organization","@id":"https:\/\/www.apen.es\/#organization","name":"Apen: Solucions inform\u00e0tiques","url":"https:\/\/www.apen.es\/","logo":{"@type":"ImageObject","inLanguage":"ca","@id":"https:\/\/www.apen.es\/#\/schema\/logo\/image\/","url":"https:\/\/www.apen.es\/wp-content\/uploads\/2022\/08\/logo-apenok-231x82-1.png","contentUrl":"https:\/\/www.apen.es\/wp-content\/uploads\/2022\/08\/logo-apenok-231x82-1.png","width":231,"height":82,"caption":"Apen: Soluciones inform\u00e1ticas"},"image":{"@id":"https:\/\/www.apen.es\/#\/schema\/logo\/image\/"},"sameAs":["https:\/\/www.facebook.com\/apensolucions","https:\/\/www.youtube.com\/user\/ApenCentreInformatic","https:\/\/www.linkedin.com\/company\/1021771?trk=tyah&trkInfo=clickedVerticalcompanyclickedEntityId1021771idx2-1-2tarId1464195271196tasapenin"]}]}},"taxonomy_info":[],"featured_image_src_large":false,"author_info":{"display_name":"marqueting","author_link":"https:\/\/www.apen.es\/ca\/blog\/author\/marqueting\/"},"comment_info":0,"_links":{"self":[{"href":"https:\/\/www.apen.es\/ca\/wp-json\/wp\/v2\/pages\/20360","targetHints":{"allow":["GET"]}}],"collection":[{"href":"https:\/\/www.apen.es\/ca\/wp-json\/wp\/v2\/pages"}],"about":[{"href":"https:\/\/www.apen.es\/ca\/wp-json\/wp\/v2\/types\/page"}],"author":[{"embeddable":true,"href":"https:\/\/www.apen.es\/ca\/wp-json\/wp\/v2\/users\/4"}],"replies":[{"embeddable":true,"href":"https:\/\/www.apen.es\/ca\/wp-json\/wp\/v2\/comments?post=20360"}],"version-history":[{"count":5,"href":"https:\/\/www.apen.es\/ca\/wp-json\/wp\/v2\/pages\/20360\/revisions"}],"predecessor-version":[{"id":56584,"href":"https:\/\/www.apen.es\/ca\/wp-json\/wp\/v2\/pages\/20360\/revisions\/56584"}],"up":[{"embeddable":true,"href":"https:\/\/www.apen.es\/ca\/wp-json\/wp\/v2\/pages\/6185"}],"wp:attachment":[{"href":"https:\/\/www.apen.es\/ca\/wp-json\/wp\/v2\/media?parent=20360"}],"curies":[{"name":"wp","href":"https:\/\/api.w.org\/{rel}","templated":true}]}}