{"id":20299,"date":"2020-11-02T11:28:58","date_gmt":"2020-11-02T11:28:58","guid":{"rendered":"https:\/\/www.apen.es\/?page_id=20299"},"modified":"2025-07-14T11:07:52","modified_gmt":"2025-07-14T11:07:52","slug":"microsoft-word","status":"publish","type":"page","link":"https:\/\/www.apen.es\/ca\/glosario-de-informatica\/microsoft-word\/","title":{"rendered":"Qu\u00e8 \u00e9s Microsoft Word"},"content":{"rendered":"<h2 class=\"wp-block-heading\">QU\u00c8 \u00c9S MICROSOFT WORD?<\/h2>\n\n\n<div class=\"wp-block-image\">\n<figure class=\"alignleft\"><img loading=\"lazy\" decoding=\"async\" width=\"300\" height=\"169\" src=\"https:\/\/www.apen.es\/wp-content\/uploads\/2020\/11\/Microsoft-Word-Logotipo-2013-2019-300x169.jpg\" alt=\"\" class=\"wp-image-20300\" title=\"Qu\u00e8 \u00e9s Microsoft Word. Qu\u00e8 \u00e9s Microsoft Word?\" srcset=\"https:\/\/www.apen.es\/wp-content\/uploads\/2020\/11\/Microsoft-Word-Logotipo-2013-2019-300x169.jpg 300w, https:\/\/www.apen.es\/wp-content\/uploads\/2020\/11\/Microsoft-Word-Logotipo-2013-2019-1024x576.jpg 1024w, https:\/\/www.apen.es\/wp-content\/uploads\/2020\/11\/Microsoft-Word-Logotipo-2013-2019-768x432.jpg 768w, https:\/\/www.apen.es\/wp-content\/uploads\/2020\/11\/Microsoft-Word-Logotipo-2013-2019-1536x864.jpg 1536w, https:\/\/www.apen.es\/wp-content\/uploads\/2020\/11\/Microsoft-Word-Logotipo-2013-2019.jpg 1920w\" sizes=\"auto, (max-width: 300px) 100vw, 300px\" \/><\/figure>\n<\/div>\n\n\n<p>Si heu de crear un document, probablement considereu l&#039;opci\u00f3 de <a href=\"https:\/\/www.apen.es\/ca\/formacio-per-a-empreses\/formacio-word-per-a-empreses\/\"><strong>Microsoft Word<\/strong><\/a>. Aquesta eina \u00e9s \u00fatil per crear una \u00e0mplia varietat de documents professionals de manera r\u00e0pida i senzilla. A m\u00e9s, \u00e9s una de les m\u00e9s populars actualment.<\/p>\n\n\n\n<p>Microsoft Word es pot utilitzar per produir molts tipus de documents per les m\u00faltiples caracter\u00edstiques i eines.<\/p>\n\n\n\n<p>En teoria, Microsoft Word \u00e9s un processador de textos, el que vol dir que \u00e9s una aplicaci\u00f3 que utilitza per \u00abprocessar\u00bb \u2013 formatar, manipular, desar, imprimir, compartir \u2013 un document basat en text.<\/p>\n\n\n\n<p>Microsoft Word \u00e9s possiblement el processador de textos m\u00e9s popular del planeta. Aix\u00f2 \u00e9s perqu\u00e8 \u00e9s part de l&#039;Office Suite de Microsoft, que est\u00e0 instal\u00b7lat en mil milions de dispositius al m\u00f3n. Tant per a principiants com per a usuaris avan\u00e7ats, Word continua sent el millor processador de textos del m\u00f3n. Les seves funcions intu\u00eftives us permeten crear documents visualment atractius i efectius de forma r\u00e0pida.<\/p>\n\n\n\n<p>Microsoft Word tamb\u00e9 inclou opcions com el corrector ortogr\u00e0fic, corrector gramatical, format de text i fonts, suport HTML, suport d&#039;imatges, disseny de p\u00e0gina avan\u00e7at i m\u00e9s. Microsoft Word pot revisar la seva gram\u00e0tica i ortografia, aix\u00ed com la complexitat de la seva escriptura. Word utilitza proves ling\u00fc\u00edstiques com la prova Flesch Reading Ease, que calcula una puntuaci\u00f3 a una escala de 100 punts. Com m\u00e9s gran sigui el nombre, m\u00e9s f\u00e0cil d&#039;entendre.<\/p>\n\n\n\n<p><strong>Una mica d&#039;hist\u00f2ria<\/strong><\/p>\n\n\n\n<p>Per revisar la hist\u00f2ria de Microsoft Word hem d&#039;anar molts anys enrere quan Word 1.0 per a Windows es va llan\u00e7ar el 1989. Aquest va ser un dels primers processadors de text que va oferir una interf\u00edcie WYSIWYG (What You See Is What You Get o el que veus \u00e9s el que obtens en espanyol).<\/p>\n\n\n\n<p>Aquesta combinaci\u00f3 de facilitat d&#039;\u00fas i caracter\u00edstiques robustes el converteix en el processador de text de refer\u00e8ncia tant a llars com a oficines actualment. Ara tamb\u00e9 est\u00e0 disponible per al sistema operatiu Mac, aix\u00ed com una versi\u00f3 basada en web mitjan\u00e7ant una subscripci\u00f3 a Office 365.<\/p>\n\n\n\n<p><strong>Els m\u00faltiples usos de Microsoft Word<\/strong><\/p>\n\n\n\n<p>Microsoft Word ofereix molt\u00edssimes possibilitats de crear documents personals i professionals m\u00e9s enll\u00e0 del simple text que creem des de 0. Per exemple, podeu fer \u00fas de plantilles dissenyades per professionals per donar-li una millor aparen\u00e7a. Amb aquestes plantilles podreu crear informes, propostes, butlletins, fulletons, cat\u00e0legs, volants, CVs, targetes de visites, factures, rebuts, paquets de productes, etiquetes, invitacions, targetes de regals, entre d&#039;altres.<\/p>\n\n\n\n<p>Microsoft Word \u00e9s compatible amb molts altres programes, sent el m\u00e9s com\u00fa els altres components de la suite dOffice.<\/p>\n\n\n\n<p>Microsoft Word ha evolucionat al llarg dels anys amb subscripcions en l\u00ednia que ofereixen acc\u00e9s a m\u00faltiples dispositius, aix\u00ed com una versi\u00f3 gratu\u00efta de Word basada en el n\u00favol. Per aix\u00f2 continua sent l&#039;eina de refer\u00e8ncia per produir documents importants: \u00e9s fiable, personalitzable i t\u00e9 moltes funcions integrades.<\/p>","protected":false},"excerpt":{"rendered":"<p>\u00bfQU\u00c9 ES MICROSOFT WORD? Si necesita crear un documento, probablemente considere la opci\u00f3n de Microsoft Word. Esta herramienta es \u00fatil para crear una amplia variedad de documentos profesionales de forma r\u00e1pida y sencilla. Adem\u00e1s, es una de las m\u00e1s populares en la actualidad. Microsoft Word se puede utilizar para producir muchos tipos de documentos por&#8230;<\/p>","protected":false},"author":4,"featured_media":0,"parent":6185,"menu_order":0,"comment_status":"closed","ping_status":"closed","template":"page-landing-glosario.php","meta":{"_acf_changed":false,"_kad_blocks_custom_css":"","_kad_blocks_head_custom_js":"","_kad_blocks_body_custom_js":"","_kad_blocks_footer_custom_js":"","_kad_post_transparent":"","_kad_post_title":"","_kad_post_layout":"","_kad_post_sidebar_id":"","_kad_post_content_style":"","_kad_post_vertical_padding":"","_kad_post_feature":"","_kad_post_feature_position":"","_kad_post_header":false,"_kad_post_footer":false,"_kad_post_classname":"","footnotes":""},"class_list":["post-20299","page","type-page","status-publish","hentry"],"acf":[],"yoast_head":"<!-- This site is optimized with the Yoast SEO plugin v27.4 - https:\/\/yoast.com\/product\/yoast-seo-wordpress\/ -->\n<title>Que es Microsoft Word - Apen Inform\u00e1tica<\/title>\n<meta name=\"description\" content=\"Si necesita crear un documento, probablemente considere la opci\u00f3n de Microsoft Word. Esta herramienta es \u00fatil para crear una amplia variedad de \u2026\" \/>\n<meta name=\"robots\" content=\"index, follow, max-snippet:-1, max-image-preview:large, max-video-preview:-1\" \/>\n<link rel=\"canonical\" href=\"https:\/\/www.apen.es\/ca\/glossari-dinformatica\/microsoft-word\/\" \/>\n<meta property=\"og:locale\" content=\"ca_ES\" \/>\n<meta property=\"og:type\" content=\"article\" \/>\n<meta property=\"og:title\" content=\"Que es Microsoft Word - Apen Inform\u00e1tica\" \/>\n<meta property=\"og:description\" content=\"Si necesita crear un documento, probablemente considere la opci\u00f3n de Microsoft Word. Esta herramienta es \u00fatil para crear una amplia variedad de \u2026\" \/>\n<meta property=\"og:url\" content=\"https:\/\/www.apen.es\/ca\/glossari-dinformatica\/microsoft-word\/\" \/>\n<meta property=\"og:site_name\" content=\"Apen Inform\u00e1tica\" \/>\n<meta property=\"article:publisher\" content=\"https:\/\/www.facebook.com\/apensolucions\" \/>\n<meta property=\"article:modified_time\" content=\"2025-07-14T11:07:52+00:00\" \/>\n<meta property=\"og:image\" content=\"https:\/\/www.apen.es\/wp-content\/uploads\/2020\/11\/Microsoft-Word-Logotipo-2013-2019-300x169.jpg\" \/>\n<meta name=\"twitter:card\" content=\"summary_large_image\" \/>\n<meta name=\"twitter:label1\" content=\"Temps estimat de lectura\" \/>\n\t<meta name=\"twitter:data1\" content=\"3 minuts\" \/>\n<script type=\"application\/ld+json\" class=\"yoast-schema-graph\">{\"@context\":\"https:\\\/\\\/schema.org\",\"@graph\":[{\"@type\":\"WebPage\",\"@id\":\"https:\\\/\\\/www.apen.es\\\/glosario-de-informatica\\\/microsoft-word\\\/\",\"url\":\"https:\\\/\\\/www.apen.es\\\/glosario-de-informatica\\\/microsoft-word\\\/\",\"name\":\"Que es Microsoft Word - Apen Inform\u00e1tica\",\"isPartOf\":{\"@id\":\"https:\\\/\\\/www.apen.es\\\/#website\"},\"primaryImageOfPage\":{\"@id\":\"https:\\\/\\\/www.apen.es\\\/glosario-de-informatica\\\/microsoft-word\\\/#primaryimage\"},\"image\":{\"@id\":\"https:\\\/\\\/www.apen.es\\\/glosario-de-informatica\\\/microsoft-word\\\/#primaryimage\"},\"thumbnailUrl\":\"https:\\\/\\\/www.apen.es\\\/wp-content\\\/uploads\\\/2020\\\/11\\\/Microsoft-Word-Logotipo-2013-2019-300x169.jpg\",\"datePublished\":\"2020-11-02T11:28:58+00:00\",\"dateModified\":\"2025-07-14T11:07:52+00:00\",\"description\":\"Si necesita crear un documento, probablemente considere la opci\u00f3n de Microsoft Word. Esta herramienta es \u00fatil para crear una amplia variedad de \u2026\",\"breadcrumb\":{\"@id\":\"https:\\\/\\\/www.apen.es\\\/glosario-de-informatica\\\/microsoft-word\\\/#breadcrumb\"},\"inLanguage\":\"ca\",\"potentialAction\":[{\"@type\":\"ReadAction\",\"target\":[\"https:\\\/\\\/www.apen.es\\\/glosario-de-informatica\\\/microsoft-word\\\/\"]}]},{\"@type\":\"ImageObject\",\"inLanguage\":\"ca\",\"@id\":\"https:\\\/\\\/www.apen.es\\\/glosario-de-informatica\\\/microsoft-word\\\/#primaryimage\",\"url\":\"https:\\\/\\\/www.apen.es\\\/wp-content\\\/uploads\\\/2020\\\/11\\\/Microsoft-Word-Logotipo-2013-2019-300x169.jpg\",\"contentUrl\":\"https:\\\/\\\/www.apen.es\\\/wp-content\\\/uploads\\\/2020\\\/11\\\/Microsoft-Word-Logotipo-2013-2019-300x169.jpg\"},{\"@type\":\"BreadcrumbList\",\"@id\":\"https:\\\/\\\/www.apen.es\\\/glosario-de-informatica\\\/microsoft-word\\\/#breadcrumb\",\"itemListElement\":[{\"@type\":\"ListItem\",\"position\":1,\"name\":\"Portada\",\"item\":\"https:\\\/\\\/www.apen.es\\\/\"},{\"@type\":\"ListItem\",\"position\":2,\"name\":\"Glosario de inform\u00e1tica\",\"item\":\"https:\\\/\\\/www.apen.es\\\/glosario-de-informatica\\\/\"},{\"@type\":\"ListItem\",\"position\":3,\"name\":\"Que es Microsoft Word\"}]},{\"@type\":\"WebSite\",\"@id\":\"https:\\\/\\\/www.apen.es\\\/#website\",\"url\":\"https:\\\/\\\/www.apen.es\\\/\",\"name\":\"Apen Inform\u00e1tica\",\"description\":\"Mantenimiento Inform\u00e1tico , Software de Gesti\u00f3n, Soluciones de impresi\u00f3n\",\"publisher\":{\"@id\":\"https:\\\/\\\/www.apen.es\\\/#organization\"},\"potentialAction\":[{\"@type\":\"SearchAction\",\"target\":{\"@type\":\"EntryPoint\",\"urlTemplate\":\"https:\\\/\\\/www.apen.es\\\/?s={search_term_string}\"},\"query-input\":{\"@type\":\"PropertyValueSpecification\",\"valueRequired\":true,\"valueName\":\"search_term_string\"}}],\"inLanguage\":\"ca\"},{\"@type\":\"Organization\",\"@id\":\"https:\\\/\\\/www.apen.es\\\/#organization\",\"name\":\"Apen: Soluciones inform\u00e1ticas\",\"url\":\"https:\\\/\\\/www.apen.es\\\/\",\"logo\":{\"@type\":\"ImageObject\",\"inLanguage\":\"ca\",\"@id\":\"https:\\\/\\\/www.apen.es\\\/#\\\/schema\\\/logo\\\/image\\\/\",\"url\":\"https:\\\/\\\/www.apen.es\\\/wp-content\\\/uploads\\\/2022\\\/08\\\/logo-apenok-231x82-1.png\",\"contentUrl\":\"https:\\\/\\\/www.apen.es\\\/wp-content\\\/uploads\\\/2022\\\/08\\\/logo-apenok-231x82-1.png\",\"width\":231,\"height\":82,\"caption\":\"Apen: Soluciones inform\u00e1ticas\"},\"image\":{\"@id\":\"https:\\\/\\\/www.apen.es\\\/#\\\/schema\\\/logo\\\/image\\\/\"},\"sameAs\":[\"https:\\\/\\\/www.facebook.com\\\/apensolucions\",\"https:\\\/\\\/www.youtube.com\\\/user\\\/ApenCentreInformatic\",\"https:\\\/\\\/www.linkedin.com\\\/company\\\/1021771?trk=tyah&trkInfo=clickedVerticalcompanyclickedEntityId1021771idx2-1-2tarId1464195271196tasapenin\"]}]}<\/script>\n<!-- \/ Yoast SEO plugin. -->","yoast_head_json":{"title":"Qu\u00e8 \u00e9s Microsoft Word - Apen Inform\u00e0tica","description":"Si necessiteu crear un document, probablement considereu l&#039;opci\u00f3 de Microsoft Word. Aquesta eina \u00e9s \u00fatil per crear una \u00e0mplia varietat de \u2026","robots":{"index":"index","follow":"follow","max-snippet":"max-snippet:-1","max-image-preview":"max-image-preview:large","max-video-preview":"max-video-preview:-1"},"canonical":"https:\/\/www.apen.es\/ca\/glossari-dinformatica\/microsoft-word\/","og_locale":"ca_ES","og_type":"article","og_title":"Que es Microsoft Word - Apen Inform\u00e1tica","og_description":"Si necesita crear un documento, probablemente considere la opci\u00f3n de Microsoft Word. Esta herramienta es \u00fatil para crear una amplia variedad de \u2026","og_url":"https:\/\/www.apen.es\/ca\/glossari-dinformatica\/microsoft-word\/","og_site_name":"Apen Inform\u00e1tica","article_publisher":"https:\/\/www.facebook.com\/apensolucions","article_modified_time":"2025-07-14T11:07:52+00:00","og_image":[{"url":"https:\/\/www.apen.es\/wp-content\/uploads\/2020\/11\/Microsoft-Word-Logotipo-2013-2019-300x169.jpg","type":"","width":"","height":""}],"twitter_card":"summary_large_image","twitter_misc":{"Temps estimat de lectura":"3 minuts"},"schema":{"@context":"https:\/\/schema.org","@graph":[{"@type":"WebPage","@id":"https:\/\/www.apen.es\/glosario-de-informatica\/microsoft-word\/","url":"https:\/\/www.apen.es\/glosario-de-informatica\/microsoft-word\/","name":"Qu\u00e8 \u00e9s Microsoft Word - Apen Inform\u00e0tica","isPartOf":{"@id":"https:\/\/www.apen.es\/#website"},"primaryImageOfPage":{"@id":"https:\/\/www.apen.es\/glosario-de-informatica\/microsoft-word\/#primaryimage"},"image":{"@id":"https:\/\/www.apen.es\/glosario-de-informatica\/microsoft-word\/#primaryimage"},"thumbnailUrl":"https:\/\/www.apen.es\/wp-content\/uploads\/2020\/11\/Microsoft-Word-Logotipo-2013-2019-300x169.jpg","datePublished":"2020-11-02T11:28:58+00:00","dateModified":"2025-07-14T11:07:52+00:00","description":"Si necessiteu crear un document, probablement considereu l&#039;opci\u00f3 de Microsoft Word. Aquesta eina \u00e9s \u00fatil per crear una \u00e0mplia varietat de \u2026","breadcrumb":{"@id":"https:\/\/www.apen.es\/glosario-de-informatica\/microsoft-word\/#breadcrumb"},"inLanguage":"ca","potentialAction":[{"@type":"ReadAction","target":["https:\/\/www.apen.es\/glosario-de-informatica\/microsoft-word\/"]}]},{"@type":"ImageObject","inLanguage":"ca","@id":"https:\/\/www.apen.es\/glosario-de-informatica\/microsoft-word\/#primaryimage","url":"https:\/\/www.apen.es\/wp-content\/uploads\/2020\/11\/Microsoft-Word-Logotipo-2013-2019-300x169.jpg","contentUrl":"https:\/\/www.apen.es\/wp-content\/uploads\/2020\/11\/Microsoft-Word-Logotipo-2013-2019-300x169.jpg"},{"@type":"BreadcrumbList","@id":"https:\/\/www.apen.es\/glosario-de-informatica\/microsoft-word\/#breadcrumb","itemListElement":[{"@type":"ListItem","position":1,"name":"Portada","item":"https:\/\/www.apen.es\/"},{"@type":"ListItem","position":2,"name":"Glosario de inform\u00e1tica","item":"https:\/\/www.apen.es\/glosario-de-informatica\/"},{"@type":"ListItem","position":3,"name":"Que es Microsoft Word"}]},{"@type":"WebSite","@id":"https:\/\/www.apen.es\/#website","url":"https:\/\/www.apen.es\/","name":"Apen Inform\u00e0tica","description":"Manteniment inform\u00e0tic , programari de gesti\u00f3, solucions d&#039;impressi\u00f3","publisher":{"@id":"https:\/\/www.apen.es\/#organization"},"potentialAction":[{"@type":"SearchAction","target":{"@type":"EntryPoint","urlTemplate":"https:\/\/www.apen.es\/?s={search_term_string}"},"query-input":{"@type":"PropertyValueSpecification","valueRequired":true,"valueName":"search_term_string"}}],"inLanguage":"ca"},{"@type":"Organization","@id":"https:\/\/www.apen.es\/#organization","name":"Apen: Solucions inform\u00e0tiques","url":"https:\/\/www.apen.es\/","logo":{"@type":"ImageObject","inLanguage":"ca","@id":"https:\/\/www.apen.es\/#\/schema\/logo\/image\/","url":"https:\/\/www.apen.es\/wp-content\/uploads\/2022\/08\/logo-apenok-231x82-1.png","contentUrl":"https:\/\/www.apen.es\/wp-content\/uploads\/2022\/08\/logo-apenok-231x82-1.png","width":231,"height":82,"caption":"Apen: Soluciones inform\u00e1ticas"},"image":{"@id":"https:\/\/www.apen.es\/#\/schema\/logo\/image\/"},"sameAs":["https:\/\/www.facebook.com\/apensolucions","https:\/\/www.youtube.com\/user\/ApenCentreInformatic","https:\/\/www.linkedin.com\/company\/1021771?trk=tyah&trkInfo=clickedVerticalcompanyclickedEntityId1021771idx2-1-2tarId1464195271196tasapenin"]}]}},"taxonomy_info":[],"featured_image_src_large":false,"author_info":{"display_name":"marqueting","author_link":"https:\/\/www.apen.es\/ca\/blog\/author\/marqueting\/"},"comment_info":0,"_links":{"self":[{"href":"https:\/\/www.apen.es\/ca\/wp-json\/wp\/v2\/pages\/20299","targetHints":{"allow":["GET"]}}],"collection":[{"href":"https:\/\/www.apen.es\/ca\/wp-json\/wp\/v2\/pages"}],"about":[{"href":"https:\/\/www.apen.es\/ca\/wp-json\/wp\/v2\/types\/page"}],"author":[{"embeddable":true,"href":"https:\/\/www.apen.es\/ca\/wp-json\/wp\/v2\/users\/4"}],"replies":[{"embeddable":true,"href":"https:\/\/www.apen.es\/ca\/wp-json\/wp\/v2\/comments?post=20299"}],"version-history":[{"count":1,"href":"https:\/\/www.apen.es\/ca\/wp-json\/wp\/v2\/pages\/20299\/revisions"}],"predecessor-version":[{"id":56573,"href":"https:\/\/www.apen.es\/ca\/wp-json\/wp\/v2\/pages\/20299\/revisions\/56573"}],"up":[{"embeddable":true,"href":"https:\/\/www.apen.es\/ca\/wp-json\/wp\/v2\/pages\/6185"}],"wp:attachment":[{"href":"https:\/\/www.apen.es\/ca\/wp-json\/wp\/v2\/media?parent=20299"}],"curies":[{"name":"wp","href":"https:\/\/api.w.org\/{rel}","templated":true}]}}