{"id":19509,"date":"2020-10-09T13:08:39","date_gmt":"2020-10-09T13:08:39","guid":{"rendered":"https:\/\/www.apen.es\/?page_id=19509"},"modified":"2025-07-09T10:31:24","modified_gmt":"2025-07-09T10:31:24","slug":"renting-mobils","status":"publish","type":"page","link":"https:\/\/www.apen.es\/ca\/renting-ordenadores\/renting-moviles\/","title":{"rendered":"R\u00e8nting m\u00f2bils"},"content":{"rendered":"<p>El <strong>R\u00e8nting de m\u00f2bils<\/strong> \u00e9s l&#039;opci\u00f3 m\u00e9s c\u00f2moda i rendible per a les empreses, ja que poden disposar de la quantitat de tel\u00e8fons intel\u00b7ligents que necessitin per utilitzar-los com a eina de treball, sense tenir la necessitat de comprar-los.<\/p>\n\n\n\n<p>El <strong>r\u00e8nting de m\u00f2bils<\/strong> es converteix en la millor opci\u00f3 per disposar de dispositius intel\u00b7ligents d&#039;\u00faltima generaci\u00f3, adaptats a les necessitats de cada empresa, sense la necessitat que els treballadors o els directius utilitzin el m\u00f2bil personal i pagant, \u00fanicament, per l&#039;\u00fas que li donen. \u00c9s un servei de lloguer que s&#039;adapta completament a les necessitats de cada empresa i resulta una soluci\u00f3 molt m\u00e9s econ\u00f2mica i pr\u00e0ctica que la necessitat de comprar-los.<\/p>\n\n\n\n<p>Gr\u00e0cies al r\u00e8nting, moltes empreses disposen d&#039;eines de treball id\u00f2nies per poder desenvolupar les funcions que necessiten des de qualsevol lloc i sense haver d&#039;utilitzar el tel\u00e8fon personal, gaudint de totes les possibilitats i funcionalitats que ofereixen els smartphones de tecnologia punta. Tamb\u00e9 \u00e9s una bona manera de tenir m\u00e9s control sobre les despeses de l&#039;empresa en aquest sentit, ja que mitjan\u00e7ant un servei de finan\u00e7ament basat en el \u201cpagament per \u00fas\u201d, es pot saber exactament la inversi\u00f3 i la despesa que suposa aquest sistema de <strong>r\u00e8nting de m\u00f2bils<\/strong>.<\/p>\n\n\n\n<p>A Apen oferim tota mena de serveis de r\u00e8nting, perqu\u00e8 sabem tots els avantatges que aporta, com per exemple per a totes aquelles petites empreses i nous emprenedors que necessiten accedir a dispositius d&#039;\u00faltima generaci\u00f3, per\u00f2 no tenen el pressupost per fer-ho. Aquest servei de lloguer fa m\u00e9s c\u00f2moda i segura la gesti\u00f3 de trucades, missatges o dades de qualsevol empresa perqu\u00e8 els treballadors gaudeixin de sistemes que s&#039;actualitzen cont\u00ednuament i per gaudir de grans prestacions a un baix cost.<\/p>\n\n\n\n<p>El lloguer de m\u00f2bils ofereix grans avantatges davant la compra de tel\u00e8fons intel\u00b7ligents, ja que les empreses poden estalviar molts diners, sobretot en la inversi\u00f3 inicial ia m\u00e9s poden provar diversos sistemes fins a obtenir el dispositiu que m\u00e9s s&#039;adapti a les seves necessitats, sense el comprom\u00eds d&#039;haver de comprar-los.<\/p>\n\n\n\n<p>Un altre clar avantatge \u00e9s la flexibilitat i l&#039;escalabilitat que ofereix, perqu\u00e8 \u00e9s un nou model de consum on l&#039;empresa nom\u00e9s ha de pagar per aquells m\u00f2bils que necessita i per all\u00f2 que gasta, en funci\u00f3 de les condicions que s&#039;acordin.<\/p>\n\n\n\n<p>Aix\u00f2 vol dir que el consum de m\u00f2bils per a l&#039;empresa \u00e9s m\u00e9s sostenible i l&#039;economia circular es fomenta, a m\u00e9s de lluitar contra l&#039;obsolesc\u00e8ncia programada i fomentar l&#039;\u00fas conscient dels dispositius. Gr\u00e0cies al <strong>r\u00e8nting de m\u00f2bils<\/strong> les empreses usen les eines d&#039;una manera m\u00e9s optimitzada, allargant la vida \u00fatil i tenint la possibilitat de comptar amb l&#039;ajuda especialitzada d&#039;Apen, per poder arreglar qualsevol problema i trobar un dispositiu substitut mentre aix\u00f2 se soluciona.<\/p>","protected":false},"excerpt":{"rendered":"<p>El Renting de m\u00f3viles es la opci\u00f3n m\u00e1s c\u00f3moda y rentable para las empresas, ya que pueden disponer de la cantidad de smartphones que necesiten para utilizarlos como herramienta de trabajo, sin tener la necesidad de comprarlos. El renting de m\u00f3viles se convierte en la mejor opci\u00f3n para disponer de dispositivos inteligentes de \u00faltima generaci\u00f3n,&#8230;<\/p>","protected":false},"author":4,"featured_media":0,"parent":6256,"menu_order":0,"comment_status":"closed","ping_status":"closed","template":"page-renting-equipos-informatico.php","meta":{"_acf_changed":false,"_kad_blocks_custom_css":"","_kad_blocks_head_custom_js":"","_kad_blocks_body_custom_js":"","_kad_blocks_footer_custom_js":"","_kad_post_transparent":"","_kad_post_title":"","_kad_post_layout":"","_kad_post_sidebar_id":"","_kad_post_content_style":"","_kad_post_vertical_padding":"","_kad_post_feature":"","_kad_post_feature_position":"","_kad_post_header":false,"_kad_post_footer":false,"_kad_post_classname":"","footnotes":""},"class_list":["post-19509","page","type-page","status-publish","hentry"],"acf":[],"yoast_head":"<!-- This site is optimized with the Yoast SEO plugin v27.4 - https:\/\/yoast.com\/product\/yoast-seo-wordpress\/ -->\n<title>Renting moviles - Apen Inform\u00e1tica<\/title>\n<meta name=\"description\" content=\"\u00bfNecesitas un renting de tel\u00e9fonos m\u00f3viles? Apen es una empresa proveedora de servicios de renting y alquiler de todo tipo de tecnolog\u00edas. Conf\u00eda en Apen.\" \/>\n<meta name=\"robots\" content=\"index, follow, max-snippet:-1, max-image-preview:large, max-video-preview:-1\" \/>\n<link rel=\"canonical\" href=\"https:\/\/www.apen.es\/ca\/renting-ordinadors\/renting-mobils\/\" \/>\n<meta property=\"og:locale\" content=\"ca_ES\" \/>\n<meta property=\"og:type\" content=\"article\" \/>\n<meta property=\"og:title\" content=\"Renting moviles - Apen Inform\u00e1tica\" \/>\n<meta property=\"og:description\" content=\"\u00bfNecesitas un renting de tel\u00e9fonos m\u00f3viles? Apen es una empresa proveedora de servicios de renting y alquiler de todo tipo de tecnolog\u00edas. Conf\u00eda en Apen.\" \/>\n<meta property=\"og:url\" content=\"https:\/\/www.apen.es\/ca\/renting-ordinadors\/renting-mobils\/\" \/>\n<meta property=\"og:site_name\" content=\"Apen Inform\u00e1tica\" \/>\n<meta property=\"article:publisher\" content=\"https:\/\/www.facebook.com\/apensolucions\" \/>\n<meta property=\"article:modified_time\" content=\"2025-07-09T10:31:24+00:00\" \/>\n<meta property=\"og:image\" content=\"https:\/\/www.apen.es\/wp-content\/uploads\/2016\/05\/logo-apen-231x82-trasparent.png\" \/>\n\t<meta property=\"og:image:width\" content=\"231\" \/>\n\t<meta property=\"og:image:height\" content=\"82\" \/>\n\t<meta property=\"og:image:type\" content=\"image\/png\" \/>\n<meta name=\"twitter:card\" content=\"summary_large_image\" \/>\n<meta name=\"twitter:label1\" content=\"Temps estimat de lectura\" \/>\n\t<meta name=\"twitter:data1\" content=\"4 minuts\" \/>\n<script type=\"application\/ld+json\" class=\"yoast-schema-graph\">{\"@context\":\"https:\\\/\\\/schema.org\",\"@graph\":[{\"@type\":\"WebPage\",\"@id\":\"https:\\\/\\\/www.apen.es\\\/renting-ordenadores\\\/renting-moviles\\\/\",\"url\":\"https:\\\/\\\/www.apen.es\\\/renting-ordenadores\\\/renting-moviles\\\/\",\"name\":\"Renting moviles - Apen Inform\u00e1tica\",\"isPartOf\":{\"@id\":\"https:\\\/\\\/www.apen.es\\\/#website\"},\"datePublished\":\"2020-10-09T13:08:39+00:00\",\"dateModified\":\"2025-07-09T10:31:24+00:00\",\"description\":\"\u00bfNecesitas un renting de tel\u00e9fonos m\u00f3viles? Apen es una empresa proveedora de servicios de renting y alquiler de todo tipo de tecnolog\u00edas. Conf\u00eda en Apen.\",\"breadcrumb\":{\"@id\":\"https:\\\/\\\/www.apen.es\\\/renting-ordenadores\\\/renting-moviles\\\/#breadcrumb\"},\"inLanguage\":\"ca\",\"potentialAction\":[{\"@type\":\"ReadAction\",\"target\":[\"https:\\\/\\\/www.apen.es\\\/renting-ordenadores\\\/renting-moviles\\\/\"]}]},{\"@type\":\"BreadcrumbList\",\"@id\":\"https:\\\/\\\/www.apen.es\\\/renting-ordenadores\\\/renting-moviles\\\/#breadcrumb\",\"itemListElement\":[{\"@type\":\"ListItem\",\"position\":1,\"name\":\"Portada\",\"item\":\"https:\\\/\\\/www.apen.es\\\/\"},{\"@type\":\"ListItem\",\"position\":2,\"name\":\"Renting ordenadores\",\"item\":\"https:\\\/\\\/www.apen.es\\\/renting-ordenadores\\\/\"},{\"@type\":\"ListItem\",\"position\":3,\"name\":\"Renting moviles\"}]},{\"@type\":\"WebSite\",\"@id\":\"https:\\\/\\\/www.apen.es\\\/#website\",\"url\":\"https:\\\/\\\/www.apen.es\\\/\",\"name\":\"Apen Inform\u00e1tica\",\"description\":\"Mantenimiento Inform\u00e1tico , Software de Gesti\u00f3n, Soluciones de impresi\u00f3n\",\"publisher\":{\"@id\":\"https:\\\/\\\/www.apen.es\\\/#organization\"},\"potentialAction\":[{\"@type\":\"SearchAction\",\"target\":{\"@type\":\"EntryPoint\",\"urlTemplate\":\"https:\\\/\\\/www.apen.es\\\/?s={search_term_string}\"},\"query-input\":{\"@type\":\"PropertyValueSpecification\",\"valueRequired\":true,\"valueName\":\"search_term_string\"}}],\"inLanguage\":\"ca\"},{\"@type\":\"Organization\",\"@id\":\"https:\\\/\\\/www.apen.es\\\/#organization\",\"name\":\"Apen: Soluciones inform\u00e1ticas\",\"url\":\"https:\\\/\\\/www.apen.es\\\/\",\"logo\":{\"@type\":\"ImageObject\",\"inLanguage\":\"ca\",\"@id\":\"https:\\\/\\\/www.apen.es\\\/#\\\/schema\\\/logo\\\/image\\\/\",\"url\":\"https:\\\/\\\/www.apen.es\\\/wp-content\\\/uploads\\\/2022\\\/08\\\/logo-apenok-231x82-1.png\",\"contentUrl\":\"https:\\\/\\\/www.apen.es\\\/wp-content\\\/uploads\\\/2022\\\/08\\\/logo-apenok-231x82-1.png\",\"width\":231,\"height\":82,\"caption\":\"Apen: Soluciones inform\u00e1ticas\"},\"image\":{\"@id\":\"https:\\\/\\\/www.apen.es\\\/#\\\/schema\\\/logo\\\/image\\\/\"},\"sameAs\":[\"https:\\\/\\\/www.facebook.com\\\/apensolucions\",\"https:\\\/\\\/www.youtube.com\\\/user\\\/ApenCentreInformatic\",\"https:\\\/\\\/www.linkedin.com\\\/company\\\/1021771?trk=tyah&trkInfo=clickedVerticalcompanyclickedEntityId1021771idx2-1-2tarId1464195271196tasapenin\"]}]}<\/script>\n<!-- \/ Yoast SEO plugin. -->","yoast_head_json":{"title":"Renting movils - Apen Inform\u00e0tica","description":"Necessites un r\u00e8nting de tel\u00e8fons m\u00f2bils? Apen \u00e9s una empresa prove\u00efdora de serveis de r\u00e8nting i lloguer de tota mena de tecnologies. Confia en Apen.","robots":{"index":"index","follow":"follow","max-snippet":"max-snippet:-1","max-image-preview":"max-image-preview:large","max-video-preview":"max-video-preview:-1"},"canonical":"https:\/\/www.apen.es\/ca\/renting-ordinadors\/renting-mobils\/","og_locale":"ca_ES","og_type":"article","og_title":"Renting moviles - Apen Inform\u00e1tica","og_description":"\u00bfNecesitas un renting de tel\u00e9fonos m\u00f3viles? Apen es una empresa proveedora de servicios de renting y alquiler de todo tipo de tecnolog\u00edas. Conf\u00eda en Apen.","og_url":"https:\/\/www.apen.es\/ca\/renting-ordinadors\/renting-mobils\/","og_site_name":"Apen Inform\u00e1tica","article_publisher":"https:\/\/www.facebook.com\/apensolucions","article_modified_time":"2025-07-09T10:31:24+00:00","og_image":[{"width":231,"height":82,"url":"https:\/\/www.apen.es\/wp-content\/uploads\/2016\/05\/logo-apen-231x82-trasparent.png","type":"image\/png"}],"twitter_card":"summary_large_image","twitter_misc":{"Temps estimat de lectura":"4 minuts"},"schema":{"@context":"https:\/\/schema.org","@graph":[{"@type":"WebPage","@id":"https:\/\/www.apen.es\/renting-ordenadores\/renting-moviles\/","url":"https:\/\/www.apen.es\/renting-ordenadores\/renting-moviles\/","name":"Renting movils - Apen Inform\u00e0tica","isPartOf":{"@id":"https:\/\/www.apen.es\/#website"},"datePublished":"2020-10-09T13:08:39+00:00","dateModified":"2025-07-09T10:31:24+00:00","description":"Necessites un r\u00e8nting de tel\u00e8fons m\u00f2bils? Apen \u00e9s una empresa prove\u00efdora de serveis de r\u00e8nting i lloguer de tota mena de tecnologies. Confia en Apen.","breadcrumb":{"@id":"https:\/\/www.apen.es\/renting-ordenadores\/renting-moviles\/#breadcrumb"},"inLanguage":"ca","potentialAction":[{"@type":"ReadAction","target":["https:\/\/www.apen.es\/renting-ordenadores\/renting-moviles\/"]}]},{"@type":"BreadcrumbList","@id":"https:\/\/www.apen.es\/renting-ordenadores\/renting-moviles\/#breadcrumb","itemListElement":[{"@type":"ListItem","position":1,"name":"Portada","item":"https:\/\/www.apen.es\/"},{"@type":"ListItem","position":2,"name":"Renting ordenadores","item":"https:\/\/www.apen.es\/renting-ordenadores\/"},{"@type":"ListItem","position":3,"name":"Renting moviles"}]},{"@type":"WebSite","@id":"https:\/\/www.apen.es\/#website","url":"https:\/\/www.apen.es\/","name":"Apen Inform\u00e0tica","description":"Manteniment inform\u00e0tic , programari de gesti\u00f3, solucions d&#039;impressi\u00f3","publisher":{"@id":"https:\/\/www.apen.es\/#organization"},"potentialAction":[{"@type":"SearchAction","target":{"@type":"EntryPoint","urlTemplate":"https:\/\/www.apen.es\/?s={search_term_string}"},"query-input":{"@type":"PropertyValueSpecification","valueRequired":true,"valueName":"search_term_string"}}],"inLanguage":"ca"},{"@type":"Organization","@id":"https:\/\/www.apen.es\/#organization","name":"Apen: Solucions inform\u00e0tiques","url":"https:\/\/www.apen.es\/","logo":{"@type":"ImageObject","inLanguage":"ca","@id":"https:\/\/www.apen.es\/#\/schema\/logo\/image\/","url":"https:\/\/www.apen.es\/wp-content\/uploads\/2022\/08\/logo-apenok-231x82-1.png","contentUrl":"https:\/\/www.apen.es\/wp-content\/uploads\/2022\/08\/logo-apenok-231x82-1.png","width":231,"height":82,"caption":"Apen: Soluciones inform\u00e1ticas"},"image":{"@id":"https:\/\/www.apen.es\/#\/schema\/logo\/image\/"},"sameAs":["https:\/\/www.facebook.com\/apensolucions","https:\/\/www.youtube.com\/user\/ApenCentreInformatic","https:\/\/www.linkedin.com\/company\/1021771?trk=tyah&trkInfo=clickedVerticalcompanyclickedEntityId1021771idx2-1-2tarId1464195271196tasapenin"]}]}},"taxonomy_info":[],"featured_image_src_large":false,"author_info":{"display_name":"marqueting","author_link":"https:\/\/www.apen.es\/ca\/blog\/author\/marqueting\/"},"comment_info":0,"_links":{"self":[{"href":"https:\/\/www.apen.es\/ca\/wp-json\/wp\/v2\/pages\/19509","targetHints":{"allow":["GET"]}}],"collection":[{"href":"https:\/\/www.apen.es\/ca\/wp-json\/wp\/v2\/pages"}],"about":[{"href":"https:\/\/www.apen.es\/ca\/wp-json\/wp\/v2\/types\/page"}],"author":[{"embeddable":true,"href":"https:\/\/www.apen.es\/ca\/wp-json\/wp\/v2\/users\/4"}],"replies":[{"embeddable":true,"href":"https:\/\/www.apen.es\/ca\/wp-json\/wp\/v2\/comments?post=19509"}],"version-history":[{"count":1,"href":"https:\/\/www.apen.es\/ca\/wp-json\/wp\/v2\/pages\/19509\/revisions"}],"predecessor-version":[{"id":55998,"href":"https:\/\/www.apen.es\/ca\/wp-json\/wp\/v2\/pages\/19509\/revisions\/55998"}],"up":[{"embeddable":true,"href":"https:\/\/www.apen.es\/ca\/wp-json\/wp\/v2\/pages\/6256"}],"wp:attachment":[{"href":"https:\/\/www.apen.es\/ca\/wp-json\/wp\/v2\/media?parent=19509"}],"curies":[{"name":"wp","href":"https:\/\/api.w.org\/{rel}","templated":true}]}}