{"id":19478,"date":"2020-10-09T08:53:37","date_gmt":"2020-10-09T08:53:37","guid":{"rendered":"https:\/\/www.apen.es\/?page_id=19478"},"modified":"2025-07-10T07:14:22","modified_gmt":"2025-07-10T07:14:22","slug":"servidor-windows-nuvol","status":"publish","type":"page","link":"https:\/\/www.apen.es\/ca\/servidores-redes\/servidores-cloud\/servidor-windows-nube\/","title":{"rendered":"Servidor Windows n\u00favol"},"content":{"rendered":"<p>Disposar d&#039;un <strong>servidor Windows <\/strong>a la<strong> n\u00favol<\/strong> \u00e9s gaudir d&#039;un programari d&#039;emmagatzematge i una eina de treball de m\u00e0xima qualitat, totalment rendible i amb una gran accessibilitat.<\/p>\n\n\n\n<p>Ofereix grans avantatges davant dels servidors f\u00edsics, ja que millora les qualitats d&#039;aquests i es mant\u00e9 cont\u00ednuament actualitzat, a m\u00e9s d&#039;estalviar costos en la quota de manteniment o personal, perqu\u00e8 no es necessiten treballadors especialitzats per manipular-lo. \u00c9s possible fer plans personalitzats, podent adaptar-lo completament a les necessitats de l&#039;empresa i traient-ne el m\u00e0xim profit i rendiment. \u00c9s un programari en evoluci\u00f3 cont\u00ednua, capa\u00e7 d&#039;adaptar-se a tot tipus de situacions i evitar caigudes del sistema.<\/p>\n\n\n\n<p>Els servidors al n\u00favol ofereixen m\u00e9s redund\u00e0ncia i si un servidor falla altres poden prendre el seu lloc, fent que la seguretat en lemmagatzematge de dades sigui molt m\u00e9s segura, intel\u00b7ligent i eficient. El <strong>servidor<\/strong> de <strong>Windows<\/strong> a la <strong>n\u00favol<\/strong> \u00e9s un sistema que crea una gran flexibilitat i escalabilitat, podent accedir a recursos addicionals sempre que sigui necessari i aix\u00f2 \u00e9s molt valu\u00f3s per a clients que tenen becs en el recurs requerit en alguns mesos de l&#039;any o b\u00e9 aquells clients que tenen un recurs dif\u00edcil de predir.<\/p>\n\n\n\n<p>El <strong>servidor Windows <\/strong>a la<strong> n\u00favol<\/strong> \u00e9s una opci\u00f3 molt rendible, perqu\u00e8 el client nom\u00e9s paga per all\u00f2 que utilitza i no t\u00e9 la necessitat de comprar un paquet complet, podent retirar aquells recursos que no li interessin i estalviant costos. Tamb\u00e9 es presenten despeses fixes i inalterables, perqu\u00e8 el prove\u00efdor s&#039;ocupa d&#039;arreglar, mantenir o actualitzar la infraestructura, evitant despeses imprevistes o situacions com la baixa del personal especialitzat.<\/p>\n\n\n\n<p>El servidor de Windows al n\u00favol \u00e9s molt segur per a l&#039;empresa perqu\u00e8 suporta l&#039;encriptaci\u00f3 de les vostres dades, tant de les que estan en tr\u00e0nsit com les que estan emmagatzemades. En estar connectat a la xarxa sempre est\u00e0 actualitzat amb les \u00faltimes versions i protocols de seguretat, cosa que permet que evolucioni constantment. Quant a les c\u00f2pies de seguretat tamb\u00e9 ofereix avantatges, perqu\u00e8 no cal estar-ne pendent cont\u00ednuament, sin\u00f3 que es van creant de forma autom\u00e0tica i es poden revisar des de qualsevol dispositiu, de manera que perdre la informaci\u00f3 valuosa de l&#039;empresa \u00e9s una tasca, pr\u00e0cticament, impossible.<\/p>\n\n\n\n<p>Si vols aconseguir tots els beneficis de comptar amb un <strong>servidor Windows<\/strong> a la <strong>n\u00favol<\/strong> a la teva empresa, des d&#039;Apen podem ajudar-te a aconseguir-ho. T&#039;assessorarem de forma especialitzada per explicar-te, detalladament, totes les possibilitats de qu\u00e8 disposes i tamb\u00e9 plantejarem una soluci\u00f3 feta a mida, basada en les teves necessitats i les de la teva empresa, perqu\u00e8 aquest programari et permeti gaudir d&#039;un entorn virtual segur, actualitzat, eficient i personalitzat sempre que ho necessitis i des de qualsevol lloc.<\/p>","protected":false},"excerpt":{"rendered":"<p>Disponer de un servidor Windows en la nube es disfrutar de un software de almacenamiento y una herramienta de trabajo de la m\u00e1xima calidad, totalmente rentable y con una gran accesibilidad. Ofrece grandes ventajas frente a los servidores f\u00edsicos, ya que mejora las cualidades de estos y se mantiene continuamente actualizado, adem\u00e1s de ahorrar costes&#8230;<\/p>","protected":false},"author":4,"featured_media":0,"parent":2250,"menu_order":0,"comment_status":"closed","ping_status":"closed","template":"page-landing-servidores-cloud.php","meta":{"_acf_changed":false,"_kad_blocks_custom_css":"","_kad_blocks_head_custom_js":"","_kad_blocks_body_custom_js":"","_kad_blocks_footer_custom_js":"","_kad_post_transparent":"","_kad_post_title":"","_kad_post_layout":"","_kad_post_sidebar_id":"","_kad_post_content_style":"","_kad_post_vertical_padding":"","_kad_post_feature":"","_kad_post_feature_position":"","_kad_post_header":false,"_kad_post_footer":false,"_kad_post_classname":"","footnotes":""},"class_list":["post-19478","page","type-page","status-publish","hentry"],"acf":[],"yoast_head":"<!-- This site is optimized with the Yoast SEO plugin v27.4 - https:\/\/yoast.com\/product\/yoast-seo-wordpress\/ -->\n<title>Servidor Windows nube - Apen Inform\u00e1tica<\/title>\n<meta name=\"description\" content=\"El servidor Windows en la nube ofrece una gran flexibilidad y escalabilidad, ya que se puede acceder a recursos a\u00f1adidos cuando sea necesario.\" \/>\n<meta name=\"robots\" content=\"index, follow, max-snippet:-1, max-image-preview:large, max-video-preview:-1\" \/>\n<link rel=\"canonical\" href=\"https:\/\/www.apen.es\/ca\/servidors-xarxes\/servidors-cloud\/servidor-windows-nuvol\/\" \/>\n<meta property=\"og:locale\" content=\"ca_ES\" \/>\n<meta property=\"og:type\" content=\"article\" \/>\n<meta property=\"og:title\" content=\"Servidor Windows nube - Apen Inform\u00e1tica\" \/>\n<meta property=\"og:description\" content=\"El servidor Windows en la nube ofrece una gran flexibilidad y escalabilidad, ya que se puede acceder a recursos a\u00f1adidos cuando sea necesario.\" \/>\n<meta property=\"og:url\" content=\"https:\/\/www.apen.es\/ca\/servidors-xarxes\/servidors-cloud\/servidor-windows-nuvol\/\" \/>\n<meta property=\"og:site_name\" content=\"Apen Inform\u00e1tica\" \/>\n<meta property=\"article:publisher\" content=\"https:\/\/www.facebook.com\/apensolucions\" \/>\n<meta property=\"article:modified_time\" content=\"2025-07-10T07:14:22+00:00\" \/>\n<meta property=\"og:image\" content=\"https:\/\/www.apen.es\/wp-content\/uploads\/2016\/05\/logo-apen-231x82-trasparent.png\" \/>\n\t<meta property=\"og:image:width\" content=\"231\" \/>\n\t<meta property=\"og:image:height\" content=\"82\" \/>\n\t<meta property=\"og:image:type\" content=\"image\/png\" \/>\n<meta name=\"twitter:card\" content=\"summary_large_image\" \/>\n<meta name=\"twitter:label1\" content=\"Temps estimat de lectura\" \/>\n\t<meta name=\"twitter:data1\" content=\"5 minuts\" \/>\n<script type=\"application\/ld+json\" class=\"yoast-schema-graph\">{\"@context\":\"https:\\\/\\\/schema.org\",\"@graph\":[{\"@type\":\"WebPage\",\"@id\":\"https:\\\/\\\/www.apen.es\\\/servidores-redes\\\/servidores-cloud\\\/servidor-windows-nube\\\/\",\"url\":\"https:\\\/\\\/www.apen.es\\\/servidores-redes\\\/servidores-cloud\\\/servidor-windows-nube\\\/\",\"name\":\"Servidor Windows nube - Apen Inform\u00e1tica\",\"isPartOf\":{\"@id\":\"https:\\\/\\\/www.apen.es\\\/#website\"},\"datePublished\":\"2020-10-09T08:53:37+00:00\",\"dateModified\":\"2025-07-10T07:14:22+00:00\",\"description\":\"El servidor Windows en la nube ofrece una gran flexibilidad y escalabilidad, ya que se puede acceder a recursos a\u00f1adidos cuando sea necesario.\",\"breadcrumb\":{\"@id\":\"https:\\\/\\\/www.apen.es\\\/servidores-redes\\\/servidores-cloud\\\/servidor-windows-nube\\\/#breadcrumb\"},\"inLanguage\":\"ca\",\"potentialAction\":[{\"@type\":\"ReadAction\",\"target\":[\"https:\\\/\\\/www.apen.es\\\/servidores-redes\\\/servidores-cloud\\\/servidor-windows-nube\\\/\"]}]},{\"@type\":\"BreadcrumbList\",\"@id\":\"https:\\\/\\\/www.apen.es\\\/servidores-redes\\\/servidores-cloud\\\/servidor-windows-nube\\\/#breadcrumb\",\"itemListElement\":[{\"@type\":\"ListItem\",\"position\":1,\"name\":\"Portada\",\"item\":\"https:\\\/\\\/www.apen.es\\\/\"},{\"@type\":\"ListItem\",\"position\":2,\"name\":\"Servidores y redes\",\"item\":\"https:\\\/\\\/www.apen.es\\\/servidores-redes\\\/\"},{\"@type\":\"ListItem\",\"position\":3,\"name\":\"Servidores Cloud\",\"item\":\"https:\\\/\\\/www.apen.es\\\/servidores-redes\\\/servidores-cloud\\\/\"},{\"@type\":\"ListItem\",\"position\":4,\"name\":\"Servidor Windows nube\"}]},{\"@type\":\"WebSite\",\"@id\":\"https:\\\/\\\/www.apen.es\\\/#website\",\"url\":\"https:\\\/\\\/www.apen.es\\\/\",\"name\":\"Apen Inform\u00e1tica\",\"description\":\"Mantenimiento Inform\u00e1tico , Software de Gesti\u00f3n, Soluciones de impresi\u00f3n\",\"publisher\":{\"@id\":\"https:\\\/\\\/www.apen.es\\\/#organization\"},\"potentialAction\":[{\"@type\":\"SearchAction\",\"target\":{\"@type\":\"EntryPoint\",\"urlTemplate\":\"https:\\\/\\\/www.apen.es\\\/?s={search_term_string}\"},\"query-input\":{\"@type\":\"PropertyValueSpecification\",\"valueRequired\":true,\"valueName\":\"search_term_string\"}}],\"inLanguage\":\"ca\"},{\"@type\":\"Organization\",\"@id\":\"https:\\\/\\\/www.apen.es\\\/#organization\",\"name\":\"Apen: Soluciones inform\u00e1ticas\",\"url\":\"https:\\\/\\\/www.apen.es\\\/\",\"logo\":{\"@type\":\"ImageObject\",\"inLanguage\":\"ca\",\"@id\":\"https:\\\/\\\/www.apen.es\\\/#\\\/schema\\\/logo\\\/image\\\/\",\"url\":\"https:\\\/\\\/www.apen.es\\\/wp-content\\\/uploads\\\/2022\\\/08\\\/logo-apenok-231x82-1.png\",\"contentUrl\":\"https:\\\/\\\/www.apen.es\\\/wp-content\\\/uploads\\\/2022\\\/08\\\/logo-apenok-231x82-1.png\",\"width\":231,\"height\":82,\"caption\":\"Apen: Soluciones inform\u00e1ticas\"},\"image\":{\"@id\":\"https:\\\/\\\/www.apen.es\\\/#\\\/schema\\\/logo\\\/image\\\/\"},\"sameAs\":[\"https:\\\/\\\/www.facebook.com\\\/apensolucions\",\"https:\\\/\\\/www.youtube.com\\\/user\\\/ApenCentreInformatic\",\"https:\\\/\\\/www.linkedin.com\\\/company\\\/1021771?trk=tyah&trkInfo=clickedVerticalcompanyclickedEntityId1021771idx2-1-2tarId1464195271196tasapenin\"]}]}<\/script>\n<!-- \/ Yoast SEO plugin. -->","yoast_head_json":{"title":"Servidor Windows n\u00favol - Apen Inform\u00e0tica","description":"El servidor Windows al n\u00favol ofereix una gran flexibilitat i escalabilitat, ja que es pot accedir a recursos afegits quan sigui necessari.","robots":{"index":"index","follow":"follow","max-snippet":"max-snippet:-1","max-image-preview":"max-image-preview:large","max-video-preview":"max-video-preview:-1"},"canonical":"https:\/\/www.apen.es\/ca\/servidors-xarxes\/servidors-cloud\/servidor-windows-nuvol\/","og_locale":"ca_ES","og_type":"article","og_title":"Servidor Windows nube - Apen Inform\u00e1tica","og_description":"El servidor Windows en la nube ofrece una gran flexibilidad y escalabilidad, ya que se puede acceder a recursos a\u00f1adidos cuando sea necesario.","og_url":"https:\/\/www.apen.es\/ca\/servidors-xarxes\/servidors-cloud\/servidor-windows-nuvol\/","og_site_name":"Apen Inform\u00e1tica","article_publisher":"https:\/\/www.facebook.com\/apensolucions","article_modified_time":"2025-07-10T07:14:22+00:00","og_image":[{"width":231,"height":82,"url":"https:\/\/www.apen.es\/wp-content\/uploads\/2016\/05\/logo-apen-231x82-trasparent.png","type":"image\/png"}],"twitter_card":"summary_large_image","twitter_misc":{"Temps estimat de lectura":"5 minuts"},"schema":{"@context":"https:\/\/schema.org","@graph":[{"@type":"WebPage","@id":"https:\/\/www.apen.es\/servidores-redes\/servidores-cloud\/servidor-windows-nube\/","url":"https:\/\/www.apen.es\/servidores-redes\/servidores-cloud\/servidor-windows-nube\/","name":"Servidor Windows n\u00favol - Apen Inform\u00e0tica","isPartOf":{"@id":"https:\/\/www.apen.es\/#website"},"datePublished":"2020-10-09T08:53:37+00:00","dateModified":"2025-07-10T07:14:22+00:00","description":"El servidor Windows al n\u00favol ofereix una gran flexibilitat i escalabilitat, ja que es pot accedir a recursos afegits quan sigui necessari.","breadcrumb":{"@id":"https:\/\/www.apen.es\/servidores-redes\/servidores-cloud\/servidor-windows-nube\/#breadcrumb"},"inLanguage":"ca","potentialAction":[{"@type":"ReadAction","target":["https:\/\/www.apen.es\/servidores-redes\/servidores-cloud\/servidor-windows-nube\/"]}]},{"@type":"BreadcrumbList","@id":"https:\/\/www.apen.es\/servidores-redes\/servidores-cloud\/servidor-windows-nube\/#breadcrumb","itemListElement":[{"@type":"ListItem","position":1,"name":"Portada","item":"https:\/\/www.apen.es\/"},{"@type":"ListItem","position":2,"name":"Servidores y redes","item":"https:\/\/www.apen.es\/servidores-redes\/"},{"@type":"ListItem","position":3,"name":"Servidores Cloud","item":"https:\/\/www.apen.es\/servidores-redes\/servidores-cloud\/"},{"@type":"ListItem","position":4,"name":"Servidor Windows nube"}]},{"@type":"WebSite","@id":"https:\/\/www.apen.es\/#website","url":"https:\/\/www.apen.es\/","name":"Apen Inform\u00e0tica","description":"Manteniment inform\u00e0tic , programari de gesti\u00f3, solucions d&#039;impressi\u00f3","publisher":{"@id":"https:\/\/www.apen.es\/#organization"},"potentialAction":[{"@type":"SearchAction","target":{"@type":"EntryPoint","urlTemplate":"https:\/\/www.apen.es\/?s={search_term_string}"},"query-input":{"@type":"PropertyValueSpecification","valueRequired":true,"valueName":"search_term_string"}}],"inLanguage":"ca"},{"@type":"Organization","@id":"https:\/\/www.apen.es\/#organization","name":"Apen: Solucions inform\u00e0tiques","url":"https:\/\/www.apen.es\/","logo":{"@type":"ImageObject","inLanguage":"ca","@id":"https:\/\/www.apen.es\/#\/schema\/logo\/image\/","url":"https:\/\/www.apen.es\/wp-content\/uploads\/2022\/08\/logo-apenok-231x82-1.png","contentUrl":"https:\/\/www.apen.es\/wp-content\/uploads\/2022\/08\/logo-apenok-231x82-1.png","width":231,"height":82,"caption":"Apen: Soluciones inform\u00e1ticas"},"image":{"@id":"https:\/\/www.apen.es\/#\/schema\/logo\/image\/"},"sameAs":["https:\/\/www.facebook.com\/apensolucions","https:\/\/www.youtube.com\/user\/ApenCentreInformatic","https:\/\/www.linkedin.com\/company\/1021771?trk=tyah&trkInfo=clickedVerticalcompanyclickedEntityId1021771idx2-1-2tarId1464195271196tasapenin"]}]}},"taxonomy_info":[],"featured_image_src_large":false,"author_info":{"display_name":"marqueting","author_link":"https:\/\/www.apen.es\/ca\/blog\/author\/marqueting\/"},"comment_info":0,"_links":{"self":[{"href":"https:\/\/www.apen.es\/ca\/wp-json\/wp\/v2\/pages\/19478","targetHints":{"allow":["GET"]}}],"collection":[{"href":"https:\/\/www.apen.es\/ca\/wp-json\/wp\/v2\/pages"}],"about":[{"href":"https:\/\/www.apen.es\/ca\/wp-json\/wp\/v2\/types\/page"}],"author":[{"embeddable":true,"href":"https:\/\/www.apen.es\/ca\/wp-json\/wp\/v2\/users\/4"}],"replies":[{"embeddable":true,"href":"https:\/\/www.apen.es\/ca\/wp-json\/wp\/v2\/comments?post=19478"}],"version-history":[{"count":1,"href":"https:\/\/www.apen.es\/ca\/wp-json\/wp\/v2\/pages\/19478\/revisions"}],"predecessor-version":[{"id":56076,"href":"https:\/\/www.apen.es\/ca\/wp-json\/wp\/v2\/pages\/19478\/revisions\/56076"}],"up":[{"embeddable":true,"href":"https:\/\/www.apen.es\/ca\/wp-json\/wp\/v2\/pages\/2250"}],"wp:attachment":[{"href":"https:\/\/www.apen.es\/ca\/wp-json\/wp\/v2\/media?parent=19478"}],"curies":[{"name":"wp","href":"https:\/\/api.w.org\/{rel}","templated":true}]}}