{"id":19475,"date":"2020-10-09T08:53:33","date_gmt":"2020-10-09T08:53:33","guid":{"rendered":"https:\/\/www.apen.es\/?page_id=19475"},"modified":"2025-07-10T07:12:45","modified_gmt":"2025-07-10T07:12:45","slug":"servidor-empresa-nuvol","status":"publish","type":"page","link":"https:\/\/www.apen.es\/ca\/servidores-redes\/servidores-cloud\/servidor-empresa-nube\/","title":{"rendered":"Servidor empresa n\u00favol"},"content":{"rendered":"<p>El <strong>servidor<\/strong> per <strong>empresa<\/strong> a la <strong>n\u00favol<\/strong> ofereix grans avantatges sobre altres tipus de servidors tradicionals, com els compartits o dedicats i \u00e9s que s\u00f3n capa\u00e7os d&#039;aportar molts m\u00e9s beneficis i s&#039;adapten millor a les necessitats de l&#039;empresa. El servidor al n\u00favol permet que els clients puguin llogar un servidor virtual, sense haver de llogar o comprar servidors f\u00edsics ia m\u00e9s ofereix els avantatges dels dos allotjaments m\u00e9s utilitzats, com ara l&#039;allotjament dedicat i l&#039;allotjament compartit.<\/p>\n\n\n\n<p>Quan hi ha m\u00e9s demanda als servidors \u00e9s possible augmentar la capacitat de forma autom\u00e0tica, per fer-la coincidir amb la demanda sense haver de pagar-la permanentment i el servidor d&#039;empresa al n\u00favol tamb\u00e9 es pot executar en un hipervisor, el qual s&#039;ocupa de controlar la capacitat que tenen els sistemes operatius, perqu\u00e8 s&#039;assigni en el moment que sigui necessari.<\/p>\n\n\n\n<p>Un altre dels avantatges del <strong>servidor<\/strong> per <strong>empresa<\/strong> a la <strong>n\u00favol<\/strong> \u00e9s que ofereix una gran redund\u00e0ncia, at\u00e8s que, si un servidor fall\u00e9s, altres poden prendre el seu lloc. El servidor pot significar una gran millora en la seguretat de les dades, perqu\u00e8 \u00e9s un entorn estable i segur que evita les caigudes del servei, cosa que suposa una gran tranquil\u00b7litat a qualsevol empresa, creant entorns de treball m\u00e9s segurs.<\/p>\n\n\n\n<p>\u00c9s una opci\u00f3 molt rendible, perqu\u00e8 els clients nom\u00e9s paguen per all\u00f2 que utilitzen en un moment concret i, quan aquest recurs ja no \u00e9s necessari, es redueix immediatament i aconsegueix que sempre es mantingui un baix cost. Si ho comparem amb un servidor f\u00edsic, el preu de manteniment i servei \u00e9s considerablement inferior, cosa que es tradueix en un gran estalvi econ\u00f2mic per a l&#039;empresa.<\/p>\n\n\n\n<p>Un <strong>servidor<\/strong> per <strong>empresa<\/strong> a la <strong>n\u00favol<\/strong> tamb\u00e9 millora el rendiment de treball, ja que la velocitat dels processos que es realitza \u00e9s la m\u00e0xima possible, a m\u00e9s proporciona la m\u00e0xima seguretat, ja que les dades sempre estan protegides, encara que es perdi l&#039;equip.<\/p>\n\n\n\n<p>M\u00e9s que una opci\u00f3, comptar amb un servidor al n\u00favol \u00e9s una clara necessitat, perqu\u00e8 a nivell competitiu \u00e9s imprescindible adaptar-se a la transformaci\u00f3 digital de manera immediata, a m\u00e9s de reduir costos i aprofitar millor els recursos. \u00c9s un espai virtual que permet emmagatzemar f\u00e0cilment i d&#039;una forma completament accessible, tota aquella informaci\u00f3 que necessita l&#039;empresa, adaptant-se completament a les vostres necessitats, durant les 24 hores i els 365 dies de l&#039;any. Permet una disponibilitat permanent, podent treballar de manera efica\u00e7 i aut\u00f2noma des de qualsevol lloc.<\/p>","protected":false},"excerpt":{"rendered":"<p>El servidor para empresa en la nube ofrece grandes ventajas sobre otro tipo de servidores tradicionales, como los compartidos o dedicados y es que son capaces de aportar muchos m\u00e1s beneficios y se adaptan mejor a las necesidades de la empresa. El servidor en la nube permite que los clientes puedan alquilar un servidor virtual,&#8230;<\/p>","protected":false},"author":4,"featured_media":0,"parent":2250,"menu_order":0,"comment_status":"closed","ping_status":"closed","template":"page-landing-servidores-cloud.php","meta":{"_acf_changed":false,"_kad_blocks_custom_css":"","_kad_blocks_head_custom_js":"","_kad_blocks_body_custom_js":"","_kad_blocks_footer_custom_js":"","_kad_post_transparent":"","_kad_post_title":"","_kad_post_layout":"","_kad_post_sidebar_id":"","_kad_post_content_style":"","_kad_post_vertical_padding":"","_kad_post_feature":"","_kad_post_feature_position":"","_kad_post_header":false,"_kad_post_footer":false,"_kad_post_classname":"","footnotes":""},"class_list":["post-19475","page","type-page","status-publish","hentry"],"acf":[],"yoast_head":"<!-- This site is optimized with the Yoast SEO plugin v27.4 - https:\/\/yoast.com\/product\/yoast-seo-wordpress\/ -->\n<title>Servidor empresa nube - Apen Inform\u00e1tica<\/title>\n<meta name=\"description\" content=\"Subimos el servidor de tu empresa a la nube. Ha llegado el momento de externalizar y subir toda la infraestructura de tu empresa a la nube\" \/>\n<meta name=\"robots\" content=\"index, follow, max-snippet:-1, max-image-preview:large, max-video-preview:-1\" \/>\n<link rel=\"canonical\" href=\"https:\/\/www.apen.es\/ca\/servidors-xarxes\/servidors-cloud\/servidor-empresa-nuvol\/\" \/>\n<meta property=\"og:locale\" content=\"ca_ES\" \/>\n<meta property=\"og:type\" content=\"article\" \/>\n<meta property=\"og:title\" content=\"Servidor empresa nube - Apen Inform\u00e1tica\" \/>\n<meta property=\"og:description\" content=\"Subimos el servidor de tu empresa a la nube. Ha llegado el momento de externalizar y subir toda la infraestructura de tu empresa a la nube\" \/>\n<meta property=\"og:url\" content=\"https:\/\/www.apen.es\/ca\/servidors-xarxes\/servidors-cloud\/servidor-empresa-nuvol\/\" \/>\n<meta property=\"og:site_name\" content=\"Apen Inform\u00e1tica\" \/>\n<meta property=\"article:publisher\" content=\"https:\/\/www.facebook.com\/apensolucions\" \/>\n<meta property=\"article:modified_time\" content=\"2025-07-10T07:12:45+00:00\" \/>\n<meta property=\"og:image\" content=\"https:\/\/www.apen.es\/wp-content\/uploads\/2016\/05\/logo-apen-231x82-trasparent.png\" \/>\n\t<meta property=\"og:image:width\" content=\"231\" \/>\n\t<meta property=\"og:image:height\" content=\"82\" \/>\n\t<meta property=\"og:image:type\" content=\"image\/png\" \/>\n<meta name=\"twitter:card\" content=\"summary_large_image\" \/>\n<meta name=\"twitter:label1\" content=\"Temps estimat de lectura\" \/>\n\t<meta name=\"twitter:data1\" content=\"5 minuts\" \/>\n<script type=\"application\/ld+json\" class=\"yoast-schema-graph\">{\"@context\":\"https:\\\/\\\/schema.org\",\"@graph\":[{\"@type\":\"WebPage\",\"@id\":\"https:\\\/\\\/www.apen.es\\\/servidores-redes\\\/servidores-cloud\\\/servidor-empresa-nube\\\/\",\"url\":\"https:\\\/\\\/www.apen.es\\\/servidores-redes\\\/servidores-cloud\\\/servidor-empresa-nube\\\/\",\"name\":\"Servidor empresa nube - Apen Inform\u00e1tica\",\"isPartOf\":{\"@id\":\"https:\\\/\\\/www.apen.es\\\/#website\"},\"datePublished\":\"2020-10-09T08:53:33+00:00\",\"dateModified\":\"2025-07-10T07:12:45+00:00\",\"description\":\"Subimos el servidor de tu empresa a la nube. Ha llegado el momento de externalizar y subir toda la infraestructura de tu empresa a la nube\",\"breadcrumb\":{\"@id\":\"https:\\\/\\\/www.apen.es\\\/servidores-redes\\\/servidores-cloud\\\/servidor-empresa-nube\\\/#breadcrumb\"},\"inLanguage\":\"ca\",\"potentialAction\":[{\"@type\":\"ReadAction\",\"target\":[\"https:\\\/\\\/www.apen.es\\\/servidores-redes\\\/servidores-cloud\\\/servidor-empresa-nube\\\/\"]}]},{\"@type\":\"BreadcrumbList\",\"@id\":\"https:\\\/\\\/www.apen.es\\\/servidores-redes\\\/servidores-cloud\\\/servidor-empresa-nube\\\/#breadcrumb\",\"itemListElement\":[{\"@type\":\"ListItem\",\"position\":1,\"name\":\"Portada\",\"item\":\"https:\\\/\\\/www.apen.es\\\/\"},{\"@type\":\"ListItem\",\"position\":2,\"name\":\"Servidores y redes\",\"item\":\"https:\\\/\\\/www.apen.es\\\/servidores-redes\\\/\"},{\"@type\":\"ListItem\",\"position\":3,\"name\":\"Servidores Cloud\",\"item\":\"https:\\\/\\\/www.apen.es\\\/servidores-redes\\\/servidores-cloud\\\/\"},{\"@type\":\"ListItem\",\"position\":4,\"name\":\"Servidor empresa nube\"}]},{\"@type\":\"WebSite\",\"@id\":\"https:\\\/\\\/www.apen.es\\\/#website\",\"url\":\"https:\\\/\\\/www.apen.es\\\/\",\"name\":\"Apen Inform\u00e1tica\",\"description\":\"Mantenimiento Inform\u00e1tico , Software de Gesti\u00f3n, Soluciones de impresi\u00f3n\",\"publisher\":{\"@id\":\"https:\\\/\\\/www.apen.es\\\/#organization\"},\"potentialAction\":[{\"@type\":\"SearchAction\",\"target\":{\"@type\":\"EntryPoint\",\"urlTemplate\":\"https:\\\/\\\/www.apen.es\\\/?s={search_term_string}\"},\"query-input\":{\"@type\":\"PropertyValueSpecification\",\"valueRequired\":true,\"valueName\":\"search_term_string\"}}],\"inLanguage\":\"ca\"},{\"@type\":\"Organization\",\"@id\":\"https:\\\/\\\/www.apen.es\\\/#organization\",\"name\":\"Apen: Soluciones inform\u00e1ticas\",\"url\":\"https:\\\/\\\/www.apen.es\\\/\",\"logo\":{\"@type\":\"ImageObject\",\"inLanguage\":\"ca\",\"@id\":\"https:\\\/\\\/www.apen.es\\\/#\\\/schema\\\/logo\\\/image\\\/\",\"url\":\"https:\\\/\\\/www.apen.es\\\/wp-content\\\/uploads\\\/2022\\\/08\\\/logo-apenok-231x82-1.png\",\"contentUrl\":\"https:\\\/\\\/www.apen.es\\\/wp-content\\\/uploads\\\/2022\\\/08\\\/logo-apenok-231x82-1.png\",\"width\":231,\"height\":82,\"caption\":\"Apen: Soluciones inform\u00e1ticas\"},\"image\":{\"@id\":\"https:\\\/\\\/www.apen.es\\\/#\\\/schema\\\/logo\\\/image\\\/\"},\"sameAs\":[\"https:\\\/\\\/www.facebook.com\\\/apensolucions\",\"https:\\\/\\\/www.youtube.com\\\/user\\\/ApenCentreInformatic\",\"https:\\\/\\\/www.linkedin.com\\\/company\\\/1021771?trk=tyah&trkInfo=clickedVerticalcompanyclickedEntityId1021771idx2-1-2tarId1464195271196tasapenin\"]}]}<\/script>\n<!-- \/ Yoast SEO plugin. -->","yoast_head_json":{"title":"Servidor empresa n\u00favol - Apen Inform\u00e0tica","description":"Pugem el servidor de la teva empresa al n\u00favol. Ha arribat el moment d&#039;externalitzar i pujar tota la infraestructura de la teva empresa al n\u00favol","robots":{"index":"index","follow":"follow","max-snippet":"max-snippet:-1","max-image-preview":"max-image-preview:large","max-video-preview":"max-video-preview:-1"},"canonical":"https:\/\/www.apen.es\/ca\/servidors-xarxes\/servidors-cloud\/servidor-empresa-nuvol\/","og_locale":"ca_ES","og_type":"article","og_title":"Servidor empresa nube - Apen Inform\u00e1tica","og_description":"Subimos el servidor de tu empresa a la nube. Ha llegado el momento de externalizar y subir toda la infraestructura de tu empresa a la nube","og_url":"https:\/\/www.apen.es\/ca\/servidors-xarxes\/servidors-cloud\/servidor-empresa-nuvol\/","og_site_name":"Apen Inform\u00e1tica","article_publisher":"https:\/\/www.facebook.com\/apensolucions","article_modified_time":"2025-07-10T07:12:45+00:00","og_image":[{"width":231,"height":82,"url":"https:\/\/www.apen.es\/wp-content\/uploads\/2016\/05\/logo-apen-231x82-trasparent.png","type":"image\/png"}],"twitter_card":"summary_large_image","twitter_misc":{"Temps estimat de lectura":"5 minuts"},"schema":{"@context":"https:\/\/schema.org","@graph":[{"@type":"WebPage","@id":"https:\/\/www.apen.es\/servidores-redes\/servidores-cloud\/servidor-empresa-nube\/","url":"https:\/\/www.apen.es\/servidores-redes\/servidores-cloud\/servidor-empresa-nube\/","name":"Servidor empresa n\u00favol - Apen Inform\u00e0tica","isPartOf":{"@id":"https:\/\/www.apen.es\/#website"},"datePublished":"2020-10-09T08:53:33+00:00","dateModified":"2025-07-10T07:12:45+00:00","description":"Pugem el servidor de la teva empresa al n\u00favol. Ha arribat el moment d&#039;externalitzar i pujar tota la infraestructura de la teva empresa al n\u00favol","breadcrumb":{"@id":"https:\/\/www.apen.es\/servidores-redes\/servidores-cloud\/servidor-empresa-nube\/#breadcrumb"},"inLanguage":"ca","potentialAction":[{"@type":"ReadAction","target":["https:\/\/www.apen.es\/servidores-redes\/servidores-cloud\/servidor-empresa-nube\/"]}]},{"@type":"BreadcrumbList","@id":"https:\/\/www.apen.es\/servidores-redes\/servidores-cloud\/servidor-empresa-nube\/#breadcrumb","itemListElement":[{"@type":"ListItem","position":1,"name":"Portada","item":"https:\/\/www.apen.es\/"},{"@type":"ListItem","position":2,"name":"Servidores y redes","item":"https:\/\/www.apen.es\/servidores-redes\/"},{"@type":"ListItem","position":3,"name":"Servidores Cloud","item":"https:\/\/www.apen.es\/servidores-redes\/servidores-cloud\/"},{"@type":"ListItem","position":4,"name":"Servidor empresa nube"}]},{"@type":"WebSite","@id":"https:\/\/www.apen.es\/#website","url":"https:\/\/www.apen.es\/","name":"Apen Inform\u00e0tica","description":"Manteniment inform\u00e0tic , programari de gesti\u00f3, solucions d&#039;impressi\u00f3","publisher":{"@id":"https:\/\/www.apen.es\/#organization"},"potentialAction":[{"@type":"SearchAction","target":{"@type":"EntryPoint","urlTemplate":"https:\/\/www.apen.es\/?s={search_term_string}"},"query-input":{"@type":"PropertyValueSpecification","valueRequired":true,"valueName":"search_term_string"}}],"inLanguage":"ca"},{"@type":"Organization","@id":"https:\/\/www.apen.es\/#organization","name":"Apen: Solucions inform\u00e0tiques","url":"https:\/\/www.apen.es\/","logo":{"@type":"ImageObject","inLanguage":"ca","@id":"https:\/\/www.apen.es\/#\/schema\/logo\/image\/","url":"https:\/\/www.apen.es\/wp-content\/uploads\/2022\/08\/logo-apenok-231x82-1.png","contentUrl":"https:\/\/www.apen.es\/wp-content\/uploads\/2022\/08\/logo-apenok-231x82-1.png","width":231,"height":82,"caption":"Apen: Soluciones inform\u00e1ticas"},"image":{"@id":"https:\/\/www.apen.es\/#\/schema\/logo\/image\/"},"sameAs":["https:\/\/www.facebook.com\/apensolucions","https:\/\/www.youtube.com\/user\/ApenCentreInformatic","https:\/\/www.linkedin.com\/company\/1021771?trk=tyah&trkInfo=clickedVerticalcompanyclickedEntityId1021771idx2-1-2tarId1464195271196tasapenin"]}]}},"taxonomy_info":[],"featured_image_src_large":false,"author_info":{"display_name":"marqueting","author_link":"https:\/\/www.apen.es\/ca\/blog\/author\/marqueting\/"},"comment_info":0,"_links":{"self":[{"href":"https:\/\/www.apen.es\/ca\/wp-json\/wp\/v2\/pages\/19475","targetHints":{"allow":["GET"]}}],"collection":[{"href":"https:\/\/www.apen.es\/ca\/wp-json\/wp\/v2\/pages"}],"about":[{"href":"https:\/\/www.apen.es\/ca\/wp-json\/wp\/v2\/types\/page"}],"author":[{"embeddable":true,"href":"https:\/\/www.apen.es\/ca\/wp-json\/wp\/v2\/users\/4"}],"replies":[{"embeddable":true,"href":"https:\/\/www.apen.es\/ca\/wp-json\/wp\/v2\/comments?post=19475"}],"version-history":[{"count":1,"href":"https:\/\/www.apen.es\/ca\/wp-json\/wp\/v2\/pages\/19475\/revisions"}],"predecessor-version":[{"id":56072,"href":"https:\/\/www.apen.es\/ca\/wp-json\/wp\/v2\/pages\/19475\/revisions\/56072"}],"up":[{"embeddable":true,"href":"https:\/\/www.apen.es\/ca\/wp-json\/wp\/v2\/pages\/2250"}],"wp:attachment":[{"href":"https:\/\/www.apen.es\/ca\/wp-json\/wp\/v2\/media?parent=19475"}],"curies":[{"name":"wp","href":"https:\/\/api.w.org\/{rel}","templated":true}]}}