{"id":19470,"date":"2020-10-09T08:42:31","date_gmt":"2020-10-09T08:42:31","guid":{"rendered":"https:\/\/www.apen.es\/?page_id=19470"},"modified":"2025-07-17T10:13:14","modified_gmt":"2025-07-17T10:13:14","slug":"rgpd-para-empresas","status":"publish","type":"page","link":"https:\/\/www.apen.es\/ca\/rgpd-para-empresas\/","title":{"rendered":"RGPD per a empreses"},"content":{"rendered":"<h3 class=\"wp-block-heading\"><strong>El Reglament General de Protecci\u00f3 de Dades i la seva import\u00e0ncia a empreses<\/strong><\/h3>\n\n\n\n<p>El RGPD \u00e9s el Reglament general de protecci\u00f3 de dades. El <strong>RGPD per a empreses<\/strong> contempla que des del 25 de maig del 2018 totes les empreses comunit\u00e0ries, si comercialitzen els seus productes o serveis a la Uni\u00f3 Europea, han d&#039;estar adaptats al reglament.<\/p>\n\n\n\n<p>El <strong>RGPD per a empreses<\/strong> t\u00e9 a veure amb el processar les dades personals dels ciutadans i est\u00e9n la seva aplicaci\u00f3 territorial a organitzacions establertes fora de la Uni\u00f3 Europea que tracten amb dades de ciutadans europeus per oferir b\u00e9ns i serveis.<\/p>\n\n\n\n<p>Aix\u00ed mateix, el <strong>RGPD per a empreses<\/strong> estima com a dades personals qualsevol informaci\u00f3 relacionada amb persones identificades o identificables, per exemple: nom, adre\u00e7a, geolocalitzaci\u00f3, informaci\u00f3 de salut, dades biom\u00e8triques, entre d&#039;altres.<\/p>\n\n\n\n<p>Al <strong>RGPD per a empreses<\/strong> es distingeix entre les dades b\u00e0siques i les dades de categories especials d&#039;alt risc.<\/p>\n\n\n\n<p>Les dades de categoria especial s\u00f3n dades sensibles sobre l&#039;esfera m\u00e9s \u00edntima de les persones. Per exemple: salut, ideologia, religi\u00f3, etc.<\/p>\n\n\n\n<p>Amb aix\u00f2 es busca que els ciutadans tinguin nous drets i un major control i informaci\u00f3 sobre el tractament de les dades personals.<\/p>\n\n\n\n<p>Al <strong>RGPD per a empreses<\/strong> tamb\u00e9 s&#039;amplia la informaci\u00f3 que cal brindar als interessats. Aquest proc\u00e9s s&#039;ha de fer de manera concisa, intel\u00b7ligible i de f\u00e0cil acc\u00e9s, amb un llenguatge clar i senzill.<\/p>\n\n\n\n<p>Davant aix\u00f2, amb el <strong>RGPD per a empreses<\/strong> s&#039;incorporen drets que milloren el control de les persones sobre les vostres dades personals. El responsable ha de facilitar lexercici daquests drets als titulars de les dades. Aquests drets inclouen l&#039;acc\u00e9s, la rectificaci\u00f3, l&#039;oposici\u00f3, la limitaci\u00f3 de maneig, la supressi\u00f3 (Dret a l&#039;oblit) i la portabilitat.<\/p>\n\n\n\n<p>La <strong>RGPD per a empreses<\/strong> afecta els negocis pel fet que estableixen noves obligacions basades en la Responsabilitat Proactiva. Aquest principi es basa en la prevenci\u00f3 i cal que s&#039;apliquin les mesures t\u00e8cniques i organitzatives adequades per garantir i demostrar el compliment del RGPD. Per exemple, el consentiment ha de ser expr\u00e9s i cal obtenir-lo d&#039;una manera lliure, espec\u00edfica, informada i inequ\u00edvoca, a trav\u00e9s de l&#039;acci\u00f3 positiva.<\/p>\n\n\n\n<p>El RGPD tamb\u00e9 estima que es garanteixin les mesures per mantenir un nivell de seguretat adequat al risc i que permetin demostrar el compliment correcte del reglament. En cas que es produeixi una vulneraci\u00f3 de la seguretat de les dades que suposi un risc per als drets i les llibertats dels titulars, cal informar l&#039;autoritat competent i els interessats. El termini m\u00e0xim \u00e9s de 72 hores des que el responsable tingui const\u00e0ncia de lincident.<\/p>\n\n\n\n<p>El <strong>RGPD per a empreses<\/strong> requereix que cada negoci revisi la seva Pol\u00edtica de Privadesa, les Condicions d&#039;\u00das de les aplicacions, adaptar els seus procediments interns de treball, formar els seus empleats i afegir les funcionalitats necess\u00e0ries al seu programari per assegurar que es pugui complir amb la normativa europea.<\/p>","protected":false},"excerpt":{"rendered":"<p>El Reglamento General de Protecci\u00f3n de Datos y su importancia en empresas El RGPD es el Reglamento General de Protecci\u00f3n de Datos. El RGPD para empresas contempla que desde el 25 de mayo de 2018 todas las empresas comunitarias, si comercializan sus productos o servicios en la Uni\u00f3n Europea, deben estar adaptados al reglamento. El&#8230;<\/p>","protected":false},"author":4,"featured_media":0,"parent":0,"menu_order":0,"comment_status":"closed","ping_status":"closed","template":"page-landing-RGPD.php","meta":{"_acf_changed":false,"_kad_blocks_custom_css":"","_kad_blocks_head_custom_js":"","_kad_blocks_body_custom_js":"","_kad_blocks_footer_custom_js":"","_kad_post_transparent":"","_kad_post_title":"","_kad_post_layout":"","_kad_post_sidebar_id":"","_kad_post_content_style":"","_kad_post_vertical_padding":"","_kad_post_feature":"","_kad_post_feature_position":"","_kad_post_header":false,"_kad_post_footer":false,"_kad_post_classname":"","footnotes":""},"class_list":["post-19470","page","type-page","status-publish","hentry"],"acf":[],"yoast_head":"<!-- This site is optimized with the Yoast SEO plugin v27.4 - https:\/\/yoast.com\/product\/yoast-seo-wordpress\/ -->\n<title>RGPD para empresas - Apen Inform\u00e1tica<\/title>\n<meta name=\"description\" content=\"\u00a1Evita sanciones! Apen te adapta a las nuevas obligaciones. Podemos ayudarte a cumplir con la RGPD. D\u00e9cadas de experiencia asesorando empresas.\" \/>\n<meta name=\"robots\" content=\"index, follow, max-snippet:-1, max-image-preview:large, max-video-preview:-1\" \/>\n<link rel=\"canonical\" href=\"https:\/\/www.apen.es\/ca\/rgpd-para-empresas\/\" \/>\n<meta property=\"og:locale\" content=\"ca_ES\" \/>\n<meta property=\"og:type\" content=\"article\" \/>\n<meta property=\"og:title\" content=\"RGPD para empresas - Apen Inform\u00e1tica\" \/>\n<meta property=\"og:description\" content=\"\u00a1Evita sanciones! Apen te adapta a las nuevas obligaciones. Podemos ayudarte a cumplir con la RGPD. D\u00e9cadas de experiencia asesorando empresas.\" \/>\n<meta property=\"og:url\" content=\"https:\/\/www.apen.es\/ca\/rgpd-para-empresas\/\" \/>\n<meta property=\"og:site_name\" content=\"Apen Inform\u00e1tica\" \/>\n<meta property=\"article:publisher\" content=\"https:\/\/www.facebook.com\/apensolucions\" \/>\n<meta property=\"article:modified_time\" content=\"2025-07-17T10:13:14+00:00\" \/>\n<meta property=\"og:image\" content=\"https:\/\/www.apen.es\/wp-content\/uploads\/2016\/05\/logo-apen-231x82-trasparent.png\" \/>\n\t<meta property=\"og:image:width\" content=\"231\" \/>\n\t<meta property=\"og:image:height\" content=\"82\" \/>\n\t<meta property=\"og:image:type\" content=\"image\/png\" \/>\n<meta name=\"twitter:card\" content=\"summary_large_image\" \/>\n<meta name=\"twitter:label1\" content=\"Temps estimat de lectura\" \/>\n\t<meta name=\"twitter:data1\" content=\"4 minuts\" \/>\n<script type=\"application\/ld+json\" class=\"yoast-schema-graph\">{\"@context\":\"https:\\\/\\\/schema.org\",\"@graph\":[{\"@type\":\"WebPage\",\"@id\":\"https:\\\/\\\/www.apen.es\\\/rgpd-para-empresas\\\/\",\"url\":\"https:\\\/\\\/www.apen.es\\\/rgpd-para-empresas\\\/\",\"name\":\"RGPD para empresas - Apen Inform\u00e1tica\",\"isPartOf\":{\"@id\":\"https:\\\/\\\/www.apen.es\\\/#website\"},\"datePublished\":\"2020-10-09T08:42:31+00:00\",\"dateModified\":\"2025-07-17T10:13:14+00:00\",\"description\":\"\u00a1Evita sanciones! Apen te adapta a las nuevas obligaciones. Podemos ayudarte a cumplir con la RGPD. D\u00e9cadas de experiencia asesorando empresas.\",\"breadcrumb\":{\"@id\":\"https:\\\/\\\/www.apen.es\\\/rgpd-para-empresas\\\/#breadcrumb\"},\"inLanguage\":\"ca\",\"potentialAction\":[{\"@type\":\"ReadAction\",\"target\":[\"https:\\\/\\\/www.apen.es\\\/rgpd-para-empresas\\\/\"]}]},{\"@type\":\"BreadcrumbList\",\"@id\":\"https:\\\/\\\/www.apen.es\\\/rgpd-para-empresas\\\/#breadcrumb\",\"itemListElement\":[{\"@type\":\"ListItem\",\"position\":1,\"name\":\"Portada\",\"item\":\"https:\\\/\\\/www.apen.es\\\/\"},{\"@type\":\"ListItem\",\"position\":2,\"name\":\"RGPD para empresas\"}]},{\"@type\":\"WebSite\",\"@id\":\"https:\\\/\\\/www.apen.es\\\/#website\",\"url\":\"https:\\\/\\\/www.apen.es\\\/\",\"name\":\"Apen Inform\u00e1tica\",\"description\":\"Mantenimiento Inform\u00e1tico , Software de Gesti\u00f3n, Soluciones de impresi\u00f3n\",\"publisher\":{\"@id\":\"https:\\\/\\\/www.apen.es\\\/#organization\"},\"potentialAction\":[{\"@type\":\"SearchAction\",\"target\":{\"@type\":\"EntryPoint\",\"urlTemplate\":\"https:\\\/\\\/www.apen.es\\\/?s={search_term_string}\"},\"query-input\":{\"@type\":\"PropertyValueSpecification\",\"valueRequired\":true,\"valueName\":\"search_term_string\"}}],\"inLanguage\":\"ca\"},{\"@type\":\"Organization\",\"@id\":\"https:\\\/\\\/www.apen.es\\\/#organization\",\"name\":\"Apen: Soluciones inform\u00e1ticas\",\"url\":\"https:\\\/\\\/www.apen.es\\\/\",\"logo\":{\"@type\":\"ImageObject\",\"inLanguage\":\"ca\",\"@id\":\"https:\\\/\\\/www.apen.es\\\/#\\\/schema\\\/logo\\\/image\\\/\",\"url\":\"https:\\\/\\\/www.apen.es\\\/wp-content\\\/uploads\\\/2022\\\/08\\\/logo-apenok-231x82-1.png\",\"contentUrl\":\"https:\\\/\\\/www.apen.es\\\/wp-content\\\/uploads\\\/2022\\\/08\\\/logo-apenok-231x82-1.png\",\"width\":231,\"height\":82,\"caption\":\"Apen: Soluciones inform\u00e1ticas\"},\"image\":{\"@id\":\"https:\\\/\\\/www.apen.es\\\/#\\\/schema\\\/logo\\\/image\\\/\"},\"sameAs\":[\"https:\\\/\\\/www.facebook.com\\\/apensolucions\",\"https:\\\/\\\/www.youtube.com\\\/user\\\/ApenCentreInformatic\",\"https:\\\/\\\/www.linkedin.com\\\/company\\\/1021771?trk=tyah&trkInfo=clickedVerticalcompanyclickedEntityId1021771idx2-1-2tarId1464195271196tasapenin\"]}]}<\/script>\n<!-- \/ Yoast SEO plugin. -->","yoast_head_json":{"title":"RGPD para empresas - Apen Inform\u00e1tica","description":"\u00a1Evita sanciones! Apen te adapta a las nuevas obligaciones. Podemos ayudarte a cumplir con la RGPD. D\u00e9cadas de experiencia asesorando empresas.","robots":{"index":"index","follow":"follow","max-snippet":"max-snippet:-1","max-image-preview":"max-image-preview:large","max-video-preview":"max-video-preview:-1"},"canonical":"https:\/\/www.apen.es\/ca\/rgpd-para-empresas\/","og_locale":"ca_ES","og_type":"article","og_title":"RGPD para empresas - Apen Inform\u00e1tica","og_description":"\u00a1Evita sanciones! Apen te adapta a las nuevas obligaciones. Podemos ayudarte a cumplir con la RGPD. D\u00e9cadas de experiencia asesorando empresas.","og_url":"https:\/\/www.apen.es\/ca\/rgpd-para-empresas\/","og_site_name":"Apen Inform\u00e1tica","article_publisher":"https:\/\/www.facebook.com\/apensolucions","article_modified_time":"2025-07-17T10:13:14+00:00","og_image":[{"width":231,"height":82,"url":"https:\/\/www.apen.es\/wp-content\/uploads\/2016\/05\/logo-apen-231x82-trasparent.png","type":"image\/png"}],"twitter_card":"summary_large_image","twitter_misc":{"Temps estimat de lectura":"4 minuts"},"schema":{"@context":"https:\/\/schema.org","@graph":[{"@type":"WebPage","@id":"https:\/\/www.apen.es\/rgpd-para-empresas\/","url":"https:\/\/www.apen.es\/rgpd-para-empresas\/","name":"RGPD para empresas - Apen Inform\u00e1tica","isPartOf":{"@id":"https:\/\/www.apen.es\/#website"},"datePublished":"2020-10-09T08:42:31+00:00","dateModified":"2025-07-17T10:13:14+00:00","description":"\u00a1Evita sanciones! Apen te adapta a las nuevas obligaciones. Podemos ayudarte a cumplir con la RGPD. D\u00e9cadas de experiencia asesorando empresas.","breadcrumb":{"@id":"https:\/\/www.apen.es\/rgpd-para-empresas\/#breadcrumb"},"inLanguage":"ca","potentialAction":[{"@type":"ReadAction","target":["https:\/\/www.apen.es\/rgpd-para-empresas\/"]}]},{"@type":"BreadcrumbList","@id":"https:\/\/www.apen.es\/rgpd-para-empresas\/#breadcrumb","itemListElement":[{"@type":"ListItem","position":1,"name":"Portada","item":"https:\/\/www.apen.es\/"},{"@type":"ListItem","position":2,"name":"RGPD para empresas"}]},{"@type":"WebSite","@id":"https:\/\/www.apen.es\/#website","url":"https:\/\/www.apen.es\/","name":"Apen Inform\u00e0tica","description":"Manteniment inform\u00e0tic , programari de gesti\u00f3, solucions d&#039;impressi\u00f3","publisher":{"@id":"https:\/\/www.apen.es\/#organization"},"potentialAction":[{"@type":"SearchAction","target":{"@type":"EntryPoint","urlTemplate":"https:\/\/www.apen.es\/?s={search_term_string}"},"query-input":{"@type":"PropertyValueSpecification","valueRequired":true,"valueName":"search_term_string"}}],"inLanguage":"ca"},{"@type":"Organization","@id":"https:\/\/www.apen.es\/#organization","name":"Apen: Solucions inform\u00e0tiques","url":"https:\/\/www.apen.es\/","logo":{"@type":"ImageObject","inLanguage":"ca","@id":"https:\/\/www.apen.es\/#\/schema\/logo\/image\/","url":"https:\/\/www.apen.es\/wp-content\/uploads\/2022\/08\/logo-apenok-231x82-1.png","contentUrl":"https:\/\/www.apen.es\/wp-content\/uploads\/2022\/08\/logo-apenok-231x82-1.png","width":231,"height":82,"caption":"Apen: Soluciones inform\u00e1ticas"},"image":{"@id":"https:\/\/www.apen.es\/#\/schema\/logo\/image\/"},"sameAs":["https:\/\/www.facebook.com\/apensolucions","https:\/\/www.youtube.com\/user\/ApenCentreInformatic","https:\/\/www.linkedin.com\/company\/1021771?trk=tyah&trkInfo=clickedVerticalcompanyclickedEntityId1021771idx2-1-2tarId1464195271196tasapenin"]}]}},"taxonomy_info":[],"featured_image_src_large":false,"author_info":{"display_name":"marqueting","author_link":"https:\/\/www.apen.es\/ca\/blog\/author\/marqueting\/"},"comment_info":0,"_links":{"self":[{"href":"https:\/\/www.apen.es\/ca\/wp-json\/wp\/v2\/pages\/19470","targetHints":{"allow":["GET"]}}],"collection":[{"href":"https:\/\/www.apen.es\/ca\/wp-json\/wp\/v2\/pages"}],"about":[{"href":"https:\/\/www.apen.es\/ca\/wp-json\/wp\/v2\/types\/page"}],"author":[{"embeddable":true,"href":"https:\/\/www.apen.es\/ca\/wp-json\/wp\/v2\/users\/4"}],"replies":[{"embeddable":true,"href":"https:\/\/www.apen.es\/ca\/wp-json\/wp\/v2\/comments?post=19470"}],"version-history":[{"count":3,"href":"https:\/\/www.apen.es\/ca\/wp-json\/wp\/v2\/pages\/19470\/revisions"}],"predecessor-version":[{"id":57099,"href":"https:\/\/www.apen.es\/ca\/wp-json\/wp\/v2\/pages\/19470\/revisions\/57099"}],"wp:attachment":[{"href":"https:\/\/www.apen.es\/ca\/wp-json\/wp\/v2\/media?parent=19470"}],"curies":[{"name":"wp","href":"https:\/\/api.w.org\/{rel}","templated":true}]}}