{"id":19467,"date":"2020-10-09T08:40:07","date_gmt":"2020-10-09T08:40:07","guid":{"rendered":"https:\/\/www.apen.es\/?page_id=19467"},"modified":"2025-07-17T10:13:25","modified_gmt":"2025-07-17T10:13:25","slug":"proteccion-de-datos-para-empresas","status":"publish","type":"page","link":"https:\/\/www.apen.es\/ca\/proteccion-de-datos-para-empresas\/","title":{"rendered":"Protecci\u00f3 de dades per a empreses"},"content":{"rendered":"<h3 class=\"wp-block-heading\"><strong>El Reglament General de Protecci\u00f3 de Dades i la seva import\u00e0ncia a empreses<\/strong><\/h3>\n\n\n\n<p>Qualsevol negoci que ofereixi productes o serveis ha de tenir en compte les mesures de <strong>protecci\u00f3 de dades per a empresa.<\/strong><\/p>\n\n\n\n<p>El seu negoci tindr\u00e0 obligacions i requisits per a la protecci\u00f3 de dades per a empreses.<\/p>\n\n\n\n<p>Per exemple, si la vostra empresa conserva dades personals de persones que resideixen en pa\u00efsos de la Uni\u00f3 Europea, el vostre negoci est\u00e0 classificat segons el RGPD com a responsable del tractament d&#039;aquestes dades. Aix\u00f2 vol dir que tindran algunes obligacions addicionals, inclosa la garantia dels drets del propietari d&#039;aquestes dades. \u00c9s important que comprengui b\u00e9 les seves responsabilitats i sol\u00b7liciti assessorament extern si ho considera oport\u00fa.<\/p>\n\n\n\n<p>Les mesures de <strong>protecci\u00f3 de dades per a empreses<\/strong> tamb\u00e9 s&#039;han de tenir en compte si s&#039;utilitza el mode n\u00favol per a l&#039;emmagatzematge de dades personals.<\/p>\n\n\n\n<p>\u00c9s important que cada empresa conegui en detall all\u00f2 establert al reglament i els detalls en cada cas, per exemple, qualsevol persona pot sol\u00b7licitar el \u201cdret a l&#039;oblit\u201d que b\u00e0sicament \u00e9s el dret individual que l&#039;organitzaci\u00f3 elimini les seves dades personals.<\/p>\n\n\n\n<p>Un error a la <strong>protecci\u00f3 de dades per a empreses<\/strong> pot convertir-se en un cost\u00f3s problema, per a petits o grans negocis, de manera que con\u00e8ixer detalladament la legislaci\u00f3 i com evitar problemes sempre ser\u00e0 la millor decisi\u00f3.<\/p>\n\n\n\n<p>Hi ha diferents passos que es poden tenir en compte perqu\u00e8 la <strong>protecci\u00f3 de dades per a empreses<\/strong> sigui correcta i d&#039;acord amb all\u00f2 establert en llei. Per exemple, si teniu empleats, assegureu-vos que s&#039;est\u00e0 processant les dades personals segons el contracte de treball i les obligacions legals. Tamb\u00e9 podeu gestionar una llista de clients individuals, per exemple, per enviar-vos un av\u00eds sobre ofertes especials o anuncis si heu obtingut consentiment d&#039;aquests clients. Heu d&#039;informar les persones sobre el seu \u00fas previst i deixar de processar aquestes dades si diuen que ho feu.<\/p>\n\n\n\n<p>Si administrau una llista de prove\u00efdors o clients comercials, llavors feu-ho en funci\u00f3 dels contractes que tingui amb ells. Els contractes no s\u00f3n necess\u00e0riament en forma escrita.<\/p>\n\n\n\n<p>Recordeu que les persones han de saber que processa les seves dades personals i per a quin prop\u00f2sit. Tamb\u00e9 ha d&#039;informar qui ho sol\u00b7licitin sobre les dades que t\u00e9 sobre ells.<\/p>\n\n\n\n<p>Probablement emmagatzemi les dades en un ordinador o al n\u00favol. Davant d&#039;aix\u00f2, heu de limitar l&#039;acc\u00e9s als fitxers que contenen les dades. Actualitzeu peri\u00f2dicament la configuraci\u00f3 de seguretat del sistema per no caure en mans de ciberdelinq\u00fcents.<\/p>\n\n\n\n<p>Prepareu un document breu que expliqui quines dades personals mantenir i per quines raons. \u00c9s possible que hagueu de fer la documentaci\u00f3 disponible per a la vostra autoritat nacional de protecci\u00f3 de dades quan ho sol\u00b7licite.<\/p>\n\n\n\n<p>Les autoritats supervisores de protecci\u00f3 de dades estan facultats per sancionar les infraccions de la normativa de protecci\u00f3 de dades. Poden adoptar mesures correctives (com ara una ordre o una suspensi\u00f3 temporal del tractament) o imposar una multa.<\/p>","protected":false},"excerpt":{"rendered":"<p>El Reglamento General de Protecci\u00f3n de Datos y su importancia en empresas Cualquier negocio que ofrezca productos o servicios debe tener en cuenta las medidas de protecci\u00f3n de datos para empresa. Su negocio tendr\u00e1 obligaciones y requisitos para la protecci\u00f3n de datos para empresas. Por ejemplo, si su empresa conserva datos personales de personas que&#8230;<\/p>","protected":false},"author":4,"featured_media":0,"parent":0,"menu_order":0,"comment_status":"closed","ping_status":"closed","template":"page-landing-RGPD.php","meta":{"_acf_changed":false,"_kad_blocks_custom_css":"","_kad_blocks_head_custom_js":"","_kad_blocks_body_custom_js":"","_kad_blocks_footer_custom_js":"","_kad_post_transparent":"","_kad_post_title":"","_kad_post_layout":"","_kad_post_sidebar_id":"","_kad_post_content_style":"","_kad_post_vertical_padding":"","_kad_post_feature":"","_kad_post_feature_position":"","_kad_post_header":false,"_kad_post_footer":false,"_kad_post_classname":"","footnotes":""},"class_list":["post-19467","page","type-page","status-publish","hentry"],"acf":[],"yoast_head":"<!-- This site is optimized with the Yoast SEO plugin v27.4 - https:\/\/yoast.com\/product\/yoast-seo-wordpress\/ -->\n<title>Protecci\u00f3n de datos para empresas - Apen Inform\u00e1tica<\/title>\n<meta name=\"description\" content=\"A partir de mayo de 2018 deben adaptarse a esta nueva normativa todas las empresas o aut\u00f3nomos que utilizan datos de car\u00e1cter personal\" \/>\n<meta name=\"robots\" content=\"index, follow, max-snippet:-1, max-image-preview:large, max-video-preview:-1\" \/>\n<link rel=\"canonical\" href=\"https:\/\/www.apen.es\/ca\/proteccion-de-datos-para-empresas\/\" \/>\n<meta property=\"og:locale\" content=\"ca_ES\" \/>\n<meta property=\"og:type\" content=\"article\" \/>\n<meta property=\"og:title\" content=\"Protecci\u00f3n de datos para empresas - Apen Inform\u00e1tica\" \/>\n<meta property=\"og:description\" content=\"A partir de mayo de 2018 deben adaptarse a esta nueva normativa todas las empresas o aut\u00f3nomos que utilizan datos de car\u00e1cter personal\" \/>\n<meta property=\"og:url\" content=\"https:\/\/www.apen.es\/ca\/proteccion-de-datos-para-empresas\/\" \/>\n<meta property=\"og:site_name\" content=\"Apen Inform\u00e1tica\" \/>\n<meta property=\"article:publisher\" content=\"https:\/\/www.facebook.com\/apensolucions\" \/>\n<meta property=\"article:modified_time\" content=\"2025-07-17T10:13:25+00:00\" \/>\n<meta property=\"og:image\" content=\"https:\/\/www.apen.es\/wp-content\/uploads\/2016\/05\/logo-apen-231x82-trasparent.png\" \/>\n\t<meta property=\"og:image:width\" content=\"231\" \/>\n\t<meta property=\"og:image:height\" content=\"82\" \/>\n\t<meta property=\"og:image:type\" content=\"image\/png\" \/>\n<meta name=\"twitter:card\" content=\"summary_large_image\" \/>\n<meta name=\"twitter:label1\" content=\"Temps estimat de lectura\" \/>\n\t<meta name=\"twitter:data1\" content=\"4 minuts\" \/>\n<script type=\"application\/ld+json\" class=\"yoast-schema-graph\">{\"@context\":\"https:\\\/\\\/schema.org\",\"@graph\":[{\"@type\":\"WebPage\",\"@id\":\"https:\\\/\\\/www.apen.es\\\/proteccion-de-datos-para-empresas\\\/\",\"url\":\"https:\\\/\\\/www.apen.es\\\/proteccion-de-datos-para-empresas\\\/\",\"name\":\"Protecci\u00f3n de datos para empresas - Apen Inform\u00e1tica\",\"isPartOf\":{\"@id\":\"https:\\\/\\\/www.apen.es\\\/#website\"},\"datePublished\":\"2020-10-09T08:40:07+00:00\",\"dateModified\":\"2025-07-17T10:13:25+00:00\",\"description\":\"A partir de mayo de 2018 deben adaptarse a esta nueva normativa todas las empresas o aut\u00f3nomos que utilizan datos de car\u00e1cter personal\",\"breadcrumb\":{\"@id\":\"https:\\\/\\\/www.apen.es\\\/proteccion-de-datos-para-empresas\\\/#breadcrumb\"},\"inLanguage\":\"ca\",\"potentialAction\":[{\"@type\":\"ReadAction\",\"target\":[\"https:\\\/\\\/www.apen.es\\\/proteccion-de-datos-para-empresas\\\/\"]}]},{\"@type\":\"BreadcrumbList\",\"@id\":\"https:\\\/\\\/www.apen.es\\\/proteccion-de-datos-para-empresas\\\/#breadcrumb\",\"itemListElement\":[{\"@type\":\"ListItem\",\"position\":1,\"name\":\"Portada\",\"item\":\"https:\\\/\\\/www.apen.es\\\/\"},{\"@type\":\"ListItem\",\"position\":2,\"name\":\"Protecci\u00f3n de datos para empresas\"}]},{\"@type\":\"WebSite\",\"@id\":\"https:\\\/\\\/www.apen.es\\\/#website\",\"url\":\"https:\\\/\\\/www.apen.es\\\/\",\"name\":\"Apen Inform\u00e1tica\",\"description\":\"Mantenimiento Inform\u00e1tico , Software de Gesti\u00f3n, Soluciones de impresi\u00f3n\",\"publisher\":{\"@id\":\"https:\\\/\\\/www.apen.es\\\/#organization\"},\"potentialAction\":[{\"@type\":\"SearchAction\",\"target\":{\"@type\":\"EntryPoint\",\"urlTemplate\":\"https:\\\/\\\/www.apen.es\\\/?s={search_term_string}\"},\"query-input\":{\"@type\":\"PropertyValueSpecification\",\"valueRequired\":true,\"valueName\":\"search_term_string\"}}],\"inLanguage\":\"ca\"},{\"@type\":\"Organization\",\"@id\":\"https:\\\/\\\/www.apen.es\\\/#organization\",\"name\":\"Apen: Soluciones inform\u00e1ticas\",\"url\":\"https:\\\/\\\/www.apen.es\\\/\",\"logo\":{\"@type\":\"ImageObject\",\"inLanguage\":\"ca\",\"@id\":\"https:\\\/\\\/www.apen.es\\\/#\\\/schema\\\/logo\\\/image\\\/\",\"url\":\"https:\\\/\\\/www.apen.es\\\/wp-content\\\/uploads\\\/2022\\\/08\\\/logo-apenok-231x82-1.png\",\"contentUrl\":\"https:\\\/\\\/www.apen.es\\\/wp-content\\\/uploads\\\/2022\\\/08\\\/logo-apenok-231x82-1.png\",\"width\":231,\"height\":82,\"caption\":\"Apen: Soluciones inform\u00e1ticas\"},\"image\":{\"@id\":\"https:\\\/\\\/www.apen.es\\\/#\\\/schema\\\/logo\\\/image\\\/\"},\"sameAs\":[\"https:\\\/\\\/www.facebook.com\\\/apensolucions\",\"https:\\\/\\\/www.youtube.com\\\/user\\\/ApenCentreInformatic\",\"https:\\\/\\\/www.linkedin.com\\\/company\\\/1021771?trk=tyah&trkInfo=clickedVerticalcompanyclickedEntityId1021771idx2-1-2tarId1464195271196tasapenin\"]}]}<\/script>\n<!-- \/ Yoast SEO plugin. -->","yoast_head_json":{"title":"Protecci\u00f3n de datos para empresas - Apen Inform\u00e1tica","description":"A partir de mayo de 2018 deben adaptarse a esta nueva normativa todas las empresas o aut\u00f3nomos que utilizan datos de car\u00e1cter personal","robots":{"index":"index","follow":"follow","max-snippet":"max-snippet:-1","max-image-preview":"max-image-preview:large","max-video-preview":"max-video-preview:-1"},"canonical":"https:\/\/www.apen.es\/ca\/proteccion-de-datos-para-empresas\/","og_locale":"ca_ES","og_type":"article","og_title":"Protecci\u00f3n de datos para empresas - Apen Inform\u00e1tica","og_description":"A partir de mayo de 2018 deben adaptarse a esta nueva normativa todas las empresas o aut\u00f3nomos que utilizan datos de car\u00e1cter personal","og_url":"https:\/\/www.apen.es\/ca\/proteccion-de-datos-para-empresas\/","og_site_name":"Apen Inform\u00e1tica","article_publisher":"https:\/\/www.facebook.com\/apensolucions","article_modified_time":"2025-07-17T10:13:25+00:00","og_image":[{"width":231,"height":82,"url":"https:\/\/www.apen.es\/wp-content\/uploads\/2016\/05\/logo-apen-231x82-trasparent.png","type":"image\/png"}],"twitter_card":"summary_large_image","twitter_misc":{"Temps estimat de lectura":"4 minuts"},"schema":{"@context":"https:\/\/schema.org","@graph":[{"@type":"WebPage","@id":"https:\/\/www.apen.es\/proteccion-de-datos-para-empresas\/","url":"https:\/\/www.apen.es\/proteccion-de-datos-para-empresas\/","name":"Protecci\u00f3n de datos para empresas - Apen Inform\u00e1tica","isPartOf":{"@id":"https:\/\/www.apen.es\/#website"},"datePublished":"2020-10-09T08:40:07+00:00","dateModified":"2025-07-17T10:13:25+00:00","description":"A partir de mayo de 2018 deben adaptarse a esta nueva normativa todas las empresas o aut\u00f3nomos que utilizan datos de car\u00e1cter personal","breadcrumb":{"@id":"https:\/\/www.apen.es\/proteccion-de-datos-para-empresas\/#breadcrumb"},"inLanguage":"ca","potentialAction":[{"@type":"ReadAction","target":["https:\/\/www.apen.es\/proteccion-de-datos-para-empresas\/"]}]},{"@type":"BreadcrumbList","@id":"https:\/\/www.apen.es\/proteccion-de-datos-para-empresas\/#breadcrumb","itemListElement":[{"@type":"ListItem","position":1,"name":"Portada","item":"https:\/\/www.apen.es\/"},{"@type":"ListItem","position":2,"name":"Protecci\u00f3n de datos para empresas"}]},{"@type":"WebSite","@id":"https:\/\/www.apen.es\/#website","url":"https:\/\/www.apen.es\/","name":"Apen Inform\u00e0tica","description":"Manteniment inform\u00e0tic , programari de gesti\u00f3, solucions d&#039;impressi\u00f3","publisher":{"@id":"https:\/\/www.apen.es\/#organization"},"potentialAction":[{"@type":"SearchAction","target":{"@type":"EntryPoint","urlTemplate":"https:\/\/www.apen.es\/?s={search_term_string}"},"query-input":{"@type":"PropertyValueSpecification","valueRequired":true,"valueName":"search_term_string"}}],"inLanguage":"ca"},{"@type":"Organization","@id":"https:\/\/www.apen.es\/#organization","name":"Apen: Solucions inform\u00e0tiques","url":"https:\/\/www.apen.es\/","logo":{"@type":"ImageObject","inLanguage":"ca","@id":"https:\/\/www.apen.es\/#\/schema\/logo\/image\/","url":"https:\/\/www.apen.es\/wp-content\/uploads\/2022\/08\/logo-apenok-231x82-1.png","contentUrl":"https:\/\/www.apen.es\/wp-content\/uploads\/2022\/08\/logo-apenok-231x82-1.png","width":231,"height":82,"caption":"Apen: Soluciones inform\u00e1ticas"},"image":{"@id":"https:\/\/www.apen.es\/#\/schema\/logo\/image\/"},"sameAs":["https:\/\/www.facebook.com\/apensolucions","https:\/\/www.youtube.com\/user\/ApenCentreInformatic","https:\/\/www.linkedin.com\/company\/1021771?trk=tyah&trkInfo=clickedVerticalcompanyclickedEntityId1021771idx2-1-2tarId1464195271196tasapenin"]}]}},"taxonomy_info":[],"featured_image_src_large":false,"author_info":{"display_name":"marqueting","author_link":"https:\/\/www.apen.es\/ca\/blog\/author\/marqueting\/"},"comment_info":0,"_links":{"self":[{"href":"https:\/\/www.apen.es\/ca\/wp-json\/wp\/v2\/pages\/19467","targetHints":{"allow":["GET"]}}],"collection":[{"href":"https:\/\/www.apen.es\/ca\/wp-json\/wp\/v2\/pages"}],"about":[{"href":"https:\/\/www.apen.es\/ca\/wp-json\/wp\/v2\/types\/page"}],"author":[{"embeddable":true,"href":"https:\/\/www.apen.es\/ca\/wp-json\/wp\/v2\/users\/4"}],"replies":[{"embeddable":true,"href":"https:\/\/www.apen.es\/ca\/wp-json\/wp\/v2\/comments?post=19467"}],"version-history":[{"count":5,"href":"https:\/\/www.apen.es\/ca\/wp-json\/wp\/v2\/pages\/19467\/revisions"}],"predecessor-version":[{"id":57101,"href":"https:\/\/www.apen.es\/ca\/wp-json\/wp\/v2\/pages\/19467\/revisions\/57101"}],"wp:attachment":[{"href":"https:\/\/www.apen.es\/ca\/wp-json\/wp\/v2\/media?parent=19467"}],"curies":[{"name":"wp","href":"https:\/\/api.w.org\/{rel}","templated":true}]}}