{"id":18660,"date":"2020-09-24T07:57:03","date_gmt":"2020-09-24T07:57:03","guid":{"rendered":"https:\/\/www.apen.es\/?page_id=18660"},"modified":"2025-06-25T11:09:24","modified_gmt":"2025-06-25T11:09:24","slug":"planes-office-365","status":"publish","type":"page","link":"https:\/\/www.apen.es\/ca\/soluciones-cloud\/office-365\/planes-office-365\/","title":{"rendered":"Plans Office 365"},"content":{"rendered":"<p>A Apen t&#039;oferim tres <strong>plans Office 365<\/strong>, perqu\u00e8 puguis gaudir de la millor eina d&#039;ofim\u00e0tica del mercat feta a mida, amb un pla completament personalitzat.<\/p>\n\n\n\n<p>La primera opci\u00f3 dels <strong>plans Office 365<\/strong> \u00e9s l&#039;anomenada Empresa Essentials, nom\u00e9s per a versions web i m\u00f2bil i compta amb OneDrive, Sharepoint, Exchange i Microsoft Teams, amb una quota molt assumible de 4,20 euros al mes per usuari.<\/p>\n\n\n\n<p>La segona opci\u00f3 \u00e9s Office 365 Empresa i compta amb les aplicacions d&#039;Outlook, Power Point, Access per a PC, Word, Excel i el servei d&#039;OneDrive, per nom\u00e9s 8,80 euros al mes per usuari.<\/p>\n\n\n\n<p>El tercer dels plans \u00e9s Empresa Premium i compta amb molts serveis (Outlook, Word, Excel, PowerPoint, Access i aplicacions (Exchange, OneDrive, Sharepoint i Microsoft Teams)) i t\u00e9 una quota de 10,50 euros al mes per usuari.<\/p>\n\n\n\n<p>Si vols sol\u00b7licitar m\u00e9s informaci\u00f3 i saber tot all\u00f2 que inclou cadascun d&#039;aquests <strong>plans Office 365<\/strong> truca&#039;ns al 938 606 220 o omple el formulari de contacte de la nostra p\u00e0gina web, especificant a les observacions qu\u00e8 vols provar exactament del paquet Office 365.<\/p>\n\n\n\n<p>A Apen t&#039;oferim plans a mida per a la teva empresa, podent seleccionar l&#039;opci\u00f3 m\u00e9s viable, optimitzada i adaptada a les necessitats, prefer\u00e8ncies i particularitats de la teva empresa i sempre comptant amb el nostre suport t\u00e8cnic i especialitzat perqu\u00e8 puguis resoldre dubtes o qualsevol problema que sorgeixi. En ser distribu\u00efdors oficials de Microsoft Office 365 et podem donar les m\u00e0ximes garanties i una seguretat absoluta en cadascun dels processos de la implantaci\u00f3 dels plans d&#039;Office 365.<\/p>\n\n\n\n<p>A Apen, tamb\u00e9 t&#039;oferim formaci\u00f3 als programes que ofereix Office 365, perqu\u00e8 puguis treure&#039;ls el m\u00e0xim partit, sabent totes les funcions que presenta i optimitzant totes les seves eines. Amb aquesta formaci\u00f3 i gr\u00e0cies a un pla personalitzat, podr\u00e0s millorar la productivitat i aconseguir que la teva empresa millori de manera quantitativa i qualitativa.<\/p>\n\n\n\n<p>Amb m\u00e9s de 25 anys d&#039;experi\u00e8ncia en el manteniment i la seguretat inform\u00e0tica, a Apen podem garantir-te la m\u00e0xima solv\u00e8ncia i una resposta efica\u00e7 i r\u00e0pida, ja que tenim una llarga i experimentada traject\u00f2ria al sector de la inform\u00e0tica i sabem com actuar davant de tot tipus de situacions. Tot i aix\u00ed, at\u00e8s que els <strong>plans d&#039;office 365<\/strong> evolucionen juntament amb la teva empresa i estan preparats per ser eines de treball solvents i segures, no es necessita pr\u00e0cticament el manteniment, ja que funcionen perfectament i no es fan malb\u00e9 amb facilitat.<\/p>\n\n\n\n<p>Si voleu con\u00e8ixer tots els serveis que us podem oferir a Apen, us convidem a visitar la nostra p\u00e0gina web i posar-vos en contacte amb nosaltres, per informar-vos d&#039;altres solucions molt interessants com el r\u00e8nting tecnol\u00f2gic o les solucions d&#039;impressi\u00f3.<\/p>","protected":false},"excerpt":{"rendered":"<p>En Apen te ofrecemos tres planes Office 365, para que puedas disfrutar de la mejor herramienta de ofim\u00e1tica del mercado hecha a medida, con un plan completamente personalizado. La primera opci\u00f3n de los planes Office 365 es la llamada Empresa Essentials, solo para versiones web y m\u00f3vil y cuenta con OneDrive, Sharepoint, Exchange y Microsoft&#8230;<\/p>","protected":false},"author":4,"featured_media":16517,"parent":1978,"menu_order":0,"comment_status":"closed","ping_status":"closed","template":"page-landing-microsoft-365.php","meta":{"_acf_changed":false,"_kad_blocks_custom_css":"","_kad_blocks_head_custom_js":"","_kad_blocks_body_custom_js":"","_kad_blocks_footer_custom_js":"","_kad_post_transparent":"","_kad_post_title":"","_kad_post_layout":"","_kad_post_sidebar_id":"","_kad_post_content_style":"","_kad_post_vertical_padding":"","_kad_post_feature":"","_kad_post_feature_position":"","_kad_post_header":false,"_kad_post_footer":false,"_kad_post_classname":"","footnotes":""},"class_list":["post-18660","page","type-page","status-publish","has-post-thumbnail","hentry"],"acf":[],"yoast_head":"<!-- This site is optimized with the Yoast SEO plugin v27.4 - https:\/\/yoast.com\/product\/yoast-seo-wordpress\/ -->\n<title>Planes Office 365 - Apen Inform\u00e1tica<\/title>\n<meta name=\"description\" content=\"Descubre nuestros diferentes plaes de Office 365. Disfruta de un PC virtual en la nube a cada usuario con las mismas aplicaciones y funciones que un PC\" \/>\n<meta name=\"robots\" content=\"index, follow, max-snippet:-1, max-image-preview:large, max-video-preview:-1\" \/>\n<link rel=\"canonical\" href=\"https:\/\/www.apen.es\/ca\/soluciones-cloud\/office-365\/planes-office-365\/\" \/>\n<meta property=\"og:locale\" content=\"ca_ES\" \/>\n<meta property=\"og:type\" content=\"article\" \/>\n<meta property=\"og:title\" content=\"Planes Office 365 - Apen Inform\u00e1tica\" \/>\n<meta property=\"og:description\" content=\"Descubre nuestros diferentes plaes de Office 365. Disfruta de un PC virtual en la nube a cada usuario con las mismas aplicaciones y funciones que un PC\" \/>\n<meta property=\"og:url\" content=\"https:\/\/www.apen.es\/ca\/soluciones-cloud\/office-365\/planes-office-365\/\" \/>\n<meta property=\"og:site_name\" content=\"Apen Inform\u00e1tica\" \/>\n<meta property=\"article:publisher\" content=\"https:\/\/www.facebook.com\/apensolucions\" \/>\n<meta property=\"article:modified_time\" content=\"2025-06-25T11:09:24+00:00\" \/>\n<meta property=\"og:image\" content=\"https:\/\/www.apen.es\/wp-content\/uploads\/2020\/04\/Parallax_o365.jpg\" \/>\n\t<meta property=\"og:image:width\" content=\"1920\" \/>\n\t<meta property=\"og:image:height\" content=\"812\" \/>\n\t<meta property=\"og:image:type\" content=\"image\/jpeg\" \/>\n<meta name=\"twitter:card\" content=\"summary_large_image\" \/>\n<meta name=\"twitter:label1\" content=\"Temps estimat de lectura\" \/>\n\t<meta name=\"twitter:data1\" content=\"5 minuts\" \/>\n<script type=\"application\/ld+json\" class=\"yoast-schema-graph\">{\"@context\":\"https:\\\/\\\/schema.org\",\"@graph\":[{\"@type\":\"WebPage\",\"@id\":\"https:\\\/\\\/www.apen.es\\\/soluciones-cloud\\\/office-365\\\/planes-office-365\\\/\",\"url\":\"https:\\\/\\\/www.apen.es\\\/soluciones-cloud\\\/office-365\\\/planes-office-365\\\/\",\"name\":\"Planes Office 365 - Apen Inform\u00e1tica\",\"isPartOf\":{\"@id\":\"https:\\\/\\\/www.apen.es\\\/#website\"},\"primaryImageOfPage\":{\"@id\":\"https:\\\/\\\/www.apen.es\\\/soluciones-cloud\\\/office-365\\\/planes-office-365\\\/#primaryimage\"},\"image\":{\"@id\":\"https:\\\/\\\/www.apen.es\\\/soluciones-cloud\\\/office-365\\\/planes-office-365\\\/#primaryimage\"},\"thumbnailUrl\":\"https:\\\/\\\/www.apen.es\\\/wp-content\\\/uploads\\\/2020\\\/04\\\/Parallax_o365.jpg\",\"datePublished\":\"2020-09-24T07:57:03+00:00\",\"dateModified\":\"2025-06-25T11:09:24+00:00\",\"description\":\"Descubre nuestros diferentes plaes de Office 365. Disfruta de un PC virtual en la nube a cada usuario con las mismas aplicaciones y funciones que un PC\",\"breadcrumb\":{\"@id\":\"https:\\\/\\\/www.apen.es\\\/soluciones-cloud\\\/office-365\\\/planes-office-365\\\/#breadcrumb\"},\"inLanguage\":\"ca\",\"potentialAction\":[{\"@type\":\"ReadAction\",\"target\":[\"https:\\\/\\\/www.apen.es\\\/soluciones-cloud\\\/office-365\\\/planes-office-365\\\/\"]}]},{\"@type\":\"ImageObject\",\"inLanguage\":\"ca\",\"@id\":\"https:\\\/\\\/www.apen.es\\\/soluciones-cloud\\\/office-365\\\/planes-office-365\\\/#primaryimage\",\"url\":\"https:\\\/\\\/www.apen.es\\\/wp-content\\\/uploads\\\/2020\\\/04\\\/Parallax_o365.jpg\",\"contentUrl\":\"https:\\\/\\\/www.apen.es\\\/wp-content\\\/uploads\\\/2020\\\/04\\\/Parallax_o365.jpg\",\"width\":1920,\"height\":812},{\"@type\":\"BreadcrumbList\",\"@id\":\"https:\\\/\\\/www.apen.es\\\/soluciones-cloud\\\/office-365\\\/planes-office-365\\\/#breadcrumb\",\"itemListElement\":[{\"@type\":\"ListItem\",\"position\":1,\"name\":\"Portada\",\"item\":\"https:\\\/\\\/www.apen.es\\\/\"},{\"@type\":\"ListItem\",\"position\":2,\"name\":\"Soluciones Cloud\",\"item\":\"https:\\\/\\\/www.apen.es\\\/soluciones-cloud\\\/\"},{\"@type\":\"ListItem\",\"position\":3,\"name\":\"Office 365. Somos tu partner tecnol\u00f3gico\",\"item\":\"https:\\\/\\\/www.apen.es\\\/soluciones-cloud\\\/office-365\\\/\"},{\"@type\":\"ListItem\",\"position\":4,\"name\":\"Planes Office 365\"}]},{\"@type\":\"WebSite\",\"@id\":\"https:\\\/\\\/www.apen.es\\\/#website\",\"url\":\"https:\\\/\\\/www.apen.es\\\/\",\"name\":\"Apen Inform\u00e1tica\",\"description\":\"Mantenimiento Inform\u00e1tico , Software de Gesti\u00f3n, Soluciones de impresi\u00f3n\",\"publisher\":{\"@id\":\"https:\\\/\\\/www.apen.es\\\/#organization\"},\"potentialAction\":[{\"@type\":\"SearchAction\",\"target\":{\"@type\":\"EntryPoint\",\"urlTemplate\":\"https:\\\/\\\/www.apen.es\\\/?s={search_term_string}\"},\"query-input\":{\"@type\":\"PropertyValueSpecification\",\"valueRequired\":true,\"valueName\":\"search_term_string\"}}],\"inLanguage\":\"ca\"},{\"@type\":\"Organization\",\"@id\":\"https:\\\/\\\/www.apen.es\\\/#organization\",\"name\":\"Apen: Soluciones inform\u00e1ticas\",\"url\":\"https:\\\/\\\/www.apen.es\\\/\",\"logo\":{\"@type\":\"ImageObject\",\"inLanguage\":\"ca\",\"@id\":\"https:\\\/\\\/www.apen.es\\\/#\\\/schema\\\/logo\\\/image\\\/\",\"url\":\"https:\\\/\\\/www.apen.es\\\/wp-content\\\/uploads\\\/2022\\\/08\\\/logo-apenok-231x82-1.png\",\"contentUrl\":\"https:\\\/\\\/www.apen.es\\\/wp-content\\\/uploads\\\/2022\\\/08\\\/logo-apenok-231x82-1.png\",\"width\":231,\"height\":82,\"caption\":\"Apen: Soluciones inform\u00e1ticas\"},\"image\":{\"@id\":\"https:\\\/\\\/www.apen.es\\\/#\\\/schema\\\/logo\\\/image\\\/\"},\"sameAs\":[\"https:\\\/\\\/www.facebook.com\\\/apensolucions\",\"https:\\\/\\\/www.youtube.com\\\/user\\\/ApenCentreInformatic\",\"https:\\\/\\\/www.linkedin.com\\\/company\\\/1021771?trk=tyah&trkInfo=clickedVerticalcompanyclickedEntityId1021771idx2-1-2tarId1464195271196tasapenin\"]}]}<\/script>\n<!-- \/ Yoast SEO plugin. -->","yoast_head_json":{"title":"Planes Office 365 - Apen Inform\u00e1tica","description":"Descubre nuestros diferentes plaes de Office 365. Disfruta de un PC virtual en la nube a cada usuario con las mismas aplicaciones y funciones que un PC","robots":{"index":"index","follow":"follow","max-snippet":"max-snippet:-1","max-image-preview":"max-image-preview:large","max-video-preview":"max-video-preview:-1"},"canonical":"https:\/\/www.apen.es\/ca\/soluciones-cloud\/office-365\/planes-office-365\/","og_locale":"ca_ES","og_type":"article","og_title":"Planes Office 365 - Apen Inform\u00e1tica","og_description":"Descubre nuestros diferentes plaes de Office 365. Disfruta de un PC virtual en la nube a cada usuario con las mismas aplicaciones y funciones que un PC","og_url":"https:\/\/www.apen.es\/ca\/soluciones-cloud\/office-365\/planes-office-365\/","og_site_name":"Apen Inform\u00e1tica","article_publisher":"https:\/\/www.facebook.com\/apensolucions","article_modified_time":"2025-06-25T11:09:24+00:00","og_image":[{"width":1920,"height":812,"url":"https:\/\/www.apen.es\/wp-content\/uploads\/2020\/04\/Parallax_o365.jpg","type":"image\/jpeg"}],"twitter_card":"summary_large_image","twitter_misc":{"Temps estimat de lectura":"5 minuts"},"schema":{"@context":"https:\/\/schema.org","@graph":[{"@type":"WebPage","@id":"https:\/\/www.apen.es\/soluciones-cloud\/office-365\/planes-office-365\/","url":"https:\/\/www.apen.es\/soluciones-cloud\/office-365\/planes-office-365\/","name":"Planes Office 365 - Apen Inform\u00e1tica","isPartOf":{"@id":"https:\/\/www.apen.es\/#website"},"primaryImageOfPage":{"@id":"https:\/\/www.apen.es\/soluciones-cloud\/office-365\/planes-office-365\/#primaryimage"},"image":{"@id":"https:\/\/www.apen.es\/soluciones-cloud\/office-365\/planes-office-365\/#primaryimage"},"thumbnailUrl":"https:\/\/www.apen.es\/wp-content\/uploads\/2020\/04\/Parallax_o365.jpg","datePublished":"2020-09-24T07:57:03+00:00","dateModified":"2025-06-25T11:09:24+00:00","description":"Descubre nuestros diferentes plaes de Office 365. Disfruta de un PC virtual en la nube a cada usuario con las mismas aplicaciones y funciones que un PC","breadcrumb":{"@id":"https:\/\/www.apen.es\/soluciones-cloud\/office-365\/planes-office-365\/#breadcrumb"},"inLanguage":"ca","potentialAction":[{"@type":"ReadAction","target":["https:\/\/www.apen.es\/soluciones-cloud\/office-365\/planes-office-365\/"]}]},{"@type":"ImageObject","inLanguage":"ca","@id":"https:\/\/www.apen.es\/soluciones-cloud\/office-365\/planes-office-365\/#primaryimage","url":"https:\/\/www.apen.es\/wp-content\/uploads\/2020\/04\/Parallax_o365.jpg","contentUrl":"https:\/\/www.apen.es\/wp-content\/uploads\/2020\/04\/Parallax_o365.jpg","width":1920,"height":812},{"@type":"BreadcrumbList","@id":"https:\/\/www.apen.es\/soluciones-cloud\/office-365\/planes-office-365\/#breadcrumb","itemListElement":[{"@type":"ListItem","position":1,"name":"Portada","item":"https:\/\/www.apen.es\/"},{"@type":"ListItem","position":2,"name":"Soluciones Cloud","item":"https:\/\/www.apen.es\/soluciones-cloud\/"},{"@type":"ListItem","position":3,"name":"Office 365. Somos tu partner tecnol\u00f3gico","item":"https:\/\/www.apen.es\/soluciones-cloud\/office-365\/"},{"@type":"ListItem","position":4,"name":"Planes Office 365"}]},{"@type":"WebSite","@id":"https:\/\/www.apen.es\/#website","url":"https:\/\/www.apen.es\/","name":"Apen Inform\u00e0tica","description":"Manteniment inform\u00e0tic , programari de gesti\u00f3, solucions d&#039;impressi\u00f3","publisher":{"@id":"https:\/\/www.apen.es\/#organization"},"potentialAction":[{"@type":"SearchAction","target":{"@type":"EntryPoint","urlTemplate":"https:\/\/www.apen.es\/?s={search_term_string}"},"query-input":{"@type":"PropertyValueSpecification","valueRequired":true,"valueName":"search_term_string"}}],"inLanguage":"ca"},{"@type":"Organization","@id":"https:\/\/www.apen.es\/#organization","name":"Apen: Solucions inform\u00e0tiques","url":"https:\/\/www.apen.es\/","logo":{"@type":"ImageObject","inLanguage":"ca","@id":"https:\/\/www.apen.es\/#\/schema\/logo\/image\/","url":"https:\/\/www.apen.es\/wp-content\/uploads\/2022\/08\/logo-apenok-231x82-1.png","contentUrl":"https:\/\/www.apen.es\/wp-content\/uploads\/2022\/08\/logo-apenok-231x82-1.png","width":231,"height":82,"caption":"Apen: Soluciones inform\u00e1ticas"},"image":{"@id":"https:\/\/www.apen.es\/#\/schema\/logo\/image\/"},"sameAs":["https:\/\/www.facebook.com\/apensolucions","https:\/\/www.youtube.com\/user\/ApenCentreInformatic","https:\/\/www.linkedin.com\/company\/1021771?trk=tyah&trkInfo=clickedVerticalcompanyclickedEntityId1021771idx2-1-2tarId1464195271196tasapenin"]}]}},"taxonomy_info":[],"featured_image_src_large":["https:\/\/www.apen.es\/wp-content\/uploads\/2020\/04\/Parallax_o365-1024x433.jpg",1024,433,true],"author_info":{"display_name":"marqueting","author_link":"https:\/\/www.apen.es\/ca\/blog\/author\/marqueting\/"},"comment_info":0,"_links":{"self":[{"href":"https:\/\/www.apen.es\/ca\/wp-json\/wp\/v2\/pages\/18660","targetHints":{"allow":["GET"]}}],"collection":[{"href":"https:\/\/www.apen.es\/ca\/wp-json\/wp\/v2\/pages"}],"about":[{"href":"https:\/\/www.apen.es\/ca\/wp-json\/wp\/v2\/types\/page"}],"author":[{"embeddable":true,"href":"https:\/\/www.apen.es\/ca\/wp-json\/wp\/v2\/users\/4"}],"replies":[{"embeddable":true,"href":"https:\/\/www.apen.es\/ca\/wp-json\/wp\/v2\/comments?post=18660"}],"version-history":[{"count":2,"href":"https:\/\/www.apen.es\/ca\/wp-json\/wp\/v2\/pages\/18660\/revisions"}],"predecessor-version":[{"id":55640,"href":"https:\/\/www.apen.es\/ca\/wp-json\/wp\/v2\/pages\/18660\/revisions\/55640"}],"up":[{"embeddable":true,"href":"https:\/\/www.apen.es\/ca\/wp-json\/wp\/v2\/pages\/1978"}],"wp:featuredmedia":[{"embeddable":true,"href":"https:\/\/www.apen.es\/ca\/wp-json\/wp\/v2\/media\/16517"}],"wp:attachment":[{"href":"https:\/\/www.apen.es\/ca\/wp-json\/wp\/v2\/media?parent=18660"}],"curies":[{"name":"wp","href":"https:\/\/api.w.org\/{rel}","templated":true}]}}