{"id":18011,"date":"2020-07-02T07:18:15","date_gmt":"2020-07-02T07:18:15","guid":{"rendered":"https:\/\/www.apen.es\/?page_id=18011"},"modified":"2025-07-09T11:57:27","modified_gmt":"2025-07-09T11:57:27","slug":"formacio-power-point","status":"publish","type":"page","link":"https:\/\/www.apen.es\/ca\/formacion-para-empresas\/formacion-power-point\/","title":{"rendered":"Formaci\u00f3 Power Point"},"content":{"rendered":"<p>Amb la <strong>formaci\u00f3 <\/strong>de<strong> Power Point<\/strong> d&#039;Apen descobrir\u00e0s molt m\u00e9s que un programa de presentaci\u00f3 de diapositives, ja que ofereix moltes funcionalitats interessants que permeten treure&#039;n m\u00e9s partit.<\/p>\n\n\n\n<p>Amb la <strong>formaci\u00f3 <\/strong>de<strong> Power Point<\/strong> ser\u00e0s capa\u00e7 de crear una presentaci\u00f3, inserir un text, inserir objectes, imprimir presentacions, treballar amb diapositives, configurar i projectar una presentaci\u00f3 a la pantalla o aplicar formats a les diapositives. Aconseguir\u00e0s professionalitzar i treure el m\u00e0xim rendiment a aquesta eina d&#039;ofim\u00e0tica que \u00e9s molt interessant i \u00fatil per a totes les pimes i tamb\u00e9 per a un \u00fas particular.<\/p>\n\n\n\n<p>El temari d&#039;aquest curs de <strong>formaci\u00f3 <\/strong>de<strong> Power Point<\/strong> es divideix en set categories diferents: L&#039;entorn de treball, treballar amb diapositives i objectes, treballar amb presentacions, inserir text, aplicar format a diapositives, imprimir i presentaci\u00f3 en pantalla. Cadascuna d&#039;aquestes set tem\u00e0tiques compta amb les seves pr\u00f2pies subcategories, per tractar detalladament i en profunditat cadascuna de les possibilitats d&#039;aquest programa d&#039;ofim\u00e0tica i obtenir aix\u00ed el m\u00e0xim coneixement possible.<\/p>\n\n\n\n<p>Si necessites obtenir un nivell b\u00e0sic de Power Point amb aquest curs ho aconseguir\u00e0s, ja que aprendr\u00e0s a treballar amb diverses presentacions, crear una presentaci\u00f3 podent aplicar diferents efectes, inserir objectes, text, fotografies o v\u00eddeos, modificar l&#039;ordre de les diapositives, duplicar-les, treballar el disseny d&#039;una manera m\u00e9s personalitzada i lliure, controlar totes les eines que es presenten al programa, etc.<\/p>\n\n\n\n<p>Si t&#039;interessa aquest curs de <strong>formaci\u00f3<\/strong> de <strong>Power Point<\/strong> per a tu o per als teus treballadors, no dubtis en posar-te en contacte amb nosaltres, ja que des d&#039;Apen podem assessorar-te i informar-te de tots els cursos de formaci\u00f3 que realitzem per a empreses, com ara cursos de formaci\u00f3 d&#039;Excel a diferents nivells, Access, OneDrive, OneNote, Sharepoint, Teams, Outlook, Word\u2026 Tota una s\u00e8rie d&#039;eines que ajuden a millorar la gesti\u00f3 empresarial i que els recursos i fent que augmenti la productivitat i millori la comunicaci\u00f3 i organitzaci\u00f3 de la companyia<\/p>\n\n\n\n<p>Som distribu\u00efdors oficials de Microsoft Office, de manera que sabem molt b\u00e9 totes les possibilitats que ofereix Office 365, i \u00e9s l&#039;eina d&#039;ofim\u00e0tica m\u00e9s coneguda i m\u00e9s utilitzada del mercat, gr\u00e0cies a tots els avantatges i possibilitats que presenta per a l&#039;empresa. A Apen som especialistes en el manteniment i la seguretat inform\u00e0tica, cosa que tamb\u00e9 resulta molt interessant per a qualsevol empresa, ja que amb la formaci\u00f3 dels nostres cursos i la nostra ajuda i assessorament especialitzat, aconseguir\u00e0 rendir d&#039;una manera molt m\u00e9s professional, eficient i rendible, tenint l&#039;acompanyament i el suport que necessita en tot moment i traient el m\u00e0xim rendiment a les seves eines de treball.<\/p>","protected":false},"excerpt":{"rendered":"<p>Con la formaci\u00f3n de Power Point de Apen vas a descubrir mucho m\u00e1s que un programa de presentaci\u00f3n de diapositivas, ya que ofrece muchas funcionalidades interesantes que permiten sacarle un mayor partido. Con la formaci\u00f3n de Power Point vas a ser capaz de crear una presentaci\u00f3n, insertar un texto, insertar objetos, imprimir presentaciones, trabajar con&#8230;<\/p>","protected":false},"author":4,"featured_media":0,"parent":16874,"menu_order":0,"comment_status":"closed","ping_status":"closed","template":"page-landing-formacion.php","meta":{"_acf_changed":false,"_kad_blocks_custom_css":"","_kad_blocks_head_custom_js":"","_kad_blocks_body_custom_js":"","_kad_blocks_footer_custom_js":"","_kad_post_transparent":"","_kad_post_title":"","_kad_post_layout":"","_kad_post_sidebar_id":"","_kad_post_content_style":"","_kad_post_vertical_padding":"","_kad_post_feature":"","_kad_post_feature_position":"","_kad_post_header":false,"_kad_post_footer":false,"_kad_post_classname":"","footnotes":""},"class_list":["post-18011","page","type-page","status-publish","hentry"],"acf":[],"yoast_head":"<!-- This site is optimized with the Yoast SEO plugin v27.4 - https:\/\/yoast.com\/product\/yoast-seo-wordpress\/ -->\n<title>Formacion Power Point - Apen Inform\u00e1tica<\/title>\n<meta name=\"description\" content=\"Con la formaci\u00f3n de Power Point de Apen vas a descubrir mucho m\u00e1s que un programa de presentaci\u00f3n de diapositivas. Contacta con APEN.\" \/>\n<meta name=\"robots\" content=\"index, follow, max-snippet:-1, max-image-preview:large, max-video-preview:-1\" \/>\n<link rel=\"canonical\" href=\"https:\/\/www.apen.es\/ca\/formacio-per-a-empreses\/formacio-power-point\/\" \/>\n<meta property=\"og:locale\" content=\"ca_ES\" \/>\n<meta property=\"og:type\" content=\"article\" \/>\n<meta property=\"og:title\" content=\"Formacion Power Point - Apen Inform\u00e1tica\" \/>\n<meta property=\"og:description\" content=\"Con la formaci\u00f3n de Power Point de Apen vas a descubrir mucho m\u00e1s que un programa de presentaci\u00f3n de diapositivas. Contacta con APEN.\" \/>\n<meta property=\"og:url\" content=\"https:\/\/www.apen.es\/ca\/formacio-per-a-empreses\/formacio-power-point\/\" \/>\n<meta property=\"og:site_name\" content=\"Apen Inform\u00e1tica\" \/>\n<meta property=\"article:publisher\" content=\"https:\/\/www.facebook.com\/apensolucions\" \/>\n<meta property=\"article:modified_time\" content=\"2025-07-09T11:57:27+00:00\" \/>\n<meta property=\"og:image\" content=\"https:\/\/www.apen.es\/wp-content\/uploads\/2016\/05\/logo-apen-231x82-trasparent.png\" \/>\n\t<meta property=\"og:image:width\" content=\"231\" \/>\n\t<meta property=\"og:image:height\" content=\"82\" \/>\n\t<meta property=\"og:image:type\" content=\"image\/png\" \/>\n<meta name=\"twitter:card\" content=\"summary_large_image\" \/>\n<meta name=\"twitter:label1\" content=\"Temps estimat de lectura\" \/>\n\t<meta name=\"twitter:data1\" content=\"5 minuts\" \/>\n<script type=\"application\/ld+json\" class=\"yoast-schema-graph\">{\"@context\":\"https:\\\/\\\/schema.org\",\"@graph\":[{\"@type\":\"WebPage\",\"@id\":\"https:\\\/\\\/www.apen.es\\\/formacion-para-empresas\\\/formacion-power-point\\\/\",\"url\":\"https:\\\/\\\/www.apen.es\\\/formacion-para-empresas\\\/formacion-power-point\\\/\",\"name\":\"Formacion Power Point - Apen Inform\u00e1tica\",\"isPartOf\":{\"@id\":\"https:\\\/\\\/www.apen.es\\\/#website\"},\"datePublished\":\"2020-07-02T07:18:15+00:00\",\"dateModified\":\"2025-07-09T11:57:27+00:00\",\"description\":\"Con la formaci\u00f3n de Power Point de Apen vas a descubrir mucho m\u00e1s que un programa de presentaci\u00f3n de diapositivas. Contacta con APEN.\",\"breadcrumb\":{\"@id\":\"https:\\\/\\\/www.apen.es\\\/formacion-para-empresas\\\/formacion-power-point\\\/#breadcrumb\"},\"inLanguage\":\"ca\",\"potentialAction\":[{\"@type\":\"ReadAction\",\"target\":[\"https:\\\/\\\/www.apen.es\\\/formacion-para-empresas\\\/formacion-power-point\\\/\"]}]},{\"@type\":\"BreadcrumbList\",\"@id\":\"https:\\\/\\\/www.apen.es\\\/formacion-para-empresas\\\/formacion-power-point\\\/#breadcrumb\",\"itemListElement\":[{\"@type\":\"ListItem\",\"position\":1,\"name\":\"Portada\",\"item\":\"https:\\\/\\\/www.apen.es\\\/\"},{\"@type\":\"ListItem\",\"position\":2,\"name\":\"Formaci\u00f3n para Empresas\",\"item\":\"https:\\\/\\\/www.apen.es\\\/formacion-para-empresas\\\/\"},{\"@type\":\"ListItem\",\"position\":3,\"name\":\"Formacion Power Point\"}]},{\"@type\":\"WebSite\",\"@id\":\"https:\\\/\\\/www.apen.es\\\/#website\",\"url\":\"https:\\\/\\\/www.apen.es\\\/\",\"name\":\"Apen Inform\u00e1tica\",\"description\":\"Mantenimiento Inform\u00e1tico , Software de Gesti\u00f3n, Soluciones de impresi\u00f3n\",\"publisher\":{\"@id\":\"https:\\\/\\\/www.apen.es\\\/#organization\"},\"potentialAction\":[{\"@type\":\"SearchAction\",\"target\":{\"@type\":\"EntryPoint\",\"urlTemplate\":\"https:\\\/\\\/www.apen.es\\\/?s={search_term_string}\"},\"query-input\":{\"@type\":\"PropertyValueSpecification\",\"valueRequired\":true,\"valueName\":\"search_term_string\"}}],\"inLanguage\":\"ca\"},{\"@type\":\"Organization\",\"@id\":\"https:\\\/\\\/www.apen.es\\\/#organization\",\"name\":\"Apen: Soluciones inform\u00e1ticas\",\"url\":\"https:\\\/\\\/www.apen.es\\\/\",\"logo\":{\"@type\":\"ImageObject\",\"inLanguage\":\"ca\",\"@id\":\"https:\\\/\\\/www.apen.es\\\/#\\\/schema\\\/logo\\\/image\\\/\",\"url\":\"https:\\\/\\\/www.apen.es\\\/wp-content\\\/uploads\\\/2022\\\/08\\\/logo-apenok-231x82-1.png\",\"contentUrl\":\"https:\\\/\\\/www.apen.es\\\/wp-content\\\/uploads\\\/2022\\\/08\\\/logo-apenok-231x82-1.png\",\"width\":231,\"height\":82,\"caption\":\"Apen: Soluciones inform\u00e1ticas\"},\"image\":{\"@id\":\"https:\\\/\\\/www.apen.es\\\/#\\\/schema\\\/logo\\\/image\\\/\"},\"sameAs\":[\"https:\\\/\\\/www.facebook.com\\\/apensolucions\",\"https:\\\/\\\/www.youtube.com\\\/user\\\/ApenCentreInformatic\",\"https:\\\/\\\/www.linkedin.com\\\/company\\\/1021771?trk=tyah&trkInfo=clickedVerticalcompanyclickedEntityId1021771idx2-1-2tarId1464195271196tasapenin\"]}]}<\/script>\n<!-- \/ Yoast SEO plugin. -->","yoast_head_json":{"title":"Formaci\u00f3 Power Point - Apen Inform\u00e0tica","description":"Amb la formaci\u00f3 de Power Point d&#039;Apen descobrir\u00e0s molt m\u00e9s que un programa de presentaci\u00f3 de diapositives. Contacta amb APEN.","robots":{"index":"index","follow":"follow","max-snippet":"max-snippet:-1","max-image-preview":"max-image-preview:large","max-video-preview":"max-video-preview:-1"},"canonical":"https:\/\/www.apen.es\/ca\/formacio-per-a-empreses\/formacio-power-point\/","og_locale":"ca_ES","og_type":"article","og_title":"Formacion Power Point - Apen Inform\u00e1tica","og_description":"Con la formaci\u00f3n de Power Point de Apen vas a descubrir mucho m\u00e1s que un programa de presentaci\u00f3n de diapositivas. Contacta con APEN.","og_url":"https:\/\/www.apen.es\/ca\/formacio-per-a-empreses\/formacio-power-point\/","og_site_name":"Apen Inform\u00e1tica","article_publisher":"https:\/\/www.facebook.com\/apensolucions","article_modified_time":"2025-07-09T11:57:27+00:00","og_image":[{"width":231,"height":82,"url":"https:\/\/www.apen.es\/wp-content\/uploads\/2016\/05\/logo-apen-231x82-trasparent.png","type":"image\/png"}],"twitter_card":"summary_large_image","twitter_misc":{"Temps estimat de lectura":"5 minuts"},"schema":{"@context":"https:\/\/schema.org","@graph":[{"@type":"WebPage","@id":"https:\/\/www.apen.es\/formacion-para-empresas\/formacion-power-point\/","url":"https:\/\/www.apen.es\/formacion-para-empresas\/formacion-power-point\/","name":"Formaci\u00f3 Power Point - Apen Inform\u00e0tica","isPartOf":{"@id":"https:\/\/www.apen.es\/#website"},"datePublished":"2020-07-02T07:18:15+00:00","dateModified":"2025-07-09T11:57:27+00:00","description":"Amb la formaci\u00f3 de Power Point d&#039;Apen descobrir\u00e0s molt m\u00e9s que un programa de presentaci\u00f3 de diapositives. Contacta amb APEN.","breadcrumb":{"@id":"https:\/\/www.apen.es\/formacion-para-empresas\/formacion-power-point\/#breadcrumb"},"inLanguage":"ca","potentialAction":[{"@type":"ReadAction","target":["https:\/\/www.apen.es\/formacion-para-empresas\/formacion-power-point\/"]}]},{"@type":"BreadcrumbList","@id":"https:\/\/www.apen.es\/formacion-para-empresas\/formacion-power-point\/#breadcrumb","itemListElement":[{"@type":"ListItem","position":1,"name":"Portada","item":"https:\/\/www.apen.es\/"},{"@type":"ListItem","position":2,"name":"Formaci\u00f3n para Empresas","item":"https:\/\/www.apen.es\/formacion-para-empresas\/"},{"@type":"ListItem","position":3,"name":"Formacion Power Point"}]},{"@type":"WebSite","@id":"https:\/\/www.apen.es\/#website","url":"https:\/\/www.apen.es\/","name":"Apen Inform\u00e0tica","description":"Manteniment inform\u00e0tic , programari de gesti\u00f3, solucions d&#039;impressi\u00f3","publisher":{"@id":"https:\/\/www.apen.es\/#organization"},"potentialAction":[{"@type":"SearchAction","target":{"@type":"EntryPoint","urlTemplate":"https:\/\/www.apen.es\/?s={search_term_string}"},"query-input":{"@type":"PropertyValueSpecification","valueRequired":true,"valueName":"search_term_string"}}],"inLanguage":"ca"},{"@type":"Organization","@id":"https:\/\/www.apen.es\/#organization","name":"Apen: Solucions inform\u00e0tiques","url":"https:\/\/www.apen.es\/","logo":{"@type":"ImageObject","inLanguage":"ca","@id":"https:\/\/www.apen.es\/#\/schema\/logo\/image\/","url":"https:\/\/www.apen.es\/wp-content\/uploads\/2022\/08\/logo-apenok-231x82-1.png","contentUrl":"https:\/\/www.apen.es\/wp-content\/uploads\/2022\/08\/logo-apenok-231x82-1.png","width":231,"height":82,"caption":"Apen: Soluciones inform\u00e1ticas"},"image":{"@id":"https:\/\/www.apen.es\/#\/schema\/logo\/image\/"},"sameAs":["https:\/\/www.facebook.com\/apensolucions","https:\/\/www.youtube.com\/user\/ApenCentreInformatic","https:\/\/www.linkedin.com\/company\/1021771?trk=tyah&trkInfo=clickedVerticalcompanyclickedEntityId1021771idx2-1-2tarId1464195271196tasapenin"]}]}},"taxonomy_info":[],"featured_image_src_large":false,"author_info":{"display_name":"marqueting","author_link":"https:\/\/www.apen.es\/ca\/blog\/author\/marqueting\/"},"comment_info":0,"_links":{"self":[{"href":"https:\/\/www.apen.es\/ca\/wp-json\/wp\/v2\/pages\/18011","targetHints":{"allow":["GET"]}}],"collection":[{"href":"https:\/\/www.apen.es\/ca\/wp-json\/wp\/v2\/pages"}],"about":[{"href":"https:\/\/www.apen.es\/ca\/wp-json\/wp\/v2\/types\/page"}],"author":[{"embeddable":true,"href":"https:\/\/www.apen.es\/ca\/wp-json\/wp\/v2\/users\/4"}],"replies":[{"embeddable":true,"href":"https:\/\/www.apen.es\/ca\/wp-json\/wp\/v2\/comments?post=18011"}],"version-history":[{"count":1,"href":"https:\/\/www.apen.es\/ca\/wp-json\/wp\/v2\/pages\/18011\/revisions"}],"predecessor-version":[{"id":56044,"href":"https:\/\/www.apen.es\/ca\/wp-json\/wp\/v2\/pages\/18011\/revisions\/56044"}],"up":[{"embeddable":true,"href":"https:\/\/www.apen.es\/ca\/wp-json\/wp\/v2\/pages\/16874"}],"wp:attachment":[{"href":"https:\/\/www.apen.es\/ca\/wp-json\/wp\/v2\/media?parent=18011"}],"curies":[{"name":"wp","href":"https:\/\/api.w.org\/{rel}","templated":true}]}}