{"id":16961,"date":"2020-05-12T06:43:15","date_gmt":"2020-05-12T06:43:15","guid":{"rendered":"https:\/\/www.apen.es\/?page_id=16961"},"modified":"2025-07-09T11:58:11","modified_gmt":"2025-07-09T11:58:11","slug":"formacio-word-per-a-empreses","status":"publish","type":"page","link":"https:\/\/www.apen.es\/ca\/formacio-per-a-empreses\/formacio-word-per-a-empreses\/","title":{"rendered":"Formaci\u00f3 Word per a empreses"},"content":{"rendered":"<p>A <strong>Apen<\/strong> podr\u00e0s trobar tota mena de <a href=\"https:\/\/www.apen.es\/ca\/formacion-empresas\/\"><strong>formaci\u00f3 per a les empreses<\/strong><\/a>, per gaudir del m\u00e0xim rendiment d&#039;aquesta eina de treball, a la qual podreu treure molt m\u00e9s partit i utilitzar d&#039;una manera m\u00e9s optimitzada.<\/p>\n\n\n\n<p>A <strong>Apen<\/strong> presentem una <strong>formaci\u00f3 de Word<\/strong>, enfocada a obtenir un nivell b\u00e0sic, amb un temari que es divideix en sis categories diferents; Lentorn de treball, treballar amb documents, editar un document, taules i columnes, inserir elements, revisar un document i imprimir.<\/p>\n\n\n\n<p>\u00c9s un curs que t\u00e9 com a objectiu<strong> formar les empreses<\/strong> al <strong>programa Word<\/strong>, perqu\u00e8 s\u00e0piguen aplicar formats de font i de par\u00e0graf, crear i formatar documents, revisar correctament l&#039;ortografia i la gram\u00e0tica d&#039;un document, treballar amb vinyetes i llistes, formatar una p\u00e0gina o preparar correctament un document per imprimir-lo.<\/p>\n\n\n\n<p>Saber inserir car\u00e0cters especials, comentaris, salts de p\u00e0gina i de secci\u00f3, s\u00edmbols, eliminar cel\u00b7les, files o columnes, dividir i combinar, aplicar formats avan\u00e7ats, configurar la p\u00e0gina de forma personalitzada, inserir taules, revisar un document, cercar sin\u00f2nims de paraules, canviar de min\u00fascules a maj\u00fascules, despla\u00e7ar a la darrera posici\u00f3 visitada que ofereix <strong>Word<\/strong>.<\/p>\n\n\n\n<p>A <strong>Apen<\/strong> sabem la import\u00e0ncia que t\u00e9 con\u00e8ixer totes les prestacions i funcionalitats de cadascuna de les eines que utilitzem a l&#039;oficina, per aix\u00f2 hem cregut oport\u00fa fer aquesta <strong>formaci\u00f3 de Word<\/strong>, amb qu\u00e8 podr\u00e0s descobrir tots els avantatges que pot proporcionar aquesta eina ofim\u00e0tica a les empreses.<\/p>\n\n\n\n<p>Gr\u00e0cies a aquest <strong>curs de formaci\u00f3 Word<\/strong>, sabr\u00e0s crear documents amb diferents estils d&#039;aparen\u00e7a, facilitar la visualitzaci\u00f3 del text que s&#039;est\u00e0 processant abans d&#039;imprimir el document, aprofitar millor totes les eines que ens ofereix, gaudir d&#039;una eina ofim\u00e0tica molt flexible que \u00e9s compatible amb molts formats, gr\u00e0fics, taules, tabulacions i estils, utilitzar un corrector ortogr\u00e0fic i gram\u00e0tic, per no presentar faltes en el nostre text, al text redactat, etc.<\/p>\n\n\n\n<p>Entra a la nostra p\u00e0gina web i posa&#039;t en contacte amb nosaltres, per descobrir tots els detalls de la formaci\u00f3 de Word, aix\u00ed com de totes les formacions per a empreses que hem preparat. Podr\u00e0s gaudir de cursos per aprendre a utilitzar <strong>Excel<\/strong>, <strong>power point<\/strong>, <strong>Access<\/strong> i tot tipus de funcionalitats de <strong>Office 365<\/strong>, com pot ser <strong>OneDrive<\/strong>, <strong>Sharepoint<\/strong>, <strong>Teams<\/strong>, <strong>OneNote<\/strong>, <strong>Planner<\/strong>, <strong>Flow<\/strong>, <strong>Outlook<\/strong>\u2026<\/p>\n\n\n\n<p>Descobreix els millors cursos de <strong>formaci\u00f3 per a empreses<\/strong> a <strong>Apen<\/strong>. Coneixements de m\u00e0xima qualitat, per treure el m\u00e0xim rendiment als programes que utilitzes di\u00e0riament a la teva oficina o que encara no has apr\u00e8s a utilitzar. Apr\u00e8n tot el que necessites, per gaudir d&#039;una feina molt m\u00e9s productiva i eficient, als nostres cursos de formaci\u00f3 per a empreses.<\/p>","protected":false},"excerpt":{"rendered":"<p>En Apen podr\u00e1s encontrar todo tipo de formaci\u00f3n para las empresas, para disfrutar del m\u00e1ximo rendimiento de esta herramienta de trabajo, a la que vas a poder sacar mucho m\u00e1s partido y utilizar de un modo m\u00e1s optimizado. En Apen presentamos una formaci\u00f3n de Word, enfocada a obtener un nivel b\u00e1sico, con un temario que&#8230;<\/p>","protected":false},"author":4,"featured_media":0,"parent":16874,"menu_order":0,"comment_status":"closed","ping_status":"closed","template":"page-landing-formacion.php","meta":{"_acf_changed":false,"_kad_blocks_custom_css":"","_kad_blocks_head_custom_js":"","_kad_blocks_body_custom_js":"","_kad_blocks_footer_custom_js":"","_kad_post_transparent":"","_kad_post_title":"","_kad_post_layout":"","_kad_post_sidebar_id":"","_kad_post_content_style":"","_kad_post_vertical_padding":"","_kad_post_feature":"","_kad_post_feature_position":"","_kad_post_header":false,"_kad_post_footer":false,"_kad_post_classname":"","footnotes":""},"class_list":["post-16961","page","type-page","status-publish","hentry"],"acf":[],"yoast_head":"<!-- This site is optimized with the Yoast SEO plugin v27.4 - https:\/\/yoast.com\/product\/yoast-seo-wordpress\/ -->\n<title>Formaci\u00f3n Word para empresas - Apen Inform\u00e1tica<\/title>\n<meta name=\"description\" content=\"Aprende a usar Word. La formaci\u00f3n m\u00e1s completa para pymes que permite a tu negocio optimizarse y sacar el m\u00e1ximo rendimiento. Conf\u00eda en Apen.\" \/>\n<meta name=\"robots\" content=\"index, follow, max-snippet:-1, max-image-preview:large, max-video-preview:-1\" \/>\n<link rel=\"canonical\" href=\"https:\/\/www.apen.es\/ca\/formacio-per-a-empreses\/formacio-word-per-a-empreses\/\" \/>\n<meta property=\"og:locale\" content=\"ca_ES\" \/>\n<meta property=\"og:type\" content=\"article\" \/>\n<meta property=\"og:title\" content=\"Formaci\u00f3n Word para empresas - Apen Inform\u00e1tica\" \/>\n<meta property=\"og:description\" content=\"Aprende a usar Word. La formaci\u00f3n m\u00e1s completa para pymes que permite a tu negocio optimizarse y sacar el m\u00e1ximo rendimiento. Conf\u00eda en Apen.\" \/>\n<meta property=\"og:url\" content=\"https:\/\/www.apen.es\/ca\/formacio-per-a-empreses\/formacio-word-per-a-empreses\/\" \/>\n<meta property=\"og:site_name\" content=\"Apen Inform\u00e1tica\" \/>\n<meta property=\"article:publisher\" content=\"https:\/\/www.facebook.com\/apensolucions\" \/>\n<meta property=\"article:modified_time\" content=\"2025-07-09T11:58:11+00:00\" \/>\n<meta property=\"og:image\" content=\"https:\/\/www.apen.es\/wp-content\/uploads\/2016\/05\/logo-apen-231x82-trasparent.png\" \/>\n\t<meta property=\"og:image:width\" content=\"231\" \/>\n\t<meta property=\"og:image:height\" content=\"82\" \/>\n\t<meta property=\"og:image:type\" content=\"image\/png\" \/>\n<meta name=\"twitter:card\" content=\"summary_large_image\" \/>\n<meta name=\"twitter:label1\" content=\"Temps estimat de lectura\" \/>\n\t<meta name=\"twitter:data1\" content=\"5 minuts\" \/>\n<script type=\"application\/ld+json\" class=\"yoast-schema-graph\">{\"@context\":\"https:\\\/\\\/schema.org\",\"@graph\":[{\"@type\":\"WebPage\",\"@id\":\"https:\\\/\\\/www.apen.es\\\/formacion-para-empresas\\\/formacion-word-para-empresas\\\/\",\"url\":\"https:\\\/\\\/www.apen.es\\\/formacion-para-empresas\\\/formacion-word-para-empresas\\\/\",\"name\":\"Formaci\u00f3n Word para empresas - Apen Inform\u00e1tica\",\"isPartOf\":{\"@id\":\"https:\\\/\\\/www.apen.es\\\/#website\"},\"datePublished\":\"2020-05-12T06:43:15+00:00\",\"dateModified\":\"2025-07-09T11:58:11+00:00\",\"description\":\"Aprende a usar Word. La formaci\u00f3n m\u00e1s completa para pymes que permite a tu negocio optimizarse y sacar el m\u00e1ximo rendimiento. Conf\u00eda en Apen.\",\"breadcrumb\":{\"@id\":\"https:\\\/\\\/www.apen.es\\\/formacion-para-empresas\\\/formacion-word-para-empresas\\\/#breadcrumb\"},\"inLanguage\":\"ca\",\"potentialAction\":[{\"@type\":\"ReadAction\",\"target\":[\"https:\\\/\\\/www.apen.es\\\/formacion-para-empresas\\\/formacion-word-para-empresas\\\/\"]}]},{\"@type\":\"BreadcrumbList\",\"@id\":\"https:\\\/\\\/www.apen.es\\\/formacion-para-empresas\\\/formacion-word-para-empresas\\\/#breadcrumb\",\"itemListElement\":[{\"@type\":\"ListItem\",\"position\":1,\"name\":\"Portada\",\"item\":\"https:\\\/\\\/www.apen.es\\\/\"},{\"@type\":\"ListItem\",\"position\":2,\"name\":\"Formaci\u00f3n para Empresas\",\"item\":\"https:\\\/\\\/www.apen.es\\\/formacion-para-empresas\\\/\"},{\"@type\":\"ListItem\",\"position\":3,\"name\":\"Formaci\u00f3n Word para empresas\"}]},{\"@type\":\"WebSite\",\"@id\":\"https:\\\/\\\/www.apen.es\\\/#website\",\"url\":\"https:\\\/\\\/www.apen.es\\\/\",\"name\":\"Apen Inform\u00e1tica\",\"description\":\"Mantenimiento Inform\u00e1tico , Software de Gesti\u00f3n, Soluciones de impresi\u00f3n\",\"publisher\":{\"@id\":\"https:\\\/\\\/www.apen.es\\\/#organization\"},\"potentialAction\":[{\"@type\":\"SearchAction\",\"target\":{\"@type\":\"EntryPoint\",\"urlTemplate\":\"https:\\\/\\\/www.apen.es\\\/?s={search_term_string}\"},\"query-input\":{\"@type\":\"PropertyValueSpecification\",\"valueRequired\":true,\"valueName\":\"search_term_string\"}}],\"inLanguage\":\"ca\"},{\"@type\":\"Organization\",\"@id\":\"https:\\\/\\\/www.apen.es\\\/#organization\",\"name\":\"Apen: Soluciones inform\u00e1ticas\",\"url\":\"https:\\\/\\\/www.apen.es\\\/\",\"logo\":{\"@type\":\"ImageObject\",\"inLanguage\":\"ca\",\"@id\":\"https:\\\/\\\/www.apen.es\\\/#\\\/schema\\\/logo\\\/image\\\/\",\"url\":\"https:\\\/\\\/www.apen.es\\\/wp-content\\\/uploads\\\/2022\\\/08\\\/logo-apenok-231x82-1.png\",\"contentUrl\":\"https:\\\/\\\/www.apen.es\\\/wp-content\\\/uploads\\\/2022\\\/08\\\/logo-apenok-231x82-1.png\",\"width\":231,\"height\":82,\"caption\":\"Apen: Soluciones inform\u00e1ticas\"},\"image\":{\"@id\":\"https:\\\/\\\/www.apen.es\\\/#\\\/schema\\\/logo\\\/image\\\/\"},\"sameAs\":[\"https:\\\/\\\/www.facebook.com\\\/apensolucions\",\"https:\\\/\\\/www.youtube.com\\\/user\\\/ApenCentreInformatic\",\"https:\\\/\\\/www.linkedin.com\\\/company\\\/1021771?trk=tyah&trkInfo=clickedVerticalcompanyclickedEntityId1021771idx2-1-2tarId1464195271196tasapenin\"]}]}<\/script>\n<!-- \/ Yoast SEO plugin. -->","yoast_head_json":{"title":"Formaci\u00f3 Word per a empreses - Apen Inform\u00e0tica","description":"Apr\u00e8n a fer servir Word. La formaci\u00f3 m\u00e9s completa per a pimes que permet al teu negoci optimitzar-se i treure&#039;n el m\u00e0xim rendiment. Confia en Apen.","robots":{"index":"index","follow":"follow","max-snippet":"max-snippet:-1","max-image-preview":"max-image-preview:large","max-video-preview":"max-video-preview:-1"},"canonical":"https:\/\/www.apen.es\/ca\/formacio-per-a-empreses\/formacio-word-per-a-empreses\/","og_locale":"ca_ES","og_type":"article","og_title":"Formaci\u00f3n Word para empresas - Apen Inform\u00e1tica","og_description":"Aprende a usar Word. La formaci\u00f3n m\u00e1s completa para pymes que permite a tu negocio optimizarse y sacar el m\u00e1ximo rendimiento. Conf\u00eda en Apen.","og_url":"https:\/\/www.apen.es\/ca\/formacio-per-a-empreses\/formacio-word-per-a-empreses\/","og_site_name":"Apen Inform\u00e1tica","article_publisher":"https:\/\/www.facebook.com\/apensolucions","article_modified_time":"2025-07-09T11:58:11+00:00","og_image":[{"width":231,"height":82,"url":"https:\/\/www.apen.es\/wp-content\/uploads\/2016\/05\/logo-apen-231x82-trasparent.png","type":"image\/png"}],"twitter_card":"summary_large_image","twitter_misc":{"Temps estimat de lectura":"5 minuts"},"schema":{"@context":"https:\/\/schema.org","@graph":[{"@type":"WebPage","@id":"https:\/\/www.apen.es\/formacion-para-empresas\/formacion-word-para-empresas\/","url":"https:\/\/www.apen.es\/formacion-para-empresas\/formacion-word-para-empresas\/","name":"Formaci\u00f3 Word per a empreses - Apen Inform\u00e0tica","isPartOf":{"@id":"https:\/\/www.apen.es\/#website"},"datePublished":"2020-05-12T06:43:15+00:00","dateModified":"2025-07-09T11:58:11+00:00","description":"Apr\u00e8n a fer servir Word. La formaci\u00f3 m\u00e9s completa per a pimes que permet al teu negoci optimitzar-se i treure&#039;n el m\u00e0xim rendiment. Confia en Apen.","breadcrumb":{"@id":"https:\/\/www.apen.es\/formacion-para-empresas\/formacion-word-para-empresas\/#breadcrumb"},"inLanguage":"ca","potentialAction":[{"@type":"ReadAction","target":["https:\/\/www.apen.es\/formacion-para-empresas\/formacion-word-para-empresas\/"]}]},{"@type":"BreadcrumbList","@id":"https:\/\/www.apen.es\/formacion-para-empresas\/formacion-word-para-empresas\/#breadcrumb","itemListElement":[{"@type":"ListItem","position":1,"name":"Portada","item":"https:\/\/www.apen.es\/"},{"@type":"ListItem","position":2,"name":"Formaci\u00f3n para Empresas","item":"https:\/\/www.apen.es\/formacion-para-empresas\/"},{"@type":"ListItem","position":3,"name":"Formaci\u00f3n Word para empresas"}]},{"@type":"WebSite","@id":"https:\/\/www.apen.es\/#website","url":"https:\/\/www.apen.es\/","name":"Apen Inform\u00e0tica","description":"Manteniment inform\u00e0tic , programari de gesti\u00f3, solucions d&#039;impressi\u00f3","publisher":{"@id":"https:\/\/www.apen.es\/#organization"},"potentialAction":[{"@type":"SearchAction","target":{"@type":"EntryPoint","urlTemplate":"https:\/\/www.apen.es\/?s={search_term_string}"},"query-input":{"@type":"PropertyValueSpecification","valueRequired":true,"valueName":"search_term_string"}}],"inLanguage":"ca"},{"@type":"Organization","@id":"https:\/\/www.apen.es\/#organization","name":"Apen: Solucions inform\u00e0tiques","url":"https:\/\/www.apen.es\/","logo":{"@type":"ImageObject","inLanguage":"ca","@id":"https:\/\/www.apen.es\/#\/schema\/logo\/image\/","url":"https:\/\/www.apen.es\/wp-content\/uploads\/2022\/08\/logo-apenok-231x82-1.png","contentUrl":"https:\/\/www.apen.es\/wp-content\/uploads\/2022\/08\/logo-apenok-231x82-1.png","width":231,"height":82,"caption":"Apen: Soluciones inform\u00e1ticas"},"image":{"@id":"https:\/\/www.apen.es\/#\/schema\/logo\/image\/"},"sameAs":["https:\/\/www.facebook.com\/apensolucions","https:\/\/www.youtube.com\/user\/ApenCentreInformatic","https:\/\/www.linkedin.com\/company\/1021771?trk=tyah&trkInfo=clickedVerticalcompanyclickedEntityId1021771idx2-1-2tarId1464195271196tasapenin"]}]}},"taxonomy_info":[],"featured_image_src_large":false,"author_info":{"display_name":"marqueting","author_link":"https:\/\/www.apen.es\/ca\/blog\/author\/marqueting\/"},"comment_info":0,"_links":{"self":[{"href":"https:\/\/www.apen.es\/ca\/wp-json\/wp\/v2\/pages\/16961","targetHints":{"allow":["GET"]}}],"collection":[{"href":"https:\/\/www.apen.es\/ca\/wp-json\/wp\/v2\/pages"}],"about":[{"href":"https:\/\/www.apen.es\/ca\/wp-json\/wp\/v2\/types\/page"}],"author":[{"embeddable":true,"href":"https:\/\/www.apen.es\/ca\/wp-json\/wp\/v2\/users\/4"}],"replies":[{"embeddable":true,"href":"https:\/\/www.apen.es\/ca\/wp-json\/wp\/v2\/comments?post=16961"}],"version-history":[{"count":2,"href":"https:\/\/www.apen.es\/ca\/wp-json\/wp\/v2\/pages\/16961\/revisions"}],"predecessor-version":[{"id":56047,"href":"https:\/\/www.apen.es\/ca\/wp-json\/wp\/v2\/pages\/16961\/revisions\/56047"}],"up":[{"embeddable":true,"href":"https:\/\/www.apen.es\/ca\/wp-json\/wp\/v2\/pages\/16874"}],"wp:attachment":[{"href":"https:\/\/www.apen.es\/ca\/wp-json\/wp\/v2\/media?parent=16961"}],"curies":[{"name":"wp","href":"https:\/\/api.w.org\/{rel}","templated":true}]}}