{"id":16808,"date":"2020-04-29T07:44:38","date_gmt":"2020-04-29T07:44:38","guid":{"rendered":"https:\/\/www.apen.es\/?page_id=16808"},"modified":"2025-10-01T06:44:44","modified_gmt":"2025-10-01T06:44:44","slug":"lloguer-equips-informatics","status":"publish","type":"page","link":"https:\/\/www.apen.es\/ca\/renting-ordinadors\/lloguer-equips-informatics\/","title":{"rendered":"Lloguer equips inform\u00e0tics"},"content":{"rendered":"<p>A Apen podreu trobar tot tipus de solucions inform\u00e0tiques pensades per millorar la gesti\u00f3 empresarial de qualsevol pime, la productivitat, la comunicaci\u00f3 interna, l&#039;accessibilitat i tamb\u00e9 l&#039;estalvi econ\u00f2mic, ja que oferim propostes de r\u00e8nting tecnol\u00f2gic de tot tipus.<\/p>\n\n\n\n<p>A Apen pots disposar dels millors equips inform\u00e0tics sempre que vulguis, sense necessitat de comprar-los o de tenir un comprom\u00eds de perman\u00e8ncia, ja que oferim el&nbsp;<strong>lloguer<\/strong>&nbsp;de tots els nostres&nbsp;<strong>equips inform\u00e0tics<\/strong>, per facilitar l&#039;acc\u00e9s a equips de darrera generaci\u00f3, que ofereixen la tecnologia m\u00e9s avan\u00e7ada. D&#039;aquesta manera, amb el&nbsp;<strong>lloguer<\/strong>&nbsp;de&nbsp;<strong>equips inform\u00e0tics<\/strong>&nbsp;podr\u00e0s gaudir de totes les funcionalitats i prestacions que ofereixen, des del primer dia que els instal\u00b7lem a la teva pime, i fins que tu vulguis finalitzar aquest contracte de r\u00e8nting. \u00c9s un gran avantatge amb qu\u00e8, a m\u00e9s, podr\u00e0s obtenir un acompanyament de suport t\u00e8cnic professional per part del nostre equip, el qual compta amb una experi\u00e8ncia inform\u00e0tica de m\u00e9s de 25 anys.<\/p>\n\n\n\n<p>Com a especialistes en el manteniment i la seguretat inform\u00e0tica, des d&#039;Apen et proposem aquest servei de&nbsp;<strong>lloguer<\/strong>&nbsp;de&nbsp;<strong>equips inform\u00e0tics<\/strong>, realitzant un estudi previ de la teva empresa per tenir en compte les necessitats reals de la mateixa i garantir la solv\u00e8ncia i l&#039;efectivitat dels nostres equips. El fet de treballar amb diverses marques, totes de primer nivell, ens permet escollir prestacions i funcionalitats diverses, per conformar una proposta completament personalitzada i pensada per a cada pime, ja que considerem que \u00e9s la millor manera d&#039;atendre els nostres clients.<\/p>\n\n\n\n<p>A Apen oferim el r\u00e8nting de tot tipus d&#039;equips inform\u00e0tics, des d&#039;ordinadors fins a impressores, ja que tamb\u00e9 proposem diverses solucions d&#039;impressi\u00f3, amb les quals podeu accedir a un r\u00e8nting, al qual anomenem Preu per c\u00f2pia, que seria com el \u201cpagament per \u00fas\u201d de qualsevol r\u00e8nting, \u00e9s a dir, que el client pagar\u00e0 \u00fanicament per all\u00f2 que ha utilitzat, sense afegir costos addicionals.<\/p>\n\n\n\n<p>Aquest r\u00e8nting permet un gran estalvi al client, no nom\u00e9s si aquest no t\u00e9 la necessitat de comprar l&#039;equip, sin\u00f3 perqu\u00e8 tamb\u00e9 disposa de quotes mensuals estables, de manera que permet organitzar-se i quadrar n\u00fameros, sense tenir despeses imprevistes i innecess\u00e0ries.<\/p>\n\n\n\n<p>A trav\u00e9s del&nbsp;<strong>lloguer<\/strong>&nbsp;de&nbsp;<strong>equips inform\u00e0tics<\/strong>&nbsp;s&#039;aconsegueix un estalvi econ\u00f2mic i tamb\u00e9 una millor organitzaci\u00f3 i gesti\u00f3 empresarial, perqu\u00e8 es disposa de les eines necess\u00e0ries, comptant amb funcionalitats i prestacions que aporten un valor afegit al funcionament de l&#039;empresa.<\/p>\n\n\n\n<p>Despr\u00e9s de m\u00e9s de 25 anys d&#039;hist\u00f2ria, a Apen hem pogut comprovar que el r\u00e8nting d&#039;equips inform\u00e0tics \u00e9s la millor opci\u00f3 per a qualsevol pime, ja sigui petita, mitjana o gran i aix\u00f2 \u00e9s perqu\u00e8 es realitza un servei m\u00e9s just i m\u00e9s personalitzat.<\/p>","protected":false},"excerpt":{"rendered":"<p>En Apen podr\u00e1s encontrar todo tipo de soluciones inform\u00e1ticas pensadas para mejorar la gesti\u00f3n empresarial de cualquier pyme, la productividad, la comunicaci\u00f3n interna, la accesibilidad y tambi\u00e9n el ahorro econ\u00f3mico, ya que ofrecemos propuestas de renting tecnol\u00f3gico de todo tipo. En Apen puedes disponer de los mejores equipos inform\u00e1ticos siempre que quieras, sin necesidad de&#8230;<\/p>","protected":false},"author":4,"featured_media":0,"parent":6256,"menu_order":0,"comment_status":"closed","ping_status":"closed","template":"page-renting-equipos-informatico.php","meta":{"_acf_changed":false,"_kad_blocks_custom_css":"","_kad_blocks_head_custom_js":"","_kad_blocks_body_custom_js":"","_kad_blocks_footer_custom_js":"","_kad_post_transparent":"","_kad_post_title":"","_kad_post_layout":"","_kad_post_sidebar_id":"","_kad_post_content_style":"","_kad_post_vertical_padding":"","_kad_post_feature":"","_kad_post_feature_position":"","_kad_post_header":false,"_kad_post_footer":false,"_kad_post_classname":"","footnotes":""},"class_list":["post-16808","page","type-page","status-publish","hentry"],"acf":[],"yoast_head":"<!-- This site is optimized with the Yoast SEO plugin v27.4 - https:\/\/yoast.com\/product\/yoast-seo-wordpress\/ -->\n<title>Alquiler equipos inform\u00e1ticos - Apen Inform\u00e1tica<\/title>\n<meta name=\"description\" content=\"\u00bfNecesitas un alquiler de quipos inform\u00e1ticos? Apen es una empresa proveedora de servicios de renting y alquiler de todo tipo de electr\u00f3nica.\" \/>\n<meta name=\"robots\" content=\"index, follow, max-snippet:-1, max-image-preview:large, max-video-preview:-1\" \/>\n<link rel=\"canonical\" href=\"https:\/\/www.apen.es\/ca\/renting-ordinadors\/lloguer-equips-informatics\/\" \/>\n<meta property=\"og:locale\" content=\"ca_ES\" \/>\n<meta property=\"og:type\" content=\"article\" \/>\n<meta property=\"og:title\" content=\"Alquiler equipos inform\u00e1ticos - Apen Inform\u00e1tica\" \/>\n<meta property=\"og:description\" content=\"\u00bfNecesitas un alquiler de quipos inform\u00e1ticos? Apen es una empresa proveedora de servicios de renting y alquiler de todo tipo de electr\u00f3nica.\" \/>\n<meta property=\"og:url\" content=\"https:\/\/www.apen.es\/ca\/renting-ordinadors\/lloguer-equips-informatics\/\" \/>\n<meta property=\"og:site_name\" content=\"Apen Inform\u00e1tica\" \/>\n<meta property=\"article:publisher\" content=\"https:\/\/www.facebook.com\/apensolucions\" \/>\n<meta property=\"article:modified_time\" content=\"2025-10-01T06:44:44+00:00\" \/>\n<meta property=\"og:image\" content=\"https:\/\/www.apen.es\/wp-content\/uploads\/2016\/05\/logo-apen-231x82-trasparent.png\" \/>\n\t<meta property=\"og:image:width\" content=\"231\" \/>\n\t<meta property=\"og:image:height\" content=\"82\" \/>\n\t<meta property=\"og:image:type\" content=\"image\/png\" \/>\n<meta name=\"twitter:card\" content=\"summary_large_image\" \/>\n<meta name=\"twitter:label1\" content=\"Temps estimat de lectura\" \/>\n\t<meta name=\"twitter:data1\" content=\"5 minuts\" \/>\n<script type=\"application\/ld+json\" class=\"yoast-schema-graph\">{\"@context\":\"https:\\\/\\\/schema.org\",\"@graph\":[{\"@type\":\"WebPage\",\"@id\":\"https:\\\/\\\/www.apen.es\\\/renting-ordenadores\\\/alquiler-equipos-informaticos\\\/\",\"url\":\"https:\\\/\\\/www.apen.es\\\/renting-ordenadores\\\/alquiler-equipos-informaticos\\\/\",\"name\":\"Alquiler equipos inform\u00e1ticos - Apen Inform\u00e1tica\",\"isPartOf\":{\"@id\":\"https:\\\/\\\/www.apen.es\\\/#website\"},\"datePublished\":\"2020-04-29T07:44:38+00:00\",\"dateModified\":\"2025-10-01T06:44:44+00:00\",\"description\":\"\u00bfNecesitas un alquiler de quipos inform\u00e1ticos? Apen es una empresa proveedora de servicios de renting y alquiler de todo tipo de electr\u00f3nica.\",\"breadcrumb\":{\"@id\":\"https:\\\/\\\/www.apen.es\\\/renting-ordenadores\\\/alquiler-equipos-informaticos\\\/#breadcrumb\"},\"inLanguage\":\"ca\",\"potentialAction\":[{\"@type\":\"ReadAction\",\"target\":[\"https:\\\/\\\/www.apen.es\\\/renting-ordenadores\\\/alquiler-equipos-informaticos\\\/\"]}]},{\"@type\":\"BreadcrumbList\",\"@id\":\"https:\\\/\\\/www.apen.es\\\/renting-ordenadores\\\/alquiler-equipos-informaticos\\\/#breadcrumb\",\"itemListElement\":[{\"@type\":\"ListItem\",\"position\":1,\"name\":\"Portada\",\"item\":\"https:\\\/\\\/www.apen.es\\\/\"},{\"@type\":\"ListItem\",\"position\":2,\"name\":\"Renting ordenadores\",\"item\":\"https:\\\/\\\/www.apen.es\\\/renting-ordenadores\\\/\"},{\"@type\":\"ListItem\",\"position\":3,\"name\":\"Alquiler equipos inform\u00e1ticos\"}]},{\"@type\":\"WebSite\",\"@id\":\"https:\\\/\\\/www.apen.es\\\/#website\",\"url\":\"https:\\\/\\\/www.apen.es\\\/\",\"name\":\"Apen Inform\u00e1tica\",\"description\":\"Mantenimiento Inform\u00e1tico , Software de Gesti\u00f3n, Soluciones de impresi\u00f3n\",\"publisher\":{\"@id\":\"https:\\\/\\\/www.apen.es\\\/#organization\"},\"potentialAction\":[{\"@type\":\"SearchAction\",\"target\":{\"@type\":\"EntryPoint\",\"urlTemplate\":\"https:\\\/\\\/www.apen.es\\\/?s={search_term_string}\"},\"query-input\":{\"@type\":\"PropertyValueSpecification\",\"valueRequired\":true,\"valueName\":\"search_term_string\"}}],\"inLanguage\":\"ca\"},{\"@type\":\"Organization\",\"@id\":\"https:\\\/\\\/www.apen.es\\\/#organization\",\"name\":\"Apen: Soluciones inform\u00e1ticas\",\"url\":\"https:\\\/\\\/www.apen.es\\\/\",\"logo\":{\"@type\":\"ImageObject\",\"inLanguage\":\"ca\",\"@id\":\"https:\\\/\\\/www.apen.es\\\/#\\\/schema\\\/logo\\\/image\\\/\",\"url\":\"https:\\\/\\\/www.apen.es\\\/wp-content\\\/uploads\\\/2022\\\/08\\\/logo-apenok-231x82-1.png\",\"contentUrl\":\"https:\\\/\\\/www.apen.es\\\/wp-content\\\/uploads\\\/2022\\\/08\\\/logo-apenok-231x82-1.png\",\"width\":231,\"height\":82,\"caption\":\"Apen: Soluciones inform\u00e1ticas\"},\"image\":{\"@id\":\"https:\\\/\\\/www.apen.es\\\/#\\\/schema\\\/logo\\\/image\\\/\"},\"sameAs\":[\"https:\\\/\\\/www.facebook.com\\\/apensolucions\",\"https:\\\/\\\/www.youtube.com\\\/user\\\/ApenCentreInformatic\",\"https:\\\/\\\/www.linkedin.com\\\/company\\\/1021771?trk=tyah&trkInfo=clickedVerticalcompanyclickedEntityId1021771idx2-1-2tarId1464195271196tasapenin\"]}]}<\/script>\n<!-- \/ Yoast SEO plugin. -->","yoast_head_json":{"title":"Lloguer equips inform\u00e0tics - Apen Inform\u00e0tica","description":"Necessites un lloguer de qu\u00edps inform\u00e0tics? Apen \u00e9s una empresa prove\u00efdora de serveis de r\u00e8nting i lloguer de tota mena d&#039;electr\u00f2nica.","robots":{"index":"index","follow":"follow","max-snippet":"max-snippet:-1","max-image-preview":"max-image-preview:large","max-video-preview":"max-video-preview:-1"},"canonical":"https:\/\/www.apen.es\/ca\/renting-ordinadors\/lloguer-equips-informatics\/","og_locale":"ca_ES","og_type":"article","og_title":"Alquiler equipos inform\u00e1ticos - Apen Inform\u00e1tica","og_description":"\u00bfNecesitas un alquiler de quipos inform\u00e1ticos? Apen es una empresa proveedora de servicios de renting y alquiler de todo tipo de electr\u00f3nica.","og_url":"https:\/\/www.apen.es\/ca\/renting-ordinadors\/lloguer-equips-informatics\/","og_site_name":"Apen Inform\u00e1tica","article_publisher":"https:\/\/www.facebook.com\/apensolucions","article_modified_time":"2025-10-01T06:44:44+00:00","og_image":[{"width":231,"height":82,"url":"https:\/\/www.apen.es\/wp-content\/uploads\/2016\/05\/logo-apen-231x82-trasparent.png","type":"image\/png"}],"twitter_card":"summary_large_image","twitter_misc":{"Temps estimat de lectura":"5 minuts"},"schema":{"@context":"https:\/\/schema.org","@graph":[{"@type":"WebPage","@id":"https:\/\/www.apen.es\/renting-ordenadores\/alquiler-equipos-informaticos\/","url":"https:\/\/www.apen.es\/renting-ordenadores\/alquiler-equipos-informaticos\/","name":"Lloguer equips inform\u00e0tics - Apen Inform\u00e0tica","isPartOf":{"@id":"https:\/\/www.apen.es\/#website"},"datePublished":"2020-04-29T07:44:38+00:00","dateModified":"2025-10-01T06:44:44+00:00","description":"Necessites un lloguer de qu\u00edps inform\u00e0tics? Apen \u00e9s una empresa prove\u00efdora de serveis de r\u00e8nting i lloguer de tota mena d&#039;electr\u00f2nica.","breadcrumb":{"@id":"https:\/\/www.apen.es\/renting-ordenadores\/alquiler-equipos-informaticos\/#breadcrumb"},"inLanguage":"ca","potentialAction":[{"@type":"ReadAction","target":["https:\/\/www.apen.es\/renting-ordenadores\/alquiler-equipos-informaticos\/"]}]},{"@type":"BreadcrumbList","@id":"https:\/\/www.apen.es\/renting-ordenadores\/alquiler-equipos-informaticos\/#breadcrumb","itemListElement":[{"@type":"ListItem","position":1,"name":"Portada","item":"https:\/\/www.apen.es\/"},{"@type":"ListItem","position":2,"name":"Renting ordenadores","item":"https:\/\/www.apen.es\/renting-ordenadores\/"},{"@type":"ListItem","position":3,"name":"Alquiler equipos inform\u00e1ticos"}]},{"@type":"WebSite","@id":"https:\/\/www.apen.es\/#website","url":"https:\/\/www.apen.es\/","name":"Apen Inform\u00e0tica","description":"Manteniment inform\u00e0tic , programari de gesti\u00f3, solucions d&#039;impressi\u00f3","publisher":{"@id":"https:\/\/www.apen.es\/#organization"},"potentialAction":[{"@type":"SearchAction","target":{"@type":"EntryPoint","urlTemplate":"https:\/\/www.apen.es\/?s={search_term_string}"},"query-input":{"@type":"PropertyValueSpecification","valueRequired":true,"valueName":"search_term_string"}}],"inLanguage":"ca"},{"@type":"Organization","@id":"https:\/\/www.apen.es\/#organization","name":"Apen: Solucions inform\u00e0tiques","url":"https:\/\/www.apen.es\/","logo":{"@type":"ImageObject","inLanguage":"ca","@id":"https:\/\/www.apen.es\/#\/schema\/logo\/image\/","url":"https:\/\/www.apen.es\/wp-content\/uploads\/2022\/08\/logo-apenok-231x82-1.png","contentUrl":"https:\/\/www.apen.es\/wp-content\/uploads\/2022\/08\/logo-apenok-231x82-1.png","width":231,"height":82,"caption":"Apen: Soluciones inform\u00e1ticas"},"image":{"@id":"https:\/\/www.apen.es\/#\/schema\/logo\/image\/"},"sameAs":["https:\/\/www.facebook.com\/apensolucions","https:\/\/www.youtube.com\/user\/ApenCentreInformatic","https:\/\/www.linkedin.com\/company\/1021771?trk=tyah&trkInfo=clickedVerticalcompanyclickedEntityId1021771idx2-1-2tarId1464195271196tasapenin"]}]}},"taxonomy_info":[],"featured_image_src_large":false,"author_info":{"display_name":"marqueting","author_link":"https:\/\/www.apen.es\/ca\/blog\/author\/marqueting\/"},"comment_info":0,"_links":{"self":[{"href":"https:\/\/www.apen.es\/ca\/wp-json\/wp\/v2\/pages\/16808","targetHints":{"allow":["GET"]}}],"collection":[{"href":"https:\/\/www.apen.es\/ca\/wp-json\/wp\/v2\/pages"}],"about":[{"href":"https:\/\/www.apen.es\/ca\/wp-json\/wp\/v2\/types\/page"}],"author":[{"embeddable":true,"href":"https:\/\/www.apen.es\/ca\/wp-json\/wp\/v2\/users\/4"}],"replies":[{"embeddable":true,"href":"https:\/\/www.apen.es\/ca\/wp-json\/wp\/v2\/comments?post=16808"}],"version-history":[{"count":1,"href":"https:\/\/www.apen.es\/ca\/wp-json\/wp\/v2\/pages\/16808\/revisions"}],"predecessor-version":[{"id":60411,"href":"https:\/\/www.apen.es\/ca\/wp-json\/wp\/v2\/pages\/16808\/revisions\/60411"}],"up":[{"embeddable":true,"href":"https:\/\/www.apen.es\/ca\/wp-json\/wp\/v2\/pages\/6256"}],"wp:attachment":[{"href":"https:\/\/www.apen.es\/ca\/wp-json\/wp\/v2\/media?parent=16808"}],"curies":[{"name":"wp","href":"https:\/\/api.w.org\/{rel}","templated":true}]}}