{"id":16797,"date":"2020-04-29T06:53:53","date_gmt":"2020-04-29T06:53:53","guid":{"rendered":"https:\/\/www.apen.es\/?page_id=16797"},"modified":"2025-07-16T10:05:05","modified_gmt":"2025-07-16T10:05:05","slug":"office-365-granollers","status":"publish","type":"page","link":"https:\/\/www.apen.es\/ca\/soluciones-cloud\/office-365\/office-365-granollers\/","title":{"rendered":"Office 365 Granollers"},"content":{"rendered":"<p>Disposar de <strong>Office 365 Granollers<\/strong> per a empreses \u00e9s obtenir la millor eina ofim\u00e0tica del mercat, la qual et permetr\u00e0 millorar la gesti\u00f3 empresarial, la log\u00edstica, la comunicaci\u00f3 interna, l&#039;accessibilitat, l&#039;emmagatzematge o les c\u00f2pies de seguretat a la teva pime.<\/p>\n\n\n\n<p>\u00c9s una eina molt completa, que ofereix un servei integral per a tot tipus d&#039;empreses, ja sigui petita, mitjana o gran, adaptant-se completament a les vostres necessitats, evolucionant i actualitzant al ritme que exigeix el mercat en cada moment. <strong>Office 365 Granollers<\/strong> t&#039;ofereix tot tipus de prestacions, funcionalitats i eines, per treballar d&#039;una forma productiva i adaptada a les necessitats actuals, facilitant el teletreball, fomentant l&#039;edici\u00f3 o gesti\u00f3 de documents o tasques compartides des del n\u00favol i guardant tota la informaci\u00f3 de forma segura i controlada, gr\u00e0cies als coneixements d&#039;Office 365 i nosaltres mateixos, ja que som distribu\u00efdors d&#039;inform\u00e0tica i compta amb 5 anys.<\/p>\n\n\n\n<p>A Apen som distribu\u00efdors oficials d&#039;Office 365, de manera que podrem ajudar-te en tot all\u00f2 que necessitis, aportant un servei de suport t\u00e8cnic, manteniment, supervisi\u00f3 o formaci\u00f3, perqu\u00e8 puguis treure el m\u00e0xim rendiment a aquesta gran eina ofim\u00e0tica, des de la teva pime.<\/p>\n\n\n\n<p><strong>Office 365 Granollers<\/strong> compta amb diferents programes, per poder desenvolupar tasques d&#039;una manera intel\u00b7ligent i eficient i, de vegades, fins i tot autom\u00e0tica, amb programes com Excel Power Point, Word o Access, entre moltes altres opcions. Podr\u00e0s comptar amb la versi\u00f3 m\u00e9s actualitzada de cadascuna d&#039;aquestes aplicacions i optimitzar l&#039;\u00fas d&#039;algunes eines habituals en el dia a dia de qualsevol empresa, com ara el correu electr\u00f2nic. Amb aquesta eina podr\u00e0s disposar d&#039;un correu professional, amb servei d&#039;agenda de contactes, correu, un gran emmagatzematge de dades, protecci\u00f3 de seguretat inform\u00e0tica contra correu brossa o codi malici\u00f3s (malware), gesti\u00f3 d&#039;usuaris intu\u00eftiva o Exchange online.<\/p>\n\n\n\n<p>Com a distribu\u00efdors oficials, us podem garantir que office 365 \u00e9s una eina molt \u00fatil, que us permetr\u00e0 disposar de l&#039;\u00fas compartit d&#039;arxius, mitjan\u00e7ant el SharePoint Online, gestionar el portal web de l&#039;empresa sense tenir intermediaris, sincronitzar arxius sense necessitat d&#039;estar connectats a Internet o fins i tot desar documents i arxius de forma completament autom\u00e0tica.<\/p>\n\n\n\n<p>Et convidem a visitar la nostra p\u00e0gina web, per con\u00e8ixer tots els avantatges de <strong>Office 365 Granollers<\/strong>, una eina amb qu\u00e8 podr\u00e0s gaudir d&#039;una gesti\u00f3 empresarial molt m\u00e9s eficient i treure partit a cadascun dels departaments de la teva empresa, amb la major efectivitat i intel\u00b7lig\u00e8ncia possible, tenint al teu abast les eines m\u00e9s adequades en cada moment, completament actualitzades.<\/p>\n\n\n\n<p>A m\u00e9s, podr\u00e0s millorar la teva pres\u00e8ncia i imatge de marca davant de la compet\u00e8ncia, disposar d&#039;eines per fer reunions, confer\u00e8ncies o videotrucades, connectar per Skype, control de pres\u00e8ncia, compartir i modificar documents o tasques amb els teus companys en temps real, etc.<\/p>","protected":false},"excerpt":{"rendered":"<p>Disponer de Office 365 Granollers para empresas es obtener la mejor herramienta ofim\u00e1tica del mercado, la cual va a permitirte mejorar la gesti\u00f3n empresarial, la log\u00edstica, la comunicaci\u00f3n interna, la accesibilidad, el almacenamiento o las copias de seguridad en tu pyme. Es una herramienta muy completa, que ofrece un servicio integral para todo tipo de&#8230;<\/p>","protected":false},"author":4,"featured_media":16517,"parent":1978,"menu_order":0,"comment_status":"closed","ping_status":"closed","template":"page-landing-microsoft-365.php","meta":{"_acf_changed":false,"_kad_blocks_custom_css":"","_kad_blocks_head_custom_js":"","_kad_blocks_body_custom_js":"","_kad_blocks_footer_custom_js":"","_kad_post_transparent":"","_kad_post_title":"","_kad_post_layout":"","_kad_post_sidebar_id":"","_kad_post_content_style":"","_kad_post_vertical_padding":"","_kad_post_feature":"","_kad_post_feature_position":"","_kad_post_header":false,"_kad_post_footer":false,"_kad_post_classname":"","footnotes":""},"class_list":["post-16797","page","type-page","status-publish","has-post-thumbnail","hentry"],"acf":[],"yoast_head":"<!-- This site is optimized with the Yoast SEO plugin v27.4 - https:\/\/yoast.com\/product\/yoast-seo-wordpress\/ -->\n<title>Office 365 Granollers - Apen Inform\u00e1tica<\/title>\n<meta name=\"description\" content=\"Los escritorios virtuales son un PC virtual en la nube a cada usuario con las mismas aplicaciones y funciones que un PC f\u00edsico. Trabajamos en Granollers.\" \/>\n<meta name=\"robots\" content=\"index, follow, max-snippet:-1, max-image-preview:large, max-video-preview:-1\" \/>\n<link rel=\"canonical\" href=\"https:\/\/www.apen.es\/ca\/soluciones-cloud\/office-365\/office-365-granollers\/\" \/>\n<meta property=\"og:locale\" content=\"ca_ES\" \/>\n<meta property=\"og:type\" content=\"article\" \/>\n<meta property=\"og:title\" content=\"Office 365 Granollers - Apen Inform\u00e1tica\" \/>\n<meta property=\"og:description\" content=\"Los escritorios virtuales son un PC virtual en la nube a cada usuario con las mismas aplicaciones y funciones que un PC f\u00edsico. Trabajamos en Granollers.\" \/>\n<meta property=\"og:url\" content=\"https:\/\/www.apen.es\/ca\/soluciones-cloud\/office-365\/office-365-granollers\/\" \/>\n<meta property=\"og:site_name\" content=\"Apen Inform\u00e1tica\" \/>\n<meta property=\"article:publisher\" content=\"https:\/\/www.facebook.com\/apensolucions\" \/>\n<meta property=\"article:modified_time\" content=\"2025-07-16T10:05:05+00:00\" \/>\n<meta property=\"og:image\" content=\"https:\/\/www.apen.es\/wp-content\/uploads\/2020\/04\/Parallax_o365.jpg\" \/>\n\t<meta property=\"og:image:width\" content=\"1920\" \/>\n\t<meta property=\"og:image:height\" content=\"812\" \/>\n\t<meta property=\"og:image:type\" content=\"image\/jpeg\" \/>\n<meta name=\"twitter:card\" content=\"summary_large_image\" \/>\n<meta name=\"twitter:label1\" content=\"Temps estimat de lectura\" \/>\n\t<meta name=\"twitter:data1\" content=\"5 minuts\" \/>\n<script type=\"application\/ld+json\" class=\"yoast-schema-graph\">{\"@context\":\"https:\\\/\\\/schema.org\",\"@graph\":[{\"@type\":\"WebPage\",\"@id\":\"https:\\\/\\\/www.apen.es\\\/soluciones-cloud\\\/office-365\\\/office-365-granollers\\\/\",\"url\":\"https:\\\/\\\/www.apen.es\\\/soluciones-cloud\\\/office-365\\\/office-365-granollers\\\/\",\"name\":\"Office 365 Granollers - Apen Inform\u00e1tica\",\"isPartOf\":{\"@id\":\"https:\\\/\\\/www.apen.es\\\/#website\"},\"primaryImageOfPage\":{\"@id\":\"https:\\\/\\\/www.apen.es\\\/soluciones-cloud\\\/office-365\\\/office-365-granollers\\\/#primaryimage\"},\"image\":{\"@id\":\"https:\\\/\\\/www.apen.es\\\/soluciones-cloud\\\/office-365\\\/office-365-granollers\\\/#primaryimage\"},\"thumbnailUrl\":\"https:\\\/\\\/www.apen.es\\\/wp-content\\\/uploads\\\/2020\\\/04\\\/Parallax_o365.jpg\",\"datePublished\":\"2020-04-29T06:53:53+00:00\",\"dateModified\":\"2025-07-16T10:05:05+00:00\",\"description\":\"Los escritorios virtuales son un PC virtual en la nube a cada usuario con las mismas aplicaciones y funciones que un PC f\u00edsico. Trabajamos en Granollers.\",\"breadcrumb\":{\"@id\":\"https:\\\/\\\/www.apen.es\\\/soluciones-cloud\\\/office-365\\\/office-365-granollers\\\/#breadcrumb\"},\"inLanguage\":\"ca\",\"potentialAction\":[{\"@type\":\"ReadAction\",\"target\":[\"https:\\\/\\\/www.apen.es\\\/soluciones-cloud\\\/office-365\\\/office-365-granollers\\\/\"]}]},{\"@type\":\"ImageObject\",\"inLanguage\":\"ca\",\"@id\":\"https:\\\/\\\/www.apen.es\\\/soluciones-cloud\\\/office-365\\\/office-365-granollers\\\/#primaryimage\",\"url\":\"https:\\\/\\\/www.apen.es\\\/wp-content\\\/uploads\\\/2020\\\/04\\\/Parallax_o365.jpg\",\"contentUrl\":\"https:\\\/\\\/www.apen.es\\\/wp-content\\\/uploads\\\/2020\\\/04\\\/Parallax_o365.jpg\",\"width\":1920,\"height\":812},{\"@type\":\"BreadcrumbList\",\"@id\":\"https:\\\/\\\/www.apen.es\\\/soluciones-cloud\\\/office-365\\\/office-365-granollers\\\/#breadcrumb\",\"itemListElement\":[{\"@type\":\"ListItem\",\"position\":1,\"name\":\"Portada\",\"item\":\"https:\\\/\\\/www.apen.es\\\/\"},{\"@type\":\"ListItem\",\"position\":2,\"name\":\"Soluciones Cloud\",\"item\":\"https:\\\/\\\/www.apen.es\\\/soluciones-cloud\\\/\"},{\"@type\":\"ListItem\",\"position\":3,\"name\":\"Office 365. Somos tu partner tecnol\u00f3gico\",\"item\":\"https:\\\/\\\/www.apen.es\\\/soluciones-cloud\\\/office-365\\\/\"},{\"@type\":\"ListItem\",\"position\":4,\"name\":\"Office 365 Granollers\"}]},{\"@type\":\"WebSite\",\"@id\":\"https:\\\/\\\/www.apen.es\\\/#website\",\"url\":\"https:\\\/\\\/www.apen.es\\\/\",\"name\":\"Apen Inform\u00e1tica\",\"description\":\"Mantenimiento Inform\u00e1tico , Software de Gesti\u00f3n, Soluciones de impresi\u00f3n\",\"publisher\":{\"@id\":\"https:\\\/\\\/www.apen.es\\\/#organization\"},\"potentialAction\":[{\"@type\":\"SearchAction\",\"target\":{\"@type\":\"EntryPoint\",\"urlTemplate\":\"https:\\\/\\\/www.apen.es\\\/?s={search_term_string}\"},\"query-input\":{\"@type\":\"PropertyValueSpecification\",\"valueRequired\":true,\"valueName\":\"search_term_string\"}}],\"inLanguage\":\"ca\"},{\"@type\":\"Organization\",\"@id\":\"https:\\\/\\\/www.apen.es\\\/#organization\",\"name\":\"Apen: Soluciones inform\u00e1ticas\",\"url\":\"https:\\\/\\\/www.apen.es\\\/\",\"logo\":{\"@type\":\"ImageObject\",\"inLanguage\":\"ca\",\"@id\":\"https:\\\/\\\/www.apen.es\\\/#\\\/schema\\\/logo\\\/image\\\/\",\"url\":\"https:\\\/\\\/www.apen.es\\\/wp-content\\\/uploads\\\/2022\\\/08\\\/logo-apenok-231x82-1.png\",\"contentUrl\":\"https:\\\/\\\/www.apen.es\\\/wp-content\\\/uploads\\\/2022\\\/08\\\/logo-apenok-231x82-1.png\",\"width\":231,\"height\":82,\"caption\":\"Apen: Soluciones inform\u00e1ticas\"},\"image\":{\"@id\":\"https:\\\/\\\/www.apen.es\\\/#\\\/schema\\\/logo\\\/image\\\/\"},\"sameAs\":[\"https:\\\/\\\/www.facebook.com\\\/apensolucions\",\"https:\\\/\\\/www.youtube.com\\\/user\\\/ApenCentreInformatic\",\"https:\\\/\\\/www.linkedin.com\\\/company\\\/1021771?trk=tyah&trkInfo=clickedVerticalcompanyclickedEntityId1021771idx2-1-2tarId1464195271196tasapenin\"]}]}<\/script>\n<!-- \/ Yoast SEO plugin. -->","yoast_head_json":{"title":"Office 365 Granollers - Apen Inform\u00e1tica","description":"Los escritorios virtuales son un PC virtual en la nube a cada usuario con las mismas aplicaciones y funciones que un PC f\u00edsico. Trabajamos en Granollers.","robots":{"index":"index","follow":"follow","max-snippet":"max-snippet:-1","max-image-preview":"max-image-preview:large","max-video-preview":"max-video-preview:-1"},"canonical":"https:\/\/www.apen.es\/ca\/soluciones-cloud\/office-365\/office-365-granollers\/","og_locale":"ca_ES","og_type":"article","og_title":"Office 365 Granollers - Apen Inform\u00e1tica","og_description":"Los escritorios virtuales son un PC virtual en la nube a cada usuario con las mismas aplicaciones y funciones que un PC f\u00edsico. Trabajamos en Granollers.","og_url":"https:\/\/www.apen.es\/ca\/soluciones-cloud\/office-365\/office-365-granollers\/","og_site_name":"Apen Inform\u00e1tica","article_publisher":"https:\/\/www.facebook.com\/apensolucions","article_modified_time":"2025-07-16T10:05:05+00:00","og_image":[{"width":1920,"height":812,"url":"https:\/\/www.apen.es\/wp-content\/uploads\/2020\/04\/Parallax_o365.jpg","type":"image\/jpeg"}],"twitter_card":"summary_large_image","twitter_misc":{"Temps estimat de lectura":"5 minuts"},"schema":{"@context":"https:\/\/schema.org","@graph":[{"@type":"WebPage","@id":"https:\/\/www.apen.es\/soluciones-cloud\/office-365\/office-365-granollers\/","url":"https:\/\/www.apen.es\/soluciones-cloud\/office-365\/office-365-granollers\/","name":"Office 365 Granollers - Apen Inform\u00e1tica","isPartOf":{"@id":"https:\/\/www.apen.es\/#website"},"primaryImageOfPage":{"@id":"https:\/\/www.apen.es\/soluciones-cloud\/office-365\/office-365-granollers\/#primaryimage"},"image":{"@id":"https:\/\/www.apen.es\/soluciones-cloud\/office-365\/office-365-granollers\/#primaryimage"},"thumbnailUrl":"https:\/\/www.apen.es\/wp-content\/uploads\/2020\/04\/Parallax_o365.jpg","datePublished":"2020-04-29T06:53:53+00:00","dateModified":"2025-07-16T10:05:05+00:00","description":"Los escritorios virtuales son un PC virtual en la nube a cada usuario con las mismas aplicaciones y funciones que un PC f\u00edsico. Trabajamos en Granollers.","breadcrumb":{"@id":"https:\/\/www.apen.es\/soluciones-cloud\/office-365\/office-365-granollers\/#breadcrumb"},"inLanguage":"ca","potentialAction":[{"@type":"ReadAction","target":["https:\/\/www.apen.es\/soluciones-cloud\/office-365\/office-365-granollers\/"]}]},{"@type":"ImageObject","inLanguage":"ca","@id":"https:\/\/www.apen.es\/soluciones-cloud\/office-365\/office-365-granollers\/#primaryimage","url":"https:\/\/www.apen.es\/wp-content\/uploads\/2020\/04\/Parallax_o365.jpg","contentUrl":"https:\/\/www.apen.es\/wp-content\/uploads\/2020\/04\/Parallax_o365.jpg","width":1920,"height":812},{"@type":"BreadcrumbList","@id":"https:\/\/www.apen.es\/soluciones-cloud\/office-365\/office-365-granollers\/#breadcrumb","itemListElement":[{"@type":"ListItem","position":1,"name":"Portada","item":"https:\/\/www.apen.es\/"},{"@type":"ListItem","position":2,"name":"Soluciones Cloud","item":"https:\/\/www.apen.es\/soluciones-cloud\/"},{"@type":"ListItem","position":3,"name":"Office 365. Somos tu partner tecnol\u00f3gico","item":"https:\/\/www.apen.es\/soluciones-cloud\/office-365\/"},{"@type":"ListItem","position":4,"name":"Office 365 Granollers"}]},{"@type":"WebSite","@id":"https:\/\/www.apen.es\/#website","url":"https:\/\/www.apen.es\/","name":"Apen Inform\u00e0tica","description":"Manteniment inform\u00e0tic , programari de gesti\u00f3, solucions d&#039;impressi\u00f3","publisher":{"@id":"https:\/\/www.apen.es\/#organization"},"potentialAction":[{"@type":"SearchAction","target":{"@type":"EntryPoint","urlTemplate":"https:\/\/www.apen.es\/?s={search_term_string}"},"query-input":{"@type":"PropertyValueSpecification","valueRequired":true,"valueName":"search_term_string"}}],"inLanguage":"ca"},{"@type":"Organization","@id":"https:\/\/www.apen.es\/#organization","name":"Apen: Solucions inform\u00e0tiques","url":"https:\/\/www.apen.es\/","logo":{"@type":"ImageObject","inLanguage":"ca","@id":"https:\/\/www.apen.es\/#\/schema\/logo\/image\/","url":"https:\/\/www.apen.es\/wp-content\/uploads\/2022\/08\/logo-apenok-231x82-1.png","contentUrl":"https:\/\/www.apen.es\/wp-content\/uploads\/2022\/08\/logo-apenok-231x82-1.png","width":231,"height":82,"caption":"Apen: Soluciones inform\u00e1ticas"},"image":{"@id":"https:\/\/www.apen.es\/#\/schema\/logo\/image\/"},"sameAs":["https:\/\/www.facebook.com\/apensolucions","https:\/\/www.youtube.com\/user\/ApenCentreInformatic","https:\/\/www.linkedin.com\/company\/1021771?trk=tyah&trkInfo=clickedVerticalcompanyclickedEntityId1021771idx2-1-2tarId1464195271196tasapenin"]}]}},"taxonomy_info":[],"featured_image_src_large":["https:\/\/www.apen.es\/wp-content\/uploads\/2020\/04\/Parallax_o365-1024x433.jpg",1024,433,true],"author_info":{"display_name":"marqueting","author_link":"https:\/\/www.apen.es\/ca\/blog\/author\/marqueting\/"},"comment_info":0,"_links":{"self":[{"href":"https:\/\/www.apen.es\/ca\/wp-json\/wp\/v2\/pages\/16797","targetHints":{"allow":["GET"]}}],"collection":[{"href":"https:\/\/www.apen.es\/ca\/wp-json\/wp\/v2\/pages"}],"about":[{"href":"https:\/\/www.apen.es\/ca\/wp-json\/wp\/v2\/types\/page"}],"author":[{"embeddable":true,"href":"https:\/\/www.apen.es\/ca\/wp-json\/wp\/v2\/users\/4"}],"replies":[{"embeddable":true,"href":"https:\/\/www.apen.es\/ca\/wp-json\/wp\/v2\/comments?post=16797"}],"version-history":[{"count":5,"href":"https:\/\/www.apen.es\/ca\/wp-json\/wp\/v2\/pages\/16797\/revisions"}],"predecessor-version":[{"id":56926,"href":"https:\/\/www.apen.es\/ca\/wp-json\/wp\/v2\/pages\/16797\/revisions\/56926"}],"up":[{"embeddable":true,"href":"https:\/\/www.apen.es\/ca\/wp-json\/wp\/v2\/pages\/1978"}],"wp:featuredmedia":[{"embeddable":true,"href":"https:\/\/www.apen.es\/ca\/wp-json\/wp\/v2\/media\/16517"}],"wp:attachment":[{"href":"https:\/\/www.apen.es\/ca\/wp-json\/wp\/v2\/media?parent=16797"}],"curies":[{"name":"wp","href":"https:\/\/api.w.org\/{rel}","templated":true}]}}