{"id":16796,"date":"2020-04-29T06:45:36","date_gmt":"2020-04-29T06:45:36","guid":{"rendered":"https:\/\/www.apen.es\/?page_id=16796"},"modified":"2025-06-25T11:01:59","modified_gmt":"2025-06-25T11:01:59","slug":"office-365-mollet","status":"publish","type":"page","link":"https:\/\/www.apen.es\/ca\/soluciones-cloud\/office-365\/office-365-mollet\/","title":{"rendered":"Office 365 Mollet"},"content":{"rendered":"<p>La millor manera d&#039;optimitzar el treball i realitzar-lo de manera intel\u00b7ligent, eficient i actualitzada \u00e9s comptar amb les eines adequades, com ara <strong>Office 365 Mollet<\/strong>, que representa la millor eina ofim\u00e0tica del mercat per a tot tipus de pimes, petita, mitjana o gran.<\/p>\n\n\n\n<p>Consisteix en un servei integral compost de diversos programes, comptant amb les eines, funcionalitats i prestacions m\u00e9s optimitzades i actualitzades al mercat, capaces d&#039;evolucionar i adaptar-se completament a les necessitats de cadascuna de les empreses. Aix\u00f2 suposa grans beneficis per a la gesti\u00f3 empresarial, ja aconsegueix millorar la productivitat, el rendiment de treball, la comunicaci\u00f3 interna, la seguretat inform\u00e0tica, el treball en equip, l&#039;accessibilitat, la presa de decisions, el teletreball, la imatge de marca i una infinitat d&#039;avantatges m\u00e9s.<\/p>\n\n\n\n<p>Disposar de <strong>Office 365 Mollet<\/strong> \u00e9s treballar de la forma m\u00e9s intel\u00b7ligent i resolutiva possible, comptant amb programes i eines espec\u00edfiques, per desenvolupar el treball de la millor manera possible, comptant just amb all\u00f2 que necessites i centrant-te en all\u00f2 important. Des d&#039;Apen, com a distribu\u00efdors oficials d&#039;Office 365, volem que s\u00e0pigues que les teves dades m\u00e9s importants estaran fora de perill, ja que considerem que la seguretat inform\u00e0tica \u00e9s un punt clau per a qualsevol empresa i per aix\u00f2 nom\u00e9s tindr\u00e0s acc\u00e9s tu, Microsoft i nosaltres, per assegurar-nos que tot va b\u00e9 i que podem ajudar-te sempre que ens necessitis.<\/p>\n\n\n\n<p>Des d&#039;Apen, despr\u00e9s de m\u00e9s de 25 anys d&#039;experi\u00e8ncia en el manteniment i la seguretat inform\u00e0tica, us podem garantir un suport t\u00e8cnic de la m\u00e0xima qualitat, aix\u00ed com la formaci\u00f3 professional de cadascuna de les prestacions d&#039;aquesta gran eina ofim\u00e0tica, adaptada a diferents nivells i tamb\u00e9 a les diferents necessitats de cada empresa.<\/p>\n\n\n\n<p>Gr\u00e0cies a <strong>Office 365 Mollet<\/strong> obtindr\u00e0s molta m\u00e9s pres\u00e8ncia al mercat, utilitzar\u00e0s millor totes les eines i estalviar\u00e0s temps i diners, ja que sabr\u00e0s quin tipus d&#039;\u00fas has de donar a cadascun dels programes, per treballar d&#039;una manera productiva i intu\u00eftiva. Gr\u00e0cies a aquesta gran eina moltes empreses ja disposen tamb\u00e9 d&#039;un correu electr\u00f2nic professional amb un gran espai per a l&#039;emmagatzematge, agenda de contactes, compartici\u00f3 i edici\u00f3 d&#039;arxius, etc.<\/p>\n\n\n\n<p>En definitiva, representa la millor eina d&#039;ofim\u00e0tica que ha reunit tots els elements necessaris en un mateix servei integral, amb qu\u00e8 aconseguir\u00e0s disposar d&#039;una gran accessibilitat, ja que podr\u00e0s accedir a les teves dades des de qualsevol dispositiu, podent modificar-les, editar-les, compartir-les i tot all\u00f2 que necessitis amb total efectivitat i seguretat. Gr\u00e0cies a <strong>Office 365 Mollet<\/strong> tamb\u00e9 podr\u00e0s gaudir de la possibilitat de fer reunions o confer\u00e8ncies en l\u00ednia, fulls de c\u00e0lcul, organitzaci\u00f3 de tasques i tot tipus de prestacions d&#039;ofim\u00e0tica que et faran la vida laboral molt m\u00e9s f\u00e0cil i intu\u00eftiva.<\/p>","protected":false},"excerpt":{"rendered":"<p>La mejor manera de optimizar el trabajo y realizarlo de forma inteligente, eficiente y actualizada es contar con las herramientas adecuadas, como Office 365 Mollet, que representa la mejor herramienta ofim\u00e1tica del mercado para todo tipo de pymes, peque\u00f1a, mediana o grande. Consiste en un servicio integral compuesto de diversos programas, contando con las herramientas,&#8230;<\/p>","protected":false},"author":4,"featured_media":16517,"parent":1978,"menu_order":0,"comment_status":"closed","ping_status":"closed","template":"page-landing-microsoft-365.php","meta":{"_acf_changed":false,"_kad_blocks_custom_css":"","_kad_blocks_head_custom_js":"","_kad_blocks_body_custom_js":"","_kad_blocks_footer_custom_js":"","_kad_post_transparent":"","_kad_post_title":"","_kad_post_layout":"","_kad_post_sidebar_id":"","_kad_post_content_style":"","_kad_post_vertical_padding":"","_kad_post_feature":"","_kad_post_feature_position":"","_kad_post_header":false,"_kad_post_footer":false,"_kad_post_classname":"","footnotes":""},"class_list":["post-16796","page","type-page","status-publish","has-post-thumbnail","hentry"],"acf":[],"yoast_head":"<!-- This site is optimized with the Yoast SEO plugin v27.4 - https:\/\/yoast.com\/product\/yoast-seo-wordpress\/ -->\n<title>Office 365 Mollet - Apen Inform\u00e1tica<\/title>\n<meta name=\"description\" content=\"Los escritorios virtuales son un PC virtual en la nube a cada usuario con las mismas aplicaciones y funciones que un PC f\u00edsico. Trabajamos en Mollet\" \/>\n<meta name=\"robots\" content=\"index, follow, max-snippet:-1, max-image-preview:large, max-video-preview:-1\" \/>\n<link rel=\"canonical\" href=\"https:\/\/www.apen.es\/ca\/soluciones-cloud\/office-365\/office-365-mollet\/\" \/>\n<meta property=\"og:locale\" content=\"ca_ES\" \/>\n<meta property=\"og:type\" content=\"article\" \/>\n<meta property=\"og:title\" content=\"Office 365 Mollet - Apen Inform\u00e1tica\" \/>\n<meta property=\"og:description\" content=\"Los escritorios virtuales son un PC virtual en la nube a cada usuario con las mismas aplicaciones y funciones que un PC f\u00edsico. Trabajamos en Mollet\" \/>\n<meta property=\"og:url\" content=\"https:\/\/www.apen.es\/ca\/soluciones-cloud\/office-365\/office-365-mollet\/\" \/>\n<meta property=\"og:site_name\" content=\"Apen Inform\u00e1tica\" \/>\n<meta property=\"article:publisher\" content=\"https:\/\/www.facebook.com\/apensolucions\" \/>\n<meta property=\"article:modified_time\" content=\"2025-06-25T11:01:59+00:00\" \/>\n<meta property=\"og:image\" content=\"https:\/\/www.apen.es\/wp-content\/uploads\/2020\/04\/Parallax_o365.jpg\" \/>\n\t<meta property=\"og:image:width\" content=\"1920\" \/>\n\t<meta property=\"og:image:height\" content=\"812\" \/>\n\t<meta property=\"og:image:type\" content=\"image\/jpeg\" \/>\n<meta name=\"twitter:card\" content=\"summary_large_image\" \/>\n<meta name=\"twitter:label1\" content=\"Temps estimat de lectura\" \/>\n\t<meta name=\"twitter:data1\" content=\"5 minuts\" \/>\n<script type=\"application\/ld+json\" class=\"yoast-schema-graph\">{\"@context\":\"https:\\\/\\\/schema.org\",\"@graph\":[{\"@type\":\"WebPage\",\"@id\":\"https:\\\/\\\/www.apen.es\\\/soluciones-cloud\\\/office-365\\\/office-365-mollet\\\/\",\"url\":\"https:\\\/\\\/www.apen.es\\\/soluciones-cloud\\\/office-365\\\/office-365-mollet\\\/\",\"name\":\"Office 365 Mollet - Apen Inform\u00e1tica\",\"isPartOf\":{\"@id\":\"https:\\\/\\\/www.apen.es\\\/#website\"},\"primaryImageOfPage\":{\"@id\":\"https:\\\/\\\/www.apen.es\\\/soluciones-cloud\\\/office-365\\\/office-365-mollet\\\/#primaryimage\"},\"image\":{\"@id\":\"https:\\\/\\\/www.apen.es\\\/soluciones-cloud\\\/office-365\\\/office-365-mollet\\\/#primaryimage\"},\"thumbnailUrl\":\"https:\\\/\\\/www.apen.es\\\/wp-content\\\/uploads\\\/2020\\\/04\\\/Parallax_o365.jpg\",\"datePublished\":\"2020-04-29T06:45:36+00:00\",\"dateModified\":\"2025-06-25T11:01:59+00:00\",\"description\":\"Los escritorios virtuales son un PC virtual en la nube a cada usuario con las mismas aplicaciones y funciones que un PC f\u00edsico. Trabajamos en Mollet\",\"breadcrumb\":{\"@id\":\"https:\\\/\\\/www.apen.es\\\/soluciones-cloud\\\/office-365\\\/office-365-mollet\\\/#breadcrumb\"},\"inLanguage\":\"ca\",\"potentialAction\":[{\"@type\":\"ReadAction\",\"target\":[\"https:\\\/\\\/www.apen.es\\\/soluciones-cloud\\\/office-365\\\/office-365-mollet\\\/\"]}]},{\"@type\":\"ImageObject\",\"inLanguage\":\"ca\",\"@id\":\"https:\\\/\\\/www.apen.es\\\/soluciones-cloud\\\/office-365\\\/office-365-mollet\\\/#primaryimage\",\"url\":\"https:\\\/\\\/www.apen.es\\\/wp-content\\\/uploads\\\/2020\\\/04\\\/Parallax_o365.jpg\",\"contentUrl\":\"https:\\\/\\\/www.apen.es\\\/wp-content\\\/uploads\\\/2020\\\/04\\\/Parallax_o365.jpg\",\"width\":1920,\"height\":812},{\"@type\":\"BreadcrumbList\",\"@id\":\"https:\\\/\\\/www.apen.es\\\/soluciones-cloud\\\/office-365\\\/office-365-mollet\\\/#breadcrumb\",\"itemListElement\":[{\"@type\":\"ListItem\",\"position\":1,\"name\":\"Portada\",\"item\":\"https:\\\/\\\/www.apen.es\\\/\"},{\"@type\":\"ListItem\",\"position\":2,\"name\":\"Soluciones Cloud\",\"item\":\"https:\\\/\\\/www.apen.es\\\/soluciones-cloud\\\/\"},{\"@type\":\"ListItem\",\"position\":3,\"name\":\"Office 365. Somos tu partner tecnol\u00f3gico\",\"item\":\"https:\\\/\\\/www.apen.es\\\/soluciones-cloud\\\/office-365\\\/\"},{\"@type\":\"ListItem\",\"position\":4,\"name\":\"Office 365 Mollet\"}]},{\"@type\":\"WebSite\",\"@id\":\"https:\\\/\\\/www.apen.es\\\/#website\",\"url\":\"https:\\\/\\\/www.apen.es\\\/\",\"name\":\"Apen Inform\u00e1tica\",\"description\":\"Mantenimiento Inform\u00e1tico , Software de Gesti\u00f3n, Soluciones de impresi\u00f3n\",\"publisher\":{\"@id\":\"https:\\\/\\\/www.apen.es\\\/#organization\"},\"potentialAction\":[{\"@type\":\"SearchAction\",\"target\":{\"@type\":\"EntryPoint\",\"urlTemplate\":\"https:\\\/\\\/www.apen.es\\\/?s={search_term_string}\"},\"query-input\":{\"@type\":\"PropertyValueSpecification\",\"valueRequired\":true,\"valueName\":\"search_term_string\"}}],\"inLanguage\":\"ca\"},{\"@type\":\"Organization\",\"@id\":\"https:\\\/\\\/www.apen.es\\\/#organization\",\"name\":\"Apen: Soluciones inform\u00e1ticas\",\"url\":\"https:\\\/\\\/www.apen.es\\\/\",\"logo\":{\"@type\":\"ImageObject\",\"inLanguage\":\"ca\",\"@id\":\"https:\\\/\\\/www.apen.es\\\/#\\\/schema\\\/logo\\\/image\\\/\",\"url\":\"https:\\\/\\\/www.apen.es\\\/wp-content\\\/uploads\\\/2022\\\/08\\\/logo-apenok-231x82-1.png\",\"contentUrl\":\"https:\\\/\\\/www.apen.es\\\/wp-content\\\/uploads\\\/2022\\\/08\\\/logo-apenok-231x82-1.png\",\"width\":231,\"height\":82,\"caption\":\"Apen: Soluciones inform\u00e1ticas\"},\"image\":{\"@id\":\"https:\\\/\\\/www.apen.es\\\/#\\\/schema\\\/logo\\\/image\\\/\"},\"sameAs\":[\"https:\\\/\\\/www.facebook.com\\\/apensolucions\",\"https:\\\/\\\/www.youtube.com\\\/user\\\/ApenCentreInformatic\",\"https:\\\/\\\/www.linkedin.com\\\/company\\\/1021771?trk=tyah&trkInfo=clickedVerticalcompanyclickedEntityId1021771idx2-1-2tarId1464195271196tasapenin\"]}]}<\/script>\n<!-- \/ Yoast SEO plugin. -->","yoast_head_json":{"title":"Office 365 Mollet - Apen Inform\u00e1tica","description":"Los escritorios virtuales son un PC virtual en la nube a cada usuario con las mismas aplicaciones y funciones que un PC f\u00edsico. Trabajamos en Mollet","robots":{"index":"index","follow":"follow","max-snippet":"max-snippet:-1","max-image-preview":"max-image-preview:large","max-video-preview":"max-video-preview:-1"},"canonical":"https:\/\/www.apen.es\/ca\/soluciones-cloud\/office-365\/office-365-mollet\/","og_locale":"ca_ES","og_type":"article","og_title":"Office 365 Mollet - Apen Inform\u00e1tica","og_description":"Los escritorios virtuales son un PC virtual en la nube a cada usuario con las mismas aplicaciones y funciones que un PC f\u00edsico. Trabajamos en Mollet","og_url":"https:\/\/www.apen.es\/ca\/soluciones-cloud\/office-365\/office-365-mollet\/","og_site_name":"Apen Inform\u00e1tica","article_publisher":"https:\/\/www.facebook.com\/apensolucions","article_modified_time":"2025-06-25T11:01:59+00:00","og_image":[{"width":1920,"height":812,"url":"https:\/\/www.apen.es\/wp-content\/uploads\/2020\/04\/Parallax_o365.jpg","type":"image\/jpeg"}],"twitter_card":"summary_large_image","twitter_misc":{"Temps estimat de lectura":"5 minuts"},"schema":{"@context":"https:\/\/schema.org","@graph":[{"@type":"WebPage","@id":"https:\/\/www.apen.es\/soluciones-cloud\/office-365\/office-365-mollet\/","url":"https:\/\/www.apen.es\/soluciones-cloud\/office-365\/office-365-mollet\/","name":"Office 365 Mollet - Apen Inform\u00e1tica","isPartOf":{"@id":"https:\/\/www.apen.es\/#website"},"primaryImageOfPage":{"@id":"https:\/\/www.apen.es\/soluciones-cloud\/office-365\/office-365-mollet\/#primaryimage"},"image":{"@id":"https:\/\/www.apen.es\/soluciones-cloud\/office-365\/office-365-mollet\/#primaryimage"},"thumbnailUrl":"https:\/\/www.apen.es\/wp-content\/uploads\/2020\/04\/Parallax_o365.jpg","datePublished":"2020-04-29T06:45:36+00:00","dateModified":"2025-06-25T11:01:59+00:00","description":"Los escritorios virtuales son un PC virtual en la nube a cada usuario con las mismas aplicaciones y funciones que un PC f\u00edsico. Trabajamos en Mollet","breadcrumb":{"@id":"https:\/\/www.apen.es\/soluciones-cloud\/office-365\/office-365-mollet\/#breadcrumb"},"inLanguage":"ca","potentialAction":[{"@type":"ReadAction","target":["https:\/\/www.apen.es\/soluciones-cloud\/office-365\/office-365-mollet\/"]}]},{"@type":"ImageObject","inLanguage":"ca","@id":"https:\/\/www.apen.es\/soluciones-cloud\/office-365\/office-365-mollet\/#primaryimage","url":"https:\/\/www.apen.es\/wp-content\/uploads\/2020\/04\/Parallax_o365.jpg","contentUrl":"https:\/\/www.apen.es\/wp-content\/uploads\/2020\/04\/Parallax_o365.jpg","width":1920,"height":812},{"@type":"BreadcrumbList","@id":"https:\/\/www.apen.es\/soluciones-cloud\/office-365\/office-365-mollet\/#breadcrumb","itemListElement":[{"@type":"ListItem","position":1,"name":"Portada","item":"https:\/\/www.apen.es\/"},{"@type":"ListItem","position":2,"name":"Soluciones Cloud","item":"https:\/\/www.apen.es\/soluciones-cloud\/"},{"@type":"ListItem","position":3,"name":"Office 365. Somos tu partner tecnol\u00f3gico","item":"https:\/\/www.apen.es\/soluciones-cloud\/office-365\/"},{"@type":"ListItem","position":4,"name":"Office 365 Mollet"}]},{"@type":"WebSite","@id":"https:\/\/www.apen.es\/#website","url":"https:\/\/www.apen.es\/","name":"Apen Inform\u00e0tica","description":"Manteniment inform\u00e0tic , programari de gesti\u00f3, solucions d&#039;impressi\u00f3","publisher":{"@id":"https:\/\/www.apen.es\/#organization"},"potentialAction":[{"@type":"SearchAction","target":{"@type":"EntryPoint","urlTemplate":"https:\/\/www.apen.es\/?s={search_term_string}"},"query-input":{"@type":"PropertyValueSpecification","valueRequired":true,"valueName":"search_term_string"}}],"inLanguage":"ca"},{"@type":"Organization","@id":"https:\/\/www.apen.es\/#organization","name":"Apen: Solucions inform\u00e0tiques","url":"https:\/\/www.apen.es\/","logo":{"@type":"ImageObject","inLanguage":"ca","@id":"https:\/\/www.apen.es\/#\/schema\/logo\/image\/","url":"https:\/\/www.apen.es\/wp-content\/uploads\/2022\/08\/logo-apenok-231x82-1.png","contentUrl":"https:\/\/www.apen.es\/wp-content\/uploads\/2022\/08\/logo-apenok-231x82-1.png","width":231,"height":82,"caption":"Apen: Soluciones inform\u00e1ticas"},"image":{"@id":"https:\/\/www.apen.es\/#\/schema\/logo\/image\/"},"sameAs":["https:\/\/www.facebook.com\/apensolucions","https:\/\/www.youtube.com\/user\/ApenCentreInformatic","https:\/\/www.linkedin.com\/company\/1021771?trk=tyah&trkInfo=clickedVerticalcompanyclickedEntityId1021771idx2-1-2tarId1464195271196tasapenin"]}]}},"taxonomy_info":[],"featured_image_src_large":["https:\/\/www.apen.es\/wp-content\/uploads\/2020\/04\/Parallax_o365-1024x433.jpg",1024,433,true],"author_info":{"display_name":"marqueting","author_link":"https:\/\/www.apen.es\/ca\/blog\/author\/marqueting\/"},"comment_info":0,"_links":{"self":[{"href":"https:\/\/www.apen.es\/ca\/wp-json\/wp\/v2\/pages\/16796","targetHints":{"allow":["GET"]}}],"collection":[{"href":"https:\/\/www.apen.es\/ca\/wp-json\/wp\/v2\/pages"}],"about":[{"href":"https:\/\/www.apen.es\/ca\/wp-json\/wp\/v2\/types\/page"}],"author":[{"embeddable":true,"href":"https:\/\/www.apen.es\/ca\/wp-json\/wp\/v2\/users\/4"}],"replies":[{"embeddable":true,"href":"https:\/\/www.apen.es\/ca\/wp-json\/wp\/v2\/comments?post=16796"}],"version-history":[{"count":2,"href":"https:\/\/www.apen.es\/ca\/wp-json\/wp\/v2\/pages\/16796\/revisions"}],"predecessor-version":[{"id":55634,"href":"https:\/\/www.apen.es\/ca\/wp-json\/wp\/v2\/pages\/16796\/revisions\/55634"}],"up":[{"embeddable":true,"href":"https:\/\/www.apen.es\/ca\/wp-json\/wp\/v2\/pages\/1978"}],"wp:featuredmedia":[{"embeddable":true,"href":"https:\/\/www.apen.es\/ca\/wp-json\/wp\/v2\/media\/16517"}],"wp:attachment":[{"href":"https:\/\/www.apen.es\/ca\/wp-json\/wp\/v2\/media?parent=16796"}],"curies":[{"name":"wp","href":"https:\/\/api.w.org\/{rel}","templated":true}]}}