{"id":16794,"date":"2020-04-29T06:42:43","date_gmt":"2020-04-29T06:42:43","guid":{"rendered":"https:\/\/www.apen.es\/?page_id=16794"},"modified":"2025-06-25T11:06:59","modified_gmt":"2025-06-25T11:06:59","slug":"office-365-terrassa","status":"publish","type":"page","link":"https:\/\/www.apen.es\/ca\/soluciones-cloud\/office-365\/office-365-terrassa\/","title":{"rendered":"Office 365 Terrassa"},"content":{"rendered":"<p>Instal\u00b7lar <strong>Office 365 Terrassa<\/strong> \u00e9s comptar amb la millor de les garanties per a la gesti\u00f3 empresarial de la teva empresa, ja que consisteix en un servei integral i completament personalitzat, a trav\u00e9s de la qual avui dia est\u00e0 considerada la millor eina ofim\u00e0tica del mercat.<\/p>\n\n\n\n<p><strong>Office 365 Terrassa<\/strong> compr\u00e8n molts programes, capa\u00e7os d&#039;oferir funcionalitats, prestacions, accions automatitzades i molt intu\u00eftives, per poder desenvolupar la feina d&#039;una manera intel\u00b7ligent, eficient i resolutiva en cadascun dels departaments d&#039;una empresa, sigui gran, mitjana o petita.<\/p>\n\n\n\n<p>A Apen, tenim la sort de ser distribu\u00efdors oficials de l&#039;Office 365 i, per aquest mateix motiu, podem assegurar-te que \u00e9s una de les millors opcions per a qualsevol pime. Com a experts en el manteniment i la seguretat inform\u00e0tica, podem garantir-te que instal\u00b7lar aquesta eina suposar\u00e0 un abans i un despr\u00e9s a la teva empresa.<\/p>\n\n\n\n<p>Si el que est\u00e0s buscant \u00e9s millorar la productivitat, obtenir eines de treball completament adaptades i actualitzades, con\u00e8ixer com utilitzar aquestes eines de forma optimitzada, treure profit dels programes que utilitzes habitualment a la teva feina i invertir el temps de la millor manera, et recomanem que utilitzis una eina com <strong>Office 365 Terrassa<\/strong>.<\/p>\n\n\n\n<p>D&#039;aquesta manera, podr\u00e0s tenir present totes les eines que pots tenir al teu abast, instal\u00b7lant aquesta gran eina ofim\u00e0tica. Les pimes que optin per aquesta eina guanyaran en vendes, en log\u00edstica, en presa de decisions, en comunicaci\u00f3 interna, en accessibilitat, optimitzaran el temps i l&#039;esfor\u00e7, podran tenir c\u00f2pies de seguretat al n\u00favol de forma fiable de tots els documents i arxius de l&#039;empresa, aix\u00ed com editar-los, compartir-los, crear-los o eliminar-los, a m\u00e9s de tenir l&#039;opci\u00f3 d&#039;accedir a la informaci\u00f3. Amb <strong>Office 365 Terrassa<\/strong> tamb\u00e9 s&#039;obt\u00e9 un correu professional, amb gran capacitat d&#039;emmagatzematge, perqu\u00e8 tot el proc\u00e9s de la gesti\u00f3 empresarial resulti molt m\u00e9s eficient i augmentin, de forma qualitativa, totes les gestions, productes, serveis i atenci\u00f3 al client, per a qualsevol pime.<\/p>\n\n\n\n<p>Entra a la nostra p\u00e0gina web i descobreix tot all\u00f2 que et podem oferir, tant pel que fa a Office 365 a Terrassa com a la resta dels nostres serveis, com pot ser la implantaci\u00f3 d&#039;un sistema aERP, els serveis d&#039;impressi\u00f3 mitjan\u00e7ant el sistema de preu per c\u00f2pia, el r\u00e8nting tecnol\u00f2gic o per qualsevol tipus de suport t\u00e8cnic, per al manteniment inform\u00e0tic o la seguretat inform\u00e0tica.<\/p>\n\n\n\n<p>Estem a la teva disposici\u00f3 per aconseguir que la gesti\u00f3 empresarial de la teva pime pugui ser el m\u00e9s optimitzada, intu\u00eftiva, responsable i intel\u00b7ligent, comptant amb el suport t\u00e8cnic necessari perqu\u00e8 tot surti b\u00e9 i que puguis obtenir la resposta que necessites en tot moment.<\/p>","protected":false},"excerpt":{"rendered":"<p>Instalar Office 365 Terrassa es contar con la mejor de las garant\u00edas para la gesti\u00f3n empresarial de tu empresa, ya que consiste en un servicio integral y completamente personalizado, a trav\u00e9s de la que hoy en d\u00eda est\u00e1 considerada la mejor herramienta ofim\u00e1tica del mercado. Office 365 Terrassa comprende en s\u00ed muchos programas, capaces de&#8230;<\/p>","protected":false},"author":4,"featured_media":16517,"parent":1978,"menu_order":0,"comment_status":"closed","ping_status":"closed","template":"page-landing-microsoft-365.php","meta":{"_acf_changed":false,"_kad_blocks_custom_css":"","_kad_blocks_head_custom_js":"","_kad_blocks_body_custom_js":"","_kad_blocks_footer_custom_js":"","_kad_post_transparent":"","_kad_post_title":"","_kad_post_layout":"","_kad_post_sidebar_id":"","_kad_post_content_style":"","_kad_post_vertical_padding":"","_kad_post_feature":"","_kad_post_feature_position":"","_kad_post_header":false,"_kad_post_footer":false,"_kad_post_classname":"","footnotes":""},"class_list":["post-16794","page","type-page","status-publish","has-post-thumbnail","hentry"],"acf":[],"yoast_head":"<!-- This site is optimized with the Yoast SEO plugin v27.4 - https:\/\/yoast.com\/product\/yoast-seo-wordpress\/ -->\n<title>Office 365 Terrassa - Apen Inform\u00e1tica<\/title>\n<meta name=\"description\" content=\"Los escritorios virtuales son un PC virtual en la nube a cada usuario con las mismas aplicaciones y funciones que un PC f\u00edsico. Trabajamos en Terrassa\" \/>\n<meta name=\"robots\" content=\"index, follow, max-snippet:-1, max-image-preview:large, max-video-preview:-1\" \/>\n<link rel=\"canonical\" href=\"https:\/\/www.apen.es\/ca\/soluciones-cloud\/office-365\/office-365-terrassa\/\" \/>\n<meta property=\"og:locale\" content=\"ca_ES\" \/>\n<meta property=\"og:type\" content=\"article\" \/>\n<meta property=\"og:title\" content=\"Office 365 Terrassa - Apen Inform\u00e1tica\" \/>\n<meta property=\"og:description\" content=\"Los escritorios virtuales son un PC virtual en la nube a cada usuario con las mismas aplicaciones y funciones que un PC f\u00edsico. Trabajamos en Terrassa\" \/>\n<meta property=\"og:url\" content=\"https:\/\/www.apen.es\/ca\/soluciones-cloud\/office-365\/office-365-terrassa\/\" \/>\n<meta property=\"og:site_name\" content=\"Apen Inform\u00e1tica\" \/>\n<meta property=\"article:publisher\" content=\"https:\/\/www.facebook.com\/apensolucions\" \/>\n<meta property=\"article:modified_time\" content=\"2025-06-25T11:06:59+00:00\" \/>\n<meta property=\"og:image\" content=\"https:\/\/www.apen.es\/wp-content\/uploads\/2020\/04\/Parallax_o365.jpg\" \/>\n\t<meta property=\"og:image:width\" content=\"1920\" \/>\n\t<meta property=\"og:image:height\" content=\"812\" \/>\n\t<meta property=\"og:image:type\" content=\"image\/jpeg\" \/>\n<meta name=\"twitter:card\" content=\"summary_large_image\" \/>\n<meta name=\"twitter:label1\" content=\"Temps estimat de lectura\" \/>\n\t<meta name=\"twitter:data1\" content=\"5 minuts\" \/>\n<script type=\"application\/ld+json\" class=\"yoast-schema-graph\">{\"@context\":\"https:\\\/\\\/schema.org\",\"@graph\":[{\"@type\":\"WebPage\",\"@id\":\"https:\\\/\\\/www.apen.es\\\/soluciones-cloud\\\/office-365\\\/office-365-terrassa\\\/\",\"url\":\"https:\\\/\\\/www.apen.es\\\/soluciones-cloud\\\/office-365\\\/office-365-terrassa\\\/\",\"name\":\"Office 365 Terrassa - Apen Inform\u00e1tica\",\"isPartOf\":{\"@id\":\"https:\\\/\\\/www.apen.es\\\/#website\"},\"primaryImageOfPage\":{\"@id\":\"https:\\\/\\\/www.apen.es\\\/soluciones-cloud\\\/office-365\\\/office-365-terrassa\\\/#primaryimage\"},\"image\":{\"@id\":\"https:\\\/\\\/www.apen.es\\\/soluciones-cloud\\\/office-365\\\/office-365-terrassa\\\/#primaryimage\"},\"thumbnailUrl\":\"https:\\\/\\\/www.apen.es\\\/wp-content\\\/uploads\\\/2020\\\/04\\\/Parallax_o365.jpg\",\"datePublished\":\"2020-04-29T06:42:43+00:00\",\"dateModified\":\"2025-06-25T11:06:59+00:00\",\"description\":\"Los escritorios virtuales son un PC virtual en la nube a cada usuario con las mismas aplicaciones y funciones que un PC f\u00edsico. Trabajamos en Terrassa\",\"breadcrumb\":{\"@id\":\"https:\\\/\\\/www.apen.es\\\/soluciones-cloud\\\/office-365\\\/office-365-terrassa\\\/#breadcrumb\"},\"inLanguage\":\"ca\",\"potentialAction\":[{\"@type\":\"ReadAction\",\"target\":[\"https:\\\/\\\/www.apen.es\\\/soluciones-cloud\\\/office-365\\\/office-365-terrassa\\\/\"]}]},{\"@type\":\"ImageObject\",\"inLanguage\":\"ca\",\"@id\":\"https:\\\/\\\/www.apen.es\\\/soluciones-cloud\\\/office-365\\\/office-365-terrassa\\\/#primaryimage\",\"url\":\"https:\\\/\\\/www.apen.es\\\/wp-content\\\/uploads\\\/2020\\\/04\\\/Parallax_o365.jpg\",\"contentUrl\":\"https:\\\/\\\/www.apen.es\\\/wp-content\\\/uploads\\\/2020\\\/04\\\/Parallax_o365.jpg\",\"width\":1920,\"height\":812},{\"@type\":\"BreadcrumbList\",\"@id\":\"https:\\\/\\\/www.apen.es\\\/soluciones-cloud\\\/office-365\\\/office-365-terrassa\\\/#breadcrumb\",\"itemListElement\":[{\"@type\":\"ListItem\",\"position\":1,\"name\":\"Portada\",\"item\":\"https:\\\/\\\/www.apen.es\\\/\"},{\"@type\":\"ListItem\",\"position\":2,\"name\":\"Soluciones Cloud\",\"item\":\"https:\\\/\\\/www.apen.es\\\/soluciones-cloud\\\/\"},{\"@type\":\"ListItem\",\"position\":3,\"name\":\"Office 365. Somos tu partner tecnol\u00f3gico\",\"item\":\"https:\\\/\\\/www.apen.es\\\/soluciones-cloud\\\/office-365\\\/\"},{\"@type\":\"ListItem\",\"position\":4,\"name\":\"Office 365 Terrassa\"}]},{\"@type\":\"WebSite\",\"@id\":\"https:\\\/\\\/www.apen.es\\\/#website\",\"url\":\"https:\\\/\\\/www.apen.es\\\/\",\"name\":\"Apen Inform\u00e1tica\",\"description\":\"Mantenimiento Inform\u00e1tico , Software de Gesti\u00f3n, Soluciones de impresi\u00f3n\",\"publisher\":{\"@id\":\"https:\\\/\\\/www.apen.es\\\/#organization\"},\"potentialAction\":[{\"@type\":\"SearchAction\",\"target\":{\"@type\":\"EntryPoint\",\"urlTemplate\":\"https:\\\/\\\/www.apen.es\\\/?s={search_term_string}\"},\"query-input\":{\"@type\":\"PropertyValueSpecification\",\"valueRequired\":true,\"valueName\":\"search_term_string\"}}],\"inLanguage\":\"ca\"},{\"@type\":\"Organization\",\"@id\":\"https:\\\/\\\/www.apen.es\\\/#organization\",\"name\":\"Apen: Soluciones inform\u00e1ticas\",\"url\":\"https:\\\/\\\/www.apen.es\\\/\",\"logo\":{\"@type\":\"ImageObject\",\"inLanguage\":\"ca\",\"@id\":\"https:\\\/\\\/www.apen.es\\\/#\\\/schema\\\/logo\\\/image\\\/\",\"url\":\"https:\\\/\\\/www.apen.es\\\/wp-content\\\/uploads\\\/2022\\\/08\\\/logo-apenok-231x82-1.png\",\"contentUrl\":\"https:\\\/\\\/www.apen.es\\\/wp-content\\\/uploads\\\/2022\\\/08\\\/logo-apenok-231x82-1.png\",\"width\":231,\"height\":82,\"caption\":\"Apen: Soluciones inform\u00e1ticas\"},\"image\":{\"@id\":\"https:\\\/\\\/www.apen.es\\\/#\\\/schema\\\/logo\\\/image\\\/\"},\"sameAs\":[\"https:\\\/\\\/www.facebook.com\\\/apensolucions\",\"https:\\\/\\\/www.youtube.com\\\/user\\\/ApenCentreInformatic\",\"https:\\\/\\\/www.linkedin.com\\\/company\\\/1021771?trk=tyah&trkInfo=clickedVerticalcompanyclickedEntityId1021771idx2-1-2tarId1464195271196tasapenin\"]}]}<\/script>\n<!-- \/ Yoast SEO plugin. -->","yoast_head_json":{"title":"Office 365 Terrassa - Apen Inform\u00e1tica","description":"Los escritorios virtuales son un PC virtual en la nube a cada usuario con las mismas aplicaciones y funciones que un PC f\u00edsico. Trabajamos en Terrassa","robots":{"index":"index","follow":"follow","max-snippet":"max-snippet:-1","max-image-preview":"max-image-preview:large","max-video-preview":"max-video-preview:-1"},"canonical":"https:\/\/www.apen.es\/ca\/soluciones-cloud\/office-365\/office-365-terrassa\/","og_locale":"ca_ES","og_type":"article","og_title":"Office 365 Terrassa - Apen Inform\u00e1tica","og_description":"Los escritorios virtuales son un PC virtual en la nube a cada usuario con las mismas aplicaciones y funciones que un PC f\u00edsico. Trabajamos en Terrassa","og_url":"https:\/\/www.apen.es\/ca\/soluciones-cloud\/office-365\/office-365-terrassa\/","og_site_name":"Apen Inform\u00e1tica","article_publisher":"https:\/\/www.facebook.com\/apensolucions","article_modified_time":"2025-06-25T11:06:59+00:00","og_image":[{"width":1920,"height":812,"url":"https:\/\/www.apen.es\/wp-content\/uploads\/2020\/04\/Parallax_o365.jpg","type":"image\/jpeg"}],"twitter_card":"summary_large_image","twitter_misc":{"Temps estimat de lectura":"5 minuts"},"schema":{"@context":"https:\/\/schema.org","@graph":[{"@type":"WebPage","@id":"https:\/\/www.apen.es\/soluciones-cloud\/office-365\/office-365-terrassa\/","url":"https:\/\/www.apen.es\/soluciones-cloud\/office-365\/office-365-terrassa\/","name":"Office 365 Terrassa - Apen Inform\u00e1tica","isPartOf":{"@id":"https:\/\/www.apen.es\/#website"},"primaryImageOfPage":{"@id":"https:\/\/www.apen.es\/soluciones-cloud\/office-365\/office-365-terrassa\/#primaryimage"},"image":{"@id":"https:\/\/www.apen.es\/soluciones-cloud\/office-365\/office-365-terrassa\/#primaryimage"},"thumbnailUrl":"https:\/\/www.apen.es\/wp-content\/uploads\/2020\/04\/Parallax_o365.jpg","datePublished":"2020-04-29T06:42:43+00:00","dateModified":"2025-06-25T11:06:59+00:00","description":"Los escritorios virtuales son un PC virtual en la nube a cada usuario con las mismas aplicaciones y funciones que un PC f\u00edsico. Trabajamos en Terrassa","breadcrumb":{"@id":"https:\/\/www.apen.es\/soluciones-cloud\/office-365\/office-365-terrassa\/#breadcrumb"},"inLanguage":"ca","potentialAction":[{"@type":"ReadAction","target":["https:\/\/www.apen.es\/soluciones-cloud\/office-365\/office-365-terrassa\/"]}]},{"@type":"ImageObject","inLanguage":"ca","@id":"https:\/\/www.apen.es\/soluciones-cloud\/office-365\/office-365-terrassa\/#primaryimage","url":"https:\/\/www.apen.es\/wp-content\/uploads\/2020\/04\/Parallax_o365.jpg","contentUrl":"https:\/\/www.apen.es\/wp-content\/uploads\/2020\/04\/Parallax_o365.jpg","width":1920,"height":812},{"@type":"BreadcrumbList","@id":"https:\/\/www.apen.es\/soluciones-cloud\/office-365\/office-365-terrassa\/#breadcrumb","itemListElement":[{"@type":"ListItem","position":1,"name":"Portada","item":"https:\/\/www.apen.es\/"},{"@type":"ListItem","position":2,"name":"Soluciones Cloud","item":"https:\/\/www.apen.es\/soluciones-cloud\/"},{"@type":"ListItem","position":3,"name":"Office 365. Somos tu partner tecnol\u00f3gico","item":"https:\/\/www.apen.es\/soluciones-cloud\/office-365\/"},{"@type":"ListItem","position":4,"name":"Office 365 Terrassa"}]},{"@type":"WebSite","@id":"https:\/\/www.apen.es\/#website","url":"https:\/\/www.apen.es\/","name":"Apen Inform\u00e0tica","description":"Manteniment inform\u00e0tic , programari de gesti\u00f3, solucions d&#039;impressi\u00f3","publisher":{"@id":"https:\/\/www.apen.es\/#organization"},"potentialAction":[{"@type":"SearchAction","target":{"@type":"EntryPoint","urlTemplate":"https:\/\/www.apen.es\/?s={search_term_string}"},"query-input":{"@type":"PropertyValueSpecification","valueRequired":true,"valueName":"search_term_string"}}],"inLanguage":"ca"},{"@type":"Organization","@id":"https:\/\/www.apen.es\/#organization","name":"Apen: Solucions inform\u00e0tiques","url":"https:\/\/www.apen.es\/","logo":{"@type":"ImageObject","inLanguage":"ca","@id":"https:\/\/www.apen.es\/#\/schema\/logo\/image\/","url":"https:\/\/www.apen.es\/wp-content\/uploads\/2022\/08\/logo-apenok-231x82-1.png","contentUrl":"https:\/\/www.apen.es\/wp-content\/uploads\/2022\/08\/logo-apenok-231x82-1.png","width":231,"height":82,"caption":"Apen: Soluciones inform\u00e1ticas"},"image":{"@id":"https:\/\/www.apen.es\/#\/schema\/logo\/image\/"},"sameAs":["https:\/\/www.facebook.com\/apensolucions","https:\/\/www.youtube.com\/user\/ApenCentreInformatic","https:\/\/www.linkedin.com\/company\/1021771?trk=tyah&trkInfo=clickedVerticalcompanyclickedEntityId1021771idx2-1-2tarId1464195271196tasapenin"]}]}},"taxonomy_info":[],"featured_image_src_large":["https:\/\/www.apen.es\/wp-content\/uploads\/2020\/04\/Parallax_o365-1024x433.jpg",1024,433,true],"author_info":{"display_name":"marqueting","author_link":"https:\/\/www.apen.es\/ca\/blog\/author\/marqueting\/"},"comment_info":0,"_links":{"self":[{"href":"https:\/\/www.apen.es\/ca\/wp-json\/wp\/v2\/pages\/16794","targetHints":{"allow":["GET"]}}],"collection":[{"href":"https:\/\/www.apen.es\/ca\/wp-json\/wp\/v2\/pages"}],"about":[{"href":"https:\/\/www.apen.es\/ca\/wp-json\/wp\/v2\/types\/page"}],"author":[{"embeddable":true,"href":"https:\/\/www.apen.es\/ca\/wp-json\/wp\/v2\/users\/4"}],"replies":[{"embeddable":true,"href":"https:\/\/www.apen.es\/ca\/wp-json\/wp\/v2\/comments?post=16794"}],"version-history":[{"count":1,"href":"https:\/\/www.apen.es\/ca\/wp-json\/wp\/v2\/pages\/16794\/revisions"}],"predecessor-version":[{"id":55638,"href":"https:\/\/www.apen.es\/ca\/wp-json\/wp\/v2\/pages\/16794\/revisions\/55638"}],"up":[{"embeddable":true,"href":"https:\/\/www.apen.es\/ca\/wp-json\/wp\/v2\/pages\/1978"}],"wp:featuredmedia":[{"embeddable":true,"href":"https:\/\/www.apen.es\/ca\/wp-json\/wp\/v2\/media\/16517"}],"wp:attachment":[{"href":"https:\/\/www.apen.es\/ca\/wp-json\/wp\/v2\/media?parent=16794"}],"curies":[{"name":"wp","href":"https:\/\/api.w.org\/{rel}","templated":true}]}}