{"id":16791,"date":"2020-04-29T06:38:51","date_gmt":"2020-04-29T06:38:51","guid":{"rendered":"https:\/\/www.apen.es\/?page_id=16791"},"modified":"2025-06-25T10:57:37","modified_gmt":"2025-06-25T10:57:37","slug":"office-365-mataro","status":"publish","type":"page","link":"https:\/\/www.apen.es\/ca\/soluciones-cloud\/office-365\/office-365-mataro\/","title":{"rendered":"Office 365 Matar\u00f3"},"content":{"rendered":"<p><strong>Office 365 Matar\u00f3<\/strong> \u00e9s la manera m\u00e9s intel\u00b7ligent d&#039;invertir els diners per a la teva empresa, ja que podr\u00e0s tenir una eina ofim\u00e0tica molt completa que compta amb tots aquells programes, prestacions i funcionalitats que necessites, actualitzades i completament adaptades a les necessitats de la teva empresa.<\/p>\n\n\n\n<p>Amb aquesta gran eina d&#039;ofim\u00e0tica podr\u00e0s realitzar tot tipus de tasques de forma intu\u00eftiva, eficient i fins i tot automatitzada, per fer que millori el rendiment de treball i optimitzar al m\u00e0xim l&#039;\u00fas dels recursos mitjan\u00e7ant fulls de c\u00e0lcul avan\u00e7ats, un correu professional, emmagatzemar la informaci\u00f3 i les dades m\u00e9s importants de l&#039;empresa al n\u00favol amb la m\u00e0xima seguretat, millorar la presa de decisions, aconseguir que la comunicaci\u00f3 interna sigui molt m\u00e9s moment, poder crear, compartir o editar fitxers des del n\u00favol, realitzar reunions o confer\u00e8ncies en l\u00ednia, gestionar les BBDD, millorar la imatge de marca o el servei al client, etc.<\/p>\n\n\n\n<p>\u00c9s una manera d&#039;obtenir beneficis qualitatius i quantitatius per a l&#039;empresa, ja sigui petita, mitjana o gran, d&#039;una manera senzilla, efica\u00e7 i segura, ja que a les teves dades nom\u00e9s hi podr\u00e0 accedir Microsoft, nosaltres i tu mateix, per tal de supervisar i controlar que tot estigui b\u00e9 i aportar la m\u00e0xima seguretat possible. D&#039;aquesta manera, podrem prestar un suport t\u00e8cnic sempre que ho necessitis i el m\u00e9s aviat possible, ja que a Apen portem m\u00e9s de 25 anys com a especialistes en el manteniment i la seguretat inform\u00e0tica.<\/p>\n\n\n\n<p>Som distribu\u00efdors oficials de <strong>Office 365 Matar\u00f3<\/strong> i, per aquest motiu, et podem assegurar que es tracta d&#039;una de les millors inversions per a la teva pime, amb la qual aconseguir\u00e0s grans avantatges i beneficis des del primer dia, a m\u00e9s de gaudir de programes que s&#039;adapten a les necessitats de l&#039;empresa i que es van evolucionant i actualitzant a mesura que sigui necessari.<\/p>\n\n\n\n<p>A Apen oferirem cursos formatius, per tractar de resoldre dubtes i ensenyar, de forma adaptada a cada pime amb diferents nivells de dificultat, com funciona cadascun dels programes i com treure&#039;n el m\u00e0xim profit a <strong>Office 365 Matar\u00f3<\/strong>. D&#039;aquesta manera, us podrem ajudar a optimitzar tots els recursos i tamb\u00e9 estarem al vostre costat, en qualsevol moment que necessiteu, per rebre assessorament o ajuda t\u00e8cnica o relacionada amb el manteniment o la seguretat inform\u00e0tica.<\/p>\n\n\n\n<p>Per con\u00e8ixer tota la informaci\u00f3 sobre <strong>Office 365 Matar\u00f3<\/strong>, et convidem a visitar la nostra p\u00e0gina web, on podr\u00e0s veure detalladament en qu\u00e8 consisteix. Tamb\u00e9 us presentem altres serveis pensats per millorar la gesti\u00f3 empresarial, com poden ser les solucions d&#039;impressi\u00f3, les c\u00f2pies de seguretat, el r\u00e8nting tecnol\u00f2gic o la implantaci\u00f3 d&#039;un sistema de gesti\u00f3 empresarial anomenat a3ERP.<\/p>","protected":false},"excerpt":{"rendered":"<p>Office 365 Matar\u00f3 es la manera m\u00e1s inteligente de invertir el dinero para tu empresa, ya que podr\u00e1s disponer de una herramienta ofim\u00e1tica muy completa que cuenta con todos aquellos programas, prestaciones y funcionalidades que necesitas, actualizadas y completamente adaptadas a las necesidades de tu empresa. Con esta gran herramienta de ofim\u00e1tica podr\u00e1s realizar todo&#8230;<\/p>","protected":false},"author":4,"featured_media":16517,"parent":1978,"menu_order":0,"comment_status":"closed","ping_status":"closed","template":"page-landing-microsoft-365.php","meta":{"_acf_changed":false,"_kad_blocks_custom_css":"","_kad_blocks_head_custom_js":"","_kad_blocks_body_custom_js":"","_kad_blocks_footer_custom_js":"","_kad_post_transparent":"","_kad_post_title":"","_kad_post_layout":"","_kad_post_sidebar_id":"","_kad_post_content_style":"","_kad_post_vertical_padding":"","_kad_post_feature":"","_kad_post_feature_position":"","_kad_post_header":false,"_kad_post_footer":false,"_kad_post_classname":"","footnotes":""},"class_list":["post-16791","page","type-page","status-publish","has-post-thumbnail","hentry"],"acf":[],"yoast_head":"<!-- This site is optimized with the Yoast SEO plugin v27.4 - https:\/\/yoast.com\/product\/yoast-seo-wordpress\/ -->\n<title>Office 365 Matar\u00f3 - Apen Inform\u00e1tica<\/title>\n<meta name=\"description\" content=\"Los escritorios virtuales son un PC virtual en la nube a cada usuario con las mismas aplicaciones y funciones que un PC f\u00edsico. Trabajamos en Matar\u00f3\" \/>\n<meta name=\"robots\" content=\"index, follow, max-snippet:-1, max-image-preview:large, max-video-preview:-1\" \/>\n<link rel=\"canonical\" href=\"https:\/\/www.apen.es\/ca\/soluciones-cloud\/office-365\/office-365-mataro\/\" \/>\n<meta property=\"og:locale\" content=\"ca_ES\" \/>\n<meta property=\"og:type\" content=\"article\" \/>\n<meta property=\"og:title\" content=\"Office 365 Matar\u00f3 - Apen Inform\u00e1tica\" \/>\n<meta property=\"og:description\" content=\"Los escritorios virtuales son un PC virtual en la nube a cada usuario con las mismas aplicaciones y funciones que un PC f\u00edsico. Trabajamos en Matar\u00f3\" \/>\n<meta property=\"og:url\" content=\"https:\/\/www.apen.es\/ca\/soluciones-cloud\/office-365\/office-365-mataro\/\" \/>\n<meta property=\"og:site_name\" content=\"Apen Inform\u00e1tica\" \/>\n<meta property=\"article:publisher\" content=\"https:\/\/www.facebook.com\/apensolucions\" \/>\n<meta property=\"article:modified_time\" content=\"2025-06-25T10:57:37+00:00\" \/>\n<meta property=\"og:image\" content=\"https:\/\/www.apen.es\/wp-content\/uploads\/2020\/04\/Parallax_o365.jpg\" \/>\n\t<meta property=\"og:image:width\" content=\"1920\" \/>\n\t<meta property=\"og:image:height\" content=\"812\" \/>\n\t<meta property=\"og:image:type\" content=\"image\/jpeg\" \/>\n<meta name=\"twitter:card\" content=\"summary_large_image\" \/>\n<meta name=\"twitter:label1\" content=\"Temps estimat de lectura\" \/>\n\t<meta name=\"twitter:data1\" content=\"5 minuts\" \/>\n<script type=\"application\/ld+json\" class=\"yoast-schema-graph\">{\"@context\":\"https:\\\/\\\/schema.org\",\"@graph\":[{\"@type\":\"WebPage\",\"@id\":\"https:\\\/\\\/www.apen.es\\\/soluciones-cloud\\\/office-365\\\/office-365-mataro\\\/\",\"url\":\"https:\\\/\\\/www.apen.es\\\/soluciones-cloud\\\/office-365\\\/office-365-mataro\\\/\",\"name\":\"Office 365 Matar\u00f3 - Apen Inform\u00e1tica\",\"isPartOf\":{\"@id\":\"https:\\\/\\\/www.apen.es\\\/#website\"},\"primaryImageOfPage\":{\"@id\":\"https:\\\/\\\/www.apen.es\\\/soluciones-cloud\\\/office-365\\\/office-365-mataro\\\/#primaryimage\"},\"image\":{\"@id\":\"https:\\\/\\\/www.apen.es\\\/soluciones-cloud\\\/office-365\\\/office-365-mataro\\\/#primaryimage\"},\"thumbnailUrl\":\"https:\\\/\\\/www.apen.es\\\/wp-content\\\/uploads\\\/2020\\\/04\\\/Parallax_o365.jpg\",\"datePublished\":\"2020-04-29T06:38:51+00:00\",\"dateModified\":\"2025-06-25T10:57:37+00:00\",\"description\":\"Los escritorios virtuales son un PC virtual en la nube a cada usuario con las mismas aplicaciones y funciones que un PC f\u00edsico. Trabajamos en Matar\u00f3\",\"breadcrumb\":{\"@id\":\"https:\\\/\\\/www.apen.es\\\/soluciones-cloud\\\/office-365\\\/office-365-mataro\\\/#breadcrumb\"},\"inLanguage\":\"ca\",\"potentialAction\":[{\"@type\":\"ReadAction\",\"target\":[\"https:\\\/\\\/www.apen.es\\\/soluciones-cloud\\\/office-365\\\/office-365-mataro\\\/\"]}]},{\"@type\":\"ImageObject\",\"inLanguage\":\"ca\",\"@id\":\"https:\\\/\\\/www.apen.es\\\/soluciones-cloud\\\/office-365\\\/office-365-mataro\\\/#primaryimage\",\"url\":\"https:\\\/\\\/www.apen.es\\\/wp-content\\\/uploads\\\/2020\\\/04\\\/Parallax_o365.jpg\",\"contentUrl\":\"https:\\\/\\\/www.apen.es\\\/wp-content\\\/uploads\\\/2020\\\/04\\\/Parallax_o365.jpg\",\"width\":1920,\"height\":812},{\"@type\":\"BreadcrumbList\",\"@id\":\"https:\\\/\\\/www.apen.es\\\/soluciones-cloud\\\/office-365\\\/office-365-mataro\\\/#breadcrumb\",\"itemListElement\":[{\"@type\":\"ListItem\",\"position\":1,\"name\":\"Portada\",\"item\":\"https:\\\/\\\/www.apen.es\\\/\"},{\"@type\":\"ListItem\",\"position\":2,\"name\":\"Soluciones Cloud\",\"item\":\"https:\\\/\\\/www.apen.es\\\/soluciones-cloud\\\/\"},{\"@type\":\"ListItem\",\"position\":3,\"name\":\"Office 365. Somos tu partner tecnol\u00f3gico\",\"item\":\"https:\\\/\\\/www.apen.es\\\/soluciones-cloud\\\/office-365\\\/\"},{\"@type\":\"ListItem\",\"position\":4,\"name\":\"Office 365 Matar\u00f3\"}]},{\"@type\":\"WebSite\",\"@id\":\"https:\\\/\\\/www.apen.es\\\/#website\",\"url\":\"https:\\\/\\\/www.apen.es\\\/\",\"name\":\"Apen Inform\u00e1tica\",\"description\":\"Mantenimiento Inform\u00e1tico , Software de Gesti\u00f3n, Soluciones de impresi\u00f3n\",\"publisher\":{\"@id\":\"https:\\\/\\\/www.apen.es\\\/#organization\"},\"potentialAction\":[{\"@type\":\"SearchAction\",\"target\":{\"@type\":\"EntryPoint\",\"urlTemplate\":\"https:\\\/\\\/www.apen.es\\\/?s={search_term_string}\"},\"query-input\":{\"@type\":\"PropertyValueSpecification\",\"valueRequired\":true,\"valueName\":\"search_term_string\"}}],\"inLanguage\":\"ca\"},{\"@type\":\"Organization\",\"@id\":\"https:\\\/\\\/www.apen.es\\\/#organization\",\"name\":\"Apen: Soluciones inform\u00e1ticas\",\"url\":\"https:\\\/\\\/www.apen.es\\\/\",\"logo\":{\"@type\":\"ImageObject\",\"inLanguage\":\"ca\",\"@id\":\"https:\\\/\\\/www.apen.es\\\/#\\\/schema\\\/logo\\\/image\\\/\",\"url\":\"https:\\\/\\\/www.apen.es\\\/wp-content\\\/uploads\\\/2022\\\/08\\\/logo-apenok-231x82-1.png\",\"contentUrl\":\"https:\\\/\\\/www.apen.es\\\/wp-content\\\/uploads\\\/2022\\\/08\\\/logo-apenok-231x82-1.png\",\"width\":231,\"height\":82,\"caption\":\"Apen: Soluciones inform\u00e1ticas\"},\"image\":{\"@id\":\"https:\\\/\\\/www.apen.es\\\/#\\\/schema\\\/logo\\\/image\\\/\"},\"sameAs\":[\"https:\\\/\\\/www.facebook.com\\\/apensolucions\",\"https:\\\/\\\/www.youtube.com\\\/user\\\/ApenCentreInformatic\",\"https:\\\/\\\/www.linkedin.com\\\/company\\\/1021771?trk=tyah&trkInfo=clickedVerticalcompanyclickedEntityId1021771idx2-1-2tarId1464195271196tasapenin\"]}]}<\/script>\n<!-- \/ Yoast SEO plugin. -->","yoast_head_json":{"title":"Office 365 Matar\u00f3 - Apen Inform\u00e1tica","description":"Los escritorios virtuales son un PC virtual en la nube a cada usuario con las mismas aplicaciones y funciones que un PC f\u00edsico. Trabajamos en Matar\u00f3","robots":{"index":"index","follow":"follow","max-snippet":"max-snippet:-1","max-image-preview":"max-image-preview:large","max-video-preview":"max-video-preview:-1"},"canonical":"https:\/\/www.apen.es\/ca\/soluciones-cloud\/office-365\/office-365-mataro\/","og_locale":"ca_ES","og_type":"article","og_title":"Office 365 Matar\u00f3 - Apen Inform\u00e1tica","og_description":"Los escritorios virtuales son un PC virtual en la nube a cada usuario con las mismas aplicaciones y funciones que un PC f\u00edsico. Trabajamos en Matar\u00f3","og_url":"https:\/\/www.apen.es\/ca\/soluciones-cloud\/office-365\/office-365-mataro\/","og_site_name":"Apen Inform\u00e1tica","article_publisher":"https:\/\/www.facebook.com\/apensolucions","article_modified_time":"2025-06-25T10:57:37+00:00","og_image":[{"width":1920,"height":812,"url":"https:\/\/www.apen.es\/wp-content\/uploads\/2020\/04\/Parallax_o365.jpg","type":"image\/jpeg"}],"twitter_card":"summary_large_image","twitter_misc":{"Temps estimat de lectura":"5 minuts"},"schema":{"@context":"https:\/\/schema.org","@graph":[{"@type":"WebPage","@id":"https:\/\/www.apen.es\/soluciones-cloud\/office-365\/office-365-mataro\/","url":"https:\/\/www.apen.es\/soluciones-cloud\/office-365\/office-365-mataro\/","name":"Office 365 Matar\u00f3 - Apen Inform\u00e1tica","isPartOf":{"@id":"https:\/\/www.apen.es\/#website"},"primaryImageOfPage":{"@id":"https:\/\/www.apen.es\/soluciones-cloud\/office-365\/office-365-mataro\/#primaryimage"},"image":{"@id":"https:\/\/www.apen.es\/soluciones-cloud\/office-365\/office-365-mataro\/#primaryimage"},"thumbnailUrl":"https:\/\/www.apen.es\/wp-content\/uploads\/2020\/04\/Parallax_o365.jpg","datePublished":"2020-04-29T06:38:51+00:00","dateModified":"2025-06-25T10:57:37+00:00","description":"Los escritorios virtuales son un PC virtual en la nube a cada usuario con las mismas aplicaciones y funciones que un PC f\u00edsico. Trabajamos en Matar\u00f3","breadcrumb":{"@id":"https:\/\/www.apen.es\/soluciones-cloud\/office-365\/office-365-mataro\/#breadcrumb"},"inLanguage":"ca","potentialAction":[{"@type":"ReadAction","target":["https:\/\/www.apen.es\/soluciones-cloud\/office-365\/office-365-mataro\/"]}]},{"@type":"ImageObject","inLanguage":"ca","@id":"https:\/\/www.apen.es\/soluciones-cloud\/office-365\/office-365-mataro\/#primaryimage","url":"https:\/\/www.apen.es\/wp-content\/uploads\/2020\/04\/Parallax_o365.jpg","contentUrl":"https:\/\/www.apen.es\/wp-content\/uploads\/2020\/04\/Parallax_o365.jpg","width":1920,"height":812},{"@type":"BreadcrumbList","@id":"https:\/\/www.apen.es\/soluciones-cloud\/office-365\/office-365-mataro\/#breadcrumb","itemListElement":[{"@type":"ListItem","position":1,"name":"Portada","item":"https:\/\/www.apen.es\/"},{"@type":"ListItem","position":2,"name":"Soluciones Cloud","item":"https:\/\/www.apen.es\/soluciones-cloud\/"},{"@type":"ListItem","position":3,"name":"Office 365. Somos tu partner tecnol\u00f3gico","item":"https:\/\/www.apen.es\/soluciones-cloud\/office-365\/"},{"@type":"ListItem","position":4,"name":"Office 365 Matar\u00f3"}]},{"@type":"WebSite","@id":"https:\/\/www.apen.es\/#website","url":"https:\/\/www.apen.es\/","name":"Apen Inform\u00e0tica","description":"Manteniment inform\u00e0tic , programari de gesti\u00f3, solucions d&#039;impressi\u00f3","publisher":{"@id":"https:\/\/www.apen.es\/#organization"},"potentialAction":[{"@type":"SearchAction","target":{"@type":"EntryPoint","urlTemplate":"https:\/\/www.apen.es\/?s={search_term_string}"},"query-input":{"@type":"PropertyValueSpecification","valueRequired":true,"valueName":"search_term_string"}}],"inLanguage":"ca"},{"@type":"Organization","@id":"https:\/\/www.apen.es\/#organization","name":"Apen: Solucions inform\u00e0tiques","url":"https:\/\/www.apen.es\/","logo":{"@type":"ImageObject","inLanguage":"ca","@id":"https:\/\/www.apen.es\/#\/schema\/logo\/image\/","url":"https:\/\/www.apen.es\/wp-content\/uploads\/2022\/08\/logo-apenok-231x82-1.png","contentUrl":"https:\/\/www.apen.es\/wp-content\/uploads\/2022\/08\/logo-apenok-231x82-1.png","width":231,"height":82,"caption":"Apen: Soluciones inform\u00e1ticas"},"image":{"@id":"https:\/\/www.apen.es\/#\/schema\/logo\/image\/"},"sameAs":["https:\/\/www.facebook.com\/apensolucions","https:\/\/www.youtube.com\/user\/ApenCentreInformatic","https:\/\/www.linkedin.com\/company\/1021771?trk=tyah&trkInfo=clickedVerticalcompanyclickedEntityId1021771idx2-1-2tarId1464195271196tasapenin"]}]}},"taxonomy_info":[],"featured_image_src_large":["https:\/\/www.apen.es\/wp-content\/uploads\/2020\/04\/Parallax_o365-1024x433.jpg",1024,433,true],"author_info":{"display_name":"marqueting","author_link":"https:\/\/www.apen.es\/ca\/blog\/author\/marqueting\/"},"comment_info":0,"_links":{"self":[{"href":"https:\/\/www.apen.es\/ca\/wp-json\/wp\/v2\/pages\/16791","targetHints":{"allow":["GET"]}}],"collection":[{"href":"https:\/\/www.apen.es\/ca\/wp-json\/wp\/v2\/pages"}],"about":[{"href":"https:\/\/www.apen.es\/ca\/wp-json\/wp\/v2\/types\/page"}],"author":[{"embeddable":true,"href":"https:\/\/www.apen.es\/ca\/wp-json\/wp\/v2\/users\/4"}],"replies":[{"embeddable":true,"href":"https:\/\/www.apen.es\/ca\/wp-json\/wp\/v2\/comments?post=16791"}],"version-history":[{"count":3,"href":"https:\/\/www.apen.es\/ca\/wp-json\/wp\/v2\/pages\/16791\/revisions"}],"predecessor-version":[{"id":55629,"href":"https:\/\/www.apen.es\/ca\/wp-json\/wp\/v2\/pages\/16791\/revisions\/55629"}],"up":[{"embeddable":true,"href":"https:\/\/www.apen.es\/ca\/wp-json\/wp\/v2\/pages\/1978"}],"wp:featuredmedia":[{"embeddable":true,"href":"https:\/\/www.apen.es\/ca\/wp-json\/wp\/v2\/media\/16517"}],"wp:attachment":[{"href":"https:\/\/www.apen.es\/ca\/wp-json\/wp\/v2\/media?parent=16791"}],"curies":[{"name":"wp","href":"https:\/\/api.w.org\/{rel}","templated":true}]}}