{"id":16463,"date":"2020-04-02T10:35:58","date_gmt":"2020-04-02T10:35:58","guid":{"rendered":"https:\/\/www.apen.es\/?page_id=16463"},"modified":"2025-07-16T10:03:45","modified_gmt":"2025-07-16T10:03:45","slug":"distribuidor-office-365","status":"publish","type":"page","link":"https:\/\/www.apen.es\/ca\/soluciones-cloud\/office-365\/distribuidor-office-365\/","title":{"rendered":"Distribu\u00efdor Office 365"},"content":{"rendered":"<p>Com <strong>distribu\u00efdor<\/strong> oficial de <strong>Office 365<\/strong>, des d&#039;Apen podem assegurar-te que es tracta d&#039;una eina que potencia la creativitat de les empreses i que aplega tots els programes necessaris per comptar amb una bona gesti\u00f3 empresarial.<\/p>\n\n\n\n<p>Amb la nostra experi\u00e8ncia com <strong>distribu\u00efdor<\/strong> de <strong>Office 365<\/strong> podem ajudar les pimes que ho necessitin, per disposar de les millors eines ofim\u00e0tiques del mercat i, a m\u00e9s, les podem adaptar a les vostres necessitats. Amb Office 365 el client pot tenir tota la seva oficina al n\u00favol, \u00e9s a dir, disposar de totes les dades i informacions importants de la pime en qualsevol moment i des de qualsevol dispositiu, amb la comoditat que aix\u00f2 suposa, l&#039;accessibilitat i la seguretat de comptar amb tota la informaci\u00f3 en el moment que la necessiti, d&#039;una forma clara i ben organitzada.<\/p>\n\n\n\n<p>Com <strong>distribu\u00efdor<\/strong> de <strong>Office 365<\/strong> us proposem dues eines molt funcionals per a qualsevol pime, com \u00e9s Office Web Apps, per crear, emmagatzemar o editar documents Office en l\u00ednia i tamb\u00e9 Office Pro Plus, que serveix per optimitzar l&#039;Office que ja coneixes. Podr\u00e0s connectar amb els companys a trav\u00e9s de missatgeria, Lync, confer\u00e8ncies o reunions virtuals i, mitjan\u00e7ant Sharepoint, tamb\u00e9 \u00e9s possible crear i tenir un lloc web professional per a la pime, a m\u00e9s d&#039;una intranet corporativa.<\/p>\n\n\n\n<p>Des d&#039;Apen, et podem garantir la major seguretat, ja que a m\u00e9s som experts en manteniment i seguretat inform\u00e0tica. Les teves dades nom\u00e9s seran gestionades per tu mateix, Microsoft o Apen, en cas que calgu\u00e9s intervenir. Des d\u00b4Apen de proposem gaudir de tots els avantatges d\u00b4aquesta gran eina ofim\u00e0tica d\u00b4una forma econ\u00f2mica i sense necessitat de fer una inversi\u00f3 inicial, ja que nom\u00e9s haur\u00e0s de pagar per all\u00f2 que utilitzis, un nou model de finan\u00e7ament que ens sembla m\u00e9s just i assequible per a totes les pimes.<\/p>\n\n\n\n<p>A Apen, com <strong>distribu\u00efdor<\/strong> oficial de <strong>Office 365<\/strong> podr\u00e0s trobar propostes personalitzades, basades en tres grans grups, com \u00e9s l&#039;Office 365 Empresa Essentials (Acc\u00e9s a les aplicacions b\u00e0siques d&#039;oficina i documents des dels diferents dispositius, versions en l\u00ednia de Word, Excel, OneNote o Power Point), Office 365 Empresa (Serveis est\u00e0ndard One Drive per a negocis amb emmagatzematge de documents l\u00ednia, Share Point i xarxes socials privades d&#039;empresa amb Yammer) i Office Empresa Premium (al qual s&#039;afegeixen altres valors com la garantia d&#039;operativitat del 99%, suport telef\u00f2nic 24\/7 o la sincronitzaci\u00f3 d&#039;Active Directory a les instal\u00b7lacions d&#039;inici de sessi\u00f3 \u00fanica)<\/p>\n\n\n\n<p>Estem segurs que des d&#039;Apen podrem trobar la millor resposta ofim\u00e0tica per a la vostra empresa, gr\u00e0cies a totes les prestacions i actualitzacions que ofereix aquesta eina, podent disposar d&#039;un sistema eficient i adaptat a les vostres necessitats ia les de la vostra empresa.<\/p>","protected":false},"excerpt":{"rendered":"<p>Como distribuidor oficial de Office 365, desde Apen podemos asegurarte que se trata de una herramienta que potencia la creatividad de las empresas y que re\u00fane todos los programas necesarios, para contar con una buena gesti\u00f3n empresarial. Con nuestra experiencia como distribuidor de Office 365 podemos ayudar a las pymes que lo necesiten, para disponer&#8230;<\/p>","protected":false},"author":4,"featured_media":0,"parent":1978,"menu_order":0,"comment_status":"closed","ping_status":"closed","template":"page-landing-microsoft-365.php","meta":{"_acf_changed":false,"_kad_blocks_custom_css":"","_kad_blocks_head_custom_js":"","_kad_blocks_body_custom_js":"","_kad_blocks_footer_custom_js":"","_kad_post_transparent":"","_kad_post_title":"","_kad_post_layout":"","_kad_post_sidebar_id":"","_kad_post_content_style":"","_kad_post_vertical_padding":"","_kad_post_feature":"","_kad_post_feature_position":"","_kad_post_header":false,"_kad_post_footer":false,"_kad_post_classname":"","footnotes":""},"class_list":["post-16463","page","type-page","status-publish","hentry"],"acf":[],"yoast_head":"<!-- This site is optimized with the Yoast SEO plugin v27.4 - https:\/\/yoast.com\/product\/yoast-seo-wordpress\/ -->\n<title>Distribuidor Office 365 - Apen Inform\u00e1tica<\/title>\n<meta name=\"description\" content=\"Apen es distribuidor oficial de Office 365. La suite de herramientas ofim\u00e1ticas, de correo y de colaboraci\u00f3n m\u00e1s reconocida del mercado. Conf\u00eda en Apen.\" \/>\n<meta name=\"robots\" content=\"index, follow, max-snippet:-1, max-image-preview:large, max-video-preview:-1\" \/>\n<link rel=\"canonical\" href=\"https:\/\/www.apen.es\/ca\/soluciones-cloud\/office-365\/distribuidor-office-365\/\" \/>\n<meta property=\"og:locale\" content=\"ca_ES\" \/>\n<meta property=\"og:type\" content=\"article\" \/>\n<meta property=\"og:title\" content=\"Distribuidor Office 365 - Apen Inform\u00e1tica\" \/>\n<meta property=\"og:description\" content=\"Apen es distribuidor oficial de Office 365. La suite de herramientas ofim\u00e1ticas, de correo y de colaboraci\u00f3n m\u00e1s reconocida del mercado. Conf\u00eda en Apen.\" \/>\n<meta property=\"og:url\" content=\"https:\/\/www.apen.es\/ca\/soluciones-cloud\/office-365\/distribuidor-office-365\/\" \/>\n<meta property=\"og:site_name\" content=\"Apen Inform\u00e1tica\" \/>\n<meta property=\"article:publisher\" content=\"https:\/\/www.facebook.com\/apensolucions\" \/>\n<meta property=\"article:modified_time\" content=\"2025-07-16T10:03:45+00:00\" \/>\n<meta property=\"og:image\" content=\"https:\/\/www.apen.es\/wp-content\/uploads\/2016\/05\/logo-apen-231x82-trasparent.png\" \/>\n\t<meta property=\"og:image:width\" content=\"231\" \/>\n\t<meta property=\"og:image:height\" content=\"82\" \/>\n\t<meta property=\"og:image:type\" content=\"image\/png\" \/>\n<meta name=\"twitter:card\" content=\"summary_large_image\" \/>\n<meta name=\"twitter:label1\" content=\"Temps estimat de lectura\" \/>\n\t<meta name=\"twitter:data1\" content=\"5 minuts\" \/>\n<script type=\"application\/ld+json\" class=\"yoast-schema-graph\">{\"@context\":\"https:\\\/\\\/schema.org\",\"@graph\":[{\"@type\":\"WebPage\",\"@id\":\"https:\\\/\\\/www.apen.es\\\/soluciones-cloud\\\/office-365\\\/distribuidor-office-365\\\/\",\"url\":\"https:\\\/\\\/www.apen.es\\\/soluciones-cloud\\\/office-365\\\/distribuidor-office-365\\\/\",\"name\":\"Distribuidor Office 365 - Apen Inform\u00e1tica\",\"isPartOf\":{\"@id\":\"https:\\\/\\\/www.apen.es\\\/#website\"},\"datePublished\":\"2020-04-02T10:35:58+00:00\",\"dateModified\":\"2025-07-16T10:03:45+00:00\",\"description\":\"Apen es distribuidor oficial de Office 365. La suite de herramientas ofim\u00e1ticas, de correo y de colaboraci\u00f3n m\u00e1s reconocida del mercado. Conf\u00eda en Apen.\",\"breadcrumb\":{\"@id\":\"https:\\\/\\\/www.apen.es\\\/soluciones-cloud\\\/office-365\\\/distribuidor-office-365\\\/#breadcrumb\"},\"inLanguage\":\"ca\",\"potentialAction\":[{\"@type\":\"ReadAction\",\"target\":[\"https:\\\/\\\/www.apen.es\\\/soluciones-cloud\\\/office-365\\\/distribuidor-office-365\\\/\"]}]},{\"@type\":\"BreadcrumbList\",\"@id\":\"https:\\\/\\\/www.apen.es\\\/soluciones-cloud\\\/office-365\\\/distribuidor-office-365\\\/#breadcrumb\",\"itemListElement\":[{\"@type\":\"ListItem\",\"position\":1,\"name\":\"Portada\",\"item\":\"https:\\\/\\\/www.apen.es\\\/\"},{\"@type\":\"ListItem\",\"position\":2,\"name\":\"Soluciones Cloud\",\"item\":\"https:\\\/\\\/www.apen.es\\\/soluciones-cloud\\\/\"},{\"@type\":\"ListItem\",\"position\":3,\"name\":\"Office 365. Somos tu partner tecnol\u00f3gico\",\"item\":\"https:\\\/\\\/www.apen.es\\\/soluciones-cloud\\\/office-365\\\/\"},{\"@type\":\"ListItem\",\"position\":4,\"name\":\"Distribuidor Office 365\"}]},{\"@type\":\"WebSite\",\"@id\":\"https:\\\/\\\/www.apen.es\\\/#website\",\"url\":\"https:\\\/\\\/www.apen.es\\\/\",\"name\":\"Apen Inform\u00e1tica\",\"description\":\"Mantenimiento Inform\u00e1tico , Software de Gesti\u00f3n, Soluciones de impresi\u00f3n\",\"publisher\":{\"@id\":\"https:\\\/\\\/www.apen.es\\\/#organization\"},\"potentialAction\":[{\"@type\":\"SearchAction\",\"target\":{\"@type\":\"EntryPoint\",\"urlTemplate\":\"https:\\\/\\\/www.apen.es\\\/?s={search_term_string}\"},\"query-input\":{\"@type\":\"PropertyValueSpecification\",\"valueRequired\":true,\"valueName\":\"search_term_string\"}}],\"inLanguage\":\"ca\"},{\"@type\":\"Organization\",\"@id\":\"https:\\\/\\\/www.apen.es\\\/#organization\",\"name\":\"Apen: Soluciones inform\u00e1ticas\",\"url\":\"https:\\\/\\\/www.apen.es\\\/\",\"logo\":{\"@type\":\"ImageObject\",\"inLanguage\":\"ca\",\"@id\":\"https:\\\/\\\/www.apen.es\\\/#\\\/schema\\\/logo\\\/image\\\/\",\"url\":\"https:\\\/\\\/www.apen.es\\\/wp-content\\\/uploads\\\/2022\\\/08\\\/logo-apenok-231x82-1.png\",\"contentUrl\":\"https:\\\/\\\/www.apen.es\\\/wp-content\\\/uploads\\\/2022\\\/08\\\/logo-apenok-231x82-1.png\",\"width\":231,\"height\":82,\"caption\":\"Apen: Soluciones inform\u00e1ticas\"},\"image\":{\"@id\":\"https:\\\/\\\/www.apen.es\\\/#\\\/schema\\\/logo\\\/image\\\/\"},\"sameAs\":[\"https:\\\/\\\/www.facebook.com\\\/apensolucions\",\"https:\\\/\\\/www.youtube.com\\\/user\\\/ApenCentreInformatic\",\"https:\\\/\\\/www.linkedin.com\\\/company\\\/1021771?trk=tyah&trkInfo=clickedVerticalcompanyclickedEntityId1021771idx2-1-2tarId1464195271196tasapenin\"]}]}<\/script>\n<!-- \/ Yoast SEO plugin. -->","yoast_head_json":{"title":"Distribuidor Office 365 - Apen Inform\u00e1tica","description":"Apen es distribuidor oficial de Office 365. La suite de herramientas ofim\u00e1ticas, de correo y de colaboraci\u00f3n m\u00e1s reconocida del mercado. Conf\u00eda en Apen.","robots":{"index":"index","follow":"follow","max-snippet":"max-snippet:-1","max-image-preview":"max-image-preview:large","max-video-preview":"max-video-preview:-1"},"canonical":"https:\/\/www.apen.es\/ca\/soluciones-cloud\/office-365\/distribuidor-office-365\/","og_locale":"ca_ES","og_type":"article","og_title":"Distribuidor Office 365 - Apen Inform\u00e1tica","og_description":"Apen es distribuidor oficial de Office 365. La suite de herramientas ofim\u00e1ticas, de correo y de colaboraci\u00f3n m\u00e1s reconocida del mercado. Conf\u00eda en Apen.","og_url":"https:\/\/www.apen.es\/ca\/soluciones-cloud\/office-365\/distribuidor-office-365\/","og_site_name":"Apen Inform\u00e1tica","article_publisher":"https:\/\/www.facebook.com\/apensolucions","article_modified_time":"2025-07-16T10:03:45+00:00","og_image":[{"width":231,"height":82,"url":"https:\/\/www.apen.es\/wp-content\/uploads\/2016\/05\/logo-apen-231x82-trasparent.png","type":"image\/png"}],"twitter_card":"summary_large_image","twitter_misc":{"Temps estimat de lectura":"5 minuts"},"schema":{"@context":"https:\/\/schema.org","@graph":[{"@type":"WebPage","@id":"https:\/\/www.apen.es\/soluciones-cloud\/office-365\/distribuidor-office-365\/","url":"https:\/\/www.apen.es\/soluciones-cloud\/office-365\/distribuidor-office-365\/","name":"Distribuidor Office 365 - Apen Inform\u00e1tica","isPartOf":{"@id":"https:\/\/www.apen.es\/#website"},"datePublished":"2020-04-02T10:35:58+00:00","dateModified":"2025-07-16T10:03:45+00:00","description":"Apen es distribuidor oficial de Office 365. La suite de herramientas ofim\u00e1ticas, de correo y de colaboraci\u00f3n m\u00e1s reconocida del mercado. Conf\u00eda en Apen.","breadcrumb":{"@id":"https:\/\/www.apen.es\/soluciones-cloud\/office-365\/distribuidor-office-365\/#breadcrumb"},"inLanguage":"ca","potentialAction":[{"@type":"ReadAction","target":["https:\/\/www.apen.es\/soluciones-cloud\/office-365\/distribuidor-office-365\/"]}]},{"@type":"BreadcrumbList","@id":"https:\/\/www.apen.es\/soluciones-cloud\/office-365\/distribuidor-office-365\/#breadcrumb","itemListElement":[{"@type":"ListItem","position":1,"name":"Portada","item":"https:\/\/www.apen.es\/"},{"@type":"ListItem","position":2,"name":"Soluciones Cloud","item":"https:\/\/www.apen.es\/soluciones-cloud\/"},{"@type":"ListItem","position":3,"name":"Office 365. Somos tu partner tecnol\u00f3gico","item":"https:\/\/www.apen.es\/soluciones-cloud\/office-365\/"},{"@type":"ListItem","position":4,"name":"Distribuidor Office 365"}]},{"@type":"WebSite","@id":"https:\/\/www.apen.es\/#website","url":"https:\/\/www.apen.es\/","name":"Apen Inform\u00e0tica","description":"Manteniment inform\u00e0tic , programari de gesti\u00f3, solucions d&#039;impressi\u00f3","publisher":{"@id":"https:\/\/www.apen.es\/#organization"},"potentialAction":[{"@type":"SearchAction","target":{"@type":"EntryPoint","urlTemplate":"https:\/\/www.apen.es\/?s={search_term_string}"},"query-input":{"@type":"PropertyValueSpecification","valueRequired":true,"valueName":"search_term_string"}}],"inLanguage":"ca"},{"@type":"Organization","@id":"https:\/\/www.apen.es\/#organization","name":"Apen: Solucions inform\u00e0tiques","url":"https:\/\/www.apen.es\/","logo":{"@type":"ImageObject","inLanguage":"ca","@id":"https:\/\/www.apen.es\/#\/schema\/logo\/image\/","url":"https:\/\/www.apen.es\/wp-content\/uploads\/2022\/08\/logo-apenok-231x82-1.png","contentUrl":"https:\/\/www.apen.es\/wp-content\/uploads\/2022\/08\/logo-apenok-231x82-1.png","width":231,"height":82,"caption":"Apen: Soluciones inform\u00e1ticas"},"image":{"@id":"https:\/\/www.apen.es\/#\/schema\/logo\/image\/"},"sameAs":["https:\/\/www.facebook.com\/apensolucions","https:\/\/www.youtube.com\/user\/ApenCentreInformatic","https:\/\/www.linkedin.com\/company\/1021771?trk=tyah&trkInfo=clickedVerticalcompanyclickedEntityId1021771idx2-1-2tarId1464195271196tasapenin"]}]}},"taxonomy_info":[],"featured_image_src_large":false,"author_info":{"display_name":"marqueting","author_link":"https:\/\/www.apen.es\/ca\/blog\/author\/marqueting\/"},"comment_info":0,"_links":{"self":[{"href":"https:\/\/www.apen.es\/ca\/wp-json\/wp\/v2\/pages\/16463","targetHints":{"allow":["GET"]}}],"collection":[{"href":"https:\/\/www.apen.es\/ca\/wp-json\/wp\/v2\/pages"}],"about":[{"href":"https:\/\/www.apen.es\/ca\/wp-json\/wp\/v2\/types\/page"}],"author":[{"embeddable":true,"href":"https:\/\/www.apen.es\/ca\/wp-json\/wp\/v2\/users\/4"}],"replies":[{"embeddable":true,"href":"https:\/\/www.apen.es\/ca\/wp-json\/wp\/v2\/comments?post=16463"}],"version-history":[{"count":5,"href":"https:\/\/www.apen.es\/ca\/wp-json\/wp\/v2\/pages\/16463\/revisions"}],"predecessor-version":[{"id":56924,"href":"https:\/\/www.apen.es\/ca\/wp-json\/wp\/v2\/pages\/16463\/revisions\/56924"}],"up":[{"embeddable":true,"href":"https:\/\/www.apen.es\/ca\/wp-json\/wp\/v2\/pages\/1978"}],"wp:attachment":[{"href":"https:\/\/www.apen.es\/ca\/wp-json\/wp\/v2\/media?parent=16463"}],"curies":[{"name":"wp","href":"https:\/\/api.w.org\/{rel}","templated":true}]}}