{"id":14974,"date":"2019-10-23T07:09:57","date_gmt":"2019-10-23T07:09:57","guid":{"rendered":"https:\/\/www.apen.es\/?page_id=14974"},"modified":"2025-03-31T07:11:24","modified_gmt":"2025-03-31T07:11:24","slug":"manteniment-informatic-a-vacarisses","status":"publish","type":"page","link":"https:\/\/www.apen.es\/ca\/mantenimiento-informatico\/mantenimiento-informatico-en-vacarisses\/","title":{"rendered":"Manteniment inform\u00e0tic a Vacarisses"},"content":{"rendered":"<p>Apen som una empresa en la qual ens dediquem a oferir el servei de&nbsp;<strong>manteniment inform\u00e0tic a Vacarisses<\/strong>, convertint-nos aix\u00ed en una de les empreses l\u00edders dins d&#039;aquest sector, gr\u00e0cies en gran part als grans pilars que formen la nostra filosofia, com per exemple podr\u00edem destacar la garantia d&#039;oferir el m\u00ednim preu del servei garantit, responent a la situaci\u00f3 real del mercat i amb la m\u00e0xima qualitat en tots i cadascun dels nostres serveis i en els recursos i equips electr\u00f2nics i inform\u00e0tics i les persones cap mena de comprom\u00eds.<\/p>\n\n\n\n<p>A la nostra empresa de&nbsp;<strong>manteniment inform\u00e0tic a Vacarisses<\/strong>, sempre comptem amb les solucions i els sistemes m\u00e9s nous al mercat, ja que aix\u00f2 \u00e9s un sector que avan\u00e7a a passos de gegant, per la qual cosa cada dia hi ha novetats i n&#039;hem d&#039;estar al dia, a m\u00e9s tamb\u00e9 hem de destacar que comptem amb un gran equip de professionals, que compleixen amb tots els requisits, totes les actituds i tots els coneixements per poder dur a terme aix\u00f2 i per poder oferir.<\/p>\n\n\n\n<p>Un dels nostres objectius principals \u00e9s que tots els serveis que oferim estiguin fets a mida per a cada un dels nostres clients, ja que aix\u00f2 us permetr\u00e0 fer una millor gesti\u00f3 de l&#039;\u00fas d&#039;aquests equips i reduir costos que moltes vegades s\u00f3n totalment innecessaris, \u00e9s a dir que gr\u00e0cies a nosaltres, podreu tenir un suport t\u00e8cnic especialitzat sempre que ho necessiteu, sense la necessitat d&#039;haver de contractar una altra empresa externa que s&#039;ocupi.<\/p>\n\n\n\n<p>Per tal de dur a terme aix\u00f2 i adaptar-nos sempre a les necessitats de cadascun dels nostres clients, tenim tres propostes diferents de&nbsp;<strong>manteniment inform\u00e0tic a Vacarisses<\/strong>, les quals posem a la vostra disposici\u00f3 i les estudiem comparant-ho amb les vostres necessitats i amb el pressupost que us marqueu per tal de trobar la millor per a vosaltres, sempre sent molt flexibles perqu\u00e8 vosaltres trobeu el servei perfecte. Aquestes tres propostes que oferim s\u00f3n el Manteniment Base, el Manteniment Outsourcing i el Manteniment Premium SPC, les quals podreu trobar explicades a la nostra p\u00e0gina web.<\/p>\n\n\n\n<p>Despr\u00e9s de m\u00e9s de vint-i-cinc anys d&#039;experi\u00e8ncia podem garantir-te una feina compromesa, professional, eficient, duradora i personalitzada, amb la qual podr\u00e0s gaudir dels teus equips funcionant a ple rendiment i comptar amb un equip t\u00e8cnic que respondr\u00e0 als teus dubtes, problemes t\u00e8cnics o consultes de la manera m\u00e9s r\u00e0pida i resolutiva possible. Aix\u00ed que si voleu m\u00e9s informaci\u00f3 sobre el&nbsp;<strong>manteniment<\/strong>&nbsp;<strong>inform\u00e0tic a Vacarisses<\/strong>, no dubteu en posar-vos en contacte amb nosaltres, estarem encantats de poder-vos ajudar en tot el que estigui a les nostres mans.<\/p>","protected":false},"excerpt":{"rendered":"<p>Apen somos una empresa en la cual nos dedicamos a ofrecer el servicio de&nbsp;mantenimiento inform\u00e1tico en Vacarisses, convirti\u00e9ndonos as\u00ed en una de las empresas l\u00edderes dentro de este sector, gracias en gran parte a los grandes pilares que forman nuestra filosof\u00eda, como por ejemplo podr\u00edamos destacar la garant\u00eda de ofrecer el m\u00ednimo precio del servicio&#8230;<\/p>","protected":false},"author":4,"featured_media":0,"parent":1357,"menu_order":0,"comment_status":"closed","ping_status":"closed","template":"page-servicio-informatico.php","meta":{"_acf_changed":false,"_kad_blocks_custom_css":"","_kad_blocks_head_custom_js":"","_kad_blocks_body_custom_js":"","_kad_blocks_footer_custom_js":"","_kad_post_transparent":"","_kad_post_title":"","_kad_post_layout":"","_kad_post_sidebar_id":"","_kad_post_content_style":"","_kad_post_vertical_padding":"","_kad_post_feature":"","_kad_post_feature_position":"","_kad_post_header":false,"_kad_post_footer":false,"_kad_post_classname":"","footnotes":""},"class_list":["post-14974","page","type-page","status-publish","hentry"],"acf":[],"yoast_head":"<!-- This site is optimized with the Yoast SEO plugin v27.4 - https:\/\/yoast.com\/product\/yoast-seo-wordpress\/ -->\n<title>Mantenimiento inform\u00e1tico en Vacarisses - Apen Inform\u00e1tica<\/title>\n<meta name=\"description\" content=\"Servicio de mantenimiento inform\u00e1tico para empresas en Vacarisses. Mantenimiento de ordenadores y servidores. Ofrecemos tarifas adaptadas a tu empresa.\" \/>\n<meta name=\"robots\" content=\"index, follow, max-snippet:-1, max-image-preview:large, max-video-preview:-1\" \/>\n<link rel=\"canonical\" href=\"https:\/\/www.apen.es\/ca\/manteniment-informatic\/manteniment-informatic-a-vacarisses\/\" \/>\n<meta property=\"og:locale\" content=\"ca_ES\" \/>\n<meta property=\"og:type\" content=\"article\" \/>\n<meta property=\"og:title\" content=\"Mantenimiento inform\u00e1tico en Vacarisses - Apen Inform\u00e1tica\" \/>\n<meta property=\"og:description\" content=\"Servicio de mantenimiento inform\u00e1tico para empresas en Vacarisses. Mantenimiento de ordenadores y servidores. Ofrecemos tarifas adaptadas a tu empresa.\" \/>\n<meta property=\"og:url\" content=\"https:\/\/www.apen.es\/ca\/manteniment-informatic\/manteniment-informatic-a-vacarisses\/\" \/>\n<meta property=\"og:site_name\" content=\"Apen Inform\u00e1tica\" \/>\n<meta property=\"article:publisher\" content=\"https:\/\/www.facebook.com\/apensolucions\" \/>\n<meta property=\"article:modified_time\" content=\"2025-03-31T07:11:24+00:00\" \/>\n<meta property=\"og:image\" content=\"https:\/\/www.apen.es\/wp-content\/uploads\/2016\/05\/logo-apen-231x82-trasparent.png\" \/>\n\t<meta property=\"og:image:width\" content=\"231\" \/>\n\t<meta property=\"og:image:height\" content=\"82\" \/>\n\t<meta property=\"og:image:type\" content=\"image\/png\" \/>\n<meta name=\"twitter:card\" content=\"summary_large_image\" \/>\n<meta name=\"twitter:label1\" content=\"Temps estimat de lectura\" \/>\n\t<meta name=\"twitter:data1\" content=\"10 minuts\" \/>\n<script type=\"application\/ld+json\" class=\"yoast-schema-graph\">{\"@context\":\"https:\\\/\\\/schema.org\",\"@graph\":[{\"@type\":\"WebPage\",\"@id\":\"https:\\\/\\\/www.apen.es\\\/mantenimiento-informatico\\\/mantenimiento-informatico-en-vacarisses\\\/\",\"url\":\"https:\\\/\\\/www.apen.es\\\/mantenimiento-informatico\\\/mantenimiento-informatico-en-vacarisses\\\/\",\"name\":\"Mantenimiento inform\u00e1tico en Vacarisses - Apen Inform\u00e1tica\",\"isPartOf\":{\"@id\":\"https:\\\/\\\/www.apen.es\\\/#website\"},\"datePublished\":\"2019-10-23T07:09:57+00:00\",\"dateModified\":\"2025-03-31T07:11:24+00:00\",\"description\":\"Servicio de mantenimiento inform\u00e1tico para empresas en Vacarisses. Mantenimiento de ordenadores y servidores. Ofrecemos tarifas adaptadas a tu empresa.\",\"breadcrumb\":{\"@id\":\"https:\\\/\\\/www.apen.es\\\/mantenimiento-informatico\\\/mantenimiento-informatico-en-vacarisses\\\/#breadcrumb\"},\"inLanguage\":\"ca\",\"potentialAction\":[{\"@type\":\"ReadAction\",\"target\":[\"https:\\\/\\\/www.apen.es\\\/mantenimiento-informatico\\\/mantenimiento-informatico-en-vacarisses\\\/\"]}]},{\"@type\":\"BreadcrumbList\",\"@id\":\"https:\\\/\\\/www.apen.es\\\/mantenimiento-informatico\\\/mantenimiento-informatico-en-vacarisses\\\/#breadcrumb\",\"itemListElement\":[{\"@type\":\"ListItem\",\"position\":1,\"name\":\"Portada\",\"item\":\"https:\\\/\\\/www.apen.es\\\/\"},{\"@type\":\"ListItem\",\"position\":2,\"name\":\"Mantenimiento inform\u00e1tico\",\"item\":\"https:\\\/\\\/www.apen.es\\\/mantenimiento-informatico\\\/\"},{\"@type\":\"ListItem\",\"position\":3,\"name\":\"Mantenimiento inform\u00e1tico en Vacarisses\"}]},{\"@type\":\"WebSite\",\"@id\":\"https:\\\/\\\/www.apen.es\\\/#website\",\"url\":\"https:\\\/\\\/www.apen.es\\\/\",\"name\":\"Apen Inform\u00e1tica\",\"description\":\"Mantenimiento Inform\u00e1tico , Software de Gesti\u00f3n, Soluciones de impresi\u00f3n\",\"publisher\":{\"@id\":\"https:\\\/\\\/www.apen.es\\\/#organization\"},\"potentialAction\":[{\"@type\":\"SearchAction\",\"target\":{\"@type\":\"EntryPoint\",\"urlTemplate\":\"https:\\\/\\\/www.apen.es\\\/?s={search_term_string}\"},\"query-input\":{\"@type\":\"PropertyValueSpecification\",\"valueRequired\":true,\"valueName\":\"search_term_string\"}}],\"inLanguage\":\"ca\"},{\"@type\":\"Organization\",\"@id\":\"https:\\\/\\\/www.apen.es\\\/#organization\",\"name\":\"Apen: Soluciones inform\u00e1ticas\",\"url\":\"https:\\\/\\\/www.apen.es\\\/\",\"logo\":{\"@type\":\"ImageObject\",\"inLanguage\":\"ca\",\"@id\":\"https:\\\/\\\/www.apen.es\\\/#\\\/schema\\\/logo\\\/image\\\/\",\"url\":\"https:\\\/\\\/www.apen.es\\\/wp-content\\\/uploads\\\/2022\\\/08\\\/logo-apenok-231x82-1.png\",\"contentUrl\":\"https:\\\/\\\/www.apen.es\\\/wp-content\\\/uploads\\\/2022\\\/08\\\/logo-apenok-231x82-1.png\",\"width\":231,\"height\":82,\"caption\":\"Apen: Soluciones inform\u00e1ticas\"},\"image\":{\"@id\":\"https:\\\/\\\/www.apen.es\\\/#\\\/schema\\\/logo\\\/image\\\/\"},\"sameAs\":[\"https:\\\/\\\/www.facebook.com\\\/apensolucions\",\"https:\\\/\\\/www.youtube.com\\\/user\\\/ApenCentreInformatic\",\"https:\\\/\\\/www.linkedin.com\\\/company\\\/1021771?trk=tyah&trkInfo=clickedVerticalcompanyclickedEntityId1021771idx2-1-2tarId1464195271196tasapenin\"]}]}<\/script>\n<!-- \/ Yoast SEO plugin. -->","yoast_head_json":{"title":"Manteniment inform\u00e0tic a Vacarisses - Apen Inform\u00e0tica","description":"Servei de manteniment inform\u00e0tic per a empreses a Vacarisses. Manteniment dordinadors i servidors. Oferim tarifes adaptades a la teva empresa.","robots":{"index":"index","follow":"follow","max-snippet":"max-snippet:-1","max-image-preview":"max-image-preview:large","max-video-preview":"max-video-preview:-1"},"canonical":"https:\/\/www.apen.es\/ca\/manteniment-informatic\/manteniment-informatic-a-vacarisses\/","og_locale":"ca_ES","og_type":"article","og_title":"Mantenimiento inform\u00e1tico en Vacarisses - Apen Inform\u00e1tica","og_description":"Servicio de mantenimiento inform\u00e1tico para empresas en Vacarisses. Mantenimiento de ordenadores y servidores. Ofrecemos tarifas adaptadas a tu empresa.","og_url":"https:\/\/www.apen.es\/ca\/manteniment-informatic\/manteniment-informatic-a-vacarisses\/","og_site_name":"Apen Inform\u00e1tica","article_publisher":"https:\/\/www.facebook.com\/apensolucions","article_modified_time":"2025-03-31T07:11:24+00:00","og_image":[{"width":231,"height":82,"url":"https:\/\/www.apen.es\/wp-content\/uploads\/2016\/05\/logo-apen-231x82-trasparent.png","type":"image\/png"}],"twitter_card":"summary_large_image","twitter_misc":{"Temps estimat de lectura":"10 minuts"},"schema":{"@context":"https:\/\/schema.org","@graph":[{"@type":"WebPage","@id":"https:\/\/www.apen.es\/mantenimiento-informatico\/mantenimiento-informatico-en-vacarisses\/","url":"https:\/\/www.apen.es\/mantenimiento-informatico\/mantenimiento-informatico-en-vacarisses\/","name":"Manteniment inform\u00e0tic a Vacarisses - Apen Inform\u00e0tica","isPartOf":{"@id":"https:\/\/www.apen.es\/#website"},"datePublished":"2019-10-23T07:09:57+00:00","dateModified":"2025-03-31T07:11:24+00:00","description":"Servei de manteniment inform\u00e0tic per a empreses a Vacarisses. Manteniment dordinadors i servidors. Oferim tarifes adaptades a la teva empresa.","breadcrumb":{"@id":"https:\/\/www.apen.es\/mantenimiento-informatico\/mantenimiento-informatico-en-vacarisses\/#breadcrumb"},"inLanguage":"ca","potentialAction":[{"@type":"ReadAction","target":["https:\/\/www.apen.es\/mantenimiento-informatico\/mantenimiento-informatico-en-vacarisses\/"]}]},{"@type":"BreadcrumbList","@id":"https:\/\/www.apen.es\/mantenimiento-informatico\/mantenimiento-informatico-en-vacarisses\/#breadcrumb","itemListElement":[{"@type":"ListItem","position":1,"name":"Portada","item":"https:\/\/www.apen.es\/"},{"@type":"ListItem","position":2,"name":"Mantenimiento inform\u00e1tico","item":"https:\/\/www.apen.es\/mantenimiento-informatico\/"},{"@type":"ListItem","position":3,"name":"Mantenimiento inform\u00e1tico en Vacarisses"}]},{"@type":"WebSite","@id":"https:\/\/www.apen.es\/#website","url":"https:\/\/www.apen.es\/","name":"Apen Inform\u00e0tica","description":"Manteniment inform\u00e0tic , programari de gesti\u00f3, solucions d&#039;impressi\u00f3","publisher":{"@id":"https:\/\/www.apen.es\/#organization"},"potentialAction":[{"@type":"SearchAction","target":{"@type":"EntryPoint","urlTemplate":"https:\/\/www.apen.es\/?s={search_term_string}"},"query-input":{"@type":"PropertyValueSpecification","valueRequired":true,"valueName":"search_term_string"}}],"inLanguage":"ca"},{"@type":"Organization","@id":"https:\/\/www.apen.es\/#organization","name":"Apen: Solucions inform\u00e0tiques","url":"https:\/\/www.apen.es\/","logo":{"@type":"ImageObject","inLanguage":"ca","@id":"https:\/\/www.apen.es\/#\/schema\/logo\/image\/","url":"https:\/\/www.apen.es\/wp-content\/uploads\/2022\/08\/logo-apenok-231x82-1.png","contentUrl":"https:\/\/www.apen.es\/wp-content\/uploads\/2022\/08\/logo-apenok-231x82-1.png","width":231,"height":82,"caption":"Apen: Soluciones inform\u00e1ticas"},"image":{"@id":"https:\/\/www.apen.es\/#\/schema\/logo\/image\/"},"sameAs":["https:\/\/www.facebook.com\/apensolucions","https:\/\/www.youtube.com\/user\/ApenCentreInformatic","https:\/\/www.linkedin.com\/company\/1021771?trk=tyah&trkInfo=clickedVerticalcompanyclickedEntityId1021771idx2-1-2tarId1464195271196tasapenin"]}]}},"taxonomy_info":[],"featured_image_src_large":false,"author_info":{"display_name":"marqueting","author_link":"https:\/\/www.apen.es\/ca\/blog\/author\/marqueting\/"},"comment_info":0,"_links":{"self":[{"href":"https:\/\/www.apen.es\/ca\/wp-json\/wp\/v2\/pages\/14974","targetHints":{"allow":["GET"]}}],"collection":[{"href":"https:\/\/www.apen.es\/ca\/wp-json\/wp\/v2\/pages"}],"about":[{"href":"https:\/\/www.apen.es\/ca\/wp-json\/wp\/v2\/types\/page"}],"author":[{"embeddable":true,"href":"https:\/\/www.apen.es\/ca\/wp-json\/wp\/v2\/users\/4"}],"replies":[{"embeddable":true,"href":"https:\/\/www.apen.es\/ca\/wp-json\/wp\/v2\/comments?post=14974"}],"version-history":[{"count":2,"href":"https:\/\/www.apen.es\/ca\/wp-json\/wp\/v2\/pages\/14974\/revisions"}],"predecessor-version":[{"id":54610,"href":"https:\/\/www.apen.es\/ca\/wp-json\/wp\/v2\/pages\/14974\/revisions\/54610"}],"up":[{"embeddable":true,"href":"https:\/\/www.apen.es\/ca\/wp-json\/wp\/v2\/pages\/1357"}],"wp:attachment":[{"href":"https:\/\/www.apen.es\/ca\/wp-json\/wp\/v2\/media?parent=14974"}],"curies":[{"name":"wp","href":"https:\/\/api.w.org\/{rel}","templated":true}]}}