{"id":14968,"date":"2019-10-23T06:51:09","date_gmt":"2019-10-23T06:51:09","guid":{"rendered":"https:\/\/www.apen.es\/?page_id=14968"},"modified":"2025-03-31T06:26:30","modified_gmt":"2025-03-31T06:26:30","slug":"manteniment-informatic-en-pineda-de-mar","status":"publish","type":"page","link":"https:\/\/www.apen.es\/ca\/mantenimiento-informatico\/mantenimiento-informatico-en-pineda-de-mar\/","title":{"rendered":"Manteniment inform\u00e0tic a Pineda de Mar"},"content":{"rendered":"<p>Apen, som una empresa que ofereix solucions inform\u00e0tiques i tecnol\u00f2giques, on oferim una gran quantitat de serveis, com el&nbsp;<strong>manteniment inform\u00e0tic a Pineda de Mar<\/strong>, que est\u00e0 dirigit principalment a PIMEs. L&#039;objectiu principal de la nostra empresa \u00e9s poder oferir aquest servei al major nombre d&#039;empreses possible i aix\u00ed poder millorar la funcionalitat de tots els equips de la vostra empresa, amb la finalitat de poder augmentar els beneficis que ten\u00edeu fins ara, sense cap tipus d&#039;improv\u00eds inform\u00e0tic. Per tant, podem dir que el servei de manteniment inform\u00e0tic que us oferim a la nostra empresa \u00e9s l&#039;empenta ideal per a la vostra, gr\u00e0cies a tots els beneficis que podreu descobrir vosaltres mateixos, encara que a continuaci\u00f3, us explicarem uns quants.<\/p>\n\n\n\n<p>Oferim tres plans de&nbsp;<strong>manteniment inform\u00e0tic a Pineda de Mar<\/strong>, els quals s\u00f3n totalment modificables segons l&#039;empresa a la qual us oferim el servei d&#039;aquesta manera aconseguim que tot estigui fet a la vostra mida i en funci\u00f3 de les vostres necessitats. Un d&#039;aquests tres plans \u00e9s el manteniment Base, que \u00e9s el m\u00e9s simple de tots pel que \u00e9s ideal per a les PIMES que no tenen gaires equips, despr\u00e9s tamb\u00e9 hi ha el manteniment Premium SPC que \u00e9s el m\u00e9s complet de tots, per la qual cosa podreu gaudir de tots els nostres serveis a un preu tancat cada mes. I per \u00faltim tenim el manteniment Outsourcing que \u00e9s un punt mitj\u00e0, en el qual posem a la vostra disposici\u00f3 un gran equip de professionals molt ben qualificats.<\/p>\n\n\n\n<p>El poder oferir a cada empresa que necessita la nostra ajuda un d&#039;aquests tres plans que s\u00f3n totalment personalitzats \u00e9s gr\u00e0cies a que els treballadors que tenim a la nostra empresa de<strong>&nbsp;manteniment inform\u00e0tic a Pineda de Mar<\/strong>, han estat escollits de forma minuciosa, per tal daconseguir un equip format pels millors professionals del sector els quals compten amb tota la formaci\u00f3 i els coneixements que s\u00f3n necessaris per exercir aquesta professi\u00f3 i els quals es pot adaptar a qualsevol situaci\u00f3 dels diferents clients que tenim ia les seves necessitats, daquesta manera us poden aconsellar el pla que m\u00e9s sadapta al vostre negoci.<\/p>\n\n\n\n<p>Per aconseguir l&#039;\u00e8xit de la vostra empresa, necessiteu tenir ordinadors que siguin r\u00e0pids, resolutius i efica\u00e7os, que \u00e9s exactament el que us garantim amb el nostre servei de&nbsp;<strong>manteniment inform\u00e0tic a Pineda de Mar<\/strong>, aix\u00ed que si voleu saber m\u00e9s sobre aquest servei o sobre qualsevol dels serveis que oferim a la nostra empresa, no us ho penseu m\u00e9s i poseu-vos en contacte amb nosaltres, ja que estarem encantats de poder-vos atendre i de poder-vos ajudar en tot el que estigui a les nostres mans.<\/p>","protected":false},"excerpt":{"rendered":"<p>Apen, somos una empresa que ofrece soluciones inform\u00e1ticas y tecnol\u00f3gicas, en la cual ofrecemos una gran cantidad de servicios, como el&nbsp;mantenimiento inform\u00e1tico en Pineda de Mar, que est\u00e1 dirigido principalmente a PYMEs. El objetivo principal de nuestra empresa es poder ofrecer este servicio al mayor n\u00famero de empresas posible y de esta forma poder mejorar&#8230;<\/p>","protected":false},"author":4,"featured_media":0,"parent":1357,"menu_order":0,"comment_status":"closed","ping_status":"closed","template":"page-servicio-informatico.php","meta":{"_acf_changed":false,"_kad_blocks_custom_css":"","_kad_blocks_head_custom_js":"","_kad_blocks_body_custom_js":"","_kad_blocks_footer_custom_js":"","_kad_post_transparent":"","_kad_post_title":"","_kad_post_layout":"","_kad_post_sidebar_id":"","_kad_post_content_style":"","_kad_post_vertical_padding":"","_kad_post_feature":"","_kad_post_feature_position":"","_kad_post_header":false,"_kad_post_footer":false,"_kad_post_classname":"","footnotes":""},"class_list":["post-14968","page","type-page","status-publish","hentry"],"acf":[],"yoast_head":"<!-- This site is optimized with the Yoast SEO plugin v27.4 - https:\/\/yoast.com\/product\/yoast-seo-wordpress\/ -->\n<title>Mantenimiento inform\u00e1tico en Pineda de Mar - Apen Inform\u00e1tica<\/title>\n<meta name=\"description\" content=\"Servicio de mantenimiento inform\u00e1tico para empresas en Pineda de Mar. Mantenimiento de ordenadores y servidores. Ll\u00e1manos al 938 606 220 sin compromiso.\" \/>\n<meta name=\"robots\" content=\"index, follow, max-snippet:-1, max-image-preview:large, max-video-preview:-1\" \/>\n<link rel=\"canonical\" href=\"https:\/\/www.apen.es\/ca\/manteniment-informatic\/manteniment-informatic-en-pineda-de-mar\/\" \/>\n<meta property=\"og:locale\" content=\"ca_ES\" \/>\n<meta property=\"og:type\" content=\"article\" \/>\n<meta property=\"og:title\" content=\"Mantenimiento inform\u00e1tico en Pineda de Mar - Apen Inform\u00e1tica\" \/>\n<meta property=\"og:description\" content=\"Servicio de mantenimiento inform\u00e1tico para empresas en Pineda de Mar. Mantenimiento de ordenadores y servidores. Ll\u00e1manos al 938 606 220 sin compromiso.\" \/>\n<meta property=\"og:url\" content=\"https:\/\/www.apen.es\/ca\/manteniment-informatic\/manteniment-informatic-en-pineda-de-mar\/\" \/>\n<meta property=\"og:site_name\" content=\"Apen Inform\u00e1tica\" \/>\n<meta property=\"article:publisher\" content=\"https:\/\/www.facebook.com\/apensolucions\" \/>\n<meta property=\"article:modified_time\" content=\"2025-03-31T06:26:30+00:00\" \/>\n<meta property=\"og:image\" content=\"https:\/\/www.apen.es\/wp-content\/uploads\/2016\/05\/logo-apen-231x82-trasparent.png\" \/>\n\t<meta property=\"og:image:width\" content=\"231\" \/>\n\t<meta property=\"og:image:height\" content=\"82\" \/>\n\t<meta property=\"og:image:type\" content=\"image\/png\" \/>\n<meta name=\"twitter:card\" content=\"summary_large_image\" \/>\n<meta name=\"twitter:label1\" content=\"Temps estimat de lectura\" \/>\n\t<meta name=\"twitter:data1\" content=\"10 minuts\" \/>\n<script type=\"application\/ld+json\" class=\"yoast-schema-graph\">{\"@context\":\"https:\\\/\\\/schema.org\",\"@graph\":[{\"@type\":\"WebPage\",\"@id\":\"https:\\\/\\\/www.apen.es\\\/mantenimiento-informatico\\\/mantenimiento-informatico-en-pineda-de-mar\\\/\",\"url\":\"https:\\\/\\\/www.apen.es\\\/mantenimiento-informatico\\\/mantenimiento-informatico-en-pineda-de-mar\\\/\",\"name\":\"Mantenimiento inform\u00e1tico en Pineda de Mar - Apen Inform\u00e1tica\",\"isPartOf\":{\"@id\":\"https:\\\/\\\/www.apen.es\\\/#website\"},\"datePublished\":\"2019-10-23T06:51:09+00:00\",\"dateModified\":\"2025-03-31T06:26:30+00:00\",\"description\":\"Servicio de mantenimiento inform\u00e1tico para empresas en Pineda de Mar. Mantenimiento de ordenadores y servidores. Ll\u00e1manos al 938 606 220 sin compromiso.\",\"breadcrumb\":{\"@id\":\"https:\\\/\\\/www.apen.es\\\/mantenimiento-informatico\\\/mantenimiento-informatico-en-pineda-de-mar\\\/#breadcrumb\"},\"inLanguage\":\"ca\",\"potentialAction\":[{\"@type\":\"ReadAction\",\"target\":[\"https:\\\/\\\/www.apen.es\\\/mantenimiento-informatico\\\/mantenimiento-informatico-en-pineda-de-mar\\\/\"]}]},{\"@type\":\"BreadcrumbList\",\"@id\":\"https:\\\/\\\/www.apen.es\\\/mantenimiento-informatico\\\/mantenimiento-informatico-en-pineda-de-mar\\\/#breadcrumb\",\"itemListElement\":[{\"@type\":\"ListItem\",\"position\":1,\"name\":\"Portada\",\"item\":\"https:\\\/\\\/www.apen.es\\\/\"},{\"@type\":\"ListItem\",\"position\":2,\"name\":\"Mantenimiento inform\u00e1tico\",\"item\":\"https:\\\/\\\/www.apen.es\\\/mantenimiento-informatico\\\/\"},{\"@type\":\"ListItem\",\"position\":3,\"name\":\"Mantenimiento inform\u00e1tico en Pineda de Mar\"}]},{\"@type\":\"WebSite\",\"@id\":\"https:\\\/\\\/www.apen.es\\\/#website\",\"url\":\"https:\\\/\\\/www.apen.es\\\/\",\"name\":\"Apen Inform\u00e1tica\",\"description\":\"Mantenimiento Inform\u00e1tico , Software de Gesti\u00f3n, Soluciones de impresi\u00f3n\",\"publisher\":{\"@id\":\"https:\\\/\\\/www.apen.es\\\/#organization\"},\"potentialAction\":[{\"@type\":\"SearchAction\",\"target\":{\"@type\":\"EntryPoint\",\"urlTemplate\":\"https:\\\/\\\/www.apen.es\\\/?s={search_term_string}\"},\"query-input\":{\"@type\":\"PropertyValueSpecification\",\"valueRequired\":true,\"valueName\":\"search_term_string\"}}],\"inLanguage\":\"ca\"},{\"@type\":\"Organization\",\"@id\":\"https:\\\/\\\/www.apen.es\\\/#organization\",\"name\":\"Apen: Soluciones inform\u00e1ticas\",\"url\":\"https:\\\/\\\/www.apen.es\\\/\",\"logo\":{\"@type\":\"ImageObject\",\"inLanguage\":\"ca\",\"@id\":\"https:\\\/\\\/www.apen.es\\\/#\\\/schema\\\/logo\\\/image\\\/\",\"url\":\"https:\\\/\\\/www.apen.es\\\/wp-content\\\/uploads\\\/2022\\\/08\\\/logo-apenok-231x82-1.png\",\"contentUrl\":\"https:\\\/\\\/www.apen.es\\\/wp-content\\\/uploads\\\/2022\\\/08\\\/logo-apenok-231x82-1.png\",\"width\":231,\"height\":82,\"caption\":\"Apen: Soluciones inform\u00e1ticas\"},\"image\":{\"@id\":\"https:\\\/\\\/www.apen.es\\\/#\\\/schema\\\/logo\\\/image\\\/\"},\"sameAs\":[\"https:\\\/\\\/www.facebook.com\\\/apensolucions\",\"https:\\\/\\\/www.youtube.com\\\/user\\\/ApenCentreInformatic\",\"https:\\\/\\\/www.linkedin.com\\\/company\\\/1021771?trk=tyah&trkInfo=clickedVerticalcompanyclickedEntityId1021771idx2-1-2tarId1464195271196tasapenin\"]}]}<\/script>\n<!-- \/ Yoast SEO plugin. -->","yoast_head_json":{"title":"Manteniment inform\u00e0tic a Pineda de Mar - Apen Inform\u00e0tica","description":"Servei de manteniment inform\u00e0tic per a empreses a Pineda de Mar. Manteniment d&#039;ordinadors i servidors. Truca&#039;ns al 938 606 220 sense comprom\u00eds.","robots":{"index":"index","follow":"follow","max-snippet":"max-snippet:-1","max-image-preview":"max-image-preview:large","max-video-preview":"max-video-preview:-1"},"canonical":"https:\/\/www.apen.es\/ca\/manteniment-informatic\/manteniment-informatic-en-pineda-de-mar\/","og_locale":"ca_ES","og_type":"article","og_title":"Mantenimiento inform\u00e1tico en Pineda de Mar - Apen Inform\u00e1tica","og_description":"Servicio de mantenimiento inform\u00e1tico para empresas en Pineda de Mar. Mantenimiento de ordenadores y servidores. Ll\u00e1manos al 938 606 220 sin compromiso.","og_url":"https:\/\/www.apen.es\/ca\/manteniment-informatic\/manteniment-informatic-en-pineda-de-mar\/","og_site_name":"Apen Inform\u00e1tica","article_publisher":"https:\/\/www.facebook.com\/apensolucions","article_modified_time":"2025-03-31T06:26:30+00:00","og_image":[{"width":231,"height":82,"url":"https:\/\/www.apen.es\/wp-content\/uploads\/2016\/05\/logo-apen-231x82-trasparent.png","type":"image\/png"}],"twitter_card":"summary_large_image","twitter_misc":{"Temps estimat de lectura":"10 minuts"},"schema":{"@context":"https:\/\/schema.org","@graph":[{"@type":"WebPage","@id":"https:\/\/www.apen.es\/mantenimiento-informatico\/mantenimiento-informatico-en-pineda-de-mar\/","url":"https:\/\/www.apen.es\/mantenimiento-informatico\/mantenimiento-informatico-en-pineda-de-mar\/","name":"Manteniment inform\u00e0tic a Pineda de Mar - Apen Inform\u00e0tica","isPartOf":{"@id":"https:\/\/www.apen.es\/#website"},"datePublished":"2019-10-23T06:51:09+00:00","dateModified":"2025-03-31T06:26:30+00:00","description":"Servei de manteniment inform\u00e0tic per a empreses a Pineda de Mar. Manteniment d&#039;ordinadors i servidors. Truca&#039;ns al 938 606 220 sense comprom\u00eds.","breadcrumb":{"@id":"https:\/\/www.apen.es\/mantenimiento-informatico\/mantenimiento-informatico-en-pineda-de-mar\/#breadcrumb"},"inLanguage":"ca","potentialAction":[{"@type":"ReadAction","target":["https:\/\/www.apen.es\/mantenimiento-informatico\/mantenimiento-informatico-en-pineda-de-mar\/"]}]},{"@type":"BreadcrumbList","@id":"https:\/\/www.apen.es\/mantenimiento-informatico\/mantenimiento-informatico-en-pineda-de-mar\/#breadcrumb","itemListElement":[{"@type":"ListItem","position":1,"name":"Portada","item":"https:\/\/www.apen.es\/"},{"@type":"ListItem","position":2,"name":"Mantenimiento inform\u00e1tico","item":"https:\/\/www.apen.es\/mantenimiento-informatico\/"},{"@type":"ListItem","position":3,"name":"Mantenimiento inform\u00e1tico en Pineda de Mar"}]},{"@type":"WebSite","@id":"https:\/\/www.apen.es\/#website","url":"https:\/\/www.apen.es\/","name":"Apen Inform\u00e0tica","description":"Manteniment inform\u00e0tic , programari de gesti\u00f3, solucions d&#039;impressi\u00f3","publisher":{"@id":"https:\/\/www.apen.es\/#organization"},"potentialAction":[{"@type":"SearchAction","target":{"@type":"EntryPoint","urlTemplate":"https:\/\/www.apen.es\/?s={search_term_string}"},"query-input":{"@type":"PropertyValueSpecification","valueRequired":true,"valueName":"search_term_string"}}],"inLanguage":"ca"},{"@type":"Organization","@id":"https:\/\/www.apen.es\/#organization","name":"Apen: Solucions inform\u00e0tiques","url":"https:\/\/www.apen.es\/","logo":{"@type":"ImageObject","inLanguage":"ca","@id":"https:\/\/www.apen.es\/#\/schema\/logo\/image\/","url":"https:\/\/www.apen.es\/wp-content\/uploads\/2022\/08\/logo-apenok-231x82-1.png","contentUrl":"https:\/\/www.apen.es\/wp-content\/uploads\/2022\/08\/logo-apenok-231x82-1.png","width":231,"height":82,"caption":"Apen: Soluciones inform\u00e1ticas"},"image":{"@id":"https:\/\/www.apen.es\/#\/schema\/logo\/image\/"},"sameAs":["https:\/\/www.facebook.com\/apensolucions","https:\/\/www.youtube.com\/user\/ApenCentreInformatic","https:\/\/www.linkedin.com\/company\/1021771?trk=tyah&trkInfo=clickedVerticalcompanyclickedEntityId1021771idx2-1-2tarId1464195271196tasapenin"]}]}},"taxonomy_info":[],"featured_image_src_large":false,"author_info":{"display_name":"marqueting","author_link":"https:\/\/www.apen.es\/ca\/blog\/author\/marqueting\/"},"comment_info":0,"_links":{"self":[{"href":"https:\/\/www.apen.es\/ca\/wp-json\/wp\/v2\/pages\/14968","targetHints":{"allow":["GET"]}}],"collection":[{"href":"https:\/\/www.apen.es\/ca\/wp-json\/wp\/v2\/pages"}],"about":[{"href":"https:\/\/www.apen.es\/ca\/wp-json\/wp\/v2\/types\/page"}],"author":[{"embeddable":true,"href":"https:\/\/www.apen.es\/ca\/wp-json\/wp\/v2\/users\/4"}],"replies":[{"embeddable":true,"href":"https:\/\/www.apen.es\/ca\/wp-json\/wp\/v2\/comments?post=14968"}],"version-history":[{"count":2,"href":"https:\/\/www.apen.es\/ca\/wp-json\/wp\/v2\/pages\/14968\/revisions"}],"predecessor-version":[{"id":54517,"href":"https:\/\/www.apen.es\/ca\/wp-json\/wp\/v2\/pages\/14968\/revisions\/54517"}],"up":[{"embeddable":true,"href":"https:\/\/www.apen.es\/ca\/wp-json\/wp\/v2\/pages\/1357"}],"wp:attachment":[{"href":"https:\/\/www.apen.es\/ca\/wp-json\/wp\/v2\/media?parent=14968"}],"curies":[{"name":"wp","href":"https:\/\/api.w.org\/{rel}","templated":true}]}}