{"id":14859,"date":"2019-10-16T06:58:50","date_gmt":"2019-10-16T06:58:50","guid":{"rendered":"https:\/\/www.apen.es\/?page_id=14859"},"modified":"2025-03-31T07:11:05","modified_gmt":"2025-03-31T07:11:05","slug":"manteniment-informatic-a-santa-perpetua-de-mogoda","status":"publish","type":"page","link":"https:\/\/www.apen.es\/ca\/mantenimiento-informatico\/mantenimiento-informatico-en-santa-perpetua-de-mogoda\/","title":{"rendered":"Manteniment inform\u00e0tic a Santa Perp\u00e8tua de Mogoda"},"content":{"rendered":"<p>El&nbsp;<strong>manteniment inform\u00e0tic a Santa Perpetua de Mogoda<\/strong>, \u00e9s una de les principals especialitats que tenim a la nostra empresa Apen, una empresa dedicada a oferir solucions relacionades amb la inform\u00e0tica i la tecnologia a petites i mitjanes empreses que necessitin la nostra ajuda per augmentar els seus beneficis gr\u00e0cies a estar sempre al dia en aquest sector, una cosa molt important avui dia, en qu\u00e8 tot est\u00e0 regit per les noves tecnologies, per la qual cosa \u00e9s molt important estar sempre actualitzat.<\/p>\n\n\n\n<p>Tenim una filosofia molt ferma que ens ha acompanyat els m\u00e9s de 25 anys que tenim d&#039;experi\u00e8ncia al sector, en la qual podem trobar valors que per a nosaltres s\u00f3n molt importants com per exemple les personificaci\u00f3, \u00e9s a dir, oferir sempre un servei de&nbsp;<strong>manteniment inform\u00e0tic a Santa Perpetua de Mogoda<\/strong>, que estigui basat en les necessitats de cadascun dels nostres clients, perqu\u00e8 no tegui de pagar de m\u00e9s per serveis que no necessita, ni es quedi curt.<\/p>\n\n\n\n<p>En primer lloc, tenim un programa de&nbsp;<strong>manteniment inform\u00e0tic a Santa Perpetua de Mogoda<\/strong>, que \u00e9s el manteniment base, una opci\u00f3 b\u00e0sica i pr\u00e0ctica que est\u00e0 pensada per a totes aquelles empreses que tenen un interlocutor que s&#039;ocupa de la inform\u00e0tica i que alhora necessiten disponibilitat, servei i bon preu. En aquest programa s&#039;ofereixen uns serveis m\u00ednims que s&#039;encarreguen de garantir el bon funcionament dels equips i per tant de l&#039;empresa, com ara serveis preventius, atenci\u00f3 telef\u00f2nica, servei t\u00e8cnic d&#039;urg\u00e8ncia i una auditoria anual, entre d&#039;altres.<\/p>\n\n\n\n<p>En segon lloc hi ha el manteniment outsourcing que consisteix en una magn\u00edfica soluci\u00f3 per a les petites i mitjanes empreses que no tenen un departament inform\u00e0tic propi o que volen complementar el seu per obtenir millors resultats. Gr\u00e0cies a aquest servei, podreu comptar amb un t\u00e8cnic altament qualificat i alguns serveis m\u00e9s que el manteniment base, com ara la gesti\u00f3 d&#039;inventari i els despla\u00e7aments dels t\u00e8cnics. A m\u00e9s a m\u00e9s en serveis addicionals que oferim a la nostra empresa, podreu gaudir de grans descomptes.<\/p>\n\n\n\n<p>Finalment, tenim el manteniment Premium SPC, que \u00e9s l&#039;opci\u00f3 m\u00e9s completa que oferim relacionada amb el&nbsp;<strong>manteniment inform\u00e0tic a Santa Perpetua de Mogoda<\/strong>, ja que aquesta opci\u00f3 inclou tots els serveis que s\u00f3n necessaris per cobrir les incid\u00e8ncies dels equips inform\u00e0tics que tingueu a la vostra empresa, a m\u00e9s un dels grans avantatges \u00e9s que la despesa sempre la tindreu controlada perqu\u00e8 \u00e9s un preu tancat en el que s&#039;inclou tot el necessari, per la qual cosa cap mes tindreu ensurts i c\u00e0rrecs extres que poden ser molt dif\u00edcils de portar.<\/p>","protected":false},"excerpt":{"rendered":"<p>El&nbsp;mantenimiento inform\u00e1tico en Santa Perpetua de Mogoda, es una de las principales especialidades que tenemos en nuestra empresa Apen, una empresa dedicada a ofrecer soluciones relacionadas con la inform\u00e1tica y la tecnolog\u00eda a peque\u00f1as y medianas empresas que necesiten nuestra ayuda para aumentar sus beneficios gracias a estar siempre al d\u00eda en este sector, algo&#8230;<\/p>","protected":false},"author":4,"featured_media":0,"parent":1357,"menu_order":0,"comment_status":"closed","ping_status":"closed","template":"page-servicio-informatico.php","meta":{"_acf_changed":false,"_kad_blocks_custom_css":"","_kad_blocks_head_custom_js":"","_kad_blocks_body_custom_js":"","_kad_blocks_footer_custom_js":"","_kad_post_transparent":"","_kad_post_title":"","_kad_post_layout":"","_kad_post_sidebar_id":"","_kad_post_content_style":"","_kad_post_vertical_padding":"","_kad_post_feature":"","_kad_post_feature_position":"","_kad_post_header":false,"_kad_post_footer":false,"_kad_post_classname":"","footnotes":""},"class_list":["post-14859","page","type-page","status-publish","hentry"],"acf":[],"yoast_head":"<!-- This site is optimized with the Yoast SEO plugin v27.4 - https:\/\/yoast.com\/product\/yoast-seo-wordpress\/ -->\n<title>Mantenimiento inform\u00e1tico en Santa Perpetua de Mogoda - Apen Inform\u00e1tica<\/title>\n<meta name=\"description\" content=\"Servicio de mantenimiento inform\u00e1tico para empresas en Santa Perpetua de Mogoda. Mantenimiento de ordenadores y servidores. L\u00edderes en Barcelona.\" \/>\n<meta name=\"robots\" content=\"index, follow, max-snippet:-1, max-image-preview:large, max-video-preview:-1\" \/>\n<link rel=\"canonical\" href=\"https:\/\/www.apen.es\/ca\/manteniment-informatic\/manteniment-informatic-a-santa-perpetua-de-mogoda\/\" \/>\n<meta property=\"og:locale\" content=\"ca_ES\" \/>\n<meta property=\"og:type\" content=\"article\" \/>\n<meta property=\"og:title\" content=\"Mantenimiento inform\u00e1tico en Santa Perpetua de Mogoda - Apen Inform\u00e1tica\" \/>\n<meta property=\"og:description\" content=\"Servicio de mantenimiento inform\u00e1tico para empresas en Santa Perpetua de Mogoda. Mantenimiento de ordenadores y servidores. L\u00edderes en Barcelona.\" \/>\n<meta property=\"og:url\" content=\"https:\/\/www.apen.es\/ca\/manteniment-informatic\/manteniment-informatic-a-santa-perpetua-de-mogoda\/\" \/>\n<meta property=\"og:site_name\" content=\"Apen Inform\u00e1tica\" \/>\n<meta property=\"article:publisher\" content=\"https:\/\/www.facebook.com\/apensolucions\" \/>\n<meta property=\"article:modified_time\" content=\"2025-03-31T07:11:05+00:00\" \/>\n<meta property=\"og:image\" content=\"https:\/\/www.apen.es\/wp-content\/uploads\/2016\/05\/logo-apen-231x82-trasparent.png\" \/>\n\t<meta property=\"og:image:width\" content=\"231\" \/>\n\t<meta property=\"og:image:height\" content=\"82\" \/>\n\t<meta property=\"og:image:type\" content=\"image\/png\" \/>\n<meta name=\"twitter:card\" content=\"summary_large_image\" \/>\n<meta name=\"twitter:label1\" content=\"Temps estimat de lectura\" \/>\n\t<meta name=\"twitter:data1\" content=\"10 minuts\" \/>\n<script type=\"application\/ld+json\" class=\"yoast-schema-graph\">{\"@context\":\"https:\\\/\\\/schema.org\",\"@graph\":[{\"@type\":\"WebPage\",\"@id\":\"https:\\\/\\\/www.apen.es\\\/mantenimiento-informatico\\\/mantenimiento-informatico-en-santa-perpetua-de-mogoda\\\/\",\"url\":\"https:\\\/\\\/www.apen.es\\\/mantenimiento-informatico\\\/mantenimiento-informatico-en-santa-perpetua-de-mogoda\\\/\",\"name\":\"Mantenimiento inform\u00e1tico en Santa Perpetua de Mogoda - Apen Inform\u00e1tica\",\"isPartOf\":{\"@id\":\"https:\\\/\\\/www.apen.es\\\/#website\"},\"datePublished\":\"2019-10-16T06:58:50+00:00\",\"dateModified\":\"2025-03-31T07:11:05+00:00\",\"description\":\"Servicio de mantenimiento inform\u00e1tico para empresas en Santa Perpetua de Mogoda. Mantenimiento de ordenadores y servidores. L\u00edderes en Barcelona.\",\"breadcrumb\":{\"@id\":\"https:\\\/\\\/www.apen.es\\\/mantenimiento-informatico\\\/mantenimiento-informatico-en-santa-perpetua-de-mogoda\\\/#breadcrumb\"},\"inLanguage\":\"ca\",\"potentialAction\":[{\"@type\":\"ReadAction\",\"target\":[\"https:\\\/\\\/www.apen.es\\\/mantenimiento-informatico\\\/mantenimiento-informatico-en-santa-perpetua-de-mogoda\\\/\"]}]},{\"@type\":\"BreadcrumbList\",\"@id\":\"https:\\\/\\\/www.apen.es\\\/mantenimiento-informatico\\\/mantenimiento-informatico-en-santa-perpetua-de-mogoda\\\/#breadcrumb\",\"itemListElement\":[{\"@type\":\"ListItem\",\"position\":1,\"name\":\"Portada\",\"item\":\"https:\\\/\\\/www.apen.es\\\/\"},{\"@type\":\"ListItem\",\"position\":2,\"name\":\"Mantenimiento inform\u00e1tico\",\"item\":\"https:\\\/\\\/www.apen.es\\\/mantenimiento-informatico\\\/\"},{\"@type\":\"ListItem\",\"position\":3,\"name\":\"Mantenimiento inform\u00e1tico en Santa Perpetua de Mogoda\"}]},{\"@type\":\"WebSite\",\"@id\":\"https:\\\/\\\/www.apen.es\\\/#website\",\"url\":\"https:\\\/\\\/www.apen.es\\\/\",\"name\":\"Apen Inform\u00e1tica\",\"description\":\"Mantenimiento Inform\u00e1tico , Software de Gesti\u00f3n, Soluciones de impresi\u00f3n\",\"publisher\":{\"@id\":\"https:\\\/\\\/www.apen.es\\\/#organization\"},\"potentialAction\":[{\"@type\":\"SearchAction\",\"target\":{\"@type\":\"EntryPoint\",\"urlTemplate\":\"https:\\\/\\\/www.apen.es\\\/?s={search_term_string}\"},\"query-input\":{\"@type\":\"PropertyValueSpecification\",\"valueRequired\":true,\"valueName\":\"search_term_string\"}}],\"inLanguage\":\"ca\"},{\"@type\":\"Organization\",\"@id\":\"https:\\\/\\\/www.apen.es\\\/#organization\",\"name\":\"Apen: Soluciones inform\u00e1ticas\",\"url\":\"https:\\\/\\\/www.apen.es\\\/\",\"logo\":{\"@type\":\"ImageObject\",\"inLanguage\":\"ca\",\"@id\":\"https:\\\/\\\/www.apen.es\\\/#\\\/schema\\\/logo\\\/image\\\/\",\"url\":\"https:\\\/\\\/www.apen.es\\\/wp-content\\\/uploads\\\/2022\\\/08\\\/logo-apenok-231x82-1.png\",\"contentUrl\":\"https:\\\/\\\/www.apen.es\\\/wp-content\\\/uploads\\\/2022\\\/08\\\/logo-apenok-231x82-1.png\",\"width\":231,\"height\":82,\"caption\":\"Apen: Soluciones inform\u00e1ticas\"},\"image\":{\"@id\":\"https:\\\/\\\/www.apen.es\\\/#\\\/schema\\\/logo\\\/image\\\/\"},\"sameAs\":[\"https:\\\/\\\/www.facebook.com\\\/apensolucions\",\"https:\\\/\\\/www.youtube.com\\\/user\\\/ApenCentreInformatic\",\"https:\\\/\\\/www.linkedin.com\\\/company\\\/1021771?trk=tyah&trkInfo=clickedVerticalcompanyclickedEntityId1021771idx2-1-2tarId1464195271196tasapenin\"]}]}<\/script>\n<!-- \/ Yoast SEO plugin. -->","yoast_head_json":{"title":"Manteniment inform\u00e0tic a Santa Perp\u00e8tua de Mogoda - Apen Inform\u00e0tica","description":"Servei de manteniment inform\u00e0tic per a empreses a Santa Perpetua de Mogoda. Manteniment dordinadors i servidors. L\u00edders a Barcelona.","robots":{"index":"index","follow":"follow","max-snippet":"max-snippet:-1","max-image-preview":"max-image-preview:large","max-video-preview":"max-video-preview:-1"},"canonical":"https:\/\/www.apen.es\/ca\/manteniment-informatic\/manteniment-informatic-a-santa-perpetua-de-mogoda\/","og_locale":"ca_ES","og_type":"article","og_title":"Mantenimiento inform\u00e1tico en Santa Perpetua de Mogoda - Apen Inform\u00e1tica","og_description":"Servicio de mantenimiento inform\u00e1tico para empresas en Santa Perpetua de Mogoda. Mantenimiento de ordenadores y servidores. L\u00edderes en Barcelona.","og_url":"https:\/\/www.apen.es\/ca\/manteniment-informatic\/manteniment-informatic-a-santa-perpetua-de-mogoda\/","og_site_name":"Apen Inform\u00e1tica","article_publisher":"https:\/\/www.facebook.com\/apensolucions","article_modified_time":"2025-03-31T07:11:05+00:00","og_image":[{"width":231,"height":82,"url":"https:\/\/www.apen.es\/wp-content\/uploads\/2016\/05\/logo-apen-231x82-trasparent.png","type":"image\/png"}],"twitter_card":"summary_large_image","twitter_misc":{"Temps estimat de lectura":"10 minuts"},"schema":{"@context":"https:\/\/schema.org","@graph":[{"@type":"WebPage","@id":"https:\/\/www.apen.es\/mantenimiento-informatico\/mantenimiento-informatico-en-santa-perpetua-de-mogoda\/","url":"https:\/\/www.apen.es\/mantenimiento-informatico\/mantenimiento-informatico-en-santa-perpetua-de-mogoda\/","name":"Manteniment inform\u00e0tic a Santa Perp\u00e8tua de Mogoda - Apen Inform\u00e0tica","isPartOf":{"@id":"https:\/\/www.apen.es\/#website"},"datePublished":"2019-10-16T06:58:50+00:00","dateModified":"2025-03-31T07:11:05+00:00","description":"Servei de manteniment inform\u00e0tic per a empreses a Santa Perpetua de Mogoda. Manteniment dordinadors i servidors. L\u00edders a Barcelona.","breadcrumb":{"@id":"https:\/\/www.apen.es\/mantenimiento-informatico\/mantenimiento-informatico-en-santa-perpetua-de-mogoda\/#breadcrumb"},"inLanguage":"ca","potentialAction":[{"@type":"ReadAction","target":["https:\/\/www.apen.es\/mantenimiento-informatico\/mantenimiento-informatico-en-santa-perpetua-de-mogoda\/"]}]},{"@type":"BreadcrumbList","@id":"https:\/\/www.apen.es\/mantenimiento-informatico\/mantenimiento-informatico-en-santa-perpetua-de-mogoda\/#breadcrumb","itemListElement":[{"@type":"ListItem","position":1,"name":"Portada","item":"https:\/\/www.apen.es\/"},{"@type":"ListItem","position":2,"name":"Mantenimiento inform\u00e1tico","item":"https:\/\/www.apen.es\/mantenimiento-informatico\/"},{"@type":"ListItem","position":3,"name":"Mantenimiento inform\u00e1tico en Santa Perpetua de Mogoda"}]},{"@type":"WebSite","@id":"https:\/\/www.apen.es\/#website","url":"https:\/\/www.apen.es\/","name":"Apen Inform\u00e0tica","description":"Manteniment inform\u00e0tic , programari de gesti\u00f3, solucions d&#039;impressi\u00f3","publisher":{"@id":"https:\/\/www.apen.es\/#organization"},"potentialAction":[{"@type":"SearchAction","target":{"@type":"EntryPoint","urlTemplate":"https:\/\/www.apen.es\/?s={search_term_string}"},"query-input":{"@type":"PropertyValueSpecification","valueRequired":true,"valueName":"search_term_string"}}],"inLanguage":"ca"},{"@type":"Organization","@id":"https:\/\/www.apen.es\/#organization","name":"Apen: Solucions inform\u00e0tiques","url":"https:\/\/www.apen.es\/","logo":{"@type":"ImageObject","inLanguage":"ca","@id":"https:\/\/www.apen.es\/#\/schema\/logo\/image\/","url":"https:\/\/www.apen.es\/wp-content\/uploads\/2022\/08\/logo-apenok-231x82-1.png","contentUrl":"https:\/\/www.apen.es\/wp-content\/uploads\/2022\/08\/logo-apenok-231x82-1.png","width":231,"height":82,"caption":"Apen: Soluciones inform\u00e1ticas"},"image":{"@id":"https:\/\/www.apen.es\/#\/schema\/logo\/image\/"},"sameAs":["https:\/\/www.facebook.com\/apensolucions","https:\/\/www.youtube.com\/user\/ApenCentreInformatic","https:\/\/www.linkedin.com\/company\/1021771?trk=tyah&trkInfo=clickedVerticalcompanyclickedEntityId1021771idx2-1-2tarId1464195271196tasapenin"]}]}},"taxonomy_info":[],"featured_image_src_large":false,"author_info":{"display_name":"marqueting","author_link":"https:\/\/www.apen.es\/ca\/blog\/author\/marqueting\/"},"comment_info":0,"_links":{"self":[{"href":"https:\/\/www.apen.es\/ca\/wp-json\/wp\/v2\/pages\/14859","targetHints":{"allow":["GET"]}}],"collection":[{"href":"https:\/\/www.apen.es\/ca\/wp-json\/wp\/v2\/pages"}],"about":[{"href":"https:\/\/www.apen.es\/ca\/wp-json\/wp\/v2\/types\/page"}],"author":[{"embeddable":true,"href":"https:\/\/www.apen.es\/ca\/wp-json\/wp\/v2\/users\/4"}],"replies":[{"embeddable":true,"href":"https:\/\/www.apen.es\/ca\/wp-json\/wp\/v2\/comments?post=14859"}],"version-history":[{"count":2,"href":"https:\/\/www.apen.es\/ca\/wp-json\/wp\/v2\/pages\/14859\/revisions"}],"predecessor-version":[{"id":54608,"href":"https:\/\/www.apen.es\/ca\/wp-json\/wp\/v2\/pages\/14859\/revisions\/54608"}],"up":[{"embeddable":true,"href":"https:\/\/www.apen.es\/ca\/wp-json\/wp\/v2\/pages\/1357"}],"wp:attachment":[{"href":"https:\/\/www.apen.es\/ca\/wp-json\/wp\/v2\/media?parent=14859"}],"curies":[{"name":"wp","href":"https:\/\/api.w.org\/{rel}","templated":true}]}}