{"id":14855,"date":"2019-10-16T06:47:27","date_gmt":"2019-10-16T06:47:27","guid":{"rendered":"https:\/\/www.apen.es\/?page_id=14855"},"modified":"2025-03-31T06:26:20","modified_gmt":"2025-03-31T06:26:20","slug":"manteniment-informatic-palau-solita-i-plegamans","status":"publish","type":"page","link":"https:\/\/www.apen.es\/ca\/mantenimiento-informatico\/mantenimiento-informatico-palau-solita-i-plegamans\/","title":{"rendered":"Manteniment inform\u00e0tic Palau-Solita i Plegamans"},"content":{"rendered":"<p>El servei de&nbsp;<strong>manteniment inform\u00e0tic a Palau-Solita i Plegamans<\/strong>, que oferim a la nostra empresa \u00e9s totalment integral i innovador dins del sector. A m\u00e9s, sempre intentem que tots els nostres serveis s&#039;adaptin a les necessitats de tots i cadascun dels nostres clients, \u00e9s a dir que a l&#039;hora de parlar del manteniment que oferim a la nostra empresa, podem dir que es tracta d&#039;un pla personalitzat per a cadascun de vosaltres, sempre partint de les tres propostes bases que tenim, ia partir d&#039;aqu\u00ed les podem modificar segons els interessos de cadasc\u00fa.<\/p>\n\n\n\n<p>Per comen\u00e7ar, una de les propostes que oferim de&nbsp;<strong>manteniment inform\u00e0tic a Palau-Solita i Plegamans&nbsp;<\/strong>\u00e9s el servei Premium SPC (Suport \u2013 Prevenci\u00f3 \u2013 Correctiu), que \u00e9s una de les opcions m\u00e9s recomanables per a la majoria d&#039;empreses, ja que \u00e9s una opci\u00f3 molt completa on s&#039;inclouen la majoria de serveis relacionats amb el manteniment inform\u00e0tics i t\u00e9 un preu tancat cada mes, per la qual cosa a final de mes no us endureu sorpreses inesperades.<\/p>\n\n\n\n<p>Tamb\u00e9 comptem amb un servei de manteniment Base, el qual \u00fanicament es cobreixen els aspectes que s\u00f3n m\u00e9s b\u00e0sics i necessaris, per\u00f2 si voleu altres serveis addicionals, podreu gaudir d&#039;un gran descompte pel que no us sortir\u00e0 tan car i sempre gaudireu de tots els avantatges de la nostra empresa. Finalment, tenim un pla que no \u00e9s tan complet com el primer cas per\u00f2 s\u00ed que alguna cosa m\u00e9s que aquest darrer, es tracta del servei de manteniment Outsourcing, amb el qual tamb\u00e9 podreu gaudir de meravellosos descomptes a m\u00e9s dels que ja estan inclosos al preu final de cada mes.<\/p>\n\n\n\n<p>Per escollir el servei de de&nbsp;<strong>manteniment inform\u00e0tic a Palau-Solita i Plegamans&nbsp;<\/strong>que m\u00e9s s&#039;adapta a les vostres necessitats ia les caracter\u00edstiques de la vostra empresa, farem un estudi previ de les necessitats que t\u00e9 la vostra empresa i partint dels recursos que teniu. Aix\u00f2 ho realitzarem gr\u00e0cies al nostre gran equip format pels millors professionals del sector, els quals han estat escollits un per un per assegurar-nos que us oferim el millor resultat, i que compleixen tots els requisits b\u00e0sics, \u00e9s a dir que tenen una bona formaci\u00f3 i totes les qualitats necess\u00e0ries per garantir el millor tracte cap als nostres clients, sempre seguint els nostres valors.<\/p>\n\n\n\n<p>A m\u00e9s del&nbsp;<strong>manteniment inform\u00e0tic a Palau-Solita i Plegamans&nbsp;<\/strong>a la nostra empresa oferim molts altres serveis relacionats amb la inform\u00e0tica, per la qual cosa si creieu que a la vostra empresa us cal aquesta empenta per incorporar les noves tecnologies en la vostra manera de treballar i estar sempre actualitzats, no dubteu en posar-vos en contacte amb nosaltres, ja que estarem encantats d&#039;atendre-us i de poder-vos ajudar.<\/p>","protected":false},"excerpt":{"rendered":"<p>El servicio de&nbsp;mantenimiento inform\u00e1tico en Palau-Solita i Plegamans, que ofrecemos en nuestra empresa es totalmente integral e innovador dentro del sector. Adem\u00e1s, siempre intentamos que todos nuestros servicios se adapten a las necesidades de todos y cada uno de nuestros clientes, es decir que a la hora de hablar del mantenimiento que ofrecemos en nuestra&#8230;<\/p>","protected":false},"author":4,"featured_media":0,"parent":1357,"menu_order":0,"comment_status":"closed","ping_status":"closed","template":"page-servicio-informatico.php","meta":{"_acf_changed":false,"_kad_blocks_custom_css":"","_kad_blocks_head_custom_js":"","_kad_blocks_body_custom_js":"","_kad_blocks_footer_custom_js":"","_kad_post_transparent":"","_kad_post_title":"","_kad_post_layout":"","_kad_post_sidebar_id":"","_kad_post_content_style":"","_kad_post_vertical_padding":"","_kad_post_feature":"","_kad_post_feature_position":"","_kad_post_header":false,"_kad_post_footer":false,"_kad_post_classname":"","footnotes":""},"class_list":["post-14855","page","type-page","status-publish","hentry"],"acf":[],"yoast_head":"<!-- This site is optimized with the Yoast SEO plugin v27.4 - https:\/\/yoast.com\/product\/yoast-seo-wordpress\/ -->\n<title>Mantenimiento inform\u00e1tico Palau-Solita i Plegamans - Apen Inform\u00e1tica<\/title>\n<meta name=\"description\" content=\"Servicio de mantenimiento inform\u00e1tico para empresas en Palau Solit\u00e0 i Plegamans. Mantenimiento de ordenadores y servidores. L\u00edderes en Barcelona.\" \/>\n<meta name=\"robots\" content=\"index, follow, max-snippet:-1, max-image-preview:large, max-video-preview:-1\" \/>\n<link rel=\"canonical\" href=\"https:\/\/www.apen.es\/ca\/manteniment-informatic\/manteniment-informatic-palau-solita-i-plegamans\/\" \/>\n<meta property=\"og:locale\" content=\"ca_ES\" \/>\n<meta property=\"og:type\" content=\"article\" \/>\n<meta property=\"og:title\" content=\"Mantenimiento inform\u00e1tico Palau-Solita i Plegamans - Apen Inform\u00e1tica\" \/>\n<meta property=\"og:description\" content=\"Servicio de mantenimiento inform\u00e1tico para empresas en Palau Solit\u00e0 i Plegamans. Mantenimiento de ordenadores y servidores. L\u00edderes en Barcelona.\" \/>\n<meta property=\"og:url\" content=\"https:\/\/www.apen.es\/ca\/manteniment-informatic\/manteniment-informatic-palau-solita-i-plegamans\/\" \/>\n<meta property=\"og:site_name\" content=\"Apen Inform\u00e1tica\" \/>\n<meta property=\"article:publisher\" content=\"https:\/\/www.facebook.com\/apensolucions\" \/>\n<meta property=\"article:modified_time\" content=\"2025-03-31T06:26:20+00:00\" \/>\n<meta property=\"og:image\" content=\"https:\/\/www.apen.es\/wp-content\/uploads\/2016\/05\/logo-apen-231x82-trasparent.png\" \/>\n\t<meta property=\"og:image:width\" content=\"231\" \/>\n\t<meta property=\"og:image:height\" content=\"82\" \/>\n\t<meta property=\"og:image:type\" content=\"image\/png\" \/>\n<meta name=\"twitter:card\" content=\"summary_large_image\" \/>\n<meta name=\"twitter:label1\" content=\"Temps estimat de lectura\" \/>\n\t<meta name=\"twitter:data1\" content=\"10 minuts\" \/>\n<script type=\"application\/ld+json\" class=\"yoast-schema-graph\">{\"@context\":\"https:\\\/\\\/schema.org\",\"@graph\":[{\"@type\":\"WebPage\",\"@id\":\"https:\\\/\\\/www.apen.es\\\/mantenimiento-informatico\\\/mantenimiento-informatico-palau-solita-i-plegamans\\\/\",\"url\":\"https:\\\/\\\/www.apen.es\\\/mantenimiento-informatico\\\/mantenimiento-informatico-palau-solita-i-plegamans\\\/\",\"name\":\"Mantenimiento inform\u00e1tico Palau-Solita i Plegamans - Apen Inform\u00e1tica\",\"isPartOf\":{\"@id\":\"https:\\\/\\\/www.apen.es\\\/#website\"},\"datePublished\":\"2019-10-16T06:47:27+00:00\",\"dateModified\":\"2025-03-31T06:26:20+00:00\",\"description\":\"Servicio de mantenimiento inform\u00e1tico para empresas en Palau Solit\u00e0 i Plegamans. Mantenimiento de ordenadores y servidores. L\u00edderes en Barcelona.\",\"breadcrumb\":{\"@id\":\"https:\\\/\\\/www.apen.es\\\/mantenimiento-informatico\\\/mantenimiento-informatico-palau-solita-i-plegamans\\\/#breadcrumb\"},\"inLanguage\":\"ca\",\"potentialAction\":[{\"@type\":\"ReadAction\",\"target\":[\"https:\\\/\\\/www.apen.es\\\/mantenimiento-informatico\\\/mantenimiento-informatico-palau-solita-i-plegamans\\\/\"]}]},{\"@type\":\"BreadcrumbList\",\"@id\":\"https:\\\/\\\/www.apen.es\\\/mantenimiento-informatico\\\/mantenimiento-informatico-palau-solita-i-plegamans\\\/#breadcrumb\",\"itemListElement\":[{\"@type\":\"ListItem\",\"position\":1,\"name\":\"Portada\",\"item\":\"https:\\\/\\\/www.apen.es\\\/\"},{\"@type\":\"ListItem\",\"position\":2,\"name\":\"Mantenimiento inform\u00e1tico\",\"item\":\"https:\\\/\\\/www.apen.es\\\/mantenimiento-informatico\\\/\"},{\"@type\":\"ListItem\",\"position\":3,\"name\":\"Mantenimiento inform\u00e1tico Palau-Solita i Plegamans\"}]},{\"@type\":\"WebSite\",\"@id\":\"https:\\\/\\\/www.apen.es\\\/#website\",\"url\":\"https:\\\/\\\/www.apen.es\\\/\",\"name\":\"Apen Inform\u00e1tica\",\"description\":\"Mantenimiento Inform\u00e1tico , Software de Gesti\u00f3n, Soluciones de impresi\u00f3n\",\"publisher\":{\"@id\":\"https:\\\/\\\/www.apen.es\\\/#organization\"},\"potentialAction\":[{\"@type\":\"SearchAction\",\"target\":{\"@type\":\"EntryPoint\",\"urlTemplate\":\"https:\\\/\\\/www.apen.es\\\/?s={search_term_string}\"},\"query-input\":{\"@type\":\"PropertyValueSpecification\",\"valueRequired\":true,\"valueName\":\"search_term_string\"}}],\"inLanguage\":\"ca\"},{\"@type\":\"Organization\",\"@id\":\"https:\\\/\\\/www.apen.es\\\/#organization\",\"name\":\"Apen: Soluciones inform\u00e1ticas\",\"url\":\"https:\\\/\\\/www.apen.es\\\/\",\"logo\":{\"@type\":\"ImageObject\",\"inLanguage\":\"ca\",\"@id\":\"https:\\\/\\\/www.apen.es\\\/#\\\/schema\\\/logo\\\/image\\\/\",\"url\":\"https:\\\/\\\/www.apen.es\\\/wp-content\\\/uploads\\\/2022\\\/08\\\/logo-apenok-231x82-1.png\",\"contentUrl\":\"https:\\\/\\\/www.apen.es\\\/wp-content\\\/uploads\\\/2022\\\/08\\\/logo-apenok-231x82-1.png\",\"width\":231,\"height\":82,\"caption\":\"Apen: Soluciones inform\u00e1ticas\"},\"image\":{\"@id\":\"https:\\\/\\\/www.apen.es\\\/#\\\/schema\\\/logo\\\/image\\\/\"},\"sameAs\":[\"https:\\\/\\\/www.facebook.com\\\/apensolucions\",\"https:\\\/\\\/www.youtube.com\\\/user\\\/ApenCentreInformatic\",\"https:\\\/\\\/www.linkedin.com\\\/company\\\/1021771?trk=tyah&trkInfo=clickedVerticalcompanyclickedEntityId1021771idx2-1-2tarId1464195271196tasapenin\"]}]}<\/script>\n<!-- \/ Yoast SEO plugin. -->","yoast_head_json":{"title":"Manteniment inform\u00e0tic Palau-Solita i Plegamans - Apen Inform\u00e0tica","description":"Servei de manteniment inform\u00e0tic per a empreses a Palau Solit\u00e0 i Plegamans. Manteniment dordinadors i servidors. L\u00edders a Barcelona.","robots":{"index":"index","follow":"follow","max-snippet":"max-snippet:-1","max-image-preview":"max-image-preview:large","max-video-preview":"max-video-preview:-1"},"canonical":"https:\/\/www.apen.es\/ca\/manteniment-informatic\/manteniment-informatic-palau-solita-i-plegamans\/","og_locale":"ca_ES","og_type":"article","og_title":"Mantenimiento inform\u00e1tico Palau-Solita i Plegamans - Apen Inform\u00e1tica","og_description":"Servicio de mantenimiento inform\u00e1tico para empresas en Palau Solit\u00e0 i Plegamans. Mantenimiento de ordenadores y servidores. L\u00edderes en Barcelona.","og_url":"https:\/\/www.apen.es\/ca\/manteniment-informatic\/manteniment-informatic-palau-solita-i-plegamans\/","og_site_name":"Apen Inform\u00e1tica","article_publisher":"https:\/\/www.facebook.com\/apensolucions","article_modified_time":"2025-03-31T06:26:20+00:00","og_image":[{"width":231,"height":82,"url":"https:\/\/www.apen.es\/wp-content\/uploads\/2016\/05\/logo-apen-231x82-trasparent.png","type":"image\/png"}],"twitter_card":"summary_large_image","twitter_misc":{"Temps estimat de lectura":"10 minuts"},"schema":{"@context":"https:\/\/schema.org","@graph":[{"@type":"WebPage","@id":"https:\/\/www.apen.es\/mantenimiento-informatico\/mantenimiento-informatico-palau-solita-i-plegamans\/","url":"https:\/\/www.apen.es\/mantenimiento-informatico\/mantenimiento-informatico-palau-solita-i-plegamans\/","name":"Manteniment inform\u00e0tic Palau-Solita i Plegamans - Apen Inform\u00e0tica","isPartOf":{"@id":"https:\/\/www.apen.es\/#website"},"datePublished":"2019-10-16T06:47:27+00:00","dateModified":"2025-03-31T06:26:20+00:00","description":"Servei de manteniment inform\u00e0tic per a empreses a Palau Solit\u00e0 i Plegamans. Manteniment dordinadors i servidors. L\u00edders a Barcelona.","breadcrumb":{"@id":"https:\/\/www.apen.es\/mantenimiento-informatico\/mantenimiento-informatico-palau-solita-i-plegamans\/#breadcrumb"},"inLanguage":"ca","potentialAction":[{"@type":"ReadAction","target":["https:\/\/www.apen.es\/mantenimiento-informatico\/mantenimiento-informatico-palau-solita-i-plegamans\/"]}]},{"@type":"BreadcrumbList","@id":"https:\/\/www.apen.es\/mantenimiento-informatico\/mantenimiento-informatico-palau-solita-i-plegamans\/#breadcrumb","itemListElement":[{"@type":"ListItem","position":1,"name":"Portada","item":"https:\/\/www.apen.es\/"},{"@type":"ListItem","position":2,"name":"Mantenimiento inform\u00e1tico","item":"https:\/\/www.apen.es\/mantenimiento-informatico\/"},{"@type":"ListItem","position":3,"name":"Mantenimiento inform\u00e1tico Palau-Solita i Plegamans"}]},{"@type":"WebSite","@id":"https:\/\/www.apen.es\/#website","url":"https:\/\/www.apen.es\/","name":"Apen Inform\u00e0tica","description":"Manteniment inform\u00e0tic , programari de gesti\u00f3, solucions d&#039;impressi\u00f3","publisher":{"@id":"https:\/\/www.apen.es\/#organization"},"potentialAction":[{"@type":"SearchAction","target":{"@type":"EntryPoint","urlTemplate":"https:\/\/www.apen.es\/?s={search_term_string}"},"query-input":{"@type":"PropertyValueSpecification","valueRequired":true,"valueName":"search_term_string"}}],"inLanguage":"ca"},{"@type":"Organization","@id":"https:\/\/www.apen.es\/#organization","name":"Apen: Solucions inform\u00e0tiques","url":"https:\/\/www.apen.es\/","logo":{"@type":"ImageObject","inLanguage":"ca","@id":"https:\/\/www.apen.es\/#\/schema\/logo\/image\/","url":"https:\/\/www.apen.es\/wp-content\/uploads\/2022\/08\/logo-apenok-231x82-1.png","contentUrl":"https:\/\/www.apen.es\/wp-content\/uploads\/2022\/08\/logo-apenok-231x82-1.png","width":231,"height":82,"caption":"Apen: Soluciones inform\u00e1ticas"},"image":{"@id":"https:\/\/www.apen.es\/#\/schema\/logo\/image\/"},"sameAs":["https:\/\/www.facebook.com\/apensolucions","https:\/\/www.youtube.com\/user\/ApenCentreInformatic","https:\/\/www.linkedin.com\/company\/1021771?trk=tyah&trkInfo=clickedVerticalcompanyclickedEntityId1021771idx2-1-2tarId1464195271196tasapenin"]}]}},"taxonomy_info":[],"featured_image_src_large":false,"author_info":{"display_name":"marqueting","author_link":"https:\/\/www.apen.es\/ca\/blog\/author\/marqueting\/"},"comment_info":0,"_links":{"self":[{"href":"https:\/\/www.apen.es\/ca\/wp-json\/wp\/v2\/pages\/14855","targetHints":{"allow":["GET"]}}],"collection":[{"href":"https:\/\/www.apen.es\/ca\/wp-json\/wp\/v2\/pages"}],"about":[{"href":"https:\/\/www.apen.es\/ca\/wp-json\/wp\/v2\/types\/page"}],"author":[{"embeddable":true,"href":"https:\/\/www.apen.es\/ca\/wp-json\/wp\/v2\/users\/4"}],"replies":[{"embeddable":true,"href":"https:\/\/www.apen.es\/ca\/wp-json\/wp\/v2\/comments?post=14855"}],"version-history":[{"count":2,"href":"https:\/\/www.apen.es\/ca\/wp-json\/wp\/v2\/pages\/14855\/revisions"}],"predecessor-version":[{"id":54516,"href":"https:\/\/www.apen.es\/ca\/wp-json\/wp\/v2\/pages\/14855\/revisions\/54516"}],"up":[{"embeddable":true,"href":"https:\/\/www.apen.es\/ca\/wp-json\/wp\/v2\/pages\/1357"}],"wp:attachment":[{"href":"https:\/\/www.apen.es\/ca\/wp-json\/wp\/v2\/media?parent=14855"}],"curies":[{"name":"wp","href":"https:\/\/api.w.org\/{rel}","templated":true}]}}