{"id":14852,"date":"2019-10-16T06:43:33","date_gmt":"2019-10-16T06:43:33","guid":{"rendered":"https:\/\/www.apen.es\/?page_id=14852"},"modified":"2025-03-31T06:26:08","modified_gmt":"2025-03-31T06:26:08","slug":"manteniment-informatic-a-sant-quirze-de-les-valls","status":"publish","type":"page","link":"https:\/\/www.apen.es\/ca\/mantenimiento-informatico\/mantenimiento-informatico-en-sant-quirze-del-valles\/","title":{"rendered":"Manteniment inform\u00e0tic a Sant Quirze del Vall\u00e8s"},"content":{"rendered":"<p>Apen, som una empresa d&#039;inform\u00e0tica i tecnologia, en la qual estem especialitzats en el&nbsp;<strong>manteniment inform\u00e0tic a Sant Quirze del Vall\u00e8s<\/strong>, per\u00f2 no nom\u00e9s oferim aquest servei, sin\u00f3 que en tenim molts altres com per exemple, tamb\u00e9 hem de destacar que som especialistes en assessorar i oferir una gran quantitat de solucions tecnol\u00f2giques que van m\u00e9s enll\u00e0 del manteniment d&#039;equips inform\u00e0tics, com per exemple, centraletes virtuals, impressores amb preu per c\u00f2pia, formaci\u00f3 i instal\u00b7laci\u00f3 de programaris de gesti\u00f3 i moltes altres coses que podeu descobrir a la nostra p\u00e0gina web.<\/p>\n\n\n\n<p>A la nostra empresa podr\u00e0s gaudir de molts serveis diferents, tots pensats per millorar la productivitat de l&#039;empresa, la gesti\u00f3, l&#039;organitzaci\u00f3 i els equips inform\u00e0tics, a m\u00e9s tamb\u00e9, per estalviar costos, prevenir riscos i molts altres beneficis que nom\u00e9s podreu con\u00e8ixer si confieu en nosaltres i en els serveis que oferim.<\/p>\n\n\n\n<p>Per poder oferir un servei totalment personalitzat a tots i cadascun dels nostres clients, hem creat tres plans diferents en els quals s&#039;inclouen diversos dels serveis que oferim relacionats amb el&nbsp;<strong>manteniment inform\u00e0tic a Sant Quirze del Vall\u00e8s<\/strong>, els quals s\u00f3n en primer lloc el manteniment Base, que sens dubte \u00e9s una de les opcions m\u00e9s simples per\u00f2 suficient per a les empreses m\u00e9s petites o amb poca tecnologia incorporada a les seves tasques di\u00e0ries. En segon lloc, tenim el manteniment Outsourcing que \u00e9s una mica m\u00e9s complet que l&#039;anterior.<\/p>\n\n\n\n<p>Finalment, tenim el manteniment Premium SPC (Suport, prevenci\u00f3 i correctiu), que \u00e9s l&#039;opci\u00f3 m\u00e9s completa en qu\u00e8 s&#039;ofereixen tots els serveis de<strong>&nbsp;manteniment inform\u00e0tic a Sant Quirze del Vall\u00e8s<\/strong>, englobats en un \u00fanic pagament al final de mes, per la qual cosa aix\u00ed ens assegurem que passi el que passi, cada mes pagarem el mateix. De tota manera, en els altres dos serveis que hem descrit anteriorment, encara que no estigui tot incl\u00f2s, cal destacar que a la resta de coses podran gaudir de grans descomptes, per la qual cosa les factures a final de mes tampoc no seran gaire m\u00e9s grans.<\/p>\n\n\n\n<p>Aix\u00ed que si voleu saber m\u00e9s sobre qualsevol d&#039;aquests serveis i ser la propera empresa a gaudir dels beneficis de comptar amb els nostres serveis de&nbsp;<strong>manteniment inform\u00e0tic a Sant Quirze del Vall\u00e8s<\/strong>, no dubteu en posar-vos en contacte amb nosaltres al m\u00e9s aviat possible, ja que estarem encantats d&#039;atendre-us i poder-vos ajudar. Finalment, tamb\u00e9 destacar, que a la nostra empresa a part del nostre equip de professionals que estan a la vostra disposici\u00f3, tamb\u00e9 comptem amb un bloc, on podreu trobar una gran varietat d&#039;articles on expliquem consells i idees relacionades amb el nostre sector que segur que us poden ser molt \u00fatils, aix\u00ed que no us els podeu perdre.<\/p>","protected":false},"excerpt":{"rendered":"<p>Apen, somos una empresa de inform\u00e1tica y tecnolog\u00eda, en la cual estamos especializados en el&nbsp;mantenimiento inform\u00e1tico en Sant Quirze del Vall\u00e8s, pero no solo ofrecemos este servicio, sino que tenemos muchos otros como por ejemplo, tambi\u00e9n debemos destacar que somos especialistas en asesorar y en ofrecer una gran cantidad de soluciones tecnol\u00f3gicas que van m\u00e1s&#8230;<\/p>","protected":false},"author":4,"featured_media":0,"parent":1357,"menu_order":0,"comment_status":"closed","ping_status":"closed","template":"page-servicio-informatico.php","meta":{"_acf_changed":false,"_kad_blocks_custom_css":"","_kad_blocks_head_custom_js":"","_kad_blocks_body_custom_js":"","_kad_blocks_footer_custom_js":"","_kad_post_transparent":"","_kad_post_title":"","_kad_post_layout":"","_kad_post_sidebar_id":"","_kad_post_content_style":"","_kad_post_vertical_padding":"","_kad_post_feature":"","_kad_post_feature_position":"","_kad_post_header":false,"_kad_post_footer":false,"_kad_post_classname":"","footnotes":""},"class_list":["post-14852","page","type-page","status-publish","hentry"],"acf":[],"yoast_head":"<!-- This site is optimized with the Yoast SEO plugin v27.4 - https:\/\/yoast.com\/product\/yoast-seo-wordpress\/ -->\n<title>Mantenimiento inform\u00e1tico en Sant Quirze del Vall\u00e8s - Apen Inform\u00e1tica<\/title>\n<meta name=\"description\" content=\"Servicio de mantenimiento inform\u00e1tico para empresas en Sant Quirze del Vall\u00e8s. Mantenimiento de ordenadores y servidores. L\u00edderes en Barcelona.\" \/>\n<meta name=\"robots\" content=\"index, follow, max-snippet:-1, max-image-preview:large, max-video-preview:-1\" \/>\n<link rel=\"canonical\" href=\"https:\/\/www.apen.es\/ca\/manteniment-informatic\/manteniment-informatic-a-sant-quirze-de-les-valls\/\" \/>\n<meta property=\"og:locale\" content=\"ca_ES\" \/>\n<meta property=\"og:type\" content=\"article\" \/>\n<meta property=\"og:title\" content=\"Mantenimiento inform\u00e1tico en Sant Quirze del Vall\u00e8s - Apen Inform\u00e1tica\" \/>\n<meta property=\"og:description\" content=\"Servicio de mantenimiento inform\u00e1tico para empresas en Sant Quirze del Vall\u00e8s. Mantenimiento de ordenadores y servidores. L\u00edderes en Barcelona.\" \/>\n<meta property=\"og:url\" content=\"https:\/\/www.apen.es\/ca\/manteniment-informatic\/manteniment-informatic-a-sant-quirze-de-les-valls\/\" \/>\n<meta property=\"og:site_name\" content=\"Apen Inform\u00e1tica\" \/>\n<meta property=\"article:publisher\" content=\"https:\/\/www.facebook.com\/apensolucions\" \/>\n<meta property=\"article:modified_time\" content=\"2025-03-31T06:26:08+00:00\" \/>\n<meta property=\"og:image\" content=\"https:\/\/www.apen.es\/wp-content\/uploads\/2016\/05\/logo-apen-231x82-trasparent.png\" \/>\n\t<meta property=\"og:image:width\" content=\"231\" \/>\n\t<meta property=\"og:image:height\" content=\"82\" \/>\n\t<meta property=\"og:image:type\" content=\"image\/png\" \/>\n<meta name=\"twitter:card\" content=\"summary_large_image\" \/>\n<meta name=\"twitter:label1\" content=\"Temps estimat de lectura\" \/>\n\t<meta name=\"twitter:data1\" content=\"10 minuts\" \/>\n<script type=\"application\/ld+json\" class=\"yoast-schema-graph\">{\"@context\":\"https:\\\/\\\/schema.org\",\"@graph\":[{\"@type\":\"WebPage\",\"@id\":\"https:\\\/\\\/www.apen.es\\\/mantenimiento-informatico\\\/mantenimiento-informatico-en-sant-quirze-del-valles\\\/\",\"url\":\"https:\\\/\\\/www.apen.es\\\/mantenimiento-informatico\\\/mantenimiento-informatico-en-sant-quirze-del-valles\\\/\",\"name\":\"Mantenimiento inform\u00e1tico en Sant Quirze del Vall\u00e8s - Apen Inform\u00e1tica\",\"isPartOf\":{\"@id\":\"https:\\\/\\\/www.apen.es\\\/#website\"},\"datePublished\":\"2019-10-16T06:43:33+00:00\",\"dateModified\":\"2025-03-31T06:26:08+00:00\",\"description\":\"Servicio de mantenimiento inform\u00e1tico para empresas en Sant Quirze del Vall\u00e8s. Mantenimiento de ordenadores y servidores. L\u00edderes en Barcelona.\",\"breadcrumb\":{\"@id\":\"https:\\\/\\\/www.apen.es\\\/mantenimiento-informatico\\\/mantenimiento-informatico-en-sant-quirze-del-valles\\\/#breadcrumb\"},\"inLanguage\":\"ca\",\"potentialAction\":[{\"@type\":\"ReadAction\",\"target\":[\"https:\\\/\\\/www.apen.es\\\/mantenimiento-informatico\\\/mantenimiento-informatico-en-sant-quirze-del-valles\\\/\"]}]},{\"@type\":\"BreadcrumbList\",\"@id\":\"https:\\\/\\\/www.apen.es\\\/mantenimiento-informatico\\\/mantenimiento-informatico-en-sant-quirze-del-valles\\\/#breadcrumb\",\"itemListElement\":[{\"@type\":\"ListItem\",\"position\":1,\"name\":\"Portada\",\"item\":\"https:\\\/\\\/www.apen.es\\\/\"},{\"@type\":\"ListItem\",\"position\":2,\"name\":\"Mantenimiento inform\u00e1tico\",\"item\":\"https:\\\/\\\/www.apen.es\\\/mantenimiento-informatico\\\/\"},{\"@type\":\"ListItem\",\"position\":3,\"name\":\"Mantenimiento inform\u00e1tico en Sant Quirze del Vall\u00e8s\"}]},{\"@type\":\"WebSite\",\"@id\":\"https:\\\/\\\/www.apen.es\\\/#website\",\"url\":\"https:\\\/\\\/www.apen.es\\\/\",\"name\":\"Apen Inform\u00e1tica\",\"description\":\"Mantenimiento Inform\u00e1tico , Software de Gesti\u00f3n, Soluciones de impresi\u00f3n\",\"publisher\":{\"@id\":\"https:\\\/\\\/www.apen.es\\\/#organization\"},\"potentialAction\":[{\"@type\":\"SearchAction\",\"target\":{\"@type\":\"EntryPoint\",\"urlTemplate\":\"https:\\\/\\\/www.apen.es\\\/?s={search_term_string}\"},\"query-input\":{\"@type\":\"PropertyValueSpecification\",\"valueRequired\":true,\"valueName\":\"search_term_string\"}}],\"inLanguage\":\"ca\"},{\"@type\":\"Organization\",\"@id\":\"https:\\\/\\\/www.apen.es\\\/#organization\",\"name\":\"Apen: Soluciones inform\u00e1ticas\",\"url\":\"https:\\\/\\\/www.apen.es\\\/\",\"logo\":{\"@type\":\"ImageObject\",\"inLanguage\":\"ca\",\"@id\":\"https:\\\/\\\/www.apen.es\\\/#\\\/schema\\\/logo\\\/image\\\/\",\"url\":\"https:\\\/\\\/www.apen.es\\\/wp-content\\\/uploads\\\/2022\\\/08\\\/logo-apenok-231x82-1.png\",\"contentUrl\":\"https:\\\/\\\/www.apen.es\\\/wp-content\\\/uploads\\\/2022\\\/08\\\/logo-apenok-231x82-1.png\",\"width\":231,\"height\":82,\"caption\":\"Apen: Soluciones inform\u00e1ticas\"},\"image\":{\"@id\":\"https:\\\/\\\/www.apen.es\\\/#\\\/schema\\\/logo\\\/image\\\/\"},\"sameAs\":[\"https:\\\/\\\/www.facebook.com\\\/apensolucions\",\"https:\\\/\\\/www.youtube.com\\\/user\\\/ApenCentreInformatic\",\"https:\\\/\\\/www.linkedin.com\\\/company\\\/1021771?trk=tyah&trkInfo=clickedVerticalcompanyclickedEntityId1021771idx2-1-2tarId1464195271196tasapenin\"]}]}<\/script>\n<!-- \/ Yoast SEO plugin. -->","yoast_head_json":{"title":"Manteniment inform\u00e0tic a Sant Quirze del Vall\u00e8s - Apen Inform\u00e0tica","description":"Servei de manteniment inform\u00e0tic per a empreses a Sant Quirze del Vall\u00e8s. Manteniment dordinadors i servidors. L\u00edders a Barcelona.","robots":{"index":"index","follow":"follow","max-snippet":"max-snippet:-1","max-image-preview":"max-image-preview:large","max-video-preview":"max-video-preview:-1"},"canonical":"https:\/\/www.apen.es\/ca\/manteniment-informatic\/manteniment-informatic-a-sant-quirze-de-les-valls\/","og_locale":"ca_ES","og_type":"article","og_title":"Mantenimiento inform\u00e1tico en Sant Quirze del Vall\u00e8s - Apen Inform\u00e1tica","og_description":"Servicio de mantenimiento inform\u00e1tico para empresas en Sant Quirze del Vall\u00e8s. Mantenimiento de ordenadores y servidores. L\u00edderes en Barcelona.","og_url":"https:\/\/www.apen.es\/ca\/manteniment-informatic\/manteniment-informatic-a-sant-quirze-de-les-valls\/","og_site_name":"Apen Inform\u00e1tica","article_publisher":"https:\/\/www.facebook.com\/apensolucions","article_modified_time":"2025-03-31T06:26:08+00:00","og_image":[{"width":231,"height":82,"url":"https:\/\/www.apen.es\/wp-content\/uploads\/2016\/05\/logo-apen-231x82-trasparent.png","type":"image\/png"}],"twitter_card":"summary_large_image","twitter_misc":{"Temps estimat de lectura":"10 minuts"},"schema":{"@context":"https:\/\/schema.org","@graph":[{"@type":"WebPage","@id":"https:\/\/www.apen.es\/mantenimiento-informatico\/mantenimiento-informatico-en-sant-quirze-del-valles\/","url":"https:\/\/www.apen.es\/mantenimiento-informatico\/mantenimiento-informatico-en-sant-quirze-del-valles\/","name":"Manteniment inform\u00e0tic a Sant Quirze del Vall\u00e8s - Apen Inform\u00e0tica","isPartOf":{"@id":"https:\/\/www.apen.es\/#website"},"datePublished":"2019-10-16T06:43:33+00:00","dateModified":"2025-03-31T06:26:08+00:00","description":"Servei de manteniment inform\u00e0tic per a empreses a Sant Quirze del Vall\u00e8s. Manteniment dordinadors i servidors. L\u00edders a Barcelona.","breadcrumb":{"@id":"https:\/\/www.apen.es\/mantenimiento-informatico\/mantenimiento-informatico-en-sant-quirze-del-valles\/#breadcrumb"},"inLanguage":"ca","potentialAction":[{"@type":"ReadAction","target":["https:\/\/www.apen.es\/mantenimiento-informatico\/mantenimiento-informatico-en-sant-quirze-del-valles\/"]}]},{"@type":"BreadcrumbList","@id":"https:\/\/www.apen.es\/mantenimiento-informatico\/mantenimiento-informatico-en-sant-quirze-del-valles\/#breadcrumb","itemListElement":[{"@type":"ListItem","position":1,"name":"Portada","item":"https:\/\/www.apen.es\/"},{"@type":"ListItem","position":2,"name":"Mantenimiento inform\u00e1tico","item":"https:\/\/www.apen.es\/mantenimiento-informatico\/"},{"@type":"ListItem","position":3,"name":"Mantenimiento inform\u00e1tico en Sant Quirze del Vall\u00e8s"}]},{"@type":"WebSite","@id":"https:\/\/www.apen.es\/#website","url":"https:\/\/www.apen.es\/","name":"Apen Inform\u00e0tica","description":"Manteniment inform\u00e0tic , programari de gesti\u00f3, solucions d&#039;impressi\u00f3","publisher":{"@id":"https:\/\/www.apen.es\/#organization"},"potentialAction":[{"@type":"SearchAction","target":{"@type":"EntryPoint","urlTemplate":"https:\/\/www.apen.es\/?s={search_term_string}"},"query-input":{"@type":"PropertyValueSpecification","valueRequired":true,"valueName":"search_term_string"}}],"inLanguage":"ca"},{"@type":"Organization","@id":"https:\/\/www.apen.es\/#organization","name":"Apen: Solucions inform\u00e0tiques","url":"https:\/\/www.apen.es\/","logo":{"@type":"ImageObject","inLanguage":"ca","@id":"https:\/\/www.apen.es\/#\/schema\/logo\/image\/","url":"https:\/\/www.apen.es\/wp-content\/uploads\/2022\/08\/logo-apenok-231x82-1.png","contentUrl":"https:\/\/www.apen.es\/wp-content\/uploads\/2022\/08\/logo-apenok-231x82-1.png","width":231,"height":82,"caption":"Apen: Soluciones inform\u00e1ticas"},"image":{"@id":"https:\/\/www.apen.es\/#\/schema\/logo\/image\/"},"sameAs":["https:\/\/www.facebook.com\/apensolucions","https:\/\/www.youtube.com\/user\/ApenCentreInformatic","https:\/\/www.linkedin.com\/company\/1021771?trk=tyah&trkInfo=clickedVerticalcompanyclickedEntityId1021771idx2-1-2tarId1464195271196tasapenin"]}]}},"taxonomy_info":[],"featured_image_src_large":false,"author_info":{"display_name":"marqueting","author_link":"https:\/\/www.apen.es\/ca\/blog\/author\/marqueting\/"},"comment_info":0,"_links":{"self":[{"href":"https:\/\/www.apen.es\/ca\/wp-json\/wp\/v2\/pages\/14852","targetHints":{"allow":["GET"]}}],"collection":[{"href":"https:\/\/www.apen.es\/ca\/wp-json\/wp\/v2\/pages"}],"about":[{"href":"https:\/\/www.apen.es\/ca\/wp-json\/wp\/v2\/types\/page"}],"author":[{"embeddable":true,"href":"https:\/\/www.apen.es\/ca\/wp-json\/wp\/v2\/users\/4"}],"replies":[{"embeddable":true,"href":"https:\/\/www.apen.es\/ca\/wp-json\/wp\/v2\/comments?post=14852"}],"version-history":[{"count":2,"href":"https:\/\/www.apen.es\/ca\/wp-json\/wp\/v2\/pages\/14852\/revisions"}],"predecessor-version":[{"id":54515,"href":"https:\/\/www.apen.es\/ca\/wp-json\/wp\/v2\/pages\/14852\/revisions\/54515"}],"up":[{"embeddable":true,"href":"https:\/\/www.apen.es\/ca\/wp-json\/wp\/v2\/pages\/1357"}],"wp:attachment":[{"href":"https:\/\/www.apen.es\/ca\/wp-json\/wp\/v2\/media?parent=14852"}],"curies":[{"name":"wp","href":"https:\/\/api.w.org\/{rel}","templated":true}]}}