{"id":14800,"date":"2019-10-15T08:00:55","date_gmt":"2019-10-15T08:00:55","guid":{"rendered":"https:\/\/www.apen.es\/?page_id=14800"},"modified":"2025-03-31T07:10:54","modified_gmt":"2025-03-31T07:10:54","slug":"manteniment-informatic-sant-adria-de-petons","status":"publish","type":"page","link":"https:\/\/www.apen.es\/ca\/mantenimiento-informatico\/mantenimiento-informatico-sant-adria-de-besos\/","title":{"rendered":"Manteniment inform\u00e0tic Sant Adri\u00e0 de Bes\u00f2s"},"content":{"rendered":"<p>Si vols que els teus equips inform\u00e0tics durin molts anys i es mantinguin en perfecte estat, el millor \u00e9s apostar per una empresa especialitzada en el&nbsp;<strong>manteniment inform\u00e0tic<\/strong>&nbsp;a&nbsp;<strong>Sant Adri\u00e0 del Bes\u00f2s,&nbsp;<\/strong>que s&#039;ocupi de dur a terme la instal\u00b7laci\u00f3, el manteniment, l&#039;assist\u00e8ncia t\u00e8cnica, la reparaci\u00f3 o la substituci\u00f3 d&#039;equips en cas d&#039;avaria. A Apen, despr\u00e9s de m\u00e9s de 25 anys d&#039;experi\u00e8ncia en el manteniment i tamb\u00e9 en la seguretat inform\u00e0tica, podem assegurar-te que tenir cura dels teus ordinadors \u00e9s realment important, ja que \u00e9s la principal eina de treball perqu\u00e8 qualsevol empresa pugui funcionar de forma competitiva i eficient.<\/p>\n\n\n\n<p>A Apen trobar\u00e0s tres opcions per gaudir d&#039;un&nbsp;<strong>manteniment inform\u00e0tic<\/strong>&nbsp;professional a&nbsp;<strong>Sant Adri\u00e0 del Bes\u00f2s<\/strong>:<\/p>\n\n\n\n<ul class=\"wp-block-list\">\n<li>Manteniment Base; Una opci\u00f3 b\u00e0sica per\u00f2 eficient, que compta amb les prestacions essencials per tenir cura dels equips inform\u00e0tics duna empresa de petites dimensions.<\/li>\n\n\n\n<li>Manteniment Outsourcing; Un manteniment inform\u00e0tic intermedi dissenyat per a aquelles empreses que volen complementar el servei inform\u00e0tic que ja tenen o b\u00e9 en volen contractar un, perqu\u00e8 actualment no en tenen cap.<\/li>\n\n\n\n<li>Manteniment Premium; Es tracta de l&#039;opci\u00f3 m\u00e9s completa, ja que compta amb totes les prestacions possibles i funciona a trav\u00e9s del monitoratge, presentant funcions espec\u00edfiques preventives i correctives, per poder obtenir un manteniment inform\u00e0tic professional i de gran qualitat en els equips tecnol\u00f2gics.<\/li>\n<\/ul>\n\n\n\n<p>A Apen tamb\u00e9 podr\u00e0s trobar altres propostes per millorar la gesti\u00f3 empresarial, com ara la implantaci\u00f3 d&#039;un programari ERP, capa\u00e7 d&#039;unificar cadascun dels departaments de l&#039;empresa en un mateix programa, per revisar i controlar tota l&#039;estructura empresarial d&#039;una manera r\u00e0pida i intu\u00eftiva. A m\u00e9s, a Apen et presentem solucions cloud i propostes noves per millorar la gesti\u00f3 de les teves impressions.<\/p>\n\n\n\n<p>Gaudeix del major rendiment dels teus equips contractant els serveis professionals de&nbsp;<strong>manteniment inform\u00e0tic<\/strong>&nbsp;a&nbsp;<strong>Sant Adri\u00e0<\/strong>&nbsp;<strong>del Bes\u00f2s<\/strong>&nbsp;d&#039;Apen i obt\u00e9 resultats positius des del primer dia. Guanya confian\u00e7a, millora la comunicaci\u00f3 interna, augmenta la teva productivitat, millora la teva imatge de marca, la log\u00edstica, la facturaci\u00f3, la manera de treballar, la gesti\u00f3 i connectivitat dels teus equips, entre molts altres avantatges, gr\u00e0cies a la professionalitat del nostre equip t\u00e8cnic.<\/p>\n\n\n\n<p>A la nostra p\u00e0gina web podr\u00e0s con\u00e8ixer tot all\u00f2 que inclouen els nostres serveis, per saber quin tipus d&#039;eines poden ser m\u00e9s \u00fatils i interessants per al bon funcionament del teu PIME i disposar d&#039;un servei de seguretat inform\u00e0tica i de manteniment professional i comprom\u00e8s. A la nostra web tamb\u00e9 podr\u00e0s llegir els articles que publiquem al bloc, per estar al dia de tot el que passa en aquest sector.<\/p>\n\n\n\n<p>Contacta amb nosaltres i gaudeix de tots els avantatges que podr\u00e0s obtenir amb el servei professional i especialitzat de&nbsp;<strong>manteniment inform\u00e0tic<\/strong>&nbsp;a&nbsp;<strong>Sant Adri\u00e0 del Bes\u00f2s<\/strong>&nbsp;a Apen.<\/p>","protected":false},"excerpt":{"rendered":"<p>Si quieres que tus equipos inform\u00e1ticos duren muchos a\u00f1os y se mantengan en perfecto estado, lo mejor es apostar por una empresa especializada en el&nbsp;mantenimiento inform\u00e1tico&nbsp;en&nbsp;Sant Adri\u00e0 del Bes\u00f2s,&nbsp;que se ocupe de llevar a cabo la instalaci\u00f3n, el mantenimiento, la asistencia t\u00e9cnica, la reparaci\u00f3n o la sustituci\u00f3n de equipos en caso de aver\u00eda. En Apen,&#8230;<\/p>","protected":false},"author":4,"featured_media":0,"parent":1357,"menu_order":0,"comment_status":"closed","ping_status":"closed","template":"page-servicio-informatico.php","meta":{"_acf_changed":false,"_kad_blocks_custom_css":"","_kad_blocks_head_custom_js":"","_kad_blocks_body_custom_js":"","_kad_blocks_footer_custom_js":"","_kad_post_transparent":"","_kad_post_title":"","_kad_post_layout":"","_kad_post_sidebar_id":"","_kad_post_content_style":"","_kad_post_vertical_padding":"","_kad_post_feature":"","_kad_post_feature_position":"","_kad_post_header":false,"_kad_post_footer":false,"_kad_post_classname":"","footnotes":""},"class_list":["post-14800","page","type-page","status-publish","hentry"],"acf":[],"yoast_head":"<!-- This site is optimized with the Yoast SEO plugin v27.4 - https:\/\/yoast.com\/product\/yoast-seo-wordpress\/ -->\n<title>Mantenimiento inform\u00e1tico Sant Adri\u00e0 de Bes\u00f2s - Apen Inform\u00e1tica<\/title>\n<meta name=\"description\" content=\"Servicio de mantenimiento inform\u00e1tico para empresas en Sant Adria de Besos. Mantenimiento de ordenadores y servidores. L\u00edderes en Barcelona.\" \/>\n<meta name=\"robots\" content=\"index, follow, max-snippet:-1, max-image-preview:large, max-video-preview:-1\" \/>\n<link rel=\"canonical\" href=\"https:\/\/www.apen.es\/ca\/manteniment-informatic\/manteniment-informatic-sant-adria-de-petons\/\" \/>\n<meta property=\"og:locale\" content=\"ca_ES\" \/>\n<meta property=\"og:type\" content=\"article\" \/>\n<meta property=\"og:title\" content=\"Mantenimiento inform\u00e1tico Sant Adri\u00e0 de Bes\u00f2s - Apen Inform\u00e1tica\" \/>\n<meta property=\"og:description\" content=\"Servicio de mantenimiento inform\u00e1tico para empresas en Sant Adria de Besos. Mantenimiento de ordenadores y servidores. L\u00edderes en Barcelona.\" \/>\n<meta property=\"og:url\" content=\"https:\/\/www.apen.es\/ca\/manteniment-informatic\/manteniment-informatic-sant-adria-de-petons\/\" \/>\n<meta property=\"og:site_name\" content=\"Apen Inform\u00e1tica\" \/>\n<meta property=\"article:publisher\" content=\"https:\/\/www.facebook.com\/apensolucions\" \/>\n<meta property=\"article:modified_time\" content=\"2025-03-31T07:10:54+00:00\" \/>\n<meta property=\"og:image\" content=\"https:\/\/www.apen.es\/wp-content\/uploads\/2016\/05\/logo-apen-231x82-trasparent.png\" \/>\n\t<meta property=\"og:image:width\" content=\"231\" \/>\n\t<meta property=\"og:image:height\" content=\"82\" \/>\n\t<meta property=\"og:image:type\" content=\"image\/png\" \/>\n<meta name=\"twitter:card\" content=\"summary_large_image\" \/>\n<meta name=\"twitter:label1\" content=\"Temps estimat de lectura\" \/>\n\t<meta name=\"twitter:data1\" content=\"10 minuts\" \/>\n<script type=\"application\/ld+json\" class=\"yoast-schema-graph\">{\"@context\":\"https:\\\/\\\/schema.org\",\"@graph\":[{\"@type\":\"WebPage\",\"@id\":\"https:\\\/\\\/www.apen.es\\\/mantenimiento-informatico\\\/mantenimiento-informatico-sant-adria-de-besos\\\/\",\"url\":\"https:\\\/\\\/www.apen.es\\\/mantenimiento-informatico\\\/mantenimiento-informatico-sant-adria-de-besos\\\/\",\"name\":\"Mantenimiento inform\u00e1tico Sant Adri\u00e0 de Bes\u00f2s - Apen Inform\u00e1tica\",\"isPartOf\":{\"@id\":\"https:\\\/\\\/www.apen.es\\\/#website\"},\"datePublished\":\"2019-10-15T08:00:55+00:00\",\"dateModified\":\"2025-03-31T07:10:54+00:00\",\"description\":\"Servicio de mantenimiento inform\u00e1tico para empresas en Sant Adria de Besos. Mantenimiento de ordenadores y servidores. L\u00edderes en Barcelona.\",\"breadcrumb\":{\"@id\":\"https:\\\/\\\/www.apen.es\\\/mantenimiento-informatico\\\/mantenimiento-informatico-sant-adria-de-besos\\\/#breadcrumb\"},\"inLanguage\":\"ca\",\"potentialAction\":[{\"@type\":\"ReadAction\",\"target\":[\"https:\\\/\\\/www.apen.es\\\/mantenimiento-informatico\\\/mantenimiento-informatico-sant-adria-de-besos\\\/\"]}]},{\"@type\":\"BreadcrumbList\",\"@id\":\"https:\\\/\\\/www.apen.es\\\/mantenimiento-informatico\\\/mantenimiento-informatico-sant-adria-de-besos\\\/#breadcrumb\",\"itemListElement\":[{\"@type\":\"ListItem\",\"position\":1,\"name\":\"Portada\",\"item\":\"https:\\\/\\\/www.apen.es\\\/\"},{\"@type\":\"ListItem\",\"position\":2,\"name\":\"Mantenimiento inform\u00e1tico\",\"item\":\"https:\\\/\\\/www.apen.es\\\/mantenimiento-informatico\\\/\"},{\"@type\":\"ListItem\",\"position\":3,\"name\":\"Mantenimiento inform\u00e1tico Sant Adri\u00e0 de Bes\u00f2s\"}]},{\"@type\":\"WebSite\",\"@id\":\"https:\\\/\\\/www.apen.es\\\/#website\",\"url\":\"https:\\\/\\\/www.apen.es\\\/\",\"name\":\"Apen Inform\u00e1tica\",\"description\":\"Mantenimiento Inform\u00e1tico , Software de Gesti\u00f3n, Soluciones de impresi\u00f3n\",\"publisher\":{\"@id\":\"https:\\\/\\\/www.apen.es\\\/#organization\"},\"potentialAction\":[{\"@type\":\"SearchAction\",\"target\":{\"@type\":\"EntryPoint\",\"urlTemplate\":\"https:\\\/\\\/www.apen.es\\\/?s={search_term_string}\"},\"query-input\":{\"@type\":\"PropertyValueSpecification\",\"valueRequired\":true,\"valueName\":\"search_term_string\"}}],\"inLanguage\":\"ca\"},{\"@type\":\"Organization\",\"@id\":\"https:\\\/\\\/www.apen.es\\\/#organization\",\"name\":\"Apen: Soluciones inform\u00e1ticas\",\"url\":\"https:\\\/\\\/www.apen.es\\\/\",\"logo\":{\"@type\":\"ImageObject\",\"inLanguage\":\"ca\",\"@id\":\"https:\\\/\\\/www.apen.es\\\/#\\\/schema\\\/logo\\\/image\\\/\",\"url\":\"https:\\\/\\\/www.apen.es\\\/wp-content\\\/uploads\\\/2022\\\/08\\\/logo-apenok-231x82-1.png\",\"contentUrl\":\"https:\\\/\\\/www.apen.es\\\/wp-content\\\/uploads\\\/2022\\\/08\\\/logo-apenok-231x82-1.png\",\"width\":231,\"height\":82,\"caption\":\"Apen: Soluciones inform\u00e1ticas\"},\"image\":{\"@id\":\"https:\\\/\\\/www.apen.es\\\/#\\\/schema\\\/logo\\\/image\\\/\"},\"sameAs\":[\"https:\\\/\\\/www.facebook.com\\\/apensolucions\",\"https:\\\/\\\/www.youtube.com\\\/user\\\/ApenCentreInformatic\",\"https:\\\/\\\/www.linkedin.com\\\/company\\\/1021771?trk=tyah&trkInfo=clickedVerticalcompanyclickedEntityId1021771idx2-1-2tarId1464195271196tasapenin\"]}]}<\/script>\n<!-- \/ Yoast SEO plugin. -->","yoast_head_json":{"title":"Manteniment inform\u00e0tic Sant Adri\u00e0 de Bes\u00f2s - Apen Inform\u00e0tica","description":"Servei de manteniment inform\u00e0tic per a empreses a Sant Adria de Besos. Manteniment dordinadors i servidors. L\u00edders a Barcelona.","robots":{"index":"index","follow":"follow","max-snippet":"max-snippet:-1","max-image-preview":"max-image-preview:large","max-video-preview":"max-video-preview:-1"},"canonical":"https:\/\/www.apen.es\/ca\/manteniment-informatic\/manteniment-informatic-sant-adria-de-petons\/","og_locale":"ca_ES","og_type":"article","og_title":"Mantenimiento inform\u00e1tico Sant Adri\u00e0 de Bes\u00f2s - Apen Inform\u00e1tica","og_description":"Servicio de mantenimiento inform\u00e1tico para empresas en Sant Adria de Besos. Mantenimiento de ordenadores y servidores. L\u00edderes en Barcelona.","og_url":"https:\/\/www.apen.es\/ca\/manteniment-informatic\/manteniment-informatic-sant-adria-de-petons\/","og_site_name":"Apen Inform\u00e1tica","article_publisher":"https:\/\/www.facebook.com\/apensolucions","article_modified_time":"2025-03-31T07:10:54+00:00","og_image":[{"width":231,"height":82,"url":"https:\/\/www.apen.es\/wp-content\/uploads\/2016\/05\/logo-apen-231x82-trasparent.png","type":"image\/png"}],"twitter_card":"summary_large_image","twitter_misc":{"Temps estimat de lectura":"10 minuts"},"schema":{"@context":"https:\/\/schema.org","@graph":[{"@type":"WebPage","@id":"https:\/\/www.apen.es\/mantenimiento-informatico\/mantenimiento-informatico-sant-adria-de-besos\/","url":"https:\/\/www.apen.es\/mantenimiento-informatico\/mantenimiento-informatico-sant-adria-de-besos\/","name":"Manteniment inform\u00e0tic Sant Adri\u00e0 de Bes\u00f2s - Apen Inform\u00e0tica","isPartOf":{"@id":"https:\/\/www.apen.es\/#website"},"datePublished":"2019-10-15T08:00:55+00:00","dateModified":"2025-03-31T07:10:54+00:00","description":"Servei de manteniment inform\u00e0tic per a empreses a Sant Adria de Besos. Manteniment dordinadors i servidors. L\u00edders a Barcelona.","breadcrumb":{"@id":"https:\/\/www.apen.es\/mantenimiento-informatico\/mantenimiento-informatico-sant-adria-de-besos\/#breadcrumb"},"inLanguage":"ca","potentialAction":[{"@type":"ReadAction","target":["https:\/\/www.apen.es\/mantenimiento-informatico\/mantenimiento-informatico-sant-adria-de-besos\/"]}]},{"@type":"BreadcrumbList","@id":"https:\/\/www.apen.es\/mantenimiento-informatico\/mantenimiento-informatico-sant-adria-de-besos\/#breadcrumb","itemListElement":[{"@type":"ListItem","position":1,"name":"Portada","item":"https:\/\/www.apen.es\/"},{"@type":"ListItem","position":2,"name":"Mantenimiento inform\u00e1tico","item":"https:\/\/www.apen.es\/mantenimiento-informatico\/"},{"@type":"ListItem","position":3,"name":"Mantenimiento inform\u00e1tico Sant Adri\u00e0 de Bes\u00f2s"}]},{"@type":"WebSite","@id":"https:\/\/www.apen.es\/#website","url":"https:\/\/www.apen.es\/","name":"Apen Inform\u00e0tica","description":"Manteniment inform\u00e0tic , programari de gesti\u00f3, solucions d&#039;impressi\u00f3","publisher":{"@id":"https:\/\/www.apen.es\/#organization"},"potentialAction":[{"@type":"SearchAction","target":{"@type":"EntryPoint","urlTemplate":"https:\/\/www.apen.es\/?s={search_term_string}"},"query-input":{"@type":"PropertyValueSpecification","valueRequired":true,"valueName":"search_term_string"}}],"inLanguage":"ca"},{"@type":"Organization","@id":"https:\/\/www.apen.es\/#organization","name":"Apen: Solucions inform\u00e0tiques","url":"https:\/\/www.apen.es\/","logo":{"@type":"ImageObject","inLanguage":"ca","@id":"https:\/\/www.apen.es\/#\/schema\/logo\/image\/","url":"https:\/\/www.apen.es\/wp-content\/uploads\/2022\/08\/logo-apenok-231x82-1.png","contentUrl":"https:\/\/www.apen.es\/wp-content\/uploads\/2022\/08\/logo-apenok-231x82-1.png","width":231,"height":82,"caption":"Apen: Soluciones inform\u00e1ticas"},"image":{"@id":"https:\/\/www.apen.es\/#\/schema\/logo\/image\/"},"sameAs":["https:\/\/www.facebook.com\/apensolucions","https:\/\/www.youtube.com\/user\/ApenCentreInformatic","https:\/\/www.linkedin.com\/company\/1021771?trk=tyah&trkInfo=clickedVerticalcompanyclickedEntityId1021771idx2-1-2tarId1464195271196tasapenin"]}]}},"taxonomy_info":[],"featured_image_src_large":false,"author_info":{"display_name":"marqueting","author_link":"https:\/\/www.apen.es\/ca\/blog\/author\/marqueting\/"},"comment_info":0,"_links":{"self":[{"href":"https:\/\/www.apen.es\/ca\/wp-json\/wp\/v2\/pages\/14800","targetHints":{"allow":["GET"]}}],"collection":[{"href":"https:\/\/www.apen.es\/ca\/wp-json\/wp\/v2\/pages"}],"about":[{"href":"https:\/\/www.apen.es\/ca\/wp-json\/wp\/v2\/types\/page"}],"author":[{"embeddable":true,"href":"https:\/\/www.apen.es\/ca\/wp-json\/wp\/v2\/users\/4"}],"replies":[{"embeddable":true,"href":"https:\/\/www.apen.es\/ca\/wp-json\/wp\/v2\/comments?post=14800"}],"version-history":[{"count":2,"href":"https:\/\/www.apen.es\/ca\/wp-json\/wp\/v2\/pages\/14800\/revisions"}],"predecessor-version":[{"id":54607,"href":"https:\/\/www.apen.es\/ca\/wp-json\/wp\/v2\/pages\/14800\/revisions\/54607"}],"up":[{"embeddable":true,"href":"https:\/\/www.apen.es\/ca\/wp-json\/wp\/v2\/pages\/1357"}],"wp:attachment":[{"href":"https:\/\/www.apen.es\/ca\/wp-json\/wp\/v2\/media?parent=14800"}],"curies":[{"name":"wp","href":"https:\/\/api.w.org\/{rel}","templated":true}]}}