{"id":14521,"date":"2019-09-04T08:30:52","date_gmt":"2019-09-04T08:30:52","guid":{"rendered":"https:\/\/www.apen.es\/?page_id=14521"},"modified":"2025-03-31T07:10:34","modified_gmt":"2025-03-31T07:10:34","slug":"manteniment-informatic-vilassar-de-dalt","status":"publish","type":"page","link":"https:\/\/www.apen.es\/ca\/mantenimiento-informatico\/mantenimiento-informatico-vilassar-de-dalt\/","title":{"rendered":"Manteniment inform\u00e0tic Vilassar de Dalt"},"content":{"rendered":"<p>Comptem amb sistemes de&nbsp;<strong>manteniment inform\u00e0tic<\/strong>&nbsp;a&nbsp;<strong>Vilassar de Dalt<\/strong>&nbsp;de tres tipus de diferents (Base, Outsourcing i Premium), perqu\u00e8 puguis triar el format que m\u00e9s s&#039;adapti a les necessitats de la teva empresa. A Apen tamb\u00e9 trobar\u00e0s solucions espec\u00edfiques per als sistemes inform\u00e0tics com ara servidors, c\u00f2pies de seguretat, xarxes i comunicacions, equips professionals o protecci\u00f3 de dades. Pel que fa a les solucions cloud que oferim, us presentem opcions com l&#039;Office 365, servidors virtuals, c\u00f2pies de seguretat online, centraleta virtual i escriptors virtuals. Pel que fa a les solucions d&#039;impressi\u00f3 podeu trobar Smart Office, ofertes espec\u00edfiques o el sistema \u201cpreu per c\u00f2pia\u201d, que funcionen a trav\u00e9s d&#039;un nou model de finan\u00e7ament com \u00e9s el r\u00e8nting, \u00e9s a dir, el lloguer d&#039;una impressora multifunci\u00f3 d&#039;\u00faltima generaci\u00f3, per gaudir de totes les prestacions sense tenir la necessitat de comprar-la, simplement pagant per les p\u00e0gines que imprimiu.<\/p>\n\n\n\n<p>Comptem amb m\u00e9s de 25 anys d&#039;experi\u00e8ncia en el sector, cosa que ens permet oferir serveis amb garantia de qualitat, gr\u00e0cies al treball professional i comprom\u00e8s del nostre equip t\u00e8cnic, l&#039;\u00fas de productes de primeres marques, una atenci\u00f3 personalitzada i especialitzada per a cada un dels nostres clients i el plantejament de serveis nous i adaptats a les exig\u00e8ncies actuals del mercat, com pot ser l&#039;opci\u00f3 del lloguer d&#039;equips inform\u00e0tics.&nbsp;<strong>manteniment inform\u00e0tic<\/strong>&nbsp;a&nbsp;<strong>Vilassar de Dalt<\/strong>&nbsp;diferents i pensats per a les diferents necessitats que pugui tenir cada PIME.<\/p>\n\n\n\n<p>Contacta amb nosaltres i gaudeix dels millors serveis inform\u00e0tics a la teva empresa, disposant d\u00b4un equip t\u00e8cnic professional i efectiu sempre que ho necessitis. D&#039;aquesta manera aconseguir\u00e0s que els teus equips inform\u00e0tics estiguin protegits, funcionin a ple rendiment i es mantinguin estables durant m\u00e9s temps. El&nbsp;<strong>manteniment inform\u00e0tic<\/strong>&nbsp;a&nbsp;<strong>Vilassar de Dalt<\/strong>&nbsp;et permetr\u00e0 treballar tranquil i de manera molt m\u00e9s competent i professional, que et permetran diferenciar-te de la compet\u00e8ncia i obtenir grans millores en la log\u00edstica i en la gesti\u00f3 empresarial. De fet, a Apen us proposem la implantaci\u00f3 d&#039;un programari de gesti\u00f3 amb el qual podreu unificar tots els departaments de la vostra empresa en un \u00fanic programa, per supervisar, organitzar i controlar cadascuna de les \u00e0rees empresarials d&#039;una manera molt m\u00e9s efectiva i professional.<\/p>\n\n\n\n<p>A la nostra web et mostrem qu\u00e8 inclouen cadascun dels nostres serveis i productes, a m\u00e9s del nostre cat\u00e0leg online actualitzat. Tamb\u00e9 podr\u00e0s seguir totes les not\u00edcies que anem publicant al nostre blog, amb les quals podr\u00e0s estar al dia de tot all\u00f2 que est\u00e0 relacionat amb el sector del&nbsp;<strong>manteniment inform\u00e0tic<\/strong>&nbsp;a&nbsp;<strong>Vilassar de Dalt<\/strong>, la seguretat inform\u00e0tica, les noves tecnologies, apps, consells \u00fatils i idees per millorar la gesti\u00f3 empresarial de les PIMES, etc.<\/p>","protected":false},"excerpt":{"rendered":"<p>Contamos con sistemas de&nbsp;mantenimiento inform\u00e1tico&nbsp;en&nbsp;Vilassar de Dalt&nbsp;de tres tipos de distintos (Base, Outsourcing y Premium), para que puedas elegir el formato que m\u00e1s se adapte a las necesidades de tu empresa. En Apen tambi\u00e9n encontrar\u00e1s soluciones espec\u00edficas para los sistemas inform\u00e1ticos como por ejemplo servidores, copias de seguridad, redes y comunicaciones, equipos profesionales o protecci\u00f3n&#8230;<\/p>","protected":false},"author":4,"featured_media":0,"parent":1357,"menu_order":0,"comment_status":"closed","ping_status":"closed","template":"page-servicio-informatico.php","meta":{"_acf_changed":false,"_kad_blocks_custom_css":"","_kad_blocks_head_custom_js":"","_kad_blocks_body_custom_js":"","_kad_blocks_footer_custom_js":"","_kad_post_transparent":"","_kad_post_title":"","_kad_post_layout":"","_kad_post_sidebar_id":"","_kad_post_content_style":"","_kad_post_vertical_padding":"","_kad_post_feature":"","_kad_post_feature_position":"","_kad_post_header":false,"_kad_post_footer":false,"_kad_post_classname":"","footnotes":""},"class_list":["post-14521","page","type-page","status-publish","hentry"],"acf":[],"yoast_head":"<!-- This site is optimized with the Yoast SEO plugin v27.4 - https:\/\/yoast.com\/product\/yoast-seo-wordpress\/ -->\n<title>Mantenimiento inform\u00e1tico Vilassar de Dalt - Apen Inform\u00e1tica<\/title>\n<meta name=\"description\" content=\"Servicio de mantenimiento inform\u00e1tico para empresas en Vilassar de Dalt. Mantenimiento de ordenadores y servidores. Ll\u00e1manos al 938 606 220 sin compromiso.\" \/>\n<meta name=\"robots\" content=\"index, follow, max-snippet:-1, max-image-preview:large, max-video-preview:-1\" \/>\n<link rel=\"canonical\" href=\"https:\/\/www.apen.es\/ca\/manteniment-informatic\/manteniment-informatic-vilassar-de-dalt\/\" \/>\n<meta property=\"og:locale\" content=\"ca_ES\" \/>\n<meta property=\"og:type\" content=\"article\" \/>\n<meta property=\"og:title\" content=\"Mantenimiento inform\u00e1tico Vilassar de Dalt - Apen Inform\u00e1tica\" \/>\n<meta property=\"og:description\" content=\"Servicio de mantenimiento inform\u00e1tico para empresas en Vilassar de Dalt. Mantenimiento de ordenadores y servidores. Ll\u00e1manos al 938 606 220 sin compromiso.\" \/>\n<meta property=\"og:url\" content=\"https:\/\/www.apen.es\/ca\/manteniment-informatic\/manteniment-informatic-vilassar-de-dalt\/\" \/>\n<meta property=\"og:site_name\" content=\"Apen Inform\u00e1tica\" \/>\n<meta property=\"article:publisher\" content=\"https:\/\/www.facebook.com\/apensolucions\" \/>\n<meta property=\"article:modified_time\" content=\"2025-03-31T07:10:34+00:00\" \/>\n<meta property=\"og:image\" content=\"https:\/\/www.apen.es\/wp-content\/uploads\/2016\/05\/logo-apen-231x82-trasparent.png\" \/>\n\t<meta property=\"og:image:width\" content=\"231\" \/>\n\t<meta property=\"og:image:height\" content=\"82\" \/>\n\t<meta property=\"og:image:type\" content=\"image\/png\" \/>\n<meta name=\"twitter:card\" content=\"summary_large_image\" \/>\n<meta name=\"twitter:label1\" content=\"Temps estimat de lectura\" \/>\n\t<meta name=\"twitter:data1\" content=\"10 minuts\" \/>\n<script type=\"application\/ld+json\" class=\"yoast-schema-graph\">{\"@context\":\"https:\\\/\\\/schema.org\",\"@graph\":[{\"@type\":\"WebPage\",\"@id\":\"https:\\\/\\\/www.apen.es\\\/mantenimiento-informatico\\\/mantenimiento-informatico-vilassar-de-dalt\\\/\",\"url\":\"https:\\\/\\\/www.apen.es\\\/mantenimiento-informatico\\\/mantenimiento-informatico-vilassar-de-dalt\\\/\",\"name\":\"Mantenimiento inform\u00e1tico Vilassar de Dalt - Apen Inform\u00e1tica\",\"isPartOf\":{\"@id\":\"https:\\\/\\\/www.apen.es\\\/#website\"},\"datePublished\":\"2019-09-04T08:30:52+00:00\",\"dateModified\":\"2025-03-31T07:10:34+00:00\",\"description\":\"Servicio de mantenimiento inform\u00e1tico para empresas en Vilassar de Dalt. Mantenimiento de ordenadores y servidores. Ll\u00e1manos al 938 606 220 sin compromiso.\",\"breadcrumb\":{\"@id\":\"https:\\\/\\\/www.apen.es\\\/mantenimiento-informatico\\\/mantenimiento-informatico-vilassar-de-dalt\\\/#breadcrumb\"},\"inLanguage\":\"ca\",\"potentialAction\":[{\"@type\":\"ReadAction\",\"target\":[\"https:\\\/\\\/www.apen.es\\\/mantenimiento-informatico\\\/mantenimiento-informatico-vilassar-de-dalt\\\/\"]}]},{\"@type\":\"BreadcrumbList\",\"@id\":\"https:\\\/\\\/www.apen.es\\\/mantenimiento-informatico\\\/mantenimiento-informatico-vilassar-de-dalt\\\/#breadcrumb\",\"itemListElement\":[{\"@type\":\"ListItem\",\"position\":1,\"name\":\"Portada\",\"item\":\"https:\\\/\\\/www.apen.es\\\/\"},{\"@type\":\"ListItem\",\"position\":2,\"name\":\"Mantenimiento inform\u00e1tico\",\"item\":\"https:\\\/\\\/www.apen.es\\\/mantenimiento-informatico\\\/\"},{\"@type\":\"ListItem\",\"position\":3,\"name\":\"Mantenimiento inform\u00e1tico Vilassar de Dalt\"}]},{\"@type\":\"WebSite\",\"@id\":\"https:\\\/\\\/www.apen.es\\\/#website\",\"url\":\"https:\\\/\\\/www.apen.es\\\/\",\"name\":\"Apen Inform\u00e1tica\",\"description\":\"Mantenimiento Inform\u00e1tico , Software de Gesti\u00f3n, Soluciones de impresi\u00f3n\",\"publisher\":{\"@id\":\"https:\\\/\\\/www.apen.es\\\/#organization\"},\"potentialAction\":[{\"@type\":\"SearchAction\",\"target\":{\"@type\":\"EntryPoint\",\"urlTemplate\":\"https:\\\/\\\/www.apen.es\\\/?s={search_term_string}\"},\"query-input\":{\"@type\":\"PropertyValueSpecification\",\"valueRequired\":true,\"valueName\":\"search_term_string\"}}],\"inLanguage\":\"ca\"},{\"@type\":\"Organization\",\"@id\":\"https:\\\/\\\/www.apen.es\\\/#organization\",\"name\":\"Apen: Soluciones inform\u00e1ticas\",\"url\":\"https:\\\/\\\/www.apen.es\\\/\",\"logo\":{\"@type\":\"ImageObject\",\"inLanguage\":\"ca\",\"@id\":\"https:\\\/\\\/www.apen.es\\\/#\\\/schema\\\/logo\\\/image\\\/\",\"url\":\"https:\\\/\\\/www.apen.es\\\/wp-content\\\/uploads\\\/2022\\\/08\\\/logo-apenok-231x82-1.png\",\"contentUrl\":\"https:\\\/\\\/www.apen.es\\\/wp-content\\\/uploads\\\/2022\\\/08\\\/logo-apenok-231x82-1.png\",\"width\":231,\"height\":82,\"caption\":\"Apen: Soluciones inform\u00e1ticas\"},\"image\":{\"@id\":\"https:\\\/\\\/www.apen.es\\\/#\\\/schema\\\/logo\\\/image\\\/\"},\"sameAs\":[\"https:\\\/\\\/www.facebook.com\\\/apensolucions\",\"https:\\\/\\\/www.youtube.com\\\/user\\\/ApenCentreInformatic\",\"https:\\\/\\\/www.linkedin.com\\\/company\\\/1021771?trk=tyah&trkInfo=clickedVerticalcompanyclickedEntityId1021771idx2-1-2tarId1464195271196tasapenin\"]}]}<\/script>\n<!-- \/ Yoast SEO plugin. -->","yoast_head_json":{"title":"Manteniment inform\u00e0tic Vilassar de Dalt - Apen Inform\u00e0tica","description":"Servei de manteniment inform\u00e0tic per a empreses a Vilassar de Dalt. Manteniment dordinadors i servidors. Truca&#039;ns al 938 606 220 sense comprom\u00eds.","robots":{"index":"index","follow":"follow","max-snippet":"max-snippet:-1","max-image-preview":"max-image-preview:large","max-video-preview":"max-video-preview:-1"},"canonical":"https:\/\/www.apen.es\/ca\/manteniment-informatic\/manteniment-informatic-vilassar-de-dalt\/","og_locale":"ca_ES","og_type":"article","og_title":"Mantenimiento inform\u00e1tico Vilassar de Dalt - Apen Inform\u00e1tica","og_description":"Servicio de mantenimiento inform\u00e1tico para empresas en Vilassar de Dalt. Mantenimiento de ordenadores y servidores. Ll\u00e1manos al 938 606 220 sin compromiso.","og_url":"https:\/\/www.apen.es\/ca\/manteniment-informatic\/manteniment-informatic-vilassar-de-dalt\/","og_site_name":"Apen Inform\u00e1tica","article_publisher":"https:\/\/www.facebook.com\/apensolucions","article_modified_time":"2025-03-31T07:10:34+00:00","og_image":[{"width":231,"height":82,"url":"https:\/\/www.apen.es\/wp-content\/uploads\/2016\/05\/logo-apen-231x82-trasparent.png","type":"image\/png"}],"twitter_card":"summary_large_image","twitter_misc":{"Temps estimat de lectura":"10 minuts"},"schema":{"@context":"https:\/\/schema.org","@graph":[{"@type":"WebPage","@id":"https:\/\/www.apen.es\/mantenimiento-informatico\/mantenimiento-informatico-vilassar-de-dalt\/","url":"https:\/\/www.apen.es\/mantenimiento-informatico\/mantenimiento-informatico-vilassar-de-dalt\/","name":"Manteniment inform\u00e0tic Vilassar de Dalt - Apen Inform\u00e0tica","isPartOf":{"@id":"https:\/\/www.apen.es\/#website"},"datePublished":"2019-09-04T08:30:52+00:00","dateModified":"2025-03-31T07:10:34+00:00","description":"Servei de manteniment inform\u00e0tic per a empreses a Vilassar de Dalt. Manteniment dordinadors i servidors. Truca&#039;ns al 938 606 220 sense comprom\u00eds.","breadcrumb":{"@id":"https:\/\/www.apen.es\/mantenimiento-informatico\/mantenimiento-informatico-vilassar-de-dalt\/#breadcrumb"},"inLanguage":"ca","potentialAction":[{"@type":"ReadAction","target":["https:\/\/www.apen.es\/mantenimiento-informatico\/mantenimiento-informatico-vilassar-de-dalt\/"]}]},{"@type":"BreadcrumbList","@id":"https:\/\/www.apen.es\/mantenimiento-informatico\/mantenimiento-informatico-vilassar-de-dalt\/#breadcrumb","itemListElement":[{"@type":"ListItem","position":1,"name":"Portada","item":"https:\/\/www.apen.es\/"},{"@type":"ListItem","position":2,"name":"Mantenimiento inform\u00e1tico","item":"https:\/\/www.apen.es\/mantenimiento-informatico\/"},{"@type":"ListItem","position":3,"name":"Mantenimiento inform\u00e1tico Vilassar de Dalt"}]},{"@type":"WebSite","@id":"https:\/\/www.apen.es\/#website","url":"https:\/\/www.apen.es\/","name":"Apen Inform\u00e0tica","description":"Manteniment inform\u00e0tic , programari de gesti\u00f3, solucions d&#039;impressi\u00f3","publisher":{"@id":"https:\/\/www.apen.es\/#organization"},"potentialAction":[{"@type":"SearchAction","target":{"@type":"EntryPoint","urlTemplate":"https:\/\/www.apen.es\/?s={search_term_string}"},"query-input":{"@type":"PropertyValueSpecification","valueRequired":true,"valueName":"search_term_string"}}],"inLanguage":"ca"},{"@type":"Organization","@id":"https:\/\/www.apen.es\/#organization","name":"Apen: Solucions inform\u00e0tiques","url":"https:\/\/www.apen.es\/","logo":{"@type":"ImageObject","inLanguage":"ca","@id":"https:\/\/www.apen.es\/#\/schema\/logo\/image\/","url":"https:\/\/www.apen.es\/wp-content\/uploads\/2022\/08\/logo-apenok-231x82-1.png","contentUrl":"https:\/\/www.apen.es\/wp-content\/uploads\/2022\/08\/logo-apenok-231x82-1.png","width":231,"height":82,"caption":"Apen: Soluciones inform\u00e1ticas"},"image":{"@id":"https:\/\/www.apen.es\/#\/schema\/logo\/image\/"},"sameAs":["https:\/\/www.facebook.com\/apensolucions","https:\/\/www.youtube.com\/user\/ApenCentreInformatic","https:\/\/www.linkedin.com\/company\/1021771?trk=tyah&trkInfo=clickedVerticalcompanyclickedEntityId1021771idx2-1-2tarId1464195271196tasapenin"]}]}},"taxonomy_info":[],"featured_image_src_large":false,"author_info":{"display_name":"marqueting","author_link":"https:\/\/www.apen.es\/ca\/blog\/author\/marqueting\/"},"comment_info":0,"_links":{"self":[{"href":"https:\/\/www.apen.es\/ca\/wp-json\/wp\/v2\/pages\/14521","targetHints":{"allow":["GET"]}}],"collection":[{"href":"https:\/\/www.apen.es\/ca\/wp-json\/wp\/v2\/pages"}],"about":[{"href":"https:\/\/www.apen.es\/ca\/wp-json\/wp\/v2\/types\/page"}],"author":[{"embeddable":true,"href":"https:\/\/www.apen.es\/ca\/wp-json\/wp\/v2\/users\/4"}],"replies":[{"embeddable":true,"href":"https:\/\/www.apen.es\/ca\/wp-json\/wp\/v2\/comments?post=14521"}],"version-history":[{"count":2,"href":"https:\/\/www.apen.es\/ca\/wp-json\/wp\/v2\/pages\/14521\/revisions"}],"predecessor-version":[{"id":54605,"href":"https:\/\/www.apen.es\/ca\/wp-json\/wp\/v2\/pages\/14521\/revisions\/54605"}],"up":[{"embeddable":true,"href":"https:\/\/www.apen.es\/ca\/wp-json\/wp\/v2\/pages\/1357"}],"wp:attachment":[{"href":"https:\/\/www.apen.es\/ca\/wp-json\/wp\/v2\/media?parent=14521"}],"curies":[{"name":"wp","href":"https:\/\/api.w.org\/{rel}","templated":true}]}}