{"id":14519,"date":"2019-09-04T08:28:44","date_gmt":"2019-09-04T08:28:44","guid":{"rendered":"https:\/\/www.apen.es\/?page_id=14519"},"modified":"2025-03-31T07:10:16","modified_gmt":"2025-03-31T07:10:16","slug":"manteniment-informatic-tordera","status":"publish","type":"page","link":"https:\/\/www.apen.es\/ca\/mantenimiento-informatico\/mantenimiento-informatico-tordera\/","title":{"rendered":"Manteniment inform\u00e0tic Tordera"},"content":{"rendered":"<p>Solucions inform\u00e0tiques de m\u00e0xima qualitat i al millor preu, aquesta \u00e9s la base de l\u00e8xit de qualsevol empresa. A Apen, despr\u00e9s de m\u00e9s de 25 anys d&#039;experi\u00e8ncia al sector trobar\u00e0s serveis integrals, fets a mida i especialitzats en la seguretat inform\u00e0tica i el&nbsp;<strong>manteniment inform\u00e0tic<\/strong>&nbsp;a&nbsp;<strong>Tordera<\/strong>&nbsp;i una infinitat de solucions, dissenyades per millorar la gesti\u00f3 empresarial i tamb\u00e9 el rendiment i l&#039;estabilitat dels equips inform\u00e0tics.<\/p>\n\n\n\n<p>Tots els nostres serveis s\u00f3n flexibles, \u00e9s a dir, que es poden adaptar perfectament a les necessitats de cada client. De fet comptem amb tres possibilitats pel que fa al&nbsp;<strong>manteniment inform\u00e0tic<\/strong>&nbsp;a&nbsp;<strong>Tordera<\/strong>, com \u00e9s el manteniment base, el manteniment outsourcing i el manteniment Premium. Tres opcions diferents i que van des del manteniment m\u00e9s b\u00e0sic al manteniment m\u00e9s complex i complet.<\/p>\n\n\n\n<p>Per\u00f2 el&nbsp;<strong>manteniment inform\u00e0tic<\/strong>&nbsp;a&nbsp;<strong>Tordera<\/strong>&nbsp;nom\u00e9s \u00e9s un dels serveis especialitzats que pots trobar a Apen, ja que et plantegem opcions molt eficients relacionades amb la seguretat inform\u00e0tica, com ara les c\u00f2pies de seguretat, protecci\u00f3 de dades o solucions cloud, per emmagatzemar les dades al n\u00favol. Tamb\u00e9 us proposem la implantaci\u00f3 d&#039;un programari de gesti\u00f3 empresarial on podreu unificar tots els departaments de la vostra empresa en un mateix programa, des del qual podreu supervisar, controlar i millorar cadascuna de les \u00e0rees del vostre PIME.<\/p>\n\n\n\n<p>A Apen pensem en tots els \u00e0mbits de l&#039;empresa i, per aquest motiu, tamb\u00e9 us proposem solucions d&#039;impressi\u00f3 adaptades amb nous m\u00e8todes de finan\u00e7ament, com \u00e9s el r\u00e8nting d&#039;impressores multifunci\u00f3 d&#039;\u00faltima generaci\u00f3, que funcionen a trav\u00e9s del m\u00e8tode \u201cpreu per c\u00f2pia\u201d, \u00e9s a dir, que pagueu \u00fanicament per les p\u00e0gines que imprimiu. D&#039;aquesta manera, moltes empreses poden gaudir de la funcionalitat i l&#039;efici\u00e8ncia d&#039;una impressora polivalent de m\u00e0xima qualitat sense necessitat de comprar-la i estalviant costos anualment.<\/p>\n\n\n\n<p>A la nostra p\u00e0gina web us presentem casos d&#039;\u00e8xit d&#039;empreses que ja gaudeixen dels nostres serveis inform\u00e0tics especialitzats. Tamb\u00e9 pots seguir el nostre bloc, on publiquem articles relacionats amb el&nbsp;<strong>manteniment inform\u00e0tic<\/strong>&nbsp;a&nbsp;<strong>Tordera<\/strong>, la seguretat inform\u00e0tica, les noves tecnologies, sistemes d&#039;emmagatzematge en l\u00ednia, donem consells i tipus per millorar la productivitat o el rendiment inform\u00e0tic, parlem d&#039;apps, d&#039;intel\u00b7lig\u00e8ncia artificial, de gesti\u00f3 empresarial, etc.<\/p>\n\n\n\n<p>I si desitges accedir als nostres cat\u00e0legs online, a la nostra web podr\u00e0s descarregar-los per con\u00e8ixer de primera m\u00e0 la nostra informaci\u00f3 corporativa i saber en qu\u00e8 consisteix cadascun dels nostres productes i serveis de forma actualitzada. Si us interessa contractar els nostres serveis especialitzats, no dubteu a posar-vos en contacte amb nosaltres. Estem segurs que trobarem la soluci\u00f3 perfecta per al teu PIME, amb qu\u00e8 et sentir\u00e0s c\u00f2mode i amb la qual obtindr\u00e0s beneficis des del primer dia.<\/p>","protected":false},"excerpt":{"rendered":"<p>Soluciones inform\u00e1ticas de m\u00e1xima calidad y al mejor precio, esa es la base del \u00e9xito de cualquier empresa. En Apen, tras m\u00e1s de 25 a\u00f1os de experiencia en el sector encontrar\u00e1s servicios integrales, hechos a medida y especializados en la seguridad inform\u00e1tica y el&nbsp;mantenimiento inform\u00e1tico&nbsp;en&nbsp;Tordera&nbsp;y un sinf\u00edn de soluciones, dise\u00f1adas para mejorar la gesti\u00f3n empresarial&#8230;<\/p>","protected":false},"author":4,"featured_media":0,"parent":1357,"menu_order":0,"comment_status":"closed","ping_status":"closed","template":"page-servicio-informatico.php","meta":{"_acf_changed":false,"_kad_blocks_custom_css":"","_kad_blocks_head_custom_js":"","_kad_blocks_body_custom_js":"","_kad_blocks_footer_custom_js":"","_kad_post_transparent":"","_kad_post_title":"","_kad_post_layout":"","_kad_post_sidebar_id":"","_kad_post_content_style":"","_kad_post_vertical_padding":"","_kad_post_feature":"","_kad_post_feature_position":"","_kad_post_header":false,"_kad_post_footer":false,"_kad_post_classname":"","footnotes":""},"class_list":["post-14519","page","type-page","status-publish","hentry"],"acf":[],"yoast_head":"<!-- This site is optimized with the Yoast SEO plugin v27.4 - https:\/\/yoast.com\/product\/yoast-seo-wordpress\/ -->\n<title>Mantenimiento inform\u00e1tico Tordera - Apen Inform\u00e1tica<\/title>\n<meta name=\"description\" content=\"Servicio de mantenimiento inform\u00e1tico para empresas en Tordera. Mantenimiento de ordenadores y servidores. Ofrecemos tarifas adaptadas a tu empresa.\" \/>\n<meta name=\"robots\" content=\"index, follow, max-snippet:-1, max-image-preview:large, max-video-preview:-1\" \/>\n<link rel=\"canonical\" href=\"https:\/\/www.apen.es\/ca\/manteniment-informatic\/manteniment-informatic-tordera\/\" \/>\n<meta property=\"og:locale\" content=\"ca_ES\" \/>\n<meta property=\"og:type\" content=\"article\" \/>\n<meta property=\"og:title\" content=\"Mantenimiento inform\u00e1tico Tordera - Apen Inform\u00e1tica\" \/>\n<meta property=\"og:description\" content=\"Servicio de mantenimiento inform\u00e1tico para empresas en Tordera. Mantenimiento de ordenadores y servidores. Ofrecemos tarifas adaptadas a tu empresa.\" \/>\n<meta property=\"og:url\" content=\"https:\/\/www.apen.es\/ca\/manteniment-informatic\/manteniment-informatic-tordera\/\" \/>\n<meta property=\"og:site_name\" content=\"Apen Inform\u00e1tica\" \/>\n<meta property=\"article:publisher\" content=\"https:\/\/www.facebook.com\/apensolucions\" \/>\n<meta property=\"article:modified_time\" content=\"2025-03-31T07:10:16+00:00\" \/>\n<meta property=\"og:image\" content=\"https:\/\/www.apen.es\/wp-content\/uploads\/2016\/05\/logo-apen-231x82-trasparent.png\" \/>\n\t<meta property=\"og:image:width\" content=\"231\" \/>\n\t<meta property=\"og:image:height\" content=\"82\" \/>\n\t<meta property=\"og:image:type\" content=\"image\/png\" \/>\n<meta name=\"twitter:card\" content=\"summary_large_image\" \/>\n<meta name=\"twitter:label1\" content=\"Temps estimat de lectura\" \/>\n\t<meta name=\"twitter:data1\" content=\"10 minuts\" \/>\n<script type=\"application\/ld+json\" class=\"yoast-schema-graph\">{\"@context\":\"https:\\\/\\\/schema.org\",\"@graph\":[{\"@type\":\"WebPage\",\"@id\":\"https:\\\/\\\/www.apen.es\\\/mantenimiento-informatico\\\/mantenimiento-informatico-tordera\\\/\",\"url\":\"https:\\\/\\\/www.apen.es\\\/mantenimiento-informatico\\\/mantenimiento-informatico-tordera\\\/\",\"name\":\"Mantenimiento inform\u00e1tico Tordera - Apen Inform\u00e1tica\",\"isPartOf\":{\"@id\":\"https:\\\/\\\/www.apen.es\\\/#website\"},\"datePublished\":\"2019-09-04T08:28:44+00:00\",\"dateModified\":\"2025-03-31T07:10:16+00:00\",\"description\":\"Servicio de mantenimiento inform\u00e1tico para empresas en Tordera. Mantenimiento de ordenadores y servidores. Ofrecemos tarifas adaptadas a tu empresa.\",\"breadcrumb\":{\"@id\":\"https:\\\/\\\/www.apen.es\\\/mantenimiento-informatico\\\/mantenimiento-informatico-tordera\\\/#breadcrumb\"},\"inLanguage\":\"ca\",\"potentialAction\":[{\"@type\":\"ReadAction\",\"target\":[\"https:\\\/\\\/www.apen.es\\\/mantenimiento-informatico\\\/mantenimiento-informatico-tordera\\\/\"]}]},{\"@type\":\"BreadcrumbList\",\"@id\":\"https:\\\/\\\/www.apen.es\\\/mantenimiento-informatico\\\/mantenimiento-informatico-tordera\\\/#breadcrumb\",\"itemListElement\":[{\"@type\":\"ListItem\",\"position\":1,\"name\":\"Portada\",\"item\":\"https:\\\/\\\/www.apen.es\\\/\"},{\"@type\":\"ListItem\",\"position\":2,\"name\":\"Mantenimiento inform\u00e1tico\",\"item\":\"https:\\\/\\\/www.apen.es\\\/mantenimiento-informatico\\\/\"},{\"@type\":\"ListItem\",\"position\":3,\"name\":\"Mantenimiento inform\u00e1tico Tordera\"}]},{\"@type\":\"WebSite\",\"@id\":\"https:\\\/\\\/www.apen.es\\\/#website\",\"url\":\"https:\\\/\\\/www.apen.es\\\/\",\"name\":\"Apen Inform\u00e1tica\",\"description\":\"Mantenimiento Inform\u00e1tico , Software de Gesti\u00f3n, Soluciones de impresi\u00f3n\",\"publisher\":{\"@id\":\"https:\\\/\\\/www.apen.es\\\/#organization\"},\"potentialAction\":[{\"@type\":\"SearchAction\",\"target\":{\"@type\":\"EntryPoint\",\"urlTemplate\":\"https:\\\/\\\/www.apen.es\\\/?s={search_term_string}\"},\"query-input\":{\"@type\":\"PropertyValueSpecification\",\"valueRequired\":true,\"valueName\":\"search_term_string\"}}],\"inLanguage\":\"ca\"},{\"@type\":\"Organization\",\"@id\":\"https:\\\/\\\/www.apen.es\\\/#organization\",\"name\":\"Apen: Soluciones inform\u00e1ticas\",\"url\":\"https:\\\/\\\/www.apen.es\\\/\",\"logo\":{\"@type\":\"ImageObject\",\"inLanguage\":\"ca\",\"@id\":\"https:\\\/\\\/www.apen.es\\\/#\\\/schema\\\/logo\\\/image\\\/\",\"url\":\"https:\\\/\\\/www.apen.es\\\/wp-content\\\/uploads\\\/2022\\\/08\\\/logo-apenok-231x82-1.png\",\"contentUrl\":\"https:\\\/\\\/www.apen.es\\\/wp-content\\\/uploads\\\/2022\\\/08\\\/logo-apenok-231x82-1.png\",\"width\":231,\"height\":82,\"caption\":\"Apen: Soluciones inform\u00e1ticas\"},\"image\":{\"@id\":\"https:\\\/\\\/www.apen.es\\\/#\\\/schema\\\/logo\\\/image\\\/\"},\"sameAs\":[\"https:\\\/\\\/www.facebook.com\\\/apensolucions\",\"https:\\\/\\\/www.youtube.com\\\/user\\\/ApenCentreInformatic\",\"https:\\\/\\\/www.linkedin.com\\\/company\\\/1021771?trk=tyah&trkInfo=clickedVerticalcompanyclickedEntityId1021771idx2-1-2tarId1464195271196tasapenin\"]}]}<\/script>\n<!-- \/ Yoast SEO plugin. -->","yoast_head_json":{"title":"Manteniment inform\u00e0tic Tordera - Apen Inform\u00e0tica","description":"Servei de manteniment inform\u00e0tic per a empreses a Tordera. Manteniment dordinadors i servidors. Oferim tarifes adaptades a la teva empresa.","robots":{"index":"index","follow":"follow","max-snippet":"max-snippet:-1","max-image-preview":"max-image-preview:large","max-video-preview":"max-video-preview:-1"},"canonical":"https:\/\/www.apen.es\/ca\/manteniment-informatic\/manteniment-informatic-tordera\/","og_locale":"ca_ES","og_type":"article","og_title":"Mantenimiento inform\u00e1tico Tordera - Apen Inform\u00e1tica","og_description":"Servicio de mantenimiento inform\u00e1tico para empresas en Tordera. Mantenimiento de ordenadores y servidores. Ofrecemos tarifas adaptadas a tu empresa.","og_url":"https:\/\/www.apen.es\/ca\/manteniment-informatic\/manteniment-informatic-tordera\/","og_site_name":"Apen Inform\u00e1tica","article_publisher":"https:\/\/www.facebook.com\/apensolucions","article_modified_time":"2025-03-31T07:10:16+00:00","og_image":[{"width":231,"height":82,"url":"https:\/\/www.apen.es\/wp-content\/uploads\/2016\/05\/logo-apen-231x82-trasparent.png","type":"image\/png"}],"twitter_card":"summary_large_image","twitter_misc":{"Temps estimat de lectura":"10 minuts"},"schema":{"@context":"https:\/\/schema.org","@graph":[{"@type":"WebPage","@id":"https:\/\/www.apen.es\/mantenimiento-informatico\/mantenimiento-informatico-tordera\/","url":"https:\/\/www.apen.es\/mantenimiento-informatico\/mantenimiento-informatico-tordera\/","name":"Manteniment inform\u00e0tic Tordera - Apen Inform\u00e0tica","isPartOf":{"@id":"https:\/\/www.apen.es\/#website"},"datePublished":"2019-09-04T08:28:44+00:00","dateModified":"2025-03-31T07:10:16+00:00","description":"Servei de manteniment inform\u00e0tic per a empreses a Tordera. Manteniment dordinadors i servidors. Oferim tarifes adaptades a la teva empresa.","breadcrumb":{"@id":"https:\/\/www.apen.es\/mantenimiento-informatico\/mantenimiento-informatico-tordera\/#breadcrumb"},"inLanguage":"ca","potentialAction":[{"@type":"ReadAction","target":["https:\/\/www.apen.es\/mantenimiento-informatico\/mantenimiento-informatico-tordera\/"]}]},{"@type":"BreadcrumbList","@id":"https:\/\/www.apen.es\/mantenimiento-informatico\/mantenimiento-informatico-tordera\/#breadcrumb","itemListElement":[{"@type":"ListItem","position":1,"name":"Portada","item":"https:\/\/www.apen.es\/"},{"@type":"ListItem","position":2,"name":"Mantenimiento inform\u00e1tico","item":"https:\/\/www.apen.es\/mantenimiento-informatico\/"},{"@type":"ListItem","position":3,"name":"Mantenimiento inform\u00e1tico Tordera"}]},{"@type":"WebSite","@id":"https:\/\/www.apen.es\/#website","url":"https:\/\/www.apen.es\/","name":"Apen Inform\u00e0tica","description":"Manteniment inform\u00e0tic , programari de gesti\u00f3, solucions d&#039;impressi\u00f3","publisher":{"@id":"https:\/\/www.apen.es\/#organization"},"potentialAction":[{"@type":"SearchAction","target":{"@type":"EntryPoint","urlTemplate":"https:\/\/www.apen.es\/?s={search_term_string}"},"query-input":{"@type":"PropertyValueSpecification","valueRequired":true,"valueName":"search_term_string"}}],"inLanguage":"ca"},{"@type":"Organization","@id":"https:\/\/www.apen.es\/#organization","name":"Apen: Solucions inform\u00e0tiques","url":"https:\/\/www.apen.es\/","logo":{"@type":"ImageObject","inLanguage":"ca","@id":"https:\/\/www.apen.es\/#\/schema\/logo\/image\/","url":"https:\/\/www.apen.es\/wp-content\/uploads\/2022\/08\/logo-apenok-231x82-1.png","contentUrl":"https:\/\/www.apen.es\/wp-content\/uploads\/2022\/08\/logo-apenok-231x82-1.png","width":231,"height":82,"caption":"Apen: Soluciones inform\u00e1ticas"},"image":{"@id":"https:\/\/www.apen.es\/#\/schema\/logo\/image\/"},"sameAs":["https:\/\/www.facebook.com\/apensolucions","https:\/\/www.youtube.com\/user\/ApenCentreInformatic","https:\/\/www.linkedin.com\/company\/1021771?trk=tyah&trkInfo=clickedVerticalcompanyclickedEntityId1021771idx2-1-2tarId1464195271196tasapenin"]}]}},"taxonomy_info":[],"featured_image_src_large":false,"author_info":{"display_name":"marqueting","author_link":"https:\/\/www.apen.es\/ca\/blog\/author\/marqueting\/"},"comment_info":0,"_links":{"self":[{"href":"https:\/\/www.apen.es\/ca\/wp-json\/wp\/v2\/pages\/14519","targetHints":{"allow":["GET"]}}],"collection":[{"href":"https:\/\/www.apen.es\/ca\/wp-json\/wp\/v2\/pages"}],"about":[{"href":"https:\/\/www.apen.es\/ca\/wp-json\/wp\/v2\/types\/page"}],"author":[{"embeddable":true,"href":"https:\/\/www.apen.es\/ca\/wp-json\/wp\/v2\/users\/4"}],"replies":[{"embeddable":true,"href":"https:\/\/www.apen.es\/ca\/wp-json\/wp\/v2\/comments?post=14519"}],"version-history":[{"count":2,"href":"https:\/\/www.apen.es\/ca\/wp-json\/wp\/v2\/pages\/14519\/revisions"}],"predecessor-version":[{"id":54604,"href":"https:\/\/www.apen.es\/ca\/wp-json\/wp\/v2\/pages\/14519\/revisions\/54604"}],"up":[{"embeddable":true,"href":"https:\/\/www.apen.es\/ca\/wp-json\/wp\/v2\/pages\/1357"}],"wp:attachment":[{"href":"https:\/\/www.apen.es\/ca\/wp-json\/wp\/v2\/media?parent=14519"}],"curies":[{"name":"wp","href":"https:\/\/api.w.org\/{rel}","templated":true}]}}