{"id":14515,"date":"2019-09-04T08:23:31","date_gmt":"2019-09-04T08:23:31","guid":{"rendered":"https:\/\/www.apen.es\/?page_id=14515"},"modified":"2025-03-31T06:25:16","modified_gmt":"2025-03-31T06:25:16","slug":"manteniment-informatic-sant-vicenc-de-montalt","status":"publish","type":"page","link":"https:\/\/www.apen.es\/ca\/manteniment-informatic\/manteniment-informatic-sant-vicenc-de-montalt\/","title":{"rendered":"Manteniment inform\u00e0tic Sant Vicen\u00e7 de Montalt"},"content":{"rendered":"<p>Treu el partit m\u00e9s gran als teus equips inform\u00e0tics gr\u00e0cies als serveis integrals i especialitzats que t&#039;oferim a Apen. Gaudeix d&#039;un ajut professional expert en la seguretat i el&nbsp;<strong>manteniment inform\u00e0tic<\/strong>&nbsp;a&nbsp;<strong>Sant Vicen\u00e7 de Montalt<\/strong>, mitjan\u00e7ant opcions fetes a mida i adaptades a les necessitats reals de la teva empresa.<\/p>\n\n\n\n<p>Si vols gaudir d&#039;un sistema informatitzat de m\u00e0xima qualitat a la teva empresa, no dubtis a posar-te en contacte amb nosaltres, perqu\u00e8 podr\u00e0s obtenir respostes eficients i resolutives per part del nostre equip t\u00e8cnic, sempre que ho necessitis. Comptem amb un servei t\u00e8cnic d&#039;urg\u00e8ncia, per resoldre problemes, anomalies o errors en el sistema que es puguin donar durant el nostre servei de&nbsp;<strong>manteniment inform\u00e0tic<\/strong>&nbsp;a&nbsp;<strong>Sant Vicen\u00e7 de Montalt<\/strong>.<\/p>\n\n\n\n<p>Podr\u00e0s escollir entre tres opcions diferenciades de manteniment inform\u00e0tic, depenent de les teves necessitats, objectius, pressupost, mida de l&#039;empresa, etc. Consisteix en un manteniment m\u00e9s b\u00e0sic, manteniment intermedi i manteniment Premium, des de l&#039;opci\u00f3 m\u00e9s b\u00e0sica amb prestacions essencials, passant per una opci\u00f3 interm\u00e8dia i arribant a una opci\u00f3 totalment equipada, que compta amb totes les nostres prestacions. Aquesta darrera opci\u00f3 funciona de forma monitoritzada i tamb\u00e9 actua de forma preventiva i correctiva, per protegir i cuidar els teus equips inform\u00e0tics de la millor manera possible. El nostre objectiu m\u00e9s gran \u00e9s que gaudeixis del millor&nbsp;<strong>manteniment inform\u00e0tic<\/strong>&nbsp;a&nbsp;<strong>Sant Vicen\u00e7 de Montalt<\/strong>.<\/p>\n\n\n\n<p>A m\u00e9s de les tres opcions del manteniment, pots gaudir de serveis integrals de seguretat inform\u00e0tica, com ara amb les c\u00f2pies de seguretat per salvaguardar tota la informaci\u00f3 o b\u00e9 els sistemes cloud, per emmagatzemar tota la informaci\u00f3 al n\u00favol. A Apen us proposem una infinitat d&#039;alternatives noves, amb les quals podreu obtenir grans beneficis, estalviar temps i despeses i evolucionar al ritme que exigeix el mercat en aquest sector. Entre les nostres propostes hi ha les solucions d&#039;impressi\u00f3, amb les quals aconseguir una gesti\u00f3 d&#039;impressions que realment s&#039;adapti a les necessitats del teu PIME, tingui en compte la sostenibilitat i mantingui una connexi\u00f3 estable entre els equips. Recomanem a tots els clients provar l&#039;opci\u00f3 del r\u00e8nting d&#039;impressores multifunci\u00f3 d&#039;\u00faltima generaci\u00f3 per disposar d&#039;un sistema de finan\u00e7ament molt benefici\u00f3s com \u00e9s el preu per c\u00f2pia, per pagar \u00fanicament per les p\u00e0gines que imprimiu.<\/p>\n\n\n\n<p>Un altre dels nostres serveis estrella, a m\u00e9s del servei de&nbsp;<strong>manteniment inform\u00e0tic<\/strong>&nbsp;en S<strong>ant Vicen\u00e7 de Montalt<\/strong>, \u00e9s la implantaci\u00f3 d&#039;un programari de gesti\u00f3 empresarial, amb qu\u00e8 unificar tots els departaments de l&#039;empresa en un \u00fanic programa, per controlar, supervisar, millorar la log\u00edstica, augmentar la productivitat i millorar la comunicaci\u00f3 interna, entre molts altres beneficis.<\/p>\n\n\n\n<p>A la nostra web podr\u00e0s veure tot all\u00f2 que inclouen cadascun dels nostres serveis, a m\u00e9s de llegir i con\u00e8ixer casos reals d&#039;\u00e8xit de totes aquelles empreses que han confiat en nosaltres i que han volgut compartir la seva experi\u00e8ncia. S\u00f3n empreses que han aconseguit grans beneficis i que han notat un creixement considerable en el seu rendiment i, per tant, en les vendes.<\/p>","protected":false},"excerpt":{"rendered":"<p>Saca el mayor partido a tus equipos inform\u00e1ticos gracias a los servicios integrales y especializados que te ofrecemos en Apen. Disfruta de una ayuda profesional experta en la seguridad y el&nbsp;mantenimiento inform\u00e1tico&nbsp;en&nbsp;Sant Vicen\u00e7 de Montalt, mediante opciones hechas a medida y adaptadas a las necesidades reales de tu empresa. Si quieres disfrutar de un sistema&#8230;<\/p>","protected":false},"author":4,"featured_media":0,"parent":1357,"menu_order":0,"comment_status":"closed","ping_status":"closed","template":"page-servicio-informatico.php","meta":{"_acf_changed":false,"_kad_blocks_custom_css":"","_kad_blocks_head_custom_js":"","_kad_blocks_body_custom_js":"","_kad_blocks_footer_custom_js":"","_kad_post_transparent":"","_kad_post_title":"","_kad_post_layout":"","_kad_post_sidebar_id":"","_kad_post_content_style":"","_kad_post_vertical_padding":"","_kad_post_feature":"","_kad_post_feature_position":"","_kad_post_header":false,"_kad_post_footer":false,"_kad_post_classname":"","footnotes":""},"class_list":["post-14515","page","type-page","status-publish","hentry"],"acf":[],"yoast_head":"<!-- This site is optimized with the Yoast SEO plugin v27.4 - https:\/\/yoast.com\/product\/yoast-seo-wordpress\/ -->\n<title>Mantenimiento inform\u00e1tico Sant Vicen\u00e7 de Montalt - Apen Inform\u00e1tica<\/title>\n<meta name=\"description\" content=\"Servicio de mantenimiento inform\u00e1tico para empresas en Sant Vicen\u00e7 de Montalt. Mantenimiento de ordenadores y servidores. L\u00edderes en Barcelona.\" \/>\n<meta name=\"robots\" content=\"index, follow, max-snippet:-1, max-image-preview:large, max-video-preview:-1\" \/>\n<link rel=\"canonical\" href=\"https:\/\/www.apen.es\/ca\/manteniment-informatic\/manteniment-informatic-sant-vicenc-de-montalt\/\" \/>\n<meta property=\"og:locale\" content=\"ca_ES\" \/>\n<meta property=\"og:type\" content=\"article\" \/>\n<meta property=\"og:title\" content=\"Mantenimiento inform\u00e1tico Sant Vicen\u00e7 de Montalt - Apen Inform\u00e1tica\" \/>\n<meta property=\"og:description\" content=\"Servicio de mantenimiento inform\u00e1tico para empresas en Sant Vicen\u00e7 de Montalt. Mantenimiento de ordenadores y servidores. L\u00edderes en Barcelona.\" \/>\n<meta property=\"og:url\" content=\"https:\/\/www.apen.es\/ca\/manteniment-informatic\/manteniment-informatic-sant-vicenc-de-montalt\/\" \/>\n<meta property=\"og:site_name\" content=\"Apen Inform\u00e1tica\" \/>\n<meta property=\"article:publisher\" content=\"https:\/\/www.facebook.com\/apensolucions\" \/>\n<meta property=\"article:modified_time\" content=\"2025-03-31T06:25:16+00:00\" \/>\n<meta property=\"og:image\" content=\"https:\/\/www.apen.es\/wp-content\/uploads\/2016\/05\/logo-apen-231x82-trasparent.png\" \/>\n\t<meta property=\"og:image:width\" content=\"231\" \/>\n\t<meta property=\"og:image:height\" content=\"82\" \/>\n\t<meta property=\"og:image:type\" content=\"image\/png\" \/>\n<meta name=\"twitter:card\" content=\"summary_large_image\" \/>\n<meta name=\"twitter:label1\" content=\"Temps estimat de lectura\" \/>\n\t<meta name=\"twitter:data1\" content=\"10 minuts\" \/>\n<script type=\"application\/ld+json\" class=\"yoast-schema-graph\">{\"@context\":\"https:\\\/\\\/schema.org\",\"@graph\":[{\"@type\":\"WebPage\",\"@id\":\"https:\\\/\\\/www.apen.es\\\/mantenimiento-informatico\\\/mantenimiento-informatico-sant-vicenc-de-montalt\\\/\",\"url\":\"https:\\\/\\\/www.apen.es\\\/mantenimiento-informatico\\\/mantenimiento-informatico-sant-vicenc-de-montalt\\\/\",\"name\":\"Mantenimiento inform\u00e1tico Sant Vicen\u00e7 de Montalt - Apen Inform\u00e1tica\",\"isPartOf\":{\"@id\":\"https:\\\/\\\/www.apen.es\\\/#website\"},\"datePublished\":\"2019-09-04T08:23:31+00:00\",\"dateModified\":\"2025-03-31T06:25:16+00:00\",\"description\":\"Servicio de mantenimiento inform\u00e1tico para empresas en Sant Vicen\u00e7 de Montalt. Mantenimiento de ordenadores y servidores. L\u00edderes en Barcelona.\",\"breadcrumb\":{\"@id\":\"https:\\\/\\\/www.apen.es\\\/mantenimiento-informatico\\\/mantenimiento-informatico-sant-vicenc-de-montalt\\\/#breadcrumb\"},\"inLanguage\":\"ca\",\"potentialAction\":[{\"@type\":\"ReadAction\",\"target\":[\"https:\\\/\\\/www.apen.es\\\/mantenimiento-informatico\\\/mantenimiento-informatico-sant-vicenc-de-montalt\\\/\"]}]},{\"@type\":\"BreadcrumbList\",\"@id\":\"https:\\\/\\\/www.apen.es\\\/mantenimiento-informatico\\\/mantenimiento-informatico-sant-vicenc-de-montalt\\\/#breadcrumb\",\"itemListElement\":[{\"@type\":\"ListItem\",\"position\":1,\"name\":\"Portada\",\"item\":\"https:\\\/\\\/www.apen.es\\\/\"},{\"@type\":\"ListItem\",\"position\":2,\"name\":\"Mantenimiento inform\u00e1tico\",\"item\":\"https:\\\/\\\/www.apen.es\\\/mantenimiento-informatico\\\/\"},{\"@type\":\"ListItem\",\"position\":3,\"name\":\"Mantenimiento inform\u00e1tico Sant Vicen\u00e7 de Montalt\"}]},{\"@type\":\"WebSite\",\"@id\":\"https:\\\/\\\/www.apen.es\\\/#website\",\"url\":\"https:\\\/\\\/www.apen.es\\\/\",\"name\":\"Apen Inform\u00e1tica\",\"description\":\"Mantenimiento Inform\u00e1tico , Software de Gesti\u00f3n, Soluciones de impresi\u00f3n\",\"publisher\":{\"@id\":\"https:\\\/\\\/www.apen.es\\\/#organization\"},\"potentialAction\":[{\"@type\":\"SearchAction\",\"target\":{\"@type\":\"EntryPoint\",\"urlTemplate\":\"https:\\\/\\\/www.apen.es\\\/?s={search_term_string}\"},\"query-input\":{\"@type\":\"PropertyValueSpecification\",\"valueRequired\":true,\"valueName\":\"search_term_string\"}}],\"inLanguage\":\"ca\"},{\"@type\":\"Organization\",\"@id\":\"https:\\\/\\\/www.apen.es\\\/#organization\",\"name\":\"Apen: Soluciones inform\u00e1ticas\",\"url\":\"https:\\\/\\\/www.apen.es\\\/\",\"logo\":{\"@type\":\"ImageObject\",\"inLanguage\":\"ca\",\"@id\":\"https:\\\/\\\/www.apen.es\\\/#\\\/schema\\\/logo\\\/image\\\/\",\"url\":\"https:\\\/\\\/www.apen.es\\\/wp-content\\\/uploads\\\/2022\\\/08\\\/logo-apenok-231x82-1.png\",\"contentUrl\":\"https:\\\/\\\/www.apen.es\\\/wp-content\\\/uploads\\\/2022\\\/08\\\/logo-apenok-231x82-1.png\",\"width\":231,\"height\":82,\"caption\":\"Apen: Soluciones inform\u00e1ticas\"},\"image\":{\"@id\":\"https:\\\/\\\/www.apen.es\\\/#\\\/schema\\\/logo\\\/image\\\/\"},\"sameAs\":[\"https:\\\/\\\/www.facebook.com\\\/apensolucions\",\"https:\\\/\\\/www.youtube.com\\\/user\\\/ApenCentreInformatic\",\"https:\\\/\\\/www.linkedin.com\\\/company\\\/1021771?trk=tyah&trkInfo=clickedVerticalcompanyclickedEntityId1021771idx2-1-2tarId1464195271196tasapenin\"]}]}<\/script>\n<!-- \/ Yoast SEO plugin. -->","yoast_head_json":{"title":"Manteniment inform\u00e0tic Sant Vicen\u00e7 de Montalt - Apen Inform\u00e0tica","description":"Servei de manteniment inform\u00e0tic per a empreses a Sant Vicen\u00e7 de Montalt. Manteniment dordinadors i servidors. L\u00edders a Barcelona.","robots":{"index":"index","follow":"follow","max-snippet":"max-snippet:-1","max-image-preview":"max-image-preview:large","max-video-preview":"max-video-preview:-1"},"canonical":"https:\/\/www.apen.es\/ca\/manteniment-informatic\/manteniment-informatic-sant-vicenc-de-montalt\/","og_locale":"ca_ES","og_type":"article","og_title":"Mantenimiento inform\u00e1tico Sant Vicen\u00e7 de Montalt - Apen Inform\u00e1tica","og_description":"Servicio de mantenimiento inform\u00e1tico para empresas en Sant Vicen\u00e7 de Montalt. Mantenimiento de ordenadores y servidores. L\u00edderes en Barcelona.","og_url":"https:\/\/www.apen.es\/ca\/manteniment-informatic\/manteniment-informatic-sant-vicenc-de-montalt\/","og_site_name":"Apen Inform\u00e1tica","article_publisher":"https:\/\/www.facebook.com\/apensolucions","article_modified_time":"2025-03-31T06:25:16+00:00","og_image":[{"width":231,"height":82,"url":"https:\/\/www.apen.es\/wp-content\/uploads\/2016\/05\/logo-apen-231x82-trasparent.png","type":"image\/png"}],"twitter_card":"summary_large_image","twitter_misc":{"Temps estimat de lectura":"10 minuts"},"schema":{"@context":"https:\/\/schema.org","@graph":[{"@type":"WebPage","@id":"https:\/\/www.apen.es\/mantenimiento-informatico\/mantenimiento-informatico-sant-vicenc-de-montalt\/","url":"https:\/\/www.apen.es\/mantenimiento-informatico\/mantenimiento-informatico-sant-vicenc-de-montalt\/","name":"Manteniment inform\u00e0tic Sant Vicen\u00e7 de Montalt - Apen Inform\u00e0tica","isPartOf":{"@id":"https:\/\/www.apen.es\/#website"},"datePublished":"2019-09-04T08:23:31+00:00","dateModified":"2025-03-31T06:25:16+00:00","description":"Servei de manteniment inform\u00e0tic per a empreses a Sant Vicen\u00e7 de Montalt. Manteniment dordinadors i servidors. L\u00edders a Barcelona.","breadcrumb":{"@id":"https:\/\/www.apen.es\/mantenimiento-informatico\/mantenimiento-informatico-sant-vicenc-de-montalt\/#breadcrumb"},"inLanguage":"ca","potentialAction":[{"@type":"ReadAction","target":["https:\/\/www.apen.es\/mantenimiento-informatico\/mantenimiento-informatico-sant-vicenc-de-montalt\/"]}]},{"@type":"BreadcrumbList","@id":"https:\/\/www.apen.es\/mantenimiento-informatico\/mantenimiento-informatico-sant-vicenc-de-montalt\/#breadcrumb","itemListElement":[{"@type":"ListItem","position":1,"name":"Portada","item":"https:\/\/www.apen.es\/"},{"@type":"ListItem","position":2,"name":"Mantenimiento inform\u00e1tico","item":"https:\/\/www.apen.es\/mantenimiento-informatico\/"},{"@type":"ListItem","position":3,"name":"Mantenimiento inform\u00e1tico Sant Vicen\u00e7 de Montalt"}]},{"@type":"WebSite","@id":"https:\/\/www.apen.es\/#website","url":"https:\/\/www.apen.es\/","name":"Apen Inform\u00e0tica","description":"Manteniment inform\u00e0tic , programari de gesti\u00f3, solucions d&#039;impressi\u00f3","publisher":{"@id":"https:\/\/www.apen.es\/#organization"},"potentialAction":[{"@type":"SearchAction","target":{"@type":"EntryPoint","urlTemplate":"https:\/\/www.apen.es\/?s={search_term_string}"},"query-input":{"@type":"PropertyValueSpecification","valueRequired":true,"valueName":"search_term_string"}}],"inLanguage":"ca"},{"@type":"Organization","@id":"https:\/\/www.apen.es\/#organization","name":"Apen: Solucions inform\u00e0tiques","url":"https:\/\/www.apen.es\/","logo":{"@type":"ImageObject","inLanguage":"ca","@id":"https:\/\/www.apen.es\/#\/schema\/logo\/image\/","url":"https:\/\/www.apen.es\/wp-content\/uploads\/2022\/08\/logo-apenok-231x82-1.png","contentUrl":"https:\/\/www.apen.es\/wp-content\/uploads\/2022\/08\/logo-apenok-231x82-1.png","width":231,"height":82,"caption":"Apen: Soluciones inform\u00e1ticas"},"image":{"@id":"https:\/\/www.apen.es\/#\/schema\/logo\/image\/"},"sameAs":["https:\/\/www.facebook.com\/apensolucions","https:\/\/www.youtube.com\/user\/ApenCentreInformatic","https:\/\/www.linkedin.com\/company\/1021771?trk=tyah&trkInfo=clickedVerticalcompanyclickedEntityId1021771idx2-1-2tarId1464195271196tasapenin"]}]}},"taxonomy_info":[],"featured_image_src_large":false,"author_info":{"display_name":"marqueting","author_link":"https:\/\/www.apen.es\/ca\/blog\/author\/marqueting\/"},"comment_info":0,"_links":{"self":[{"href":"https:\/\/www.apen.es\/ca\/wp-json\/wp\/v2\/pages\/14515","targetHints":{"allow":["GET"]}}],"collection":[{"href":"https:\/\/www.apen.es\/ca\/wp-json\/wp\/v2\/pages"}],"about":[{"href":"https:\/\/www.apen.es\/ca\/wp-json\/wp\/v2\/types\/page"}],"author":[{"embeddable":true,"href":"https:\/\/www.apen.es\/ca\/wp-json\/wp\/v2\/users\/4"}],"replies":[{"embeddable":true,"href":"https:\/\/www.apen.es\/ca\/wp-json\/wp\/v2\/comments?post=14515"}],"version-history":[{"count":2,"href":"https:\/\/www.apen.es\/ca\/wp-json\/wp\/v2\/pages\/14515\/revisions"}],"predecessor-version":[{"id":54510,"href":"https:\/\/www.apen.es\/ca\/wp-json\/wp\/v2\/pages\/14515\/revisions\/54510"}],"up":[{"embeddable":true,"href":"https:\/\/www.apen.es\/ca\/wp-json\/wp\/v2\/pages\/1357"}],"wp:attachment":[{"href":"https:\/\/www.apen.es\/ca\/wp-json\/wp\/v2\/media?parent=14515"}],"curies":[{"name":"wp","href":"https:\/\/api.w.org\/{rel}","templated":true}]}}