{"id":14510,"date":"2019-09-03T09:37:37","date_gmt":"2019-09-03T09:37:37","guid":{"rendered":"https:\/\/www.apen.es\/?page_id=14510"},"modified":"2025-03-31T07:09:55","modified_gmt":"2025-03-31T07:09:55","slug":"manteniment-informatic-sant-andreu-de-llavaneres","status":"publish","type":"page","link":"https:\/\/www.apen.es\/ca\/mantenimiento-informatico\/mantenimiento-informatico-sant-andreu-de-llavaneres\/","title":{"rendered":"Manteniment inform\u00e0tic Sant Andreu de Llavaneres"},"content":{"rendered":"<p>En contractar serveis professionals per al\u00a0<strong>manteniment inform\u00e0tic<\/strong>\u00a0a\u00a0<strong>Sant Andreu de Llavaneres<\/strong>\u00a0dels teus equips, no nom\u00e9s estalviar\u00e0s diners en reparacions sin\u00f3 que els teus equips podran funcionar a ple rendiment durant molt m\u00e9s temps.<\/p>\n\n\n\n<p>A Apen comptem amb un equip de t\u00e8cnics inform\u00e0tics que s&#039;ocuparan de posar remei a qualsevol anomalia o error en el sistema que es pugui produir i, a m\u00e9s, et proposem tres maneres diferents de gaudir d&#039;aquest&nbsp;<strong>manteniment inform\u00e0tic<\/strong>&nbsp;a&nbsp;<strong>Sant Andreu de Llavaneres<\/strong>, mitjan\u00e7ant un manteniment base, un manteniment outsourcing i un manteniment Premium. El manteniment base est\u00e0 pensat per a aquelles empreses que volen obtenir un servei que els aporti les prestacions b\u00e0siques i essencials per als equips; El manteniment outsourcing va una mica m\u00e9s enll\u00e0 i es presenta com un servei que pot servir de departament inform\u00e0tic per a les empreses que no en tinguin o complementar el departament que ja tenen, per millorar-lo.<\/p>\n\n\n\n<p>Els nostres valors d&#039;empresa estan basats en un assessorament personalitzat, en mostrar una atenci\u00f3 al client personalitzada i resolutiva, en la qualitat dels nostres productes i serveis, adaptar-nos a les necessitats del client, evolucionar amb les tend\u00e8ncies i exig\u00e8ncies del mercat, proposar solucions competitives a preus assequibles i treballar dia a dia per millorar el sistema inform\u00e0tic i la gesti\u00f3 empresarial de qualsevol PY. A la nostra p\u00e0gina web podr\u00e0s veure tot all\u00f2 que inclouen els nostres serveis, a m\u00e9s de descarregar els nostres cat\u00e0legs online, per accedir a tota la informaci\u00f3 corporativa, productes, serveis, etc.<\/p>\n\n\n\n<p>Al nostre portal web tamb\u00e9 podr\u00e0s llegir els articles que publiquem al bloc, relacionats amb el&nbsp;<strong>manteniment inform\u00e0tic<\/strong>&nbsp;a&nbsp;<strong>Sant Andreu de Llavaneres<\/strong>, la seguretat inform\u00e0tica, les noves tecnologies, els sistemes d&#039;emmagatzematge en l\u00ednia, les solucions d&#039;impressi\u00f3, apps, etc. A la nostra web tamb\u00e9 podreu veure casos d&#039;\u00e8xit reals d&#039;empreses que han confiat en els nostres serveis especialitzats i que gaudeixen, des del primer dia, de grans beneficis.<\/p>\n\n\n\n<p>A Apen som especialistes en la implantaci\u00f3 i al&nbsp;<strong>manteniment inform\u00e0tic<\/strong>&nbsp;a Sant&nbsp;<strong>Andreu de Llavaneres<\/strong>&nbsp;i tenim com a objectiu aportar solucions per a la gesti\u00f3 de les empreses, per millorar-ne la capacitat competitiva. Creem solucions fetes a mida per als clients, perqu\u00e8 sabem tots els avantatges que obtenen i com poden cr\u00e9ixer de forma exponencial, gr\u00e0cies a un sistema informatitzat \u00f2ptim ia serveis especialitzats, pensats per millorar la gesti\u00f3 empresarial i el funcionament dels equips inform\u00e0tics<\/p>\n\n\n\n<p>El nostre centre operatiu est\u00e0 ubicat a Granollers, que pertany al Vall\u00e8s Oriental (BCN) i els nostres punts de servei comarcals s\u00f3n el Maresme, el barcelon\u00ed i el Vall\u00e8s. Tot i que tamb\u00e9 disposem de cobertura nacional mitjan\u00e7ant la xarxa de col\u00b7laboradors. Actualment estem considerats una empresa referent al sector de la seguretat i el manteniment inform\u00e0tic, no nom\u00e9s a Barcelona sin\u00f3 tamb\u00e9 a nivell nacional.<\/p>","protected":false},"excerpt":{"rendered":"<p>Al contratar servicios profesionales para el\u00a0mantenimiento inform\u00e1tico\u00a0en\u00a0Sant Andreu de Llavaneres\u00a0de tus equipos, no s\u00f3lo ahorrar\u00e1s dinero en reparaciones si no que tus equipos podr\u00e1n funcionar a pleno rendimiento durante mucho m\u00e1s tiempo. En Apen contamos con un equipo de t\u00e9cnicos inform\u00e1ticos que se ocupar\u00e1n de remediar cualquier anomal\u00eda o fallo en el sistema que pueda&#8230;<\/p>","protected":false},"author":4,"featured_media":0,"parent":1357,"menu_order":0,"comment_status":"closed","ping_status":"closed","template":"page-servicio-informatico.php","meta":{"_acf_changed":false,"_kad_blocks_custom_css":"","_kad_blocks_head_custom_js":"","_kad_blocks_body_custom_js":"","_kad_blocks_footer_custom_js":"","_kad_post_transparent":"","_kad_post_title":"","_kad_post_layout":"","_kad_post_sidebar_id":"","_kad_post_content_style":"","_kad_post_vertical_padding":"","_kad_post_feature":"","_kad_post_feature_position":"","_kad_post_header":false,"_kad_post_footer":false,"_kad_post_classname":"","footnotes":""},"class_list":["post-14510","page","type-page","status-publish","hentry"],"acf":[],"yoast_head":"<!-- This site is optimized with the Yoast SEO plugin v27.4 - https:\/\/yoast.com\/product\/yoast-seo-wordpress\/ -->\n<title>Mantenimiento inform\u00e1tico Sant Andreu de Llavaneres - Apen Inform\u00e1tica<\/title>\n<meta name=\"description\" content=\"Servicio de mantenimiento inform\u00e1tico para empresas en Sant Andreu de Llavaneres. Mantenimiento de ordenadores y servidores. L\u00edderes en Barcelona.\" \/>\n<meta name=\"robots\" content=\"index, follow, max-snippet:-1, max-image-preview:large, max-video-preview:-1\" \/>\n<link rel=\"canonical\" href=\"https:\/\/www.apen.es\/ca\/manteniment-informatic\/manteniment-informatic-sant-andreu-de-llavaneres\/\" \/>\n<meta property=\"og:locale\" content=\"ca_ES\" \/>\n<meta property=\"og:type\" content=\"article\" \/>\n<meta property=\"og:title\" content=\"Mantenimiento inform\u00e1tico Sant Andreu de Llavaneres - Apen Inform\u00e1tica\" \/>\n<meta property=\"og:description\" content=\"Servicio de mantenimiento inform\u00e1tico para empresas en Sant Andreu de Llavaneres. Mantenimiento de ordenadores y servidores. L\u00edderes en Barcelona.\" \/>\n<meta property=\"og:url\" content=\"https:\/\/www.apen.es\/ca\/manteniment-informatic\/manteniment-informatic-sant-andreu-de-llavaneres\/\" \/>\n<meta property=\"og:site_name\" content=\"Apen Inform\u00e1tica\" \/>\n<meta property=\"article:publisher\" content=\"https:\/\/www.facebook.com\/apensolucions\" \/>\n<meta property=\"article:modified_time\" content=\"2025-03-31T07:09:55+00:00\" \/>\n<meta property=\"og:image\" content=\"https:\/\/www.apen.es\/wp-content\/uploads\/2016\/05\/logo-apen-231x82-trasparent.png\" \/>\n\t<meta property=\"og:image:width\" content=\"231\" \/>\n\t<meta property=\"og:image:height\" content=\"82\" \/>\n\t<meta property=\"og:image:type\" content=\"image\/png\" \/>\n<meta name=\"twitter:card\" content=\"summary_large_image\" \/>\n<meta name=\"twitter:label1\" content=\"Temps estimat de lectura\" \/>\n\t<meta name=\"twitter:data1\" content=\"10 minuts\" \/>\n<script type=\"application\/ld+json\" class=\"yoast-schema-graph\">{\"@context\":\"https:\\\/\\\/schema.org\",\"@graph\":[{\"@type\":\"WebPage\",\"@id\":\"https:\\\/\\\/www.apen.es\\\/mantenimiento-informatico\\\/mantenimiento-informatico-sant-andreu-de-llavaneres\\\/\",\"url\":\"https:\\\/\\\/www.apen.es\\\/mantenimiento-informatico\\\/mantenimiento-informatico-sant-andreu-de-llavaneres\\\/\",\"name\":\"Mantenimiento inform\u00e1tico Sant Andreu de Llavaneres - Apen Inform\u00e1tica\",\"isPartOf\":{\"@id\":\"https:\\\/\\\/www.apen.es\\\/#website\"},\"datePublished\":\"2019-09-03T09:37:37+00:00\",\"dateModified\":\"2025-03-31T07:09:55+00:00\",\"description\":\"Servicio de mantenimiento inform\u00e1tico para empresas en Sant Andreu de Llavaneres. Mantenimiento de ordenadores y servidores. L\u00edderes en Barcelona.\",\"breadcrumb\":{\"@id\":\"https:\\\/\\\/www.apen.es\\\/mantenimiento-informatico\\\/mantenimiento-informatico-sant-andreu-de-llavaneres\\\/#breadcrumb\"},\"inLanguage\":\"ca\",\"potentialAction\":[{\"@type\":\"ReadAction\",\"target\":[\"https:\\\/\\\/www.apen.es\\\/mantenimiento-informatico\\\/mantenimiento-informatico-sant-andreu-de-llavaneres\\\/\"]}]},{\"@type\":\"BreadcrumbList\",\"@id\":\"https:\\\/\\\/www.apen.es\\\/mantenimiento-informatico\\\/mantenimiento-informatico-sant-andreu-de-llavaneres\\\/#breadcrumb\",\"itemListElement\":[{\"@type\":\"ListItem\",\"position\":1,\"name\":\"Portada\",\"item\":\"https:\\\/\\\/www.apen.es\\\/\"},{\"@type\":\"ListItem\",\"position\":2,\"name\":\"Mantenimiento inform\u00e1tico\",\"item\":\"https:\\\/\\\/www.apen.es\\\/mantenimiento-informatico\\\/\"},{\"@type\":\"ListItem\",\"position\":3,\"name\":\"Mantenimiento inform\u00e1tico Sant Andreu de Llavaneres\"}]},{\"@type\":\"WebSite\",\"@id\":\"https:\\\/\\\/www.apen.es\\\/#website\",\"url\":\"https:\\\/\\\/www.apen.es\\\/\",\"name\":\"Apen Inform\u00e1tica\",\"description\":\"Mantenimiento Inform\u00e1tico , Software de Gesti\u00f3n, Soluciones de impresi\u00f3n\",\"publisher\":{\"@id\":\"https:\\\/\\\/www.apen.es\\\/#organization\"},\"potentialAction\":[{\"@type\":\"SearchAction\",\"target\":{\"@type\":\"EntryPoint\",\"urlTemplate\":\"https:\\\/\\\/www.apen.es\\\/?s={search_term_string}\"},\"query-input\":{\"@type\":\"PropertyValueSpecification\",\"valueRequired\":true,\"valueName\":\"search_term_string\"}}],\"inLanguage\":\"ca\"},{\"@type\":\"Organization\",\"@id\":\"https:\\\/\\\/www.apen.es\\\/#organization\",\"name\":\"Apen: Soluciones inform\u00e1ticas\",\"url\":\"https:\\\/\\\/www.apen.es\\\/\",\"logo\":{\"@type\":\"ImageObject\",\"inLanguage\":\"ca\",\"@id\":\"https:\\\/\\\/www.apen.es\\\/#\\\/schema\\\/logo\\\/image\\\/\",\"url\":\"https:\\\/\\\/www.apen.es\\\/wp-content\\\/uploads\\\/2022\\\/08\\\/logo-apenok-231x82-1.png\",\"contentUrl\":\"https:\\\/\\\/www.apen.es\\\/wp-content\\\/uploads\\\/2022\\\/08\\\/logo-apenok-231x82-1.png\",\"width\":231,\"height\":82,\"caption\":\"Apen: Soluciones inform\u00e1ticas\"},\"image\":{\"@id\":\"https:\\\/\\\/www.apen.es\\\/#\\\/schema\\\/logo\\\/image\\\/\"},\"sameAs\":[\"https:\\\/\\\/www.facebook.com\\\/apensolucions\",\"https:\\\/\\\/www.youtube.com\\\/user\\\/ApenCentreInformatic\",\"https:\\\/\\\/www.linkedin.com\\\/company\\\/1021771?trk=tyah&trkInfo=clickedVerticalcompanyclickedEntityId1021771idx2-1-2tarId1464195271196tasapenin\"]}]}<\/script>\n<!-- \/ Yoast SEO plugin. -->","yoast_head_json":{"title":"Manteniment inform\u00e0tic Sant Andreu de Llavaneres - Apen Inform\u00e0tica","description":"Servei de manteniment inform\u00e0tic per a empreses a Sant Andreu de Llavaneres. Manteniment dordinadors i servidors. L\u00edders a Barcelona.","robots":{"index":"index","follow":"follow","max-snippet":"max-snippet:-1","max-image-preview":"max-image-preview:large","max-video-preview":"max-video-preview:-1"},"canonical":"https:\/\/www.apen.es\/ca\/manteniment-informatic\/manteniment-informatic-sant-andreu-de-llavaneres\/","og_locale":"ca_ES","og_type":"article","og_title":"Mantenimiento inform\u00e1tico Sant Andreu de Llavaneres - Apen Inform\u00e1tica","og_description":"Servicio de mantenimiento inform\u00e1tico para empresas en Sant Andreu de Llavaneres. Mantenimiento de ordenadores y servidores. L\u00edderes en Barcelona.","og_url":"https:\/\/www.apen.es\/ca\/manteniment-informatic\/manteniment-informatic-sant-andreu-de-llavaneres\/","og_site_name":"Apen Inform\u00e1tica","article_publisher":"https:\/\/www.facebook.com\/apensolucions","article_modified_time":"2025-03-31T07:09:55+00:00","og_image":[{"width":231,"height":82,"url":"https:\/\/www.apen.es\/wp-content\/uploads\/2016\/05\/logo-apen-231x82-trasparent.png","type":"image\/png"}],"twitter_card":"summary_large_image","twitter_misc":{"Temps estimat de lectura":"10 minuts"},"schema":{"@context":"https:\/\/schema.org","@graph":[{"@type":"WebPage","@id":"https:\/\/www.apen.es\/mantenimiento-informatico\/mantenimiento-informatico-sant-andreu-de-llavaneres\/","url":"https:\/\/www.apen.es\/mantenimiento-informatico\/mantenimiento-informatico-sant-andreu-de-llavaneres\/","name":"Manteniment inform\u00e0tic Sant Andreu de Llavaneres - Apen Inform\u00e0tica","isPartOf":{"@id":"https:\/\/www.apen.es\/#website"},"datePublished":"2019-09-03T09:37:37+00:00","dateModified":"2025-03-31T07:09:55+00:00","description":"Servei de manteniment inform\u00e0tic per a empreses a Sant Andreu de Llavaneres. Manteniment dordinadors i servidors. L\u00edders a Barcelona.","breadcrumb":{"@id":"https:\/\/www.apen.es\/mantenimiento-informatico\/mantenimiento-informatico-sant-andreu-de-llavaneres\/#breadcrumb"},"inLanguage":"ca","potentialAction":[{"@type":"ReadAction","target":["https:\/\/www.apen.es\/mantenimiento-informatico\/mantenimiento-informatico-sant-andreu-de-llavaneres\/"]}]},{"@type":"BreadcrumbList","@id":"https:\/\/www.apen.es\/mantenimiento-informatico\/mantenimiento-informatico-sant-andreu-de-llavaneres\/#breadcrumb","itemListElement":[{"@type":"ListItem","position":1,"name":"Portada","item":"https:\/\/www.apen.es\/"},{"@type":"ListItem","position":2,"name":"Mantenimiento inform\u00e1tico","item":"https:\/\/www.apen.es\/mantenimiento-informatico\/"},{"@type":"ListItem","position":3,"name":"Mantenimiento inform\u00e1tico Sant Andreu de Llavaneres"}]},{"@type":"WebSite","@id":"https:\/\/www.apen.es\/#website","url":"https:\/\/www.apen.es\/","name":"Apen Inform\u00e0tica","description":"Manteniment inform\u00e0tic , programari de gesti\u00f3, solucions d&#039;impressi\u00f3","publisher":{"@id":"https:\/\/www.apen.es\/#organization"},"potentialAction":[{"@type":"SearchAction","target":{"@type":"EntryPoint","urlTemplate":"https:\/\/www.apen.es\/?s={search_term_string}"},"query-input":{"@type":"PropertyValueSpecification","valueRequired":true,"valueName":"search_term_string"}}],"inLanguage":"ca"},{"@type":"Organization","@id":"https:\/\/www.apen.es\/#organization","name":"Apen: Solucions inform\u00e0tiques","url":"https:\/\/www.apen.es\/","logo":{"@type":"ImageObject","inLanguage":"ca","@id":"https:\/\/www.apen.es\/#\/schema\/logo\/image\/","url":"https:\/\/www.apen.es\/wp-content\/uploads\/2022\/08\/logo-apenok-231x82-1.png","contentUrl":"https:\/\/www.apen.es\/wp-content\/uploads\/2022\/08\/logo-apenok-231x82-1.png","width":231,"height":82,"caption":"Apen: Soluciones inform\u00e1ticas"},"image":{"@id":"https:\/\/www.apen.es\/#\/schema\/logo\/image\/"},"sameAs":["https:\/\/www.facebook.com\/apensolucions","https:\/\/www.youtube.com\/user\/ApenCentreInformatic","https:\/\/www.linkedin.com\/company\/1021771?trk=tyah&trkInfo=clickedVerticalcompanyclickedEntityId1021771idx2-1-2tarId1464195271196tasapenin"]}]}},"taxonomy_info":[],"featured_image_src_large":false,"author_info":{"display_name":"marqueting","author_link":"https:\/\/www.apen.es\/ca\/blog\/author\/marqueting\/"},"comment_info":0,"_links":{"self":[{"href":"https:\/\/www.apen.es\/ca\/wp-json\/wp\/v2\/pages\/14510","targetHints":{"allow":["GET"]}}],"collection":[{"href":"https:\/\/www.apen.es\/ca\/wp-json\/wp\/v2\/pages"}],"about":[{"href":"https:\/\/www.apen.es\/ca\/wp-json\/wp\/v2\/types\/page"}],"author":[{"embeddable":true,"href":"https:\/\/www.apen.es\/ca\/wp-json\/wp\/v2\/users\/4"}],"replies":[{"embeddable":true,"href":"https:\/\/www.apen.es\/ca\/wp-json\/wp\/v2\/comments?post=14510"}],"version-history":[{"count":2,"href":"https:\/\/www.apen.es\/ca\/wp-json\/wp\/v2\/pages\/14510\/revisions"}],"predecessor-version":[{"id":54602,"href":"https:\/\/www.apen.es\/ca\/wp-json\/wp\/v2\/pages\/14510\/revisions\/54602"}],"up":[{"embeddable":true,"href":"https:\/\/www.apen.es\/ca\/wp-json\/wp\/v2\/pages\/1357"}],"wp:attachment":[{"href":"https:\/\/www.apen.es\/ca\/wp-json\/wp\/v2\/media?parent=14510"}],"curies":[{"name":"wp","href":"https:\/\/api.w.org\/{rel}","templated":true}]}}