{"id":14508,"date":"2019-09-03T09:35:18","date_gmt":"2019-09-03T09:35:18","guid":{"rendered":"https:\/\/www.apen.es\/?page_id=14508"},"modified":"2025-03-31T07:10:07","modified_gmt":"2025-03-31T07:10:07","slug":"manteniment-informatic-malgrat-de-mar","status":"publish","type":"page","link":"https:\/\/www.apen.es\/ca\/mantenimiento-informatico\/mantenimiento-informatico-malgrat-de-mar\/","title":{"rendered":"Manteniment inform\u00e0tic Malgrat de Mar"},"content":{"rendered":"<p>Si necessites un departament inform\u00e0tic a la teva empresa o vols complementar el que ja tens, a Apen t&#039;oferim un servei integral de&nbsp;<strong>manteniment inform\u00e0tic<\/strong>&nbsp;a&nbsp;<strong>Malgrat de Mar&nbsp;<\/strong>amb qu\u00e8 podr\u00e0s gaudir d&#039;una proposta personalitzada i feta a mida per a les necessitats reals de la teva empresa.<\/p>\n\n\n\n<p>Comptem amb un manteniment base, un manteniment outsourcing i un manteniment Premium, tots ells pensats per protegir i mantenir la major estabilitat possible als teus equips. Per\u00f2 tenint en compte que cada empresa compta amb diferents necessitats, exig\u00e8ncies, requisits, pressupostos o objectius empresarials, oferim tres opcions diferents perqu\u00e8 cada empresa esculli la que prefereixi. La primera opci\u00f3 \u00e9s la m\u00e9s b\u00e0sica, que compta amb les prestacions essencials del manteniment inform\u00e0tic, la segona seria una opci\u00f3 interm\u00e8dia, per complementar el departament d&#039;una PIME o per convertir-se en el departament de&nbsp;<strong>manteniment inform\u00e0tic<\/strong>&nbsp;a&nbsp;<strong>Malgrat de Mar<\/strong>, en cas que no en tinguin, i en tercer lloc parlem d&#039;un manteniment Premium, \u00e9s a dir, un manteniment que compta amb totes les prestacions possibles per protegir els equips i actua de manera monitoritzada, amb l&#039;objectiu de fer accions preventives i correctives.<\/p>\n\n\n\n<p>A Apen som especialistes en el&nbsp;<strong>manteniment inform\u00e0tic<\/strong>&nbsp;a&nbsp;<strong>Malgrat de Mar<\/strong>&nbsp;i tamb\u00e9 a la seguretat inform\u00e0tica. De manera que si contractes els nostres serveis no nom\u00e9s estar\u00e0s aconseguint un manteniment inform\u00e0tic professional, sin\u00f3 que tamb\u00e9 protegir\u00e0s els teus equips de possibles virus, fallades al sistema, robatori de dades, ciberatacs, etc.<\/p>\n\n\n\n<p>Tamb\u00e9 us oferim altres serveis integrals i pensats per millorar la gesti\u00f3 empresarial i el bon funcionament del sistema inform\u00e0tic de qualsevol PIME, com ara solucions d&#039;impressi\u00f3 multifuncionals d&#039;\u00faltima generaci\u00f3, solucions cloud, implantaci\u00f3 d&#039;un sistema ERP per a la gesti\u00f3 empresarial i diversos productes i serveis relacionats amb la seguretat i el&nbsp;<strong>manteniment inform\u00e0tic<\/strong>&nbsp;a&nbsp;<strong>Malgrat de Mar<\/strong>.<\/p>\n\n\n\n<p>A la nostra p\u00e0gina web podr\u00e0s con\u00e8ixer una mica m\u00e9s sobre la nostra hist\u00f2ria i filosofia d&#039;empresa, saber qu\u00e8 inclou exactament cadascun dels nostres serveis, con\u00e8ixer casos d&#039;\u00e8xit reals d&#039;empreses que han confiat en els nostres serveis especialitzats i, tamb\u00e9, podr\u00e0s seguir el nostre blog on publiquem not\u00edcies i articles relacionats amb les noves tecnologies, el manteniment i la seguretat inform\u00e0tica, sistemes d&#039;emmagatzematge online, apps, eines relacionades amb el appe beneficis que suposa comptar amb serveis personalitzats, com ara les solucions d&#039;impressi\u00f3, etc.<\/p>\n\n\n\n<p>A Apen no nom\u00e9s trobar\u00e0s productes i serveis especialitzats, sin\u00f3 que tamb\u00e9 podr\u00e0s obtenir un assessorament especialitzat i un equip t\u00e8cnic professional, capa\u00e7 de resoldre qualsevol tipus d&#039;anomalia que es pugui donar als teus equips. Si vols estar tranquil sabent que els ordinadors de la teva empresa no et deixaran tirat, confia en una empresa amb experi\u00e8ncia com Apen.<\/p>","protected":false},"excerpt":{"rendered":"<p>Si necesitas un departamento inform\u00e1tico en tu empresa o quieres complementar el que ya tienes, en Apen te ofrecemos un servicio integral de&nbsp;mantenimiento inform\u00e1tico&nbsp;en&nbsp;Malgrat de Mar&nbsp;con el que podr\u00e1s disfrutar de una propuesta personalizada y hecha a medida para las necesidades reales de tu empresa. Contamos con un mantenimiento base, un mantenimiento outsourcing y un&#8230;<\/p>","protected":false},"author":4,"featured_media":0,"parent":1357,"menu_order":0,"comment_status":"closed","ping_status":"closed","template":"page-servicio-informatico.php","meta":{"_acf_changed":false,"_kad_blocks_custom_css":"","_kad_blocks_head_custom_js":"","_kad_blocks_body_custom_js":"","_kad_blocks_footer_custom_js":"","_kad_post_transparent":"","_kad_post_title":"","_kad_post_layout":"","_kad_post_sidebar_id":"","_kad_post_content_style":"","_kad_post_vertical_padding":"","_kad_post_feature":"","_kad_post_feature_position":"","_kad_post_header":false,"_kad_post_footer":false,"_kad_post_classname":"","footnotes":""},"class_list":["post-14508","page","type-page","status-publish","hentry"],"acf":[],"yoast_head":"<!-- This site is optimized with the Yoast SEO plugin v27.4 - https:\/\/yoast.com\/product\/yoast-seo-wordpress\/ -->\n<title>Mantenimiento inform\u00e1tico Malgrat de Mar - Apen Inform\u00e1tica<\/title>\n<meta name=\"description\" content=\"Servicio de mantenimiento inform\u00e1tico para empresas en Malgrat de Mar. Mantenimiento de ordenadores y servidores. Ll\u00e1manos al 938 606 220 sin compromiso.\" \/>\n<meta name=\"robots\" content=\"index, follow, max-snippet:-1, max-image-preview:large, max-video-preview:-1\" \/>\n<link rel=\"canonical\" href=\"https:\/\/www.apen.es\/ca\/manteniment-informatic\/manteniment-informatic-malgrat-de-mar\/\" \/>\n<meta property=\"og:locale\" content=\"ca_ES\" \/>\n<meta property=\"og:type\" content=\"article\" \/>\n<meta property=\"og:title\" content=\"Mantenimiento inform\u00e1tico Malgrat de Mar - Apen Inform\u00e1tica\" \/>\n<meta property=\"og:description\" content=\"Servicio de mantenimiento inform\u00e1tico para empresas en Malgrat de Mar. Mantenimiento de ordenadores y servidores. Ll\u00e1manos al 938 606 220 sin compromiso.\" \/>\n<meta property=\"og:url\" content=\"https:\/\/www.apen.es\/ca\/manteniment-informatic\/manteniment-informatic-malgrat-de-mar\/\" \/>\n<meta property=\"og:site_name\" content=\"Apen Inform\u00e1tica\" \/>\n<meta property=\"article:publisher\" content=\"https:\/\/www.facebook.com\/apensolucions\" \/>\n<meta property=\"article:modified_time\" content=\"2025-03-31T07:10:07+00:00\" \/>\n<meta property=\"og:image\" content=\"https:\/\/www.apen.es\/wp-content\/uploads\/2016\/05\/logo-apen-231x82-trasparent.png\" \/>\n\t<meta property=\"og:image:width\" content=\"231\" \/>\n\t<meta property=\"og:image:height\" content=\"82\" \/>\n\t<meta property=\"og:image:type\" content=\"image\/png\" \/>\n<meta name=\"twitter:card\" content=\"summary_large_image\" \/>\n<meta name=\"twitter:label1\" content=\"Temps estimat de lectura\" \/>\n\t<meta name=\"twitter:data1\" content=\"10 minuts\" \/>\n<script type=\"application\/ld+json\" class=\"yoast-schema-graph\">{\"@context\":\"https:\\\/\\\/schema.org\",\"@graph\":[{\"@type\":\"WebPage\",\"@id\":\"https:\\\/\\\/www.apen.es\\\/mantenimiento-informatico\\\/mantenimiento-informatico-malgrat-de-mar\\\/\",\"url\":\"https:\\\/\\\/www.apen.es\\\/mantenimiento-informatico\\\/mantenimiento-informatico-malgrat-de-mar\\\/\",\"name\":\"Mantenimiento inform\u00e1tico Malgrat de Mar - Apen Inform\u00e1tica\",\"isPartOf\":{\"@id\":\"https:\\\/\\\/www.apen.es\\\/#website\"},\"datePublished\":\"2019-09-03T09:35:18+00:00\",\"dateModified\":\"2025-03-31T07:10:07+00:00\",\"description\":\"Servicio de mantenimiento inform\u00e1tico para empresas en Malgrat de Mar. Mantenimiento de ordenadores y servidores. Ll\u00e1manos al 938 606 220 sin compromiso.\",\"breadcrumb\":{\"@id\":\"https:\\\/\\\/www.apen.es\\\/mantenimiento-informatico\\\/mantenimiento-informatico-malgrat-de-mar\\\/#breadcrumb\"},\"inLanguage\":\"ca\",\"potentialAction\":[{\"@type\":\"ReadAction\",\"target\":[\"https:\\\/\\\/www.apen.es\\\/mantenimiento-informatico\\\/mantenimiento-informatico-malgrat-de-mar\\\/\"]}]},{\"@type\":\"BreadcrumbList\",\"@id\":\"https:\\\/\\\/www.apen.es\\\/mantenimiento-informatico\\\/mantenimiento-informatico-malgrat-de-mar\\\/#breadcrumb\",\"itemListElement\":[{\"@type\":\"ListItem\",\"position\":1,\"name\":\"Portada\",\"item\":\"https:\\\/\\\/www.apen.es\\\/\"},{\"@type\":\"ListItem\",\"position\":2,\"name\":\"Mantenimiento inform\u00e1tico\",\"item\":\"https:\\\/\\\/www.apen.es\\\/mantenimiento-informatico\\\/\"},{\"@type\":\"ListItem\",\"position\":3,\"name\":\"Mantenimiento inform\u00e1tico Malgrat de Mar\"}]},{\"@type\":\"WebSite\",\"@id\":\"https:\\\/\\\/www.apen.es\\\/#website\",\"url\":\"https:\\\/\\\/www.apen.es\\\/\",\"name\":\"Apen Inform\u00e1tica\",\"description\":\"Mantenimiento Inform\u00e1tico , Software de Gesti\u00f3n, Soluciones de impresi\u00f3n\",\"publisher\":{\"@id\":\"https:\\\/\\\/www.apen.es\\\/#organization\"},\"potentialAction\":[{\"@type\":\"SearchAction\",\"target\":{\"@type\":\"EntryPoint\",\"urlTemplate\":\"https:\\\/\\\/www.apen.es\\\/?s={search_term_string}\"},\"query-input\":{\"@type\":\"PropertyValueSpecification\",\"valueRequired\":true,\"valueName\":\"search_term_string\"}}],\"inLanguage\":\"ca\"},{\"@type\":\"Organization\",\"@id\":\"https:\\\/\\\/www.apen.es\\\/#organization\",\"name\":\"Apen: Soluciones inform\u00e1ticas\",\"url\":\"https:\\\/\\\/www.apen.es\\\/\",\"logo\":{\"@type\":\"ImageObject\",\"inLanguage\":\"ca\",\"@id\":\"https:\\\/\\\/www.apen.es\\\/#\\\/schema\\\/logo\\\/image\\\/\",\"url\":\"https:\\\/\\\/www.apen.es\\\/wp-content\\\/uploads\\\/2022\\\/08\\\/logo-apenok-231x82-1.png\",\"contentUrl\":\"https:\\\/\\\/www.apen.es\\\/wp-content\\\/uploads\\\/2022\\\/08\\\/logo-apenok-231x82-1.png\",\"width\":231,\"height\":82,\"caption\":\"Apen: Soluciones inform\u00e1ticas\"},\"image\":{\"@id\":\"https:\\\/\\\/www.apen.es\\\/#\\\/schema\\\/logo\\\/image\\\/\"},\"sameAs\":[\"https:\\\/\\\/www.facebook.com\\\/apensolucions\",\"https:\\\/\\\/www.youtube.com\\\/user\\\/ApenCentreInformatic\",\"https:\\\/\\\/www.linkedin.com\\\/company\\\/1021771?trk=tyah&trkInfo=clickedVerticalcompanyclickedEntityId1021771idx2-1-2tarId1464195271196tasapenin\"]}]}<\/script>\n<!-- \/ Yoast SEO plugin. -->","yoast_head_json":{"title":"Manteniment inform\u00e0tic Malgrat de Mar - Apen Inform\u00e0tica","description":"Servei de manteniment inform\u00e0tic per a empreses a Malgrat de Mar. Manteniment d&#039;ordinadors i servidors. Truca&#039;ns al 938 606 220 sense comprom\u00eds.","robots":{"index":"index","follow":"follow","max-snippet":"max-snippet:-1","max-image-preview":"max-image-preview:large","max-video-preview":"max-video-preview:-1"},"canonical":"https:\/\/www.apen.es\/ca\/manteniment-informatic\/manteniment-informatic-malgrat-de-mar\/","og_locale":"ca_ES","og_type":"article","og_title":"Mantenimiento inform\u00e1tico Malgrat de Mar - Apen Inform\u00e1tica","og_description":"Servicio de mantenimiento inform\u00e1tico para empresas en Malgrat de Mar. Mantenimiento de ordenadores y servidores. Ll\u00e1manos al 938 606 220 sin compromiso.","og_url":"https:\/\/www.apen.es\/ca\/manteniment-informatic\/manteniment-informatic-malgrat-de-mar\/","og_site_name":"Apen Inform\u00e1tica","article_publisher":"https:\/\/www.facebook.com\/apensolucions","article_modified_time":"2025-03-31T07:10:07+00:00","og_image":[{"width":231,"height":82,"url":"https:\/\/www.apen.es\/wp-content\/uploads\/2016\/05\/logo-apen-231x82-trasparent.png","type":"image\/png"}],"twitter_card":"summary_large_image","twitter_misc":{"Temps estimat de lectura":"10 minuts"},"schema":{"@context":"https:\/\/schema.org","@graph":[{"@type":"WebPage","@id":"https:\/\/www.apen.es\/mantenimiento-informatico\/mantenimiento-informatico-malgrat-de-mar\/","url":"https:\/\/www.apen.es\/mantenimiento-informatico\/mantenimiento-informatico-malgrat-de-mar\/","name":"Manteniment inform\u00e0tic Malgrat de Mar - Apen Inform\u00e0tica","isPartOf":{"@id":"https:\/\/www.apen.es\/#website"},"datePublished":"2019-09-03T09:35:18+00:00","dateModified":"2025-03-31T07:10:07+00:00","description":"Servei de manteniment inform\u00e0tic per a empreses a Malgrat de Mar. Manteniment d&#039;ordinadors i servidors. Truca&#039;ns al 938 606 220 sense comprom\u00eds.","breadcrumb":{"@id":"https:\/\/www.apen.es\/mantenimiento-informatico\/mantenimiento-informatico-malgrat-de-mar\/#breadcrumb"},"inLanguage":"ca","potentialAction":[{"@type":"ReadAction","target":["https:\/\/www.apen.es\/mantenimiento-informatico\/mantenimiento-informatico-malgrat-de-mar\/"]}]},{"@type":"BreadcrumbList","@id":"https:\/\/www.apen.es\/mantenimiento-informatico\/mantenimiento-informatico-malgrat-de-mar\/#breadcrumb","itemListElement":[{"@type":"ListItem","position":1,"name":"Portada","item":"https:\/\/www.apen.es\/"},{"@type":"ListItem","position":2,"name":"Mantenimiento inform\u00e1tico","item":"https:\/\/www.apen.es\/mantenimiento-informatico\/"},{"@type":"ListItem","position":3,"name":"Mantenimiento inform\u00e1tico Malgrat de Mar"}]},{"@type":"WebSite","@id":"https:\/\/www.apen.es\/#website","url":"https:\/\/www.apen.es\/","name":"Apen Inform\u00e0tica","description":"Manteniment inform\u00e0tic , programari de gesti\u00f3, solucions d&#039;impressi\u00f3","publisher":{"@id":"https:\/\/www.apen.es\/#organization"},"potentialAction":[{"@type":"SearchAction","target":{"@type":"EntryPoint","urlTemplate":"https:\/\/www.apen.es\/?s={search_term_string}"},"query-input":{"@type":"PropertyValueSpecification","valueRequired":true,"valueName":"search_term_string"}}],"inLanguage":"ca"},{"@type":"Organization","@id":"https:\/\/www.apen.es\/#organization","name":"Apen: Solucions inform\u00e0tiques","url":"https:\/\/www.apen.es\/","logo":{"@type":"ImageObject","inLanguage":"ca","@id":"https:\/\/www.apen.es\/#\/schema\/logo\/image\/","url":"https:\/\/www.apen.es\/wp-content\/uploads\/2022\/08\/logo-apenok-231x82-1.png","contentUrl":"https:\/\/www.apen.es\/wp-content\/uploads\/2022\/08\/logo-apenok-231x82-1.png","width":231,"height":82,"caption":"Apen: Soluciones inform\u00e1ticas"},"image":{"@id":"https:\/\/www.apen.es\/#\/schema\/logo\/image\/"},"sameAs":["https:\/\/www.facebook.com\/apensolucions","https:\/\/www.youtube.com\/user\/ApenCentreInformatic","https:\/\/www.linkedin.com\/company\/1021771?trk=tyah&trkInfo=clickedVerticalcompanyclickedEntityId1021771idx2-1-2tarId1464195271196tasapenin"]}]}},"taxonomy_info":[],"featured_image_src_large":false,"author_info":{"display_name":"marqueting","author_link":"https:\/\/www.apen.es\/ca\/blog\/author\/marqueting\/"},"comment_info":0,"_links":{"self":[{"href":"https:\/\/www.apen.es\/ca\/wp-json\/wp\/v2\/pages\/14508","targetHints":{"allow":["GET"]}}],"collection":[{"href":"https:\/\/www.apen.es\/ca\/wp-json\/wp\/v2\/pages"}],"about":[{"href":"https:\/\/www.apen.es\/ca\/wp-json\/wp\/v2\/types\/page"}],"author":[{"embeddable":true,"href":"https:\/\/www.apen.es\/ca\/wp-json\/wp\/v2\/users\/4"}],"replies":[{"embeddable":true,"href":"https:\/\/www.apen.es\/ca\/wp-json\/wp\/v2\/comments?post=14508"}],"version-history":[{"count":2,"href":"https:\/\/www.apen.es\/ca\/wp-json\/wp\/v2\/pages\/14508\/revisions"}],"predecessor-version":[{"id":54603,"href":"https:\/\/www.apen.es\/ca\/wp-json\/wp\/v2\/pages\/14508\/revisions\/54603"}],"up":[{"embeddable":true,"href":"https:\/\/www.apen.es\/ca\/wp-json\/wp\/v2\/pages\/1357"}],"wp:attachment":[{"href":"https:\/\/www.apen.es\/ca\/wp-json\/wp\/v2\/media?parent=14508"}],"curies":[{"name":"wp","href":"https:\/\/api.w.org\/{rel}","templated":true}]}}