{"id":14506,"date":"2019-09-03T09:31:42","date_gmt":"2019-09-03T09:31:42","guid":{"rendered":"https:\/\/www.apen.es\/?page_id=14506"},"modified":"2025-03-31T06:24:53","modified_gmt":"2025-03-31T06:24:53","slug":"manteniment-informatic-dosrius","status":"publish","type":"page","link":"https:\/\/www.apen.es\/ca\/mantenimiento-informatico\/mantenimiento-informatico-dosrius\/","title":{"rendered":"Manteniment inform\u00e0tic Dosrius"},"content":{"rendered":"<p>Gaudeix de tots els beneficis del&nbsp;<strong>manteniment inform\u00e0tic<\/strong>&nbsp;a&nbsp;<strong>Dosrius<\/strong>&nbsp;a trav\u00e9s de tots els serveis i productes que t&#039;oferim a Apen. Som una empresa especialitzada en la seguretat i el manteniment inform\u00e0tic i comptem amb m\u00e9s de 25 anys d&#039;experi\u00e8ncia al sector, cosa que ens permet oferir una garantia de gran qualitat en tots els nostres treballs.<\/p>\n\n\n\n<p>A Apen pots trobar solucions personalitzades, per millorar el sistema inform\u00e0tic del teu PIME a trav\u00e9s de tres opcions diferenciades; Manteniment Base, Manteniment Outsourcing i Manteniment Premium. La primera opci\u00f3 es refereix a un&nbsp;<strong>manteniment inform\u00e0tic<\/strong>&nbsp;a&nbsp;<strong>Dosrius<\/strong>&nbsp;amb les prestacions b\u00e0siques per protegir els equips inform\u00e0tics, la segona opci\u00f3 \u00e9s una proposta interm\u00e8dia, que serveix tant per a aquelles empreses que no compten amb un departament inform\u00e0tic propi com per a les que volen millorar i complementar el que ja tenen. I finalment el manteniment Premium, un servei integral de&nbsp;<strong>manteniment inform\u00e0tic&nbsp;<\/strong>a&nbsp;<strong>Dosrius<\/strong>&nbsp;que compta amb totes les prestacions per poder actuar de forma preventiva i correctiva, tenint en compte tots i cadascun dels factors per mantenir els equips funcionant sempre a ple rendiment, amb el manteniment adequat i les mesures de seguretat pertinents. A Apen podr\u00e0s trobar un servei t\u00e8cnic inform\u00e0tic especialitzat, que pensa en les necessitats de la teva empresa i permet obtenir un servei resolutiu i eficient, gr\u00e0cies al treball del nostre equip t\u00e8cnic professional.<\/p>\n\n\n\n<p>Al llarg d&#039;aquests m\u00e9s de 25 anys de treball, hem pogut aprendre i evolucionar al mateix ritme que les demandes i exig\u00e8ncies del mercat que planteja aquest sector i, per aix\u00f2, podem oferir-vos propostes molt adaptades a les necessitats actuals com \u00e9s el r\u00e8nting d&#039;impressores multifunci\u00f3 d&#039;\u00faltima generaci\u00f3, amb les quals podeu gaudir d&#039;una bona gesti\u00f3 de les vostres solucions d&#039;impressi\u00f3, estalviant les vostres costes. Una altra opci\u00f3 que plantegem \u00e9s implantar un sistema ERP a les PIMES, \u00e9s a dir, un programari de gesti\u00f3 empresarial per unificar tots els departaments de la teva empresa, amb l&#039;objectiu de poder organitzar, supervisar, valorar, decidir, ser m\u00e9s productiu, augmentar les vendes, millorar la imatge de marca, etc. I tamb\u00e9 trobareu altres serveis d&#039;emmagatzematge al n\u00favol amb sistemes cloud. I tot aix\u00f2, sumat als nostres serveis especialitzats de&nbsp;<strong>manteniment inform\u00e0tic<\/strong>&nbsp;a&nbsp;<strong>Dosrius<\/strong>&nbsp;i seguretat inform\u00e0tica, us permetran gaudir d&#039;un servei inform\u00e0tic integral polivalent immillorable.<\/p>\n\n\n\n<p>Entra a la nostra web i descobreix tot el que inclouen els nostres serveis, els quals tenen com a objectiu millorar el funcionament dels teus equips inform\u00e0tics i tamb\u00e9 la gesti\u00f3 empresarial, independentment de si \u00e9s una empresa petita, mitjana o gran. A trav\u00e9s del nostre assessorament personalitzat, els productes de primeres marques, el nostre equip t\u00e8cnic i totes les eines que posem al teu abast aconseguir\u00e0s incre\u00efbles beneficis des del primer dia que treballem junts.<\/p>","protected":false},"excerpt":{"rendered":"<p>Disfruta de todos los beneficios del&nbsp;mantenimiento inform\u00e1tico&nbsp;en&nbsp;Dosrius&nbsp;a trav\u00e9s de todos los servicios y productos que te ofrecemos en Apen. Somos una empresa especializada en la seguridad y el mantenimiento inform\u00e1tico y contamos con m\u00e1s de 25 a\u00f1os de experiencia en el sector, lo que nos permite ofrecer una garant\u00eda de gran calidad en todos nuestros&#8230;<\/p>","protected":false},"author":4,"featured_media":0,"parent":1357,"menu_order":0,"comment_status":"closed","ping_status":"closed","template":"page-servicio-informatico.php","meta":{"_acf_changed":false,"_kad_blocks_custom_css":"","_kad_blocks_head_custom_js":"","_kad_blocks_body_custom_js":"","_kad_blocks_footer_custom_js":"","_kad_post_transparent":"","_kad_post_title":"","_kad_post_layout":"","_kad_post_sidebar_id":"","_kad_post_content_style":"","_kad_post_vertical_padding":"","_kad_post_feature":"","_kad_post_feature_position":"","_kad_post_header":false,"_kad_post_footer":false,"_kad_post_classname":"","footnotes":""},"class_list":["post-14506","page","type-page","status-publish","hentry"],"acf":[],"yoast_head":"<!-- This site is optimized with the Yoast SEO plugin v27.4 - https:\/\/yoast.com\/product\/yoast-seo-wordpress\/ -->\n<title>Mantenimiento inform\u00e1tico Dosrius - Apen Inform\u00e1tica<\/title>\n<meta name=\"description\" content=\"Servicio de mantenimiento inform\u00e1tico para empresas en Dosrius. Mantenimiento de ordenadores y servidores. Ll\u00e1manos al 938 606 220 sin compro\" \/>\n<meta name=\"robots\" content=\"index, follow, max-snippet:-1, max-image-preview:large, max-video-preview:-1\" \/>\n<link rel=\"canonical\" href=\"https:\/\/www.apen.es\/ca\/manteniment-informatic\/manteniment-informatic-dosrius\/\" \/>\n<meta property=\"og:locale\" content=\"ca_ES\" \/>\n<meta property=\"og:type\" content=\"article\" \/>\n<meta property=\"og:title\" content=\"Mantenimiento inform\u00e1tico Dosrius - Apen Inform\u00e1tica\" \/>\n<meta property=\"og:description\" content=\"Servicio de mantenimiento inform\u00e1tico para empresas en Dosrius. Mantenimiento de ordenadores y servidores. Ll\u00e1manos al 938 606 220 sin compro\" \/>\n<meta property=\"og:url\" content=\"https:\/\/www.apen.es\/ca\/manteniment-informatic\/manteniment-informatic-dosrius\/\" \/>\n<meta property=\"og:site_name\" content=\"Apen Inform\u00e1tica\" \/>\n<meta property=\"article:publisher\" content=\"https:\/\/www.facebook.com\/apensolucions\" \/>\n<meta property=\"article:modified_time\" content=\"2025-03-31T06:24:53+00:00\" \/>\n<meta property=\"og:image\" content=\"https:\/\/www.apen.es\/wp-content\/uploads\/2016\/05\/logo-apen-231x82-trasparent.png\" \/>\n\t<meta property=\"og:image:width\" content=\"231\" \/>\n\t<meta property=\"og:image:height\" content=\"82\" \/>\n\t<meta property=\"og:image:type\" content=\"image\/png\" \/>\n<meta name=\"twitter:card\" content=\"summary_large_image\" \/>\n<meta name=\"twitter:label1\" content=\"Temps estimat de lectura\" \/>\n\t<meta name=\"twitter:data1\" content=\"10 minuts\" \/>\n<script type=\"application\/ld+json\" class=\"yoast-schema-graph\">{\"@context\":\"https:\\\/\\\/schema.org\",\"@graph\":[{\"@type\":\"WebPage\",\"@id\":\"https:\\\/\\\/www.apen.es\\\/mantenimiento-informatico\\\/mantenimiento-informatico-dosrius\\\/\",\"url\":\"https:\\\/\\\/www.apen.es\\\/mantenimiento-informatico\\\/mantenimiento-informatico-dosrius\\\/\",\"name\":\"Mantenimiento inform\u00e1tico Dosrius - Apen Inform\u00e1tica\",\"isPartOf\":{\"@id\":\"https:\\\/\\\/www.apen.es\\\/#website\"},\"datePublished\":\"2019-09-03T09:31:42+00:00\",\"dateModified\":\"2025-03-31T06:24:53+00:00\",\"description\":\"Servicio de mantenimiento inform\u00e1tico para empresas en Dosrius. Mantenimiento de ordenadores y servidores. Ll\u00e1manos al 938 606 220 sin compro\",\"breadcrumb\":{\"@id\":\"https:\\\/\\\/www.apen.es\\\/mantenimiento-informatico\\\/mantenimiento-informatico-dosrius\\\/#breadcrumb\"},\"inLanguage\":\"ca\",\"potentialAction\":[{\"@type\":\"ReadAction\",\"target\":[\"https:\\\/\\\/www.apen.es\\\/mantenimiento-informatico\\\/mantenimiento-informatico-dosrius\\\/\"]}]},{\"@type\":\"BreadcrumbList\",\"@id\":\"https:\\\/\\\/www.apen.es\\\/mantenimiento-informatico\\\/mantenimiento-informatico-dosrius\\\/#breadcrumb\",\"itemListElement\":[{\"@type\":\"ListItem\",\"position\":1,\"name\":\"Portada\",\"item\":\"https:\\\/\\\/www.apen.es\\\/\"},{\"@type\":\"ListItem\",\"position\":2,\"name\":\"Mantenimiento inform\u00e1tico\",\"item\":\"https:\\\/\\\/www.apen.es\\\/mantenimiento-informatico\\\/\"},{\"@type\":\"ListItem\",\"position\":3,\"name\":\"Mantenimiento inform\u00e1tico Dosrius\"}]},{\"@type\":\"WebSite\",\"@id\":\"https:\\\/\\\/www.apen.es\\\/#website\",\"url\":\"https:\\\/\\\/www.apen.es\\\/\",\"name\":\"Apen Inform\u00e1tica\",\"description\":\"Mantenimiento Inform\u00e1tico , Software de Gesti\u00f3n, Soluciones de impresi\u00f3n\",\"publisher\":{\"@id\":\"https:\\\/\\\/www.apen.es\\\/#organization\"},\"potentialAction\":[{\"@type\":\"SearchAction\",\"target\":{\"@type\":\"EntryPoint\",\"urlTemplate\":\"https:\\\/\\\/www.apen.es\\\/?s={search_term_string}\"},\"query-input\":{\"@type\":\"PropertyValueSpecification\",\"valueRequired\":true,\"valueName\":\"search_term_string\"}}],\"inLanguage\":\"ca\"},{\"@type\":\"Organization\",\"@id\":\"https:\\\/\\\/www.apen.es\\\/#organization\",\"name\":\"Apen: Soluciones inform\u00e1ticas\",\"url\":\"https:\\\/\\\/www.apen.es\\\/\",\"logo\":{\"@type\":\"ImageObject\",\"inLanguage\":\"ca\",\"@id\":\"https:\\\/\\\/www.apen.es\\\/#\\\/schema\\\/logo\\\/image\\\/\",\"url\":\"https:\\\/\\\/www.apen.es\\\/wp-content\\\/uploads\\\/2022\\\/08\\\/logo-apenok-231x82-1.png\",\"contentUrl\":\"https:\\\/\\\/www.apen.es\\\/wp-content\\\/uploads\\\/2022\\\/08\\\/logo-apenok-231x82-1.png\",\"width\":231,\"height\":82,\"caption\":\"Apen: Soluciones inform\u00e1ticas\"},\"image\":{\"@id\":\"https:\\\/\\\/www.apen.es\\\/#\\\/schema\\\/logo\\\/image\\\/\"},\"sameAs\":[\"https:\\\/\\\/www.facebook.com\\\/apensolucions\",\"https:\\\/\\\/www.youtube.com\\\/user\\\/ApenCentreInformatic\",\"https:\\\/\\\/www.linkedin.com\\\/company\\\/1021771?trk=tyah&trkInfo=clickedVerticalcompanyclickedEntityId1021771idx2-1-2tarId1464195271196tasapenin\"]}]}<\/script>\n<!-- \/ Yoast SEO plugin. -->","yoast_head_json":{"title":"Manteniment inform\u00e0tic Dosrius - Apen Inform\u00e0tica","description":"Servei de manteniment inform\u00e0tic per a empreses a Dosrius. Manteniment dordinadors i servidors. Truca&#039;ns al 938 606 220 sense compro","robots":{"index":"index","follow":"follow","max-snippet":"max-snippet:-1","max-image-preview":"max-image-preview:large","max-video-preview":"max-video-preview:-1"},"canonical":"https:\/\/www.apen.es\/ca\/manteniment-informatic\/manteniment-informatic-dosrius\/","og_locale":"ca_ES","og_type":"article","og_title":"Mantenimiento inform\u00e1tico Dosrius - Apen Inform\u00e1tica","og_description":"Servicio de mantenimiento inform\u00e1tico para empresas en Dosrius. Mantenimiento de ordenadores y servidores. Ll\u00e1manos al 938 606 220 sin compro","og_url":"https:\/\/www.apen.es\/ca\/manteniment-informatic\/manteniment-informatic-dosrius\/","og_site_name":"Apen Inform\u00e1tica","article_publisher":"https:\/\/www.facebook.com\/apensolucions","article_modified_time":"2025-03-31T06:24:53+00:00","og_image":[{"width":231,"height":82,"url":"https:\/\/www.apen.es\/wp-content\/uploads\/2016\/05\/logo-apen-231x82-trasparent.png","type":"image\/png"}],"twitter_card":"summary_large_image","twitter_misc":{"Temps estimat de lectura":"10 minuts"},"schema":{"@context":"https:\/\/schema.org","@graph":[{"@type":"WebPage","@id":"https:\/\/www.apen.es\/mantenimiento-informatico\/mantenimiento-informatico-dosrius\/","url":"https:\/\/www.apen.es\/mantenimiento-informatico\/mantenimiento-informatico-dosrius\/","name":"Manteniment inform\u00e0tic Dosrius - Apen Inform\u00e0tica","isPartOf":{"@id":"https:\/\/www.apen.es\/#website"},"datePublished":"2019-09-03T09:31:42+00:00","dateModified":"2025-03-31T06:24:53+00:00","description":"Servei de manteniment inform\u00e0tic per a empreses a Dosrius. Manteniment dordinadors i servidors. Truca&#039;ns al 938 606 220 sense compro","breadcrumb":{"@id":"https:\/\/www.apen.es\/mantenimiento-informatico\/mantenimiento-informatico-dosrius\/#breadcrumb"},"inLanguage":"ca","potentialAction":[{"@type":"ReadAction","target":["https:\/\/www.apen.es\/mantenimiento-informatico\/mantenimiento-informatico-dosrius\/"]}]},{"@type":"BreadcrumbList","@id":"https:\/\/www.apen.es\/mantenimiento-informatico\/mantenimiento-informatico-dosrius\/#breadcrumb","itemListElement":[{"@type":"ListItem","position":1,"name":"Portada","item":"https:\/\/www.apen.es\/"},{"@type":"ListItem","position":2,"name":"Mantenimiento inform\u00e1tico","item":"https:\/\/www.apen.es\/mantenimiento-informatico\/"},{"@type":"ListItem","position":3,"name":"Mantenimiento inform\u00e1tico Dosrius"}]},{"@type":"WebSite","@id":"https:\/\/www.apen.es\/#website","url":"https:\/\/www.apen.es\/","name":"Apen Inform\u00e0tica","description":"Manteniment inform\u00e0tic , programari de gesti\u00f3, solucions d&#039;impressi\u00f3","publisher":{"@id":"https:\/\/www.apen.es\/#organization"},"potentialAction":[{"@type":"SearchAction","target":{"@type":"EntryPoint","urlTemplate":"https:\/\/www.apen.es\/?s={search_term_string}"},"query-input":{"@type":"PropertyValueSpecification","valueRequired":true,"valueName":"search_term_string"}}],"inLanguage":"ca"},{"@type":"Organization","@id":"https:\/\/www.apen.es\/#organization","name":"Apen: Solucions inform\u00e0tiques","url":"https:\/\/www.apen.es\/","logo":{"@type":"ImageObject","inLanguage":"ca","@id":"https:\/\/www.apen.es\/#\/schema\/logo\/image\/","url":"https:\/\/www.apen.es\/wp-content\/uploads\/2022\/08\/logo-apenok-231x82-1.png","contentUrl":"https:\/\/www.apen.es\/wp-content\/uploads\/2022\/08\/logo-apenok-231x82-1.png","width":231,"height":82,"caption":"Apen: Soluciones inform\u00e1ticas"},"image":{"@id":"https:\/\/www.apen.es\/#\/schema\/logo\/image\/"},"sameAs":["https:\/\/www.facebook.com\/apensolucions","https:\/\/www.youtube.com\/user\/ApenCentreInformatic","https:\/\/www.linkedin.com\/company\/1021771?trk=tyah&trkInfo=clickedVerticalcompanyclickedEntityId1021771idx2-1-2tarId1464195271196tasapenin"]}]}},"taxonomy_info":[],"featured_image_src_large":false,"author_info":{"display_name":"marqueting","author_link":"https:\/\/www.apen.es\/ca\/blog\/author\/marqueting\/"},"comment_info":0,"_links":{"self":[{"href":"https:\/\/www.apen.es\/ca\/wp-json\/wp\/v2\/pages\/14506","targetHints":{"allow":["GET"]}}],"collection":[{"href":"https:\/\/www.apen.es\/ca\/wp-json\/wp\/v2\/pages"}],"about":[{"href":"https:\/\/www.apen.es\/ca\/wp-json\/wp\/v2\/types\/page"}],"author":[{"embeddable":true,"href":"https:\/\/www.apen.es\/ca\/wp-json\/wp\/v2\/users\/4"}],"replies":[{"embeddable":true,"href":"https:\/\/www.apen.es\/ca\/wp-json\/wp\/v2\/comments?post=14506"}],"version-history":[{"count":2,"href":"https:\/\/www.apen.es\/ca\/wp-json\/wp\/v2\/pages\/14506\/revisions"}],"predecessor-version":[{"id":54508,"href":"https:\/\/www.apen.es\/ca\/wp-json\/wp\/v2\/pages\/14506\/revisions\/54508"}],"up":[{"embeddable":true,"href":"https:\/\/www.apen.es\/ca\/wp-json\/wp\/v2\/pages\/1357"}],"wp:attachment":[{"href":"https:\/\/www.apen.es\/ca\/wp-json\/wp\/v2\/media?parent=14506"}],"curies":[{"name":"wp","href":"https:\/\/api.w.org\/{rel}","templated":true}]}}