{"id":14498,"date":"2019-09-02T10:23:12","date_gmt":"2019-09-02T10:23:12","guid":{"rendered":"https:\/\/www.apen.es\/?page_id=14498"},"modified":"2025-03-31T07:09:45","modified_gmt":"2025-03-31T07:09:45","slug":"manteniment-informatic-caldes-destrac","status":"publish","type":"page","link":"https:\/\/www.apen.es\/ca\/mantenimiento-informatico\/mantenimiento-informatico-caldes-destrac\/","title":{"rendered":"Manteniment inform\u00e0tic Caldes d&#039;Estrac"},"content":{"rendered":"<p>Coneix totes les possibilitats que tens al teu abast per millorar el rendiment dels equips inform\u00e0tics gr\u00e0cies a Apen. Nosaltres podem oferir-te moltes prestacions, productes i serveis personalitzats i adaptats a les necessitats de la teva empresa, perqu\u00e8 puguis gaudir de serveis realment efectius i pensats pel teu PIME.<\/p>\n\n\n\n<p>Despr\u00e9s de m\u00e9s de 25 anys d&#039;experi\u00e8ncia podem garantir-te una feina compromesa, professional, eficient, duradora i personalitzada, amb la qual podr\u00e0s gaudir dels teus equips funcionant a ple rendiment i comptar amb un equip t\u00e8cnic que respondr\u00e0 als teus dubtes, problemes t\u00e8cnics o consultes de la manera m\u00e9s r\u00e0pida i resolutiva possible.<\/p>\n\n\n\n<p>Si est\u00e0s buscant un&nbsp;<strong>manteniment inform\u00e0tic<\/strong>&nbsp;a&nbsp;<strong>Caldes d&#039;Estrac<\/strong>&nbsp;et presentem tres opcions possibles:<\/p>\n\n\n\n<p>Manteniment Base: Es tracta d&#039;un manteniment inform\u00e0tic a Caldes d&#039;Estrac que es presenta com una opci\u00f3 b\u00e0sica per disposar d&#039;un servei t\u00e8cnic basat en unes prestacions m\u00ednimes que garanteixin el bon funcionament de l&#039;empresa i inclou serveis preventius, servei t\u00e8cnic d&#039;urg\u00e8ncia, atenci\u00f3 telef\u00f2nica amb servei remot, auditoria anual i pla de millora, aix\u00ed com els pr\u00e9stecs d&#039;equip. Compte tamb\u00e9 amb grans avantatges com \u00e9s el cost variable, descomptes espec\u00edfics, seguretat i garantia d&#039;un treball professional i transpar\u00e8ncia i un servei preferent. Manteniment Outsourcing; En aquest cas parlem d&#039;una opci\u00f3 interm\u00e8dia, \u00e9s a dir, un&nbsp;<strong>manteniment inform\u00e0tic<\/strong>&nbsp;a&nbsp;<strong>Caldes d&#039;Estrac<\/strong>&nbsp;que es presenta com una opci\u00f3 perfecta per a aquelles empreses que no tenen departament inform\u00e0tic o que volen complementar el seu. Posa al\u00b4abast de la PIME un personal t\u00e8cnic altament qualificat i tamb\u00e9 inclou serveis preventius, atenci\u00f3 telef\u00f2nica amb serveis remots, auditoria anual i pla de millora, pr\u00e9stecs d\u00b4equips, t\u00e8cnic habitual, servei t\u00e8cnic d\u00b4urg\u00e8ncia, gesti\u00f3 d\u00b4inventari i despla\u00e7aments. Aquest servei presenta beneficis com pot ser l&#039;estalvi en la selecci\u00f3 i la formaci\u00f3 de personal, tenir un t\u00e8cnic de substituci\u00f3 en cas de baixes, malalties o vacances i cobertura t\u00e8cnica d&#039;urg\u00e8ncia. Manteniment Premium; I en tercer lloc trobem l&#039;opci\u00f3 m\u00e9s completa, un&nbsp;<strong>manteniment inform\u00e0tic<\/strong>&nbsp;a&nbsp;<strong>Caldes d&#039;Estrac<\/strong>&nbsp;de gran qualitat, basat en la monitoritzaci\u00f3 dels sistemes i en la seva prevenci\u00f3. T\u00e9 com a objectiu reduir riscos i despeses i aconseguir que els ordinadors funcionin sempre a ple rendiment. Aquesta opci\u00f3 inclou totes les prestacions per cobrir les incid\u00e8ncies dels equips inform\u00e0tics i tamb\u00e9 les instal\u00b7lacions contractades, ja que \u00e9s l&#039;opci\u00f3 m\u00e9s completa. I els grans avantatges d&#039;aquest&nbsp;<strong>manteniment inform\u00e0tic<\/strong>&nbsp;Premium a&nbsp;<strong>Caldes d&#039;Estrac<\/strong>&nbsp;\u00e9s que la despesa de l&#039;empresa, contractant aquest servei de manteniment, est\u00e0 controlada perqu\u00e8 \u00e9s a preu tancat, compten amb una prevenci\u00f3 i optimitzaci\u00f3 del servei, el suport a l&#039;usuari i la immediatesa del temps de resposta i de soluci\u00f3 i inclou tots els serveis i les prestacions del nostre servei de manteniment.<\/p>","protected":false},"excerpt":{"rendered":"<p>Conoce todas las posibilidades que tienes a tu alcance para mejorar el rendimiento de tus equipos inform\u00e1ticos gracias a Apen. Nosotros podemos ofrecerte muchas prestaciones, productos y servicios personalizados y adaptados a las necesidades de tu empresa, para que puedas disfrutar de servicios realmente efectivos y pensados para tu PYME. Tras m\u00e1s de 25 a\u00f1os&#8230;<\/p>","protected":false},"author":4,"featured_media":0,"parent":1357,"menu_order":0,"comment_status":"closed","ping_status":"closed","template":"page-servicio-informatico.php","meta":{"_acf_changed":false,"_kad_blocks_custom_css":"","_kad_blocks_head_custom_js":"","_kad_blocks_body_custom_js":"","_kad_blocks_footer_custom_js":"","_kad_post_transparent":"","_kad_post_title":"","_kad_post_layout":"","_kad_post_sidebar_id":"","_kad_post_content_style":"","_kad_post_vertical_padding":"","_kad_post_feature":"","_kad_post_feature_position":"","_kad_post_header":false,"_kad_post_footer":false,"_kad_post_classname":"","footnotes":""},"class_list":["post-14498","page","type-page","status-publish","hentry"],"acf":[],"yoast_head":"<!-- This site is optimized with the Yoast SEO plugin v27.4 - https:\/\/yoast.com\/product\/yoast-seo-wordpress\/ -->\n<title>Mantenimiento inform\u00e1tico Caldes d\u2019Estrac - Apen Inform\u00e1tica<\/title>\n<meta name=\"description\" content=\"Servicio de mantenimiento inform\u00e1tico para empresas en Caldes d&#039;Estrac. Mantenimiento de ordenadores y servidores. Ll\u00e1manos al 938 606 220 sin compromiso.\" \/>\n<meta name=\"robots\" content=\"index, follow, max-snippet:-1, max-image-preview:large, max-video-preview:-1\" \/>\n<link rel=\"canonical\" href=\"https:\/\/www.apen.es\/ca\/manteniment-informatic\/manteniment-informatic-caldes-destrac\/\" \/>\n<meta property=\"og:locale\" content=\"ca_ES\" \/>\n<meta property=\"og:type\" content=\"article\" \/>\n<meta property=\"og:title\" content=\"Mantenimiento inform\u00e1tico Caldes d\u2019Estrac - Apen Inform\u00e1tica\" \/>\n<meta property=\"og:description\" content=\"Servicio de mantenimiento inform\u00e1tico para empresas en Caldes d&#039;Estrac. Mantenimiento de ordenadores y servidores. Ll\u00e1manos al 938 606 220 sin compromiso.\" \/>\n<meta property=\"og:url\" content=\"https:\/\/www.apen.es\/ca\/manteniment-informatic\/manteniment-informatic-caldes-destrac\/\" \/>\n<meta property=\"og:site_name\" content=\"Apen Inform\u00e1tica\" \/>\n<meta property=\"article:publisher\" content=\"https:\/\/www.facebook.com\/apensolucions\" \/>\n<meta property=\"article:modified_time\" content=\"2025-03-31T07:09:45+00:00\" \/>\n<meta property=\"og:image\" content=\"https:\/\/www.apen.es\/wp-content\/uploads\/2016\/05\/logo-apen-231x82-trasparent.png\" \/>\n\t<meta property=\"og:image:width\" content=\"231\" \/>\n\t<meta property=\"og:image:height\" content=\"82\" \/>\n\t<meta property=\"og:image:type\" content=\"image\/png\" \/>\n<meta name=\"twitter:card\" content=\"summary_large_image\" \/>\n<meta name=\"twitter:label1\" content=\"Temps estimat de lectura\" \/>\n\t<meta name=\"twitter:data1\" content=\"10 minuts\" \/>\n<script type=\"application\/ld+json\" class=\"yoast-schema-graph\">{\"@context\":\"https:\\\/\\\/schema.org\",\"@graph\":[{\"@type\":\"WebPage\",\"@id\":\"https:\\\/\\\/www.apen.es\\\/mantenimiento-informatico\\\/mantenimiento-informatico-caldes-destrac\\\/\",\"url\":\"https:\\\/\\\/www.apen.es\\\/mantenimiento-informatico\\\/mantenimiento-informatico-caldes-destrac\\\/\",\"name\":\"Mantenimiento inform\u00e1tico Caldes d\u2019Estrac - Apen Inform\u00e1tica\",\"isPartOf\":{\"@id\":\"https:\\\/\\\/www.apen.es\\\/#website\"},\"datePublished\":\"2019-09-02T10:23:12+00:00\",\"dateModified\":\"2025-03-31T07:09:45+00:00\",\"description\":\"Servicio de mantenimiento inform\u00e1tico para empresas en Caldes d'Estrac. Mantenimiento de ordenadores y servidores. Ll\u00e1manos al 938 606 220 sin compromiso.\",\"breadcrumb\":{\"@id\":\"https:\\\/\\\/www.apen.es\\\/mantenimiento-informatico\\\/mantenimiento-informatico-caldes-destrac\\\/#breadcrumb\"},\"inLanguage\":\"ca\",\"potentialAction\":[{\"@type\":\"ReadAction\",\"target\":[\"https:\\\/\\\/www.apen.es\\\/mantenimiento-informatico\\\/mantenimiento-informatico-caldes-destrac\\\/\"]}]},{\"@type\":\"BreadcrumbList\",\"@id\":\"https:\\\/\\\/www.apen.es\\\/mantenimiento-informatico\\\/mantenimiento-informatico-caldes-destrac\\\/#breadcrumb\",\"itemListElement\":[{\"@type\":\"ListItem\",\"position\":1,\"name\":\"Portada\",\"item\":\"https:\\\/\\\/www.apen.es\\\/\"},{\"@type\":\"ListItem\",\"position\":2,\"name\":\"Mantenimiento inform\u00e1tico\",\"item\":\"https:\\\/\\\/www.apen.es\\\/mantenimiento-informatico\\\/\"},{\"@type\":\"ListItem\",\"position\":3,\"name\":\"Mantenimiento inform\u00e1tico Caldes d\u2019Estrac\"}]},{\"@type\":\"WebSite\",\"@id\":\"https:\\\/\\\/www.apen.es\\\/#website\",\"url\":\"https:\\\/\\\/www.apen.es\\\/\",\"name\":\"Apen Inform\u00e1tica\",\"description\":\"Mantenimiento Inform\u00e1tico , Software de Gesti\u00f3n, Soluciones de impresi\u00f3n\",\"publisher\":{\"@id\":\"https:\\\/\\\/www.apen.es\\\/#organization\"},\"potentialAction\":[{\"@type\":\"SearchAction\",\"target\":{\"@type\":\"EntryPoint\",\"urlTemplate\":\"https:\\\/\\\/www.apen.es\\\/?s={search_term_string}\"},\"query-input\":{\"@type\":\"PropertyValueSpecification\",\"valueRequired\":true,\"valueName\":\"search_term_string\"}}],\"inLanguage\":\"ca\"},{\"@type\":\"Organization\",\"@id\":\"https:\\\/\\\/www.apen.es\\\/#organization\",\"name\":\"Apen: Soluciones inform\u00e1ticas\",\"url\":\"https:\\\/\\\/www.apen.es\\\/\",\"logo\":{\"@type\":\"ImageObject\",\"inLanguage\":\"ca\",\"@id\":\"https:\\\/\\\/www.apen.es\\\/#\\\/schema\\\/logo\\\/image\\\/\",\"url\":\"https:\\\/\\\/www.apen.es\\\/wp-content\\\/uploads\\\/2022\\\/08\\\/logo-apenok-231x82-1.png\",\"contentUrl\":\"https:\\\/\\\/www.apen.es\\\/wp-content\\\/uploads\\\/2022\\\/08\\\/logo-apenok-231x82-1.png\",\"width\":231,\"height\":82,\"caption\":\"Apen: Soluciones inform\u00e1ticas\"},\"image\":{\"@id\":\"https:\\\/\\\/www.apen.es\\\/#\\\/schema\\\/logo\\\/image\\\/\"},\"sameAs\":[\"https:\\\/\\\/www.facebook.com\\\/apensolucions\",\"https:\\\/\\\/www.youtube.com\\\/user\\\/ApenCentreInformatic\",\"https:\\\/\\\/www.linkedin.com\\\/company\\\/1021771?trk=tyah&trkInfo=clickedVerticalcompanyclickedEntityId1021771idx2-1-2tarId1464195271196tasapenin\"]}]}<\/script>\n<!-- \/ Yoast SEO plugin. -->","yoast_head_json":{"title":"Manteniment inform\u00e0tic Caldes d&#039;Estrac - Apen Inform\u00e0tica","description":"Servei de manteniment inform\u00e0tic per a empreses a Caldes d&#039;Estrac. Manteniment dordinadors i servidors. Truca&#039;ns al 938 606 220 sense comprom\u00eds.","robots":{"index":"index","follow":"follow","max-snippet":"max-snippet:-1","max-image-preview":"max-image-preview:large","max-video-preview":"max-video-preview:-1"},"canonical":"https:\/\/www.apen.es\/ca\/manteniment-informatic\/manteniment-informatic-caldes-destrac\/","og_locale":"ca_ES","og_type":"article","og_title":"Mantenimiento inform\u00e1tico Caldes d\u2019Estrac - Apen Inform\u00e1tica","og_description":"Servicio de mantenimiento inform\u00e1tico para empresas en Caldes d'Estrac. Mantenimiento de ordenadores y servidores. Ll\u00e1manos al 938 606 220 sin compromiso.","og_url":"https:\/\/www.apen.es\/ca\/manteniment-informatic\/manteniment-informatic-caldes-destrac\/","og_site_name":"Apen Inform\u00e1tica","article_publisher":"https:\/\/www.facebook.com\/apensolucions","article_modified_time":"2025-03-31T07:09:45+00:00","og_image":[{"width":231,"height":82,"url":"https:\/\/www.apen.es\/wp-content\/uploads\/2016\/05\/logo-apen-231x82-trasparent.png","type":"image\/png"}],"twitter_card":"summary_large_image","twitter_misc":{"Temps estimat de lectura":"10 minuts"},"schema":{"@context":"https:\/\/schema.org","@graph":[{"@type":"WebPage","@id":"https:\/\/www.apen.es\/mantenimiento-informatico\/mantenimiento-informatico-caldes-destrac\/","url":"https:\/\/www.apen.es\/mantenimiento-informatico\/mantenimiento-informatico-caldes-destrac\/","name":"Manteniment inform\u00e0tic Caldes d&#039;Estrac - Apen Inform\u00e0tica","isPartOf":{"@id":"https:\/\/www.apen.es\/#website"},"datePublished":"2019-09-02T10:23:12+00:00","dateModified":"2025-03-31T07:09:45+00:00","description":"Servei de manteniment inform\u00e0tic per a empreses a Caldes d&#039;Estrac. Manteniment dordinadors i servidors. Truca&#039;ns al 938 606 220 sense comprom\u00eds.","breadcrumb":{"@id":"https:\/\/www.apen.es\/mantenimiento-informatico\/mantenimiento-informatico-caldes-destrac\/#breadcrumb"},"inLanguage":"ca","potentialAction":[{"@type":"ReadAction","target":["https:\/\/www.apen.es\/mantenimiento-informatico\/mantenimiento-informatico-caldes-destrac\/"]}]},{"@type":"BreadcrumbList","@id":"https:\/\/www.apen.es\/mantenimiento-informatico\/mantenimiento-informatico-caldes-destrac\/#breadcrumb","itemListElement":[{"@type":"ListItem","position":1,"name":"Portada","item":"https:\/\/www.apen.es\/"},{"@type":"ListItem","position":2,"name":"Mantenimiento inform\u00e1tico","item":"https:\/\/www.apen.es\/mantenimiento-informatico\/"},{"@type":"ListItem","position":3,"name":"Mantenimiento inform\u00e1tico Caldes d\u2019Estrac"}]},{"@type":"WebSite","@id":"https:\/\/www.apen.es\/#website","url":"https:\/\/www.apen.es\/","name":"Apen Inform\u00e0tica","description":"Manteniment inform\u00e0tic , programari de gesti\u00f3, solucions d&#039;impressi\u00f3","publisher":{"@id":"https:\/\/www.apen.es\/#organization"},"potentialAction":[{"@type":"SearchAction","target":{"@type":"EntryPoint","urlTemplate":"https:\/\/www.apen.es\/?s={search_term_string}"},"query-input":{"@type":"PropertyValueSpecification","valueRequired":true,"valueName":"search_term_string"}}],"inLanguage":"ca"},{"@type":"Organization","@id":"https:\/\/www.apen.es\/#organization","name":"Apen: Solucions inform\u00e0tiques","url":"https:\/\/www.apen.es\/","logo":{"@type":"ImageObject","inLanguage":"ca","@id":"https:\/\/www.apen.es\/#\/schema\/logo\/image\/","url":"https:\/\/www.apen.es\/wp-content\/uploads\/2022\/08\/logo-apenok-231x82-1.png","contentUrl":"https:\/\/www.apen.es\/wp-content\/uploads\/2022\/08\/logo-apenok-231x82-1.png","width":231,"height":82,"caption":"Apen: Soluciones inform\u00e1ticas"},"image":{"@id":"https:\/\/www.apen.es\/#\/schema\/logo\/image\/"},"sameAs":["https:\/\/www.facebook.com\/apensolucions","https:\/\/www.youtube.com\/user\/ApenCentreInformatic","https:\/\/www.linkedin.com\/company\/1021771?trk=tyah&trkInfo=clickedVerticalcompanyclickedEntityId1021771idx2-1-2tarId1464195271196tasapenin"]}]}},"taxonomy_info":[],"featured_image_src_large":false,"author_info":{"display_name":"marqueting","author_link":"https:\/\/www.apen.es\/ca\/blog\/author\/marqueting\/"},"comment_info":0,"_links":{"self":[{"href":"https:\/\/www.apen.es\/ca\/wp-json\/wp\/v2\/pages\/14498","targetHints":{"allow":["GET"]}}],"collection":[{"href":"https:\/\/www.apen.es\/ca\/wp-json\/wp\/v2\/pages"}],"about":[{"href":"https:\/\/www.apen.es\/ca\/wp-json\/wp\/v2\/types\/page"}],"author":[{"embeddable":true,"href":"https:\/\/www.apen.es\/ca\/wp-json\/wp\/v2\/users\/4"}],"replies":[{"embeddable":true,"href":"https:\/\/www.apen.es\/ca\/wp-json\/wp\/v2\/comments?post=14498"}],"version-history":[{"count":2,"href":"https:\/\/www.apen.es\/ca\/wp-json\/wp\/v2\/pages\/14498\/revisions"}],"predecessor-version":[{"id":54600,"href":"https:\/\/www.apen.es\/ca\/wp-json\/wp\/v2\/pages\/14498\/revisions\/54600"}],"up":[{"embeddable":true,"href":"https:\/\/www.apen.es\/ca\/wp-json\/wp\/v2\/pages\/1357"}],"wp:attachment":[{"href":"https:\/\/www.apen.es\/ca\/wp-json\/wp\/v2\/media?parent=14498"}],"curies":[{"name":"wp","href":"https:\/\/api.w.org\/{rel}","templated":true}]}}